{"id":2062,"date":"2021-03-04T17:43:36","date_gmt":"2021-03-04T17:43:36","guid":{"rendered":"https:\/\/www.ghostysky.com\/?post_type=product&#038;p=2062"},"modified":"2024-05-06T22:52:18","modified_gmt":"2024-05-06T22:52:18","slug":"yuneec-etx-camera-for-h520e","status":"publish","type":"product","link":"https:\/\/www.ghostysky.com\/fr\/product\/yuneec-etx-camera-for-h520e\/","title":{"rendered":"Cam\u00e9ra ETX (FLIR\u00ae) pour H520E\/H850"},"content":{"rendered":"<div class=\"product--description\">\n<p><strong>CAM\u00c9RA THERMIQUE ET FAIBLE LUMI\u00c8RE POUR H520E\/H850<\/strong><\/p>\n<p class=\"p1\">L&#039;ETX est une solution \u00e9conomique, s\u00fbre et facile \u00e0 utiliser pour d&#039;innombrables domaines d&#039;application :<\/p>\n<ul>\n<li class=\"p1\">Construction et inspection de b\u00e2timents<\/li>\n<li class=\"p1\">Inspection des syst\u00e8mes photovolta\u00efques<\/li>\n<li class=\"p1\">Agriculture et sylviculture<\/li>\n<li class=\"p1\">Lutte contre l&#039;incendie<\/li>\n<li class=\"p1\">Applications de police et de douane<\/li>\n<li class=\"p1\">Recherche et sauvetage<\/li>\n<\/ul>\n<p>&nbsp;<\/p>\n<p><strong>TOUT EN UN COUP D&#039;\u0152IL<\/strong><\/p>\n<ul>\n<li>Mesure et affichage de la temp\u00e9rature<\/li>\n<li>Diff\u00e9rents spectres de couleurs permettent une visualisation pr\u00e9cise des sources de chaleur<\/li>\n<li>\u00c9chelle de d\u00e9tection de temp\u00e9rature r\u00e9glable pour se concentrer sur les zones pertinentes<\/li>\n<li>Cardan mont\u00e9 IR pour un affichage de d\u00e9tection fluide<\/li>\n<li>Le grand capteur IR d\u00e9tecte plus de d\u00e9tails dans l&#039;obscurit\u00e9 que l&#039;\u0153il humain et est id\u00e9al pour la surveillance<\/li>\n<li>Enregistrement simultan\u00e9 double HD et infrarouge<\/li>\n<li>La lumi\u00e8re thermique et la lumi\u00e8re disponible sont enregistr\u00e9es simultan\u00e9ment, de sorte que la vid\u00e9o est pr\u00e9cise \u00e0 l&#039;image pr\u00e8s lors de la lecture avec un timecode int\u00e9gr\u00e9<\/li>\n<li>Compatible avec H520E-OFDM<\/li>\n<\/ul>\n<p>&nbsp;<\/p>\n<\/div>\n<div class=\"product--properties panel has--border\">\n<table class=\"product--properties-table\">\n<tbody>\n<tr class=\"product--properties-row\">\n<td class=\"product--properties-label is--bold\">Poids:<\/td>\n<td class=\"product--properties-value\">326 g<\/td>\n<\/tr>\n<tr class=\"product--properties-row\">\n<td class=\"product--properties-label is--bold\">CARDAN :<\/td>\n<td class=\"product--properties-value\">\u2014\u2014\u2014\u2014\u2014<\/td>\n<\/tr>\n<tr class=\"product--properties-row\">\n<td class=\"product--properties-label is--bold\">Plage de vibrations angulaires :<\/td>\n<td class=\"product--properties-value\">\u00b10,02\u00b0<\/td>\n<\/tr>\n<tr class=\"product--properties-row\">\n<td class=\"product--properties-label is--bold\">Plage contr\u00f4lable :<\/td>\n<td class=\"product--properties-value\">Inclinaison : -110\u00b0 \u00e0 30\u00b0 \/ Panoramique : \u00b1165\u00b0<\/td>\n<\/tr>\n<tr class=\"product--properties-row\">\n<td class=\"product--properties-label is--bold\">Vitesse angulaire max. :<\/td>\n<td class=\"product--properties-value\">Inclinaison\u00a0: 15\u00b0\/s, panoramique\u00a0: 120\u00b0\/s<\/td>\n<\/tr>\n<tr class=\"product--properties-row\">\n<td class=\"product--properties-label is--bold\">Temp\u00e9rature de fonctionnement :<\/td>\n<td class=\"product--properties-value\">\ufe6310\u00b0C \u2013 65\u2103<\/td>\n<\/tr>\n<tr class=\"product--properties-row\">\n<td class=\"product--properties-label is--bold\">PARTIE INFRAROUGE :<\/td>\n<td class=\"product--properties-value\">\u2014\u2014\u2014\u2014\u2014<\/td>\n<\/tr>\n<tr class=\"product--properties-row\">\n<td class=\"product--properties-label is--bold\">Champ de vision, diagonale :<\/td>\n<td class=\"product--properties-value\">Cam\u00e9ra basse luminosit\u00e9 : 90\u00b0 \/\/ cam\u00e9ra thermique : 71\u00b0<\/td>\n<\/tr>\n<tr class=\"product--properties-row\">\n<td class=\"product--properties-label is--bold\">Champ de vision horizontal :<\/td>\n<td class=\"product--properties-value\">Cam\u00e9ra thermique : 56\u00b0<\/td>\n<\/tr>\n<tr class=\"product--properties-row\">\n<td class=\"product--properties-label is--bold\">Sensibilit\u00e9:<\/td>\n<td class=\"product--properties-value\">&lt; 50 mK<\/td>\n<\/tr>\n<tr class=\"product--properties-row\">\n<td class=\"product--properties-label is--bold\">Pas de pixel :<\/td>\n<td class=\"product--properties-value\">12 um<\/td>\n<\/tr>\n<tr class=\"product--properties-row\">\n<td class=\"product--properties-label is--bold\">Fr\u00e9quence:<\/td>\n<td class=\"product--properties-value\">9 Hz<\/td>\n<\/tr>\n<tr class=\"product--properties-row\">\n<td class=\"product--properties-label is--bold\">Format photo :<\/td>\n<td class=\"product--properties-value\">JPG, TIFF<\/td>\n<\/tr>\n<tr class=\"product--properties-row\">\n<td class=\"product--properties-label is--bold\">Format vid\u00e9o :<\/td>\n<td class=\"product--properties-value\">MP4<\/td>\n<\/tr>\n<tr class=\"product--properties-row\">\n<td class=\"product--properties-label is--bold\">Compensation de temp\u00e9rature :<\/td>\n<td class=\"product--properties-value\">Auto<\/td>\n<\/tr>\n<tr class=\"product--properties-row\">\n<td class=\"product--properties-label is--bold\">R\u00e9solution:<\/td>\n<td class=\"product--properties-value\">160X120<\/td>\n<\/tr>\n<tr class=\"product--properties-row\">\n<td class=\"product--properties-label is--bold\">Plage de mesure de la temp\u00e9rature :<\/td>\n<td class=\"product--properties-value\">-10\u00b0 \u2013 180\u00b0<\/td>\n<\/tr>\n<tr class=\"product--properties-row\">\n<td class=\"product--properties-label is--bold\">PARTIE OPTIQUE :<\/td>\n<td class=\"product--properties-value\">\u2014\u2014\u2014\u2013<\/td>\n<\/tr>\n<tr class=\"product--properties-row\">\n<td class=\"product--properties-label is--bold\">Capteur:<\/td>\n<td class=\"product--properties-value\">1\/2,8\u2033 2,13 MP<\/td>\n<\/tr>\n<tr class=\"product--properties-row\">\n<td class=\"product--properties-label is--bold\">Ouverture:<\/td>\n<td class=\"product--properties-value\">F2.8<\/td>\n<\/tr>\n<tr class=\"product--properties-row\">\n<td class=\"product--properties-label is--bold\">\u00c9quivalent, distance focale :<\/td>\n<td class=\"product--properties-value\">23 mm<\/td>\n<\/tr>\n<tr class=\"product--properties-row\">\n<td class=\"product--properties-label is--bold\">Plage ISO :<\/td>\n<td class=\"product--properties-value\">100 \u2013 3200<\/td>\n<\/tr>\n<tr class=\"product--properties-row\">\n<td class=\"product--properties-label is--bold\">Vitesse d&#039;obturation:<\/td>\n<td class=\"product--properties-value\">1\/30 \u2013 1\/8000s<\/td>\n<\/tr>\n<tr class=\"product--properties-row\">\n<td class=\"product--properties-label is--bold\">R\u00e9solution vid\u00e9o:<\/td>\n<td class=\"product--properties-value\">1920 x 1080p \/ 30 FPS<\/td>\n<\/tr>\n<\/tbody>\n<\/table>\n<\/div>","protected":false},"excerpt":{"rendered":"<div class=\"content--title\">L&#039;ETX (FLIR<sup>\u00ae<\/sup>) est une combinaison innovante d&#039;une nacelle 3 axes, d&#039;une cam\u00e9ra thermique et d&#039;une cam\u00e9ra basse luminosit\u00e9. Tandis que la cam\u00e9ra thermique mesure s\u00e9lectivement la temp\u00e9rature dans l&#039;image, ce qui lui permet d&#039;afficher les diff\u00e9rences de temp\u00e9rature relatives, la cam\u00e9ra RVB basse luminosit\u00e9 offre une sensibilit\u00e9 20 fois sup\u00e9rieure \u00e0 celle de l&#039;\u0153il humain et permet de prendre d&#039;excellentes photos m\u00eame en faible luminosit\u00e9. Les deux images sont diffus\u00e9es simultan\u00e9ment en direct sur votre t\u00e9l\u00e9commande et peuvent \u00eatre visualis\u00e9es s\u00e9par\u00e9ment, en incrustation ou en superposition. La nacelle ETX offre une rotation continue de l&#039;axe de lacet sur 330\u00b0. Cette fonctionnalit\u00e9 unique, combin\u00e9e au train d&#039;atterrissage r\u00e9tractable H520E, offre \u00e0 l&#039;op\u00e9rateur une vue panoramique continue et d\u00e9gag\u00e9e de la cam\u00e9ra, sans effet de lacet.<\/div>\n<p>&nbsp;<\/p>","protected":false},"featured_media":2063,"comment_status":"open","ping_status":"closed","template":"","meta":[],"product_brand":[],"product_cat":[120,29,118],"product_tag":[62,140,122,389,59,121],"class_list":{"0":"post-2062","1":"product","2":"type-product","3":"status-publish","4":"has-post-thumbnail","6":"product_cat-yuneec-cameras","7":"product_cat-drones","8":"product_cat-yuneec","9":"product_tag-camera","10":"product_tag-etx","11":"product_tag-h520e","12":"product_tag-h850","13":"product_tag-thermal-camera","14":"product_tag-yuneec","16":"first","17":"onbackorder","18":"taxable","19":"shipping-taxable","20":"product-type-simple"},"yoast_head":"<!-- This site is optimized with the Yoast SEO plugin v27.1.1 - https:\/\/yoast.com\/product\/yoast-seo-wordpress\/ -->\n<title>ETX (FLIR\u00ae) Camera for H520E\/H850 -<\/title>\n<meta name=\"description\" content=\"The ETX (FLIR\u00ae) is an innovative combination of 3-axis gimbal, thermal imaging camera and low-light camera. While the thermal imaging camera selectively measures the temperature in the image enabling it to display relative temperature differences, the low-light RGB camera has a 20 times higher sensitivity than the human eye and can still take excellent shots even in low light conditions.\" \/>\n<meta name=\"robots\" content=\"index, follow, max-snippet:-1, max-image-preview:large, max-video-preview:-1\" \/>\n<link rel=\"canonical\" href=\"https:\/\/www.ghostysky.com\/fr\/product\/yuneec-etx-camera-for-h520e\/\" \/>\n<meta property=\"og:locale\" content=\"fr_FR\" \/>\n<meta property=\"og:type\" content=\"article\" \/>\n<meta property=\"og:title\" content=\"ETX (FLIR\u00ae) Camera for H520E\/H850 -\" \/>\n<meta property=\"og:description\" content=\"The ETX (FLIR\u00ae) is an innovative combination of 3-axis gimbal, thermal imaging camera and low-light camera. While the thermal imaging camera selectively measures the temperature in the image enabling it to display relative temperature differences, the low-light RGB camera has a 20 times higher sensitivity than the human eye and can still take excellent shots even in low light conditions.\" \/>\n<meta property=\"og:url\" content=\"https:\/\/www.ghostysky.com\/fr\/product\/yuneec-etx-camera-for-h520e\/\" \/>\n<meta property=\"og:site_name\" content=\"Ghostysky\" \/>\n<meta property=\"article:publisher\" content=\"https:\/\/www.facebook.com\/people\/Ghostysky\/100057676170234\/\" \/>\n<meta property=\"article:modified_time\" content=\"2024-05-06T22:52:18+00:00\" \/>\n<meta property=\"og:image\" content=\"https:\/\/www.ghostysky.com\/wp-content\/uploads\/2021\/03\/eng_pl_CGOETX-Camera-for-Yuneec-H520E-12417_1.png\" \/>\n\t<meta property=\"og:image:width\" content=\"435\" \/>\n\t<meta property=\"og:image:height\" content=\"600\" \/>\n\t<meta property=\"og:image:type\" content=\"image\/png\" \/>\n<meta name=\"twitter:card\" content=\"summary_large_image\" \/>\n<meta name=\"twitter:site\" content=\"@Gh0stysky\" \/>\n<meta name=\"twitter:label1\" content=\"Dur\u00e9e de lecture estim\u00e9e\" \/>\n\t<meta name=\"twitter:data1\" content=\"1 minute\" \/>\n<script type=\"application\/ld+json\" class=\"yoast-schema-graph\">{\"@context\":\"https:\/\/schema.org\",\"@graph\":[{\"@type\":\"WebPage\",\"@id\":\"https:\/\/www.ghostysky.com\/product\/yuneec-etx-camera-for-h520e\/\",\"url\":\"https:\/\/www.ghostysky.com\/product\/yuneec-etx-camera-for-h520e\/\",\"name\":\"ETX (FLIR\u00ae) Camera for H520E\/H850 -\",\"isPartOf\":{\"@id\":\"https:\/\/www.ghostysky.com\/#website\"},\"primaryImageOfPage\":{\"@id\":\"https:\/\/www.ghostysky.com\/product\/yuneec-etx-camera-for-h520e\/#primaryimage\"},\"image\":{\"@id\":\"https:\/\/www.ghostysky.com\/product\/yuneec-etx-camera-for-h520e\/#primaryimage\"},\"thumbnailUrl\":\"https:\/\/www.ghostysky.com\/wp-content\/uploads\/2021\/03\/eng_pl_CGOETX-Camera-for-Yuneec-H520E-12417_1.png\",\"datePublished\":\"2021-03-04T17:43:36+00:00\",\"dateModified\":\"2024-05-06T22:52:18+00:00\",\"description\":\"The ETX (FLIR\u00ae) is an innovative combination of 3-axis gimbal, thermal imaging camera and low-light camera. While the thermal imaging camera selectively measures the temperature in the image enabling it to display relative temperature differences, the low-light RGB camera has a 20 times higher sensitivity than the human eye and can still take excellent shots even in low light conditions.\",\"breadcrumb\":{\"@id\":\"https:\/\/www.ghostysky.com\/product\/yuneec-etx-camera-for-h520e\/#breadcrumb\"},\"inLanguage\":\"fr-FR\",\"potentialAction\":[{\"@type\":\"ReadAction\",\"target\":[\"https:\/\/www.ghostysky.com\/product\/yuneec-etx-camera-for-h520e\/\"]}]},{\"@type\":\"ImageObject\",\"inLanguage\":\"fr-FR\",\"@id\":\"https:\/\/www.ghostysky.com\/product\/yuneec-etx-camera-for-h520e\/#primaryimage\",\"url\":\"https:\/\/www.ghostysky.com\/wp-content\/uploads\/2021\/03\/eng_pl_CGOETX-Camera-for-Yuneec-H520E-12417_1.png\",\"contentUrl\":\"https:\/\/www.ghostysky.com\/wp-content\/uploads\/2021\/03\/eng_pl_CGOETX-Camera-for-Yuneec-H520E-12417_1.png\",\"width\":435,\"height\":600},{\"@type\":\"BreadcrumbList\",\"@id\":\"https:\/\/www.ghostysky.com\/product\/yuneec-etx-camera-for-h520e\/#breadcrumb\",\"itemListElement\":[{\"@type\":\"ListItem\",\"position\":1,\"name\":\"Home\",\"item\":\"https:\/\/www.ghostysky.com\/\"},{\"@type\":\"ListItem\",\"position\":2,\"name\":\"Shop\",\"item\":\"https:\/\/www.ghostysky.com\/shop\/\"},{\"@type\":\"ListItem\",\"position\":3,\"name\":\"ETX (FLIR\u00ae) Camera for H520E\/H850\"}]},{\"@type\":\"WebSite\",\"@id\":\"https:\/\/www.ghostysky.com\/#website\",\"url\":\"https:\/\/www.ghostysky.com\/\",\"name\":\"Ghostysky\",\"description\":\"Delivering professional drones and services\",\"publisher\":{\"@id\":\"https:\/\/www.ghostysky.com\/#organization\"},\"potentialAction\":[{\"@type\":\"SearchAction\",\"target\":{\"@type\":\"EntryPoint\",\"urlTemplate\":\"https:\/\/www.ghostysky.com\/?s={search_term_string}\"},\"query-input\":{\"@type\":\"PropertyValueSpecification\",\"valueRequired\":true,\"valueName\":\"search_term_string\"}}],\"inLanguage\":\"fr-FR\"},{\"@type\":\"Organization\",\"@id\":\"https:\/\/www.ghostysky.com\/#organization\",\"name\":\"Ghostysky\",\"url\":\"https:\/\/www.ghostysky.com\/\",\"logo\":{\"@type\":\"ImageObject\",\"inLanguage\":\"fr-FR\",\"@id\":\"https:\/\/www.ghostysky.com\/#\/schema\/logo\/image\/\",\"url\":\"https:\/\/www.ghostysky.com\/wp-content\/uploads\/2020\/06\/cropped-ghostyskylogo_text_white2.png\",\"contentUrl\":\"https:\/\/www.ghostysky.com\/wp-content\/uploads\/2020\/06\/cropped-ghostyskylogo_text_white2.png\",\"width\":169,\"height\":56,\"caption\":\"Ghostysky\"},\"image\":{\"@id\":\"https:\/\/www.ghostysky.com\/#\/schema\/logo\/image\/\"},\"sameAs\":[\"https:\/\/www.facebook.com\/people\/Ghostysky\/100057676170234\/\",\"https:\/\/x.com\/Gh0stysky\",\"https:\/\/www.linkedin.com\/company\/34739653\",\"https:\/\/www.instagram.com\/gh0stysky\"]}]}<\/script>\n<!-- \/ Yoast SEO plugin. -->","yoast_head_json":{"title":"Cam\u00e9ra ETX (FLIR\u00ae) pour H520E\/H850 -","description":"L&#039;ETX (FLIR\u00ae) est une combinaison innovante d&#039;une nacelle 3 axes, d&#039;une cam\u00e9ra thermique et d&#039;une cam\u00e9ra basse luminosit\u00e9. Tandis que la cam\u00e9ra thermique mesure s\u00e9lectivement la temp\u00e9rature de l&#039;image, ce qui lui permet d&#039;afficher les diff\u00e9rences de temp\u00e9rature relatives, la cam\u00e9ra RVB basse luminosit\u00e9 offre une sensibilit\u00e9 20 fois sup\u00e9rieure \u00e0 celle de l&#039;\u0153il humain et permet de prendre d&#039;excellentes photos m\u00eame en faible luminosit\u00e9.","robots":{"index":"index","follow":"follow","max-snippet":"max-snippet:-1","max-image-preview":"max-image-preview:large","max-video-preview":"max-video-preview:-1"},"canonical":"https:\/\/www.ghostysky.com\/fr\/product\/yuneec-etx-camera-for-h520e\/","og_locale":"fr_FR","og_type":"article","og_title":"ETX (FLIR\u00ae) Camera for H520E\/H850 -","og_description":"The ETX (FLIR\u00ae) is an innovative combination of 3-axis gimbal, thermal imaging camera and low-light camera. While the thermal imaging camera selectively measures the temperature in the image enabling it to display relative temperature differences, the low-light RGB camera has a 20 times higher sensitivity than the human eye and can still take excellent shots even in low light conditions.","og_url":"https:\/\/www.ghostysky.com\/fr\/product\/yuneec-etx-camera-for-h520e\/","og_site_name":"Ghostysky","article_publisher":"https:\/\/www.facebook.com\/people\/Ghostysky\/100057676170234\/","article_modified_time":"2024-05-06T22:52:18+00:00","og_image":[{"width":435,"height":600,"url":"https:\/\/www.ghostysky.com\/wp-content\/uploads\/2021\/03\/eng_pl_CGOETX-Camera-for-Yuneec-H520E-12417_1.png","type":"image\/png"}],"twitter_card":"summary_large_image","twitter_site":"@Gh0stysky","twitter_misc":{"Dur\u00e9e de lecture estim\u00e9e":"1 minute"},"schema":{"@context":"https:\/\/schema.org","@graph":[{"@type":"WebPage","@id":"https:\/\/www.ghostysky.com\/product\/yuneec-etx-camera-for-h520e\/","url":"https:\/\/www.ghostysky.com\/product\/yuneec-etx-camera-for-h520e\/","name":"Cam\u00e9ra ETX (FLIR\u00ae) pour H520E\/H850 -","isPartOf":{"@id":"https:\/\/www.ghostysky.com\/#website"},"primaryImageOfPage":{"@id":"https:\/\/www.ghostysky.com\/product\/yuneec-etx-camera-for-h520e\/#primaryimage"},"image":{"@id":"https:\/\/www.ghostysky.com\/product\/yuneec-etx-camera-for-h520e\/#primaryimage"},"thumbnailUrl":"https:\/\/www.ghostysky.com\/wp-content\/uploads\/2021\/03\/eng_pl_CGOETX-Camera-for-Yuneec-H520E-12417_1.png","datePublished":"2021-03-04T17:43:36+00:00","dateModified":"2024-05-06T22:52:18+00:00","description":"L&#039;ETX (FLIR\u00ae) est une combinaison innovante d&#039;une nacelle 3 axes, d&#039;une cam\u00e9ra thermique et d&#039;une cam\u00e9ra basse luminosit\u00e9. Tandis que la cam\u00e9ra thermique mesure s\u00e9lectivement la temp\u00e9rature de l&#039;image, ce qui lui permet d&#039;afficher les diff\u00e9rences de temp\u00e9rature relatives, la cam\u00e9ra RVB basse luminosit\u00e9 offre une sensibilit\u00e9 20 fois sup\u00e9rieure \u00e0 celle de l&#039;\u0153il humain et permet de prendre d&#039;excellentes photos m\u00eame en faible luminosit\u00e9.","breadcrumb":{"@id":"https:\/\/www.ghostysky.com\/product\/yuneec-etx-camera-for-h520e\/#breadcrumb"},"inLanguage":"fr-FR","potentialAction":[{"@type":"ReadAction","target":["https:\/\/www.ghostysky.com\/product\/yuneec-etx-camera-for-h520e\/"]}]},{"@type":"ImageObject","inLanguage":"fr-FR","@id":"https:\/\/www.ghostysky.com\/product\/yuneec-etx-camera-for-h520e\/#primaryimage","url":"https:\/\/www.ghostysky.com\/wp-content\/uploads\/2021\/03\/eng_pl_CGOETX-Camera-for-Yuneec-H520E-12417_1.png","contentUrl":"https:\/\/www.ghostysky.com\/wp-content\/uploads\/2021\/03\/eng_pl_CGOETX-Camera-for-Yuneec-H520E-12417_1.png","width":435,"height":600},{"@type":"BreadcrumbList","@id":"https:\/\/www.ghostysky.com\/product\/yuneec-etx-camera-for-h520e\/#breadcrumb","itemListElement":[{"@type":"ListItem","position":1,"name":"Home","item":"https:\/\/www.ghostysky.com\/"},{"@type":"ListItem","position":2,"name":"Shop","item":"https:\/\/www.ghostysky.com\/shop\/"},{"@type":"ListItem","position":3,"name":"ETX (FLIR\u00ae) Camera for H520E\/H850"}]},{"@type":"WebSite","@id":"https:\/\/www.ghostysky.com\/#website","url":"https:\/\/www.ghostysky.com\/","name":"Ghostysky","description":"Livraison de drones et de services professionnels","publisher":{"@id":"https:\/\/www.ghostysky.com\/#organization"},"potentialAction":[{"@type":"SearchAction","target":{"@type":"EntryPoint","urlTemplate":"https:\/\/www.ghostysky.com\/?s={search_term_string}"},"query-input":{"@type":"PropertyValueSpecification","valueRequired":true,"valueName":"search_term_string"}}],"inLanguage":"fr-FR"},{"@type":"Organization","@id":"https:\/\/www.ghostysky.com\/#organization","name":"Ghostysky","url":"https:\/\/www.ghostysky.com\/","logo":{"@type":"ImageObject","inLanguage":"fr-FR","@id":"https:\/\/www.ghostysky.com\/#\/schema\/logo\/image\/","url":"https:\/\/www.ghostysky.com\/wp-content\/uploads\/2020\/06\/cropped-ghostyskylogo_text_white2.png","contentUrl":"https:\/\/www.ghostysky.com\/wp-content\/uploads\/2020\/06\/cropped-ghostyskylogo_text_white2.png","width":169,"height":56,"caption":"Ghostysky"},"image":{"@id":"https:\/\/www.ghostysky.com\/#\/schema\/logo\/image\/"},"sameAs":["https:\/\/www.facebook.com\/people\/Ghostysky\/100057676170234\/","https:\/\/x.com\/Gh0stysky","https:\/\/www.linkedin.com\/company\/34739653","https:\/\/www.instagram.com\/gh0stysky"]}]}},"_links":{"self":[{"href":"https:\/\/www.ghostysky.com\/fr\/wp-json\/wp\/v2\/product\/2062","targetHints":{"allow":["GET"]}}],"collection":[{"href":"https:\/\/www.ghostysky.com\/fr\/wp-json\/wp\/v2\/product"}],"about":[{"href":"https:\/\/www.ghostysky.com\/fr\/wp-json\/wp\/v2\/types\/product"}],"replies":[{"embeddable":true,"href":"https:\/\/www.ghostysky.com\/fr\/wp-json\/wp\/v2\/comments?post=2062"}],"wp:featuredmedia":[{"embeddable":true,"href":"https:\/\/www.ghostysky.com\/fr\/wp-json\/wp\/v2\/media\/2063"}],"wp:attachment":[{"href":"https:\/\/www.ghostysky.com\/fr\/wp-json\/wp\/v2\/media?parent=2062"}],"wp:term":[{"taxonomy":"product_brand","embeddable":true,"href":"https:\/\/www.ghostysky.com\/fr\/wp-json\/wp\/v2\/product_brand?post=2062"},{"taxonomy":"product_cat","embeddable":true,"href":"https:\/\/www.ghostysky.com\/fr\/wp-json\/wp\/v2\/product_cat?post=2062"},{"taxonomy":"product_tag","embeddable":true,"href":"https:\/\/www.ghostysky.com\/fr\/wp-json\/wp\/v2\/product_tag?post=2062"}],"curies":[{"name":"wp","href":"https:\/\/api.w.org\/{rel}","templated":true}]}}