{"id":2064,"date":"2021-03-04T17:50:21","date_gmt":"2021-03-04T17:50:21","guid":{"rendered":"https:\/\/www.ghostysky.com\/?post_type=product&#038;p=2064"},"modified":"2023-04-01T19:54:52","modified_gmt":"2023-04-01T19:54:52","slug":"droniq-gnss-lte-transponder-hod4track-for-h520","status":"publish","type":"product","link":"https:\/\/www.ghostysky.com\/fr\/product\/droniq-gnss-lte-transponder-hod4track-for-h520\/","title":{"rendered":"Transpondeur Droniq GNSS-LTE HOD4track pour H520"},"content":{"rendered":"<p>L&#039;appareil est capable de recevoir les donn\u00e9es FLARM et ADS-B du trafic a\u00e9rien environnant et de transmettre ces donn\u00e9es, ainsi que sa propre position, au syst\u00e8me UTM. L&#039;op\u00e9rateur du drone re\u00e7oit sa propre position et les donn\u00e9es de position des autres trafics a\u00e9riens concern\u00e9s \u00e0 proximit\u00e9 via le syst\u00e8me UTM en ligne. Parall\u00e8lement, le HOD4track transmet sa position via FLARM (alarme de vol). Ainsi, l&#039;appareil devient visible pour les autres usagers de l&#039;espace a\u00e9rien \u00e0 proximit\u00e9 qui utilisent FLARM. Le HOD4track et les antennes associ\u00e9es peuvent \u00eatre mont\u00e9s avec pr\u00e9cision sur le H520 gr\u00e2ce \u00e0 un bo\u00eetier sp\u00e9cial.<\/p>","protected":false},"excerpt":{"rendered":"<p><strong>Droniq GNSS-LTE<\/strong><\/p>\n<p>Le transpondeur Droniq GNSS-LTE HOD4track pour H520 permet la transmission de donn\u00e9es de position pour les drones et autres a\u00e9ronefs (par exemple, les h\u00e9licopt\u00e8res). Il comprend un modem LTE et une carte SIM. L&#039;appareil transmet sa position GNSS actuelle via le r\u00e9seau mobile au syst\u00e8me de gestion du trafic des drones (UTM) de DFS.<\/p>\n<hr \/>","protected":false},"featured_media":2067,"comment_status":"open","ping_status":"closed","template":"","meta":[],"product_brand":[],"product_cat":[119,29,118],"product_tag":[142,122,141,121],"class_list":{"0":"post-2064","1":"product","2":"type-product","3":"status-publish","4":"has-post-thumbnail","6":"product_cat-yuneec-accessories","7":"product_cat-drones","8":"product_cat-yuneec","9":"product_tag-flarm","10":"product_tag-h520e","11":"product_tag-transponder-hod4track","12":"product_tag-yuneec","14":"first","15":"outofstock","16":"taxable","17":"shipping-taxable","18":"product-type-simple"},"yoast_head":"<!-- This site is optimized with the Yoast SEO plugin v27.4 - https:\/\/yoast.com\/product\/yoast-seo-wordpress\/ -->\n<title>Droniq GNSS-LTE transponder HOD4track for H520 -<\/title>\n<meta name=\"description\" content=\"The Droniq GNSS-LTE transponder HOD4track for the H520 is a device for the transmission of own position data for UAS and other aircraft (e.g. helicopters).\" \/>\n<meta name=\"robots\" content=\"index, follow, max-snippet:-1, max-image-preview:large, max-video-preview:-1\" \/>\n<link rel=\"canonical\" href=\"https:\/\/www.ghostysky.com\/fr\/product\/droniq-gnss-lte-transponder-hod4track-for-h520\/\" \/>\n<meta property=\"og:locale\" content=\"fr_FR\" \/>\n<meta property=\"og:type\" content=\"article\" \/>\n<meta property=\"og:title\" content=\"Droniq GNSS-LTE transponder HOD4track for H520 -\" \/>\n<meta property=\"og:description\" content=\"The Droniq GNSS-LTE transponder HOD4track for the H520 is a device for the transmission of own position data for UAS and other aircraft (e.g. helicopters).\" \/>\n<meta property=\"og:url\" content=\"https:\/\/www.ghostysky.com\/fr\/product\/droniq-gnss-lte-transponder-hod4track-for-h520\/\" \/>\n<meta property=\"og:site_name\" content=\"Ghostysky\" \/>\n<meta property=\"article:publisher\" content=\"https:\/\/www.facebook.com\/people\/Ghostysky\/100057676170234\/\" \/>\n<meta property=\"article:modified_time\" content=\"2023-04-01T19:54:52+00:00\" \/>\n<meta property=\"og:image\" content=\"https:\/\/www.ghostysky.com\/wp-content\/uploads\/2021\/03\/YUNH520HOD_007-middle-scaled.jpg\" \/>\n\t<meta property=\"og:image:width\" content=\"2560\" \/>\n\t<meta property=\"og:image:height\" content=\"1707\" \/>\n\t<meta property=\"og:image:type\" content=\"image\/jpeg\" \/>\n<meta name=\"twitter:card\" content=\"summary_large_image\" \/>\n<meta name=\"twitter:site\" content=\"@Gh0stysky\" \/>\n<meta name=\"twitter:label1\" content=\"Dur\u00e9e de lecture estim\u00e9e\" \/>\n\t<meta name=\"twitter:data1\" content=\"1 minute\" \/>\n<script type=\"application\/ld+json\" class=\"yoast-schema-graph\">{\"@context\":\"https:\\\/\\\/schema.org\",\"@graph\":[{\"@type\":\"WebPage\",\"@id\":\"https:\\\/\\\/www.ghostysky.com\\\/product\\\/droniq-gnss-lte-transponder-hod4track-for-h520\\\/\",\"url\":\"https:\\\/\\\/www.ghostysky.com\\\/product\\\/droniq-gnss-lte-transponder-hod4track-for-h520\\\/\",\"name\":\"Droniq GNSS-LTE transponder HOD4track for H520 -\",\"isPartOf\":{\"@id\":\"https:\\\/\\\/www.ghostysky.com\\\/#website\"},\"primaryImageOfPage\":{\"@id\":\"https:\\\/\\\/www.ghostysky.com\\\/product\\\/droniq-gnss-lte-transponder-hod4track-for-h520\\\/#primaryimage\"},\"image\":{\"@id\":\"https:\\\/\\\/www.ghostysky.com\\\/product\\\/droniq-gnss-lte-transponder-hod4track-for-h520\\\/#primaryimage\"},\"thumbnailUrl\":\"https:\\\/\\\/www.ghostysky.com\\\/wp-content\\\/uploads\\\/2021\\\/03\\\/YUNH520HOD_007-middle-scaled.jpg\",\"datePublished\":\"2021-03-04T17:50:21+00:00\",\"dateModified\":\"2023-04-01T19:54:52+00:00\",\"description\":\"The Droniq GNSS-LTE transponder HOD4track for the H520 is a device for the transmission of own position data for UAS and other aircraft (e.g. helicopters).\",\"breadcrumb\":{\"@id\":\"https:\\\/\\\/www.ghostysky.com\\\/product\\\/droniq-gnss-lte-transponder-hod4track-for-h520\\\/#breadcrumb\"},\"inLanguage\":\"fr-FR\",\"potentialAction\":[{\"@type\":\"ReadAction\",\"target\":[\"https:\\\/\\\/www.ghostysky.com\\\/product\\\/droniq-gnss-lte-transponder-hod4track-for-h520\\\/\"]}]},{\"@type\":\"ImageObject\",\"inLanguage\":\"fr-FR\",\"@id\":\"https:\\\/\\\/www.ghostysky.com\\\/product\\\/droniq-gnss-lte-transponder-hod4track-for-h520\\\/#primaryimage\",\"url\":\"https:\\\/\\\/www.ghostysky.com\\\/wp-content\\\/uploads\\\/2021\\\/03\\\/YUNH520HOD_007-middle-scaled.jpg\",\"contentUrl\":\"https:\\\/\\\/www.ghostysky.com\\\/wp-content\\\/uploads\\\/2021\\\/03\\\/YUNH520HOD_007-middle-scaled.jpg\",\"width\":2560,\"height\":1707},{\"@type\":\"BreadcrumbList\",\"@id\":\"https:\\\/\\\/www.ghostysky.com\\\/product\\\/droniq-gnss-lte-transponder-hod4track-for-h520\\\/#breadcrumb\",\"itemListElement\":[{\"@type\":\"ListItem\",\"position\":1,\"name\":\"Home\",\"item\":\"https:\\\/\\\/www.ghostysky.com\\\/\"},{\"@type\":\"ListItem\",\"position\":2,\"name\":\"Shop\",\"item\":\"https:\\\/\\\/www.ghostysky.com\\\/shop\\\/\"},{\"@type\":\"ListItem\",\"position\":3,\"name\":\"Droniq GNSS-LTE transponder HOD4track for H520\"}]},{\"@type\":\"WebSite\",\"@id\":\"https:\\\/\\\/www.ghostysky.com\\\/#website\",\"url\":\"https:\\\/\\\/www.ghostysky.com\\\/\",\"name\":\"Ghostysky\",\"description\":\"Delivering professional drones and robotics solutions\",\"publisher\":{\"@id\":\"https:\\\/\\\/www.ghostysky.com\\\/#organization\"},\"potentialAction\":[{\"@type\":\"SearchAction\",\"target\":{\"@type\":\"EntryPoint\",\"urlTemplate\":\"https:\\\/\\\/www.ghostysky.com\\\/?s={search_term_string}\"},\"query-input\":{\"@type\":\"PropertyValueSpecification\",\"valueRequired\":true,\"valueName\":\"search_term_string\"}}],\"inLanguage\":\"fr-FR\"},{\"@type\":\"Organization\",\"@id\":\"https:\\\/\\\/www.ghostysky.com\\\/#organization\",\"name\":\"Ghostysky\",\"url\":\"https:\\\/\\\/www.ghostysky.com\\\/\",\"logo\":{\"@type\":\"ImageObject\",\"inLanguage\":\"fr-FR\",\"@id\":\"https:\\\/\\\/www.ghostysky.com\\\/#\\\/schema\\\/logo\\\/image\\\/\",\"url\":\"https:\\\/\\\/www.ghostysky.com\\\/wp-content\\\/uploads\\\/2020\\\/06\\\/cropped-ghostyskylogo_text_white2.png\",\"contentUrl\":\"https:\\\/\\\/www.ghostysky.com\\\/wp-content\\\/uploads\\\/2020\\\/06\\\/cropped-ghostyskylogo_text_white2.png\",\"width\":169,\"height\":56,\"caption\":\"Ghostysky\"},\"image\":{\"@id\":\"https:\\\/\\\/www.ghostysky.com\\\/#\\\/schema\\\/logo\\\/image\\\/\"},\"sameAs\":[\"https:\\\/\\\/www.facebook.com\\\/people\\\/Ghostysky\\\/100057676170234\\\/\",\"https:\\\/\\\/x.com\\\/Gh0stysky\",\"https:\\\/\\\/www.linkedin.com\\\/company\\\/34739653\",\"https:\\\/\\\/www.instagram.com\\\/gh0stysky\"]}]}<\/script>\n<!-- \/ Yoast SEO plugin. -->","yoast_head_json":{"title":"Transpondeur Droniq GNSS-LTE HOD4track pour H520 -","description":"Le transpondeur Droniq GNSS-LTE HOD4track pour le H520 est un appareil permettant la transmission de donn\u00e9es de position propres pour les drones et autres a\u00e9ronefs (par exemple les h\u00e9licopt\u00e8res).","robots":{"index":"index","follow":"follow","max-snippet":"max-snippet:-1","max-image-preview":"max-image-preview:large","max-video-preview":"max-video-preview:-1"},"canonical":"https:\/\/www.ghostysky.com\/fr\/product\/droniq-gnss-lte-transponder-hod4track-for-h520\/","og_locale":"fr_FR","og_type":"article","og_title":"Droniq GNSS-LTE transponder HOD4track for H520 -","og_description":"The Droniq GNSS-LTE transponder HOD4track for the H520 is a device for the transmission of own position data for UAS and other aircraft (e.g. helicopters).","og_url":"https:\/\/www.ghostysky.com\/fr\/product\/droniq-gnss-lte-transponder-hod4track-for-h520\/","og_site_name":"Ghostysky","article_publisher":"https:\/\/www.facebook.com\/people\/Ghostysky\/100057676170234\/","article_modified_time":"2023-04-01T19:54:52+00:00","og_image":[{"width":2560,"height":1707,"url":"https:\/\/www.ghostysky.com\/wp-content\/uploads\/2021\/03\/YUNH520HOD_007-middle-scaled.jpg","type":"image\/jpeg"}],"twitter_card":"summary_large_image","twitter_site":"@Gh0stysky","twitter_misc":{"Dur\u00e9e de lecture estim\u00e9e":"1 minute"},"schema":{"@context":"https:\/\/schema.org","@graph":[{"@type":"WebPage","@id":"https:\/\/www.ghostysky.com\/product\/droniq-gnss-lte-transponder-hod4track-for-h520\/","url":"https:\/\/www.ghostysky.com\/product\/droniq-gnss-lte-transponder-hod4track-for-h520\/","name":"Transpondeur Droniq GNSS-LTE HOD4track pour H520 -","isPartOf":{"@id":"https:\/\/www.ghostysky.com\/#website"},"primaryImageOfPage":{"@id":"https:\/\/www.ghostysky.com\/product\/droniq-gnss-lte-transponder-hod4track-for-h520\/#primaryimage"},"image":{"@id":"https:\/\/www.ghostysky.com\/product\/droniq-gnss-lte-transponder-hod4track-for-h520\/#primaryimage"},"thumbnailUrl":"https:\/\/www.ghostysky.com\/wp-content\/uploads\/2021\/03\/YUNH520HOD_007-middle-scaled.jpg","datePublished":"2021-03-04T17:50:21+00:00","dateModified":"2023-04-01T19:54:52+00:00","description":"Le transpondeur Droniq GNSS-LTE HOD4track pour le H520 est un appareil permettant la transmission de donn\u00e9es de position propres pour les drones et autres a\u00e9ronefs (par exemple les h\u00e9licopt\u00e8res).","breadcrumb":{"@id":"https:\/\/www.ghostysky.com\/product\/droniq-gnss-lte-transponder-hod4track-for-h520\/#breadcrumb"},"inLanguage":"fr-FR","potentialAction":[{"@type":"ReadAction","target":["https:\/\/www.ghostysky.com\/product\/droniq-gnss-lte-transponder-hod4track-for-h520\/"]}]},{"@type":"ImageObject","inLanguage":"fr-FR","@id":"https:\/\/www.ghostysky.com\/product\/droniq-gnss-lte-transponder-hod4track-for-h520\/#primaryimage","url":"https:\/\/www.ghostysky.com\/wp-content\/uploads\/2021\/03\/YUNH520HOD_007-middle-scaled.jpg","contentUrl":"https:\/\/www.ghostysky.com\/wp-content\/uploads\/2021\/03\/YUNH520HOD_007-middle-scaled.jpg","width":2560,"height":1707},{"@type":"BreadcrumbList","@id":"https:\/\/www.ghostysky.com\/product\/droniq-gnss-lte-transponder-hod4track-for-h520\/#breadcrumb","itemListElement":[{"@type":"ListItem","position":1,"name":"Home","item":"https:\/\/www.ghostysky.com\/"},{"@type":"ListItem","position":2,"name":"Shop","item":"https:\/\/www.ghostysky.com\/shop\/"},{"@type":"ListItem","position":3,"name":"Droniq GNSS-LTE transponder HOD4track for H520"}]},{"@type":"WebSite","@id":"https:\/\/www.ghostysky.com\/#website","url":"https:\/\/www.ghostysky.com\/","name":"Ghostysky","description":"Fourniture de solutions professionnelles en mati\u00e8re de drones et de robotique","publisher":{"@id":"https:\/\/www.ghostysky.com\/#organization"},"potentialAction":[{"@type":"SearchAction","target":{"@type":"EntryPoint","urlTemplate":"https:\/\/www.ghostysky.com\/?s={search_term_string}"},"query-input":{"@type":"PropertyValueSpecification","valueRequired":true,"valueName":"search_term_string"}}],"inLanguage":"fr-FR"},{"@type":"Organization","@id":"https:\/\/www.ghostysky.com\/#organization","name":"Ghostysky","url":"https:\/\/www.ghostysky.com\/","logo":{"@type":"ImageObject","inLanguage":"fr-FR","@id":"https:\/\/www.ghostysky.com\/#\/schema\/logo\/image\/","url":"https:\/\/www.ghostysky.com\/wp-content\/uploads\/2020\/06\/cropped-ghostyskylogo_text_white2.png","contentUrl":"https:\/\/www.ghostysky.com\/wp-content\/uploads\/2020\/06\/cropped-ghostyskylogo_text_white2.png","width":169,"height":56,"caption":"Ghostysky"},"image":{"@id":"https:\/\/www.ghostysky.com\/#\/schema\/logo\/image\/"},"sameAs":["https:\/\/www.facebook.com\/people\/Ghostysky\/100057676170234\/","https:\/\/x.com\/Gh0stysky","https:\/\/www.linkedin.com\/company\/34739653","https:\/\/www.instagram.com\/gh0stysky"]}]}},"_links":{"self":[{"href":"https:\/\/www.ghostysky.com\/fr\/wp-json\/wp\/v2\/product\/2064","targetHints":{"allow":["GET"]}}],"collection":[{"href":"https:\/\/www.ghostysky.com\/fr\/wp-json\/wp\/v2\/product"}],"about":[{"href":"https:\/\/www.ghostysky.com\/fr\/wp-json\/wp\/v2\/types\/product"}],"replies":[{"embeddable":true,"href":"https:\/\/www.ghostysky.com\/fr\/wp-json\/wp\/v2\/comments?post=2064"}],"version-history":[{"count":0,"href":"https:\/\/www.ghostysky.com\/fr\/wp-json\/wp\/v2\/product\/2064\/revisions"}],"wp:featuredmedia":[{"embeddable":true,"href":"https:\/\/www.ghostysky.com\/fr\/wp-json\/wp\/v2\/media\/2067"}],"wp:attachment":[{"href":"https:\/\/www.ghostysky.com\/fr\/wp-json\/wp\/v2\/media?parent=2064"}],"wp:term":[{"taxonomy":"product_brand","embeddable":true,"href":"https:\/\/www.ghostysky.com\/fr\/wp-json\/wp\/v2\/product_brand?post=2064"},{"taxonomy":"product_cat","embeddable":true,"href":"https:\/\/www.ghostysky.com\/fr\/wp-json\/wp\/v2\/product_cat?post=2064"},{"taxonomy":"product_tag","embeddable":true,"href":"https:\/\/www.ghostysky.com\/fr\/wp-json\/wp\/v2\/product_tag?post=2064"}],"curies":[{"name":"wp","href":"https:\/\/api.w.org\/{rel}","templated":true}]}}