{"id":2069,"date":"2021-03-04T17:57:23","date_gmt":"2021-03-04T17:57:23","guid":{"rendered":"https:\/\/www.ghostysky.com\/?post_type=product&#038;p=2069"},"modified":"2024-08-06T08:31:55","modified_gmt":"2024-08-06T08:31:55","slug":"laquinta-multispectral-camera-for-h520-incl-mount-and-sensor","status":"publish","type":"product","link":"https:\/\/www.ghostysky.com\/fr\/product\/laquinta-multispectral-camera-for-h520-incl-mount-and-sensor\/","title":{"rendered":"Vision multispectrale Laquinta db2"},"content":{"rendered":"<p>&nbsp;<\/p>\n<table>\n<tbody>\n<tr>\n<td style=\"text-align: left;\"><img decoding=\"async\" src=\"data:image\/gif;base64,R0lGODlhAQABAAAAACH5BAEKAAEALAAAAAABAAEAAAICTAEAOw==\" width=\"100%\" height=\"NaN\" border=\"0\" class=\"lazyload\" data-src=\"data:image\/gif;base64,R0lGODlhAQABAAAAACH5BAEKAAEALAAAAAABAAEAAAICTAEAOw==\"><\/td>\n<td style=\"text-align: left;\"><\/td>\n<td>\n<p style=\"text-align: left;\">LaQuinta dB2 Vision<\/p>\n<p style=\"text-align: left;\">Une cam\u00e9ra \u00e0 capteur hybride multispectral r\u00e9volutionnaire pour l&#039;agriculture de pr\u00e9cision pour identifier le stress des cultures avant que l&#039;\u0153il humain ne puisse le d\u00e9tecter<\/p>\n<p style=\"text-align: left;\">LaQuinta est la cam\u00e9ra multispectrale AG-Tech la plus compl\u00e8te et la moins ch\u00e8re au monde<\/p>\n<p style=\"text-align: left;\">D\u00e9velopper des \u00e9quipements de haute technologie mais \u00e0 faible co\u00fbt pour les rendre financi\u00e8rement accessibles \u00e0 chaque agriculteur ou agronome.<\/p>\n<p style=\"text-align: left;\">Permettre \u00e0 l&#039;agriculteur de maximiser sa production agricole tout en utilisant le minimum de ressources !<\/p>\n<\/td>\n<\/tr>\n<\/tbody>\n<\/table>\n<p>&nbsp;<\/p>\n<table>\n<tbody>\n<tr>\n<td>\n<p style=\"text-align: left;\">Exemple : Vignoble<\/p>\n<p style=\"text-align: left;\">1. Cette image est g\u00e9n\u00e9ralement ce qu&#039;un agriculteur voit lorsqu&#039;il travaille sa terre<\/p>\n<ul style=\"text-align: left;\">\n<li>Probl\u00e8mes localis\u00e9s difficiles \u00e0 observer<\/li>\n<\/ul>\n<ul style=\"text-align: left;\">\n<li>Prend du temps<\/li>\n<\/ul>\n<ul style=\"text-align: left;\">\n<li>Certains probl\u00e8mes sous-jacents ne sont pas visibles \u00e0 l\u2019\u0153il nu<\/li>\n<\/ul>\n<p style=\"text-align: left;\">2. Cette image est ce qu&#039;un agriculteur peut voir en survolant sa terre avec un drone et une cam\u00e9ra normale<\/p>\n<ul style=\"text-align: left;\">\n<li>Moins de temps pour observer votre terrain<\/li>\n<\/ul>\n<ul style=\"text-align: left;\">\n<li>Mais... Aucun signe clair de stress et de vigueur des cultures<\/li>\n<\/ul>\n<p style=\"text-align: left;\">3. Cette image est ce qu&#039;un agriculteur peut voir en volant avec une technologie multispectrale complexe et co\u00fbteuse<\/p>\n<ul style=\"text-align: left;\">\n<li>Zones probl\u00e9matiques faciles \u00e0 identifier<\/li>\n<\/ul>\n<ul style=\"text-align: left;\">\n<li>Traiter pendant la saison, pas apr\u00e8s<\/li>\n<\/ul>\n<ul>\n<li style=\"text-align: left;\">Am\u00e9liorer consid\u00e9rablement la production agricole et \u00e9conomiser des ressources pr\u00e9cieuses<\/li>\n<\/ul>\n<\/td>\n<td><\/td>\n<td><img decoding=\"async\" src=\"data:image\/gif;base64,R0lGODlhAQABAAAAACH5BAEKAAEALAAAAAABAAEAAAICTAEAOw==\" alt=\"\" width=\"100%\" height=\"NaN\" border=\"0\" class=\"lazyload\" data-src=\"data:image\/gif;base64,R0lGODlhAQABAAAAACH5BAEKAAEALAAAAAABAAEAAAICTAEAOw==\"><\/td>\n<\/tr>\n<\/tbody>\n<\/table>\n<p>&nbsp;<\/p>\n<table>\n<tbody>\n<tr>\n<td style=\"text-align: left;\"><img decoding=\"async\" src=\"data:image\/gif;base64,R0lGODlhAQABAAAAACH5BAEKAAEALAAAAAABAAEAAAICTAEAOw==\" alt=\"\" width=\"100%\" height=\"NaN\" border=\"0\" class=\"lazyload\" data-src=\"data:image\/gif;base64,R0lGODlhAQABAAAAACH5BAEKAAEALAAAAAABAAEAAAICTAEAOw==\"><\/td>\n<td style=\"text-align: left;\"><\/td>\n<td>\n<p style=\"text-align: left;\">Aid\u00e9 par l&#039;essor impressionnant des drones, le domaine de l&#039;agriculture de pr\u00e9cision conna\u00eet une croissance exponentielle<\/p>\n<p style=\"text-align: left;\"><strong>Adoption massive<br \/>\n<\/strong>DB2 Vision a surmont\u00e9 de mani\u00e8re spectaculaire le probl\u00e8me de :<br \/>\n\u2013 le prix du mat\u00e9riel (d\u2019imagerie) n\u00e9cessaire<br \/>\n\u2013 la complexit\u00e9 de son utilisation.<\/p>\n<p style=\"text-align: left;\"><strong>Tarifs<br \/>\n<\/strong>Tout simplement le capteur UAV multispectral le moins cher au monde pour l&#039;agriculture... de loin.<\/p>\n<p style=\"text-align: left;\"><strong>Syst\u00e8me ind\u00e9pendant<br \/>\n<\/strong>Qu&#039;il s&#039;agisse d&#039;un drone, d&#039;un tracteur ou de tout autre v\u00e9hicule ;<br \/>\nLaQuinta fonctionne sans d\u00e9pendre de son op\u00e9rateur\u00a0; N&#039;importe o\u00f9, n&#039;importe quand, n&#039;importe o\u00f9<\/p>\n<p style=\"text-align: left;\"><strong>Multi-compatible<br \/>\n<\/strong>Ne souffrez plus d\u2019anxi\u00e9t\u00e9 de compatibilit\u00e9 !<br \/>\nLaQuinta est con\u00e7u pour \u00eatre compatible avec tous les packages SW couramment utilis\u00e9s sur le march\u00e9.<\/p>\n<\/td>\n<\/tr>\n<\/tbody>\n<\/table>\n<p>&nbsp;<\/p>\n<table>\n<tbody>\n<tr>\n<td>\n<p style=\"text-align: left;\">Exemple : le march\u00e9 chinois<\/p>\n<p style=\"text-align: left;\">Fabricant mondial de drones #1\u00a0: 70+% de tous les drones dans le monde.<\/p>\n<p style=\"text-align: left;\">Les drones de pulv\u00e9risation des cultures sont largement accept\u00e9s et subventionn\u00e9s par les gouvernements centraux et locaux<\/p>\n<p style=\"text-align: left;\">8% de la totalit\u00e9 des terres arables de la plan\u00e8te, nourrissant environ 21% de la population mondiale.<\/p>\n<p style=\"text-align: left;\">Production agricole totale : 1 milliard USD (6 milliards RMB)<\/p>\n<p style=\"text-align: left;\">Perte annuelle de 24 millions de tonnes de r\u00e9coltes due aux ravageurs et aux maladies (2016)<\/p>\n<p style=\"text-align: left;\">300% utilisation de pesticides plus \u00e9lev\u00e9e que dans d&#039;autres pays producteurs de cultures importantes<\/p>\n<p style=\"text-align: left;\">Les effets de la mise en \u0153uvre par la Chine de drones de pulv\u00e9risation des cultures :<\/p>\n<p style=\"text-align: left;\">Un drone de pulv\u00e9risation peut couvrir 50 fois plus de terrain par heure qu&#039;une pulv\u00e9risation manuelle<\/p>\n<p style=\"text-align: left;\">Tout en \u00e9conomisant 60% de produits phytosanitaires liquides par rapport \u00e0 une sur-application par pulv\u00e9risation manuelle.<\/p>\n<\/td>\n<td><\/td>\n<td><img decoding=\"async\" src=\"data:image\/gif;base64,R0lGODlhAQABAAAAACH5BAEKAAEALAAAAAABAAEAAAICTAEAOw==\" alt=\"\" width=\"100%\" height=\"NaN\" border=\"0\" class=\"lazyload\" data-src=\"data:image\/gif;base64,R0lGODlhAQABAAAAACH5BAEKAAEALAAAAAABAAEAAAICTAEAOw==\"><\/td>\n<\/tr>\n<\/tbody>\n<\/table>\n<p style=\"text-align: left;\">Caract\u00e9ristiques principales :<\/p>\n<ul style=\"text-align: left;\">\n<li>1 capteur \u00e0 filtre spectral double haute r\u00e9solution et 1 chemin optique \/ 4 bandes \u00e9troites en RVB-NIR \/ 4,1 m\u00e9gapixels (1,02 MP RAW non compress\u00e9 par bande), garantissant 4 images spectrales identiques par capture<\/li>\n<\/ul>\n<ul style=\"text-align: left;\">\n<li>Calibrage d&#039;image complet via le capteur d&#039;irradiance DB2 Adapt-2-Light\u00ae RGB-NIR<\/li>\n<\/ul>\n<ul style=\"text-align: left;\">\n<li>Acquisition d&#039;images multispectrales plus rapide (1,5 FPS)<\/li>\n<\/ul>\n<ul style=\"text-align: left;\">\n<li>IMU, GPS + G\u00e9olocalisation + Boussole + Altim\u00e8tre pour la localisation GPS exacte de la cible<\/li>\n<\/ul>\n<ul style=\"text-align: left;\">\n<li>Enti\u00e8rement compatible avec les logiciels les plus couramment utilis\u00e9s (Pix4D Fields et Pix4D Mapper, Agisoft Photoscan \/ Metashape)<\/li>\n<\/ul>\n<ul style=\"text-align: left;\">\n<li>Batterie interne rechargeable<\/li>\n<\/ul>\n<ul style=\"text-align: left;\">\n<li>Objectifs \u00e0 focale interchangeable pour diff\u00e9rents besoins<\/li>\n<\/ul>\n<ul style=\"text-align: left;\">\n<li>L\u00e9ger \u2013 159 g avec objectif, batterie rechargeable et capteur Adapt-2-Light \/ GPS<\/li>\n<\/ul>\n<ul>\n<li style=\"text-align: left;\">Coutume\u00a0<a href=\"https:\/\/aeromind.pl\/product-eng-1768-Heksakopter-Yuneec-H520.html\" target=\"_blank\" rel=\"noopener\">Yuneec H520<\/a>\u00a0support pour une fixation facile<\/li>\n<\/ul>\n<p>&nbsp;<\/p>\n<p>&nbsp;<\/p>\n<p style=\"text-align: left;\">Sp\u00e9cifications techniques:<\/p>\n<table class=\"alignleft\" border=\"1\">\n<tbody>\n<tr>\n<td><strong>Technologie<\/strong><\/td>\n<td>Capteur RVB-NIR unique<\/td>\n<\/tr>\n<tr>\n<td><strong>Canaux \u00e9troits<\/strong><\/td>\n<td>4<\/td>\n<\/tr>\n<tr>\n<td><strong>Lentille \/ interchangeable<\/strong><\/td>\n<td>Supports M12 \/ OUI (8 mm = standard)<\/td>\n<\/tr>\n<tr>\n<td><strong>Capteur(s)<\/strong><\/td>\n<td>1 x 4,1 MP (4 x 1 + MP par canal)<\/td>\n<\/tr>\n<tr>\n<td><strong>Stockage<\/strong><\/td>\n<td>Carte SD de 64 Go<\/td>\n<\/tr>\n<tr>\n<td><strong>GPS<\/strong><\/td>\n<td>OUI<\/td>\n<\/tr>\n<tr>\n<td><strong>Calibrage<\/strong><\/td>\n<td>Capteur d&#039;irradiation<\/td>\n<\/tr>\n<tr>\n<td><strong>Sortie vid\u00e9o<\/strong><\/td>\n<td>COPAIN<\/td>\n<\/tr>\n<tr>\n<td><strong>D\u00e9clenchement entr\u00e9e\/sortie<\/strong><\/td>\n<td>OUI<\/td>\n<\/tr>\n<tr>\n<td><strong>Batterie \/ Interne ou Externe<\/strong><\/td>\n<td>Rechargeable interne + externe en option<\/td>\n<\/tr>\n<tr>\n<td><strong>Contr\u00f4le<\/strong><\/td>\n<td>Bluetooth + Application Android ou iOS \/ \u00c9cran tactile<\/td>\n<\/tr>\n<tr>\n<td><strong>Filtres \/ bandes passantes interchangeables<\/strong><\/td>\n<td>Facultatif<\/td>\n<\/tr>\n<tr>\n<td><strong>Taille (mm) et poids<\/strong><\/td>\n<td>78 x 58 x 56 \u00e0 159 g, avec batterie interne d&#039;une autonomie d&#039;une heure<\/td>\n<\/tr>\n<tr>\n<td><strong>Format d&#039;image<\/strong><\/td>\n<td>BRUT<\/td>\n<\/tr>\n<tr>\n<td><strong>Fr\u00e9quence d&#039;images (au meilleur format)<\/strong><\/td>\n<td>1,5 FPS<\/td>\n<\/tr>\n<\/tbody>\n<\/table>\n<p>&nbsp;<\/p>\n<p>Comparaison:<\/p>\n<p><a href=\"https:\/\/aeromind.pl\/data\/include\/cms\/LaQuinta-DB2\/compare_1.png\" target=\"_blank\" rel=\"noopener\"><img decoding=\"async\" src=\"data:image\/gif;base64,R0lGODlhAQABAAAAACH5BAEKAAEALAAAAAABAAEAAAICTAEAOw==\" width=\"100%\" height=\"NaN\" border=\"0\" class=\"lazyload\" data-src=\"data:image\/gif;base64,R0lGODlhAQABAAAAACH5BAEKAAEALAAAAAABAAEAAAICTAEAOw==\"><\/a><\/p>\n<p>(CLIQUEZ SUR LE TABLEAU POUR L&#039;AGRANDIR)<\/p>\n<p>&nbsp;<\/p>\n<p><img decoding=\"async\" src=\"data:image\/gif;base64,R0lGODlhAQABAAAAACH5BAEKAAEALAAAAAABAAEAAAICTAEAOw==\" width=\"100%\" height=\"NaN\" border=\"0\" class=\"lazyload\" data-src=\"data:image\/gif;base64,R0lGODlhAQABAAAAACH5BAEKAAEALAAAAAABAAEAAAICTAEAOw==\"><\/p>\n<p><img decoding=\"async\" src=\"data:image\/gif;base64,R0lGODlhAQABAAAAACH5BAEKAAEALAAAAAABAAEAAAICTAEAOw==\" alt=\"\" width=\"100%\" height=\"NaN\" border=\"0\" class=\"lazyload\" data-src=\"data:image\/gif;base64,R0lGODlhAQABAAAAACH5BAEKAAEALAAAAAABAAEAAAICTAEAOw==\"><\/p>","protected":false},"excerpt":{"rendered":"<p><strong>LaQuinta dB2 Vision<\/strong><\/p>\n<p>Une cam\u00e9ra hybride multispectrale r\u00e9volutionnaire pour l&#039;agriculture de pr\u00e9cision, capable d&#039;identifier le stress des cultures avant m\u00eame que l&#039;\u0153il humain ne puisse le d\u00e9tecter. LaQuinta est la cam\u00e9ra multispectrale AG-Tech la plus compl\u00e8te et la plus \u00e9conomique au monde. Nous d\u00e9veloppons des \u00e9quipements de haute technologie \u00e0 faible co\u00fbt, accessibles \u00e0 tous les agriculteurs et agronomes. Ils permettent aux agriculteurs de maximiser leurs r\u00e9coltes en utilisant un minimum de ressources\u00a0!<\/p>\n<hr \/>","protected":false},"featured_media":5102,"comment_status":"open","ping_status":"closed","template":"","meta":[],"product_brand":[],"product_cat":[120,29,118],"product_tag":[62,122,66,121],"class_list":{"0":"post-2069","1":"product","2":"type-product","3":"status-publish","4":"has-post-thumbnail","6":"product_cat-yuneec-cameras","7":"product_cat-drones","8":"product_cat-yuneec","9":"product_tag-camera","10":"product_tag-h520e","11":"product_tag-multispectral-camera","12":"product_tag-yuneec","14":"first","15":"onbackorder","16":"taxable","17":"shipping-taxable","18":"purchasable","19":"product-type-simple"},"yoast_head":"<!-- This site is optimized with the Yoast SEO plugin v27.1.1 - https:\/\/yoast.com\/product\/yoast-seo-wordpress\/ -->\n<title>Laquinta db2 vision multispectral -<\/title>\n<meta name=\"description\" content=\"vA revolutionary multispectral hybrid sensor camera for Precision Agriculture to identify crop stress before the human eye can detect it. LaQuinta is the most fully featured, yet lowest cost Multispectral AG-Tech camera in the world. Developing high-tech yet low-cost equipment to become financially accessible to every individual farmer or agronomist. Enablingthe farmer to maximize its crop output while using the minimum amount of resources!\" \/>\n<meta name=\"robots\" content=\"index, follow, max-snippet:-1, max-image-preview:large, max-video-preview:-1\" \/>\n<link rel=\"canonical\" href=\"https:\/\/www.ghostysky.com\/fr\/product\/laquinta-multispectral-camera-for-h520-incl-mount-and-sensor\/\" \/>\n<meta property=\"og:locale\" content=\"fr_FR\" \/>\n<meta property=\"og:type\" content=\"article\" \/>\n<meta property=\"og:title\" content=\"Laquinta db2 vision multispectral -\" \/>\n<meta property=\"og:description\" content=\"vA revolutionary multispectral hybrid sensor camera for Precision Agriculture to identify crop stress before the human eye can detect it. LaQuinta is the most fully featured, yet lowest cost Multispectral AG-Tech camera in the world. Developing high-tech yet low-cost equipment to become financially accessible to every individual farmer or agronomist. Enablingthe farmer to maximize its crop output while using the minimum amount of resources!\" \/>\n<meta property=\"og:url\" content=\"https:\/\/www.ghostysky.com\/fr\/product\/laquinta-multispectral-camera-for-h520-incl-mount-and-sensor\/\" \/>\n<meta property=\"og:site_name\" content=\"Ghostysky\" \/>\n<meta property=\"article:publisher\" content=\"https:\/\/www.facebook.com\/people\/Ghostysky\/100057676170234\/\" \/>\n<meta property=\"article:modified_time\" content=\"2024-08-06T08:31:55+00:00\" \/>\n<meta property=\"og:image\" content=\"https:\/\/www.ghostysky.com\/wp-content\/uploads\/2021\/03\/LaQuinta_db2vision-1.png\" \/>\n\t<meta property=\"og:image:width\" content=\"943\" \/>\n\t<meta property=\"og:image:height\" content=\"530\" \/>\n\t<meta property=\"og:image:type\" content=\"image\/png\" \/>\n<meta name=\"twitter:card\" content=\"summary_large_image\" \/>\n<meta name=\"twitter:site\" content=\"@Gh0stysky\" \/>\n<meta name=\"twitter:label1\" content=\"Dur\u00e9e de lecture estim\u00e9e\" \/>\n\t<meta name=\"twitter:data1\" content=\"4 minutes\" \/>\n<script type=\"application\/ld+json\" class=\"yoast-schema-graph\">{\"@context\":\"https:\/\/schema.org\",\"@graph\":[{\"@type\":\"WebPage\",\"@id\":\"https:\/\/www.ghostysky.com\/product\/laquinta-multispectral-camera-for-h520-incl-mount-and-sensor\/\",\"url\":\"https:\/\/www.ghostysky.com\/product\/laquinta-multispectral-camera-for-h520-incl-mount-and-sensor\/\",\"name\":\"Laquinta db2 vision multispectral -\",\"isPartOf\":{\"@id\":\"https:\/\/www.ghostysky.com\/#website\"},\"primaryImageOfPage\":{\"@id\":\"https:\/\/www.ghostysky.com\/product\/laquinta-multispectral-camera-for-h520-incl-mount-and-sensor\/#primaryimage\"},\"image\":{\"@id\":\"https:\/\/www.ghostysky.com\/product\/laquinta-multispectral-camera-for-h520-incl-mount-and-sensor\/#primaryimage\"},\"thumbnailUrl\":\"https:\/\/www.ghostysky.com\/wp-content\/uploads\/2021\/03\/LaQuinta_db2vision-1.png\",\"datePublished\":\"2021-03-04T17:57:23+00:00\",\"dateModified\":\"2024-08-06T08:31:55+00:00\",\"description\":\"vA revolutionary multispectral hybrid sensor camera for Precision Agriculture to identify crop stress before the human eye can detect it. LaQuinta is the most fully featured, yet lowest cost Multispectral AG-Tech camera in the world. Developing high-tech yet low-cost equipment to become financially accessible to every individual farmer or agronomist. Enablingthe farmer to maximize its crop output while using the minimum amount of resources!\",\"breadcrumb\":{\"@id\":\"https:\/\/www.ghostysky.com\/product\/laquinta-multispectral-camera-for-h520-incl-mount-and-sensor\/#breadcrumb\"},\"inLanguage\":\"fr-FR\",\"potentialAction\":[{\"@type\":\"ReadAction\",\"target\":[\"https:\/\/www.ghostysky.com\/product\/laquinta-multispectral-camera-for-h520-incl-mount-and-sensor\/\"]}]},{\"@type\":\"ImageObject\",\"inLanguage\":\"fr-FR\",\"@id\":\"https:\/\/www.ghostysky.com\/product\/laquinta-multispectral-camera-for-h520-incl-mount-and-sensor\/#primaryimage\",\"url\":\"https:\/\/www.ghostysky.com\/wp-content\/uploads\/2021\/03\/LaQuinta_db2vision-1.png\",\"contentUrl\":\"https:\/\/www.ghostysky.com\/wp-content\/uploads\/2021\/03\/LaQuinta_db2vision-1.png\",\"width\":943,\"height\":530},{\"@type\":\"BreadcrumbList\",\"@id\":\"https:\/\/www.ghostysky.com\/product\/laquinta-multispectral-camera-for-h520-incl-mount-and-sensor\/#breadcrumb\",\"itemListElement\":[{\"@type\":\"ListItem\",\"position\":1,\"name\":\"Home\",\"item\":\"https:\/\/www.ghostysky.com\/\"},{\"@type\":\"ListItem\",\"position\":2,\"name\":\"Shop\",\"item\":\"https:\/\/www.ghostysky.com\/shop\/\"},{\"@type\":\"ListItem\",\"position\":3,\"name\":\"Laquinta db2 vision multispectral\"}]},{\"@type\":\"WebSite\",\"@id\":\"https:\/\/www.ghostysky.com\/#website\",\"url\":\"https:\/\/www.ghostysky.com\/\",\"name\":\"Ghostysky\",\"description\":\"Delivering professional drones and services\",\"publisher\":{\"@id\":\"https:\/\/www.ghostysky.com\/#organization\"},\"potentialAction\":[{\"@type\":\"SearchAction\",\"target\":{\"@type\":\"EntryPoint\",\"urlTemplate\":\"https:\/\/www.ghostysky.com\/?s={search_term_string}\"},\"query-input\":{\"@type\":\"PropertyValueSpecification\",\"valueRequired\":true,\"valueName\":\"search_term_string\"}}],\"inLanguage\":\"fr-FR\"},{\"@type\":\"Organization\",\"@id\":\"https:\/\/www.ghostysky.com\/#organization\",\"name\":\"Ghostysky\",\"url\":\"https:\/\/www.ghostysky.com\/\",\"logo\":{\"@type\":\"ImageObject\",\"inLanguage\":\"fr-FR\",\"@id\":\"https:\/\/www.ghostysky.com\/#\/schema\/logo\/image\/\",\"url\":\"https:\/\/www.ghostysky.com\/wp-content\/uploads\/2020\/06\/cropped-ghostyskylogo_text_white2.png\",\"contentUrl\":\"https:\/\/www.ghostysky.com\/wp-content\/uploads\/2020\/06\/cropped-ghostyskylogo_text_white2.png\",\"width\":169,\"height\":56,\"caption\":\"Ghostysky\"},\"image\":{\"@id\":\"https:\/\/www.ghostysky.com\/#\/schema\/logo\/image\/\"},\"sameAs\":[\"https:\/\/www.facebook.com\/people\/Ghostysky\/100057676170234\/\",\"https:\/\/x.com\/Gh0stysky\",\"https:\/\/www.linkedin.com\/company\/34739653\",\"https:\/\/www.instagram.com\/gh0stysky\"]}]}<\/script>\n<!-- \/ Yoast SEO plugin. -->","yoast_head_json":{"title":"Laquinta db2 vision multispectrale -","description":"Une cam\u00e9ra hybride multispectrale r\u00e9volutionnaire pour l&#039;agriculture de pr\u00e9cision, capable d&#039;identifier le stress des cultures avant m\u00eame que l&#039;\u0153il humain ne puisse le d\u00e9tecter. LaQuinta est la cam\u00e9ra multispectrale AG-Tech la plus compl\u00e8te et la plus \u00e9conomique au monde. Nous d\u00e9veloppons des \u00e9quipements de haute technologie \u00e0 faible co\u00fbt, accessibles \u00e0 tous les agriculteurs et agronomes. Ils permettent aux agriculteurs de maximiser leurs r\u00e9coltes en utilisant un minimum de ressources\u00a0!","robots":{"index":"index","follow":"follow","max-snippet":"max-snippet:-1","max-image-preview":"max-image-preview:large","max-video-preview":"max-video-preview:-1"},"canonical":"https:\/\/www.ghostysky.com\/fr\/product\/laquinta-multispectral-camera-for-h520-incl-mount-and-sensor\/","og_locale":"fr_FR","og_type":"article","og_title":"Laquinta db2 vision multispectral -","og_description":"vA revolutionary multispectral hybrid sensor camera for Precision Agriculture to identify crop stress before the human eye can detect it. LaQuinta is the most fully featured, yet lowest cost Multispectral AG-Tech camera in the world. Developing high-tech yet low-cost equipment to become financially accessible to every individual farmer or agronomist. Enablingthe farmer to maximize its crop output while using the minimum amount of resources!","og_url":"https:\/\/www.ghostysky.com\/fr\/product\/laquinta-multispectral-camera-for-h520-incl-mount-and-sensor\/","og_site_name":"Ghostysky","article_publisher":"https:\/\/www.facebook.com\/people\/Ghostysky\/100057676170234\/","article_modified_time":"2024-08-06T08:31:55+00:00","og_image":[{"width":943,"height":530,"url":"https:\/\/www.ghostysky.com\/wp-content\/uploads\/2021\/03\/LaQuinta_db2vision-1.png","type":"image\/png"}],"twitter_card":"summary_large_image","twitter_site":"@Gh0stysky","twitter_misc":{"Dur\u00e9e de lecture estim\u00e9e":"4 minutes"},"schema":{"@context":"https:\/\/schema.org","@graph":[{"@type":"WebPage","@id":"https:\/\/www.ghostysky.com\/product\/laquinta-multispectral-camera-for-h520-incl-mount-and-sensor\/","url":"https:\/\/www.ghostysky.com\/product\/laquinta-multispectral-camera-for-h520-incl-mount-and-sensor\/","name":"Laquinta db2 vision multispectrale -","isPartOf":{"@id":"https:\/\/www.ghostysky.com\/#website"},"primaryImageOfPage":{"@id":"https:\/\/www.ghostysky.com\/product\/laquinta-multispectral-camera-for-h520-incl-mount-and-sensor\/#primaryimage"},"image":{"@id":"https:\/\/www.ghostysky.com\/product\/laquinta-multispectral-camera-for-h520-incl-mount-and-sensor\/#primaryimage"},"thumbnailUrl":"https:\/\/www.ghostysky.com\/wp-content\/uploads\/2021\/03\/LaQuinta_db2vision-1.png","datePublished":"2021-03-04T17:57:23+00:00","dateModified":"2024-08-06T08:31:55+00:00","description":"Une cam\u00e9ra hybride multispectrale r\u00e9volutionnaire pour l&#039;agriculture de pr\u00e9cision, capable d&#039;identifier le stress des cultures avant m\u00eame que l&#039;\u0153il humain ne puisse le d\u00e9tecter. LaQuinta est la cam\u00e9ra multispectrale AG-Tech la plus compl\u00e8te et la plus \u00e9conomique au monde. Nous d\u00e9veloppons des \u00e9quipements de haute technologie \u00e0 faible co\u00fbt, accessibles \u00e0 tous les agriculteurs et agronomes. Ils permettent aux agriculteurs de maximiser leurs r\u00e9coltes en utilisant un minimum de ressources\u00a0!","breadcrumb":{"@id":"https:\/\/www.ghostysky.com\/product\/laquinta-multispectral-camera-for-h520-incl-mount-and-sensor\/#breadcrumb"},"inLanguage":"fr-FR","potentialAction":[{"@type":"ReadAction","target":["https:\/\/www.ghostysky.com\/product\/laquinta-multispectral-camera-for-h520-incl-mount-and-sensor\/"]}]},{"@type":"ImageObject","inLanguage":"fr-FR","@id":"https:\/\/www.ghostysky.com\/product\/laquinta-multispectral-camera-for-h520-incl-mount-and-sensor\/#primaryimage","url":"https:\/\/www.ghostysky.com\/wp-content\/uploads\/2021\/03\/LaQuinta_db2vision-1.png","contentUrl":"https:\/\/www.ghostysky.com\/wp-content\/uploads\/2021\/03\/LaQuinta_db2vision-1.png","width":943,"height":530},{"@type":"BreadcrumbList","@id":"https:\/\/www.ghostysky.com\/product\/laquinta-multispectral-camera-for-h520-incl-mount-and-sensor\/#breadcrumb","itemListElement":[{"@type":"ListItem","position":1,"name":"Home","item":"https:\/\/www.ghostysky.com\/"},{"@type":"ListItem","position":2,"name":"Shop","item":"https:\/\/www.ghostysky.com\/shop\/"},{"@type":"ListItem","position":3,"name":"Laquinta db2 vision multispectral"}]},{"@type":"WebSite","@id":"https:\/\/www.ghostysky.com\/#website","url":"https:\/\/www.ghostysky.com\/","name":"Ghostysky","description":"Livraison de drones et de services professionnels","publisher":{"@id":"https:\/\/www.ghostysky.com\/#organization"},"potentialAction":[{"@type":"SearchAction","target":{"@type":"EntryPoint","urlTemplate":"https:\/\/www.ghostysky.com\/?s={search_term_string}"},"query-input":{"@type":"PropertyValueSpecification","valueRequired":true,"valueName":"search_term_string"}}],"inLanguage":"fr-FR"},{"@type":"Organization","@id":"https:\/\/www.ghostysky.com\/#organization","name":"Ghostysky","url":"https:\/\/www.ghostysky.com\/","logo":{"@type":"ImageObject","inLanguage":"fr-FR","@id":"https:\/\/www.ghostysky.com\/#\/schema\/logo\/image\/","url":"https:\/\/www.ghostysky.com\/wp-content\/uploads\/2020\/06\/cropped-ghostyskylogo_text_white2.png","contentUrl":"https:\/\/www.ghostysky.com\/wp-content\/uploads\/2020\/06\/cropped-ghostyskylogo_text_white2.png","width":169,"height":56,"caption":"Ghostysky"},"image":{"@id":"https:\/\/www.ghostysky.com\/#\/schema\/logo\/image\/"},"sameAs":["https:\/\/www.facebook.com\/people\/Ghostysky\/100057676170234\/","https:\/\/x.com\/Gh0stysky","https:\/\/www.linkedin.com\/company\/34739653","https:\/\/www.instagram.com\/gh0stysky"]}]}},"_links":{"self":[{"href":"https:\/\/www.ghostysky.com\/fr\/wp-json\/wp\/v2\/product\/2069","targetHints":{"allow":["GET"]}}],"collection":[{"href":"https:\/\/www.ghostysky.com\/fr\/wp-json\/wp\/v2\/product"}],"about":[{"href":"https:\/\/www.ghostysky.com\/fr\/wp-json\/wp\/v2\/types\/product"}],"replies":[{"embeddable":true,"href":"https:\/\/www.ghostysky.com\/fr\/wp-json\/wp\/v2\/comments?post=2069"}],"wp:featuredmedia":[{"embeddable":true,"href":"https:\/\/www.ghostysky.com\/fr\/wp-json\/wp\/v2\/media\/5102"}],"wp:attachment":[{"href":"https:\/\/www.ghostysky.com\/fr\/wp-json\/wp\/v2\/media?parent=2069"}],"wp:term":[{"taxonomy":"product_brand","embeddable":true,"href":"https:\/\/www.ghostysky.com\/fr\/wp-json\/wp\/v2\/product_brand?post=2069"},{"taxonomy":"product_cat","embeddable":true,"href":"https:\/\/www.ghostysky.com\/fr\/wp-json\/wp\/v2\/product_cat?post=2069"},{"taxonomy":"product_tag","embeddable":true,"href":"https:\/\/www.ghostysky.com\/fr\/wp-json\/wp\/v2\/product_tag?post=2069"}],"curies":[{"name":"wp","href":"https:\/\/api.w.org\/{rel}","templated":true}]}}