{"id":2075,"date":"2021-03-04T18:08:38","date_gmt":"2021-03-04T18:08:38","guid":{"rendered":"https:\/\/www.ghostysky.com\/?post_type=product&#038;p=2075"},"modified":"2024-10-31T21:31:58","modified_gmt":"2024-10-31T21:31:58","slug":"tethered-system-r-standard","status":"publish","type":"product","link":"https:\/\/www.ghostysky.com\/fr\/product\/tethered-system-r-standard\/","title":{"rendered":"Syst\u00e8me captif standard R"},"content":{"rendered":"<p><strong>CARACT\u00c9RISTIQUES PRINCIPALES<\/strong><\/p>\n<ul>\n<li>Il permet au drone de rester en l&#039;air pendant de longues p\u00e9riodes<\/li>\n<li>Jusqu&#039;\u00e0 50 m d&#039;altitude de vol<\/li>\n<li>Alimentation a\u00e9rienne l\u00e9g\u00e8re<\/li>\n<li>Sangle l\u00e9g\u00e8re 8,4 g par m\u00e8tre<\/li>\n<li>Polyvalence et portabilit\u00e9 \u2013 4 syst\u00e8mes diff\u00e9rents disponibles qui peuvent \u00eatre utilis\u00e9s directement depuis un v\u00e9hicule ou depuis une prise secteur<\/li>\n<li>R\u00e9sistance \u00e0 la traction de l&#039;attache 98 kg<\/li>\n<li>Acc\u00e9dez \u00e0 de nouvelles applications : surveillance a\u00e9rienne permanente, t\u00e9l\u00e9communications, surveillance du trafic, inspections industrielles sophistiqu\u00e9es, surveillance de la qualit\u00e9 de l&#039;air et diffusion en direct<\/li>\n<li>Batterie de secours en cas de panne \u2013 environ 4 minutes pour l&#039;atterrissage<\/li>\n<li>Utilisation s\u00fbre \u2013 Faible amp\u00e9rage\/faible courant<\/li>\n<\/ul>\n<p>&nbsp;<\/p>\n<p><div class='wpo_youtube_preview_container'><img src=\"https:\/\/www.ghostysky.com\/wp-content\/cache\/wpo-youtube-thumbnails\/S7Hd5Xw49Cw-maxresdefault.jpg\" class=\"wpo_youtube_preview\" data-video-url=\"https:\/\/www.youtube.com\/embed\/S7Hd5Xw49Cw?feature=oembed\" alt=\"Miniature YouTube\" data-iframe-attr=\"{&quot;title&quot;:&quot;Project Thundercat Trials | Op CABRIT | British Army&quot;,&quot;width&quot;:&quot;1170&quot;,&quot;height&quot;:&quot;658&quot;,&quot;src&quot;:&quot;https:\\\/\\\/www.youtube.com\\\/embed\\\/S7Hd5Xw49Cw?feature=oembed&quot;,&quot;frameborder&quot;:&quot;0&quot;,&quot;allow&quot;:&quot;accelerometer; autoplay; clipboard-write; encrypted-media; gyroscope; picture-in-picture; web-share&quot;,&quot;allowfullscreen&quot;:&quot;&quot;}\"\/><span class=\"wpo_youtube_preview_overlay\"><img src=\"https:\/\/www.ghostysky.com\/wp-content\/plugins\/wp-optimize-premium\/images\/icon\/icons8-youtube-96.svg\" alt=\"Ic\u00f4ne YouTube\"\/><\/span><\/div><\/p>","protected":false},"excerpt":{"rendered":"<p>Le syst\u00e8me Tethered, notre nouvel accessoire certifi\u00e9 YCAP, est le nec plus ultra en mati\u00e8re de syst\u00e8mes de drones filaires pour les H520 et H520E. Il se compose d&#039;une station d&#039;alimentation au sol, d&#039;un c\u00e2ble l\u00e9ger sur enrouleur et d&#039;une alimentation a\u00e9rienne universelle (UAPS) qui, ensemble, alimentent les H520 et H520E pendant des heures.<\/p>\n<p>Gr\u00e2ce \u00e0 une alimentation \u00e9lectrique l\u00e9g\u00e8re c\u00f4t\u00e9 drone, la capacit\u00e9 de charge utile est optimis\u00e9e. Le syst\u00e8me est s\u00fbr et facile \u00e0 utiliser, avec une batterie de secours en cas de panne.<\/p>\n<hr \/>","protected":false},"featured_media":2077,"comment_status":"open","ping_status":"closed","template":"","meta":[],"product_brand":[],"product_cat":[119,29,118],"product_tag":[122,143,121],"class_list":{"0":"post-2075","1":"product","2":"type-product","3":"status-publish","4":"has-post-thumbnail","6":"product_cat-yuneec-accessories","7":"product_cat-drones","8":"product_cat-yuneec","9":"product_tag-h520e","10":"product_tag-tethered-system","11":"product_tag-yuneec","13":"first","14":"instock","15":"taxable","16":"shipping-taxable","17":"product-type-simple"},"yoast_head":"<!-- This site is optimized with the Yoast SEO plugin v27.4 - https:\/\/yoast.com\/product\/yoast-seo-wordpress\/ -->\n<title>Tethered system R standard -<\/title>\n<meta name=\"description\" content=\"The Tethered system, our new YCAP Certified Accessory, is the ultimate in tethered drone systems for the H520 and H520E. It consists of a ground power station, a lightweight tether on a reel and a Universal Aerial Power Supply (UAPS) that combined, power the H520 and H520E for hours at a time.\" \/>\n<meta name=\"robots\" content=\"index, follow, max-snippet:-1, max-image-preview:large, max-video-preview:-1\" \/>\n<link rel=\"canonical\" href=\"https:\/\/www.ghostysky.com\/fr\/product\/tethered-system-r-standard\/\" \/>\n<meta property=\"og:locale\" content=\"fr_FR\" \/>\n<meta property=\"og:type\" content=\"article\" \/>\n<meta property=\"og:title\" content=\"Tethered system R standard -\" \/>\n<meta property=\"og:description\" content=\"The Tethered system, our new YCAP Certified Accessory, is the ultimate in tethered drone systems for the H520 and H520E. It consists of a ground power station, a lightweight tether on a reel and a Universal Aerial Power Supply (UAPS) that combined, power the H520 and H520E for hours at a time.\" \/>\n<meta property=\"og:url\" content=\"https:\/\/www.ghostysky.com\/fr\/product\/tethered-system-r-standard\/\" \/>\n<meta property=\"og:site_name\" content=\"Ghostysky\" \/>\n<meta property=\"article:publisher\" content=\"https:\/\/www.facebook.com\/people\/Ghostysky\/100057676170234\/\" \/>\n<meta property=\"article:modified_time\" content=\"2024-10-31T21:31:58+00:00\" \/>\n<meta property=\"og:image\" content=\"https:\/\/www.ghostysky.com\/wp-content\/uploads\/2021\/03\/YUNH520-RMR_2.jpg\" \/>\n\t<meta property=\"og:image:width\" content=\"800\" \/>\n\t<meta property=\"og:image:height\" content=\"600\" \/>\n\t<meta property=\"og:image:type\" content=\"image\/jpeg\" \/>\n<meta name=\"twitter:card\" content=\"summary_large_image\" \/>\n<meta name=\"twitter:site\" content=\"@Gh0stysky\" \/>\n<meta name=\"twitter:label1\" content=\"Dur\u00e9e de lecture estim\u00e9e\" \/>\n\t<meta name=\"twitter:data1\" content=\"1 minute\" \/>\n<script type=\"application\/ld+json\" class=\"yoast-schema-graph\">{\"@context\":\"https:\\\/\\\/schema.org\",\"@graph\":[{\"@type\":\"WebPage\",\"@id\":\"https:\\\/\\\/www.ghostysky.com\\\/product\\\/tethered-system-r-standard\\\/\",\"url\":\"https:\\\/\\\/www.ghostysky.com\\\/product\\\/tethered-system-r-standard\\\/\",\"name\":\"Tethered system R standard -\",\"isPartOf\":{\"@id\":\"https:\\\/\\\/www.ghostysky.com\\\/#website\"},\"primaryImageOfPage\":{\"@id\":\"https:\\\/\\\/www.ghostysky.com\\\/product\\\/tethered-system-r-standard\\\/#primaryimage\"},\"image\":{\"@id\":\"https:\\\/\\\/www.ghostysky.com\\\/product\\\/tethered-system-r-standard\\\/#primaryimage\"},\"thumbnailUrl\":\"https:\\\/\\\/www.ghostysky.com\\\/wp-content\\\/uploads\\\/2021\\\/03\\\/YUNH520-RMR_2.jpg\",\"datePublished\":\"2021-03-04T18:08:38+00:00\",\"dateModified\":\"2024-10-31T21:31:58+00:00\",\"description\":\"The Tethered system, our new YCAP Certified Accessory, is the ultimate in tethered drone systems for the H520 and H520E. It consists of a ground power station, a lightweight tether on a reel and a Universal Aerial Power Supply (UAPS) that combined, power the H520 and H520E for hours at a time.\",\"breadcrumb\":{\"@id\":\"https:\\\/\\\/www.ghostysky.com\\\/product\\\/tethered-system-r-standard\\\/#breadcrumb\"},\"inLanguage\":\"fr-FR\",\"potentialAction\":[{\"@type\":\"ReadAction\",\"target\":[\"https:\\\/\\\/www.ghostysky.com\\\/product\\\/tethered-system-r-standard\\\/\"]}]},{\"@type\":\"ImageObject\",\"inLanguage\":\"fr-FR\",\"@id\":\"https:\\\/\\\/www.ghostysky.com\\\/product\\\/tethered-system-r-standard\\\/#primaryimage\",\"url\":\"https:\\\/\\\/www.ghostysky.com\\\/wp-content\\\/uploads\\\/2021\\\/03\\\/YUNH520-RMR_2.jpg\",\"contentUrl\":\"https:\\\/\\\/www.ghostysky.com\\\/wp-content\\\/uploads\\\/2021\\\/03\\\/YUNH520-RMR_2.jpg\",\"width\":800,\"height\":600},{\"@type\":\"BreadcrumbList\",\"@id\":\"https:\\\/\\\/www.ghostysky.com\\\/product\\\/tethered-system-r-standard\\\/#breadcrumb\",\"itemListElement\":[{\"@type\":\"ListItem\",\"position\":1,\"name\":\"Home\",\"item\":\"https:\\\/\\\/www.ghostysky.com\\\/\"},{\"@type\":\"ListItem\",\"position\":2,\"name\":\"Shop\",\"item\":\"https:\\\/\\\/www.ghostysky.com\\\/shop\\\/\"},{\"@type\":\"ListItem\",\"position\":3,\"name\":\"Tethered system R standard\"}]},{\"@type\":\"WebSite\",\"@id\":\"https:\\\/\\\/www.ghostysky.com\\\/#website\",\"url\":\"https:\\\/\\\/www.ghostysky.com\\\/\",\"name\":\"Ghostysky\",\"description\":\"Delivering professional drones and services\",\"publisher\":{\"@id\":\"https:\\\/\\\/www.ghostysky.com\\\/#organization\"},\"potentialAction\":[{\"@type\":\"SearchAction\",\"target\":{\"@type\":\"EntryPoint\",\"urlTemplate\":\"https:\\\/\\\/www.ghostysky.com\\\/?s={search_term_string}\"},\"query-input\":{\"@type\":\"PropertyValueSpecification\",\"valueRequired\":true,\"valueName\":\"search_term_string\"}}],\"inLanguage\":\"fr-FR\"},{\"@type\":\"Organization\",\"@id\":\"https:\\\/\\\/www.ghostysky.com\\\/#organization\",\"name\":\"Ghostysky\",\"url\":\"https:\\\/\\\/www.ghostysky.com\\\/\",\"logo\":{\"@type\":\"ImageObject\",\"inLanguage\":\"fr-FR\",\"@id\":\"https:\\\/\\\/www.ghostysky.com\\\/#\\\/schema\\\/logo\\\/image\\\/\",\"url\":\"https:\\\/\\\/www.ghostysky.com\\\/wp-content\\\/uploads\\\/2020\\\/06\\\/cropped-ghostyskylogo_text_white2.png\",\"contentUrl\":\"https:\\\/\\\/www.ghostysky.com\\\/wp-content\\\/uploads\\\/2020\\\/06\\\/cropped-ghostyskylogo_text_white2.png\",\"width\":169,\"height\":56,\"caption\":\"Ghostysky\"},\"image\":{\"@id\":\"https:\\\/\\\/www.ghostysky.com\\\/#\\\/schema\\\/logo\\\/image\\\/\"},\"sameAs\":[\"https:\\\/\\\/www.facebook.com\\\/people\\\/Ghostysky\\\/100057676170234\\\/\",\"https:\\\/\\\/x.com\\\/Gh0stysky\",\"https:\\\/\\\/www.linkedin.com\\\/company\\\/34739653\",\"https:\\\/\\\/www.instagram.com\\\/gh0stysky\"]}]}<\/script>\n<!-- \/ Yoast SEO plugin. -->","yoast_head_json":{"title":"Syst\u00e8me captif R standard -","description":"Le syst\u00e8me Tethered, notre nouvel accessoire certifi\u00e9 YCAP, est le nec plus ultra en mati\u00e8re de syst\u00e8mes de drones filaires pour les H520 et H520E. Il se compose d&#039;une station d&#039;alimentation au sol, d&#039;un c\u00e2ble l\u00e9ger sur enrouleur et d&#039;une alimentation a\u00e9rienne universelle (UAPS) qui, ensemble, alimentent les H520 et H520E pendant des heures.","robots":{"index":"index","follow":"follow","max-snippet":"max-snippet:-1","max-image-preview":"max-image-preview:large","max-video-preview":"max-video-preview:-1"},"canonical":"https:\/\/www.ghostysky.com\/fr\/product\/tethered-system-r-standard\/","og_locale":"fr_FR","og_type":"article","og_title":"Tethered system R standard -","og_description":"The Tethered system, our new YCAP Certified Accessory, is the ultimate in tethered drone systems for the H520 and H520E. It consists of a ground power station, a lightweight tether on a reel and a Universal Aerial Power Supply (UAPS) that combined, power the H520 and H520E for hours at a time.","og_url":"https:\/\/www.ghostysky.com\/fr\/product\/tethered-system-r-standard\/","og_site_name":"Ghostysky","article_publisher":"https:\/\/www.facebook.com\/people\/Ghostysky\/100057676170234\/","article_modified_time":"2024-10-31T21:31:58+00:00","og_image":[{"width":800,"height":600,"url":"https:\/\/www.ghostysky.com\/wp-content\/uploads\/2021\/03\/YUNH520-RMR_2.jpg","type":"image\/jpeg"}],"twitter_card":"summary_large_image","twitter_site":"@Gh0stysky","twitter_misc":{"Dur\u00e9e de lecture estim\u00e9e":"1 minute"},"schema":{"@context":"https:\/\/schema.org","@graph":[{"@type":"WebPage","@id":"https:\/\/www.ghostysky.com\/product\/tethered-system-r-standard\/","url":"https:\/\/www.ghostysky.com\/product\/tethered-system-r-standard\/","name":"Syst\u00e8me captif R standard -","isPartOf":{"@id":"https:\/\/www.ghostysky.com\/#website"},"primaryImageOfPage":{"@id":"https:\/\/www.ghostysky.com\/product\/tethered-system-r-standard\/#primaryimage"},"image":{"@id":"https:\/\/www.ghostysky.com\/product\/tethered-system-r-standard\/#primaryimage"},"thumbnailUrl":"https:\/\/www.ghostysky.com\/wp-content\/uploads\/2021\/03\/YUNH520-RMR_2.jpg","datePublished":"2021-03-04T18:08:38+00:00","dateModified":"2024-10-31T21:31:58+00:00","description":"Le syst\u00e8me Tethered, notre nouvel accessoire certifi\u00e9 YCAP, est le nec plus ultra en mati\u00e8re de syst\u00e8mes de drones filaires pour les H520 et H520E. Il se compose d&#039;une station d&#039;alimentation au sol, d&#039;un c\u00e2ble l\u00e9ger sur enrouleur et d&#039;une alimentation a\u00e9rienne universelle (UAPS) qui, ensemble, alimentent les H520 et H520E pendant des heures.","breadcrumb":{"@id":"https:\/\/www.ghostysky.com\/product\/tethered-system-r-standard\/#breadcrumb"},"inLanguage":"fr-FR","potentialAction":[{"@type":"ReadAction","target":["https:\/\/www.ghostysky.com\/product\/tethered-system-r-standard\/"]}]},{"@type":"ImageObject","inLanguage":"fr-FR","@id":"https:\/\/www.ghostysky.com\/product\/tethered-system-r-standard\/#primaryimage","url":"https:\/\/www.ghostysky.com\/wp-content\/uploads\/2021\/03\/YUNH520-RMR_2.jpg","contentUrl":"https:\/\/www.ghostysky.com\/wp-content\/uploads\/2021\/03\/YUNH520-RMR_2.jpg","width":800,"height":600},{"@type":"BreadcrumbList","@id":"https:\/\/www.ghostysky.com\/product\/tethered-system-r-standard\/#breadcrumb","itemListElement":[{"@type":"ListItem","position":1,"name":"Home","item":"https:\/\/www.ghostysky.com\/"},{"@type":"ListItem","position":2,"name":"Shop","item":"https:\/\/www.ghostysky.com\/shop\/"},{"@type":"ListItem","position":3,"name":"Tethered system R standard"}]},{"@type":"WebSite","@id":"https:\/\/www.ghostysky.com\/#website","url":"https:\/\/www.ghostysky.com\/","name":"Ghostysky","description":"Livraison de drones et de services professionnels","publisher":{"@id":"https:\/\/www.ghostysky.com\/#organization"},"potentialAction":[{"@type":"SearchAction","target":{"@type":"EntryPoint","urlTemplate":"https:\/\/www.ghostysky.com\/?s={search_term_string}"},"query-input":{"@type":"PropertyValueSpecification","valueRequired":true,"valueName":"search_term_string"}}],"inLanguage":"fr-FR"},{"@type":"Organization","@id":"https:\/\/www.ghostysky.com\/#organization","name":"Ghostysky","url":"https:\/\/www.ghostysky.com\/","logo":{"@type":"ImageObject","inLanguage":"fr-FR","@id":"https:\/\/www.ghostysky.com\/#\/schema\/logo\/image\/","url":"https:\/\/www.ghostysky.com\/wp-content\/uploads\/2020\/06\/cropped-ghostyskylogo_text_white2.png","contentUrl":"https:\/\/www.ghostysky.com\/wp-content\/uploads\/2020\/06\/cropped-ghostyskylogo_text_white2.png","width":169,"height":56,"caption":"Ghostysky"},"image":{"@id":"https:\/\/www.ghostysky.com\/#\/schema\/logo\/image\/"},"sameAs":["https:\/\/www.facebook.com\/people\/Ghostysky\/100057676170234\/","https:\/\/x.com\/Gh0stysky","https:\/\/www.linkedin.com\/company\/34739653","https:\/\/www.instagram.com\/gh0stysky"]}]}},"_links":{"self":[{"href":"https:\/\/www.ghostysky.com\/fr\/wp-json\/wp\/v2\/product\/2075","targetHints":{"allow":["GET"]}}],"collection":[{"href":"https:\/\/www.ghostysky.com\/fr\/wp-json\/wp\/v2\/product"}],"about":[{"href":"https:\/\/www.ghostysky.com\/fr\/wp-json\/wp\/v2\/types\/product"}],"replies":[{"embeddable":true,"href":"https:\/\/www.ghostysky.com\/fr\/wp-json\/wp\/v2\/comments?post=2075"}],"version-history":[{"count":0,"href":"https:\/\/www.ghostysky.com\/fr\/wp-json\/wp\/v2\/product\/2075\/revisions"}],"wp:featuredmedia":[{"embeddable":true,"href":"https:\/\/www.ghostysky.com\/fr\/wp-json\/wp\/v2\/media\/2077"}],"wp:attachment":[{"href":"https:\/\/www.ghostysky.com\/fr\/wp-json\/wp\/v2\/media?parent=2075"}],"wp:term":[{"taxonomy":"product_brand","embeddable":true,"href":"https:\/\/www.ghostysky.com\/fr\/wp-json\/wp\/v2\/product_brand?post=2075"},{"taxonomy":"product_cat","embeddable":true,"href":"https:\/\/www.ghostysky.com\/fr\/wp-json\/wp\/v2\/product_cat?post=2075"},{"taxonomy":"product_tag","embeddable":true,"href":"https:\/\/www.ghostysky.com\/fr\/wp-json\/wp\/v2\/product_tag?post=2075"}],"curies":[{"name":"wp","href":"https:\/\/api.w.org\/{rel}","templated":true}]}}