{"id":20782,"date":"2025-10-14T07:20:01","date_gmt":"2025-10-14T07:20:01","guid":{"rendered":"https:\/\/www.ghostysky.com\/?post_type=product&#038;p=20782"},"modified":"2026-03-23T12:20:37","modified_gmt":"2026-03-23T12:20:37","slug":"emlid-rs4-pro","status":"publish","type":"product","link":"https:\/\/www.ghostysky.com\/fr\/product\/emlid-rs4-pro\/","title":{"rendered":"Emlid RS4 Pro"},"content":{"rendered":"<h3><b>Caract\u00e9ristiques principales<\/b><\/h3>\n<ul>\n<li><b><span class=\"citation-63\">Cam\u00e9ras doubles Full HD et flux de travail visuels\u00a0:<\/span><\/b><span class=\"citation-63 citation-end-63\"> La caract\u00e9ristique la plus remarquable est l&#039;int\u00e9gration de deux cam\u00e9ras Full-HD calibr\u00e9es en usine, qui permettent de puissants flux de travail visuels\u00a0:<\/span>\n<ul>\n<li><b><span class=\"citation-62\">Jalonnement AR :<\/span><\/b><span class=\"citation-62 citation-end-62\"> Superposez vos plans de conception directement sur le monde r\u00e9el avec des conseils en r\u00e9alit\u00e9 augment\u00e9e, rendant l&#039;implantation plus rapide, plus intuitive et tr\u00e8s efficace.<\/span><\/li>\n<li><b>Mesure \u00e0 partir d&#039;images :<\/b><span class=\"citation-61 citation-end-61\"> Capturez en toute s\u00e9curit\u00e9 des points inaccessibles, tels que des fa\u00e7ades de b\u00e2timents, des points sur des routes tr\u00e8s fr\u00e9quent\u00e9es ou des zones derri\u00e8re des cl\u00f4tures, en prenant simplement des photos, \u00e9liminant ainsi le besoin de configurations de stations totales dans des zones dangereuses.<\/span><\/li>\n<\/ul>\n<\/li>\n<li><b>Pr\u00e9cision GNSS de niveau professionnel\u00a0:<\/b><span class=\"citation-60 citation-end-60\"> Suit toutes les principales constellations et fr\u00e9quences de satellites (GPS, GLONASS, Galileo, BeiDou, QZSS, NavIC) avec 672 canaux pour des correctifs fiables et rapides et des performances robustes dans des environnements difficiles.<\/span>\n<ul>\n<li><b><span class=\"citation-59\">Pr\u00e9cision RTK (horizontale)\u00a0:<\/span><\/b> <span class=\"math-inline\"><span class=\"katex\"><span class=\"katex-html\" aria-hidden=\"true\"><span class=\"base\"><span class=\"mord\">7<\/span><span class=\"mord text\"><span class=\"mord\">\u00a0mm<\/span><\/span><span class=\"mbin\">+<\/span><\/span><span class=\"base\"><span class=\"mord\">1<\/span><span class=\"mord text\"><span class=\"mord\">\u00a0ppm<\/span><\/span><\/span><\/span><\/span><\/span><\/li>\n<\/ul>\n<\/li>\n<li><b><span class=\"citation-58\">Compensation d&#039;inclinaison avanc\u00e9e\u00a0:<\/span><\/b><span class=\"citation-58 citation-end-58\"> Dispose d&#039;une compensation d&#039;inclinaison IMU de nouvelle g\u00e9n\u00e9ration, permettant des mesures pr\u00e9cises sans avoir besoin de niveler le poteau, acc\u00e9l\u00e9rant consid\u00e9rablement la collecte de donn\u00e9es.<\/span>\n<ul>\n<li><b>Pr\u00e9cision avec inclinaison :<\/b> <span class=\"math-inline\"><span class=\"katex\"><span class=\"katex-html\" aria-hidden=\"true\"><span class=\"base\"><span class=\"mord\">2<\/span><span class=\"mord text\"><span class=\"mord\">\u00a0mm<\/span><\/span><span class=\"mbin\">+<\/span><\/span><span class=\"base\"><span class=\"mord\">0.3<\/span><span class=\"mord\"><span class=\"mord text\">\u00a0mm\/<\/span><span class=\"msupsub\"><span class=\"vlist-t\"><span class=\"vlist-r\"><span class=\"vlist\"><span class=\"\"><span class=\"sizing reset-size6 size3 mtight\"><span class=\"mbin mtight\">\u2218<\/span><\/span><\/span><\/span><\/span><\/span><\/span><\/span><\/span><\/span><\/span><\/span><\/li>\n<\/ul>\n<\/li>\n<li><b>Connectivit\u00e9 robuste :<\/b><span class=\"citation-56 citation-end-56\"> Comprend un modem LTE global int\u00e9gr\u00e9 pour les corrections NTRIP, une connexion Wi-Fi double bande, Bluetooth et un syst\u00e8me radio multibande Emlid (LoRa\/UHF) pour une communication longue port\u00e9e entre la base et le rover (jusqu&#039;\u00e0 <\/span><span class=\"math-inline\"><span class=\"katex\"><span class=\"katex-html\" aria-hidden=\"true\"><span class=\"base\"><span class=\"mord\">8<\/span><span class=\"mord text\"><span class=\"mord\">\u00a0km<\/span><\/span><\/span><\/span><\/span><\/span><span class=\"citation-55 citation-end-55\">).<\/span><\/li>\n<li><b><span class=\"citation-54\">Conception robuste et durable :<\/span><\/b><span class=\"citation-54 citation-end-54\"> Construit avec un corps en alliage de magn\u00e9sium durable et une protection d&#039;entr\u00e9e IP68, le RS4 Pro est con\u00e7u pour r\u00e9sister aux conditions de terrain les plus difficiles, du froid extr\u00eame (<\/span><span class=\"math-inline\"><span class=\"katex\"><span class=\"katex-html\" aria-hidden=\"true\"><span class=\"base\"><span class=\"mord text\"><span class=\"mord\">\u2013<\/span><\/span><span class=\"mord\">4<\/span><span class=\"mord\">0<span class=\"msupsub\"><span class=\"vlist-t\"><span class=\"vlist-r\"><span class=\"vlist\"><span class=\"\"><span class=\"sizing reset-size6 size3 mtight\"><span class=\"mbin mtight\">\u2218<\/span><\/span><\/span><\/span><\/span><\/span><\/span><\/span><span class=\"mord text\"><span class=\"mord\">C<\/span><\/span><\/span><\/span><\/span><\/span><span class=\"citation-53 citation-end-53\">) \u00e0 une chaleur intense (<\/span><span class=\"math-inline\"><span class=\"katex\"><span class=\"katex-html\" aria-hidden=\"true\"><span class=\"base\"><span class=\"mord\"><span class=\"mord text\">+65<\/span><span class=\"msupsub\"><span class=\"vlist-t\"><span class=\"vlist-r\"><span class=\"vlist\"><span class=\"\"><span class=\"sizing reset-size6 size3 mtight\"><span class=\"mbin mtight\">\u2218<\/span><\/span><\/span><\/span><\/span><\/span><\/span><\/span><span class=\"mord text\"><span class=\"mord\">C<\/span><\/span><\/span><\/span><\/span><\/span><span class=\"citation-52 citation-end-52\">).<\/span><\/li>\n<li><b><span class=\"citation-51\">Int\u00e9gration transparente d&#039;Emlid Flow\u00a0:<\/span><\/b><span class=\"citation-51\"> Propuls\u00e9 par le <\/span><b><span class=\"citation-51\">Flux d&#039;Emlid<\/span><\/b><span class=\"citation-51 citation-end-51\"> application mobile et cloud, elle assure un flux de travail fluide du terrain au bureau, offrant :<\/span>\n<ul>\n<li>Installation et configuration faciles.<\/li>\n<li><span class=\"citation-50 citation-end-50\">Synchronisation des donn\u00e9es en temps r\u00e9el avec le service cloud Emlid Flow 360.<\/span><\/li>\n<li><span class=\"citation-49 citation-end-49\">Outils complets pour les relev\u00e9s topographiques, les implantations, les travaux de lignes et de routes, les calculs de coupe et de remblai et les plans tels que construits.<\/span><\/li>\n<\/ul>\n<\/li>\n<li><b>Autonomie longue dur\u00e9e :<\/b> Dispose d&#039;une autonomie de batterie impressionnante allant jusqu&#039;\u00e0 16 heures en tant que rover RTK avec compensation d&#039;inclinaison.<\/li>\n<\/ul>\n<h3><b>Sp\u00e9cifications techniques<\/b><\/h3>\n<ul class=\"product-specifications-list flex f-wrap\">\n<li>\n<h3 class=\"h3\">Imagerie<\/h3>\n<div class=\"rte\">\n<p><strong>Capteurs d&#039;images :<\/strong>\u00a01\/2,6 po, CMOS, obturateur global, Full HD<\/p>\n<p><strong>Champ de vision<\/strong><\/p>\n<p><strong>Cam\u00e9ra frontale :<\/strong>\u00a0H: 64,6<strong>\u00b0<\/strong>, V: 42,8<strong>\u00b0<\/strong><\/p>\n<p><strong>Cam\u00e9ra du bas :<\/strong>\u00a0H: 63<strong>\u00b0<\/strong>, V: 42<strong>\u00b0<\/strong><\/p>\n<p><strong>Fr\u00e9quence d&#039;images vid\u00e9o :\u00a0<\/strong>25 images par seconde<\/p>\n<\/div>\n<\/li>\n<li>\n<h3 class=\"h3\">M\u00e9canique<\/h3>\n<div class=\"rte\">\n<p><strong>Dimensions:<\/strong>\u00a0128,6 x 128,6 x 99,3 mm<\/p>\n<p><strong>Poids:<\/strong>\u00a0920 g (2,028 lb)<\/p>\n<p><strong>Temp\u00e9rature de fonctionnement :<\/strong>\u00a0-40 \u00e0 +65 \u00b0C (-40 \u00e0 149 \u00b0F)<\/p>\n<p><strong>Protection contre les intrusions<\/strong>: IP68<\/p>\n<\/div>\n<\/li>\n<li>\n<h3 class=\"h3\">\u00c9lectrique<\/h3>\n<div class=\"rte\">\n<p><strong>Autonomie:\u00a0<\/strong>16 heures en tant que rover RTK avec inclinaison<\/p>\n<p><strong>Batterie:<\/strong>\u00a0Batterie Li-Ion 5000 mAh, 7,2 V, 36 Wh<\/p>\n<p><strong>Chargement :<\/strong>\u00a0USB Type-C (PD)\u00a0: 5\u00a0V\u00a0\u2014\u00a03\u00a0A, 9\u00a0V\u00a0\u2014\u00a03\u00a0A, 12\u00a0V\u00a0\u2014\u00a03\u00a0A, 15\u00a0V\u00a0\u2014\u00a03\u00a0A<\/p>\n<\/div>\n<\/li>\n<li>\n<h3 class=\"h3\">Positionnement<\/h3>\n<div class=\"rte\">\n<p><strong>Statique:<\/strong>\u00a0H : 4 mm + 0,5 ppm | V : 8 mm + 1 ppm<\/p>\n<p><strong>PPK :<\/strong>\u00a0H : 5 mm + 0,5 ppm | V : 10 mm + 1 ppm<\/p>\n<p><strong>RTK :<\/strong>\u00a0H : 7 mm + 1 ppm | V : 14 mm + 1 ppm<\/p>\n<p><strong>Compensation d&#039;inclinaison :<\/strong>\u00a0RTK + 2 mm + 0,3 mm\/\u00b0<\/p>\n<p><strong>Temps de convergence :<\/strong>\u00a0~5 s g\u00e9n\u00e9ralement<\/p>\n<\/div>\n<\/li>\n<li>\n<h3 class=\"h3\">Protocoles de donn\u00e9es<\/h3>\n<div class=\"rte\">\n<p><strong>Corrections:<\/strong>\u00a0NTRIP, RTCM3<\/p>\n<p><strong>Sortie de position :<\/strong>\u00a0NMEA, LLH\/XYZ<\/p>\n<p><strong>Enregistrement des donn\u00e9es :<\/strong>\u00a0RINEX, NMEA, LLH\/XYZ, UBX<\/p>\n<p><strong>Stockage interne :<\/strong>\u00a016 GB<\/p>\n<\/div>\n<\/li>\n<li>\n<h3 class=\"h3\">GNSS<\/h3>\n<div class=\"rte\">\n<p><strong>Signal suivi :<\/strong>\u00a0GPS : L1C\/A, L2C, L5, GLONASS : L1OF, L2OF, Galileo : E1-B\/C, E5a, E6, BeiDou : B1I, B1C, B2a, B3I, QZSS : L1C\/A, L1C\/B11, L2C, L5, NavIC : L1-SPS Data, L5-SPS<\/p>\n<p><strong>Nombre de canaux :<\/strong>\u00a0672<\/p>\n<p><strong>Taux de mise \u00e0 jour :<\/strong>\u00a0jusqu&#039;\u00e0 10 Hz<\/p>\n<\/div>\n<\/li>\n<li>\n<h3 class=\"h3\">Connectivit\u00e9<\/h3>\n<div class=\"rte\">\n<p><strong>Radio LoRa :\u00a0<\/strong>jusqu&#039;\u00e0 1 W<\/p>\n<p><strong>Gamme de fr\u00e9quences :<\/strong>\u00a0868\/915 MHz<\/p>\n<p><strong>Pouvoir:\u00a0<\/strong>0,1 W<\/p>\n<p><strong>Distance:<\/strong>\u00a0Jusqu&#039;\u00e0 8 km<\/p>\n<p><strong>Radio UHF :\u00a0<\/strong>jusqu&#039;\u00e0 2 W<\/p>\n<p><strong>Gamme de fr\u00e9quences :<\/strong>\u00a0410 \u2013 470 MHz<\/p>\n<p><strong>Protocoles :<\/strong>\u00a0TRIMTALK 450S**<\/p>\n<p><strong>Type de modulation :<\/strong>\u00a0GMSK<\/p>\n<p><strong>modem LTE<\/strong><\/p>\n<p><strong>R\u00e9gions:<\/strong>\u00a0Mondial<\/p>\n<p><strong>Bandes:<\/strong>\u00a0FDD-LTE\u00a0: 1, 2, 3, 4, 5, 7, 8, 12, 13, 18, 19, 20, 26, 28 TD-LTE\u00a0: 38, 39, 40, 41 UMTS (UHPS\/FDD)\u00a0: 1, 2, 5, 8 Quadri-bande, 850\/1\u00a0900, 900\/1\u00a0800 MHz<\/p>\n<p><strong>Carte SIM:<\/strong>\u00a0Nano-SIM<\/p>\n<p><strong>Wi-Fi:<\/strong>\u00a0802.11 b\/g\/n<\/p>\n<p><strong>Bluetooth:<\/strong>\u00a0Bluetooth 5.1 (BR\/EDR + LE)<\/p>\n<p><strong>Ports:<\/strong>\u00a0RS-232, USB Type-C<\/p>\n<p>*Utilisez l&#039;antenne adapt\u00e9e, LoRa ou UHF, \u00e0 votre configuration.<\/p>\n<p>**TRIMTALK est une marque d\u00e9pos\u00e9e de Trimble Inc.<\/p>\n<\/div>\n<p>&nbsp;<\/li>\n<\/ul>\n<h3>Dans la bo\u00eete<\/h3>\n<ul>\n<li><span class=\"discussion-id-273498ed-188c-8061-ae20-001c3a079042 notion-enable-hover\" data-token-index=\"1\">1x Emlid Reach RS4 Pro<\/span><\/li>\n<li>1 \u00e9tui de transport<\/li>\n<li>1x c\u00e2ble USB Type-C<\/li>\n<li>1x antenne LoRa 860-930 MHz<\/li>\n<li>1x antenne UHF 410-470 MHz<\/li>\n<\/ul>","protected":false},"excerpt":{"rendered":"<p><span class=\"citation-65\">Le <\/span><b><span class=\"citation-65\">Emlid Reach RS4 Pro<\/span><\/b><span class=\"citation-65 citation-end-65\"> est un r\u00e9cepteur GNSS RTK multibande de qualit\u00e9 professionnelle qui \u00e9tablit une nouvelle norme pour l&#039;arpentage de haute pr\u00e9cision en int\u00e9grant une technologie de vision avanc\u00e9e.<\/span><\/p>\n<p><span class=\"citation-64 citation-end-64\">C&#039;est la solution phare pour les g\u00e9om\u00e8tres, les ing\u00e9nieurs et les professionnels de la construction qui exigent une pr\u00e9cision au centim\u00e8tre pr\u00e8s, de la rapidit\u00e9 et une s\u00e9curit\u00e9 renforc\u00e9e sur des projets exigeants.<\/span><\/p>","protected":false},"featured_media":20807,"comment_status":"open","ping_status":"closed","template":"","meta":[],"product_brand":[1025],"product_cat":[1119,89,1117,1125,1127,30,365],"product_tag":[58,1027,1028],"class_list":{"0":"post-20782","1":"product","2":"type-product","3":"status-publish","4":"has-post-thumbnail","6":"product_brand-emlid","7":"product_cat-dji-matrice-4-accessories","8":"product_cat-emlid","9":"product_cat-matrice-4","10":"product_cat-matrice-400","11":"product_cat-matrice-400-accessories","12":"product_cat-mobile-station","13":"product_cat-receivers-emlid","14":"product_tag-emlid","15":"product_tag-emlid-rs-series","16":"product_tag-emlid-rs4-pro","18":"first","19":"instock","20":"taxable","21":"shipping-taxable","22":"purchasable","23":"product-type-simple"},"yoast_head":"<!-- This site is optimized with the Yoast SEO plugin v27.4 - https:\/\/yoast.com\/product\/yoast-seo-wordpress\/ -->\n<title>Emlid RS4 Pro - Ghostysky<\/title>\n<meta name=\"description\" content=\"The Emlid Reach RS4 Pro is a professional-grade, multi-band RTK GNSS receiver that sets a new standard for high-precision surveying by integrating advanced vision technology.It&#039;s the flagship solution for surveyors, engineers, and construction professionals who demand centimeter-level accuracy, speed, and enhanced safety on demanding projects.\" \/>\n<meta name=\"robots\" content=\"index, follow, max-snippet:-1, max-image-preview:large, max-video-preview:-1\" \/>\n<link rel=\"canonical\" href=\"https:\/\/www.ghostysky.com\/fr\/product\/emlid-rs4-pro\/\" \/>\n<meta property=\"og:locale\" content=\"fr_FR\" \/>\n<meta property=\"og:type\" content=\"article\" \/>\n<meta property=\"og:title\" content=\"Emlid RS4 Pro - Ghostysky\" \/>\n<meta property=\"og:description\" content=\"The Emlid Reach RS4 Pro is a professional-grade, multi-band RTK GNSS receiver that sets a new standard for high-precision surveying by integrating advanced vision technology.It&#039;s the flagship solution for surveyors, engineers, and construction professionals who demand centimeter-level accuracy, speed, and enhanced safety on demanding projects.\" \/>\n<meta property=\"og:url\" content=\"https:\/\/www.ghostysky.com\/fr\/product\/emlid-rs4-pro\/\" \/>\n<meta property=\"og:site_name\" content=\"Ghostysky\" \/>\n<meta property=\"article:publisher\" content=\"https:\/\/www.facebook.com\/people\/Ghostysky\/100057676170234\/\" \/>\n<meta property=\"article:modified_time\" content=\"2026-03-23T12:20:37+00:00\" \/>\n<meta property=\"og:image\" content=\"https:\/\/www.ghostysky.com\/wp-content\/uploads\/2025\/10\/GH_Emlid_RS4_Pro_1.webp\" \/>\n\t<meta property=\"og:image:width\" content=\"2400\" \/>\n\t<meta property=\"og:image:height\" content=\"2400\" \/>\n\t<meta property=\"og:image:type\" content=\"image\/webp\" \/>\n<meta name=\"twitter:card\" content=\"summary_large_image\" \/>\n<meta name=\"twitter:site\" content=\"@Gh0stysky\" \/>\n<meta name=\"twitter:label1\" content=\"Dur\u00e9e de lecture estim\u00e9e\" \/>\n\t<meta name=\"twitter:data1\" content=\"3 minutes\" \/>\n<script type=\"application\/ld+json\" class=\"yoast-schema-graph\">{\"@context\":\"https:\\\/\\\/schema.org\",\"@graph\":[{\"@type\":\"WebPage\",\"@id\":\"https:\\\/\\\/www.ghostysky.com\\\/product\\\/emlid-rs4-pro\\\/\",\"url\":\"https:\\\/\\\/www.ghostysky.com\\\/product\\\/emlid-rs4-pro\\\/\",\"name\":\"Emlid RS4 Pro - Ghostysky\",\"isPartOf\":{\"@id\":\"https:\\\/\\\/www.ghostysky.com\\\/#website\"},\"primaryImageOfPage\":{\"@id\":\"https:\\\/\\\/www.ghostysky.com\\\/product\\\/emlid-rs4-pro\\\/#primaryimage\"},\"image\":{\"@id\":\"https:\\\/\\\/www.ghostysky.com\\\/product\\\/emlid-rs4-pro\\\/#primaryimage\"},\"thumbnailUrl\":\"https:\\\/\\\/www.ghostysky.com\\\/wp-content\\\/uploads\\\/2025\\\/10\\\/GH_Emlid_RS4_Pro_1.webp\",\"datePublished\":\"2025-10-14T07:20:01+00:00\",\"dateModified\":\"2026-03-23T12:20:37+00:00\",\"description\":\"The Emlid Reach RS4 Pro is a professional-grade, multi-band RTK GNSS receiver that sets a new standard for high-precision surveying by integrating advanced vision technology.It's the flagship solution for surveyors, engineers, and construction professionals who demand centimeter-level accuracy, speed, and enhanced safety on demanding projects.\",\"breadcrumb\":{\"@id\":\"https:\\\/\\\/www.ghostysky.com\\\/product\\\/emlid-rs4-pro\\\/#breadcrumb\"},\"inLanguage\":\"fr-FR\",\"potentialAction\":[{\"@type\":\"ReadAction\",\"target\":[\"https:\\\/\\\/www.ghostysky.com\\\/product\\\/emlid-rs4-pro\\\/\"]}]},{\"@type\":\"ImageObject\",\"inLanguage\":\"fr-FR\",\"@id\":\"https:\\\/\\\/www.ghostysky.com\\\/product\\\/emlid-rs4-pro\\\/#primaryimage\",\"url\":\"https:\\\/\\\/www.ghostysky.com\\\/wp-content\\\/uploads\\\/2025\\\/10\\\/GH_Emlid_RS4_Pro_1.webp\",\"contentUrl\":\"https:\\\/\\\/www.ghostysky.com\\\/wp-content\\\/uploads\\\/2025\\\/10\\\/GH_Emlid_RS4_Pro_1.webp\",\"width\":2400,\"height\":2400},{\"@type\":\"BreadcrumbList\",\"@id\":\"https:\\\/\\\/www.ghostysky.com\\\/product\\\/emlid-rs4-pro\\\/#breadcrumb\",\"itemListElement\":[{\"@type\":\"ListItem\",\"position\":1,\"name\":\"Home\",\"item\":\"https:\\\/\\\/www.ghostysky.com\\\/\"},{\"@type\":\"ListItem\",\"position\":2,\"name\":\"Shop\",\"item\":\"https:\\\/\\\/www.ghostysky.com\\\/shop\\\/\"},{\"@type\":\"ListItem\",\"position\":3,\"name\":\"Emlid RS4 Pro\"}]},{\"@type\":\"WebSite\",\"@id\":\"https:\\\/\\\/www.ghostysky.com\\\/#website\",\"url\":\"https:\\\/\\\/www.ghostysky.com\\\/\",\"name\":\"Ghostysky\",\"description\":\"Delivering professional drones and services\",\"publisher\":{\"@id\":\"https:\\\/\\\/www.ghostysky.com\\\/#organization\"},\"potentialAction\":[{\"@type\":\"SearchAction\",\"target\":{\"@type\":\"EntryPoint\",\"urlTemplate\":\"https:\\\/\\\/www.ghostysky.com\\\/?s={search_term_string}\"},\"query-input\":{\"@type\":\"PropertyValueSpecification\",\"valueRequired\":true,\"valueName\":\"search_term_string\"}}],\"inLanguage\":\"fr-FR\"},{\"@type\":\"Organization\",\"@id\":\"https:\\\/\\\/www.ghostysky.com\\\/#organization\",\"name\":\"Ghostysky\",\"url\":\"https:\\\/\\\/www.ghostysky.com\\\/\",\"logo\":{\"@type\":\"ImageObject\",\"inLanguage\":\"fr-FR\",\"@id\":\"https:\\\/\\\/www.ghostysky.com\\\/#\\\/schema\\\/logo\\\/image\\\/\",\"url\":\"https:\\\/\\\/www.ghostysky.com\\\/wp-content\\\/uploads\\\/2020\\\/06\\\/cropped-ghostyskylogo_text_white2.png\",\"contentUrl\":\"https:\\\/\\\/www.ghostysky.com\\\/wp-content\\\/uploads\\\/2020\\\/06\\\/cropped-ghostyskylogo_text_white2.png\",\"width\":169,\"height\":56,\"caption\":\"Ghostysky\"},\"image\":{\"@id\":\"https:\\\/\\\/www.ghostysky.com\\\/#\\\/schema\\\/logo\\\/image\\\/\"},\"sameAs\":[\"https:\\\/\\\/www.facebook.com\\\/people\\\/Ghostysky\\\/100057676170234\\\/\",\"https:\\\/\\\/x.com\\\/Gh0stysky\",\"https:\\\/\\\/www.linkedin.com\\\/company\\\/34739653\",\"https:\\\/\\\/www.instagram.com\\\/gh0stysky\"]}]}<\/script>\n<!-- \/ Yoast SEO plugin. -->","yoast_head_json":{"title":"Emlid RS4 Pro - Ghostysky","description":"L&#039;Emlid Reach RS4 Pro est un r\u00e9cepteur GNSS RTK multibande de qualit\u00e9 professionnelle qui \u00e9tablit une nouvelle norme pour l&#039;arpentage de haute pr\u00e9cision en int\u00e9grant une technologie de vision avanc\u00e9e. C&#039;est la solution phare pour les g\u00e9om\u00e8tres, les ing\u00e9nieurs et les professionnels de la construction qui exigent une pr\u00e9cision au centim\u00e8tre pr\u00e8s, de la rapidit\u00e9 et une s\u00e9curit\u00e9 renforc\u00e9e sur des projets exigeants.","robots":{"index":"index","follow":"follow","max-snippet":"max-snippet:-1","max-image-preview":"max-image-preview:large","max-video-preview":"max-video-preview:-1"},"canonical":"https:\/\/www.ghostysky.com\/fr\/product\/emlid-rs4-pro\/","og_locale":"fr_FR","og_type":"article","og_title":"Emlid RS4 Pro - Ghostysky","og_description":"The Emlid Reach RS4 Pro is a professional-grade, multi-band RTK GNSS receiver that sets a new standard for high-precision surveying by integrating advanced vision technology.It's the flagship solution for surveyors, engineers, and construction professionals who demand centimeter-level accuracy, speed, and enhanced safety on demanding projects.","og_url":"https:\/\/www.ghostysky.com\/fr\/product\/emlid-rs4-pro\/","og_site_name":"Ghostysky","article_publisher":"https:\/\/www.facebook.com\/people\/Ghostysky\/100057676170234\/","article_modified_time":"2026-03-23T12:20:37+00:00","og_image":[{"width":2400,"height":2400,"url":"https:\/\/www.ghostysky.com\/wp-content\/uploads\/2025\/10\/GH_Emlid_RS4_Pro_1.webp","type":"image\/webp"}],"twitter_card":"summary_large_image","twitter_site":"@Gh0stysky","twitter_misc":{"Dur\u00e9e de lecture estim\u00e9e":"3 minutes"},"schema":{"@context":"https:\/\/schema.org","@graph":[{"@type":"WebPage","@id":"https:\/\/www.ghostysky.com\/product\/emlid-rs4-pro\/","url":"https:\/\/www.ghostysky.com\/product\/emlid-rs4-pro\/","name":"Emlid RS4 Pro - Ghostysky","isPartOf":{"@id":"https:\/\/www.ghostysky.com\/#website"},"primaryImageOfPage":{"@id":"https:\/\/www.ghostysky.com\/product\/emlid-rs4-pro\/#primaryimage"},"image":{"@id":"https:\/\/www.ghostysky.com\/product\/emlid-rs4-pro\/#primaryimage"},"thumbnailUrl":"https:\/\/www.ghostysky.com\/wp-content\/uploads\/2025\/10\/GH_Emlid_RS4_Pro_1.webp","datePublished":"2025-10-14T07:20:01+00:00","dateModified":"2026-03-23T12:20:37+00:00","description":"L&#039;Emlid Reach RS4 Pro est un r\u00e9cepteur GNSS RTK multibande de qualit\u00e9 professionnelle qui \u00e9tablit une nouvelle norme pour l&#039;arpentage de haute pr\u00e9cision en int\u00e9grant une technologie de vision avanc\u00e9e. C&#039;est la solution phare pour les g\u00e9om\u00e8tres, les ing\u00e9nieurs et les professionnels de la construction qui exigent une pr\u00e9cision au centim\u00e8tre pr\u00e8s, de la rapidit\u00e9 et une s\u00e9curit\u00e9 renforc\u00e9e sur des projets exigeants.","breadcrumb":{"@id":"https:\/\/www.ghostysky.com\/product\/emlid-rs4-pro\/#breadcrumb"},"inLanguage":"fr-FR","potentialAction":[{"@type":"ReadAction","target":["https:\/\/www.ghostysky.com\/product\/emlid-rs4-pro\/"]}]},{"@type":"ImageObject","inLanguage":"fr-FR","@id":"https:\/\/www.ghostysky.com\/product\/emlid-rs4-pro\/#primaryimage","url":"https:\/\/www.ghostysky.com\/wp-content\/uploads\/2025\/10\/GH_Emlid_RS4_Pro_1.webp","contentUrl":"https:\/\/www.ghostysky.com\/wp-content\/uploads\/2025\/10\/GH_Emlid_RS4_Pro_1.webp","width":2400,"height":2400},{"@type":"BreadcrumbList","@id":"https:\/\/www.ghostysky.com\/product\/emlid-rs4-pro\/#breadcrumb","itemListElement":[{"@type":"ListItem","position":1,"name":"Home","item":"https:\/\/www.ghostysky.com\/"},{"@type":"ListItem","position":2,"name":"Shop","item":"https:\/\/www.ghostysky.com\/shop\/"},{"@type":"ListItem","position":3,"name":"Emlid RS4 Pro"}]},{"@type":"WebSite","@id":"https:\/\/www.ghostysky.com\/#website","url":"https:\/\/www.ghostysky.com\/","name":"Ghostysky","description":"Livraison de drones et de services professionnels","publisher":{"@id":"https:\/\/www.ghostysky.com\/#organization"},"potentialAction":[{"@type":"SearchAction","target":{"@type":"EntryPoint","urlTemplate":"https:\/\/www.ghostysky.com\/?s={search_term_string}"},"query-input":{"@type":"PropertyValueSpecification","valueRequired":true,"valueName":"search_term_string"}}],"inLanguage":"fr-FR"},{"@type":"Organization","@id":"https:\/\/www.ghostysky.com\/#organization","name":"Ghostysky","url":"https:\/\/www.ghostysky.com\/","logo":{"@type":"ImageObject","inLanguage":"fr-FR","@id":"https:\/\/www.ghostysky.com\/#\/schema\/logo\/image\/","url":"https:\/\/www.ghostysky.com\/wp-content\/uploads\/2020\/06\/cropped-ghostyskylogo_text_white2.png","contentUrl":"https:\/\/www.ghostysky.com\/wp-content\/uploads\/2020\/06\/cropped-ghostyskylogo_text_white2.png","width":169,"height":56,"caption":"Ghostysky"},"image":{"@id":"https:\/\/www.ghostysky.com\/#\/schema\/logo\/image\/"},"sameAs":["https:\/\/www.facebook.com\/people\/Ghostysky\/100057676170234\/","https:\/\/x.com\/Gh0stysky","https:\/\/www.linkedin.com\/company\/34739653","https:\/\/www.instagram.com\/gh0stysky"]}]}},"_links":{"self":[{"href":"https:\/\/www.ghostysky.com\/fr\/wp-json\/wp\/v2\/product\/20782","targetHints":{"allow":["GET"]}}],"collection":[{"href":"https:\/\/www.ghostysky.com\/fr\/wp-json\/wp\/v2\/product"}],"about":[{"href":"https:\/\/www.ghostysky.com\/fr\/wp-json\/wp\/v2\/types\/product"}],"replies":[{"embeddable":true,"href":"https:\/\/www.ghostysky.com\/fr\/wp-json\/wp\/v2\/comments?post=20782"}],"version-history":[{"count":1,"href":"https:\/\/www.ghostysky.com\/fr\/wp-json\/wp\/v2\/product\/20782\/revisions"}],"predecessor-version":[{"id":24423,"href":"https:\/\/www.ghostysky.com\/fr\/wp-json\/wp\/v2\/product\/20782\/revisions\/24423"}],"wp:featuredmedia":[{"embeddable":true,"href":"https:\/\/www.ghostysky.com\/fr\/wp-json\/wp\/v2\/media\/20807"}],"wp:attachment":[{"href":"https:\/\/www.ghostysky.com\/fr\/wp-json\/wp\/v2\/media?parent=20782"}],"wp:term":[{"taxonomy":"product_brand","embeddable":true,"href":"https:\/\/www.ghostysky.com\/fr\/wp-json\/wp\/v2\/product_brand?post=20782"},{"taxonomy":"product_cat","embeddable":true,"href":"https:\/\/www.ghostysky.com\/fr\/wp-json\/wp\/v2\/product_cat?post=20782"},{"taxonomy":"product_tag","embeddable":true,"href":"https:\/\/www.ghostysky.com\/fr\/wp-json\/wp\/v2\/product_tag?post=20782"}],"curies":[{"name":"wp","href":"https:\/\/api.w.org\/{rel}","templated":true}]}}