{"id":20808,"date":"2025-10-14T07:29:15","date_gmt":"2025-10-14T07:29:15","guid":{"rendered":"https:\/\/www.ghostysky.com\/?post_type=product&#038;p=20808"},"modified":"2026-02-10T07:15:50","modified_gmt":"2026-02-10T07:15:50","slug":"emlid-rx2","status":"publish","type":"product","link":"https:\/\/www.ghostysky.com\/fr\/product\/emlid-rx2\/","title":{"rendered":"Emlid RX2"},"content":{"rendered":"<h3>Caract\u00e9ristiques principales<\/h3>\n<ul>\n<li><b><span class=\"citation-98\">Compensation d&#039;inclinaison de l&#039;IMU :<\/span><\/b><span class=\"citation-98 citation-end-98\"> Mesurez les points avec pr\u00e9cision sans avoir besoin de niveler le poteau.<\/span> <span class=\"citation-97 citation-end-97\">Capturez rapidement des images pr\u00e8s des murs, des pentes ou dans des espaces restreints tout en conservant la pr\u00e9cision RTK.<\/span>\n<ul>\n<li><b>Immunit\u00e9 aux interf\u00e9rences magn\u00e9tiques :<\/b><span class=\"citation-96 citation-end-96\"> L&#039;IMU ne repose pas sur un magn\u00e9tom\u00e8tre, ce qui garantit des mesures stables et fiables autour des structures en acier et des v\u00e9hicules.<\/span><\/li>\n<li><b><span class=\"citation-95\">Aucun \u00e9talonnage utilisateur\u00a0:<\/span><\/b><span class=\"citation-95 citation-end-95\"> Calibr\u00e9 en usine, le RX2 est pr\u00eat \u00e0 \u00eatre inspect\u00e9 apr\u00e8s une initialisation rapide et simple sur site.<\/span><\/li>\n<\/ul>\n<\/li>\n<li><b><span class=\"citation-94\">Moteur GNSS toutes bandes\u00a0:<\/span><\/b><span class=\"citation-94 citation-end-94\"> Avec 672 canaux, le RX2 suit toutes les principales constellations de satellites (GPS, GLONASS, Galileo, BeiDou, QZSS et NavIC), offrant une solution rapide, stable et fiable m\u00eame dans des environnements difficiles comme sous la canop\u00e9e ou dans les zones urbaines.<\/span><\/li>\n<li><b><span class=\"citation-93\">Pure simplicit\u00e9 NTRIP\u00a0:<\/span><\/b><span class=\"citation-93 citation-end-93\"> Con\u00e7u pour \u00eatre le rover r\u00e9seau ultime, il se connecte \u00e0 n&#039;importe quel service de correction CORS ou NTRIP via la connexion Internet de votre smartphone en utilisant le format RTCM3.<\/span> <span class=\"citation-92 citation-end-92\">Aucune configuration de station de base, aucun modem radio, il suffit de se connecter et de collecter.<\/span><\/li>\n<li><b><span class=\"citation-91\">Format de poche et l\u00e9ger :<\/span><\/b><span class=\"citation-91\"> Pes\u00e9e uniquement <\/span><b><span class=\"citation-91\">280 g (0,62 lb)<\/span><\/b><span class=\"citation-91 citation-end-91\">, son profil compact et mince se glisse facilement dans une poche ou une bo\u00eete \u00e0 gants, ce qui en fait l&#039;outil le plus agile pour la collecte de donn\u00e9es.<\/span><\/li>\n<li><b>Robuste et fiable :<\/b><span class=\"citation-90\"> Con\u00e7u pour une utilisation dans le monde r\u00e9el avec un <\/span><b><span class=\"citation-90\">Indice de protection IP68<\/span><\/b><span class=\"citation-90 citation-end-90\"> classement, ce qui le rend \u00e9tanche \u00e0 la poussi\u00e8re et \u00e0 l&#039;eau (submersible jusqu&#039;\u00e0 <\/span><span class=\"math-inline\"><span class=\"katex\"><span class=\"katex-html\" aria-hidden=\"true\"><span class=\"base\"><span class=\"mord\">1.5<\/span><span class=\"mord text\"><span class=\"mord\">\u00a0m<\/span><\/span><\/span><\/span><\/span><\/span><span class=\"citation-89 citation-end-89\"> pour <\/span><span class=\"math-inline\"><span class=\"katex\"><span class=\"katex-html\" aria-hidden=\"true\"><span class=\"base\"><span class=\"mord\">30<\/span><span class=\"mord text\"><span class=\"mord\">\u00a0minutes<\/span><\/span><\/span><\/span><\/span><\/span><span class=\"citation-88 citation-end-88\">).<\/span><\/li>\n<li><b>Autonomie de la batterie toute la journ\u00e9e :<\/b><span class=\"citation-87\"> Se lever pour <\/span><b><span class=\"citation-87\">16 heures<\/span><\/b><span class=\"citation-87 citation-end-87\"> de fonctionnement sur une seule charge gr\u00e2ce \u00e0 sa batterie haute capacit\u00e9, qui se recharge rapidement via USB-C.<\/span><\/li>\n<li><b><span class=\"citation-86\">Int\u00e9gration transparente des applications\u00a0:<\/span><\/b><span class=\"citation-86\"> Fonctionne parfaitement avec le <\/span><b><span class=\"citation-86\">Flux d&#039;Emlid<\/span><\/b><span class=\"citation-86 citation-end-86\"> application mobile pour une configuration facile, la collecte de donn\u00e9es et la synchronisation dans le cloud.<\/span> <span class=\"citation-85\">Il s&#039;int\u00e8gre \u00e9galement de mani\u00e8re transparente aux applications SIG populaires telles que <\/span><b><span class=\"citation-85\">Cartes de terrain ArcGIS, Survey123, QField,<\/span><\/b><span class=\"citation-85\"> et prend en charge la num\u00e9risation terrestre de haute pr\u00e9cision avec des applications telles que <\/span><b><span class=\"citation-85\">PIX4Dcatch<\/span><\/b><span class=\"citation-85 citation-end-85\">.<\/span><\/li>\n<\/ul>\n<h3>Sp\u00e9cifications techniques<\/h3>\n<ul class=\"product-specifications-list flex f-wrap\">\n<li>\n<h3 class=\"h3\">M\u00e9canique<\/h3>\n<div class=\"rte\">\n<p><strong>Dimensions:<\/strong>\u00a0172 x 51 x 51 mm (6,77 x 2,00 x 2,00 pouces)<\/p>\n<p><strong>Monter:<\/strong>\u00a05\/8\u201d-11 UNC et d\u00e9gagement rapide<\/p>\n<p><strong>Poids:<\/strong>\u00a0280 g (0,62 lb)<\/p>\n<p><strong>Temp\u00e9rature de fonctionnement :<\/strong>\u00a0-20 \u00e0 +65 \u00b0C (-4 \u00e0 149 \u00b0F)<\/p>\n<p><strong>Protection contre les intrusions<\/strong>:IP68 (profondeur maximale de 1,5 m\u00e8tre jusqu&#039;\u00e0 30 minutes)<\/p>\n<\/div>\n<\/li>\n<li>\n<h3 class=\"h3\">\u00c9lectrique<\/h3>\n<div class=\"rte\">\n<p><strong>Autonomie:\u00a0<\/strong>Jusqu&#039;\u00e0 16 heures<\/p>\n<p><strong>Batterie:<\/strong>\u00a0Batterie Li-Ion 7000 mAh, 3,6 V, 25,2 Wh<\/p>\n<p><strong>Chargement :<\/strong>\u00a0USB Type-C 5 V 2 A<\/p>\n<p><strong>Certification:<\/strong>\u00a0FCC, CE, IC, MFi<\/p>\n<\/div>\n<\/li>\n<li>\n<h3 class=\"h3\">Positionnement<\/h3>\n<div class=\"rte\">\n<p><strong>RTK :<\/strong>\u00a0H : 7 mm + 1 ppm | V : 14 mm + 1 ppm<\/p>\n<p><strong>Inclinaison:<\/strong>\u00a0RTK + 2 mm + 0,3 mm\/\u00b0<\/p>\n<p><strong>Temps de convergence :<\/strong>\u00a0~5 s g\u00e9n\u00e9ralement<\/p>\n<\/div>\n<\/li>\n<li>\n<h3 class=\"h3\">Connectivit\u00e9<\/h3>\n<div class=\"rte\">\n<p><strong>Interface de communication :<\/strong>\u00a0Bluetooth 4.2 (BR\/EDR + LE)<\/p>\n<p><strong>Ports:<\/strong>\u00a0Port USB Type-C<\/p>\n<\/div>\n<\/li>\n<li>\n<h3 class=\"h3\">Donn\u00e9es<\/h3>\n<div class=\"rte\">\n<p><strong>Format des donn\u00e9es d&#039;entr\u00e9e\u00a0:<\/strong>\u00a0RTCM3<\/p>\n<p><strong>Protocole de donn\u00e9es d&#039;entr\u00e9e :<\/strong>\u00a0NTRIP<\/p>\n<p><strong>Format des donn\u00e9es de position\u00a0:<\/strong>\u00a0NMEA<\/p>\n<\/div>\n<\/li>\n<li>\n<h3 class=\"h3\">GNSS<\/h3>\n<div class=\"rte\">\n<p><strong>Signal suivi :<\/strong>\u00a0GPS : L1C\/A, L2C, L5<br \/>\nGLONASS : L1OF, L2OF<br \/>\nGalil\u00e9e : E1-B\/C, E5a, E6<br \/>\nBeiDou : B1I, B1C, B2a, B3I<br \/>\nQZSS : L1C\/A, L1C\/B11, L2C, L5<br \/>\nNavIC\u00a0: donn\u00e9es L1-SPS, L5-SPS<\/p>\n<p><strong>Nombre de canaux :<\/strong>\u00a0672<\/p>\n<p><strong>Taux de mise \u00e0 jour :<\/strong>\u00a05 Hz<\/p>\n<\/div>\n<\/li>\n<\/ul>\n<h3>Dans la bo\u00eete<\/h3>\n<ul>\n<li>Atteindre RX2<\/li>\n<li>C\u00e2ble USB Type-C<\/li>\n<\/ul>","protected":false},"excerpt":{"rendered":"<p class=\"first-token\"><span class=\"\">Pr\u00e9sentation de la <\/span><b class=\"\">Emlid Reach RX2<\/b><span class=\"\">,<\/span><span class=\"\"> le r\u00e9cepteur GNSS ultra-portable et puissant en r\u00e9seau mobile qui apporte une pr\u00e9cision RTK au centim\u00e8tre pr\u00e8s \u00e0 votre travail de terrain quotidien,<\/span><span class=\"\"> maintenant avec compensation d&#039;inclinaison IMU.<\/span><\/p>\n<p><span class=\"\">Con\u00e7u pour la simplicit\u00e9 et la performance,<\/span><span class=\"\"> Le RX2 est con\u00e7u pour les \u00e9quipes qui exigent des coordonn\u00e9es de haute pr\u00e9cision sans la complexit\u00e9 des \u00e9quipements d&#039;arpentage traditionnels.<\/span><span class=\"\"> C&#039;est l&#039;outil parfait pour les professionnels du SIG,<\/span><span class=\"\"> services publics,<\/span><span class=\"\"> construction,<\/span><span class=\"\"> et l&#039;am\u00e9nagement paysager,<\/span><span class=\"\"> s&#039;int\u00e9grant parfaitement \u00e0 votre flux de travail mobile.<\/span><\/p>","protected":false},"featured_media":20790,"comment_status":"open","ping_status":"closed","template":"","meta":[],"product_brand":[1025],"product_cat":[1119,89,1117,1125,1127,30,365],"product_tag":[58,1030,1029],"class_list":{"0":"post-20808","1":"product","2":"type-product","3":"status-publish","4":"has-post-thumbnail","6":"product_brand-emlid","7":"product_cat-dji-matrice-4-accessories","8":"product_cat-emlid","9":"product_cat-matrice-4","10":"product_cat-matrice-400","11":"product_cat-matrice-400-accessories","12":"product_cat-mobile-station","13":"product_cat-receivers-emlid","14":"product_tag-emlid","15":"product_tag-emlid-rx-series","16":"product_tag-emlid-rx2","18":"first","19":"instock","20":"taxable","21":"shipping-taxable","22":"purchasable","23":"product-type-simple"},"yoast_head":"<!-- This site is optimized with the Yoast SEO plugin v27.4 - https:\/\/yoast.com\/product\/yoast-seo-wordpress\/ -->\n<title>Emlid RX2 - Ghostysky<\/title>\n<meta name=\"description\" content=\"Introducing the Emlid Reach RX2, the ultra-portable and powerful network-rover GNSS receiver that brings centimeter-level RTK precision to your everyday fieldwork, now with IMU tilt compensation.Engineered for simplicity and performance, the RX2 is built for teams that demand high-accuracy coordinates without the complexity of traditional surveying equipment. It&#039;s the perfect tool for GIS professionals, utilities, construction, and landscaping, seamlessly integrating with your mobile workflow.\" \/>\n<meta name=\"robots\" content=\"index, follow, max-snippet:-1, max-image-preview:large, max-video-preview:-1\" \/>\n<link rel=\"canonical\" href=\"https:\/\/www.ghostysky.com\/fr\/product\/emlid-rx2\/\" \/>\n<meta property=\"og:locale\" content=\"fr_FR\" \/>\n<meta property=\"og:type\" content=\"article\" \/>\n<meta property=\"og:title\" content=\"Emlid RX2 - Ghostysky\" \/>\n<meta property=\"og:description\" content=\"Introducing the Emlid Reach RX2, the ultra-portable and powerful network-rover GNSS receiver that brings centimeter-level RTK precision to your everyday fieldwork, now with IMU tilt compensation.Engineered for simplicity and performance, the RX2 is built for teams that demand high-accuracy coordinates without the complexity of traditional surveying equipment. It&#039;s the perfect tool for GIS professionals, utilities, construction, and landscaping, seamlessly integrating with your mobile workflow.\" \/>\n<meta property=\"og:url\" content=\"https:\/\/www.ghostysky.com\/fr\/product\/emlid-rx2\/\" \/>\n<meta property=\"og:site_name\" content=\"Ghostysky\" \/>\n<meta property=\"article:publisher\" content=\"https:\/\/www.facebook.com\/people\/Ghostysky\/100057676170234\/\" \/>\n<meta property=\"article:modified_time\" content=\"2026-02-10T07:15:50+00:00\" \/>\n<meta property=\"og:image\" content=\"https:\/\/www.ghostysky.com\/wp-content\/uploads\/2025\/10\/GH_Emlid_RX2_1.webp\" \/>\n\t<meta property=\"og:image:width\" content=\"2400\" \/>\n\t<meta property=\"og:image:height\" content=\"2400\" \/>\n\t<meta property=\"og:image:type\" content=\"image\/webp\" \/>\n<meta name=\"twitter:card\" content=\"summary_large_image\" \/>\n<meta name=\"twitter:site\" content=\"@Gh0stysky\" \/>\n<meta name=\"twitter:label1\" content=\"Dur\u00e9e de lecture estim\u00e9e\" \/>\n\t<meta name=\"twitter:data1\" content=\"3 minutes\" \/>\n<script type=\"application\/ld+json\" class=\"yoast-schema-graph\">{\"@context\":\"https:\\\/\\\/schema.org\",\"@graph\":[{\"@type\":\"WebPage\",\"@id\":\"https:\\\/\\\/www.ghostysky.com\\\/product\\\/emlid-rx2\\\/\",\"url\":\"https:\\\/\\\/www.ghostysky.com\\\/product\\\/emlid-rx2\\\/\",\"name\":\"Emlid RX2 - Ghostysky\",\"isPartOf\":{\"@id\":\"https:\\\/\\\/www.ghostysky.com\\\/#website\"},\"primaryImageOfPage\":{\"@id\":\"https:\\\/\\\/www.ghostysky.com\\\/product\\\/emlid-rx2\\\/#primaryimage\"},\"image\":{\"@id\":\"https:\\\/\\\/www.ghostysky.com\\\/product\\\/emlid-rx2\\\/#primaryimage\"},\"thumbnailUrl\":\"https:\\\/\\\/www.ghostysky.com\\\/wp-content\\\/uploads\\\/2025\\\/10\\\/GH_Emlid_RX2_1.webp\",\"datePublished\":\"2025-10-14T07:29:15+00:00\",\"dateModified\":\"2026-02-10T07:15:50+00:00\",\"description\":\"Introducing the Emlid Reach RX2, the ultra-portable and powerful network-rover GNSS receiver that brings centimeter-level RTK precision to your everyday fieldwork, now with IMU tilt compensation.Engineered for simplicity and performance, the RX2 is built for teams that demand high-accuracy coordinates without the complexity of traditional surveying equipment. It's the perfect tool for GIS professionals, utilities, construction, and landscaping, seamlessly integrating with your mobile workflow.\",\"breadcrumb\":{\"@id\":\"https:\\\/\\\/www.ghostysky.com\\\/product\\\/emlid-rx2\\\/#breadcrumb\"},\"inLanguage\":\"fr-FR\",\"potentialAction\":[{\"@type\":\"ReadAction\",\"target\":[\"https:\\\/\\\/www.ghostysky.com\\\/product\\\/emlid-rx2\\\/\"]}]},{\"@type\":\"ImageObject\",\"inLanguage\":\"fr-FR\",\"@id\":\"https:\\\/\\\/www.ghostysky.com\\\/product\\\/emlid-rx2\\\/#primaryimage\",\"url\":\"https:\\\/\\\/www.ghostysky.com\\\/wp-content\\\/uploads\\\/2025\\\/10\\\/GH_Emlid_RX2_1.webp\",\"contentUrl\":\"https:\\\/\\\/www.ghostysky.com\\\/wp-content\\\/uploads\\\/2025\\\/10\\\/GH_Emlid_RX2_1.webp\",\"width\":2400,\"height\":2400},{\"@type\":\"BreadcrumbList\",\"@id\":\"https:\\\/\\\/www.ghostysky.com\\\/product\\\/emlid-rx2\\\/#breadcrumb\",\"itemListElement\":[{\"@type\":\"ListItem\",\"position\":1,\"name\":\"Home\",\"item\":\"https:\\\/\\\/www.ghostysky.com\\\/\"},{\"@type\":\"ListItem\",\"position\":2,\"name\":\"Shop\",\"item\":\"https:\\\/\\\/www.ghostysky.com\\\/shop\\\/\"},{\"@type\":\"ListItem\",\"position\":3,\"name\":\"Emlid RX2\"}]},{\"@type\":\"WebSite\",\"@id\":\"https:\\\/\\\/www.ghostysky.com\\\/#website\",\"url\":\"https:\\\/\\\/www.ghostysky.com\\\/\",\"name\":\"Ghostysky\",\"description\":\"Delivering professional drones and services\",\"publisher\":{\"@id\":\"https:\\\/\\\/www.ghostysky.com\\\/#organization\"},\"potentialAction\":[{\"@type\":\"SearchAction\",\"target\":{\"@type\":\"EntryPoint\",\"urlTemplate\":\"https:\\\/\\\/www.ghostysky.com\\\/?s={search_term_string}\"},\"query-input\":{\"@type\":\"PropertyValueSpecification\",\"valueRequired\":true,\"valueName\":\"search_term_string\"}}],\"inLanguage\":\"fr-FR\"},{\"@type\":\"Organization\",\"@id\":\"https:\\\/\\\/www.ghostysky.com\\\/#organization\",\"name\":\"Ghostysky\",\"url\":\"https:\\\/\\\/www.ghostysky.com\\\/\",\"logo\":{\"@type\":\"ImageObject\",\"inLanguage\":\"fr-FR\",\"@id\":\"https:\\\/\\\/www.ghostysky.com\\\/#\\\/schema\\\/logo\\\/image\\\/\",\"url\":\"https:\\\/\\\/www.ghostysky.com\\\/wp-content\\\/uploads\\\/2020\\\/06\\\/cropped-ghostyskylogo_text_white2.png\",\"contentUrl\":\"https:\\\/\\\/www.ghostysky.com\\\/wp-content\\\/uploads\\\/2020\\\/06\\\/cropped-ghostyskylogo_text_white2.png\",\"width\":169,\"height\":56,\"caption\":\"Ghostysky\"},\"image\":{\"@id\":\"https:\\\/\\\/www.ghostysky.com\\\/#\\\/schema\\\/logo\\\/image\\\/\"},\"sameAs\":[\"https:\\\/\\\/www.facebook.com\\\/people\\\/Ghostysky\\\/100057676170234\\\/\",\"https:\\\/\\\/x.com\\\/Gh0stysky\",\"https:\\\/\\\/www.linkedin.com\\\/company\\\/34739653\",\"https:\\\/\\\/www.instagram.com\\\/gh0stysky\"]}]}<\/script>\n<!-- \/ Yoast SEO plugin. -->","yoast_head_json":{"title":"Emlid RX2 - Ghostysky","description":"D\u00e9couvrez l&#039;Emlid Reach RX2, le r\u00e9cepteur GNSS mobile r\u00e9seau ultra-portable et puissant qui apporte une pr\u00e9cision RTK centim\u00e9trique \u00e0 vos travaux de terrain quotidiens, d\u00e9sormais \u00e9quip\u00e9 de la compensation d&#039;inclinaison IMU. Con\u00e7u pour la simplicit\u00e9 et la performance, le RX2 est con\u00e7u pour les \u00e9quipes exigeant des coordonn\u00e9es de haute pr\u00e9cision sans la complexit\u00e9 des \u00e9quipements topographiques traditionnels. C&#039;est l&#039;outil id\u00e9al pour les professionnels des SIG, des services publics, de la construction et de l&#039;am\u00e9nagement paysager, s&#039;int\u00e9grant parfaitement \u00e0 votre flux de travail mobile.","robots":{"index":"index","follow":"follow","max-snippet":"max-snippet:-1","max-image-preview":"max-image-preview:large","max-video-preview":"max-video-preview:-1"},"canonical":"https:\/\/www.ghostysky.com\/fr\/product\/emlid-rx2\/","og_locale":"fr_FR","og_type":"article","og_title":"Emlid RX2 - Ghostysky","og_description":"Introducing the Emlid Reach RX2, the ultra-portable and powerful network-rover GNSS receiver that brings centimeter-level RTK precision to your everyday fieldwork, now with IMU tilt compensation.Engineered for simplicity and performance, the RX2 is built for teams that demand high-accuracy coordinates without the complexity of traditional surveying equipment. It's the perfect tool for GIS professionals, utilities, construction, and landscaping, seamlessly integrating with your mobile workflow.","og_url":"https:\/\/www.ghostysky.com\/fr\/product\/emlid-rx2\/","og_site_name":"Ghostysky","article_publisher":"https:\/\/www.facebook.com\/people\/Ghostysky\/100057676170234\/","article_modified_time":"2026-02-10T07:15:50+00:00","og_image":[{"width":2400,"height":2400,"url":"https:\/\/www.ghostysky.com\/wp-content\/uploads\/2025\/10\/GH_Emlid_RX2_1.webp","type":"image\/webp"}],"twitter_card":"summary_large_image","twitter_site":"@Gh0stysky","twitter_misc":{"Dur\u00e9e de lecture estim\u00e9e":"3 minutes"},"schema":{"@context":"https:\/\/schema.org","@graph":[{"@type":"WebPage","@id":"https:\/\/www.ghostysky.com\/product\/emlid-rx2\/","url":"https:\/\/www.ghostysky.com\/product\/emlid-rx2\/","name":"Emlid RX2 - Ghostysky","isPartOf":{"@id":"https:\/\/www.ghostysky.com\/#website"},"primaryImageOfPage":{"@id":"https:\/\/www.ghostysky.com\/product\/emlid-rx2\/#primaryimage"},"image":{"@id":"https:\/\/www.ghostysky.com\/product\/emlid-rx2\/#primaryimage"},"thumbnailUrl":"https:\/\/www.ghostysky.com\/wp-content\/uploads\/2025\/10\/GH_Emlid_RX2_1.webp","datePublished":"2025-10-14T07:29:15+00:00","dateModified":"2026-02-10T07:15:50+00:00","description":"D\u00e9couvrez l&#039;Emlid Reach RX2, le r\u00e9cepteur GNSS mobile r\u00e9seau ultra-portable et puissant qui apporte une pr\u00e9cision RTK centim\u00e9trique \u00e0 vos travaux de terrain quotidiens, d\u00e9sormais \u00e9quip\u00e9 de la compensation d&#039;inclinaison IMU. Con\u00e7u pour la simplicit\u00e9 et la performance, le RX2 est con\u00e7u pour les \u00e9quipes exigeant des coordonn\u00e9es de haute pr\u00e9cision sans la complexit\u00e9 des \u00e9quipements topographiques traditionnels. C&#039;est l&#039;outil id\u00e9al pour les professionnels des SIG, des services publics, de la construction et de l&#039;am\u00e9nagement paysager, s&#039;int\u00e9grant parfaitement \u00e0 votre flux de travail mobile.","breadcrumb":{"@id":"https:\/\/www.ghostysky.com\/product\/emlid-rx2\/#breadcrumb"},"inLanguage":"fr-FR","potentialAction":[{"@type":"ReadAction","target":["https:\/\/www.ghostysky.com\/product\/emlid-rx2\/"]}]},{"@type":"ImageObject","inLanguage":"fr-FR","@id":"https:\/\/www.ghostysky.com\/product\/emlid-rx2\/#primaryimage","url":"https:\/\/www.ghostysky.com\/wp-content\/uploads\/2025\/10\/GH_Emlid_RX2_1.webp","contentUrl":"https:\/\/www.ghostysky.com\/wp-content\/uploads\/2025\/10\/GH_Emlid_RX2_1.webp","width":2400,"height":2400},{"@type":"BreadcrumbList","@id":"https:\/\/www.ghostysky.com\/product\/emlid-rx2\/#breadcrumb","itemListElement":[{"@type":"ListItem","position":1,"name":"Home","item":"https:\/\/www.ghostysky.com\/"},{"@type":"ListItem","position":2,"name":"Shop","item":"https:\/\/www.ghostysky.com\/shop\/"},{"@type":"ListItem","position":3,"name":"Emlid RX2"}]},{"@type":"WebSite","@id":"https:\/\/www.ghostysky.com\/#website","url":"https:\/\/www.ghostysky.com\/","name":"Ghostysky","description":"Livraison de drones et de services professionnels","publisher":{"@id":"https:\/\/www.ghostysky.com\/#organization"},"potentialAction":[{"@type":"SearchAction","target":{"@type":"EntryPoint","urlTemplate":"https:\/\/www.ghostysky.com\/?s={search_term_string}"},"query-input":{"@type":"PropertyValueSpecification","valueRequired":true,"valueName":"search_term_string"}}],"inLanguage":"fr-FR"},{"@type":"Organization","@id":"https:\/\/www.ghostysky.com\/#organization","name":"Ghostysky","url":"https:\/\/www.ghostysky.com\/","logo":{"@type":"ImageObject","inLanguage":"fr-FR","@id":"https:\/\/www.ghostysky.com\/#\/schema\/logo\/image\/","url":"https:\/\/www.ghostysky.com\/wp-content\/uploads\/2020\/06\/cropped-ghostyskylogo_text_white2.png","contentUrl":"https:\/\/www.ghostysky.com\/wp-content\/uploads\/2020\/06\/cropped-ghostyskylogo_text_white2.png","width":169,"height":56,"caption":"Ghostysky"},"image":{"@id":"https:\/\/www.ghostysky.com\/#\/schema\/logo\/image\/"},"sameAs":["https:\/\/www.facebook.com\/people\/Ghostysky\/100057676170234\/","https:\/\/x.com\/Gh0stysky","https:\/\/www.linkedin.com\/company\/34739653","https:\/\/www.instagram.com\/gh0stysky"]}]}},"_links":{"self":[{"href":"https:\/\/www.ghostysky.com\/fr\/wp-json\/wp\/v2\/product\/20808","targetHints":{"allow":["GET"]}}],"collection":[{"href":"https:\/\/www.ghostysky.com\/fr\/wp-json\/wp\/v2\/product"}],"about":[{"href":"https:\/\/www.ghostysky.com\/fr\/wp-json\/wp\/v2\/types\/product"}],"replies":[{"embeddable":true,"href":"https:\/\/www.ghostysky.com\/fr\/wp-json\/wp\/v2\/comments?post=20808"}],"version-history":[{"count":0,"href":"https:\/\/www.ghostysky.com\/fr\/wp-json\/wp\/v2\/product\/20808\/revisions"}],"wp:featuredmedia":[{"embeddable":true,"href":"https:\/\/www.ghostysky.com\/fr\/wp-json\/wp\/v2\/media\/20790"}],"wp:attachment":[{"href":"https:\/\/www.ghostysky.com\/fr\/wp-json\/wp\/v2\/media?parent=20808"}],"wp:term":[{"taxonomy":"product_brand","embeddable":true,"href":"https:\/\/www.ghostysky.com\/fr\/wp-json\/wp\/v2\/product_brand?post=20808"},{"taxonomy":"product_cat","embeddable":true,"href":"https:\/\/www.ghostysky.com\/fr\/wp-json\/wp\/v2\/product_cat?post=20808"},{"taxonomy":"product_tag","embeddable":true,"href":"https:\/\/www.ghostysky.com\/fr\/wp-json\/wp\/v2\/product_tag?post=20808"}],"curies":[{"name":"wp","href":"https:\/\/api.w.org\/{rel}","templated":true}]}}