{"id":20884,"date":"2025-10-14T13:50:45","date_gmt":"2025-10-14T13:50:45","guid":{"rendered":"https:\/\/www.ghostysky.com\/?post_type=product&#038;p=20884"},"modified":"2025-10-15T10:19:46","modified_gmt":"2025-10-15T10:19:46","slug":"dji-terra-flagship-dji-modify-flagship-permanent","status":"publish","type":"product","link":"https:\/\/www.ghostysky.com\/fr\/product\/dji-terra-flagship-dji-modify-flagship-permanent\/","title":{"rendered":"DJI Terra Flagship + DJI Modify Flagship \u2013 Permanent"},"content":{"rendered":"<h3><b>DJI Terra Flagship (Permanent)<\/b><\/h3>\n<p><span class=\"citation-46 citation-end-46\">Le logiciel de cartographie et de reconstruction de base, transformant les donn\u00e9es brutes des drones en ressources num\u00e9riques pr\u00e9cises et photor\u00e9alistes.<\/span><\/p>\n<ul>\n<li><b>Mod\u00e9lisation 3D nouvelle g\u00e9n\u00e9ration avec projection gaussienne\u00a0:<\/b><span class=\"citation-45 citation-end-45\"> G\u00e9n\u00e9rez de superbes mod\u00e8les 3D de qualit\u00e9 photo avec des d\u00e9tails r\u00e9alistes.<\/span> <span class=\"citation-44 citation-end-44\">Cette technologie de nouvelle g\u00e9n\u00e9ration excelle dans la reproduction pr\u00e9cise d\u2019\u00e9l\u00e9ments complexes tels que des structures fines et complexes, des objets transparents ou r\u00e9fl\u00e9chissants et une v\u00e9g\u00e9tation dense, tout en augmentant consid\u00e9rablement la vitesse de reconstruction des sc\u00e8nes \u00e0 grande \u00e9chelle.<\/span><\/li>\n<li><b><span class=\"citation-43\">Photogramm\u00e9trie de haute pr\u00e9cision :<\/span><\/b><span class=\"citation-43 citation-end-43\"> G\u00e9n\u00e9rez rapidement des orthomosa\u00efques 2D de qualit\u00e9 topographique, de v\u00e9ritables cartes orthophoto num\u00e9riques (TDOM) et des mod\u00e8les num\u00e9riques de surface (DSM).<\/span> <span class=\"citation-42 citation-end-42\">Prend en charge \u00e0 la fois l&#039;imagerie en lumi\u00e8re visible et l&#039;int\u00e9gration avec les drones DJI RTK pour une pr\u00e9cision au centim\u00e8tre pr\u00e8s sans avoir besoin de points de contr\u00f4le au sol (GCP).<\/span><\/li>\n<li><b><span class=\"citation-41\">Reconstruction LiDAR :<\/span><\/b><span class=\"citation-41 citation-end-41\"> Int\u00e9grez et traitez en profondeur les donn\u00e9es de nuages de points des charges utiles DJI LiDAR (comme le Zenmuse L2) pour g\u00e9n\u00e9rer des nuages de points de haute pr\u00e9cision, des cartes 2D et des mod\u00e8les de maillage 3D \u00e0 partir d&#039;une seule acquisition.<\/span><\/li>\n<li><b><span class=\"citation-40\">Reconstruction multispectrale :<\/span><\/b><span class=\"citation-40\"> Traiter les donn\u00e9es des drones multispectraux (par exemple, Mavic 3 Multispectral) pour cr\u00e9er des cartes d&#039;indice de v\u00e9g\u00e9tation comme <\/span><b><span class=\"citation-40\">NDVI<\/span><\/b><span class=\"citation-40\"> et <\/span><b><span class=\"citation-40\">NDRE<\/span><\/b><span class=\"citation-40 citation-end-40\"> pour l&#039;agriculture de pr\u00e9cision et la t\u00e9l\u00e9d\u00e9tection.<\/span><\/li>\n<li><b><span class=\"citation-39\">Fonctionnalit\u00e9s avanc\u00e9es du flux de travail\u00a0:<\/span><\/b><span class=\"citation-39 citation-end-39\"> Inclut des outils sp\u00e9cialis\u00e9s pour la mod\u00e9lisation des lignes \u00e9lectriques et des sous-stations et prend en charge les flux de travail PPK (Post-Processing Kinematic).<\/span><\/li>\n<\/ul>\n<h3><b>DJI Modify Flagship (Permanent)<\/b><\/h3>\n<p><span class=\"citation-38 citation-end-38\">Le logiciel compagnon intelligent de DJI pour affiner et perfectionner les mod\u00e8les cr\u00e9\u00e9s dans DJI Terra, garantissant un r\u00e9sultat final soign\u00e9 et pr\u00eat \u00e0 \u00eatre pr\u00e9sent\u00e9.<\/span><\/p>\n<ul>\n<li><b><span class=\"citation-37\">Int\u00e9gration transparente du flux de travail\u00a0:<\/span><\/b><span class=\"citation-37 citation-end-37\"> Lancez DJI Modify directement depuis un projet DJI Terra pour une transition en douceur de la mod\u00e9lisation au post-traitement.<\/span><\/li>\n<li><b>R\u00e9paration de maillage intelligent :<\/b> Identifiez et r\u00e9parez automatiquement les d\u00e9fauts courants dans les maillages 3D avec des outils assist\u00e9s par l&#039;IA, notamment\u00a0:\n<ul>\n<li><b><span class=\"citation-36\">Retrait des pi\u00e8ces flottantes :<\/span><\/b><span class=\"citation-36 citation-end-36\"> Supprimez sans effort les morceaux de g\u00e9om\u00e9trie errants ou suspendus.<\/span><\/li>\n<li><b>Remplissage de trous :<\/b><span class=\"citation-35 citation-end-35\"> D\u00e9tectez, d\u00e9crivez et remplissez automatiquement les trous ou les espaces dans le maillage.<\/span><\/li>\n<li><b>Aplanissement:<\/b><span class=\"citation-34 citation-end-34\"> D\u00e9tectez et aplatissez intelligemment les objets sur les surfaces (par exemple, les v\u00e9hicules, les pi\u00e9tons) pour un mod\u00e8le plus propre.<\/span><\/li>\n<li><b>R\u00e9paration de texture :<\/b><span class=\"citation-33\"> Utilisez des outils avanc\u00e9s comme <\/span><b><span class=\"citation-33\">Effacer<\/span><\/b><span class=\"citation-33\"> et <\/span><b><span class=\"citation-33\">Cloner<\/span><\/b><span class=\"citation-33 citation-end-33\"> pour fixer et m\u00e9langer les textures de mani\u00e8re transparente.<\/span><\/li>\n<li><b>R\u00e9paration de la surface de l&#039;eau :<\/b><span class=\"citation-32 citation-end-32\"> D\u00e9finissez et r\u00e9parez intelligemment les surfaces d&#039;eau avec des effets de remplissage r\u00e9alistes.<\/span><\/li>\n<\/ul>\n<\/li>\n<li><b>\u00c9dition compl\u00e8te du nuage de points\u00a0:<\/b> D\u00e9bloquez des outils avanc\u00e9s pour affiner en d\u00e9tail les nuages de points, notamment\u00a0:\n<ul>\n<li><b><span class=\"citation-31\">Classification des nuages de points :<\/span><\/b><span class=\"citation-31 citation-end-31\"> Classez intelligemment les points (par exemple, le sol, la v\u00e9g\u00e9tation, les b\u00e2timents, les fils) pour une s\u00e9lection et une \u00e9dition pr\u00e9cises.<\/span><\/li>\n<li><b><span class=\"citation-30\">Lissage, sous-\u00e9chantillonnage et r\u00e9duction du bruit\u00a0:<\/span><\/b><span class=\"citation-30 citation-end-30\"> Nettoyez et optimisez les nuages de points pour une meilleure visualisation et de meilleures performances.<\/span><\/li>\n<li><b><span class=\"citation-29\">G\u00e9n\u00e9ration de r\u00e9sultats de terrain\u00a0:<\/span><\/b><span class=\"citation-29 citation-end-29\"> Cr\u00e9ez automatiquement des mod\u00e8les de terrain pr\u00e9cis.<\/span><\/li>\n<\/ul>\n<\/li>\n<li><b>Livraison rapide et partage :<\/b><span class=\"citation-28 citation-end-28\"> Exportez des mod\u00e8les raffin\u00e9s dans une vari\u00e9t\u00e9 de formats standard de l&#039;industrie (par exemple, PLY, OBJ, B3DM) pour une int\u00e9gration imm\u00e9diate avec SIG, CAO, BIM et d&#039;autres plates-formes.<\/span><\/li>\n<\/ul>\n<h3><b>D\u00e9tails de la licence cl\u00e9<\/b><\/h3>\n<ul>\n<li><b>Licence permanente :<\/b><span class=\"citation-27 citation-end-27\"> Achat unique offrant une utilisation perp\u00e9tuelle du logiciel.<\/span><\/li>\n<li><b><span class=\"citation-26\">Mises \u00e0 niveau gratuites\u00a0:<\/span><\/b><span class=\"citation-26 citation-end-26\"> Comprend g\u00e9n\u00e9ralement une p\u00e9riode de mises \u00e0 jour logicielles gratuites (par exemple, un an) \u00e0 compter de la date d&#039;activation.<\/span><\/li>\n<li><b><span class=\"citation-25\">Autorisation:<\/span><\/b><span class=\"citation-25 citation-end-25\"> Prend g\u00e9n\u00e9ralement en charge la liaison \u00e0 un seul appareil (ordinateur) avec une autorisation en ligne.<\/span><\/li>\n<\/ul>","protected":false},"excerpt":{"rendered":"<p class=\"first-token\"><span class=\"\">Le <\/span><b class=\"\">DJI Terra Flagship + DJI Modify Flagship \u2013 Permanent<\/b><span class=\"\"> est un ensemble de logiciels de qualit\u00e9 professionnelle offrant une solution compl\u00e8te,<\/span><span class=\"\"> solution de flux de travail de bout en bout pour la topographie a\u00e9rienne,<\/span><span class=\"\"> mod\u00e9lisation 3D haute fid\u00e9lit\u00e9,<\/span><span class=\"\"> et un post-traitement intelligent.<\/span><span class=\"\"> Cette licence permanente vous accorde la propri\u00e9t\u00e9 et l&#039;utilisation perp\u00e9tuelles des deux versions phares,<\/span><span class=\"\"> y compris toutes leurs fonctionnalit\u00e9s les plus avanc\u00e9es.<\/span><\/p>\n<p><span class=\"\">Ce package complet est con\u00e7u pour les professionnels de l&#039;arpentage,<\/span><span class=\"\"> cartographie,<\/span><span class=\"\"> construction,<\/span><span class=\"\"> inspection des infrastructures,<\/span><span class=\"\"> et le jumeau num\u00e9rique,<\/span><span class=\"\"> offrant une int\u00e9gration in\u00e9gal\u00e9e avec l&#039;\u00e9cosyst\u00e8me des drones DJI Enterprise.<\/span><\/p>","protected":false},"featured_media":19353,"comment_status":"open","ping_status":"closed","template":"","meta":[],"product_brand":[1031],"product_cat":[939],"product_tag":[1032,1033],"class_list":{"0":"post-20884","1":"product","2":"type-product","3":"status-publish","4":"has-post-thumbnail","6":"product_brand-dji","7":"product_cat-software-dji","8":"product_tag-dji-terra","9":"product_tag-dji-terra-flagship-dji-modify-flagship-permanent","11":"first","12":"onbackorder","13":"taxable","14":"shipping-taxable","15":"product-type-simple"},"yoast_head":"<!-- This site is optimized with the Yoast SEO plugin v27.1.1 - https:\/\/yoast.com\/product\/yoast-seo-wordpress\/ -->\n<title>DJI Terra Flagship + DJI Modify Flagship - Permanent - Ghostysky<\/title>\n<meta name=\"description\" content=\"The DJI Terra Flagship + DJI Modify Flagship - Permanent is a professional-grade software bundle offering a complete, end-to-end workflow solution for aerial surveying, high-fidelity 3D modeling, and intelligent post-processing. This permanent license grants you perpetual ownership and use of both flagship versions, including all their most advanced features.This comprehensive package is designed for professionals in surveying, mapping, construction, infrastructure inspection, and digital twinning, offering unparalleled integration with the DJI Enterprise drone ecosystem.\" \/>\n<meta name=\"robots\" content=\"index, follow, max-snippet:-1, max-image-preview:large, max-video-preview:-1\" \/>\n<link rel=\"canonical\" href=\"https:\/\/www.ghostysky.com\/fr\/product\/dji-terra-flagship-dji-modify-flagship-permanent\/\" \/>\n<meta property=\"og:locale\" content=\"fr_FR\" \/>\n<meta property=\"og:type\" content=\"article\" \/>\n<meta property=\"og:title\" content=\"DJI Terra Flagship + DJI Modify Flagship - Permanent - Ghostysky\" \/>\n<meta property=\"og:description\" content=\"The DJI Terra Flagship + DJI Modify Flagship - Permanent is a professional-grade software bundle offering a complete, end-to-end workflow solution for aerial surveying, high-fidelity 3D modeling, and intelligent post-processing. This permanent license grants you perpetual ownership and use of both flagship versions, including all their most advanced features.This comprehensive package is designed for professionals in surveying, mapping, construction, infrastructure inspection, and digital twinning, offering unparalleled integration with the DJI Enterprise drone ecosystem.\" \/>\n<meta property=\"og:url\" content=\"https:\/\/www.ghostysky.com\/fr\/product\/dji-terra-flagship-dji-modify-flagship-permanent\/\" \/>\n<meta property=\"og:site_name\" content=\"Ghostysky\" \/>\n<meta property=\"article:publisher\" content=\"https:\/\/www.facebook.com\/people\/Ghostysky\/100057676170234\/\" \/>\n<meta property=\"article:modified_time\" content=\"2025-10-15T10:19:46+00:00\" \/>\n<meta property=\"og:image\" content=\"https:\/\/www.ghostysky.com\/wp-content\/uploads\/2024\/05\/GH_dji-terra-pro-overseas-perpetual-1.jpg\" \/>\n\t<meta property=\"og:image:width\" content=\"800\" \/>\n\t<meta property=\"og:image:height\" content=\"644\" \/>\n\t<meta property=\"og:image:type\" content=\"image\/jpeg\" \/>\n<meta name=\"twitter:card\" content=\"summary_large_image\" \/>\n<meta name=\"twitter:site\" content=\"@Gh0stysky\" \/>\n<meta name=\"twitter:label1\" content=\"Dur\u00e9e de lecture estim\u00e9e\" \/>\n\t<meta name=\"twitter:data1\" content=\"3 minutes\" \/>\n<script type=\"application\/ld+json\" class=\"yoast-schema-graph\">{\"@context\":\"https:\/\/schema.org\",\"@graph\":[{\"@type\":\"WebPage\",\"@id\":\"https:\/\/www.ghostysky.com\/product\/dji-terra-flagship-dji-modify-flagship-permanent\/\",\"url\":\"https:\/\/www.ghostysky.com\/product\/dji-terra-flagship-dji-modify-flagship-permanent\/\",\"name\":\"DJI Terra Flagship + DJI Modify Flagship - Permanent - Ghostysky\",\"isPartOf\":{\"@id\":\"https:\/\/www.ghostysky.com\/#website\"},\"primaryImageOfPage\":{\"@id\":\"https:\/\/www.ghostysky.com\/product\/dji-terra-flagship-dji-modify-flagship-permanent\/#primaryimage\"},\"image\":{\"@id\":\"https:\/\/www.ghostysky.com\/product\/dji-terra-flagship-dji-modify-flagship-permanent\/#primaryimage\"},\"thumbnailUrl\":\"https:\/\/www.ghostysky.com\/wp-content\/uploads\/2024\/05\/GH_dji-terra-pro-overseas-perpetual-1.jpg\",\"datePublished\":\"2025-10-14T13:50:45+00:00\",\"dateModified\":\"2025-10-15T10:19:46+00:00\",\"description\":\"The DJI Terra Flagship + DJI Modify Flagship - Permanent is a professional-grade software bundle offering a complete, end-to-end workflow solution for aerial surveying, high-fidelity 3D modeling, and intelligent post-processing. This permanent license grants you perpetual ownership and use of both flagship versions, including all their most advanced features.This comprehensive package is designed for professionals in surveying, mapping, construction, infrastructure inspection, and digital twinning, offering unparalleled integration with the DJI Enterprise drone ecosystem.\",\"breadcrumb\":{\"@id\":\"https:\/\/www.ghostysky.com\/product\/dji-terra-flagship-dji-modify-flagship-permanent\/#breadcrumb\"},\"inLanguage\":\"fr-FR\",\"potentialAction\":[{\"@type\":\"ReadAction\",\"target\":[\"https:\/\/www.ghostysky.com\/product\/dji-terra-flagship-dji-modify-flagship-permanent\/\"]}]},{\"@type\":\"ImageObject\",\"inLanguage\":\"fr-FR\",\"@id\":\"https:\/\/www.ghostysky.com\/product\/dji-terra-flagship-dji-modify-flagship-permanent\/#primaryimage\",\"url\":\"https:\/\/www.ghostysky.com\/wp-content\/uploads\/2024\/05\/GH_dji-terra-pro-overseas-perpetual-1.jpg\",\"contentUrl\":\"https:\/\/www.ghostysky.com\/wp-content\/uploads\/2024\/05\/GH_dji-terra-pro-overseas-perpetual-1.jpg\",\"width\":800,\"height\":644},{\"@type\":\"BreadcrumbList\",\"@id\":\"https:\/\/www.ghostysky.com\/product\/dji-terra-flagship-dji-modify-flagship-permanent\/#breadcrumb\",\"itemListElement\":[{\"@type\":\"ListItem\",\"position\":1,\"name\":\"Home\",\"item\":\"https:\/\/www.ghostysky.com\/\"},{\"@type\":\"ListItem\",\"position\":2,\"name\":\"Shop\",\"item\":\"https:\/\/www.ghostysky.com\/shop\/\"},{\"@type\":\"ListItem\",\"position\":3,\"name\":\"DJI Terra Flagship + DJI Modify Flagship &#8211; Permanent\"}]},{\"@type\":\"WebSite\",\"@id\":\"https:\/\/www.ghostysky.com\/#website\",\"url\":\"https:\/\/www.ghostysky.com\/\",\"name\":\"Ghostysky\",\"description\":\"Delivering professional drones and services\",\"publisher\":{\"@id\":\"https:\/\/www.ghostysky.com\/#organization\"},\"potentialAction\":[{\"@type\":\"SearchAction\",\"target\":{\"@type\":\"EntryPoint\",\"urlTemplate\":\"https:\/\/www.ghostysky.com\/?s={search_term_string}\"},\"query-input\":{\"@type\":\"PropertyValueSpecification\",\"valueRequired\":true,\"valueName\":\"search_term_string\"}}],\"inLanguage\":\"fr-FR\"},{\"@type\":\"Organization\",\"@id\":\"https:\/\/www.ghostysky.com\/#organization\",\"name\":\"Ghostysky\",\"url\":\"https:\/\/www.ghostysky.com\/\",\"logo\":{\"@type\":\"ImageObject\",\"inLanguage\":\"fr-FR\",\"@id\":\"https:\/\/www.ghostysky.com\/#\/schema\/logo\/image\/\",\"url\":\"https:\/\/www.ghostysky.com\/wp-content\/uploads\/2020\/06\/cropped-ghostyskylogo_text_white2.png\",\"contentUrl\":\"https:\/\/www.ghostysky.com\/wp-content\/uploads\/2020\/06\/cropped-ghostyskylogo_text_white2.png\",\"width\":169,\"height\":56,\"caption\":\"Ghostysky\"},\"image\":{\"@id\":\"https:\/\/www.ghostysky.com\/#\/schema\/logo\/image\/\"},\"sameAs\":[\"https:\/\/www.facebook.com\/people\/Ghostysky\/100057676170234\/\",\"https:\/\/x.com\/Gh0stysky\",\"https:\/\/www.linkedin.com\/company\/34739653\",\"https:\/\/www.instagram.com\/gh0stysky\"]}]}<\/script>\n<!-- \/ Yoast SEO plugin. -->","yoast_head_json":{"title":"DJI Terra Flagship + DJI Modify Flagship - Permanent - Ghostysky","description":"DJI Terra Flagship + DJI Modify Flagship - Permanent est un pack logiciel professionnel offrant une solution compl\u00e8te de workflow pour la topographie a\u00e9rienne, la mod\u00e9lisation 3D haute fid\u00e9lit\u00e9 et le post-traitement intelligent. Cette licence permanente vous garantit la propri\u00e9t\u00e9 et l&#039;utilisation perp\u00e9tuelles des deux versions phares, avec toutes leurs fonctionnalit\u00e9s les plus avanc\u00e9es. Ce pack complet est con\u00e7u pour les professionnels de la topographie, de la cartographie, de la construction, de l&#039;inspection des infrastructures et du jumeau num\u00e9rique, et offre une int\u00e9gration in\u00e9gal\u00e9e avec l&#039;\u00e9cosyst\u00e8me de drones DJI Enterprise.","robots":{"index":"index","follow":"follow","max-snippet":"max-snippet:-1","max-image-preview":"max-image-preview:large","max-video-preview":"max-video-preview:-1"},"canonical":"https:\/\/www.ghostysky.com\/fr\/product\/dji-terra-flagship-dji-modify-flagship-permanent\/","og_locale":"fr_FR","og_type":"article","og_title":"DJI Terra Flagship + DJI Modify Flagship - Permanent - Ghostysky","og_description":"The DJI Terra Flagship + DJI Modify Flagship - Permanent is a professional-grade software bundle offering a complete, end-to-end workflow solution for aerial surveying, high-fidelity 3D modeling, and intelligent post-processing. This permanent license grants you perpetual ownership and use of both flagship versions, including all their most advanced features.This comprehensive package is designed for professionals in surveying, mapping, construction, infrastructure inspection, and digital twinning, offering unparalleled integration with the DJI Enterprise drone ecosystem.","og_url":"https:\/\/www.ghostysky.com\/fr\/product\/dji-terra-flagship-dji-modify-flagship-permanent\/","og_site_name":"Ghostysky","article_publisher":"https:\/\/www.facebook.com\/people\/Ghostysky\/100057676170234\/","article_modified_time":"2025-10-15T10:19:46+00:00","og_image":[{"width":800,"height":644,"url":"https:\/\/www.ghostysky.com\/wp-content\/uploads\/2024\/05\/GH_dji-terra-pro-overseas-perpetual-1.jpg","type":"image\/jpeg"}],"twitter_card":"summary_large_image","twitter_site":"@Gh0stysky","twitter_misc":{"Dur\u00e9e de lecture estim\u00e9e":"3 minutes"},"schema":{"@context":"https:\/\/schema.org","@graph":[{"@type":"WebPage","@id":"https:\/\/www.ghostysky.com\/product\/dji-terra-flagship-dji-modify-flagship-permanent\/","url":"https:\/\/www.ghostysky.com\/product\/dji-terra-flagship-dji-modify-flagship-permanent\/","name":"DJI Terra Flagship + DJI Modify Flagship - Permanent - Ghostysky","isPartOf":{"@id":"https:\/\/www.ghostysky.com\/#website"},"primaryImageOfPage":{"@id":"https:\/\/www.ghostysky.com\/product\/dji-terra-flagship-dji-modify-flagship-permanent\/#primaryimage"},"image":{"@id":"https:\/\/www.ghostysky.com\/product\/dji-terra-flagship-dji-modify-flagship-permanent\/#primaryimage"},"thumbnailUrl":"https:\/\/www.ghostysky.com\/wp-content\/uploads\/2024\/05\/GH_dji-terra-pro-overseas-perpetual-1.jpg","datePublished":"2025-10-14T13:50:45+00:00","dateModified":"2025-10-15T10:19:46+00:00","description":"DJI Terra Flagship + DJI Modify Flagship - Permanent est un pack logiciel professionnel offrant une solution compl\u00e8te de workflow pour la topographie a\u00e9rienne, la mod\u00e9lisation 3D haute fid\u00e9lit\u00e9 et le post-traitement intelligent. Cette licence permanente vous garantit la propri\u00e9t\u00e9 et l&#039;utilisation perp\u00e9tuelles des deux versions phares, avec toutes leurs fonctionnalit\u00e9s les plus avanc\u00e9es. Ce pack complet est con\u00e7u pour les professionnels de la topographie, de la cartographie, de la construction, de l&#039;inspection des infrastructures et du jumeau num\u00e9rique, et offre une int\u00e9gration in\u00e9gal\u00e9e avec l&#039;\u00e9cosyst\u00e8me de drones DJI Enterprise.","breadcrumb":{"@id":"https:\/\/www.ghostysky.com\/product\/dji-terra-flagship-dji-modify-flagship-permanent\/#breadcrumb"},"inLanguage":"fr-FR","potentialAction":[{"@type":"ReadAction","target":["https:\/\/www.ghostysky.com\/product\/dji-terra-flagship-dji-modify-flagship-permanent\/"]}]},{"@type":"ImageObject","inLanguage":"fr-FR","@id":"https:\/\/www.ghostysky.com\/product\/dji-terra-flagship-dji-modify-flagship-permanent\/#primaryimage","url":"https:\/\/www.ghostysky.com\/wp-content\/uploads\/2024\/05\/GH_dji-terra-pro-overseas-perpetual-1.jpg","contentUrl":"https:\/\/www.ghostysky.com\/wp-content\/uploads\/2024\/05\/GH_dji-terra-pro-overseas-perpetual-1.jpg","width":800,"height":644},{"@type":"BreadcrumbList","@id":"https:\/\/www.ghostysky.com\/product\/dji-terra-flagship-dji-modify-flagship-permanent\/#breadcrumb","itemListElement":[{"@type":"ListItem","position":1,"name":"Home","item":"https:\/\/www.ghostysky.com\/"},{"@type":"ListItem","position":2,"name":"Shop","item":"https:\/\/www.ghostysky.com\/shop\/"},{"@type":"ListItem","position":3,"name":"DJI Terra Flagship + DJI Modify Flagship &#8211; Permanent"}]},{"@type":"WebSite","@id":"https:\/\/www.ghostysky.com\/#website","url":"https:\/\/www.ghostysky.com\/","name":"Ghostysky","description":"Livraison de drones et de services professionnels","publisher":{"@id":"https:\/\/www.ghostysky.com\/#organization"},"potentialAction":[{"@type":"SearchAction","target":{"@type":"EntryPoint","urlTemplate":"https:\/\/www.ghostysky.com\/?s={search_term_string}"},"query-input":{"@type":"PropertyValueSpecification","valueRequired":true,"valueName":"search_term_string"}}],"inLanguage":"fr-FR"},{"@type":"Organization","@id":"https:\/\/www.ghostysky.com\/#organization","name":"Ghostysky","url":"https:\/\/www.ghostysky.com\/","logo":{"@type":"ImageObject","inLanguage":"fr-FR","@id":"https:\/\/www.ghostysky.com\/#\/schema\/logo\/image\/","url":"https:\/\/www.ghostysky.com\/wp-content\/uploads\/2020\/06\/cropped-ghostyskylogo_text_white2.png","contentUrl":"https:\/\/www.ghostysky.com\/wp-content\/uploads\/2020\/06\/cropped-ghostyskylogo_text_white2.png","width":169,"height":56,"caption":"Ghostysky"},"image":{"@id":"https:\/\/www.ghostysky.com\/#\/schema\/logo\/image\/"},"sameAs":["https:\/\/www.facebook.com\/people\/Ghostysky\/100057676170234\/","https:\/\/x.com\/Gh0stysky","https:\/\/www.linkedin.com\/company\/34739653","https:\/\/www.instagram.com\/gh0stysky"]}]}},"_links":{"self":[{"href":"https:\/\/www.ghostysky.com\/fr\/wp-json\/wp\/v2\/product\/20884","targetHints":{"allow":["GET"]}}],"collection":[{"href":"https:\/\/www.ghostysky.com\/fr\/wp-json\/wp\/v2\/product"}],"about":[{"href":"https:\/\/www.ghostysky.com\/fr\/wp-json\/wp\/v2\/types\/product"}],"replies":[{"embeddable":true,"href":"https:\/\/www.ghostysky.com\/fr\/wp-json\/wp\/v2\/comments?post=20884"}],"wp:featuredmedia":[{"embeddable":true,"href":"https:\/\/www.ghostysky.com\/fr\/wp-json\/wp\/v2\/media\/19353"}],"wp:attachment":[{"href":"https:\/\/www.ghostysky.com\/fr\/wp-json\/wp\/v2\/media?parent=20884"}],"wp:term":[{"taxonomy":"product_brand","embeddable":true,"href":"https:\/\/www.ghostysky.com\/fr\/wp-json\/wp\/v2\/product_brand?post=20884"},{"taxonomy":"product_cat","embeddable":true,"href":"https:\/\/www.ghostysky.com\/fr\/wp-json\/wp\/v2\/product_cat?post=20884"},{"taxonomy":"product_tag","embeddable":true,"href":"https:\/\/www.ghostysky.com\/fr\/wp-json\/wp\/v2\/product_tag?post=20884"}],"curies":[{"name":"wp","href":"https:\/\/api.w.org\/{rel}","templated":true}]}}