{"id":20886,"date":"2025-10-14T14:03:19","date_gmt":"2025-10-14T14:03:19","guid":{"rendered":"https:\/\/www.ghostysky.com\/?post_type=product&#038;p=20886"},"modified":"2025-10-15T10:18:45","modified_gmt":"2025-10-15T10:18:45","slug":"dji-terra-standard-dji-modify-flagship-permanent","status":"publish","type":"product","link":"https:\/\/www.ghostysky.com\/fr\/product\/dji-terra-standard-dji-modify-flagship-permanent\/","title":{"rendered":"DJI Terra Standard + DJI Modify Flagship Permanent"},"content":{"rendered":"<h3>1. <span class=\"citation-120 citation-end-120\">DJI Terra Standard (licence permanente)<\/span><\/h3>\n<p><span class=\"citation-119 citation-end-119\">DJI Terra est le logiciel de mod\u00e9lisation et de cartographie 3D de base qui convertit les donn\u00e9es captur\u00e9es par drone en ressources num\u00e9riques pr\u00e9cises.<\/span> <span class=\"citation-118\">Le <\/span><b><span class=\"citation-118\">Permanente standard<\/span><\/b><span class=\"citation-118 citation-end-118\"> la licence offre un acc\u00e8s perp\u00e9tuel aux fonctionnalit\u00e9s essentielles de qualit\u00e9 professionnelle\u00a0:<\/span><\/p>\n<ul>\n<li><b>Photogramm\u00e9trie 2D et 3D :<\/b><span class=\"citation-117 citation-end-117\"> G\u00e9n\u00e9rez rapidement des orthomosa\u00efques 2D haute r\u00e9solution, des nuages de points et des mod\u00e8les 3D haute pr\u00e9cision \u00e0 partir d&#039;images de drones.<\/span><\/li>\n<li><b><span class=\"citation-116\">LiDAR et traitement multispectral :<\/span><\/b><span class=\"citation-116 citation-end-116\"> Traite les donn\u00e9es des capteurs DJI Zenmuse LiDAR et multispectraux pour cr\u00e9er des nuages de points pr\u00e9cis, des cartes 2D et des cartes d&#039;indice de v\u00e9g\u00e9tation (comme NDVI\/NDRE) pour l&#039;agriculture et la recherche.<\/span><\/li>\n<li><b><span class=\"citation-115\">Reconstruction de nouvelle g\u00e9n\u00e9ration :<\/span><\/b><span class=\"citation-115\"> Comprend des technologies de reconstruction avanc\u00e9es, notamment <\/span><b><span class=\"citation-115\">\u00c9claboussures gaussiennes 3D<\/span><\/b><span class=\"citation-115 citation-end-115\">, pour g\u00e9n\u00e9rer des mod\u00e8les 3D exceptionnellement r\u00e9alistes avec une grande fid\u00e9lit\u00e9 visuelle, restituant avec pr\u00e9cision les d\u00e9tails fins, les objets transparents et les reflets.<\/span><\/li>\n<li><b>Planification de la mission :<\/b><span class=\"citation-114 citation-end-114\"> Inclut des outils de planification automatis\u00e9e des trajectoires de vol (points de cheminement, zones, obliques, missions de couloir) pour garantir une capture optimale des donn\u00e9es.<\/span><\/li>\n<li><b><span class=\"citation-113\">Acc\u00e8s permanent :<\/span><\/b><span class=\"citation-113 citation-end-113\"> La licence est permanente, vous accordant la propri\u00e9t\u00e9 et l&#039;utilisation perp\u00e9tuelles des fonctionnalit\u00e9s du logiciel.<\/span><\/li>\n<\/ul>\n<h3>2. DJI Modify Flagship (licence permanente)<\/h3>\n<p><span class=\"citation-112 citation-end-112\">DJI Modify est le logiciel compagnon intelligent permettant d&#039;affiner et de peaufiner les mod\u00e8les cr\u00e9\u00e9s dans DJI Terra.<\/span> <span class=\"citation-111\">Le <\/span><b><span class=\"citation-111\">Produit phare permanent<\/span><\/b><span class=\"citation-111 citation-end-111\"> la licence fournit une suite compl\u00e8te d&#039;outils d&#039;\u00e9dition avanc\u00e9s assist\u00e9s par l&#039;IA avec un achat unique\u00a0:<\/span><\/p>\n<ul>\n<li><b>Flux de travail transparent\u00a0:<\/b><span class=\"citation-110 citation-end-110\"> Fonctionne en \u00e9troite collaboration avec DJI Terra, permettant un lancement en un clic \u00e0 partir d&#039;un projet Terra pour un flux de travail efficace du mod\u00e8le \u00e0 l&#039;\u00e9dition.<\/span><\/li>\n<li><b>R\u00e9paration de maillage intelligent :<\/b> Utilise des algorithmes intelligents pour identifier et r\u00e9parer rapidement les d\u00e9fauts courants dans les maillages 3D, notamment\u00a0:\n<ul>\n<li><b><span class=\"citation-109\">Retrait des pi\u00e8ces flottantes :<\/span><\/b><span class=\"citation-109 citation-end-109\"> Nettoyez facilement les g\u00e9om\u00e9tries parasites ou suspendues.<\/span><\/li>\n<li><b>Remplissage de trous :<\/b><span class=\"citation-108 citation-end-108\"> R\u00e9parez automatiquement les lacunes et les trous dans le maillage.<\/span><\/li>\n<li><b>Aplanissement:<\/b><span class=\"citation-107 citation-end-107\"> D\u00e9tectez et aplatissez les surfaces (comme supprimer des voitures ou des panneaux) pour nettoyer la texture et la surface du mod\u00e8le.<\/span><\/li>\n<li><b>R\u00e9paration de la surface de l&#039;eau :<\/b> Cr\u00e9e intelligemment des surfaces d\u2019eau lisses et r\u00e9alistes.<\/li>\n<\/ul>\n<\/li>\n<li><b>\u00c9dition avanc\u00e9e de nuages de points\u00a0:<\/b><span class=\"citation-106 citation-end-106\"> Inclut des outils puissants pour le lissage des nuages de points, la r\u00e9duction du bruit, le sous-\u00e9chantillonnage et la g\u00e9n\u00e9ration automatis\u00e9e de terrain.<\/span><\/li>\n<li><b><span class=\"citation-105\">R\u00e9paration de texture :<\/span><\/b><span class=\"citation-105 citation-end-105\"> Des outils avanc\u00e9s tels que \u00ab\u00a0Effacer\u00a0\u00bb et \u00ab\u00a0Cloner\u00a0\u00bb pour corriger et m\u00e9langer de mani\u00e8re transparente les textures sur le mod\u00e8le.<\/span><\/li>\n<li><b><span class=\"citation-104\">Acc\u00e8s permanent :<\/span><\/b><span class=\"citation-104 citation-end-104\"> Il s&#039;agit d&#039;une licence permanente, offrant un acc\u00e8s illimit\u00e9 et perp\u00e9tuel \u00e0 toutes les fonctionnalit\u00e9s de Flagship sans frais d&#039;abonnement annuels.<\/span><\/li>\n<\/ul>\n<h3>Principaux avantages du forfait<\/h3>\n<ul>\n<li><b><span class=\"citation-103\">Solution de bout en bout :<\/span><\/b><span class=\"citation-103 citation-end-103\"> Offre une plate-forme unifi\u00e9e et unique pour l&#039;acquisition, le traitement, la reconstruction et le raffinement professionnel des donn\u00e9es, \u00e9liminant ainsi le besoin de logiciels tiers fragment\u00e9s.<\/span><\/li>\n<li><b><span class=\"citation-102\">Qualit\u00e9 professionnelle :<\/span><\/b><span class=\"citation-102 citation-end-102\"> Fournissez des cartes 2D extr\u00eamement pr\u00e9cises et des mod\u00e8les 3D photor\u00e9alistes \u00e9poustouflants gr\u00e2ce \u00e0 l&#039;int\u00e9gration de la photogramm\u00e9trie avanc\u00e9e, du traitement LiDAR et du gaussian Splatting.<\/span><\/li>\n<li><b>Efficacit\u00e9:<\/b><span class=\"citation-101 citation-end-101\"> R\u00e9duit consid\u00e9rablement le temps de post-traitement gr\u00e2ce aux fonctionnalit\u00e9s de r\u00e9paration intelligentes en un clic de DJI Modify, acc\u00e9l\u00e9rant ainsi la livraison du projet.<\/span><\/li>\n<li><b><span class=\"citation-100\">Propri\u00e9t\u00e9 perp\u00e9tuelle :<\/span><\/b><span class=\"citation-100 citation-end-100\"> Les licences permanentes offrent une valeur \u00e0 long terme et une utilisation illimit\u00e9e du logiciel, prot\u00e9geant ainsi votre investissement.<\/span><\/li>\n<\/ul>","protected":false},"excerpt":{"rendered":"<p>Ce package complet fournit une solution de bout en bout pour l&#039;arpentage a\u00e9rien, la mod\u00e9lisation 3D et le post-traitement, combinant des capacit\u00e9s de reconstruction de base avec des outils d&#039;\u00e9dition avanc\u00e9s et permanents pour les professionnels de l&#039;arpentage, de la cartographie, de la construction et des infrastructures.<\/p>","protected":false},"featured_media":19353,"comment_status":"open","ping_status":"closed","template":"","meta":[],"product_brand":[1031],"product_cat":[37,939],"product_tag":[42,1032],"class_list":{"0":"post-20886","1":"product","2":"type-product","3":"status-publish","4":"has-post-thumbnail","6":"product_brand-dji","7":"product_cat-dji","8":"product_cat-software-dji","9":"product_tag-dji","10":"product_tag-dji-terra","12":"first","13":"onbackorder","14":"taxable","15":"shipping-taxable","16":"purchasable","17":"product-type-simple"},"yoast_head":"<!-- This site is optimized with the Yoast SEO plugin v27.1.1 - https:\/\/yoast.com\/product\/yoast-seo-wordpress\/ -->\n<title>DJI Terra Standard + DJI Modify Flagship Permanent - Ghostysky<\/title>\n<meta name=\"description\" content=\"This comprehensive package provides an end-to-end solution for aerial surveying, 3D modeling, and post-processing, combining core reconstruction capabilities with advanced, permanent editing tools for professionals in surveying, mapping, construction, and infrastructure.\" \/>\n<meta name=\"robots\" content=\"index, follow, max-snippet:-1, max-image-preview:large, max-video-preview:-1\" \/>\n<link rel=\"canonical\" href=\"https:\/\/www.ghostysky.com\/fr\/product\/dji-terra-standard-dji-modify-flagship-permanent\/\" \/>\n<meta property=\"og:locale\" content=\"fr_FR\" \/>\n<meta property=\"og:type\" content=\"article\" \/>\n<meta property=\"og:title\" content=\"DJI Terra Standard + DJI Modify Flagship Permanent - Ghostysky\" \/>\n<meta property=\"og:description\" content=\"This comprehensive package provides an end-to-end solution for aerial surveying, 3D modeling, and post-processing, combining core reconstruction capabilities with advanced, permanent editing tools for professionals in surveying, mapping, construction, and infrastructure.\" \/>\n<meta property=\"og:url\" content=\"https:\/\/www.ghostysky.com\/fr\/product\/dji-terra-standard-dji-modify-flagship-permanent\/\" \/>\n<meta property=\"og:site_name\" content=\"Ghostysky\" \/>\n<meta property=\"article:publisher\" content=\"https:\/\/www.facebook.com\/people\/Ghostysky\/100057676170234\/\" \/>\n<meta property=\"article:modified_time\" content=\"2025-10-15T10:18:45+00:00\" \/>\n<meta property=\"og:image\" content=\"https:\/\/www.ghostysky.com\/wp-content\/uploads\/2024\/05\/GH_dji-terra-pro-overseas-perpetual-1.jpg\" \/>\n\t<meta property=\"og:image:width\" content=\"800\" \/>\n\t<meta property=\"og:image:height\" content=\"644\" \/>\n\t<meta property=\"og:image:type\" content=\"image\/jpeg\" \/>\n<meta name=\"twitter:card\" content=\"summary_large_image\" \/>\n<meta name=\"twitter:site\" content=\"@Gh0stysky\" \/>\n<meta name=\"twitter:label1\" content=\"Dur\u00e9e de lecture estim\u00e9e\" \/>\n\t<meta name=\"twitter:data1\" content=\"2 minutes\" \/>\n<script type=\"application\/ld+json\" class=\"yoast-schema-graph\">{\"@context\":\"https:\/\/schema.org\",\"@graph\":[{\"@type\":\"WebPage\",\"@id\":\"https:\/\/www.ghostysky.com\/product\/dji-terra-standard-dji-modify-flagship-permanent\/\",\"url\":\"https:\/\/www.ghostysky.com\/product\/dji-terra-standard-dji-modify-flagship-permanent\/\",\"name\":\"DJI Terra Standard + DJI Modify Flagship Permanent - Ghostysky\",\"isPartOf\":{\"@id\":\"https:\/\/www.ghostysky.com\/#website\"},\"primaryImageOfPage\":{\"@id\":\"https:\/\/www.ghostysky.com\/product\/dji-terra-standard-dji-modify-flagship-permanent\/#primaryimage\"},\"image\":{\"@id\":\"https:\/\/www.ghostysky.com\/product\/dji-terra-standard-dji-modify-flagship-permanent\/#primaryimage\"},\"thumbnailUrl\":\"https:\/\/www.ghostysky.com\/wp-content\/uploads\/2024\/05\/GH_dji-terra-pro-overseas-perpetual-1.jpg\",\"datePublished\":\"2025-10-14T14:03:19+00:00\",\"dateModified\":\"2025-10-15T10:18:45+00:00\",\"description\":\"This comprehensive package provides an end-to-end solution for aerial surveying, 3D modeling, and post-processing, combining core reconstruction capabilities with advanced, permanent editing tools for professionals in surveying, mapping, construction, and infrastructure.\",\"breadcrumb\":{\"@id\":\"https:\/\/www.ghostysky.com\/product\/dji-terra-standard-dji-modify-flagship-permanent\/#breadcrumb\"},\"inLanguage\":\"fr-FR\",\"potentialAction\":[{\"@type\":\"ReadAction\",\"target\":[\"https:\/\/www.ghostysky.com\/product\/dji-terra-standard-dji-modify-flagship-permanent\/\"]}]},{\"@type\":\"ImageObject\",\"inLanguage\":\"fr-FR\",\"@id\":\"https:\/\/www.ghostysky.com\/product\/dji-terra-standard-dji-modify-flagship-permanent\/#primaryimage\",\"url\":\"https:\/\/www.ghostysky.com\/wp-content\/uploads\/2024\/05\/GH_dji-terra-pro-overseas-perpetual-1.jpg\",\"contentUrl\":\"https:\/\/www.ghostysky.com\/wp-content\/uploads\/2024\/05\/GH_dji-terra-pro-overseas-perpetual-1.jpg\",\"width\":800,\"height\":644},{\"@type\":\"BreadcrumbList\",\"@id\":\"https:\/\/www.ghostysky.com\/product\/dji-terra-standard-dji-modify-flagship-permanent\/#breadcrumb\",\"itemListElement\":[{\"@type\":\"ListItem\",\"position\":1,\"name\":\"Home\",\"item\":\"https:\/\/www.ghostysky.com\/\"},{\"@type\":\"ListItem\",\"position\":2,\"name\":\"Shop\",\"item\":\"https:\/\/www.ghostysky.com\/shop\/\"},{\"@type\":\"ListItem\",\"position\":3,\"name\":\"DJI Terra Standard + DJI Modify Flagship Permanent\"}]},{\"@type\":\"WebSite\",\"@id\":\"https:\/\/www.ghostysky.com\/#website\",\"url\":\"https:\/\/www.ghostysky.com\/\",\"name\":\"Ghostysky\",\"description\":\"Delivering professional drones and services\",\"publisher\":{\"@id\":\"https:\/\/www.ghostysky.com\/#organization\"},\"potentialAction\":[{\"@type\":\"SearchAction\",\"target\":{\"@type\":\"EntryPoint\",\"urlTemplate\":\"https:\/\/www.ghostysky.com\/?s={search_term_string}\"},\"query-input\":{\"@type\":\"PropertyValueSpecification\",\"valueRequired\":true,\"valueName\":\"search_term_string\"}}],\"inLanguage\":\"fr-FR\"},{\"@type\":\"Organization\",\"@id\":\"https:\/\/www.ghostysky.com\/#organization\",\"name\":\"Ghostysky\",\"url\":\"https:\/\/www.ghostysky.com\/\",\"logo\":{\"@type\":\"ImageObject\",\"inLanguage\":\"fr-FR\",\"@id\":\"https:\/\/www.ghostysky.com\/#\/schema\/logo\/image\/\",\"url\":\"https:\/\/www.ghostysky.com\/wp-content\/uploads\/2020\/06\/cropped-ghostyskylogo_text_white2.png\",\"contentUrl\":\"https:\/\/www.ghostysky.com\/wp-content\/uploads\/2020\/06\/cropped-ghostyskylogo_text_white2.png\",\"width\":169,\"height\":56,\"caption\":\"Ghostysky\"},\"image\":{\"@id\":\"https:\/\/www.ghostysky.com\/#\/schema\/logo\/image\/\"},\"sameAs\":[\"https:\/\/www.facebook.com\/people\/Ghostysky\/100057676170234\/\",\"https:\/\/x.com\/Gh0stysky\",\"https:\/\/www.linkedin.com\/company\/34739653\",\"https:\/\/www.instagram.com\/gh0stysky\"]}]}<\/script>\n<!-- \/ Yoast SEO plugin. -->","yoast_head_json":{"title":"DJI Terra Standard + DJI Modify Flagship Permanent - Ghostysky","description":"Ce package complet fournit une solution de bout en bout pour l&#039;arpentage a\u00e9rien, la mod\u00e9lisation 3D et le post-traitement, combinant des capacit\u00e9s de reconstruction de base avec des outils d&#039;\u00e9dition avanc\u00e9s et permanents pour les professionnels de l&#039;arpentage, de la cartographie, de la construction et des infrastructures.","robots":{"index":"index","follow":"follow","max-snippet":"max-snippet:-1","max-image-preview":"max-image-preview:large","max-video-preview":"max-video-preview:-1"},"canonical":"https:\/\/www.ghostysky.com\/fr\/product\/dji-terra-standard-dji-modify-flagship-permanent\/","og_locale":"fr_FR","og_type":"article","og_title":"DJI Terra Standard + DJI Modify Flagship Permanent - Ghostysky","og_description":"This comprehensive package provides an end-to-end solution for aerial surveying, 3D modeling, and post-processing, combining core reconstruction capabilities with advanced, permanent editing tools for professionals in surveying, mapping, construction, and infrastructure.","og_url":"https:\/\/www.ghostysky.com\/fr\/product\/dji-terra-standard-dji-modify-flagship-permanent\/","og_site_name":"Ghostysky","article_publisher":"https:\/\/www.facebook.com\/people\/Ghostysky\/100057676170234\/","article_modified_time":"2025-10-15T10:18:45+00:00","og_image":[{"width":800,"height":644,"url":"https:\/\/www.ghostysky.com\/wp-content\/uploads\/2024\/05\/GH_dji-terra-pro-overseas-perpetual-1.jpg","type":"image\/jpeg"}],"twitter_card":"summary_large_image","twitter_site":"@Gh0stysky","twitter_misc":{"Dur\u00e9e de lecture estim\u00e9e":"2 minutes"},"schema":{"@context":"https:\/\/schema.org","@graph":[{"@type":"WebPage","@id":"https:\/\/www.ghostysky.com\/product\/dji-terra-standard-dji-modify-flagship-permanent\/","url":"https:\/\/www.ghostysky.com\/product\/dji-terra-standard-dji-modify-flagship-permanent\/","name":"DJI Terra Standard + DJI Modify Flagship Permanent - Ghostysky","isPartOf":{"@id":"https:\/\/www.ghostysky.com\/#website"},"primaryImageOfPage":{"@id":"https:\/\/www.ghostysky.com\/product\/dji-terra-standard-dji-modify-flagship-permanent\/#primaryimage"},"image":{"@id":"https:\/\/www.ghostysky.com\/product\/dji-terra-standard-dji-modify-flagship-permanent\/#primaryimage"},"thumbnailUrl":"https:\/\/www.ghostysky.com\/wp-content\/uploads\/2024\/05\/GH_dji-terra-pro-overseas-perpetual-1.jpg","datePublished":"2025-10-14T14:03:19+00:00","dateModified":"2025-10-15T10:18:45+00:00","description":"Ce package complet fournit une solution de bout en bout pour l&#039;arpentage a\u00e9rien, la mod\u00e9lisation 3D et le post-traitement, combinant des capacit\u00e9s de reconstruction de base avec des outils d&#039;\u00e9dition avanc\u00e9s et permanents pour les professionnels de l&#039;arpentage, de la cartographie, de la construction et des infrastructures.","breadcrumb":{"@id":"https:\/\/www.ghostysky.com\/product\/dji-terra-standard-dji-modify-flagship-permanent\/#breadcrumb"},"inLanguage":"fr-FR","potentialAction":[{"@type":"ReadAction","target":["https:\/\/www.ghostysky.com\/product\/dji-terra-standard-dji-modify-flagship-permanent\/"]}]},{"@type":"ImageObject","inLanguage":"fr-FR","@id":"https:\/\/www.ghostysky.com\/product\/dji-terra-standard-dji-modify-flagship-permanent\/#primaryimage","url":"https:\/\/www.ghostysky.com\/wp-content\/uploads\/2024\/05\/GH_dji-terra-pro-overseas-perpetual-1.jpg","contentUrl":"https:\/\/www.ghostysky.com\/wp-content\/uploads\/2024\/05\/GH_dji-terra-pro-overseas-perpetual-1.jpg","width":800,"height":644},{"@type":"BreadcrumbList","@id":"https:\/\/www.ghostysky.com\/product\/dji-terra-standard-dji-modify-flagship-permanent\/#breadcrumb","itemListElement":[{"@type":"ListItem","position":1,"name":"Home","item":"https:\/\/www.ghostysky.com\/"},{"@type":"ListItem","position":2,"name":"Shop","item":"https:\/\/www.ghostysky.com\/shop\/"},{"@type":"ListItem","position":3,"name":"DJI Terra Standard + DJI Modify Flagship Permanent"}]},{"@type":"WebSite","@id":"https:\/\/www.ghostysky.com\/#website","url":"https:\/\/www.ghostysky.com\/","name":"Ghostysky","description":"Livraison de drones et de services professionnels","publisher":{"@id":"https:\/\/www.ghostysky.com\/#organization"},"potentialAction":[{"@type":"SearchAction","target":{"@type":"EntryPoint","urlTemplate":"https:\/\/www.ghostysky.com\/?s={search_term_string}"},"query-input":{"@type":"PropertyValueSpecification","valueRequired":true,"valueName":"search_term_string"}}],"inLanguage":"fr-FR"},{"@type":"Organization","@id":"https:\/\/www.ghostysky.com\/#organization","name":"Ghostysky","url":"https:\/\/www.ghostysky.com\/","logo":{"@type":"ImageObject","inLanguage":"fr-FR","@id":"https:\/\/www.ghostysky.com\/#\/schema\/logo\/image\/","url":"https:\/\/www.ghostysky.com\/wp-content\/uploads\/2020\/06\/cropped-ghostyskylogo_text_white2.png","contentUrl":"https:\/\/www.ghostysky.com\/wp-content\/uploads\/2020\/06\/cropped-ghostyskylogo_text_white2.png","width":169,"height":56,"caption":"Ghostysky"},"image":{"@id":"https:\/\/www.ghostysky.com\/#\/schema\/logo\/image\/"},"sameAs":["https:\/\/www.facebook.com\/people\/Ghostysky\/100057676170234\/","https:\/\/x.com\/Gh0stysky","https:\/\/www.linkedin.com\/company\/34739653","https:\/\/www.instagram.com\/gh0stysky"]}]}},"_links":{"self":[{"href":"https:\/\/www.ghostysky.com\/fr\/wp-json\/wp\/v2\/product\/20886","targetHints":{"allow":["GET"]}}],"collection":[{"href":"https:\/\/www.ghostysky.com\/fr\/wp-json\/wp\/v2\/product"}],"about":[{"href":"https:\/\/www.ghostysky.com\/fr\/wp-json\/wp\/v2\/types\/product"}],"replies":[{"embeddable":true,"href":"https:\/\/www.ghostysky.com\/fr\/wp-json\/wp\/v2\/comments?post=20886"}],"wp:featuredmedia":[{"embeddable":true,"href":"https:\/\/www.ghostysky.com\/fr\/wp-json\/wp\/v2\/media\/19353"}],"wp:attachment":[{"href":"https:\/\/www.ghostysky.com\/fr\/wp-json\/wp\/v2\/media?parent=20886"}],"wp:term":[{"taxonomy":"product_brand","embeddable":true,"href":"https:\/\/www.ghostysky.com\/fr\/wp-json\/wp\/v2\/product_brand?post=20886"},{"taxonomy":"product_cat","embeddable":true,"href":"https:\/\/www.ghostysky.com\/fr\/wp-json\/wp\/v2\/product_cat?post=20886"},{"taxonomy":"product_tag","embeddable":true,"href":"https:\/\/www.ghostysky.com\/fr\/wp-json\/wp\/v2\/product_tag?post=20886"}],"curies":[{"name":"wp","href":"https:\/\/api.w.org\/{rel}","templated":true}]}}