{"id":20888,"date":"2025-10-14T14:12:22","date_gmt":"2025-10-14T14:12:22","guid":{"rendered":"https:\/\/www.ghostysky.com\/?post_type=product&#038;p=20888"},"modified":"2025-10-15T10:18:15","modified_gmt":"2025-10-15T10:18:15","slug":"dji-terra-standard-to-flagship-version-upgrade-package-online","status":"publish","type":"product","link":"https:\/\/www.ghostysky.com\/fr\/product\/dji-terra-standard-to-flagship-version-upgrade-package-online\/","title":{"rendered":"Pack de mise \u00e0 niveau DJI Terra Standard vers la version phare (en ligne)"},"content":{"rendered":"<h3>Principales fonctionnalit\u00e9s de mise \u00e0 niveau du produit phare<\/h3>\n<p><span class=\"citation-145 citation-end-145\">La mise \u00e0 niveau transforme votre licence Standard en ajoutant des outils puissants optimis\u00e9s pour les applications industrielles et d&#039;infrastructure avanc\u00e9es\u00a0:<\/span><\/p>\n<ul>\n<li><b>\u00c9claboussures gaussiennes 3D\u00a0:<\/b><span class=\"citation-144 citation-end-144\"> G\u00e9n\u00e9rez rapidement et efficacement des mod\u00e8les 3D ultra-pr\u00e9cis et hautement photor\u00e9alistes \u00e0 partir d&#039;images de drones.<\/span> <span class=\"citation-143 citation-end-143\">Cette technologie de pointe excelle dans la restauration pr\u00e9cise de sc\u00e8nes complexes, notamment de structures fines, d\u2019objets transparents\/r\u00e9fl\u00e9chissants et d\u2019une v\u00e9g\u00e9tation dense.<\/span><\/li>\n<li><b><span class=\"citation-142\">Fusion LiDAR + Photogramm\u00e9trie :<\/span><\/b><span class=\"citation-142 citation-end-142\"> Int\u00e9grez de mani\u00e8re transparente les donn\u00e9es de lumi\u00e8re visible avec les nuages de points captur\u00e9s par les capteurs DJI Zenmuse LiDAR (comme L2) pour cr\u00e9er des nuages de points 3D et des mod\u00e8les de maillage riches et tr\u00e8s pr\u00e9cis.<\/span><\/li>\n<li><b>Outils d&#039;\u00e9lectricit\u00e9 et d&#039;infrastructures :<\/b><span class=\"citation-141 citation-end-141\"> Acc\u00e9dez \u00e0 des flux de travail sp\u00e9cialis\u00e9s et \u00e0 un module d\u00e9di\u00e9 pour l&#039;inspection et la cartographie d\u00e9taill\u00e9es des lignes \u00e9lectriques, des couloirs de transmission et d&#039;autres infrastructures critiques.<\/span><\/li>\n<li><b>Gestion multi-appareils (fonctionnalit\u00e9 phare)\u00a0:<\/b><span class=\"citation-140 citation-end-140\"> Alors que la version Standard est g\u00e9n\u00e9ralement li\u00e9e \u00e0 un seul appareil, la version Flagship peut offrir la prise en charge de la liaison \u00e0 plusieurs appareils (v\u00e9rifiez les conditions de licence sp\u00e9cifiques, car certaines versions Flagship prennent en charge jusqu&#039;\u00e0 10 appareils).<\/span><\/li>\n<\/ul>\n<h3>R\u00e9sum\u00e9 du produit<\/h3>\n<ul>\n<li><b>Produit:<\/b><span class=\"citation-139 citation-end-139\"> Pack de mise \u00e0 niveau DJI Terra Standard vers la version phare (en ligne)<\/span><\/li>\n<li><b><span class=\"citation-138\">But:<\/span><\/b><span class=\"citation-138 citation-end-138\"> \u00c9l\u00e8ve une licence DJI Terra Standard existante vers la version Flagship riche en fonctionnalit\u00e9s.<\/span><\/li>\n<li><b><span class=\"citation-137\">Activation:<\/span><\/b><span class=\"citation-137 citation-end-137\"> Autorisation en ligne requise pour la gestion et l&#039;utilisation des licences.<\/span><\/li>\n<li><b>Utilisateur cible\u00a0:<\/b><span class=\"citation-136 citation-end-136\"> Professionnels d&#039;entreprise, g\u00e9om\u00e8tres et ing\u00e9nieurs qui ont besoin d&#039;une reconstruction 3D de la plus haute fid\u00e9lit\u00e9, d&#039;outils d&#039;inspection d&#039;infrastructure sp\u00e9cialis\u00e9s et de capacit\u00e9s de traitement de donn\u00e9es avanc\u00e9es.<\/span><\/li>\n<\/ul>\n<p><span class=\"citation-135 citation-end-135\">Essentiellement, ce package est le pont professionnel vers la cartographie de nouvelle g\u00e9n\u00e9ration, fournissant une technologie avanc\u00e9e pour g\u00e9rer les projets les plus exigeants en mati\u00e8re d\u2019arpentage, de construction, d\u2019\u00e9nergie et de mod\u00e9lisation d\u2019infrastructures.<\/span><\/p>","protected":false},"excerpt":{"rendered":"<p><span class=\"citation-147\">Le <\/span><b><span class=\"citation-147\">Pack de mise \u00e0 niveau DJI Terra Standard vers la version phare (en ligne)<\/span><\/b><span class=\"citation-147 citation-end-147\"> est une mise \u00e0 niveau de licence logicielle con\u00e7ue pour les utilisateurs disposant d&#039;une licence DJI Terra Standard existante qui souhaitent d\u00e9bloquer toutes les fonctionnalit\u00e9s avanc\u00e9es de la version Flagship.<\/span><\/p>\n<p><span class=\"citation-146 citation-end-146\">Cette mise \u00e0 niveau en ligne uniquement donne acc\u00e8s au niveau le plus \u00e9lev\u00e9 du logiciel professionnel de mod\u00e9lisation et de cartographie 3D de DJI, simplifiant les flux de travail d&#039;arpentage a\u00e9rien complexes.<\/span><\/p>","protected":false},"featured_media":19353,"comment_status":"open","ping_status":"closed","template":"","meta":[],"product_brand":[1031],"product_cat":[37,29,939],"product_tag":[42,1032],"class_list":{"0":"post-20888","1":"product","2":"type-product","3":"status-publish","4":"has-post-thumbnail","6":"product_brand-dji","7":"product_cat-dji","8":"product_cat-drones","9":"product_cat-software-dji","10":"product_tag-dji","11":"product_tag-dji-terra","13":"first","14":"onbackorder","15":"taxable","16":"shipping-taxable","17":"product-type-simple"},"yoast_head":"<!-- This site is optimized with the Yoast SEO plugin v27.4 - https:\/\/yoast.com\/product\/yoast-seo-wordpress\/ -->\n<title>DJI Terra Standard to Flagship Version Upgrade Package (Online) - Ghostysky<\/title>\n<meta name=\"description\" content=\"The DJI Terra Standard to Flagship Version Upgrade Package (Online) is a software license upgrade designed for users with an existing DJI Terra Standard license who wish to unlock the full, advanced features of the Flagship version.This online-only upgrade provides access to the highest tier of DJI&#039;s professional 3D modeling and mapping software, streamlining complex aerial surveying workflows.\" \/>\n<meta name=\"robots\" content=\"index, follow, max-snippet:-1, max-image-preview:large, max-video-preview:-1\" \/>\n<link rel=\"canonical\" href=\"https:\/\/www.ghostysky.com\/fr\/product\/dji-terra-standard-to-flagship-version-upgrade-package-online\/\" \/>\n<meta property=\"og:locale\" content=\"fr_FR\" \/>\n<meta property=\"og:type\" content=\"article\" \/>\n<meta property=\"og:title\" content=\"DJI Terra Standard to Flagship Version Upgrade Package (Online) - Ghostysky\" \/>\n<meta property=\"og:description\" content=\"The DJI Terra Standard to Flagship Version Upgrade Package (Online) is a software license upgrade designed for users with an existing DJI Terra Standard license who wish to unlock the full, advanced features of the Flagship version.This online-only upgrade provides access to the highest tier of DJI&#039;s professional 3D modeling and mapping software, streamlining complex aerial surveying workflows.\" \/>\n<meta property=\"og:url\" content=\"https:\/\/www.ghostysky.com\/fr\/product\/dji-terra-standard-to-flagship-version-upgrade-package-online\/\" \/>\n<meta property=\"og:site_name\" content=\"Ghostysky\" \/>\n<meta property=\"article:publisher\" content=\"https:\/\/www.facebook.com\/people\/Ghostysky\/100057676170234\/\" \/>\n<meta property=\"article:modified_time\" content=\"2025-10-15T10:18:15+00:00\" \/>\n<meta property=\"og:image\" content=\"https:\/\/www.ghostysky.com\/wp-content\/uploads\/2024\/05\/GH_dji-terra-pro-overseas-perpetual-1.jpg\" \/>\n\t<meta property=\"og:image:width\" content=\"800\" \/>\n\t<meta property=\"og:image:height\" content=\"644\" \/>\n\t<meta property=\"og:image:type\" content=\"image\/jpeg\" \/>\n<meta name=\"twitter:card\" content=\"summary_large_image\" \/>\n<meta name=\"twitter:site\" content=\"@Gh0stysky\" \/>\n<meta name=\"twitter:label1\" content=\"Dur\u00e9e de lecture estim\u00e9e\" \/>\n\t<meta name=\"twitter:data1\" content=\"2 minutes\" \/>\n<script type=\"application\/ld+json\" class=\"yoast-schema-graph\">{\"@context\":\"https:\\\/\\\/schema.org\",\"@graph\":[{\"@type\":\"WebPage\",\"@id\":\"https:\\\/\\\/www.ghostysky.com\\\/product\\\/dji-terra-standard-to-flagship-version-upgrade-package-online\\\/\",\"url\":\"https:\\\/\\\/www.ghostysky.com\\\/product\\\/dji-terra-standard-to-flagship-version-upgrade-package-online\\\/\",\"name\":\"DJI Terra Standard to Flagship Version Upgrade Package (Online) - Ghostysky\",\"isPartOf\":{\"@id\":\"https:\\\/\\\/www.ghostysky.com\\\/#website\"},\"primaryImageOfPage\":{\"@id\":\"https:\\\/\\\/www.ghostysky.com\\\/product\\\/dji-terra-standard-to-flagship-version-upgrade-package-online\\\/#primaryimage\"},\"image\":{\"@id\":\"https:\\\/\\\/www.ghostysky.com\\\/product\\\/dji-terra-standard-to-flagship-version-upgrade-package-online\\\/#primaryimage\"},\"thumbnailUrl\":\"https:\\\/\\\/www.ghostysky.com\\\/wp-content\\\/uploads\\\/2024\\\/05\\\/GH_dji-terra-pro-overseas-perpetual-1.jpg\",\"datePublished\":\"2025-10-14T14:12:22+00:00\",\"dateModified\":\"2025-10-15T10:18:15+00:00\",\"description\":\"The DJI Terra Standard to Flagship Version Upgrade Package (Online) is a software license upgrade designed for users with an existing DJI Terra Standard license who wish to unlock the full, advanced features of the Flagship version.This online-only upgrade provides access to the highest tier of DJI's professional 3D modeling and mapping software, streamlining complex aerial surveying workflows.\",\"breadcrumb\":{\"@id\":\"https:\\\/\\\/www.ghostysky.com\\\/product\\\/dji-terra-standard-to-flagship-version-upgrade-package-online\\\/#breadcrumb\"},\"inLanguage\":\"fr-FR\",\"potentialAction\":[{\"@type\":\"ReadAction\",\"target\":[\"https:\\\/\\\/www.ghostysky.com\\\/product\\\/dji-terra-standard-to-flagship-version-upgrade-package-online\\\/\"]}]},{\"@type\":\"ImageObject\",\"inLanguage\":\"fr-FR\",\"@id\":\"https:\\\/\\\/www.ghostysky.com\\\/product\\\/dji-terra-standard-to-flagship-version-upgrade-package-online\\\/#primaryimage\",\"url\":\"https:\\\/\\\/www.ghostysky.com\\\/wp-content\\\/uploads\\\/2024\\\/05\\\/GH_dji-terra-pro-overseas-perpetual-1.jpg\",\"contentUrl\":\"https:\\\/\\\/www.ghostysky.com\\\/wp-content\\\/uploads\\\/2024\\\/05\\\/GH_dji-terra-pro-overseas-perpetual-1.jpg\",\"width\":800,\"height\":644},{\"@type\":\"BreadcrumbList\",\"@id\":\"https:\\\/\\\/www.ghostysky.com\\\/product\\\/dji-terra-standard-to-flagship-version-upgrade-package-online\\\/#breadcrumb\",\"itemListElement\":[{\"@type\":\"ListItem\",\"position\":1,\"name\":\"Home\",\"item\":\"https:\\\/\\\/www.ghostysky.com\\\/\"},{\"@type\":\"ListItem\",\"position\":2,\"name\":\"Shop\",\"item\":\"https:\\\/\\\/www.ghostysky.com\\\/shop\\\/\"},{\"@type\":\"ListItem\",\"position\":3,\"name\":\"DJI Terra Standard to Flagship Version Upgrade Package (Online)\"}]},{\"@type\":\"WebSite\",\"@id\":\"https:\\\/\\\/www.ghostysky.com\\\/#website\",\"url\":\"https:\\\/\\\/www.ghostysky.com\\\/\",\"name\":\"Ghostysky\",\"description\":\"Delivering professional drones and robotics solutions\",\"publisher\":{\"@id\":\"https:\\\/\\\/www.ghostysky.com\\\/#organization\"},\"potentialAction\":[{\"@type\":\"SearchAction\",\"target\":{\"@type\":\"EntryPoint\",\"urlTemplate\":\"https:\\\/\\\/www.ghostysky.com\\\/?s={search_term_string}\"},\"query-input\":{\"@type\":\"PropertyValueSpecification\",\"valueRequired\":true,\"valueName\":\"search_term_string\"}}],\"inLanguage\":\"fr-FR\"},{\"@type\":\"Organization\",\"@id\":\"https:\\\/\\\/www.ghostysky.com\\\/#organization\",\"name\":\"Ghostysky\",\"url\":\"https:\\\/\\\/www.ghostysky.com\\\/\",\"logo\":{\"@type\":\"ImageObject\",\"inLanguage\":\"fr-FR\",\"@id\":\"https:\\\/\\\/www.ghostysky.com\\\/#\\\/schema\\\/logo\\\/image\\\/\",\"url\":\"https:\\\/\\\/www.ghostysky.com\\\/wp-content\\\/uploads\\\/2020\\\/06\\\/cropped-ghostyskylogo_text_white2.png\",\"contentUrl\":\"https:\\\/\\\/www.ghostysky.com\\\/wp-content\\\/uploads\\\/2020\\\/06\\\/cropped-ghostyskylogo_text_white2.png\",\"width\":169,\"height\":56,\"caption\":\"Ghostysky\"},\"image\":{\"@id\":\"https:\\\/\\\/www.ghostysky.com\\\/#\\\/schema\\\/logo\\\/image\\\/\"},\"sameAs\":[\"https:\\\/\\\/www.facebook.com\\\/people\\\/Ghostysky\\\/100057676170234\\\/\",\"https:\\\/\\\/x.com\\\/Gh0stysky\",\"https:\\\/\\\/www.linkedin.com\\\/company\\\/34739653\",\"https:\\\/\\\/www.instagram.com\\\/gh0stysky\"]}]}<\/script>\n<!-- \/ Yoast SEO plugin. -->","yoast_head_json":{"title":"Pack de mise \u00e0 niveau DJI Terra Standard vers la version phare (en ligne) - Ghostysky","description":"Le package de mise \u00e0 niveau de la version DJI Terra Standard vers la version Flagship (en ligne) est une mise \u00e0 niveau de licence logicielle con\u00e7ue pour les utilisateurs disposant d&#039;une licence DJI Terra Standard existante qui souhaitent d\u00e9bloquer toutes les fonctionnalit\u00e9s avanc\u00e9es de la version Flagship. Cette mise \u00e0 niveau en ligne uniquement donne acc\u00e8s au niveau le plus \u00e9lev\u00e9 du logiciel professionnel de mod\u00e9lisation et de cartographie 3D de DJI, simplifiant les flux de travail d&#039;arpentage a\u00e9rien complexes.","robots":{"index":"index","follow":"follow","max-snippet":"max-snippet:-1","max-image-preview":"max-image-preview:large","max-video-preview":"max-video-preview:-1"},"canonical":"https:\/\/www.ghostysky.com\/fr\/product\/dji-terra-standard-to-flagship-version-upgrade-package-online\/","og_locale":"fr_FR","og_type":"article","og_title":"DJI Terra Standard to Flagship Version Upgrade Package (Online) - Ghostysky","og_description":"The DJI Terra Standard to Flagship Version Upgrade Package (Online) is a software license upgrade designed for users with an existing DJI Terra Standard license who wish to unlock the full, advanced features of the Flagship version.This online-only upgrade provides access to the highest tier of DJI's professional 3D modeling and mapping software, streamlining complex aerial surveying workflows.","og_url":"https:\/\/www.ghostysky.com\/fr\/product\/dji-terra-standard-to-flagship-version-upgrade-package-online\/","og_site_name":"Ghostysky","article_publisher":"https:\/\/www.facebook.com\/people\/Ghostysky\/100057676170234\/","article_modified_time":"2025-10-15T10:18:15+00:00","og_image":[{"width":800,"height":644,"url":"https:\/\/www.ghostysky.com\/wp-content\/uploads\/2024\/05\/GH_dji-terra-pro-overseas-perpetual-1.jpg","type":"image\/jpeg"}],"twitter_card":"summary_large_image","twitter_site":"@Gh0stysky","twitter_misc":{"Dur\u00e9e de lecture estim\u00e9e":"2 minutes"},"schema":{"@context":"https:\/\/schema.org","@graph":[{"@type":"WebPage","@id":"https:\/\/www.ghostysky.com\/product\/dji-terra-standard-to-flagship-version-upgrade-package-online\/","url":"https:\/\/www.ghostysky.com\/product\/dji-terra-standard-to-flagship-version-upgrade-package-online\/","name":"Pack de mise \u00e0 niveau DJI Terra Standard vers la version phare (en ligne) - Ghostysky","isPartOf":{"@id":"https:\/\/www.ghostysky.com\/#website"},"primaryImageOfPage":{"@id":"https:\/\/www.ghostysky.com\/product\/dji-terra-standard-to-flagship-version-upgrade-package-online\/#primaryimage"},"image":{"@id":"https:\/\/www.ghostysky.com\/product\/dji-terra-standard-to-flagship-version-upgrade-package-online\/#primaryimage"},"thumbnailUrl":"https:\/\/www.ghostysky.com\/wp-content\/uploads\/2024\/05\/GH_dji-terra-pro-overseas-perpetual-1.jpg","datePublished":"2025-10-14T14:12:22+00:00","dateModified":"2025-10-15T10:18:15+00:00","description":"Le package de mise \u00e0 niveau de la version DJI Terra Standard vers la version Flagship (en ligne) est une mise \u00e0 niveau de licence logicielle con\u00e7ue pour les utilisateurs disposant d&#039;une licence DJI Terra Standard existante qui souhaitent d\u00e9bloquer toutes les fonctionnalit\u00e9s avanc\u00e9es de la version Flagship. Cette mise \u00e0 niveau en ligne uniquement donne acc\u00e8s au niveau le plus \u00e9lev\u00e9 du logiciel professionnel de mod\u00e9lisation et de cartographie 3D de DJI, simplifiant les flux de travail d&#039;arpentage a\u00e9rien complexes.","breadcrumb":{"@id":"https:\/\/www.ghostysky.com\/product\/dji-terra-standard-to-flagship-version-upgrade-package-online\/#breadcrumb"},"inLanguage":"fr-FR","potentialAction":[{"@type":"ReadAction","target":["https:\/\/www.ghostysky.com\/product\/dji-terra-standard-to-flagship-version-upgrade-package-online\/"]}]},{"@type":"ImageObject","inLanguage":"fr-FR","@id":"https:\/\/www.ghostysky.com\/product\/dji-terra-standard-to-flagship-version-upgrade-package-online\/#primaryimage","url":"https:\/\/www.ghostysky.com\/wp-content\/uploads\/2024\/05\/GH_dji-terra-pro-overseas-perpetual-1.jpg","contentUrl":"https:\/\/www.ghostysky.com\/wp-content\/uploads\/2024\/05\/GH_dji-terra-pro-overseas-perpetual-1.jpg","width":800,"height":644},{"@type":"BreadcrumbList","@id":"https:\/\/www.ghostysky.com\/product\/dji-terra-standard-to-flagship-version-upgrade-package-online\/#breadcrumb","itemListElement":[{"@type":"ListItem","position":1,"name":"Home","item":"https:\/\/www.ghostysky.com\/"},{"@type":"ListItem","position":2,"name":"Shop","item":"https:\/\/www.ghostysky.com\/shop\/"},{"@type":"ListItem","position":3,"name":"DJI Terra Standard to Flagship Version Upgrade Package (Online)"}]},{"@type":"WebSite","@id":"https:\/\/www.ghostysky.com\/#website","url":"https:\/\/www.ghostysky.com\/","name":"Ghostysky","description":"Fourniture de solutions professionnelles en mati\u00e8re de drones et de robotique","publisher":{"@id":"https:\/\/www.ghostysky.com\/#organization"},"potentialAction":[{"@type":"SearchAction","target":{"@type":"EntryPoint","urlTemplate":"https:\/\/www.ghostysky.com\/?s={search_term_string}"},"query-input":{"@type":"PropertyValueSpecification","valueRequired":true,"valueName":"search_term_string"}}],"inLanguage":"fr-FR"},{"@type":"Organization","@id":"https:\/\/www.ghostysky.com\/#organization","name":"Ghostysky","url":"https:\/\/www.ghostysky.com\/","logo":{"@type":"ImageObject","inLanguage":"fr-FR","@id":"https:\/\/www.ghostysky.com\/#\/schema\/logo\/image\/","url":"https:\/\/www.ghostysky.com\/wp-content\/uploads\/2020\/06\/cropped-ghostyskylogo_text_white2.png","contentUrl":"https:\/\/www.ghostysky.com\/wp-content\/uploads\/2020\/06\/cropped-ghostyskylogo_text_white2.png","width":169,"height":56,"caption":"Ghostysky"},"image":{"@id":"https:\/\/www.ghostysky.com\/#\/schema\/logo\/image\/"},"sameAs":["https:\/\/www.facebook.com\/people\/Ghostysky\/100057676170234\/","https:\/\/x.com\/Gh0stysky","https:\/\/www.linkedin.com\/company\/34739653","https:\/\/www.instagram.com\/gh0stysky"]}]}},"_links":{"self":[{"href":"https:\/\/www.ghostysky.com\/fr\/wp-json\/wp\/v2\/product\/20888","targetHints":{"allow":["GET"]}}],"collection":[{"href":"https:\/\/www.ghostysky.com\/fr\/wp-json\/wp\/v2\/product"}],"about":[{"href":"https:\/\/www.ghostysky.com\/fr\/wp-json\/wp\/v2\/types\/product"}],"replies":[{"embeddable":true,"href":"https:\/\/www.ghostysky.com\/fr\/wp-json\/wp\/v2\/comments?post=20888"}],"version-history":[{"count":0,"href":"https:\/\/www.ghostysky.com\/fr\/wp-json\/wp\/v2\/product\/20888\/revisions"}],"wp:featuredmedia":[{"embeddable":true,"href":"https:\/\/www.ghostysky.com\/fr\/wp-json\/wp\/v2\/media\/19353"}],"wp:attachment":[{"href":"https:\/\/www.ghostysky.com\/fr\/wp-json\/wp\/v2\/media?parent=20888"}],"wp:term":[{"taxonomy":"product_brand","embeddable":true,"href":"https:\/\/www.ghostysky.com\/fr\/wp-json\/wp\/v2\/product_brand?post=20888"},{"taxonomy":"product_cat","embeddable":true,"href":"https:\/\/www.ghostysky.com\/fr\/wp-json\/wp\/v2\/product_cat?post=20888"},{"taxonomy":"product_tag","embeddable":true,"href":"https:\/\/www.ghostysky.com\/fr\/wp-json\/wp\/v2\/product_tag?post=20888"}],"curies":[{"name":"wp","href":"https:\/\/api.w.org\/{rel}","templated":true}]}}