{"id":20890,"date":"2025-10-14T14:55:55","date_gmt":"2025-10-14T14:55:55","guid":{"rendered":"https:\/\/www.ghostysky.com\/?post_type=product&#038;p=20890"},"modified":"2025-10-15T10:17:01","modified_gmt":"2025-10-15T10:17:01","slug":"dji-terra-standard-permanent-offline","status":"publish","type":"product","link":"https:\/\/www.ghostysky.com\/fr\/product\/dji-terra-standard-permanent-offline\/","title":{"rendered":"DJI Terra Standard Permanent (hors ligne)"},"content":{"rendered":"<h3>Principales caract\u00e9ristiques et avantages\u00a0:<\/h3>\n<ul>\n<li><b><span class=\"citation-187\">Propri\u00e9t\u00e9 permanente :<\/span><\/b><span class=\"citation-187\"> Il s&#039;agit d&#039;un achat unique qui accorde un <\/span><b><span class=\"citation-187\">permanent<\/span><\/b><span class=\"citation-187 citation-end-187\"> licence pour le logiciel, offrant une valeur \u00e0 long terme et \u00e9liminant les frais d&#039;abonnement r\u00e9currents.<\/span><\/li>\n<li><b><span class=\"citation-186\">Fonctionnalit\u00e9 hors ligne\u00a0:<\/span><\/b><span class=\"citation-186\"> Une fois la licence initialement activ\u00e9e (via un processus d&#039;\u00e9change unique) et li\u00e9e \u00e0 un seul ordinateur, toutes les fonctions de mappage et de mod\u00e9lisation des cl\u00e9s peuvent \u00eatre utilis\u00e9es. <\/span><b><span class=\"citation-186\">sans connexion Internet continue<\/span><\/b><span class=\"citation-186 citation-end-186\">.<\/span><\/li>\n<li><b>Reconstruction 2D de haute pr\u00e9cision :<\/b> G\u00e9n\u00e9rez des produits 2D haute r\u00e9solution, notamment\u00a0:\n<ul>\n<li><span class=\"citation-185 citation-end-185\">Cartes orthophotographiques num\u00e9riques (DOM)<\/span><\/li>\n<li><span class=\"citation-184 citation-end-184\">Mod\u00e8les num\u00e9riques de surface (MNS)<\/span><\/li>\n<\/ul>\n<\/li>\n<li><b><span class=\"citation-183\">Reconstruction 3D de haute pr\u00e9cision :<\/span><\/b><span class=\"citation-183 citation-end-183\"> Cr\u00e9ez rapidement des sorties 3D d\u00e9taill\u00e9es \u00e0 partir d&#039;images en lumi\u00e8re visible\u00a0:<\/span>\n<ul>\n<li>Mod\u00e8les de maillage 3D (mod\u00e8les textur\u00e9s de b\u00e2timents, de terrains et d&#039;infrastructures)<\/li>\n<\/ul>\n<\/li>\n<li><b>Traitement du nuage de points LiDAR\u00a0:<\/b><span class=\"citation-182 citation-end-182\"> Utilisez les donn\u00e9es collect\u00e9es \u00e0 partir des syst\u00e8mes LiDAR Zenmuse de DJI (par exemple, L2, P1) pour g\u00e9n\u00e9rer des nuages de points, des cartes 2D et des mod\u00e8les 3D tr\u00e8s pr\u00e9cis.<\/span><\/li>\n<li><b><span class=\"citation-181\">Reconstruction multispectrale :<\/span><\/b><span class=\"citation-181 citation-end-181\"> Traitez les donn\u00e9es multispectrales (provenant de drones comme Mavic 3M, Phantom 4 Multispectral) pour g\u00e9n\u00e9rer des cartes d&#039;indice de v\u00e9g\u00e9tation (NDVI, NDRE) et des cartes de r\u00e9flectance pour une analyse agricole d\u00e9taill\u00e9e.<\/span><\/li>\n<li><b><span class=\"citation-180\">Int\u00e9gration mat\u00e9rielle transparente :<\/span><\/b><span class=\"citation-180 citation-end-180\"> Fonctionne de mani\u00e8re coh\u00e9rente avec une gamme de drones et de charges utiles DJI Enterprise, offrant une solution mat\u00e9rielle et logicielle unifi\u00e9e pour une acquisition et un traitement efficaces des donn\u00e9es.<\/span><\/li>\n<li><b>Liaison d&#039;un seul appareil\u00a0:<\/b><span class=\"citation-179 citation-end-179\"> La licence est li\u00e9e \u00e0 un seul ordinateur et une demande de dissociation et de d\u00e9placement de la licence est g\u00e9n\u00e9ralement autoris\u00e9e une fois par ann\u00e9e civile.<\/span>\n<div class=\"source-inline-chip-container ng-star-inserted\"><\/div>\n<\/li>\n<\/ul>\n<hr \/>\n<p><b><span class=\"citation-178 interactive-span-hovered\">Remarque sur les limitations hors ligne\u00a0:<\/span><\/b><span class=\"citation-178 citation-end-178 interactive-span-hovered\"> Bien que les fonctionnalit\u00e9s de reconstruction de base soient enti\u00e8rement fonctionnelles hors ligne, certaines fonctionnalit\u00e9s d\u00e9pendantes du cloud, telles que le d\u00e9verrouillage des zones GEO, le chargement de cartes et la recherche de localisation, ne sont pas disponibles en mode hors ligne.<\/span><\/p>","protected":false},"excerpt":{"rendered":"<p><span class=\"citation-189\">Le <\/span><b><span class=\"citation-189\">DJI Terra Standard Permanent (hors ligne)<\/span><\/b><span class=\"citation-189 citation-end-189\"> license est une solution logicielle de mod\u00e9lisation et de cartographie 3D de qualit\u00e9 professionnelle con\u00e7ue pour les utilisateurs qui ont besoin d&#039;une solution robuste et \u00e0 long terme avec une s\u00e9curit\u00e9 garantie et une ind\u00e9pendance op\u00e9rationnelle par rapport \u00e0 une connexion Internet.<\/span><\/p>\n<p><span class=\"citation-188 citation-end-188\">Ce produit est un choix id\u00e9al pour les professionnels de l&#039;arpentage, de la construction, de l&#039;agriculture et de l&#039;inspection des infrastructures op\u00e9rant dans des endroits \u00e9loign\u00e9s, des installations s\u00e9curis\u00e9es ou des environnements difficiles o\u00f9 l&#039;acc\u00e8s Internet continu n&#039;est pas disponible ou restreint.<\/span><\/p>","protected":false},"featured_media":19353,"comment_status":"open","ping_status":"closed","template":"","meta":[],"product_brand":[1031],"product_cat":[37,29,939],"product_tag":[42,1032],"class_list":{"0":"post-20890","1":"product","2":"type-product","3":"status-publish","4":"has-post-thumbnail","6":"product_brand-dji","7":"product_cat-dji","8":"product_cat-drones","9":"product_cat-software-dji","10":"product_tag-dji","11":"product_tag-dji-terra","13":"first","14":"onbackorder","15":"taxable","16":"shipping-taxable","17":"purchasable","18":"product-type-simple"},"yoast_head":"<!-- This site is optimized with the Yoast SEO plugin v27.4 - https:\/\/yoast.com\/product\/yoast-seo-wordpress\/ -->\n<title>DJI Terra Standard Permanent (Offline) - Ghostysky<\/title>\n<meta name=\"description\" content=\"The DJI Terra Standard Permanent (Offline) license is a professional-grade 3D modeling and mapping software solution designed for users who require a robust, long-term solution with guaranteed security and operational independence from an internet connection.This product is an ideal choice for professionals in surveying, construction, agriculture, and infrastructure inspection operating in remote locations, secure facilities, or challenging environments where continuous internet access is unavailable or restricted.\" \/>\n<meta name=\"robots\" content=\"index, follow, max-snippet:-1, max-image-preview:large, max-video-preview:-1\" \/>\n<link rel=\"canonical\" href=\"https:\/\/www.ghostysky.com\/fr\/product\/dji-terra-standard-permanent-offline\/\" \/>\n<meta property=\"og:locale\" content=\"fr_FR\" \/>\n<meta property=\"og:type\" content=\"article\" \/>\n<meta property=\"og:title\" content=\"DJI Terra Standard Permanent (Offline) - Ghostysky\" \/>\n<meta property=\"og:description\" content=\"The DJI Terra Standard Permanent (Offline) license is a professional-grade 3D modeling and mapping software solution designed for users who require a robust, long-term solution with guaranteed security and operational independence from an internet connection.This product is an ideal choice for professionals in surveying, construction, agriculture, and infrastructure inspection operating in remote locations, secure facilities, or challenging environments where continuous internet access is unavailable or restricted.\" \/>\n<meta property=\"og:url\" content=\"https:\/\/www.ghostysky.com\/fr\/product\/dji-terra-standard-permanent-offline\/\" \/>\n<meta property=\"og:site_name\" content=\"Ghostysky\" \/>\n<meta property=\"article:publisher\" content=\"https:\/\/www.facebook.com\/people\/Ghostysky\/100057676170234\/\" \/>\n<meta property=\"article:modified_time\" content=\"2025-10-15T10:17:01+00:00\" \/>\n<meta property=\"og:image\" content=\"https:\/\/www.ghostysky.com\/wp-content\/uploads\/2024\/05\/GH_dji-terra-pro-overseas-perpetual-1.jpg\" \/>\n\t<meta property=\"og:image:width\" content=\"800\" \/>\n\t<meta property=\"og:image:height\" content=\"644\" \/>\n\t<meta property=\"og:image:type\" content=\"image\/jpeg\" \/>\n<meta name=\"twitter:card\" content=\"summary_large_image\" \/>\n<meta name=\"twitter:site\" content=\"@Gh0stysky\" \/>\n<meta name=\"twitter:label1\" content=\"Dur\u00e9e de lecture estim\u00e9e\" \/>\n\t<meta name=\"twitter:data1\" content=\"2 minutes\" \/>\n<script type=\"application\/ld+json\" class=\"yoast-schema-graph\">{\"@context\":\"https:\\\/\\\/schema.org\",\"@graph\":[{\"@type\":\"WebPage\",\"@id\":\"https:\\\/\\\/www.ghostysky.com\\\/product\\\/dji-terra-standard-permanent-offline\\\/\",\"url\":\"https:\\\/\\\/www.ghostysky.com\\\/product\\\/dji-terra-standard-permanent-offline\\\/\",\"name\":\"DJI Terra Standard Permanent (Offline) - Ghostysky\",\"isPartOf\":{\"@id\":\"https:\\\/\\\/www.ghostysky.com\\\/#website\"},\"primaryImageOfPage\":{\"@id\":\"https:\\\/\\\/www.ghostysky.com\\\/product\\\/dji-terra-standard-permanent-offline\\\/#primaryimage\"},\"image\":{\"@id\":\"https:\\\/\\\/www.ghostysky.com\\\/product\\\/dji-terra-standard-permanent-offline\\\/#primaryimage\"},\"thumbnailUrl\":\"https:\\\/\\\/www.ghostysky.com\\\/wp-content\\\/uploads\\\/2024\\\/05\\\/GH_dji-terra-pro-overseas-perpetual-1.jpg\",\"datePublished\":\"2025-10-14T14:55:55+00:00\",\"dateModified\":\"2025-10-15T10:17:01+00:00\",\"description\":\"The DJI Terra Standard Permanent (Offline) license is a professional-grade 3D modeling and mapping software solution designed for users who require a robust, long-term solution with guaranteed security and operational independence from an internet connection.This product is an ideal choice for professionals in surveying, construction, agriculture, and infrastructure inspection operating in remote locations, secure facilities, or challenging environments where continuous internet access is unavailable or restricted.\",\"breadcrumb\":{\"@id\":\"https:\\\/\\\/www.ghostysky.com\\\/product\\\/dji-terra-standard-permanent-offline\\\/#breadcrumb\"},\"inLanguage\":\"fr-FR\",\"potentialAction\":[{\"@type\":\"ReadAction\",\"target\":[\"https:\\\/\\\/www.ghostysky.com\\\/product\\\/dji-terra-standard-permanent-offline\\\/\"]}]},{\"@type\":\"ImageObject\",\"inLanguage\":\"fr-FR\",\"@id\":\"https:\\\/\\\/www.ghostysky.com\\\/product\\\/dji-terra-standard-permanent-offline\\\/#primaryimage\",\"url\":\"https:\\\/\\\/www.ghostysky.com\\\/wp-content\\\/uploads\\\/2024\\\/05\\\/GH_dji-terra-pro-overseas-perpetual-1.jpg\",\"contentUrl\":\"https:\\\/\\\/www.ghostysky.com\\\/wp-content\\\/uploads\\\/2024\\\/05\\\/GH_dji-terra-pro-overseas-perpetual-1.jpg\",\"width\":800,\"height\":644},{\"@type\":\"BreadcrumbList\",\"@id\":\"https:\\\/\\\/www.ghostysky.com\\\/product\\\/dji-terra-standard-permanent-offline\\\/#breadcrumb\",\"itemListElement\":[{\"@type\":\"ListItem\",\"position\":1,\"name\":\"Home\",\"item\":\"https:\\\/\\\/www.ghostysky.com\\\/\"},{\"@type\":\"ListItem\",\"position\":2,\"name\":\"Shop\",\"item\":\"https:\\\/\\\/www.ghostysky.com\\\/shop\\\/\"},{\"@type\":\"ListItem\",\"position\":3,\"name\":\"DJI Terra Standard Permanent (Offline)\"}]},{\"@type\":\"WebSite\",\"@id\":\"https:\\\/\\\/www.ghostysky.com\\\/#website\",\"url\":\"https:\\\/\\\/www.ghostysky.com\\\/\",\"name\":\"Ghostysky\",\"description\":\"Delivering professional drones and services\",\"publisher\":{\"@id\":\"https:\\\/\\\/www.ghostysky.com\\\/#organization\"},\"potentialAction\":[{\"@type\":\"SearchAction\",\"target\":{\"@type\":\"EntryPoint\",\"urlTemplate\":\"https:\\\/\\\/www.ghostysky.com\\\/?s={search_term_string}\"},\"query-input\":{\"@type\":\"PropertyValueSpecification\",\"valueRequired\":true,\"valueName\":\"search_term_string\"}}],\"inLanguage\":\"fr-FR\"},{\"@type\":\"Organization\",\"@id\":\"https:\\\/\\\/www.ghostysky.com\\\/#organization\",\"name\":\"Ghostysky\",\"url\":\"https:\\\/\\\/www.ghostysky.com\\\/\",\"logo\":{\"@type\":\"ImageObject\",\"inLanguage\":\"fr-FR\",\"@id\":\"https:\\\/\\\/www.ghostysky.com\\\/#\\\/schema\\\/logo\\\/image\\\/\",\"url\":\"https:\\\/\\\/www.ghostysky.com\\\/wp-content\\\/uploads\\\/2020\\\/06\\\/cropped-ghostyskylogo_text_white2.png\",\"contentUrl\":\"https:\\\/\\\/www.ghostysky.com\\\/wp-content\\\/uploads\\\/2020\\\/06\\\/cropped-ghostyskylogo_text_white2.png\",\"width\":169,\"height\":56,\"caption\":\"Ghostysky\"},\"image\":{\"@id\":\"https:\\\/\\\/www.ghostysky.com\\\/#\\\/schema\\\/logo\\\/image\\\/\"},\"sameAs\":[\"https:\\\/\\\/www.facebook.com\\\/people\\\/Ghostysky\\\/100057676170234\\\/\",\"https:\\\/\\\/x.com\\\/Gh0stysky\",\"https:\\\/\\\/www.linkedin.com\\\/company\\\/34739653\",\"https:\\\/\\\/www.instagram.com\\\/gh0stysky\"]}]}<\/script>\n<!-- \/ Yoast SEO plugin. -->","yoast_head_json":{"title":"DJI Terra Standard Permanent (hors ligne) - Ghostysky","description":"La licence DJI Terra Standard Permanent (hors ligne) est une solution logicielle de mod\u00e9lisation et de cartographie 3D de qualit\u00e9 professionnelle con\u00e7ue pour les utilisateurs qui ont besoin d&#039;une solution robuste et \u00e0 long terme avec une s\u00e9curit\u00e9 garantie et une ind\u00e9pendance op\u00e9rationnelle par rapport \u00e0 une connexion Internet. Ce produit est un choix id\u00e9al pour les professionnels de l&#039;arpentage, de la construction, de l&#039;agriculture et de l&#039;inspection des infrastructures op\u00e9rant dans des endroits \u00e9loign\u00e9s, des installations s\u00e9curis\u00e9es ou des environnements difficiles o\u00f9 l&#039;acc\u00e8s Internet continu n&#039;est pas disponible ou restreint.","robots":{"index":"index","follow":"follow","max-snippet":"max-snippet:-1","max-image-preview":"max-image-preview:large","max-video-preview":"max-video-preview:-1"},"canonical":"https:\/\/www.ghostysky.com\/fr\/product\/dji-terra-standard-permanent-offline\/","og_locale":"fr_FR","og_type":"article","og_title":"DJI Terra Standard Permanent (Offline) - Ghostysky","og_description":"The DJI Terra Standard Permanent (Offline) license is a professional-grade 3D modeling and mapping software solution designed for users who require a robust, long-term solution with guaranteed security and operational independence from an internet connection.This product is an ideal choice for professionals in surveying, construction, agriculture, and infrastructure inspection operating in remote locations, secure facilities, or challenging environments where continuous internet access is unavailable or restricted.","og_url":"https:\/\/www.ghostysky.com\/fr\/product\/dji-terra-standard-permanent-offline\/","og_site_name":"Ghostysky","article_publisher":"https:\/\/www.facebook.com\/people\/Ghostysky\/100057676170234\/","article_modified_time":"2025-10-15T10:17:01+00:00","og_image":[{"width":800,"height":644,"url":"https:\/\/www.ghostysky.com\/wp-content\/uploads\/2024\/05\/GH_dji-terra-pro-overseas-perpetual-1.jpg","type":"image\/jpeg"}],"twitter_card":"summary_large_image","twitter_site":"@Gh0stysky","twitter_misc":{"Dur\u00e9e de lecture estim\u00e9e":"2 minutes"},"schema":{"@context":"https:\/\/schema.org","@graph":[{"@type":"WebPage","@id":"https:\/\/www.ghostysky.com\/product\/dji-terra-standard-permanent-offline\/","url":"https:\/\/www.ghostysky.com\/product\/dji-terra-standard-permanent-offline\/","name":"DJI Terra Standard Permanent (hors ligne) - Ghostysky","isPartOf":{"@id":"https:\/\/www.ghostysky.com\/#website"},"primaryImageOfPage":{"@id":"https:\/\/www.ghostysky.com\/product\/dji-terra-standard-permanent-offline\/#primaryimage"},"image":{"@id":"https:\/\/www.ghostysky.com\/product\/dji-terra-standard-permanent-offline\/#primaryimage"},"thumbnailUrl":"https:\/\/www.ghostysky.com\/wp-content\/uploads\/2024\/05\/GH_dji-terra-pro-overseas-perpetual-1.jpg","datePublished":"2025-10-14T14:55:55+00:00","dateModified":"2025-10-15T10:17:01+00:00","description":"La licence DJI Terra Standard Permanent (hors ligne) est une solution logicielle de mod\u00e9lisation et de cartographie 3D de qualit\u00e9 professionnelle con\u00e7ue pour les utilisateurs qui ont besoin d&#039;une solution robuste et \u00e0 long terme avec une s\u00e9curit\u00e9 garantie et une ind\u00e9pendance op\u00e9rationnelle par rapport \u00e0 une connexion Internet. Ce produit est un choix id\u00e9al pour les professionnels de l&#039;arpentage, de la construction, de l&#039;agriculture et de l&#039;inspection des infrastructures op\u00e9rant dans des endroits \u00e9loign\u00e9s, des installations s\u00e9curis\u00e9es ou des environnements difficiles o\u00f9 l&#039;acc\u00e8s Internet continu n&#039;est pas disponible ou restreint.","breadcrumb":{"@id":"https:\/\/www.ghostysky.com\/product\/dji-terra-standard-permanent-offline\/#breadcrumb"},"inLanguage":"fr-FR","potentialAction":[{"@type":"ReadAction","target":["https:\/\/www.ghostysky.com\/product\/dji-terra-standard-permanent-offline\/"]}]},{"@type":"ImageObject","inLanguage":"fr-FR","@id":"https:\/\/www.ghostysky.com\/product\/dji-terra-standard-permanent-offline\/#primaryimage","url":"https:\/\/www.ghostysky.com\/wp-content\/uploads\/2024\/05\/GH_dji-terra-pro-overseas-perpetual-1.jpg","contentUrl":"https:\/\/www.ghostysky.com\/wp-content\/uploads\/2024\/05\/GH_dji-terra-pro-overseas-perpetual-1.jpg","width":800,"height":644},{"@type":"BreadcrumbList","@id":"https:\/\/www.ghostysky.com\/product\/dji-terra-standard-permanent-offline\/#breadcrumb","itemListElement":[{"@type":"ListItem","position":1,"name":"Home","item":"https:\/\/www.ghostysky.com\/"},{"@type":"ListItem","position":2,"name":"Shop","item":"https:\/\/www.ghostysky.com\/shop\/"},{"@type":"ListItem","position":3,"name":"DJI Terra Standard Permanent (Offline)"}]},{"@type":"WebSite","@id":"https:\/\/www.ghostysky.com\/#website","url":"https:\/\/www.ghostysky.com\/","name":"Ghostysky","description":"Livraison de drones et de services professionnels","publisher":{"@id":"https:\/\/www.ghostysky.com\/#organization"},"potentialAction":[{"@type":"SearchAction","target":{"@type":"EntryPoint","urlTemplate":"https:\/\/www.ghostysky.com\/?s={search_term_string}"},"query-input":{"@type":"PropertyValueSpecification","valueRequired":true,"valueName":"search_term_string"}}],"inLanguage":"fr-FR"},{"@type":"Organization","@id":"https:\/\/www.ghostysky.com\/#organization","name":"Ghostysky","url":"https:\/\/www.ghostysky.com\/","logo":{"@type":"ImageObject","inLanguage":"fr-FR","@id":"https:\/\/www.ghostysky.com\/#\/schema\/logo\/image\/","url":"https:\/\/www.ghostysky.com\/wp-content\/uploads\/2020\/06\/cropped-ghostyskylogo_text_white2.png","contentUrl":"https:\/\/www.ghostysky.com\/wp-content\/uploads\/2020\/06\/cropped-ghostyskylogo_text_white2.png","width":169,"height":56,"caption":"Ghostysky"},"image":{"@id":"https:\/\/www.ghostysky.com\/#\/schema\/logo\/image\/"},"sameAs":["https:\/\/www.facebook.com\/people\/Ghostysky\/100057676170234\/","https:\/\/x.com\/Gh0stysky","https:\/\/www.linkedin.com\/company\/34739653","https:\/\/www.instagram.com\/gh0stysky"]}]}},"_links":{"self":[{"href":"https:\/\/www.ghostysky.com\/fr\/wp-json\/wp\/v2\/product\/20890","targetHints":{"allow":["GET"]}}],"collection":[{"href":"https:\/\/www.ghostysky.com\/fr\/wp-json\/wp\/v2\/product"}],"about":[{"href":"https:\/\/www.ghostysky.com\/fr\/wp-json\/wp\/v2\/types\/product"}],"replies":[{"embeddable":true,"href":"https:\/\/www.ghostysky.com\/fr\/wp-json\/wp\/v2\/comments?post=20890"}],"version-history":[{"count":0,"href":"https:\/\/www.ghostysky.com\/fr\/wp-json\/wp\/v2\/product\/20890\/revisions"}],"wp:featuredmedia":[{"embeddable":true,"href":"https:\/\/www.ghostysky.com\/fr\/wp-json\/wp\/v2\/media\/19353"}],"wp:attachment":[{"href":"https:\/\/www.ghostysky.com\/fr\/wp-json\/wp\/v2\/media?parent=20890"}],"wp:term":[{"taxonomy":"product_brand","embeddable":true,"href":"https:\/\/www.ghostysky.com\/fr\/wp-json\/wp\/v2\/product_brand?post=20890"},{"taxonomy":"product_cat","embeddable":true,"href":"https:\/\/www.ghostysky.com\/fr\/wp-json\/wp\/v2\/product_cat?post=20890"},{"taxonomy":"product_tag","embeddable":true,"href":"https:\/\/www.ghostysky.com\/fr\/wp-json\/wp\/v2\/product_tag?post=20890"}],"curies":[{"name":"wp","href":"https:\/\/api.w.org\/{rel}","templated":true}]}}