{"id":20891,"date":"2025-10-14T14:59:33","date_gmt":"2025-10-14T14:59:33","guid":{"rendered":"https:\/\/www.ghostysky.com\/?post_type=product&#038;p=20891"},"modified":"2025-10-15T10:16:25","modified_gmt":"2025-10-15T10:16:25","slug":"dji-terra-standard-permanent","status":"publish","type":"product","link":"https:\/\/www.ghostysky.com\/fr\/product\/dji-terra-standard-permanent\/","title":{"rendered":"DJI Terra Standard Permanent"},"content":{"rendered":"<h3><b>Principales caract\u00e9ristiques de la licence permanente standard<\/b><\/h3>\n<ul>\n<li><b><span class=\"citation-219\">Propri\u00e9t\u00e9 permanente :<\/span><\/b><span class=\"citation-219 citation-end-219\"> Contrairement aux mod\u00e8les d&#039;abonnement, il s&#039;agit d&#039;un achat unique vous garantissant une utilisation \u00e0 vie du logiciel sur un seul appareil, \u00e9liminant ainsi les frais r\u00e9currents.<\/span><\/li>\n<li><b><span class=\"citation-218\">Reconstruction 2D de haute pr\u00e9cision :<\/span><\/b><span class=\"citation-218 citation-end-218\"> G\u00e9n\u00e9rez rapidement des cartes orthophotographiques num\u00e9riques r\u00e9elles (TDOM), des mod\u00e8les de surface num\u00e9riques (DSM) et d&#039;autres sorties 2D haute r\u00e9solution \u00e0 partir d&#039;images en lumi\u00e8re visible.<\/span><\/li>\n<li><b><span class=\"citation-217\">Reconstruction de maillage 3D :<\/span><\/b><span class=\"citation-217 citation-end-217\"> Cr\u00e9ez des mod\u00e8les 3D d\u00e9taill\u00e9s de b\u00e2timents, de terrains et d&#039;infrastructures \u00e0 partir de photos a\u00e9riennes \u00e0 l&#039;aide de la photogramm\u00e9trie.<\/span><\/li>\n<li><b>Traitement du nuage de points LiDAR\u00a0:<\/b><span class=\"citation-216 citation-end-216\"> Prend en charge le traitement et l&#039;int\u00e9gration des donn\u00e9es des capteurs DJI Zenmuse LiDAR (comme le L1 ou le L2) pour produire des nuages de points pr\u00e9cis, des cartes 2D et des mod\u00e8les 3D.<\/span><\/li>\n<li><b><span class=\"citation-215\">Reconstruction multispectrale :<\/span><\/b><span class=\"citation-215 citation-end-215\"> Traitez les donn\u00e9es multispectrales des drones DJI compatibles (par exemple, Mavic 3 Multispectral) pour g\u00e9n\u00e9rer des cartes d&#039;indice de v\u00e9g\u00e9tation (NDVI, NDRE) pour l&#039;analyse et la recherche agricoles.<\/span><\/li>\n<li><b><span class=\"citation-214\">Int\u00e9gration mat\u00e9rielle transparente :<\/span><\/b><span class=\"citation-214 citation-end-214\"> Fonctionne de mani\u00e8re coh\u00e9rente avec une gamme de drones et de charges utiles DJI Enterprise, offrant une solution efficace et unifi\u00e9e de l&#039;acquisition des donn\u00e9es \u00e0 la sortie finale.<\/span><\/li>\n<li><b>Sortie de donn\u00e9es flexible\u00a0:<\/b><span class=\"citation-213 citation-end-213\"> Exportez les donn\u00e9es reconstruites dans des formats standard de l&#039;industrie (par exemple, TIFF, LAS, PLY, OBJ, B3DM) pour une compatibilit\u00e9 ais\u00e9e avec les logiciels SIG et CAO externes.<\/span><\/li>\n<li><b>Modes d&#039;autorisation :<\/b><span class=\"citation-212\"> Prend en charge les deux <\/span><b><span class=\"citation-212\">En ligne<\/span><\/b><span class=\"citation-212\"> et <\/span><b><span class=\"citation-212\">Hors ligne<\/span><\/b><span class=\"citation-212 citation-end-212\"> modes d&#039;autorisation pour une utilisation flexible dans divers environnements de travail.<\/span><\/li>\n<\/ul>\n<h3><b>Cas d&#039;utilisation<\/b><\/h3>\n<p>La version Standard Permanent est un outil polyvalent pour cr\u00e9er des actifs num\u00e9riques pour\u00a0:<\/p>\n<ul>\n<li><b>Topographie et cartographie :<\/b><span class=\"citation-211 citation-end-211\"> G\u00e9n\u00e9ration de cartes topographiques et de mod\u00e8les num\u00e9riques de terrain.<\/span><\/li>\n<li><b><span class=\"citation-210\">Construction:<\/span><\/b><span class=\"citation-210 citation-end-210\"> Suivi de l&#039;avancement du chantier et mesures volum\u00e9triques.<\/span><\/li>\n<li><b><span class=\"citation-209\">Inspection des infrastructures :<\/span><\/b><span class=\"citation-209 citation-end-209\"> Cr\u00e9ation de mod\u00e8les pour une gestion d\u00e9taill\u00e9e des actifs.<\/span><\/li>\n<li><b><span class=\"citation-208\">Agriculture:<\/span><\/b><span class=\"citation-208 citation-end-208\"> Analyse de la sant\u00e9 des cultures et cr\u00e9ation de cartes de prescription.<\/span>\n<div class=\"source-inline-chip-container ng-star-inserted\"><\/div>\n<\/li>\n<\/ul>\n<p><b>Remarque sur les versions\u00a0:<\/b><\/p>\n<p><span class=\"citation-207\">Bien que la version standard soit une solution robuste, des fonctionnalit\u00e9s avanc\u00e9es telles que <\/span><b><span class=\"citation-207\">\u00c9claboussures gaussiennes 3D<\/span><\/b><span class=\"citation-207\"> pour les mod\u00e8les photor\u00e9alistes et <\/span><b><span class=\"citation-207\">Calcul en cluster<\/span><\/b><span class=\"citation-207\"> pour les projets massifs sont g\u00e9n\u00e9ralement r\u00e9serv\u00e9s aux niveaux sup\u00e9rieurs <\/span><b><span class=\"citation-207\">DJI Terra Flagship<\/span><\/b><span class=\"citation-207 citation-end-207\"> version.<\/span> <span class=\"citation-206 citation-end-206\">La licence Standard fournit toutes les fonctionnalit\u00e9s de base n\u00e9cessaires \u00e0 la photogramm\u00e9trie professionnelle et au traitement des donn\u00e9es LiDAR.<\/span><\/p>","protected":false},"excerpt":{"rendered":"<p><span class=\"\">Le <\/span><b class=\"\">DJI Terra Standard Permanent<\/b><span class=\"\"> la licence est de niveau professionnel,<\/span><span class=\"\"> Solution logicielle \u00e0 achat unique permettant de transformer les donn\u00e9es captur\u00e9es par drone en cartes 2D et mod\u00e8les 3D tr\u00e8s pr\u00e9cis.<\/span><span class=\"\"> Il fournit une perp\u00e9tuelle,<\/span><span class=\"\"> acc\u00e8s illimit\u00e9 aux fonctionnalit\u00e9s essentielles de cartographie et de reconstruction de DJI Terra,<\/span><span class=\"\"> ce qui en fait un investissement \u00e0 long terme id\u00e9al pour les professionnels de l&#039;arpentage,<\/span><span class=\"\"> construction,<\/span><span class=\"\"> infrastructure,<\/span><span class=\"\"> et l&#039;agriculture.<\/span><\/p>","protected":false},"featured_media":19353,"comment_status":"open","ping_status":"closed","template":"","meta":[],"product_brand":[1031],"product_cat":[29,939],"product_tag":[42,1032],"class_list":{"0":"post-20891","1":"product","2":"type-product","3":"status-publish","4":"has-post-thumbnail","6":"product_brand-dji","7":"product_cat-drones","8":"product_cat-software-dji","9":"product_tag-dji","10":"product_tag-dji-terra","12":"first","13":"onbackorder","14":"taxable","15":"shipping-taxable","16":"purchasable","17":"product-type-simple"},"yoast_head":"<!-- This site is optimized with the Yoast SEO plugin v27.1.1 - https:\/\/yoast.com\/product\/yoast-seo-wordpress\/ -->\n<title>DJI Terra Standard Permanent - Ghostysky<\/title>\n<meta name=\"description\" content=\"The DJI Terra Standard Permanent license is a professional-grade, one-time purchase software solution for transforming drone-captured data into highly accurate 2D maps and 3D models. It provides perpetual, unlimited access to DJI Terra&#039;s essential mapping and reconstruction features, making it an ideal long-term investment for professionals in surveying, construction, infrastructure, and agriculture.\" \/>\n<meta name=\"robots\" content=\"index, follow, max-snippet:-1, max-image-preview:large, max-video-preview:-1\" \/>\n<link rel=\"canonical\" href=\"https:\/\/www.ghostysky.com\/fr\/product\/dji-terra-standard-permanent\/\" \/>\n<meta property=\"og:locale\" content=\"fr_FR\" \/>\n<meta property=\"og:type\" content=\"article\" \/>\n<meta property=\"og:title\" content=\"DJI Terra Standard Permanent - Ghostysky\" \/>\n<meta property=\"og:description\" content=\"The DJI Terra Standard Permanent license is a professional-grade, one-time purchase software solution for transforming drone-captured data into highly accurate 2D maps and 3D models. It provides perpetual, unlimited access to DJI Terra&#039;s essential mapping and reconstruction features, making it an ideal long-term investment for professionals in surveying, construction, infrastructure, and agriculture.\" \/>\n<meta property=\"og:url\" content=\"https:\/\/www.ghostysky.com\/fr\/product\/dji-terra-standard-permanent\/\" \/>\n<meta property=\"og:site_name\" content=\"Ghostysky\" \/>\n<meta property=\"article:publisher\" content=\"https:\/\/www.facebook.com\/people\/Ghostysky\/100057676170234\/\" \/>\n<meta property=\"article:modified_time\" content=\"2025-10-15T10:16:25+00:00\" \/>\n<meta property=\"og:image\" content=\"https:\/\/www.ghostysky.com\/wp-content\/uploads\/2024\/05\/GH_dji-terra-pro-overseas-perpetual-1.jpg\" \/>\n\t<meta property=\"og:image:width\" content=\"800\" \/>\n\t<meta property=\"og:image:height\" content=\"644\" \/>\n\t<meta property=\"og:image:type\" content=\"image\/jpeg\" \/>\n<meta name=\"twitter:card\" content=\"summary_large_image\" \/>\n<meta name=\"twitter:site\" content=\"@Gh0stysky\" \/>\n<meta name=\"twitter:label1\" content=\"Dur\u00e9e de lecture estim\u00e9e\" \/>\n\t<meta name=\"twitter:data1\" content=\"2 minutes\" \/>\n<script type=\"application\/ld+json\" class=\"yoast-schema-graph\">{\"@context\":\"https:\/\/schema.org\",\"@graph\":[{\"@type\":\"WebPage\",\"@id\":\"https:\/\/www.ghostysky.com\/product\/dji-terra-standard-permanent\/\",\"url\":\"https:\/\/www.ghostysky.com\/product\/dji-terra-standard-permanent\/\",\"name\":\"DJI Terra Standard Permanent - Ghostysky\",\"isPartOf\":{\"@id\":\"https:\/\/www.ghostysky.com\/#website\"},\"primaryImageOfPage\":{\"@id\":\"https:\/\/www.ghostysky.com\/product\/dji-terra-standard-permanent\/#primaryimage\"},\"image\":{\"@id\":\"https:\/\/www.ghostysky.com\/product\/dji-terra-standard-permanent\/#primaryimage\"},\"thumbnailUrl\":\"https:\/\/www.ghostysky.com\/wp-content\/uploads\/2024\/05\/GH_dji-terra-pro-overseas-perpetual-1.jpg\",\"datePublished\":\"2025-10-14T14:59:33+00:00\",\"dateModified\":\"2025-10-15T10:16:25+00:00\",\"description\":\"The DJI Terra Standard Permanent license is a professional-grade, one-time purchase software solution for transforming drone-captured data into highly accurate 2D maps and 3D models. It provides perpetual, unlimited access to DJI Terra's essential mapping and reconstruction features, making it an ideal long-term investment for professionals in surveying, construction, infrastructure, and agriculture.\",\"breadcrumb\":{\"@id\":\"https:\/\/www.ghostysky.com\/product\/dji-terra-standard-permanent\/#breadcrumb\"},\"inLanguage\":\"fr-FR\",\"potentialAction\":[{\"@type\":\"ReadAction\",\"target\":[\"https:\/\/www.ghostysky.com\/product\/dji-terra-standard-permanent\/\"]}]},{\"@type\":\"ImageObject\",\"inLanguage\":\"fr-FR\",\"@id\":\"https:\/\/www.ghostysky.com\/product\/dji-terra-standard-permanent\/#primaryimage\",\"url\":\"https:\/\/www.ghostysky.com\/wp-content\/uploads\/2024\/05\/GH_dji-terra-pro-overseas-perpetual-1.jpg\",\"contentUrl\":\"https:\/\/www.ghostysky.com\/wp-content\/uploads\/2024\/05\/GH_dji-terra-pro-overseas-perpetual-1.jpg\",\"width\":800,\"height\":644},{\"@type\":\"BreadcrumbList\",\"@id\":\"https:\/\/www.ghostysky.com\/product\/dji-terra-standard-permanent\/#breadcrumb\",\"itemListElement\":[{\"@type\":\"ListItem\",\"position\":1,\"name\":\"Home\",\"item\":\"https:\/\/www.ghostysky.com\/\"},{\"@type\":\"ListItem\",\"position\":2,\"name\":\"Shop\",\"item\":\"https:\/\/www.ghostysky.com\/shop\/\"},{\"@type\":\"ListItem\",\"position\":3,\"name\":\"DJI Terra Standard Permanent\"}]},{\"@type\":\"WebSite\",\"@id\":\"https:\/\/www.ghostysky.com\/#website\",\"url\":\"https:\/\/www.ghostysky.com\/\",\"name\":\"Ghostysky\",\"description\":\"Delivering professional drones and services\",\"publisher\":{\"@id\":\"https:\/\/www.ghostysky.com\/#organization\"},\"potentialAction\":[{\"@type\":\"SearchAction\",\"target\":{\"@type\":\"EntryPoint\",\"urlTemplate\":\"https:\/\/www.ghostysky.com\/?s={search_term_string}\"},\"query-input\":{\"@type\":\"PropertyValueSpecification\",\"valueRequired\":true,\"valueName\":\"search_term_string\"}}],\"inLanguage\":\"fr-FR\"},{\"@type\":\"Organization\",\"@id\":\"https:\/\/www.ghostysky.com\/#organization\",\"name\":\"Ghostysky\",\"url\":\"https:\/\/www.ghostysky.com\/\",\"logo\":{\"@type\":\"ImageObject\",\"inLanguage\":\"fr-FR\",\"@id\":\"https:\/\/www.ghostysky.com\/#\/schema\/logo\/image\/\",\"url\":\"https:\/\/www.ghostysky.com\/wp-content\/uploads\/2020\/06\/cropped-ghostyskylogo_text_white2.png\",\"contentUrl\":\"https:\/\/www.ghostysky.com\/wp-content\/uploads\/2020\/06\/cropped-ghostyskylogo_text_white2.png\",\"width\":169,\"height\":56,\"caption\":\"Ghostysky\"},\"image\":{\"@id\":\"https:\/\/www.ghostysky.com\/#\/schema\/logo\/image\/\"},\"sameAs\":[\"https:\/\/www.facebook.com\/people\/Ghostysky\/100057676170234\/\",\"https:\/\/x.com\/Gh0stysky\",\"https:\/\/www.linkedin.com\/company\/34739653\",\"https:\/\/www.instagram.com\/gh0stysky\"]}]}<\/script>\n<!-- \/ Yoast SEO plugin. -->","yoast_head_json":{"title":"DJI Terra Standard Permanent - Ghostysky","description":"La licence permanente DJI Terra Standard est une solution logicielle professionnelle, \u00e0 achat unique, permettant de transformer les donn\u00e9es captur\u00e9es par drone en cartes 2D et mod\u00e8les 3D d&#039;une grande pr\u00e9cision. Elle offre un acc\u00e8s illimit\u00e9 et permanent aux fonctionnalit\u00e9s essentielles de cartographie et de reconstruction de DJI Terra, ce qui en fait un investissement \u00e0 long terme id\u00e9al pour les professionnels de la topographie, de la construction, des infrastructures et de l&#039;agriculture.","robots":{"index":"index","follow":"follow","max-snippet":"max-snippet:-1","max-image-preview":"max-image-preview:large","max-video-preview":"max-video-preview:-1"},"canonical":"https:\/\/www.ghostysky.com\/fr\/product\/dji-terra-standard-permanent\/","og_locale":"fr_FR","og_type":"article","og_title":"DJI Terra Standard Permanent - Ghostysky","og_description":"The DJI Terra Standard Permanent license is a professional-grade, one-time purchase software solution for transforming drone-captured data into highly accurate 2D maps and 3D models. It provides perpetual, unlimited access to DJI Terra's essential mapping and reconstruction features, making it an ideal long-term investment for professionals in surveying, construction, infrastructure, and agriculture.","og_url":"https:\/\/www.ghostysky.com\/fr\/product\/dji-terra-standard-permanent\/","og_site_name":"Ghostysky","article_publisher":"https:\/\/www.facebook.com\/people\/Ghostysky\/100057676170234\/","article_modified_time":"2025-10-15T10:16:25+00:00","og_image":[{"width":800,"height":644,"url":"https:\/\/www.ghostysky.com\/wp-content\/uploads\/2024\/05\/GH_dji-terra-pro-overseas-perpetual-1.jpg","type":"image\/jpeg"}],"twitter_card":"summary_large_image","twitter_site":"@Gh0stysky","twitter_misc":{"Dur\u00e9e de lecture estim\u00e9e":"2 minutes"},"schema":{"@context":"https:\/\/schema.org","@graph":[{"@type":"WebPage","@id":"https:\/\/www.ghostysky.com\/product\/dji-terra-standard-permanent\/","url":"https:\/\/www.ghostysky.com\/product\/dji-terra-standard-permanent\/","name":"DJI Terra Standard Permanent - Ghostysky","isPartOf":{"@id":"https:\/\/www.ghostysky.com\/#website"},"primaryImageOfPage":{"@id":"https:\/\/www.ghostysky.com\/product\/dji-terra-standard-permanent\/#primaryimage"},"image":{"@id":"https:\/\/www.ghostysky.com\/product\/dji-terra-standard-permanent\/#primaryimage"},"thumbnailUrl":"https:\/\/www.ghostysky.com\/wp-content\/uploads\/2024\/05\/GH_dji-terra-pro-overseas-perpetual-1.jpg","datePublished":"2025-10-14T14:59:33+00:00","dateModified":"2025-10-15T10:16:25+00:00","description":"La licence permanente DJI Terra Standard est une solution logicielle professionnelle, \u00e0 achat unique, permettant de transformer les donn\u00e9es captur\u00e9es par drone en cartes 2D et mod\u00e8les 3D d&#039;une grande pr\u00e9cision. Elle offre un acc\u00e8s illimit\u00e9 et permanent aux fonctionnalit\u00e9s essentielles de cartographie et de reconstruction de DJI Terra, ce qui en fait un investissement \u00e0 long terme id\u00e9al pour les professionnels de la topographie, de la construction, des infrastructures et de l&#039;agriculture.","breadcrumb":{"@id":"https:\/\/www.ghostysky.com\/product\/dji-terra-standard-permanent\/#breadcrumb"},"inLanguage":"fr-FR","potentialAction":[{"@type":"ReadAction","target":["https:\/\/www.ghostysky.com\/product\/dji-terra-standard-permanent\/"]}]},{"@type":"ImageObject","inLanguage":"fr-FR","@id":"https:\/\/www.ghostysky.com\/product\/dji-terra-standard-permanent\/#primaryimage","url":"https:\/\/www.ghostysky.com\/wp-content\/uploads\/2024\/05\/GH_dji-terra-pro-overseas-perpetual-1.jpg","contentUrl":"https:\/\/www.ghostysky.com\/wp-content\/uploads\/2024\/05\/GH_dji-terra-pro-overseas-perpetual-1.jpg","width":800,"height":644},{"@type":"BreadcrumbList","@id":"https:\/\/www.ghostysky.com\/product\/dji-terra-standard-permanent\/#breadcrumb","itemListElement":[{"@type":"ListItem","position":1,"name":"Home","item":"https:\/\/www.ghostysky.com\/"},{"@type":"ListItem","position":2,"name":"Shop","item":"https:\/\/www.ghostysky.com\/shop\/"},{"@type":"ListItem","position":3,"name":"DJI Terra Standard Permanent"}]},{"@type":"WebSite","@id":"https:\/\/www.ghostysky.com\/#website","url":"https:\/\/www.ghostysky.com\/","name":"Ghostysky","description":"Livraison de drones et de services professionnels","publisher":{"@id":"https:\/\/www.ghostysky.com\/#organization"},"potentialAction":[{"@type":"SearchAction","target":{"@type":"EntryPoint","urlTemplate":"https:\/\/www.ghostysky.com\/?s={search_term_string}"},"query-input":{"@type":"PropertyValueSpecification","valueRequired":true,"valueName":"search_term_string"}}],"inLanguage":"fr-FR"},{"@type":"Organization","@id":"https:\/\/www.ghostysky.com\/#organization","name":"Ghostysky","url":"https:\/\/www.ghostysky.com\/","logo":{"@type":"ImageObject","inLanguage":"fr-FR","@id":"https:\/\/www.ghostysky.com\/#\/schema\/logo\/image\/","url":"https:\/\/www.ghostysky.com\/wp-content\/uploads\/2020\/06\/cropped-ghostyskylogo_text_white2.png","contentUrl":"https:\/\/www.ghostysky.com\/wp-content\/uploads\/2020\/06\/cropped-ghostyskylogo_text_white2.png","width":169,"height":56,"caption":"Ghostysky"},"image":{"@id":"https:\/\/www.ghostysky.com\/#\/schema\/logo\/image\/"},"sameAs":["https:\/\/www.facebook.com\/people\/Ghostysky\/100057676170234\/","https:\/\/x.com\/Gh0stysky","https:\/\/www.linkedin.com\/company\/34739653","https:\/\/www.instagram.com\/gh0stysky"]}]}},"_links":{"self":[{"href":"https:\/\/www.ghostysky.com\/fr\/wp-json\/wp\/v2\/product\/20891","targetHints":{"allow":["GET"]}}],"collection":[{"href":"https:\/\/www.ghostysky.com\/fr\/wp-json\/wp\/v2\/product"}],"about":[{"href":"https:\/\/www.ghostysky.com\/fr\/wp-json\/wp\/v2\/types\/product"}],"replies":[{"embeddable":true,"href":"https:\/\/www.ghostysky.com\/fr\/wp-json\/wp\/v2\/comments?post=20891"}],"wp:featuredmedia":[{"embeddable":true,"href":"https:\/\/www.ghostysky.com\/fr\/wp-json\/wp\/v2\/media\/19353"}],"wp:attachment":[{"href":"https:\/\/www.ghostysky.com\/fr\/wp-json\/wp\/v2\/media?parent=20891"}],"wp:term":[{"taxonomy":"product_brand","embeddable":true,"href":"https:\/\/www.ghostysky.com\/fr\/wp-json\/wp\/v2\/product_brand?post=20891"},{"taxonomy":"product_cat","embeddable":true,"href":"https:\/\/www.ghostysky.com\/fr\/wp-json\/wp\/v2\/product_cat?post=20891"},{"taxonomy":"product_tag","embeddable":true,"href":"https:\/\/www.ghostysky.com\/fr\/wp-json\/wp\/v2\/product_tag?post=20891"}],"curies":[{"name":"wp","href":"https:\/\/api.w.org\/{rel}","templated":true}]}}