{"id":20893,"date":"2025-10-14T15:16:28","date_gmt":"2025-10-14T15:16:28","guid":{"rendered":"https:\/\/www.ghostysky.com\/?post_type=product&#038;p=20893"},"modified":"2025-10-15T10:15:25","modified_gmt":"2025-10-15T10:15:25","slug":"dji-terra-flagship-1-year","status":"publish","type":"product","link":"https:\/\/www.ghostysky.com\/fr\/product\/dji-terra-flagship-1-year\/","title":{"rendered":"DJI Terra Flagship 1 an"},"content":{"rendered":"<p><b>Principales caract\u00e9ristiques de la licence phare d&#039;un an\u00a0:<\/b><\/p>\n<ul>\n<li><b>Mod\u00e9lisation 3D de niveau sup\u00e9rieur avec \u00e9claboussures gaussiennes\u00a0:<\/b><span class=\"citation-275\"> G\u00e9n\u00e9rer de mani\u00e8re \u00e9poustouflante <\/span><b><span class=\"citation-275\">mod\u00e8les 3D photor\u00e9alistes<\/span><\/b><span class=\"citation-275 citation-end-275\"> rapidement et efficacement.<\/span> <span class=\"citation-274 citation-end-274\">Le gaussian splatting offre des d\u00e9tails exceptionnels et une restauration pr\u00e9cise de sc\u00e8nes complexes, notamment des structures complexes, du verre, des objets r\u00e9fl\u00e9chissants et une v\u00e9g\u00e9tation dense.<\/span><\/li>\n<li><b>Capacit\u00e9s de reconstruction compl\u00e8tes :<\/b>\n<ul>\n<li><b><span class=\"citation-273\">Reconstruction de carte 2D :<\/span><\/b><span class=\"citation-273 citation-end-273\"> Cr\u00e9ez des orthomosa\u00efques de haute pr\u00e9cision pour les sc\u00e9narios de champs\/arbres fruitiers et urbains.<\/span><\/li>\n<li><b><span class=\"citation-272\">Reconstruction du mod\u00e8le de maillage 3D\u00a0:<\/span><\/b><span class=\"citation-272 citation-end-272\"> Produisez rapidement des mod\u00e8les de maillage 3D haute fid\u00e9lit\u00e9 \u00e0 partir d&#039;images en lumi\u00e8re visible.<\/span><\/li>\n<li><b><span class=\"citation-271\">Reconstruction du nuage de points LiDAR\u00a0:<\/span><\/b><span class=\"citation-271 citation-end-271\"> Traitez et fusionnez les donn\u00e9es des capteurs DJI LiDAR (comme le Zenmuse L2) et des images en lumi\u00e8re visible pour des nuages de points et des mod\u00e8les tr\u00e8s pr\u00e9cis, essentiels pour les infrastructures complexes.<\/span><\/li>\n<\/ul>\n<\/li>\n<li><b>Outils industriels sp\u00e9cialis\u00e9s :<\/b>\n<ul>\n<li><b><span class=\"citation-270\">Module d&#039;application de l&#039;\u00e9lectricit\u00e9 :<\/span><\/b><span class=\"citation-270 citation-end-270\"> Outils et flux de travail d\u00e9di\u00e9s \u00e0 l&#039;inspection, \u00e0 la mod\u00e9lisation et \u00e0 l&#039;analyse des lignes \u00e9lectriques et des couloirs de transmission.<\/span><\/li>\n<li><b><span class=\"citation-269\">Reconstruction multispectrale 2D :<\/span><\/b><span class=\"citation-269 citation-end-269\"> G\u00e9n\u00e9rer des cartes d&#039;indice de v\u00e9g\u00e9tation (NDVI, NDRE) et des cartes de prescription \u00e0 partir de donn\u00e9es de drones multispectraux pour l&#039;agriculture de pr\u00e9cision.<\/span><\/li>\n<\/ul>\n<\/li>\n<li><b>Fonctionnalit\u00e9s avanc\u00e9es pour les professionnels\u00a0:<\/b>\n<ul>\n<li><b>R\u00e9sultat du terrain :<\/b><span class=\"citation-268 citation-end-268\"> G\u00e9n\u00e9rez des mod\u00e8les num\u00e9riques de terrain (MNT) d\u00e9taill\u00e9s pour une analyse de surface pr\u00e9cise.<\/span><\/li>\n<li><b>\u00c9dition de mod\u00e8les de maillage 3D et \u00e9dition de nuages de points\u00a0:<\/b><span class=\"citation-267 citation-end-267\"> Int\u00e9grez-vous de mani\u00e8re transparente \u00e0 DJI Modify pour peaufiner et post-traiter vos mod\u00e8les avec des outils de filtrage du bruit, de lissage et de sous-\u00e9chantillonnage.<\/span><\/li>\n<li><b><span class=\"citation-266\">Autorisation en ligne et hors ligne :<\/span><\/b><span class=\"citation-266 citation-end-266\"> Maintenez une flexibilit\u00e9 op\u00e9rationnelle, que vous disposiez d\u2019une connexion Internet constante ou que vous travailliez dans des endroits \u00e9loign\u00e9s.<\/span><\/li>\n<\/ul>\n<\/li>\n<li><b>Flux de travail int\u00e9gr\u00e9\u00a0:<\/b><span class=\"citation-265 citation-end-265\"> DJI Terra fournit une solution mat\u00e9rielle et logicielle unifi\u00e9e, fonctionnant de mani\u00e8re transparente avec les drones DJI Enterprise (comme la s\u00e9rie Matrice, Zenmuse P1, Zenmuse L2) pour rationaliser l&#039;acquisition, le traitement et l&#039;application des donn\u00e9es.<\/span><\/li>\n<\/ul>\n<p>Le <b>Licence DJI Terra Flagship 1 an<\/b> est l&#039;outil ultime pour les professionnels qui ont besoin du plus haut niveau de d\u00e9tail, de pr\u00e9cision et de fonctionnalit\u00e9s avanc\u00e9es pour leurs projets de lev\u00e9s a\u00e9riens et de jumeaux num\u00e9riques. <span class=\"citation-264 citation-end-264\">Comprend des mises \u00e0 niveau logicielles gratuites vers la derni\u00e8re version pendant la p\u00e9riode de validit\u00e9 d&#039;un an.<\/span><\/p>\n<div class=\"source-inline-chip-container ng-star-inserted\"><\/div>\n<hr \/>\n<p><b>D\u00e9tails de la licence :<\/b><\/p>\n<ul>\n<li><b><span class=\"citation-263\">Validit\u00e9:<\/span><\/b><span class=\"citation-263 citation-end-263\"> 1 an<\/span><\/li>\n<li><b>Autorisation:<\/b> Prise en charge en ligne et hors ligne<\/li>\n<li><b>Liaison de l&#039;appareil\u00a0:<\/b><span class=\"citation-262 citation-end-262\"> G\u00e9n\u00e9ralement li\u00e9 \u00e0 un seul appareil<\/span><\/li>\n<\/ul>","protected":false},"excerpt":{"rendered":"<p><b>Logiciel avanc\u00e9 de cartographie et de reconstruction 3D avec \u00e9claboussures gaussiennes et prise en charge LiDAR<\/b><\/p>\n<p><span class=\"citation-277 interactive-span-hovered\">Lib\u00e9rez toute la puissance de vos donn\u00e9es de drone avec le <\/span><b><span class=\"citation-277 interactive-span-hovered\">Licence DJI Terra Flagship 1 an<\/span><\/b><span class=\"citation-277 citation-end-277 interactive-span-hovered\">, l&#039;\u00e9dition la plus compl\u00e8te du logiciel de reconstruction 2D et 3D professionnel de DJI.<\/span> <span class=\"citation-276 citation-end-276\">Con\u00e7ue pour les applications exigeantes dans l&#039;arpentage, la construction, les services publics et les infrastructures, la version Flagship comprend toutes les fonctionnalit\u00e9s standard ainsi que des outils avanc\u00e9s exclusifs pour des performances et une pr\u00e9cision sup\u00e9rieures.<\/span><\/p>","protected":false},"featured_media":19353,"comment_status":"open","ping_status":"closed","template":"","meta":[],"product_brand":[1031],"product_cat":[37,29,939],"product_tag":[42,1032],"class_list":{"0":"post-20893","1":"product","2":"type-product","3":"status-publish","4":"has-post-thumbnail","6":"product_brand-dji","7":"product_cat-dji","8":"product_cat-drones","9":"product_cat-software-dji","10":"product_tag-dji","11":"product_tag-dji-terra","13":"first","14":"onbackorder","15":"taxable","16":"shipping-taxable","17":"purchasable","18":"product-type-simple"},"yoast_head":"<!-- This site is optimized with the Yoast SEO plugin v27.1.1 - https:\/\/yoast.com\/product\/yoast-seo-wordpress\/ -->\n<title>DJI Terra Flagship 1 Year - Ghostysky<\/title>\n<meta name=\"description\" content=\"Advanced 3D Mapping and Reconstruction Software with Gaussian Splatting and LiDAR SupportUnleash the full power of your drone data with the DJI Terra Flagship 1-Year License, the most comprehensive edition of DJI&#039;s professional 2D and 3D reconstruction software. Designed for demanding applications in surveying, construction, utilities, and infrastructure, the Flagship version includes all Standard features plus exclusive advanced tools for superior performance and accuracy.\" \/>\n<meta name=\"robots\" content=\"index, follow, max-snippet:-1, max-image-preview:large, max-video-preview:-1\" \/>\n<link rel=\"canonical\" href=\"https:\/\/www.ghostysky.com\/fr\/product\/dji-terra-flagship-1-year\/\" \/>\n<meta property=\"og:locale\" content=\"fr_FR\" \/>\n<meta property=\"og:type\" content=\"article\" \/>\n<meta property=\"og:title\" content=\"DJI Terra Flagship 1 Year - Ghostysky\" \/>\n<meta property=\"og:description\" content=\"Advanced 3D Mapping and Reconstruction Software with Gaussian Splatting and LiDAR SupportUnleash the full power of your drone data with the DJI Terra Flagship 1-Year License, the most comprehensive edition of DJI&#039;s professional 2D and 3D reconstruction software. Designed for demanding applications in surveying, construction, utilities, and infrastructure, the Flagship version includes all Standard features plus exclusive advanced tools for superior performance and accuracy.\" \/>\n<meta property=\"og:url\" content=\"https:\/\/www.ghostysky.com\/fr\/product\/dji-terra-flagship-1-year\/\" \/>\n<meta property=\"og:site_name\" content=\"Ghostysky\" \/>\n<meta property=\"article:publisher\" content=\"https:\/\/www.facebook.com\/people\/Ghostysky\/100057676170234\/\" \/>\n<meta property=\"article:modified_time\" content=\"2025-10-15T10:15:25+00:00\" \/>\n<meta property=\"og:image\" content=\"https:\/\/www.ghostysky.com\/wp-content\/uploads\/2024\/05\/GH_dji-terra-pro-overseas-perpetual-1.jpg\" \/>\n\t<meta property=\"og:image:width\" content=\"800\" \/>\n\t<meta property=\"og:image:height\" content=\"644\" \/>\n\t<meta property=\"og:image:type\" content=\"image\/jpeg\" \/>\n<meta name=\"twitter:card\" content=\"summary_large_image\" \/>\n<meta name=\"twitter:site\" content=\"@Gh0stysky\" \/>\n<meta name=\"twitter:label1\" content=\"Dur\u00e9e de lecture estim\u00e9e\" \/>\n\t<meta name=\"twitter:data1\" content=\"2 minutes\" \/>\n<script type=\"application\/ld+json\" class=\"yoast-schema-graph\">{\"@context\":\"https:\/\/schema.org\",\"@graph\":[{\"@type\":\"WebPage\",\"@id\":\"https:\/\/www.ghostysky.com\/product\/dji-terra-flagship-1-year\/\",\"url\":\"https:\/\/www.ghostysky.com\/product\/dji-terra-flagship-1-year\/\",\"name\":\"DJI Terra Flagship 1 Year - Ghostysky\",\"isPartOf\":{\"@id\":\"https:\/\/www.ghostysky.com\/#website\"},\"primaryImageOfPage\":{\"@id\":\"https:\/\/www.ghostysky.com\/product\/dji-terra-flagship-1-year\/#primaryimage\"},\"image\":{\"@id\":\"https:\/\/www.ghostysky.com\/product\/dji-terra-flagship-1-year\/#primaryimage\"},\"thumbnailUrl\":\"https:\/\/www.ghostysky.com\/wp-content\/uploads\/2024\/05\/GH_dji-terra-pro-overseas-perpetual-1.jpg\",\"datePublished\":\"2025-10-14T15:16:28+00:00\",\"dateModified\":\"2025-10-15T10:15:25+00:00\",\"description\":\"Advanced 3D Mapping and Reconstruction Software with Gaussian Splatting and LiDAR SupportUnleash the full power of your drone data with the DJI Terra Flagship 1-Year License, the most comprehensive edition of DJI's professional 2D and 3D reconstruction software. Designed for demanding applications in surveying, construction, utilities, and infrastructure, the Flagship version includes all Standard features plus exclusive advanced tools for superior performance and accuracy.\",\"breadcrumb\":{\"@id\":\"https:\/\/www.ghostysky.com\/product\/dji-terra-flagship-1-year\/#breadcrumb\"},\"inLanguage\":\"fr-FR\",\"potentialAction\":[{\"@type\":\"ReadAction\",\"target\":[\"https:\/\/www.ghostysky.com\/product\/dji-terra-flagship-1-year\/\"]}]},{\"@type\":\"ImageObject\",\"inLanguage\":\"fr-FR\",\"@id\":\"https:\/\/www.ghostysky.com\/product\/dji-terra-flagship-1-year\/#primaryimage\",\"url\":\"https:\/\/www.ghostysky.com\/wp-content\/uploads\/2024\/05\/GH_dji-terra-pro-overseas-perpetual-1.jpg\",\"contentUrl\":\"https:\/\/www.ghostysky.com\/wp-content\/uploads\/2024\/05\/GH_dji-terra-pro-overseas-perpetual-1.jpg\",\"width\":800,\"height\":644},{\"@type\":\"BreadcrumbList\",\"@id\":\"https:\/\/www.ghostysky.com\/product\/dji-terra-flagship-1-year\/#breadcrumb\",\"itemListElement\":[{\"@type\":\"ListItem\",\"position\":1,\"name\":\"Home\",\"item\":\"https:\/\/www.ghostysky.com\/\"},{\"@type\":\"ListItem\",\"position\":2,\"name\":\"Shop\",\"item\":\"https:\/\/www.ghostysky.com\/shop\/\"},{\"@type\":\"ListItem\",\"position\":3,\"name\":\"DJI Terra Flagship 1 Year\"}]},{\"@type\":\"WebSite\",\"@id\":\"https:\/\/www.ghostysky.com\/#website\",\"url\":\"https:\/\/www.ghostysky.com\/\",\"name\":\"Ghostysky\",\"description\":\"Delivering professional drones and services\",\"publisher\":{\"@id\":\"https:\/\/www.ghostysky.com\/#organization\"},\"potentialAction\":[{\"@type\":\"SearchAction\",\"target\":{\"@type\":\"EntryPoint\",\"urlTemplate\":\"https:\/\/www.ghostysky.com\/?s={search_term_string}\"},\"query-input\":{\"@type\":\"PropertyValueSpecification\",\"valueRequired\":true,\"valueName\":\"search_term_string\"}}],\"inLanguage\":\"fr-FR\"},{\"@type\":\"Organization\",\"@id\":\"https:\/\/www.ghostysky.com\/#organization\",\"name\":\"Ghostysky\",\"url\":\"https:\/\/www.ghostysky.com\/\",\"logo\":{\"@type\":\"ImageObject\",\"inLanguage\":\"fr-FR\",\"@id\":\"https:\/\/www.ghostysky.com\/#\/schema\/logo\/image\/\",\"url\":\"https:\/\/www.ghostysky.com\/wp-content\/uploads\/2020\/06\/cropped-ghostyskylogo_text_white2.png\",\"contentUrl\":\"https:\/\/www.ghostysky.com\/wp-content\/uploads\/2020\/06\/cropped-ghostyskylogo_text_white2.png\",\"width\":169,\"height\":56,\"caption\":\"Ghostysky\"},\"image\":{\"@id\":\"https:\/\/www.ghostysky.com\/#\/schema\/logo\/image\/\"},\"sameAs\":[\"https:\/\/www.facebook.com\/people\/Ghostysky\/100057676170234\/\",\"https:\/\/x.com\/Gh0stysky\",\"https:\/\/www.linkedin.com\/company\/34739653\",\"https:\/\/www.instagram.com\/gh0stysky\"]}]}<\/script>\n<!-- \/ Yoast SEO plugin. -->","yoast_head_json":{"title":"DJI Terra Flagship 1 an - Ghostysky","description":"Logiciel avanc\u00e9 de cartographie et de reconstruction 3D avec projection gaussienne et prise en charge LiDAR. Exploitez toute la puissance de vos donn\u00e9es de drone avec la licence DJI Terra Flagship (1 an), l&#039;\u00e9dition la plus compl\u00e8te du logiciel professionnel de reconstruction 2D et 3D de DJI. Con\u00e7ue pour les applications exigeantes en topographie, construction, services publics et infrastructures, la version Flagship inclut toutes les fonctionnalit\u00e9s standard ainsi que des outils avanc\u00e9s exclusifs pour des performances et une pr\u00e9cision sup\u00e9rieures.","robots":{"index":"index","follow":"follow","max-snippet":"max-snippet:-1","max-image-preview":"max-image-preview:large","max-video-preview":"max-video-preview:-1"},"canonical":"https:\/\/www.ghostysky.com\/fr\/product\/dji-terra-flagship-1-year\/","og_locale":"fr_FR","og_type":"article","og_title":"DJI Terra Flagship 1 Year - Ghostysky","og_description":"Advanced 3D Mapping and Reconstruction Software with Gaussian Splatting and LiDAR SupportUnleash the full power of your drone data with the DJI Terra Flagship 1-Year License, the most comprehensive edition of DJI's professional 2D and 3D reconstruction software. Designed for demanding applications in surveying, construction, utilities, and infrastructure, the Flagship version includes all Standard features plus exclusive advanced tools for superior performance and accuracy.","og_url":"https:\/\/www.ghostysky.com\/fr\/product\/dji-terra-flagship-1-year\/","og_site_name":"Ghostysky","article_publisher":"https:\/\/www.facebook.com\/people\/Ghostysky\/100057676170234\/","article_modified_time":"2025-10-15T10:15:25+00:00","og_image":[{"width":800,"height":644,"url":"https:\/\/www.ghostysky.com\/wp-content\/uploads\/2024\/05\/GH_dji-terra-pro-overseas-perpetual-1.jpg","type":"image\/jpeg"}],"twitter_card":"summary_large_image","twitter_site":"@Gh0stysky","twitter_misc":{"Dur\u00e9e de lecture estim\u00e9e":"2 minutes"},"schema":{"@context":"https:\/\/schema.org","@graph":[{"@type":"WebPage","@id":"https:\/\/www.ghostysky.com\/product\/dji-terra-flagship-1-year\/","url":"https:\/\/www.ghostysky.com\/product\/dji-terra-flagship-1-year\/","name":"DJI Terra Flagship 1 an - Ghostysky","isPartOf":{"@id":"https:\/\/www.ghostysky.com\/#website"},"primaryImageOfPage":{"@id":"https:\/\/www.ghostysky.com\/product\/dji-terra-flagship-1-year\/#primaryimage"},"image":{"@id":"https:\/\/www.ghostysky.com\/product\/dji-terra-flagship-1-year\/#primaryimage"},"thumbnailUrl":"https:\/\/www.ghostysky.com\/wp-content\/uploads\/2024\/05\/GH_dji-terra-pro-overseas-perpetual-1.jpg","datePublished":"2025-10-14T15:16:28+00:00","dateModified":"2025-10-15T10:15:25+00:00","description":"Logiciel avanc\u00e9 de cartographie et de reconstruction 3D avec projection gaussienne et prise en charge LiDAR. Exploitez toute la puissance de vos donn\u00e9es de drone avec la licence DJI Terra Flagship (1 an), l&#039;\u00e9dition la plus compl\u00e8te du logiciel professionnel de reconstruction 2D et 3D de DJI. Con\u00e7ue pour les applications exigeantes en topographie, construction, services publics et infrastructures, la version Flagship inclut toutes les fonctionnalit\u00e9s standard ainsi que des outils avanc\u00e9s exclusifs pour des performances et une pr\u00e9cision sup\u00e9rieures.","breadcrumb":{"@id":"https:\/\/www.ghostysky.com\/product\/dji-terra-flagship-1-year\/#breadcrumb"},"inLanguage":"fr-FR","potentialAction":[{"@type":"ReadAction","target":["https:\/\/www.ghostysky.com\/product\/dji-terra-flagship-1-year\/"]}]},{"@type":"ImageObject","inLanguage":"fr-FR","@id":"https:\/\/www.ghostysky.com\/product\/dji-terra-flagship-1-year\/#primaryimage","url":"https:\/\/www.ghostysky.com\/wp-content\/uploads\/2024\/05\/GH_dji-terra-pro-overseas-perpetual-1.jpg","contentUrl":"https:\/\/www.ghostysky.com\/wp-content\/uploads\/2024\/05\/GH_dji-terra-pro-overseas-perpetual-1.jpg","width":800,"height":644},{"@type":"BreadcrumbList","@id":"https:\/\/www.ghostysky.com\/product\/dji-terra-flagship-1-year\/#breadcrumb","itemListElement":[{"@type":"ListItem","position":1,"name":"Home","item":"https:\/\/www.ghostysky.com\/"},{"@type":"ListItem","position":2,"name":"Shop","item":"https:\/\/www.ghostysky.com\/shop\/"},{"@type":"ListItem","position":3,"name":"DJI Terra Flagship 1 Year"}]},{"@type":"WebSite","@id":"https:\/\/www.ghostysky.com\/#website","url":"https:\/\/www.ghostysky.com\/","name":"Ghostysky","description":"Livraison de drones et de services professionnels","publisher":{"@id":"https:\/\/www.ghostysky.com\/#organization"},"potentialAction":[{"@type":"SearchAction","target":{"@type":"EntryPoint","urlTemplate":"https:\/\/www.ghostysky.com\/?s={search_term_string}"},"query-input":{"@type":"PropertyValueSpecification","valueRequired":true,"valueName":"search_term_string"}}],"inLanguage":"fr-FR"},{"@type":"Organization","@id":"https:\/\/www.ghostysky.com\/#organization","name":"Ghostysky","url":"https:\/\/www.ghostysky.com\/","logo":{"@type":"ImageObject","inLanguage":"fr-FR","@id":"https:\/\/www.ghostysky.com\/#\/schema\/logo\/image\/","url":"https:\/\/www.ghostysky.com\/wp-content\/uploads\/2020\/06\/cropped-ghostyskylogo_text_white2.png","contentUrl":"https:\/\/www.ghostysky.com\/wp-content\/uploads\/2020\/06\/cropped-ghostyskylogo_text_white2.png","width":169,"height":56,"caption":"Ghostysky"},"image":{"@id":"https:\/\/www.ghostysky.com\/#\/schema\/logo\/image\/"},"sameAs":["https:\/\/www.facebook.com\/people\/Ghostysky\/100057676170234\/","https:\/\/x.com\/Gh0stysky","https:\/\/www.linkedin.com\/company\/34739653","https:\/\/www.instagram.com\/gh0stysky"]}]}},"_links":{"self":[{"href":"https:\/\/www.ghostysky.com\/fr\/wp-json\/wp\/v2\/product\/20893","targetHints":{"allow":["GET"]}}],"collection":[{"href":"https:\/\/www.ghostysky.com\/fr\/wp-json\/wp\/v2\/product"}],"about":[{"href":"https:\/\/www.ghostysky.com\/fr\/wp-json\/wp\/v2\/types\/product"}],"replies":[{"embeddable":true,"href":"https:\/\/www.ghostysky.com\/fr\/wp-json\/wp\/v2\/comments?post=20893"}],"wp:featuredmedia":[{"embeddable":true,"href":"https:\/\/www.ghostysky.com\/fr\/wp-json\/wp\/v2\/media\/19353"}],"wp:attachment":[{"href":"https:\/\/www.ghostysky.com\/fr\/wp-json\/wp\/v2\/media?parent=20893"}],"wp:term":[{"taxonomy":"product_brand","embeddable":true,"href":"https:\/\/www.ghostysky.com\/fr\/wp-json\/wp\/v2\/product_brand?post=20893"},{"taxonomy":"product_cat","embeddable":true,"href":"https:\/\/www.ghostysky.com\/fr\/wp-json\/wp\/v2\/product_cat?post=20893"},{"taxonomy":"product_tag","embeddable":true,"href":"https:\/\/www.ghostysky.com\/fr\/wp-json\/wp\/v2\/product_tag?post=20893"}],"curies":[{"name":"wp","href":"https:\/\/api.w.org\/{rel}","templated":true}]}}