{"id":20895,"date":"2025-10-14T15:19:43","date_gmt":"2025-10-14T15:19:43","guid":{"rendered":"https:\/\/www.ghostysky.com\/?post_type=product&#038;p=20895"},"modified":"2025-10-15T10:14:47","modified_gmt":"2025-10-15T10:14:47","slug":"dji-modify-flagship-permanent","status":"publish","type":"product","link":"https:\/\/www.ghostysky.com\/fr\/product\/dji-modify-flagship-permanent\/","title":{"rendered":"DJI modifie le produit phare de mani\u00e8re permanente"},"content":{"rendered":"<h3>Principales caract\u00e9ristiques de la licence permanente DJI Modify Flagship<\/h3>\n<ul>\n<li><b>Licence permanente :<\/b><span class=\"citation-306\"> Offre un <\/span><b><span class=\"citation-306\">achat unique<\/span><\/b><span class=\"citation-306 citation-end-306\"> pour une utilisation perp\u00e9tuelle et non expiratoire du logiciel.<\/span><\/li>\n<li><b><span class=\"citation-305\">Fonctionnalit\u00e9s phares\u00a0:<\/span><\/b><span class=\"citation-305 citation-end-305\"> Donne acc\u00e8s aux outils les plus avanc\u00e9s pour l&#039;\u00e9dition de maillage 3D et de nuages de points.<\/span><\/li>\n<li><b><span class=\"citation-304\">Int\u00e9gration transparente de DJI Terra\u00a0:<\/span><\/b><span class=\"citation-304 citation-end-304\"> Fonctionne dans un flux de travail efficace de bout en bout avec DJI Terra, vous permettant de lancer Modify directement \u00e0 partir d&#039;un projet Terra pour le post-traitement.<\/span><\/li>\n<li><b>R\u00e9paration intelligente de maillage 3D\u00a0:<\/b>\n<ul>\n<li><b><span class=\"citation-303\">R\u00e9paration des d\u00e9fauts en un clic\u00a0:<\/span><\/b><span class=\"citation-303\"> Identifie et r\u00e9pare avec pr\u00e9cision les d\u00e9fauts de maillage 3D courants tels que <\/span><b><span class=\"citation-303\">objets flottants<\/span><\/b><span class=\"citation-303\">, <\/span><b><span class=\"citation-303\">trous<\/span><\/b><span class=\"citation-303\">, et <\/span><b><span class=\"citation-303\">v\u00e9hicules<\/span><\/b><span class=\"citation-303 citation-end-303\"> en un seul clic.<\/span><\/li>\n<li><b>R\u00e9paration de texture :<\/b><span class=\"citation-302 citation-end-302\"> Inclut des outils tels que \u00ab\u00a0Effacer\u00a0\u00bb et \u00ab\u00a0Cloner\u00a0\u00bb pour r\u00e9parer rapidement et authentiquement les textures, garantissant un mod\u00e8le final r\u00e9aliste.<\/span><\/li>\n<li><b>Aplatissement de surface :<\/b><span class=\"citation-301 citation-end-301\"> Aplanit efficacement les surfaces, telles que les v\u00e9hicules ou les terrains accident\u00e9s.<\/span><\/li>\n<li><b>R\u00e9paration de la surface de l&#039;eau :<\/b> Dessinez et r\u00e9parez facilement les surfaces d\u2019eau, optimisant l\u2019effet visuel des sc\u00e8nes aquatiques.<\/li>\n<\/ul>\n<\/li>\n<li><b>\u00c9dition efficace de nuages de points 3D\u00a0:<\/b>\n<ul>\n<li><b><span class=\"citation-300\">Classification des nuages de points :<\/span><\/b><span class=\"citation-300 citation-end-300\"> Prend en charge la classification rapide des cat\u00e9gories de nuages de points (par exemple, sol, v\u00e9g\u00e9tation, b\u00e2timents) avec un r\u00e9glage en un clic.<\/span><\/li>\n<li><b><span class=\"citation-299\">Outils de traitement :<\/span><\/b><span class=\"citation-299\"> Les fonctionnalit\u00e9s incluent <\/span><b><span class=\"citation-299\">lissage<\/span><\/b><span class=\"citation-299\">, <\/span><b><span class=\"citation-299\">r\u00e9duction du bruit<\/span><\/b><span class=\"citation-299\">, et <\/span><b><span class=\"citation-299\">sous-\u00e9chantillonnage<\/span><\/b><span class=\"citation-299 citation-end-299\"> pour am\u00e9liorer la qualit\u00e9 globale du nuage de points et g\u00e9rer la densit\u00e9 des donn\u00e9es.<\/span><\/li>\n<li><b><span class=\"citation-298\">G\u00e9n\u00e9ration de r\u00e9sultats de terrain\u00a0:<\/span><\/b><span class=\"citation-298 citation-end-298\"> G\u00e9n\u00e8re automatiquement des r\u00e9sultats de terrain \u00e0 partir de nuages de points class\u00e9s.<\/span>\n<div class=\"source-inline-chip-container ng-star-inserted\"><\/div>\n<\/li>\n<\/ul>\n<\/li>\n<li><b>Exp\u00e9rience utilisateur simplifi\u00e9e\u00a0:<\/b><span class=\"citation-297 citation-end-297\"> Con\u00e7u pour la simplicit\u00e9 et l&#039;efficacit\u00e9 avec une interface intuitive, r\u00e9duisant la charge de travail manuelle et la courbe d&#039;apprentissage.<\/span><\/li>\n<li><b>Livraison flexible :<\/b><span class=\"citation-296\"> Prend en charge l&#039;importation et l&#039;exportation rapides de plusieurs formats standard de l&#039;industrie, y compris <\/span><b><span class=\"citation-296\">PLY, OBJ, B3DM<\/span><\/b><span class=\"citation-296\"> pour les mailles, et <\/span><b><span class=\"citation-296\">LAS, PNTS, PLY, PCD, S3MB<\/span><\/b><span class=\"citation-296 citation-end-296\"> pour les nuages de points.<\/span><\/li>\n<li><b><span class=\"citation-295\">Partage de cloud\u00a0:<\/span><\/b><span class=\"citation-295 citation-end-295\"> Les mod\u00e8les de maillage 3D trait\u00e9s peuvent \u00eatre rapidement partag\u00e9s vers le cloud pour une visualisation en ligne facile via le Web ou des appareils mobiles.<\/span>\n<div class=\"source-inline-chip-container ng-star-inserted\"><\/div>\n<\/li>\n<\/ul>\n<p><span class=\"citation-294\">En r\u00e9sum\u00e9, le <\/span><b><span class=\"citation-294\">DJI modifie le produit phare de mani\u00e8re permanente<\/span><\/b><span class=\"citation-294 citation-end-294\"> La licence offre aux professionnels un ensemble d&#039;outils puissants, intelligents et permanents pour transformer les donn\u00e9es brutes de mod\u00e9lisation a\u00e9rienne en ressources 3D raffin\u00e9es, de haute qualit\u00e9 et pr\u00eates \u00e0 l&#039;emploi.<\/span><\/p>","protected":false},"excerpt":{"rendered":"<p><span class=\"citation-309\">Le <\/span><b><span class=\"citation-309\">DJI modifie le produit phare de mani\u00e8re permanente<\/span><\/b><span class=\"citation-309\"> est la licence perp\u00e9tuelle \u00e0 achat unique pour le premier logiciel d&#039;\u00e9dition de mod\u00e8les 3D intelligent de DJI, <\/span><b><span class=\"citation-309\">DJI Modifier<\/span><\/b><span class=\"citation-309 citation-end-309\">.<\/span><\/p>\n<p><span class=\"citation-308\">Il est con\u00e7u pour \u00eatre le compagnon indispensable pour le post-traitement et l&#039;affinage des mod\u00e8les 3D et des nuages de points g\u00e9n\u00e9r\u00e9s par le logiciel de cartographie de DJI, <\/span><b><span class=\"citation-308\">DJI Terra<\/span><\/b><span class=\"citation-308 citation-end-308\">.<\/span> <span class=\"citation-307 citation-end-307\">La licence Flagship Permanent fournit une solution compl\u00e8te et professionnelle aux utilisateurs dans les domaines de l&#039;arpentage, de la cartographie, de l&#039;architecture, de la s\u00e9curit\u00e9 publique et d&#039;autres applications d&#039;entreprise.<\/span><\/p>","protected":false},"featured_media":19353,"comment_status":"open","ping_status":"closed","template":"","meta":[],"product_brand":[1031],"product_cat":[37,29,939],"product_tag":[42,1032],"class_list":{"0":"post-20895","1":"product","2":"type-product","3":"status-publish","4":"has-post-thumbnail","6":"product_brand-dji","7":"product_cat-dji","8":"product_cat-drones","9":"product_cat-software-dji","10":"product_tag-dji","11":"product_tag-dji-terra","13":"first","14":"onbackorder","15":"taxable","16":"shipping-taxable","17":"purchasable","18":"product-type-simple"},"yoast_head":"<!-- This site is optimized with the Yoast SEO plugin v27.4 - https:\/\/yoast.com\/product\/yoast-seo-wordpress\/ -->\n<title>DJI Modify Flagship Permanent - Ghostysky<\/title>\n<meta name=\"description\" content=\"The DJI Modify Flagship Permanent is the one-time purchase, perpetual license for DJI&#039;s first intelligent 3D model editing software, DJI Modify.It is designed to be the essential companion for post-processing and refining the 3D models and point clouds generated by DJI&#039;s mapping software, DJI Terra. The Flagship Permanent license provides a comprehensive, professional solution for users in surveying, mapping, architecture, public safety, and other enterprise applications.\" \/>\n<meta name=\"robots\" content=\"index, follow, max-snippet:-1, max-image-preview:large, max-video-preview:-1\" \/>\n<link rel=\"canonical\" href=\"https:\/\/www.ghostysky.com\/fr\/product\/dji-modify-flagship-permanent\/\" \/>\n<meta property=\"og:locale\" content=\"fr_FR\" \/>\n<meta property=\"og:type\" content=\"article\" \/>\n<meta property=\"og:title\" content=\"DJI Modify Flagship Permanent - Ghostysky\" \/>\n<meta property=\"og:description\" content=\"The DJI Modify Flagship Permanent is the one-time purchase, perpetual license for DJI&#039;s first intelligent 3D model editing software, DJI Modify.It is designed to be the essential companion for post-processing and refining the 3D models and point clouds generated by DJI&#039;s mapping software, DJI Terra. The Flagship Permanent license provides a comprehensive, professional solution for users in surveying, mapping, architecture, public safety, and other enterprise applications.\" \/>\n<meta property=\"og:url\" content=\"https:\/\/www.ghostysky.com\/fr\/product\/dji-modify-flagship-permanent\/\" \/>\n<meta property=\"og:site_name\" content=\"Ghostysky\" \/>\n<meta property=\"article:publisher\" content=\"https:\/\/www.facebook.com\/people\/Ghostysky\/100057676170234\/\" \/>\n<meta property=\"article:modified_time\" content=\"2025-10-15T10:14:47+00:00\" \/>\n<meta property=\"og:image\" content=\"https:\/\/www.ghostysky.com\/wp-content\/uploads\/2024\/05\/GH_dji-terra-pro-overseas-perpetual-1.jpg\" \/>\n\t<meta property=\"og:image:width\" content=\"800\" \/>\n\t<meta property=\"og:image:height\" content=\"644\" \/>\n\t<meta property=\"og:image:type\" content=\"image\/jpeg\" \/>\n<meta name=\"twitter:card\" content=\"summary_large_image\" \/>\n<meta name=\"twitter:site\" content=\"@Gh0stysky\" \/>\n<meta name=\"twitter:label1\" content=\"Dur\u00e9e de lecture estim\u00e9e\" \/>\n\t<meta name=\"twitter:data1\" content=\"2 minutes\" \/>\n<script type=\"application\/ld+json\" class=\"yoast-schema-graph\">{\"@context\":\"https:\\\/\\\/schema.org\",\"@graph\":[{\"@type\":\"WebPage\",\"@id\":\"https:\\\/\\\/www.ghostysky.com\\\/product\\\/dji-modify-flagship-permanent\\\/\",\"url\":\"https:\\\/\\\/www.ghostysky.com\\\/product\\\/dji-modify-flagship-permanent\\\/\",\"name\":\"DJI Modify Flagship Permanent - Ghostysky\",\"isPartOf\":{\"@id\":\"https:\\\/\\\/www.ghostysky.com\\\/#website\"},\"primaryImageOfPage\":{\"@id\":\"https:\\\/\\\/www.ghostysky.com\\\/product\\\/dji-modify-flagship-permanent\\\/#primaryimage\"},\"image\":{\"@id\":\"https:\\\/\\\/www.ghostysky.com\\\/product\\\/dji-modify-flagship-permanent\\\/#primaryimage\"},\"thumbnailUrl\":\"https:\\\/\\\/www.ghostysky.com\\\/wp-content\\\/uploads\\\/2024\\\/05\\\/GH_dji-terra-pro-overseas-perpetual-1.jpg\",\"datePublished\":\"2025-10-14T15:19:43+00:00\",\"dateModified\":\"2025-10-15T10:14:47+00:00\",\"description\":\"The DJI Modify Flagship Permanent is the one-time purchase, perpetual license for DJI's first intelligent 3D model editing software, DJI Modify.It is designed to be the essential companion for post-processing and refining the 3D models and point clouds generated by DJI's mapping software, DJI Terra. The Flagship Permanent license provides a comprehensive, professional solution for users in surveying, mapping, architecture, public safety, and other enterprise applications.\",\"breadcrumb\":{\"@id\":\"https:\\\/\\\/www.ghostysky.com\\\/product\\\/dji-modify-flagship-permanent\\\/#breadcrumb\"},\"inLanguage\":\"fr-FR\",\"potentialAction\":[{\"@type\":\"ReadAction\",\"target\":[\"https:\\\/\\\/www.ghostysky.com\\\/product\\\/dji-modify-flagship-permanent\\\/\"]}]},{\"@type\":\"ImageObject\",\"inLanguage\":\"fr-FR\",\"@id\":\"https:\\\/\\\/www.ghostysky.com\\\/product\\\/dji-modify-flagship-permanent\\\/#primaryimage\",\"url\":\"https:\\\/\\\/www.ghostysky.com\\\/wp-content\\\/uploads\\\/2024\\\/05\\\/GH_dji-terra-pro-overseas-perpetual-1.jpg\",\"contentUrl\":\"https:\\\/\\\/www.ghostysky.com\\\/wp-content\\\/uploads\\\/2024\\\/05\\\/GH_dji-terra-pro-overseas-perpetual-1.jpg\",\"width\":800,\"height\":644},{\"@type\":\"BreadcrumbList\",\"@id\":\"https:\\\/\\\/www.ghostysky.com\\\/product\\\/dji-modify-flagship-permanent\\\/#breadcrumb\",\"itemListElement\":[{\"@type\":\"ListItem\",\"position\":1,\"name\":\"Home\",\"item\":\"https:\\\/\\\/www.ghostysky.com\\\/\"},{\"@type\":\"ListItem\",\"position\":2,\"name\":\"Shop\",\"item\":\"https:\\\/\\\/www.ghostysky.com\\\/shop\\\/\"},{\"@type\":\"ListItem\",\"position\":3,\"name\":\"DJI Modify Flagship Permanent\"}]},{\"@type\":\"WebSite\",\"@id\":\"https:\\\/\\\/www.ghostysky.com\\\/#website\",\"url\":\"https:\\\/\\\/www.ghostysky.com\\\/\",\"name\":\"Ghostysky\",\"description\":\"Delivering professional drones and robotics solutions\",\"publisher\":{\"@id\":\"https:\\\/\\\/www.ghostysky.com\\\/#organization\"},\"potentialAction\":[{\"@type\":\"SearchAction\",\"target\":{\"@type\":\"EntryPoint\",\"urlTemplate\":\"https:\\\/\\\/www.ghostysky.com\\\/?s={search_term_string}\"},\"query-input\":{\"@type\":\"PropertyValueSpecification\",\"valueRequired\":true,\"valueName\":\"search_term_string\"}}],\"inLanguage\":\"fr-FR\"},{\"@type\":\"Organization\",\"@id\":\"https:\\\/\\\/www.ghostysky.com\\\/#organization\",\"name\":\"Ghostysky\",\"url\":\"https:\\\/\\\/www.ghostysky.com\\\/\",\"logo\":{\"@type\":\"ImageObject\",\"inLanguage\":\"fr-FR\",\"@id\":\"https:\\\/\\\/www.ghostysky.com\\\/#\\\/schema\\\/logo\\\/image\\\/\",\"url\":\"https:\\\/\\\/www.ghostysky.com\\\/wp-content\\\/uploads\\\/2020\\\/06\\\/cropped-ghostyskylogo_text_white2.png\",\"contentUrl\":\"https:\\\/\\\/www.ghostysky.com\\\/wp-content\\\/uploads\\\/2020\\\/06\\\/cropped-ghostyskylogo_text_white2.png\",\"width\":169,\"height\":56,\"caption\":\"Ghostysky\"},\"image\":{\"@id\":\"https:\\\/\\\/www.ghostysky.com\\\/#\\\/schema\\\/logo\\\/image\\\/\"},\"sameAs\":[\"https:\\\/\\\/www.facebook.com\\\/people\\\/Ghostysky\\\/100057676170234\\\/\",\"https:\\\/\\\/x.com\\\/Gh0stysky\",\"https:\\\/\\\/www.linkedin.com\\\/company\\\/34739653\",\"https:\\\/\\\/www.instagram.com\\\/gh0stysky\"]}]}<\/script>\n<!-- \/ Yoast SEO plugin. -->","yoast_head_json":{"title":"DJI modifie le vaisseau amiral de mani\u00e8re permanente - Ghostysky","description":"DJI Modify Flagship Permanent est une licence perp\u00e9tuelle, \u00e0 achat unique, pour DJI Modify, le premier logiciel intelligent d&#039;\u00e9dition de mod\u00e8les 3D de DJI. Con\u00e7ue pour \u00eatre le compagnon indispensable du post-traitement et de l&#039;affinage des mod\u00e8les 3D et des nuages de points g\u00e9n\u00e9r\u00e9s par DJI Terra, le logiciel de cartographie de DJI, cette licence offre une solution professionnelle compl\u00e8te pour les utilisateurs de topographie, de cartographie, d&#039;architecture, de s\u00e9curit\u00e9 publique et autres applications d&#039;entreprise.","robots":{"index":"index","follow":"follow","max-snippet":"max-snippet:-1","max-image-preview":"max-image-preview:large","max-video-preview":"max-video-preview:-1"},"canonical":"https:\/\/www.ghostysky.com\/fr\/product\/dji-modify-flagship-permanent\/","og_locale":"fr_FR","og_type":"article","og_title":"DJI Modify Flagship Permanent - Ghostysky","og_description":"The DJI Modify Flagship Permanent is the one-time purchase, perpetual license for DJI's first intelligent 3D model editing software, DJI Modify.It is designed to be the essential companion for post-processing and refining the 3D models and point clouds generated by DJI's mapping software, DJI Terra. The Flagship Permanent license provides a comprehensive, professional solution for users in surveying, mapping, architecture, public safety, and other enterprise applications.","og_url":"https:\/\/www.ghostysky.com\/fr\/product\/dji-modify-flagship-permanent\/","og_site_name":"Ghostysky","article_publisher":"https:\/\/www.facebook.com\/people\/Ghostysky\/100057676170234\/","article_modified_time":"2025-10-15T10:14:47+00:00","og_image":[{"width":800,"height":644,"url":"https:\/\/www.ghostysky.com\/wp-content\/uploads\/2024\/05\/GH_dji-terra-pro-overseas-perpetual-1.jpg","type":"image\/jpeg"}],"twitter_card":"summary_large_image","twitter_site":"@Gh0stysky","twitter_misc":{"Dur\u00e9e de lecture estim\u00e9e":"2 minutes"},"schema":{"@context":"https:\/\/schema.org","@graph":[{"@type":"WebPage","@id":"https:\/\/www.ghostysky.com\/product\/dji-modify-flagship-permanent\/","url":"https:\/\/www.ghostysky.com\/product\/dji-modify-flagship-permanent\/","name":"DJI modifie le vaisseau amiral de mani\u00e8re permanente - Ghostysky","isPartOf":{"@id":"https:\/\/www.ghostysky.com\/#website"},"primaryImageOfPage":{"@id":"https:\/\/www.ghostysky.com\/product\/dji-modify-flagship-permanent\/#primaryimage"},"image":{"@id":"https:\/\/www.ghostysky.com\/product\/dji-modify-flagship-permanent\/#primaryimage"},"thumbnailUrl":"https:\/\/www.ghostysky.com\/wp-content\/uploads\/2024\/05\/GH_dji-terra-pro-overseas-perpetual-1.jpg","datePublished":"2025-10-14T15:19:43+00:00","dateModified":"2025-10-15T10:14:47+00:00","description":"DJI Modify Flagship Permanent est une licence perp\u00e9tuelle, \u00e0 achat unique, pour DJI Modify, le premier logiciel intelligent d&#039;\u00e9dition de mod\u00e8les 3D de DJI. Con\u00e7ue pour \u00eatre le compagnon indispensable du post-traitement et de l&#039;affinage des mod\u00e8les 3D et des nuages de points g\u00e9n\u00e9r\u00e9s par DJI Terra, le logiciel de cartographie de DJI, cette licence offre une solution professionnelle compl\u00e8te pour les utilisateurs de topographie, de cartographie, d&#039;architecture, de s\u00e9curit\u00e9 publique et autres applications d&#039;entreprise.","breadcrumb":{"@id":"https:\/\/www.ghostysky.com\/product\/dji-modify-flagship-permanent\/#breadcrumb"},"inLanguage":"fr-FR","potentialAction":[{"@type":"ReadAction","target":["https:\/\/www.ghostysky.com\/product\/dji-modify-flagship-permanent\/"]}]},{"@type":"ImageObject","inLanguage":"fr-FR","@id":"https:\/\/www.ghostysky.com\/product\/dji-modify-flagship-permanent\/#primaryimage","url":"https:\/\/www.ghostysky.com\/wp-content\/uploads\/2024\/05\/GH_dji-terra-pro-overseas-perpetual-1.jpg","contentUrl":"https:\/\/www.ghostysky.com\/wp-content\/uploads\/2024\/05\/GH_dji-terra-pro-overseas-perpetual-1.jpg","width":800,"height":644},{"@type":"BreadcrumbList","@id":"https:\/\/www.ghostysky.com\/product\/dji-modify-flagship-permanent\/#breadcrumb","itemListElement":[{"@type":"ListItem","position":1,"name":"Home","item":"https:\/\/www.ghostysky.com\/"},{"@type":"ListItem","position":2,"name":"Shop","item":"https:\/\/www.ghostysky.com\/shop\/"},{"@type":"ListItem","position":3,"name":"DJI Modify Flagship Permanent"}]},{"@type":"WebSite","@id":"https:\/\/www.ghostysky.com\/#website","url":"https:\/\/www.ghostysky.com\/","name":"Ghostysky","description":"Fourniture de solutions professionnelles en mati\u00e8re de drones et de robotique","publisher":{"@id":"https:\/\/www.ghostysky.com\/#organization"},"potentialAction":[{"@type":"SearchAction","target":{"@type":"EntryPoint","urlTemplate":"https:\/\/www.ghostysky.com\/?s={search_term_string}"},"query-input":{"@type":"PropertyValueSpecification","valueRequired":true,"valueName":"search_term_string"}}],"inLanguage":"fr-FR"},{"@type":"Organization","@id":"https:\/\/www.ghostysky.com\/#organization","name":"Ghostysky","url":"https:\/\/www.ghostysky.com\/","logo":{"@type":"ImageObject","inLanguage":"fr-FR","@id":"https:\/\/www.ghostysky.com\/#\/schema\/logo\/image\/","url":"https:\/\/www.ghostysky.com\/wp-content\/uploads\/2020\/06\/cropped-ghostyskylogo_text_white2.png","contentUrl":"https:\/\/www.ghostysky.com\/wp-content\/uploads\/2020\/06\/cropped-ghostyskylogo_text_white2.png","width":169,"height":56,"caption":"Ghostysky"},"image":{"@id":"https:\/\/www.ghostysky.com\/#\/schema\/logo\/image\/"},"sameAs":["https:\/\/www.facebook.com\/people\/Ghostysky\/100057676170234\/","https:\/\/x.com\/Gh0stysky","https:\/\/www.linkedin.com\/company\/34739653","https:\/\/www.instagram.com\/gh0stysky"]}]}},"_links":{"self":[{"href":"https:\/\/www.ghostysky.com\/fr\/wp-json\/wp\/v2\/product\/20895","targetHints":{"allow":["GET"]}}],"collection":[{"href":"https:\/\/www.ghostysky.com\/fr\/wp-json\/wp\/v2\/product"}],"about":[{"href":"https:\/\/www.ghostysky.com\/fr\/wp-json\/wp\/v2\/types\/product"}],"replies":[{"embeddable":true,"href":"https:\/\/www.ghostysky.com\/fr\/wp-json\/wp\/v2\/comments?post=20895"}],"version-history":[{"count":0,"href":"https:\/\/www.ghostysky.com\/fr\/wp-json\/wp\/v2\/product\/20895\/revisions"}],"wp:featuredmedia":[{"embeddable":true,"href":"https:\/\/www.ghostysky.com\/fr\/wp-json\/wp\/v2\/media\/19353"}],"wp:attachment":[{"href":"https:\/\/www.ghostysky.com\/fr\/wp-json\/wp\/v2\/media?parent=20895"}],"wp:term":[{"taxonomy":"product_brand","embeddable":true,"href":"https:\/\/www.ghostysky.com\/fr\/wp-json\/wp\/v2\/product_brand?post=20895"},{"taxonomy":"product_cat","embeddable":true,"href":"https:\/\/www.ghostysky.com\/fr\/wp-json\/wp\/v2\/product_cat?post=20895"},{"taxonomy":"product_tag","embeddable":true,"href":"https:\/\/www.ghostysky.com\/fr\/wp-json\/wp\/v2\/product_tag?post=20895"}],"curies":[{"name":"wp","href":"https:\/\/api.w.org\/{rel}","templated":true}]}}