{"id":20896,"date":"2025-10-14T15:34:57","date_gmt":"2025-10-14T15:34:57","guid":{"rendered":"https:\/\/www.ghostysky.com\/?post_type=product&#038;p=20896"},"modified":"2025-10-15T10:14:18","modified_gmt":"2025-10-15T10:14:18","slug":"dji-terra-standard-1-year-offline","status":"publish","type":"product","link":"https:\/\/www.ghostysky.com\/fr\/product\/dji-terra-standard-1-year-offline\/","title":{"rendered":"DJI Terra Standard 1 an (hors ligne)"},"content":{"rendered":"<h3><b>Principales caract\u00e9ristiques de la version standard<\/b><\/h3>\n<ul>\n<li><b>Reconstruction de carte 2D (Orthophotos) :<\/b><span class=\"citation-331 citation-end-331\"> G\u00e9n\u00e9rez des cartes orthomosa\u00efques 2D g\u00e9or\u00e9f\u00e9renc\u00e9es haute r\u00e9solution \u00e0 partir d&#039;images de drone, id\u00e9ales pour les mesures d\u00e9taill\u00e9es, les inspections et la planification.<\/span><\/li>\n<li><b><span class=\"citation-330\">Reconstruction de maillage 3D :<\/span><\/b><span class=\"citation-330 citation-end-330\"> Cr\u00e9ez des mod\u00e8les 3D tr\u00e8s d\u00e9taill\u00e9s de b\u00e2timents, de terrains et d&#039;infrastructures \u00e0 partir de photos en lumi\u00e8re visible \u00e0 l&#039;aide d&#039;une photogramm\u00e9trie avanc\u00e9e.<\/span><\/li>\n<li><b><span class=\"citation-329\">Reconstruction du nuage de points LiDAR\u00a0:<\/span><\/b><span class=\"citation-329 citation-end-329\"> Traitez et int\u00e9grez les donn\u00e9es des charges utiles LiDAR Zenmuse s\u00e9rie L de DJI pour produire des nuages de points pr\u00e9cis, des cartes 2D et des mod\u00e8les 3D.<\/span><\/li>\n<li><b><span class=\"citation-328\">Reconstruction multispectrale :<\/span><\/b><span class=\"citation-328 citation-end-328\"> Analysez les donn\u00e9es multispectrales de drones comme le Mavic 3M pour g\u00e9n\u00e9rer des cartes d&#039;indice de v\u00e9g\u00e9tation (par exemple, NDVI, NDRE) pour des applications agricoles et environnementales.<\/span><\/li>\n<li><b>R\u00e9sultat du terrain :<\/b><span class=\"citation-327 citation-end-327\"> G\u00e9n\u00e9rer des mod\u00e8les num\u00e9riques de surface (MNS) et des mod\u00e8les num\u00e9riques d&#039;\u00e9l\u00e9vation (MNE).<\/span><\/li>\n<\/ul>\n<h3><b>Avantages de la licence hors ligne<\/b><\/h3>\n<ul>\n<li><b><span class=\"citation-326\">Fonctionnalit\u00e9 hors ligne pendant 1 an\u00a0:<\/span><\/b><span class=\"citation-326 citation-end-326\"> Une fois la licence activ\u00e9e et li\u00e9e \u00e0 un seul poste de travail \u00e0 l&#039;aide du processus d&#039;\u00e9change hors ligne, toutes les fonctionnalit\u00e9s Standard payantes sont pleinement op\u00e9rationnelles pendant 12 mois sans n\u00e9cessiter de connexion Internet continue.<\/span><\/li>\n<li><b>Id\u00e9al pour les sites s\u00e9curis\u00e9s\/distants\u00a0:<\/b> Id\u00e9al pour le gouvernement, la d\u00e9fense, l&#039;exploitation mini\u00e8re, l&#039;inspection des infrastructures ou tout projet o\u00f9 la connectivit\u00e9 est limit\u00e9e, restreinte ou sensible.<\/li>\n<li><b>Liaison d&#039;un seul appareil\u00a0:<\/b><span class=\"citation-325 citation-end-325\"> La licence est li\u00e9e de mani\u00e8re s\u00e9curis\u00e9e \u00e0 un seul ordinateur, avec une demande de d\u00e9liaison g\u00e9n\u00e9ralement autoris\u00e9e par ann\u00e9e civile pour les modifications mat\u00e9rielles.<\/span><\/li>\n<\/ul>\n<p><b>Int\u00e9gration transparente du flux de travail\u00a0:<\/b><\/p>\n<p><span class=\"citation-324 citation-end-324\">DJI Terra Standard est con\u00e7u pour s&#039;int\u00e9grer de mani\u00e8re transparente \u00e0 une large gamme de drones et de charges utiles DJI Enterprise, offrant une solution de bout en bout unifi\u00e9e et efficace pour l&#039;acquisition, le traitement et l&#039;application de donn\u00e9es dans des secteurs tels que l&#039;arpentage, la construction, l&#039;\u00e9nergie et l&#039;agriculture.<\/span><\/p>\n<div class=\"source-inline-chip-container ng-star-inserted\"><\/div>\n<hr \/>\n<p><b><span class=\"citation-323\">Remarque sur les limitations hors ligne\u00a0:<\/span><\/b><span class=\"citation-323 citation-end-323\"> Bien que les fonctionnalit\u00e9s principales de cartographie et de mod\u00e9lisation soient enti\u00e8rement fonctionnelles hors ligne, certaines fonctionnalit\u00e9s d\u00e9pendantes du mode en ligne, telles que le d\u00e9verrouillage des zones GEO, la recherche de carte et certaines fonctions de contr\u00f4le de mission, ne sont pas disponibles en mode hors ligne.<\/span> <span class=\"citation-322\">La fonctionnalit\u00e9 avanc\u00e9e de <\/span><b><span class=\"citation-322\">\u00c9claboussures gaussiennes<\/span><\/b><span class=\"citation-322\"> est <\/span><i><span class=\"citation-322\">pas<\/span><\/i><span class=\"citation-322 citation-end-322\"> inclus dans la version Standard ; il est disponible dans les versions Flagship et Cluster.<\/span><\/p>","protected":false},"excerpt":{"rendered":"<p><b>Logiciel professionnel de cartographie et de mod\u00e9lisation a\u00e9rienne pour environnements de travail s\u00e9curis\u00e9s et distants<\/b><\/p>\n<p><span class=\"citation-333\">Le <\/span><b><span class=\"citation-333\">DJI Terra Standard 1 an (hors ligne)<\/span><\/b><span class=\"citation-333 citation-end-333\"> La licence offre aux utilisateurs professionnels une solution robuste et de haute pr\u00e9cision de lev\u00e9 et de cartographie a\u00e9rienne con\u00e7ue sp\u00e9cifiquement pour les environnements sans acc\u00e8s Internet fiable ou continu, tels que les op\u00e9rations sur le terrain \u00e0 distance ou les installations s\u00e9curis\u00e9es.<\/span> <span class=\"citation-332 citation-end-332\">Cette licence d&#039;un an pour un seul appareil garantit une autonomie et une s\u00e9curit\u00e9 des donn\u00e9es maximales en permettant d&#039;utiliser toutes les fonctions principales en mode hors ligne apr\u00e8s une autorisation initiale.<\/span><\/p>","protected":false},"featured_media":19353,"comment_status":"open","ping_status":"closed","template":"","meta":[],"product_brand":[1031],"product_cat":[37,29,939],"product_tag":[42,1032],"class_list":{"0":"post-20896","1":"product","2":"type-product","3":"status-publish","4":"has-post-thumbnail","6":"product_brand-dji","7":"product_cat-dji","8":"product_cat-drones","9":"product_cat-software-dji","10":"product_tag-dji","11":"product_tag-dji-terra","13":"first","14":"onbackorder","15":"taxable","16":"shipping-taxable","17":"purchasable","18":"product-type-simple"},"yoast_head":"<!-- This site is optimized with the Yoast SEO plugin v27.4 - https:\/\/yoast.com\/product\/yoast-seo-wordpress\/ -->\n<title>DJI Terra Standard 1 Year (Offline) - Ghostysky<\/title>\n<meta name=\"description\" content=\"Professional Aerial Mapping and Modeling Software for Secure and Remote Work EnvironmentsThe DJI Terra Standard 1-Year (Offline) license provides professional users with a robust, high-precision aerial surveying and mapping solution designed specifically for environments without reliable or continuous internet access, such as remote field operations or secure facilities. This one-year, single-device license ensures maximum autonomy and data security by enabling all core functions to be utilized in an offline mode after an initial authorization.\" \/>\n<meta name=\"robots\" content=\"index, follow, max-snippet:-1, max-image-preview:large, max-video-preview:-1\" \/>\n<link rel=\"canonical\" href=\"https:\/\/www.ghostysky.com\/fr\/product\/dji-terra-standard-1-year-offline\/\" \/>\n<meta property=\"og:locale\" content=\"fr_FR\" \/>\n<meta property=\"og:type\" content=\"article\" \/>\n<meta property=\"og:title\" content=\"DJI Terra Standard 1 Year (Offline) - Ghostysky\" \/>\n<meta property=\"og:description\" content=\"Professional Aerial Mapping and Modeling Software for Secure and Remote Work EnvironmentsThe DJI Terra Standard 1-Year (Offline) license provides professional users with a robust, high-precision aerial surveying and mapping solution designed specifically for environments without reliable or continuous internet access, such as remote field operations or secure facilities. This one-year, single-device license ensures maximum autonomy and data security by enabling all core functions to be utilized in an offline mode after an initial authorization.\" \/>\n<meta property=\"og:url\" content=\"https:\/\/www.ghostysky.com\/fr\/product\/dji-terra-standard-1-year-offline\/\" \/>\n<meta property=\"og:site_name\" content=\"Ghostysky\" \/>\n<meta property=\"article:publisher\" content=\"https:\/\/www.facebook.com\/people\/Ghostysky\/100057676170234\/\" \/>\n<meta property=\"article:modified_time\" content=\"2025-10-15T10:14:18+00:00\" \/>\n<meta property=\"og:image\" content=\"https:\/\/www.ghostysky.com\/wp-content\/uploads\/2024\/05\/GH_dji-terra-pro-overseas-perpetual-1.jpg\" \/>\n\t<meta property=\"og:image:width\" content=\"800\" \/>\n\t<meta property=\"og:image:height\" content=\"644\" \/>\n\t<meta property=\"og:image:type\" content=\"image\/jpeg\" \/>\n<meta name=\"twitter:card\" content=\"summary_large_image\" \/>\n<meta name=\"twitter:site\" content=\"@Gh0stysky\" \/>\n<meta name=\"twitter:label1\" content=\"Dur\u00e9e de lecture estim\u00e9e\" \/>\n\t<meta name=\"twitter:data1\" content=\"2 minutes\" \/>\n<script type=\"application\/ld+json\" class=\"yoast-schema-graph\">{\"@context\":\"https:\\\/\\\/schema.org\",\"@graph\":[{\"@type\":\"WebPage\",\"@id\":\"https:\\\/\\\/www.ghostysky.com\\\/product\\\/dji-terra-standard-1-year-offline\\\/\",\"url\":\"https:\\\/\\\/www.ghostysky.com\\\/product\\\/dji-terra-standard-1-year-offline\\\/\",\"name\":\"DJI Terra Standard 1 Year (Offline) - Ghostysky\",\"isPartOf\":{\"@id\":\"https:\\\/\\\/www.ghostysky.com\\\/#website\"},\"primaryImageOfPage\":{\"@id\":\"https:\\\/\\\/www.ghostysky.com\\\/product\\\/dji-terra-standard-1-year-offline\\\/#primaryimage\"},\"image\":{\"@id\":\"https:\\\/\\\/www.ghostysky.com\\\/product\\\/dji-terra-standard-1-year-offline\\\/#primaryimage\"},\"thumbnailUrl\":\"https:\\\/\\\/www.ghostysky.com\\\/wp-content\\\/uploads\\\/2024\\\/05\\\/GH_dji-terra-pro-overseas-perpetual-1.jpg\",\"datePublished\":\"2025-10-14T15:34:57+00:00\",\"dateModified\":\"2025-10-15T10:14:18+00:00\",\"description\":\"Professional Aerial Mapping and Modeling Software for Secure and Remote Work EnvironmentsThe DJI Terra Standard 1-Year (Offline) license provides professional users with a robust, high-precision aerial surveying and mapping solution designed specifically for environments without reliable or continuous internet access, such as remote field operations or secure facilities. This one-year, single-device license ensures maximum autonomy and data security by enabling all core functions to be utilized in an offline mode after an initial authorization.\",\"breadcrumb\":{\"@id\":\"https:\\\/\\\/www.ghostysky.com\\\/product\\\/dji-terra-standard-1-year-offline\\\/#breadcrumb\"},\"inLanguage\":\"fr-FR\",\"potentialAction\":[{\"@type\":\"ReadAction\",\"target\":[\"https:\\\/\\\/www.ghostysky.com\\\/product\\\/dji-terra-standard-1-year-offline\\\/\"]}]},{\"@type\":\"ImageObject\",\"inLanguage\":\"fr-FR\",\"@id\":\"https:\\\/\\\/www.ghostysky.com\\\/product\\\/dji-terra-standard-1-year-offline\\\/#primaryimage\",\"url\":\"https:\\\/\\\/www.ghostysky.com\\\/wp-content\\\/uploads\\\/2024\\\/05\\\/GH_dji-terra-pro-overseas-perpetual-1.jpg\",\"contentUrl\":\"https:\\\/\\\/www.ghostysky.com\\\/wp-content\\\/uploads\\\/2024\\\/05\\\/GH_dji-terra-pro-overseas-perpetual-1.jpg\",\"width\":800,\"height\":644},{\"@type\":\"BreadcrumbList\",\"@id\":\"https:\\\/\\\/www.ghostysky.com\\\/product\\\/dji-terra-standard-1-year-offline\\\/#breadcrumb\",\"itemListElement\":[{\"@type\":\"ListItem\",\"position\":1,\"name\":\"Home\",\"item\":\"https:\\\/\\\/www.ghostysky.com\\\/\"},{\"@type\":\"ListItem\",\"position\":2,\"name\":\"Shop\",\"item\":\"https:\\\/\\\/www.ghostysky.com\\\/shop\\\/\"},{\"@type\":\"ListItem\",\"position\":3,\"name\":\"DJI Terra Standard 1 Year (Offline)\"}]},{\"@type\":\"WebSite\",\"@id\":\"https:\\\/\\\/www.ghostysky.com\\\/#website\",\"url\":\"https:\\\/\\\/www.ghostysky.com\\\/\",\"name\":\"Ghostysky\",\"description\":\"Delivering professional drones and robotics solutions\",\"publisher\":{\"@id\":\"https:\\\/\\\/www.ghostysky.com\\\/#organization\"},\"potentialAction\":[{\"@type\":\"SearchAction\",\"target\":{\"@type\":\"EntryPoint\",\"urlTemplate\":\"https:\\\/\\\/www.ghostysky.com\\\/?s={search_term_string}\"},\"query-input\":{\"@type\":\"PropertyValueSpecification\",\"valueRequired\":true,\"valueName\":\"search_term_string\"}}],\"inLanguage\":\"fr-FR\"},{\"@type\":\"Organization\",\"@id\":\"https:\\\/\\\/www.ghostysky.com\\\/#organization\",\"name\":\"Ghostysky\",\"url\":\"https:\\\/\\\/www.ghostysky.com\\\/\",\"logo\":{\"@type\":\"ImageObject\",\"inLanguage\":\"fr-FR\",\"@id\":\"https:\\\/\\\/www.ghostysky.com\\\/#\\\/schema\\\/logo\\\/image\\\/\",\"url\":\"https:\\\/\\\/www.ghostysky.com\\\/wp-content\\\/uploads\\\/2020\\\/06\\\/cropped-ghostyskylogo_text_white2.png\",\"contentUrl\":\"https:\\\/\\\/www.ghostysky.com\\\/wp-content\\\/uploads\\\/2020\\\/06\\\/cropped-ghostyskylogo_text_white2.png\",\"width\":169,\"height\":56,\"caption\":\"Ghostysky\"},\"image\":{\"@id\":\"https:\\\/\\\/www.ghostysky.com\\\/#\\\/schema\\\/logo\\\/image\\\/\"},\"sameAs\":[\"https:\\\/\\\/www.facebook.com\\\/people\\\/Ghostysky\\\/100057676170234\\\/\",\"https:\\\/\\\/x.com\\\/Gh0stysky\",\"https:\\\/\\\/www.linkedin.com\\\/company\\\/34739653\",\"https:\\\/\\\/www.instagram.com\\\/gh0stysky\"]}]}<\/script>\n<!-- \/ Yoast SEO plugin. -->","yoast_head_json":{"title":"DJI Terra Standard 1 an (hors ligne) - Ghostysky","description":"Logiciel professionnel de cartographie et de mod\u00e9lisation a\u00e9riennes pour environnements de travail s\u00e9curis\u00e9s et distants. La licence DJI Terra Standard 1 an (hors ligne) offre aux utilisateurs professionnels une solution robuste et de haute pr\u00e9cision pour la topographie et la cartographie a\u00e9riennes, sp\u00e9cialement con\u00e7ue pour les environnements sans acc\u00e8s internet fiable et continu, comme les op\u00e9rations sur le terrain isol\u00e9es ou les installations s\u00e9curis\u00e9es. Cette licence d&#039;un an, valable pour un seul appareil, garantit une autonomie et une s\u00e9curit\u00e9 des donn\u00e9es maximales en permettant l&#039;utilisation de toutes les fonctions principales hors ligne apr\u00e8s une autorisation initiale.","robots":{"index":"index","follow":"follow","max-snippet":"max-snippet:-1","max-image-preview":"max-image-preview:large","max-video-preview":"max-video-preview:-1"},"canonical":"https:\/\/www.ghostysky.com\/fr\/product\/dji-terra-standard-1-year-offline\/","og_locale":"fr_FR","og_type":"article","og_title":"DJI Terra Standard 1 Year (Offline) - Ghostysky","og_description":"Professional Aerial Mapping and Modeling Software for Secure and Remote Work EnvironmentsThe DJI Terra Standard 1-Year (Offline) license provides professional users with a robust, high-precision aerial surveying and mapping solution designed specifically for environments without reliable or continuous internet access, such as remote field operations or secure facilities. This one-year, single-device license ensures maximum autonomy and data security by enabling all core functions to be utilized in an offline mode after an initial authorization.","og_url":"https:\/\/www.ghostysky.com\/fr\/product\/dji-terra-standard-1-year-offline\/","og_site_name":"Ghostysky","article_publisher":"https:\/\/www.facebook.com\/people\/Ghostysky\/100057676170234\/","article_modified_time":"2025-10-15T10:14:18+00:00","og_image":[{"width":800,"height":644,"url":"https:\/\/www.ghostysky.com\/wp-content\/uploads\/2024\/05\/GH_dji-terra-pro-overseas-perpetual-1.jpg","type":"image\/jpeg"}],"twitter_card":"summary_large_image","twitter_site":"@Gh0stysky","twitter_misc":{"Dur\u00e9e de lecture estim\u00e9e":"2 minutes"},"schema":{"@context":"https:\/\/schema.org","@graph":[{"@type":"WebPage","@id":"https:\/\/www.ghostysky.com\/product\/dji-terra-standard-1-year-offline\/","url":"https:\/\/www.ghostysky.com\/product\/dji-terra-standard-1-year-offline\/","name":"DJI Terra Standard 1 an (hors ligne) - Ghostysky","isPartOf":{"@id":"https:\/\/www.ghostysky.com\/#website"},"primaryImageOfPage":{"@id":"https:\/\/www.ghostysky.com\/product\/dji-terra-standard-1-year-offline\/#primaryimage"},"image":{"@id":"https:\/\/www.ghostysky.com\/product\/dji-terra-standard-1-year-offline\/#primaryimage"},"thumbnailUrl":"https:\/\/www.ghostysky.com\/wp-content\/uploads\/2024\/05\/GH_dji-terra-pro-overseas-perpetual-1.jpg","datePublished":"2025-10-14T15:34:57+00:00","dateModified":"2025-10-15T10:14:18+00:00","description":"Logiciel professionnel de cartographie et de mod\u00e9lisation a\u00e9riennes pour environnements de travail s\u00e9curis\u00e9s et distants. La licence DJI Terra Standard 1 an (hors ligne) offre aux utilisateurs professionnels une solution robuste et de haute pr\u00e9cision pour la topographie et la cartographie a\u00e9riennes, sp\u00e9cialement con\u00e7ue pour les environnements sans acc\u00e8s internet fiable et continu, comme les op\u00e9rations sur le terrain isol\u00e9es ou les installations s\u00e9curis\u00e9es. Cette licence d&#039;un an, valable pour un seul appareil, garantit une autonomie et une s\u00e9curit\u00e9 des donn\u00e9es maximales en permettant l&#039;utilisation de toutes les fonctions principales hors ligne apr\u00e8s une autorisation initiale.","breadcrumb":{"@id":"https:\/\/www.ghostysky.com\/product\/dji-terra-standard-1-year-offline\/#breadcrumb"},"inLanguage":"fr-FR","potentialAction":[{"@type":"ReadAction","target":["https:\/\/www.ghostysky.com\/product\/dji-terra-standard-1-year-offline\/"]}]},{"@type":"ImageObject","inLanguage":"fr-FR","@id":"https:\/\/www.ghostysky.com\/product\/dji-terra-standard-1-year-offline\/#primaryimage","url":"https:\/\/www.ghostysky.com\/wp-content\/uploads\/2024\/05\/GH_dji-terra-pro-overseas-perpetual-1.jpg","contentUrl":"https:\/\/www.ghostysky.com\/wp-content\/uploads\/2024\/05\/GH_dji-terra-pro-overseas-perpetual-1.jpg","width":800,"height":644},{"@type":"BreadcrumbList","@id":"https:\/\/www.ghostysky.com\/product\/dji-terra-standard-1-year-offline\/#breadcrumb","itemListElement":[{"@type":"ListItem","position":1,"name":"Home","item":"https:\/\/www.ghostysky.com\/"},{"@type":"ListItem","position":2,"name":"Shop","item":"https:\/\/www.ghostysky.com\/shop\/"},{"@type":"ListItem","position":3,"name":"DJI Terra Standard 1 Year (Offline)"}]},{"@type":"WebSite","@id":"https:\/\/www.ghostysky.com\/#website","url":"https:\/\/www.ghostysky.com\/","name":"Ghostysky","description":"Fourniture de solutions professionnelles en mati\u00e8re de drones et de robotique","publisher":{"@id":"https:\/\/www.ghostysky.com\/#organization"},"potentialAction":[{"@type":"SearchAction","target":{"@type":"EntryPoint","urlTemplate":"https:\/\/www.ghostysky.com\/?s={search_term_string}"},"query-input":{"@type":"PropertyValueSpecification","valueRequired":true,"valueName":"search_term_string"}}],"inLanguage":"fr-FR"},{"@type":"Organization","@id":"https:\/\/www.ghostysky.com\/#organization","name":"Ghostysky","url":"https:\/\/www.ghostysky.com\/","logo":{"@type":"ImageObject","inLanguage":"fr-FR","@id":"https:\/\/www.ghostysky.com\/#\/schema\/logo\/image\/","url":"https:\/\/www.ghostysky.com\/wp-content\/uploads\/2020\/06\/cropped-ghostyskylogo_text_white2.png","contentUrl":"https:\/\/www.ghostysky.com\/wp-content\/uploads\/2020\/06\/cropped-ghostyskylogo_text_white2.png","width":169,"height":56,"caption":"Ghostysky"},"image":{"@id":"https:\/\/www.ghostysky.com\/#\/schema\/logo\/image\/"},"sameAs":["https:\/\/www.facebook.com\/people\/Ghostysky\/100057676170234\/","https:\/\/x.com\/Gh0stysky","https:\/\/www.linkedin.com\/company\/34739653","https:\/\/www.instagram.com\/gh0stysky"]}]}},"_links":{"self":[{"href":"https:\/\/www.ghostysky.com\/fr\/wp-json\/wp\/v2\/product\/20896","targetHints":{"allow":["GET"]}}],"collection":[{"href":"https:\/\/www.ghostysky.com\/fr\/wp-json\/wp\/v2\/product"}],"about":[{"href":"https:\/\/www.ghostysky.com\/fr\/wp-json\/wp\/v2\/types\/product"}],"replies":[{"embeddable":true,"href":"https:\/\/www.ghostysky.com\/fr\/wp-json\/wp\/v2\/comments?post=20896"}],"version-history":[{"count":0,"href":"https:\/\/www.ghostysky.com\/fr\/wp-json\/wp\/v2\/product\/20896\/revisions"}],"wp:featuredmedia":[{"embeddable":true,"href":"https:\/\/www.ghostysky.com\/fr\/wp-json\/wp\/v2\/media\/19353"}],"wp:attachment":[{"href":"https:\/\/www.ghostysky.com\/fr\/wp-json\/wp\/v2\/media?parent=20896"}],"wp:term":[{"taxonomy":"product_brand","embeddable":true,"href":"https:\/\/www.ghostysky.com\/fr\/wp-json\/wp\/v2\/product_brand?post=20896"},{"taxonomy":"product_cat","embeddable":true,"href":"https:\/\/www.ghostysky.com\/fr\/wp-json\/wp\/v2\/product_cat?post=20896"},{"taxonomy":"product_tag","embeddable":true,"href":"https:\/\/www.ghostysky.com\/fr\/wp-json\/wp\/v2\/product_tag?post=20896"}],"curies":[{"name":"wp","href":"https:\/\/api.w.org\/{rel}","templated":true}]}}