{"id":20897,"date":"2025-10-14T15:41:07","date_gmt":"2025-10-14T15:41:07","guid":{"rendered":"https:\/\/www.ghostysky.com\/?post_type=product&#038;p=20897"},"modified":"2025-10-15T10:13:45","modified_gmt":"2025-10-15T10:13:45","slug":"dji-terra-standard-1-year","status":"publish","type":"product","link":"https:\/\/www.ghostysky.com\/fr\/product\/dji-terra-standard-1-year\/","title":{"rendered":"DJI Terra Standard 1 an"},"content":{"rendered":"<h3><b>Principales caract\u00e9ristiques de la version standard<\/b><\/h3>\n<ul>\n<li><b><span class=\"citation-359\">Carte 2D et reconstruction orthomosa\u00efque :<\/span><\/b><span class=\"citation-359 citation-end-359\"> G\u00e9n\u00e9rez rapidement des cartes orthomosa\u00efques 2D haute r\u00e9solution et pr\u00e9cises au centim\u00e8tre pr\u00e8s et des mod\u00e8les num\u00e9riques de surface (DSM) \u00e0 partir d&#039;images en lumi\u00e8re visible.<\/span><\/li>\n<li><b><span class=\"citation-358\">Reconstruction du mod\u00e8le de maillage 3D\u00a0:<\/span><\/b><span class=\"citation-358 citation-end-358\"> Cr\u00e9ez des mod\u00e8les de maillage 3D d\u00e9taill\u00e9s et r\u00e9alistes de structures et d&#039;environnements \u00e0 l&#039;aide d&#039;une technologie de photogramm\u00e9trie avanc\u00e9e.<\/span><\/li>\n<li><b>Traitement du nuage de points LiDAR\u00a0:<\/b><span class=\"citation-357 citation-end-357\"> Int\u00e9gration compl\u00e8te avec les syst\u00e8mes DJI Zenmuse LiDAR (comme L1\/L2) pour traiter les donn\u00e9es de nuage de points, les fusionner avec des images en lumi\u00e8re visible et g\u00e9n\u00e9rer des sorties 2D\/3D pr\u00e9cises et des points au sol.<\/span><\/li>\n<li><b><span class=\"citation-356\">Reconstruction multispectrale :<\/span><\/b><span class=\"citation-356\"> Traiter les donn\u00e9es des drones multispectraux (par exemple, DJI Mavic 3 Multispectral) pour g\u00e9n\u00e9rer des cartes d&#039;indice de v\u00e9g\u00e9tation comme <\/span><b><span class=\"citation-356\">NDVI<\/span><\/b><span class=\"citation-356\"> et <\/span><b><span class=\"citation-356\">NDRE<\/span><\/b><span class=\"citation-356 citation-end-356\"> pour l\u2019analyse de la sant\u00e9 agricole et la recherche en t\u00e9l\u00e9d\u00e9tection.<\/span><\/li>\n<li><b><span class=\"citation-355\">Planification de la mission :<\/span><\/b><span class=\"citation-355\"> Planifiez des trajectoires de vol automatis\u00e9es et efficaces avec plusieurs types de missions, y compris <\/span><b><span class=\"citation-355\">Zone<\/span><\/b><span class=\"citation-355\">, <\/span><b><span class=\"citation-355\">Point de cheminement<\/span><\/b><span class=\"citation-355\">, et <\/span><b><span class=\"citation-355\">Oblique<\/span><\/b><span class=\"citation-355 citation-end-355\"> missions.<\/span><\/li>\n<li><b>Outils d&#039;analyse de donn\u00e9es :<\/b><span class=\"citation-354 citation-end-354\"> Utilisez des outils d\u2019analyse faciles \u00e0 utiliser pour obtenir diverses mesures, notamment la distance lin\u00e9aire, la surface et les estimations volum\u00e9triques.<\/span><\/li>\n<li><b>Prise en charge du syst\u00e8me de coordonn\u00e9es\u00a0:<\/b><span class=\"citation-353 citation-end-353\"> Prend en charge plus de 8 500 syst\u00e8mes de coordonn\u00e9es majeurs et l&#039;utilisation de points de contr\u00f4le au sol (GCP) pour une pr\u00e9cision absolue am\u00e9lior\u00e9e.<\/span><\/li>\n<li><b><span class=\"citation-352\">Int\u00e9gration:<\/span><\/b><span class=\"citation-352\"> Se connecte de mani\u00e8re transparente aux drones DJI Enterprise et prend en charge l&#039;int\u00e9gration avec <\/span><b><span class=\"citation-352\">DJI Modifier<\/span><\/b><span class=\"citation-352 citation-end-352\"> logiciel d&#039;\u00e9dition de mod\u00e8les post-traitement.<\/span>\n<div class=\"source-inline-chip-container ng-star-inserted\"><\/div>\n<\/li>\n<\/ul>\n<p><b>D\u00e9tails de la licence :<\/b><\/p>\n<ul>\n<li><b><span class=\"citation-351\">Dur\u00e9e:<\/span><\/b><span class=\"citation-351 citation-end-351\"> 1 an (abonnement annuel).<\/span><\/li>\n<li><b>Liaison de l&#039;appareil\u00a0:<\/b><span class=\"citation-350 citation-end-350\"> G\u00e9n\u00e9ralement li\u00e9 \u00e0 un seul ordinateur.<\/span><\/li>\n<li><b><span class=\"citation-349\">Autorisation:<\/span><\/b><span class=\"citation-349\"> Prend en charge les deux <\/span><b><span class=\"citation-349\">En ligne<\/span><\/b><span class=\"citation-349\"> et <\/span><b><span class=\"citation-349\">Hors ligne<\/span><\/b><span class=\"citation-349 citation-end-349\"> options d&#039;autorisation (la version hors ligne est id\u00e9ale pour les environnements de terrain s\u00e9curis\u00e9s ou distants avec un acc\u00e8s Internet limit\u00e9 ou inexistant).<\/span>\n<div class=\"source-inline-chip-container ng-star-inserted\"><\/div>\n<\/li>\n<\/ul>\n<p><b><span class=\"citation-348\">DJI Terra Standard 1 an<\/span><\/b><span class=\"citation-348 citation-end-348\"> est un outil essentiel pour les professionnels \u00e0 la recherche d&#039;un flux de travail unifi\u00e9, efficace et tr\u00e8s pr\u00e9cis pour l&#039;acquisition, le traitement et l&#039;application de donn\u00e9es a\u00e9riennes.<\/span><\/p>","protected":false},"excerpt":{"rendered":"<p><span class=\"\">Le <\/span><b class=\"\">DJI Terra Standard 1 an<\/b><span class=\"\"> est un professionnel,<\/span><span class=\"\"> licence logicielle annuelle con\u00e7ue pour transformer les donn\u00e9es captur\u00e9es par drone en donn\u00e9es pr\u00e9cises et<\/span><span class=\"\"> actifs num\u00e9riques exploitables.<\/span><span class=\"\"> Il fournit une solution compl\u00e8te pour les relev\u00e9s a\u00e9riens,<\/span><span class=\"\"> cartographie,<\/span><span class=\"\"> construction,<\/span><span class=\"\"> inspection des infrastructures,<\/span><span class=\"\"> et l&#039;agriculture.<\/span><\/p>","protected":false},"featured_media":19353,"comment_status":"open","ping_status":"closed","template":"","meta":[],"product_brand":[1031],"product_cat":[37,29,939],"product_tag":[],"class_list":{"0":"post-20897","1":"product","2":"type-product","3":"status-publish","4":"has-post-thumbnail","6":"product_brand-dji","7":"product_cat-dji","8":"product_cat-drones","9":"product_cat-software-dji","11":"first","12":"onbackorder","13":"taxable","14":"shipping-taxable","15":"purchasable","16":"product-type-simple"},"yoast_head":"<!-- This site is optimized with the Yoast SEO plugin v27.4 - https:\/\/yoast.com\/product\/yoast-seo-wordpress\/ -->\n<title>DJI Terra Standard 1 Year - Ghostysky<\/title>\n<meta name=\"description\" content=\"The DJI Terra Standard 1 Year is a professional, annual software license designed to transform drone-captured data into precise, actionable digital assets. It provides a comprehensive solution for aerial surveying, mapping, construction, infrastructure inspection, and agriculture.\" \/>\n<meta name=\"robots\" content=\"index, follow, max-snippet:-1, max-image-preview:large, max-video-preview:-1\" \/>\n<link rel=\"canonical\" href=\"https:\/\/www.ghostysky.com\/fr\/product\/dji-terra-standard-1-year\/\" \/>\n<meta property=\"og:locale\" content=\"fr_FR\" \/>\n<meta property=\"og:type\" content=\"article\" \/>\n<meta property=\"og:title\" content=\"DJI Terra Standard 1 Year - Ghostysky\" \/>\n<meta property=\"og:description\" content=\"The DJI Terra Standard 1 Year is a professional, annual software license designed to transform drone-captured data into precise, actionable digital assets. It provides a comprehensive solution for aerial surveying, mapping, construction, infrastructure inspection, and agriculture.\" \/>\n<meta property=\"og:url\" content=\"https:\/\/www.ghostysky.com\/fr\/product\/dji-terra-standard-1-year\/\" \/>\n<meta property=\"og:site_name\" content=\"Ghostysky\" \/>\n<meta property=\"article:publisher\" content=\"https:\/\/www.facebook.com\/people\/Ghostysky\/100057676170234\/\" \/>\n<meta property=\"article:modified_time\" content=\"2025-10-15T10:13:45+00:00\" \/>\n<meta property=\"og:image\" content=\"https:\/\/www.ghostysky.com\/wp-content\/uploads\/2024\/05\/GH_dji-terra-pro-overseas-perpetual-1.jpg\" \/>\n\t<meta property=\"og:image:width\" content=\"800\" \/>\n\t<meta property=\"og:image:height\" content=\"644\" \/>\n\t<meta property=\"og:image:type\" content=\"image\/jpeg\" \/>\n<meta name=\"twitter:card\" content=\"summary_large_image\" \/>\n<meta name=\"twitter:site\" content=\"@Gh0stysky\" \/>\n<meta name=\"twitter:label1\" content=\"Dur\u00e9e de lecture estim\u00e9e\" \/>\n\t<meta name=\"twitter:data1\" content=\"2 minutes\" \/>\n<script type=\"application\/ld+json\" class=\"yoast-schema-graph\">{\"@context\":\"https:\\\/\\\/schema.org\",\"@graph\":[{\"@type\":\"WebPage\",\"@id\":\"https:\\\/\\\/www.ghostysky.com\\\/product\\\/dji-terra-standard-1-year\\\/\",\"url\":\"https:\\\/\\\/www.ghostysky.com\\\/product\\\/dji-terra-standard-1-year\\\/\",\"name\":\"DJI Terra Standard 1 Year - Ghostysky\",\"isPartOf\":{\"@id\":\"https:\\\/\\\/www.ghostysky.com\\\/#website\"},\"primaryImageOfPage\":{\"@id\":\"https:\\\/\\\/www.ghostysky.com\\\/product\\\/dji-terra-standard-1-year\\\/#primaryimage\"},\"image\":{\"@id\":\"https:\\\/\\\/www.ghostysky.com\\\/product\\\/dji-terra-standard-1-year\\\/#primaryimage\"},\"thumbnailUrl\":\"https:\\\/\\\/www.ghostysky.com\\\/wp-content\\\/uploads\\\/2024\\\/05\\\/GH_dji-terra-pro-overseas-perpetual-1.jpg\",\"datePublished\":\"2025-10-14T15:41:07+00:00\",\"dateModified\":\"2025-10-15T10:13:45+00:00\",\"description\":\"The DJI Terra Standard 1 Year is a professional, annual software license designed to transform drone-captured data into precise, actionable digital assets. It provides a comprehensive solution for aerial surveying, mapping, construction, infrastructure inspection, and agriculture.\",\"breadcrumb\":{\"@id\":\"https:\\\/\\\/www.ghostysky.com\\\/product\\\/dji-terra-standard-1-year\\\/#breadcrumb\"},\"inLanguage\":\"fr-FR\",\"potentialAction\":[{\"@type\":\"ReadAction\",\"target\":[\"https:\\\/\\\/www.ghostysky.com\\\/product\\\/dji-terra-standard-1-year\\\/\"]}]},{\"@type\":\"ImageObject\",\"inLanguage\":\"fr-FR\",\"@id\":\"https:\\\/\\\/www.ghostysky.com\\\/product\\\/dji-terra-standard-1-year\\\/#primaryimage\",\"url\":\"https:\\\/\\\/www.ghostysky.com\\\/wp-content\\\/uploads\\\/2024\\\/05\\\/GH_dji-terra-pro-overseas-perpetual-1.jpg\",\"contentUrl\":\"https:\\\/\\\/www.ghostysky.com\\\/wp-content\\\/uploads\\\/2024\\\/05\\\/GH_dji-terra-pro-overseas-perpetual-1.jpg\",\"width\":800,\"height\":644},{\"@type\":\"BreadcrumbList\",\"@id\":\"https:\\\/\\\/www.ghostysky.com\\\/product\\\/dji-terra-standard-1-year\\\/#breadcrumb\",\"itemListElement\":[{\"@type\":\"ListItem\",\"position\":1,\"name\":\"Home\",\"item\":\"https:\\\/\\\/www.ghostysky.com\\\/\"},{\"@type\":\"ListItem\",\"position\":2,\"name\":\"Shop\",\"item\":\"https:\\\/\\\/www.ghostysky.com\\\/shop\\\/\"},{\"@type\":\"ListItem\",\"position\":3,\"name\":\"DJI Terra Standard 1 Year\"}]},{\"@type\":\"WebSite\",\"@id\":\"https:\\\/\\\/www.ghostysky.com\\\/#website\",\"url\":\"https:\\\/\\\/www.ghostysky.com\\\/\",\"name\":\"Ghostysky\",\"description\":\"Delivering professional drones and robotics solutions\",\"publisher\":{\"@id\":\"https:\\\/\\\/www.ghostysky.com\\\/#organization\"},\"potentialAction\":[{\"@type\":\"SearchAction\",\"target\":{\"@type\":\"EntryPoint\",\"urlTemplate\":\"https:\\\/\\\/www.ghostysky.com\\\/?s={search_term_string}\"},\"query-input\":{\"@type\":\"PropertyValueSpecification\",\"valueRequired\":true,\"valueName\":\"search_term_string\"}}],\"inLanguage\":\"fr-FR\"},{\"@type\":\"Organization\",\"@id\":\"https:\\\/\\\/www.ghostysky.com\\\/#organization\",\"name\":\"Ghostysky\",\"url\":\"https:\\\/\\\/www.ghostysky.com\\\/\",\"logo\":{\"@type\":\"ImageObject\",\"inLanguage\":\"fr-FR\",\"@id\":\"https:\\\/\\\/www.ghostysky.com\\\/#\\\/schema\\\/logo\\\/image\\\/\",\"url\":\"https:\\\/\\\/www.ghostysky.com\\\/wp-content\\\/uploads\\\/2020\\\/06\\\/cropped-ghostyskylogo_text_white2.png\",\"contentUrl\":\"https:\\\/\\\/www.ghostysky.com\\\/wp-content\\\/uploads\\\/2020\\\/06\\\/cropped-ghostyskylogo_text_white2.png\",\"width\":169,\"height\":56,\"caption\":\"Ghostysky\"},\"image\":{\"@id\":\"https:\\\/\\\/www.ghostysky.com\\\/#\\\/schema\\\/logo\\\/image\\\/\"},\"sameAs\":[\"https:\\\/\\\/www.facebook.com\\\/people\\\/Ghostysky\\\/100057676170234\\\/\",\"https:\\\/\\\/x.com\\\/Gh0stysky\",\"https:\\\/\\\/www.linkedin.com\\\/company\\\/34739653\",\"https:\\\/\\\/www.instagram.com\\\/gh0stysky\"]}]}<\/script>\n<!-- \/ Yoast SEO plugin. -->","yoast_head_json":{"title":"DJI Terra Standard 1 an - Ghostysky","description":"DJI Terra Standard 1 an est une licence logicielle annuelle professionnelle con\u00e7ue pour transformer les donn\u00e9es captur\u00e9es par drone en ressources num\u00e9riques pr\u00e9cises et exploitables. Elle offre une solution compl\u00e8te pour la topographie a\u00e9rienne, la cartographie, la construction, l&#039;inspection des infrastructures et l&#039;agriculture.","robots":{"index":"index","follow":"follow","max-snippet":"max-snippet:-1","max-image-preview":"max-image-preview:large","max-video-preview":"max-video-preview:-1"},"canonical":"https:\/\/www.ghostysky.com\/fr\/product\/dji-terra-standard-1-year\/","og_locale":"fr_FR","og_type":"article","og_title":"DJI Terra Standard 1 Year - Ghostysky","og_description":"The DJI Terra Standard 1 Year is a professional, annual software license designed to transform drone-captured data into precise, actionable digital assets. It provides a comprehensive solution for aerial surveying, mapping, construction, infrastructure inspection, and agriculture.","og_url":"https:\/\/www.ghostysky.com\/fr\/product\/dji-terra-standard-1-year\/","og_site_name":"Ghostysky","article_publisher":"https:\/\/www.facebook.com\/people\/Ghostysky\/100057676170234\/","article_modified_time":"2025-10-15T10:13:45+00:00","og_image":[{"width":800,"height":644,"url":"https:\/\/www.ghostysky.com\/wp-content\/uploads\/2024\/05\/GH_dji-terra-pro-overseas-perpetual-1.jpg","type":"image\/jpeg"}],"twitter_card":"summary_large_image","twitter_site":"@Gh0stysky","twitter_misc":{"Dur\u00e9e de lecture estim\u00e9e":"2 minutes"},"schema":{"@context":"https:\/\/schema.org","@graph":[{"@type":"WebPage","@id":"https:\/\/www.ghostysky.com\/product\/dji-terra-standard-1-year\/","url":"https:\/\/www.ghostysky.com\/product\/dji-terra-standard-1-year\/","name":"DJI Terra Standard 1 an - Ghostysky","isPartOf":{"@id":"https:\/\/www.ghostysky.com\/#website"},"primaryImageOfPage":{"@id":"https:\/\/www.ghostysky.com\/product\/dji-terra-standard-1-year\/#primaryimage"},"image":{"@id":"https:\/\/www.ghostysky.com\/product\/dji-terra-standard-1-year\/#primaryimage"},"thumbnailUrl":"https:\/\/www.ghostysky.com\/wp-content\/uploads\/2024\/05\/GH_dji-terra-pro-overseas-perpetual-1.jpg","datePublished":"2025-10-14T15:41:07+00:00","dateModified":"2025-10-15T10:13:45+00:00","description":"DJI Terra Standard 1 an est une licence logicielle annuelle professionnelle con\u00e7ue pour transformer les donn\u00e9es captur\u00e9es par drone en ressources num\u00e9riques pr\u00e9cises et exploitables. Elle offre une solution compl\u00e8te pour la topographie a\u00e9rienne, la cartographie, la construction, l&#039;inspection des infrastructures et l&#039;agriculture.","breadcrumb":{"@id":"https:\/\/www.ghostysky.com\/product\/dji-terra-standard-1-year\/#breadcrumb"},"inLanguage":"fr-FR","potentialAction":[{"@type":"ReadAction","target":["https:\/\/www.ghostysky.com\/product\/dji-terra-standard-1-year\/"]}]},{"@type":"ImageObject","inLanguage":"fr-FR","@id":"https:\/\/www.ghostysky.com\/product\/dji-terra-standard-1-year\/#primaryimage","url":"https:\/\/www.ghostysky.com\/wp-content\/uploads\/2024\/05\/GH_dji-terra-pro-overseas-perpetual-1.jpg","contentUrl":"https:\/\/www.ghostysky.com\/wp-content\/uploads\/2024\/05\/GH_dji-terra-pro-overseas-perpetual-1.jpg","width":800,"height":644},{"@type":"BreadcrumbList","@id":"https:\/\/www.ghostysky.com\/product\/dji-terra-standard-1-year\/#breadcrumb","itemListElement":[{"@type":"ListItem","position":1,"name":"Home","item":"https:\/\/www.ghostysky.com\/"},{"@type":"ListItem","position":2,"name":"Shop","item":"https:\/\/www.ghostysky.com\/shop\/"},{"@type":"ListItem","position":3,"name":"DJI Terra Standard 1 Year"}]},{"@type":"WebSite","@id":"https:\/\/www.ghostysky.com\/#website","url":"https:\/\/www.ghostysky.com\/","name":"Ghostysky","description":"Fourniture de solutions professionnelles en mati\u00e8re de drones et de robotique","publisher":{"@id":"https:\/\/www.ghostysky.com\/#organization"},"potentialAction":[{"@type":"SearchAction","target":{"@type":"EntryPoint","urlTemplate":"https:\/\/www.ghostysky.com\/?s={search_term_string}"},"query-input":{"@type":"PropertyValueSpecification","valueRequired":true,"valueName":"search_term_string"}}],"inLanguage":"fr-FR"},{"@type":"Organization","@id":"https:\/\/www.ghostysky.com\/#organization","name":"Ghostysky","url":"https:\/\/www.ghostysky.com\/","logo":{"@type":"ImageObject","inLanguage":"fr-FR","@id":"https:\/\/www.ghostysky.com\/#\/schema\/logo\/image\/","url":"https:\/\/www.ghostysky.com\/wp-content\/uploads\/2020\/06\/cropped-ghostyskylogo_text_white2.png","contentUrl":"https:\/\/www.ghostysky.com\/wp-content\/uploads\/2020\/06\/cropped-ghostyskylogo_text_white2.png","width":169,"height":56,"caption":"Ghostysky"},"image":{"@id":"https:\/\/www.ghostysky.com\/#\/schema\/logo\/image\/"},"sameAs":["https:\/\/www.facebook.com\/people\/Ghostysky\/100057676170234\/","https:\/\/x.com\/Gh0stysky","https:\/\/www.linkedin.com\/company\/34739653","https:\/\/www.instagram.com\/gh0stysky"]}]}},"_links":{"self":[{"href":"https:\/\/www.ghostysky.com\/fr\/wp-json\/wp\/v2\/product\/20897","targetHints":{"allow":["GET"]}}],"collection":[{"href":"https:\/\/www.ghostysky.com\/fr\/wp-json\/wp\/v2\/product"}],"about":[{"href":"https:\/\/www.ghostysky.com\/fr\/wp-json\/wp\/v2\/types\/product"}],"replies":[{"embeddable":true,"href":"https:\/\/www.ghostysky.com\/fr\/wp-json\/wp\/v2\/comments?post=20897"}],"version-history":[{"count":0,"href":"https:\/\/www.ghostysky.com\/fr\/wp-json\/wp\/v2\/product\/20897\/revisions"}],"wp:featuredmedia":[{"embeddable":true,"href":"https:\/\/www.ghostysky.com\/fr\/wp-json\/wp\/v2\/media\/19353"}],"wp:attachment":[{"href":"https:\/\/www.ghostysky.com\/fr\/wp-json\/wp\/v2\/media?parent=20897"}],"wp:term":[{"taxonomy":"product_brand","embeddable":true,"href":"https:\/\/www.ghostysky.com\/fr\/wp-json\/wp\/v2\/product_brand?post=20897"},{"taxonomy":"product_cat","embeddable":true,"href":"https:\/\/www.ghostysky.com\/fr\/wp-json\/wp\/v2\/product_cat?post=20897"},{"taxonomy":"product_tag","embeddable":true,"href":"https:\/\/www.ghostysky.com\/fr\/wp-json\/wp\/v2\/product_tag?post=20897"}],"curies":[{"name":"wp","href":"https:\/\/api.w.org\/{rel}","templated":true}]}}