{"id":21012,"date":"2025-10-15T10:34:23","date_gmt":"2025-10-15T10:34:23","guid":{"rendered":"https:\/\/www.ghostysky.com\/?post_type=product&#038;p=21012"},"modified":"2026-01-10T09:19:17","modified_gmt":"2026-01-10T09:19:17","slug":"agilex-scout-2-0","status":"publish","type":"product","link":"https:\/\/www.ghostysky.com\/fr\/product\/agilex-scout-2-0\/","title":{"rendered":"Agilex Scout 2.0"},"content":{"rendered":"<div id=\"chat-history\" class=\"chat-history-scroll-container\">\n<div id=\"64c00dc25f2b5435\" class=\"conversation-container message-actions-hover-boundary ng-star-inserted\">\n<div>\n<div class=\"response-container ng-tns-c1359467799-25 response-container-with-gpi ng-star-inserted response-container-has-multiple-responses\" data-hveid=\"1\">\n<div class=\"presented-response-container ng-tns-c1359467799-25\">\n<div class=\"response-container-content ng-tns-c1359467799-25\">\n<div class=\"response-content ng-tns-c1359467799-25\">\n<div id=\"model-response-message-contentr_64c00dc25f2b5435\" class=\"markdown markdown-main-panel stronger enable-updated-hr-color\" dir=\"ltr\">\n<h3><b>Principales caract\u00e9ristiques et points forts<\/b><\/h3>\n<ul>\n<li><b><span class=\"citation-60\">Mobilit\u00e9 tout-terrain robuste :<\/span><\/b><span class=\"citation-60\"> Comprend un <\/span><b><span class=\"citation-60\">4 roues motrices (4WD)<\/span><\/b><span class=\"citation-60\"> syst\u00e8me et <\/span><b><span class=\"citation-60\">suspension ind\u00e9pendante<\/span><\/b><span class=\"citation-60 citation-end-60\"> pour assurer un mouvement stable et performant dans les environnements int\u00e9rieurs et ext\u00e9rieurs, y compris les terrains accident\u00e9s ou irr\u00e9guliers.<\/span> <span class=\"citation-59 citation-end-59\">Il peut g\u00e9rer des pentes allant jusqu&#039;\u00e0 <\/span><b><span class=\"math-inline\"><span class=\"katex\"><span class=\"katex-html\" aria-hidden=\"true\"><span class=\"base\"><span class=\"mord\">3<\/span><span class=\"mord\">0<span class=\"msupsub\"><span class=\"vlist-t\"><span class=\"vlist-r\"><span class=\"vlist\"><span class=\"\"><span class=\"sizing reset-size6 size3 mtight\"><span class=\"mbin mtight\">\u2218<\/span><\/span><\/span><\/span><\/span><\/span><\/span><\/span><\/span><\/span><\/span><\/span><\/b><span class=\"citation-58 citation-end-58\">.<\/span><\/li>\n<li><b><span class=\"citation-57\">Compact et performant :<\/span><\/b><span class=\"citation-57\"> Malgr\u00e9 son corps relativement compact, le Scout 2.0 dispose d&#039;un volume de chargement substantiel. <\/span><b><span class=\"citation-57\">Charge utile maximale de 50 kg (110 lb)<\/span><\/b><span class=\"citation-57\"> capacit\u00e9 et une vitesse de pointe allant jusqu&#039;\u00e0 <\/span><b><span class=\"citation-57\">1,5 m\/s<\/span><\/b><span class=\"citation-57 citation-end-57\">.<\/span><\/li>\n<li><b>Con\u00e7u pour le d\u00e9veloppement :<\/b><span class=\"citation-56\"> Il s&#039;agit d&#039;une base mobile de qualit\u00e9 professionnelle avec un <\/span><b><span class=\"citation-56\">norme de communication open source<\/span><\/b><span class=\"citation-56\"> et un support complet pour le d\u00e9veloppement secondaire via <\/span><b><span class=\"citation-56\">ROS (syst\u00e8me d&#039;exploitation du robot)<\/span><\/b><span class=\"citation-56 citation-end-56\">.<\/span> <span class=\"citation-55\">La communication est facilit\u00e9e par <\/span><b><span class=\"citation-55\">Bus CAN<\/span><\/b><span class=\"citation-55\"> et <\/span><b><span class=\"citation-55\">Interfaces s\u00e9rie RS-232<\/span><\/b><span class=\"citation-55 citation-end-55\">.<\/span><\/li>\n<li><b><span class=\"citation-54\">Personnalisation \u00e9tendue :<\/span><\/b><span class=\"citation-54 citation-end-54\"> La plate-forme est \u00e9quip\u00e9e d&#039;interfaces de montage standard (comme des rails coulissants ou des plaques d&#039;extension) pour une int\u00e9gration facile de capteurs, de composants et de packages mat\u00e9riels modulaires tels que LiDAR, cam\u00e9ras de profondeur, modules GPS\/IMU et manipulateurs robotiques.<\/span><\/li>\n<li><b>R\u00e9silience industrielle :<\/b><span class=\"citation-53\"> Construit avec un ch\u00e2ssis durable, il dispose d&#039;un <\/span><b><span class=\"citation-53\">syst\u00e8me de refroidissement \u00e0 circulation<\/span><\/b><span class=\"citation-53 citation-end-53\"> pour maintenir des performances optimales lors d&#039;op\u00e9rations de haute intensit\u00e9 et par tous les temps.<\/span> <span class=\"citation-52\">L&#039;indice de protection standard (IP) est <\/span><b><span class=\"citation-52\">IP22<\/span><\/b><span class=\"citation-52\">, avec des options de personnalisation jusqu&#039;\u00e0 <\/span><b><span class=\"citation-52\">IP64<\/span><\/b><span class=\"citation-52 citation-end-52\">.<\/span><\/li>\n<li><b>Direction flexible :<\/b><span class=\"citation-51\"> Utilise <\/span><b><span class=\"citation-51\">direction diff\u00e9rentielle \u00e0 quatre roues<\/span><\/b><span class=\"citation-51\"> qui permet une <\/span><b><span class=\"citation-51\">rayon de braquage minimum de 0 m\u00e8tre<\/span><\/b><span class=\"citation-51 citation-end-51\"> (tournage sur place), permettant une maniabilit\u00e9 exceptionnelle dans les espaces restreints.<\/span><\/li>\n<\/ul>\n<p><span class=\"citation-50\">L&#039;Agilex Scout 2.0 sert de base id\u00e9ale pour d\u00e9velopper des solutions dans des domaines tels que <\/span><b><span class=\"citation-50 citation-end-50\">inspection autonome, transport de mat\u00e9riaux, patrouilles de s\u00e9curit\u00e9, d\u00e9tection environnementale et recherche universitaire avanc\u00e9e.<\/span><\/b><\/p>\n<\/div>\n<\/div>\n<\/div>\n<\/div>\n<\/div>\n<\/div>\n<\/div>\n<\/div>\n<div class=\"input-area-container ng-tns-c1742710069-2 ng-trigger ng-trigger-inputAreaAnimation ng-star-inserted\">\n<div class=\"contextual-actions-container ng-tns-c1742710069-2 ng-star-inserted\">\n<div class=\"container hidden\"><\/div>\n<\/div>\n<div class=\"input-area ng-tns-c1646704378-7 with-toolbox-drawer\" data-node-type=\"input-area\">\n<div class=\"text-input-field ng-tns-c1646704378-7 with-toolbox-drawer height-expanded-past-single-line\">\n<div class=\"text-input-field_textarea-wrapper ng-tns-c1646704378-7\">\n<div class=\"text-input-field-main-area ng-tns-c1646704378-7\">\n<div class=\"text-input-field_textarea-inner ng-tns-c1646704378-7\">\n<div class=\"ql-editor textarea new-input-ui ql-blank\" role=\"textbox\" contenteditable=\"true\" data-gramm=\"false\" aria-multiline=\"true\" aria-label=\"Introduza um comando aqui\" data-placeholder=\"Pe\u00e7a ao Gemini\"><\/div>\n<\/div>\n<\/div>\n<\/div>\n<\/div>\n<\/div>\n<\/div>","protected":false},"excerpt":{"rendered":"<p><span class=\"\">Le <\/span><b class=\"\">Agilex Scout 2.0<\/b><span class=\"\"> est un outil robuste et polyvalent <\/span><b class=\"\">V\u00e9hicule terrestre sans pilote (UGV)<\/b><span class=\"\"> plateforme con\u00e7ue pour la recherche en robotique,<\/span><span class=\"\"> \u00e9ducation,<\/span><span class=\"\"> et diverses applications industrielles.<\/span><\/p>","protected":false},"featured_media":21013,"comment_status":"open","ping_status":"closed","template":"","meta":[],"product_brand":[1046],"product_cat":[1043,1044,1042,1037],"product_tag":[1047,1049,1048],"class_list":{"0":"post-21012","1":"product","2":"type-product","3":"status-publish","4":"has-post-thumbnail","6":"product_brand-agilex","7":"product_cat-agilex","8":"product_cat-agilex-robots","9":"product_cat-chassis","10":"product_cat-robotics","11":"product_tag-agilex","12":"product_tag-agliex-chassis","13":"product_tag-scout-2-0","15":"first","16":"onbackorder","17":"taxable","18":"shipping-taxable","19":"product-type-simple"},"yoast_head":"<!-- This site is optimized with the Yoast SEO plugin v27.4 - https:\/\/yoast.com\/product\/yoast-seo-wordpress\/ -->\n<title>Agilex Scout 2.0 - Ghostysky<\/title>\n<meta name=\"description\" content=\"The AgileX 2.0 series offers versatile, robust, and highly customizable Unmanned Ground Vehicles (UGVs) engineered for modern robotics research, industrial inspection, logistics, and autonomous driving applications. Built for both indoor and challenging outdoor environments, these platforms provide a reliable foundation for rapid secondary development and system integration.\" \/>\n<meta name=\"robots\" content=\"index, follow, max-snippet:-1, max-image-preview:large, max-video-preview:-1\" \/>\n<link rel=\"canonical\" href=\"https:\/\/www.ghostysky.com\/fr\/product\/agilex-scout-2-0\/\" \/>\n<meta property=\"og:locale\" content=\"fr_FR\" \/>\n<meta property=\"og:type\" content=\"article\" \/>\n<meta property=\"og:title\" content=\"Agilex Scout 2.0 - Ghostysky\" \/>\n<meta property=\"og:description\" content=\"The AgileX 2.0 series offers versatile, robust, and highly customizable Unmanned Ground Vehicles (UGVs) engineered for modern robotics research, industrial inspection, logistics, and autonomous driving applications. Built for both indoor and challenging outdoor environments, these platforms provide a reliable foundation for rapid secondary development and system integration.\" \/>\n<meta property=\"og:url\" content=\"https:\/\/www.ghostysky.com\/fr\/product\/agilex-scout-2-0\/\" \/>\n<meta property=\"og:site_name\" content=\"Ghostysky\" \/>\n<meta property=\"article:publisher\" content=\"https:\/\/www.facebook.com\/people\/Ghostysky\/100057676170234\/\" \/>\n<meta property=\"article:modified_time\" content=\"2026-01-10T09:19:17+00:00\" \/>\n<meta property=\"og:image\" content=\"https:\/\/www.ghostysky.com\/wp-content\/uploads\/2025\/10\/GH_Agilex_Scout2.0_1.jpg\" \/>\n\t<meta property=\"og:image:width\" content=\"800\" \/>\n\t<meta property=\"og:image:height\" content=\"800\" \/>\n\t<meta property=\"og:image:type\" content=\"image\/jpeg\" \/>\n<meta name=\"twitter:card\" content=\"summary_large_image\" \/>\n<meta name=\"twitter:site\" content=\"@Gh0stysky\" \/>\n<meta name=\"twitter:label1\" content=\"Dur\u00e9e de lecture estim\u00e9e\" \/>\n\t<meta name=\"twitter:data1\" content=\"2 minutes\" \/>\n<script type=\"application\/ld+json\" class=\"yoast-schema-graph\">{\"@context\":\"https:\\\/\\\/schema.org\",\"@graph\":[{\"@type\":\"WebPage\",\"@id\":\"https:\\\/\\\/www.ghostysky.com\\\/product\\\/agilex-scout-2-0\\\/\",\"url\":\"https:\\\/\\\/www.ghostysky.com\\\/product\\\/agilex-scout-2-0\\\/\",\"name\":\"Agilex Scout 2.0 - Ghostysky\",\"isPartOf\":{\"@id\":\"https:\\\/\\\/www.ghostysky.com\\\/#website\"},\"primaryImageOfPage\":{\"@id\":\"https:\\\/\\\/www.ghostysky.com\\\/product\\\/agilex-scout-2-0\\\/#primaryimage\"},\"image\":{\"@id\":\"https:\\\/\\\/www.ghostysky.com\\\/product\\\/agilex-scout-2-0\\\/#primaryimage\"},\"thumbnailUrl\":\"https:\\\/\\\/www.ghostysky.com\\\/wp-content\\\/uploads\\\/2025\\\/10\\\/GH_Agilex_Scout2.0_1.jpg\",\"datePublished\":\"2025-10-15T10:34:23+00:00\",\"dateModified\":\"2026-01-10T09:19:17+00:00\",\"description\":\"The AgileX 2.0 series offers versatile, robust, and highly customizable Unmanned Ground Vehicles (UGVs) engineered for modern robotics research, industrial inspection, logistics, and autonomous driving applications. Built for both indoor and challenging outdoor environments, these platforms provide a reliable foundation for rapid secondary development and system integration.\",\"breadcrumb\":{\"@id\":\"https:\\\/\\\/www.ghostysky.com\\\/product\\\/agilex-scout-2-0\\\/#breadcrumb\"},\"inLanguage\":\"fr-FR\",\"potentialAction\":[{\"@type\":\"ReadAction\",\"target\":[\"https:\\\/\\\/www.ghostysky.com\\\/product\\\/agilex-scout-2-0\\\/\"]}]},{\"@type\":\"ImageObject\",\"inLanguage\":\"fr-FR\",\"@id\":\"https:\\\/\\\/www.ghostysky.com\\\/product\\\/agilex-scout-2-0\\\/#primaryimage\",\"url\":\"https:\\\/\\\/www.ghostysky.com\\\/wp-content\\\/uploads\\\/2025\\\/10\\\/GH_Agilex_Scout2.0_1.jpg\",\"contentUrl\":\"https:\\\/\\\/www.ghostysky.com\\\/wp-content\\\/uploads\\\/2025\\\/10\\\/GH_Agilex_Scout2.0_1.jpg\",\"width\":800,\"height\":800,\"caption\":\"Created with GIMP\"},{\"@type\":\"BreadcrumbList\",\"@id\":\"https:\\\/\\\/www.ghostysky.com\\\/product\\\/agilex-scout-2-0\\\/#breadcrumb\",\"itemListElement\":[{\"@type\":\"ListItem\",\"position\":1,\"name\":\"Home\",\"item\":\"https:\\\/\\\/www.ghostysky.com\\\/\"},{\"@type\":\"ListItem\",\"position\":2,\"name\":\"Shop\",\"item\":\"https:\\\/\\\/www.ghostysky.com\\\/shop\\\/\"},{\"@type\":\"ListItem\",\"position\":3,\"name\":\"Agilex Scout 2.0\"}]},{\"@type\":\"WebSite\",\"@id\":\"https:\\\/\\\/www.ghostysky.com\\\/#website\",\"url\":\"https:\\\/\\\/www.ghostysky.com\\\/\",\"name\":\"Ghostysky\",\"description\":\"Delivering professional drones and services\",\"publisher\":{\"@id\":\"https:\\\/\\\/www.ghostysky.com\\\/#organization\"},\"potentialAction\":[{\"@type\":\"SearchAction\",\"target\":{\"@type\":\"EntryPoint\",\"urlTemplate\":\"https:\\\/\\\/www.ghostysky.com\\\/?s={search_term_string}\"},\"query-input\":{\"@type\":\"PropertyValueSpecification\",\"valueRequired\":true,\"valueName\":\"search_term_string\"}}],\"inLanguage\":\"fr-FR\"},{\"@type\":\"Organization\",\"@id\":\"https:\\\/\\\/www.ghostysky.com\\\/#organization\",\"name\":\"Ghostysky\",\"url\":\"https:\\\/\\\/www.ghostysky.com\\\/\",\"logo\":{\"@type\":\"ImageObject\",\"inLanguage\":\"fr-FR\",\"@id\":\"https:\\\/\\\/www.ghostysky.com\\\/#\\\/schema\\\/logo\\\/image\\\/\",\"url\":\"https:\\\/\\\/www.ghostysky.com\\\/wp-content\\\/uploads\\\/2020\\\/06\\\/cropped-ghostyskylogo_text_white2.png\",\"contentUrl\":\"https:\\\/\\\/www.ghostysky.com\\\/wp-content\\\/uploads\\\/2020\\\/06\\\/cropped-ghostyskylogo_text_white2.png\",\"width\":169,\"height\":56,\"caption\":\"Ghostysky\"},\"image\":{\"@id\":\"https:\\\/\\\/www.ghostysky.com\\\/#\\\/schema\\\/logo\\\/image\\\/\"},\"sameAs\":[\"https:\\\/\\\/www.facebook.com\\\/people\\\/Ghostysky\\\/100057676170234\\\/\",\"https:\\\/\\\/x.com\\\/Gh0stysky\",\"https:\\\/\\\/www.linkedin.com\\\/company\\\/34739653\",\"https:\\\/\\\/www.instagram.com\\\/gh0stysky\"]}]}<\/script>\n<!-- \/ Yoast SEO plugin. -->","yoast_head_json":{"title":"Agilex Scout 2.0 - Ghostysky","description":"La s\u00e9rie AgileX 2.0 propose des v\u00e9hicules terrestres sans pilote (UGV) polyvalents, robustes et hautement personnalisables, con\u00e7us pour la recherche en robotique moderne, l&#039;inspection industrielle, la logistique et les applications de conduite autonome. Con\u00e7ues pour les environnements int\u00e9rieurs et ext\u00e9rieurs exigeants, ces plateformes constituent une base fiable pour un d\u00e9veloppement secondaire rapide et l&#039;int\u00e9gration de syst\u00e8mes.","robots":{"index":"index","follow":"follow","max-snippet":"max-snippet:-1","max-image-preview":"max-image-preview:large","max-video-preview":"max-video-preview:-1"},"canonical":"https:\/\/www.ghostysky.com\/fr\/product\/agilex-scout-2-0\/","og_locale":"fr_FR","og_type":"article","og_title":"Agilex Scout 2.0 - Ghostysky","og_description":"The AgileX 2.0 series offers versatile, robust, and highly customizable Unmanned Ground Vehicles (UGVs) engineered for modern robotics research, industrial inspection, logistics, and autonomous driving applications. Built for both indoor and challenging outdoor environments, these platforms provide a reliable foundation for rapid secondary development and system integration.","og_url":"https:\/\/www.ghostysky.com\/fr\/product\/agilex-scout-2-0\/","og_site_name":"Ghostysky","article_publisher":"https:\/\/www.facebook.com\/people\/Ghostysky\/100057676170234\/","article_modified_time":"2026-01-10T09:19:17+00:00","og_image":[{"width":800,"height":800,"url":"https:\/\/www.ghostysky.com\/wp-content\/uploads\/2025\/10\/GH_Agilex_Scout2.0_1.jpg","type":"image\/jpeg"}],"twitter_card":"summary_large_image","twitter_site":"@Gh0stysky","twitter_misc":{"Dur\u00e9e de lecture estim\u00e9e":"2 minutes"},"schema":{"@context":"https:\/\/schema.org","@graph":[{"@type":"WebPage","@id":"https:\/\/www.ghostysky.com\/product\/agilex-scout-2-0\/","url":"https:\/\/www.ghostysky.com\/product\/agilex-scout-2-0\/","name":"Agilex Scout 2.0 - Ghostysky","isPartOf":{"@id":"https:\/\/www.ghostysky.com\/#website"},"primaryImageOfPage":{"@id":"https:\/\/www.ghostysky.com\/product\/agilex-scout-2-0\/#primaryimage"},"image":{"@id":"https:\/\/www.ghostysky.com\/product\/agilex-scout-2-0\/#primaryimage"},"thumbnailUrl":"https:\/\/www.ghostysky.com\/wp-content\/uploads\/2025\/10\/GH_Agilex_Scout2.0_1.jpg","datePublished":"2025-10-15T10:34:23+00:00","dateModified":"2026-01-10T09:19:17+00:00","description":"La s\u00e9rie AgileX 2.0 propose des v\u00e9hicules terrestres sans pilote (UGV) polyvalents, robustes et hautement personnalisables, con\u00e7us pour la recherche en robotique moderne, l&#039;inspection industrielle, la logistique et les applications de conduite autonome. Con\u00e7ues pour les environnements int\u00e9rieurs et ext\u00e9rieurs exigeants, ces plateformes constituent une base fiable pour un d\u00e9veloppement secondaire rapide et l&#039;int\u00e9gration de syst\u00e8mes.","breadcrumb":{"@id":"https:\/\/www.ghostysky.com\/product\/agilex-scout-2-0\/#breadcrumb"},"inLanguage":"fr-FR","potentialAction":[{"@type":"ReadAction","target":["https:\/\/www.ghostysky.com\/product\/agilex-scout-2-0\/"]}]},{"@type":"ImageObject","inLanguage":"fr-FR","@id":"https:\/\/www.ghostysky.com\/product\/agilex-scout-2-0\/#primaryimage","url":"https:\/\/www.ghostysky.com\/wp-content\/uploads\/2025\/10\/GH_Agilex_Scout2.0_1.jpg","contentUrl":"https:\/\/www.ghostysky.com\/wp-content\/uploads\/2025\/10\/GH_Agilex_Scout2.0_1.jpg","width":800,"height":800,"caption":"Created with GIMP"},{"@type":"BreadcrumbList","@id":"https:\/\/www.ghostysky.com\/product\/agilex-scout-2-0\/#breadcrumb","itemListElement":[{"@type":"ListItem","position":1,"name":"Home","item":"https:\/\/www.ghostysky.com\/"},{"@type":"ListItem","position":2,"name":"Shop","item":"https:\/\/www.ghostysky.com\/shop\/"},{"@type":"ListItem","position":3,"name":"Agilex Scout 2.0"}]},{"@type":"WebSite","@id":"https:\/\/www.ghostysky.com\/#website","url":"https:\/\/www.ghostysky.com\/","name":"Ghostysky","description":"Livraison de drones et de services professionnels","publisher":{"@id":"https:\/\/www.ghostysky.com\/#organization"},"potentialAction":[{"@type":"SearchAction","target":{"@type":"EntryPoint","urlTemplate":"https:\/\/www.ghostysky.com\/?s={search_term_string}"},"query-input":{"@type":"PropertyValueSpecification","valueRequired":true,"valueName":"search_term_string"}}],"inLanguage":"fr-FR"},{"@type":"Organization","@id":"https:\/\/www.ghostysky.com\/#organization","name":"Ghostysky","url":"https:\/\/www.ghostysky.com\/","logo":{"@type":"ImageObject","inLanguage":"fr-FR","@id":"https:\/\/www.ghostysky.com\/#\/schema\/logo\/image\/","url":"https:\/\/www.ghostysky.com\/wp-content\/uploads\/2020\/06\/cropped-ghostyskylogo_text_white2.png","contentUrl":"https:\/\/www.ghostysky.com\/wp-content\/uploads\/2020\/06\/cropped-ghostyskylogo_text_white2.png","width":169,"height":56,"caption":"Ghostysky"},"image":{"@id":"https:\/\/www.ghostysky.com\/#\/schema\/logo\/image\/"},"sameAs":["https:\/\/www.facebook.com\/people\/Ghostysky\/100057676170234\/","https:\/\/x.com\/Gh0stysky","https:\/\/www.linkedin.com\/company\/34739653","https:\/\/www.instagram.com\/gh0stysky"]}]}},"_links":{"self":[{"href":"https:\/\/www.ghostysky.com\/fr\/wp-json\/wp\/v2\/product\/21012","targetHints":{"allow":["GET"]}}],"collection":[{"href":"https:\/\/www.ghostysky.com\/fr\/wp-json\/wp\/v2\/product"}],"about":[{"href":"https:\/\/www.ghostysky.com\/fr\/wp-json\/wp\/v2\/types\/product"}],"replies":[{"embeddable":true,"href":"https:\/\/www.ghostysky.com\/fr\/wp-json\/wp\/v2\/comments?post=21012"}],"version-history":[{"count":0,"href":"https:\/\/www.ghostysky.com\/fr\/wp-json\/wp\/v2\/product\/21012\/revisions"}],"wp:featuredmedia":[{"embeddable":true,"href":"https:\/\/www.ghostysky.com\/fr\/wp-json\/wp\/v2\/media\/21013"}],"wp:attachment":[{"href":"https:\/\/www.ghostysky.com\/fr\/wp-json\/wp\/v2\/media?parent=21012"}],"wp:term":[{"taxonomy":"product_brand","embeddable":true,"href":"https:\/\/www.ghostysky.com\/fr\/wp-json\/wp\/v2\/product_brand?post=21012"},{"taxonomy":"product_cat","embeddable":true,"href":"https:\/\/www.ghostysky.com\/fr\/wp-json\/wp\/v2\/product_cat?post=21012"},{"taxonomy":"product_tag","embeddable":true,"href":"https:\/\/www.ghostysky.com\/fr\/wp-json\/wp\/v2\/product_tag?post=21012"}],"curies":[{"name":"wp","href":"https:\/\/api.w.org\/{rel}","templated":true}]}}