{"id":21016,"date":"2025-10-15T10:44:05","date_gmt":"2025-10-15T10:44:05","guid":{"rendered":"https:\/\/www.ghostysky.com\/?post_type=product&#038;p=21016"},"modified":"2026-01-10T09:58:47","modified_gmt":"2026-01-10T09:58:47","slug":"agilex-scout-mini-standard-wheel","status":"publish","type":"product","link":"https:\/\/www.ghostysky.com\/fr\/product\/agilex-scout-mini-standard-wheel\/","title":{"rendered":"Agilex Scout Mini (roue standard)"},"content":{"rendered":"<h3><b>Caract\u00e9ristiques principales<\/b><\/h3>\n<ul>\n<li><b>Haute vitesse et agilit\u00e9 tout-terrain :<\/b>\n<ul>\n<li><span class=\"citation-106\">Comprend un <\/span><b><span class=\"citation-106\">transmission diff\u00e9rentielle \u00e0 quatre roues<\/span><\/b><span class=\"citation-106 citation-end-106\"> syst\u00e8me.<\/span><\/li>\n<li><span class=\"citation-105\">\u00c9quip\u00e9 de <\/span><b><span class=\"citation-105\">suspension ind\u00e9pendante<\/span><\/b><span class=\"citation-105 citation-end-105\"> (souvent \u00e0 double triangulation) pour une travers\u00e9e en douceur sur un terrain accident\u00e9.<\/span><\/li>\n<li><span class=\"citation-104\">Capable d&#039;atteindre une vitesse \u00e9lev\u00e9e allant jusqu&#039;\u00e0 <\/span><b><span class=\"citation-104\">10 km\/h<\/span><\/b><span class=\"citation-104 citation-end-104\"> (3 m\/s).<\/span><\/li>\n<li><span class=\"citation-103\">Excellente capacit\u00e9 d&#039;escalade, abordant des pentes allant jusqu&#039;\u00e0 <\/span><b><span class=\"citation-103\">30 degr\u00e9s<\/span><\/b><span class=\"citation-103 citation-end-103\">.<\/span><\/li>\n<li><b><span class=\"citation-102\">Rayon de braquage nul<\/span><\/b><span class=\"citation-102 citation-end-102\"> (peut tourner sur place) pour une grande maniabilit\u00e9 dans les espaces restreints.<\/span><\/li>\n<\/ul>\n<\/li>\n<li><b>Conception robuste et compacte :<\/b>\n<ul>\n<li>Faible encombrement (environ <span class=\"math-inline\"><span class=\"katex\"><span class=\"katex-html\" aria-hidden=\"true\"><span class=\"base\"><span class=\"mord\">612<\/span><span class=\"mord text\"><span class=\"mord\">mm<\/span><\/span><span class=\"mbin\">\u00d7<\/span><\/span><span class=\"base\"><span class=\"mord\">580<\/span><span class=\"mord text\"><span class=\"mord\">mm<\/span><\/span><span class=\"mbin\">\u00d7<\/span><\/span><span class=\"base\"><span class=\"mord\">245<\/span><span class=\"mord text\"><span class=\"mord\">mm<\/span><\/span><\/span><\/span><\/span><\/span><span class=\"citation-101 citation-end-101\">) et l\u00e9ger pour un d\u00e9ploiement rapide.<\/span><\/li>\n<li><span class=\"citation-100 citation-end-100\">Construit avec un ch\u00e2ssis durable (class\u00e9 IP22 pour la protection contre la poussi\u00e8re et l&#039;eau) adapt\u00e9 aux environnements int\u00e9rieurs et ext\u00e9rieurs.<\/span><\/li>\n<\/ul>\n<\/li>\n<li><b>Plateforme ouverte pour le d\u00e9veloppement :<\/b>\n<ul>\n<li><span class=\"citation-99 citation-end-99\">Id\u00e9al pour les exp\u00e9riences scientifiques de pointe, l\u2019\u00e9ducation et la recherche en robotique.<\/span><\/li>\n<li><span class=\"citation-98\">Soutient pleinement <\/span><b><span class=\"citation-98\">ROS (syst\u00e8me d&#039;exploitation du robot)<\/span><\/b><span class=\"citation-98 citation-end-98\"> et fournit un SDK open source et des ressources logicielles pour le d\u00e9veloppement secondaire.<\/span><\/li>\n<li><span class=\"citation-97\">Communication via <\/span><b><span class=\"citation-97\">Bus CAN standard<\/span><\/b><span class=\"citation-97 citation-end-97\"> et port s\u00e9rie RS-232.<\/span><\/li>\n<li><span class=\"citation-96\">Caract\u00e9ristiques <\/span><b><span class=\"citation-96\">rails \u00e0 rainures en T en aluminium<\/span><\/b><span class=\"citation-96 citation-end-96\"> et des ouvertures pr\u00e9positionn\u00e9es pour un montage facile et s\u00e9curis\u00e9 de charges utiles personnalis\u00e9es telles que LiDAR, cam\u00e9ras, GPS, IMU ou contr\u00f4leurs industriels.<\/span><\/li>\n<\/ul>\n<\/li>\n<li><b>Sp\u00e9cifications de performance (roue standard) :<\/b>\n<ul>\n<li><b><span class=\"citation-95\">Charge utile maximale :<\/span><\/b> <span class=\"math-inline\"><span class=\"katex\"><span class=\"katex-html\" aria-hidden=\"true\"><span class=\"base\"><span class=\"mord\">10<\/span><span class=\"mord text\"><span class=\"mord\">kg<\/span><\/span><\/span><\/span><\/span><\/span><\/li>\n<li><b><span class=\"citation-94\">Vitesse maximale:<\/span><\/b> <span class=\"math-inline\"><span class=\"katex\"><span class=\"katex-html\" aria-hidden=\"true\"><span class=\"base\"><span class=\"mrel\">\u2264<\/span><\/span><span class=\"base\"><span class=\"mord\">10<\/span><span class=\"mord text\"><span class=\"mord\">km\/h<\/span><\/span><\/span><\/span><\/span><\/span><span class=\"citation-93 citation-end-93\"> (ou <\/span><span class=\"math-inline\"><span class=\"katex\"><span class=\"katex-html\" aria-hidden=\"true\"><span class=\"base\"><span class=\"mrel\">\u223c<\/span><\/span><span class=\"base\"><span class=\"mord\">3<\/span><span class=\"mord text\"><span class=\"mord\">MS<\/span><\/span><\/span><\/span><\/span><\/span><span class=\"citation-92 citation-end-92\">)<\/span><\/li>\n<li><b><span class=\"citation-91\">Angle de mont\u00e9e :<\/span><\/b> <span class=\"math-inline\"><span class=\"katex\"><span class=\"katex-html\" aria-hidden=\"true\"><span class=\"base\"><span class=\"mrel\">\u2264<\/span><\/span><span class=\"base\"><span class=\"mord\">3<\/span><span class=\"mord\">0<span class=\"msupsub\"><span class=\"vlist-t\"><span class=\"vlist-r\"><span class=\"vlist\"><span class=\"\"><span class=\"sizing reset-size6 size3 mtight\"><span class=\"mbin mtight\">\u2218<\/span><\/span><\/span><\/span><\/span><\/span><\/span><\/span><\/span><\/span><\/span><\/span><\/li>\n<li><b>Batterie:<\/b> <span class=\"math-inline\"><span class=\"katex\"><span class=\"katex-html\" aria-hidden=\"true\"><span class=\"base\"><span class=\"mord\">24<\/span><span class=\"mord text\"><span class=\"mord\">V<\/span><\/span><span class=\"mord\">\/15<\/span><span class=\"mord text\"><span class=\"mord\">Ah<\/span><\/span><\/span><\/span><\/span><\/span><span class=\"citation-89 citation-end-89\"> Lithium-ion, avec une autonomie allant jusqu&#039;\u00e0 <\/span><span class=\"math-inline\"><span class=\"katex\"><span class=\"katex-html\" aria-hidden=\"true\"><span class=\"base\"><span class=\"mord\">10<\/span><span class=\"mord text\"><span class=\"mord\">km<\/span><\/span><\/span><\/span><\/span><\/span><span class=\"citation-88 citation-end-88\"> (d\u00e9charg\u00e9).<\/span><\/li>\n<li><b><span class=\"citation-87\">Moteurs:<\/span><\/b> <span class=\"math-inline\"><span class=\"katex\"><span class=\"katex-html\" aria-hidden=\"true\"><span class=\"base\"><span class=\"mord\">4<\/span><span class=\"mbin\">\u00d7<\/span><\/span><span class=\"base\"><span class=\"mord\">150<\/span><span class=\"mord text\"><span class=\"mord\">W<\/span><\/span><\/span><\/span><\/span><\/span><span class=\"citation-86 citation-end-86\"> Moteurs \u00e0 courant continu sans balais.<\/span><\/li>\n<\/ul>\n<\/li>\n<\/ul>\n<p><span class=\"citation-85 citation-end-85\">L&#039;Agilex Scout Mini offre aux chercheurs, d\u00e9veloppeurs et ing\u00e9nieurs un ch\u00e2ssis puissant, flexible et robuste pour se concentrer sur le d\u00e9veloppement d&#039;algorithmes et l&#039;int\u00e9gration de syst\u00e8mes plut\u00f4t que sur le contr\u00f4le du v\u00e9hicule.<\/span><\/p>","protected":false},"excerpt":{"rendered":"<p>L&#039;Agilex Scout Mini (roue standard) est un v\u00e9hicule terrestre sans pilote (UGV) compact, \u00e0 grande vitesse et tout-terrain con\u00e7u comme une plate-forme mobile polyvalente de recherche et d\u00e9veloppement.<\/p>","protected":false},"featured_media":21017,"comment_status":"open","ping_status":"closed","template":"","meta":[],"product_brand":[1046],"product_cat":[1043,1044,1042,1037],"product_tag":[1047,1050,1052,1051],"class_list":{"0":"post-21016","1":"product","2":"type-product","3":"status-publish","4":"has-post-thumbnail","6":"product_brand-agilex","7":"product_cat-agilex","8":"product_cat-agilex-robots","9":"product_cat-chassis","10":"product_cat-robotics","11":"product_tag-agilex","12":"product_tag-agilex-chasis","13":"product_tag-agilex-robots","14":"product_tag-agilex-scout-mini-standard-wheel","16":"first","17":"onbackorder","18":"taxable","19":"shipping-taxable","20":"purchasable","21":"product-type-simple"},"yoast_head":"<!-- This site is optimized with the Yoast SEO plugin v27.4 - https:\/\/yoast.com\/product\/yoast-seo-wordpress\/ -->\n<title>Agilex Scout Mini (Standard Wheel) - Ghostysky<\/title>\n<meta name=\"description\" content=\"The Agilex Scout Mini (Standard Wheel) is a compact, high-speed, all-terrain Unmanned Ground Vehicle (UGV) designed as a versatile mobile research and development platform.\" \/>\n<meta name=\"robots\" content=\"index, follow, max-snippet:-1, max-image-preview:large, max-video-preview:-1\" \/>\n<link rel=\"canonical\" href=\"https:\/\/www.ghostysky.com\/fr\/product\/agilex-scout-mini-standard-wheel\/\" \/>\n<meta property=\"og:locale\" content=\"fr_FR\" \/>\n<meta property=\"og:type\" content=\"article\" \/>\n<meta property=\"og:title\" content=\"Agilex Scout Mini (Standard Wheel) - Ghostysky\" \/>\n<meta property=\"og:description\" content=\"The Agilex Scout Mini (Standard Wheel) is a compact, high-speed, all-terrain Unmanned Ground Vehicle (UGV) designed as a versatile mobile research and development platform.\" \/>\n<meta property=\"og:url\" content=\"https:\/\/www.ghostysky.com\/fr\/product\/agilex-scout-mini-standard-wheel\/\" \/>\n<meta property=\"og:site_name\" content=\"Ghostysky\" \/>\n<meta property=\"article:publisher\" content=\"https:\/\/www.facebook.com\/people\/Ghostysky\/100057676170234\/\" \/>\n<meta property=\"article:modified_time\" content=\"2026-01-10T09:58:47+00:00\" \/>\n<meta property=\"og:image\" content=\"https:\/\/www.ghostysky.com\/wp-content\/uploads\/2025\/10\/GH_Agilex_ScoutMini_SW_4.jpg\" \/>\n\t<meta property=\"og:image:width\" content=\"650\" \/>\n\t<meta property=\"og:image:height\" content=\"650\" \/>\n\t<meta property=\"og:image:type\" content=\"image\/jpeg\" \/>\n<meta name=\"twitter:card\" content=\"summary_large_image\" \/>\n<meta name=\"twitter:site\" content=\"@Gh0stysky\" \/>\n<meta name=\"twitter:label1\" content=\"Dur\u00e9e de lecture estim\u00e9e\" \/>\n\t<meta name=\"twitter:data1\" content=\"2 minutes\" \/>\n<script type=\"application\/ld+json\" class=\"yoast-schema-graph\">{\"@context\":\"https:\\\/\\\/schema.org\",\"@graph\":[{\"@type\":\"WebPage\",\"@id\":\"https:\\\/\\\/www.ghostysky.com\\\/product\\\/agilex-scout-mini-standard-wheel\\\/\",\"url\":\"https:\\\/\\\/www.ghostysky.com\\\/product\\\/agilex-scout-mini-standard-wheel\\\/\",\"name\":\"Agilex Scout Mini (Standard Wheel) - Ghostysky\",\"isPartOf\":{\"@id\":\"https:\\\/\\\/www.ghostysky.com\\\/#website\"},\"primaryImageOfPage\":{\"@id\":\"https:\\\/\\\/www.ghostysky.com\\\/product\\\/agilex-scout-mini-standard-wheel\\\/#primaryimage\"},\"image\":{\"@id\":\"https:\\\/\\\/www.ghostysky.com\\\/product\\\/agilex-scout-mini-standard-wheel\\\/#primaryimage\"},\"thumbnailUrl\":\"https:\\\/\\\/www.ghostysky.com\\\/wp-content\\\/uploads\\\/2025\\\/10\\\/GH_Agilex_ScoutMini_SW_4.jpg\",\"datePublished\":\"2025-10-15T10:44:05+00:00\",\"dateModified\":\"2026-01-10T09:58:47+00:00\",\"description\":\"The Agilex Scout Mini (Standard Wheel) is a compact, high-speed, all-terrain Unmanned Ground Vehicle (UGV) designed as a versatile mobile research and development platform.\",\"breadcrumb\":{\"@id\":\"https:\\\/\\\/www.ghostysky.com\\\/product\\\/agilex-scout-mini-standard-wheel\\\/#breadcrumb\"},\"inLanguage\":\"fr-FR\",\"potentialAction\":[{\"@type\":\"ReadAction\",\"target\":[\"https:\\\/\\\/www.ghostysky.com\\\/product\\\/agilex-scout-mini-standard-wheel\\\/\"]}]},{\"@type\":\"ImageObject\",\"inLanguage\":\"fr-FR\",\"@id\":\"https:\\\/\\\/www.ghostysky.com\\\/product\\\/agilex-scout-mini-standard-wheel\\\/#primaryimage\",\"url\":\"https:\\\/\\\/www.ghostysky.com\\\/wp-content\\\/uploads\\\/2025\\\/10\\\/GH_Agilex_ScoutMini_SW_4.jpg\",\"contentUrl\":\"https:\\\/\\\/www.ghostysky.com\\\/wp-content\\\/uploads\\\/2025\\\/10\\\/GH_Agilex_ScoutMini_SW_4.jpg\",\"width\":650,\"height\":650},{\"@type\":\"BreadcrumbList\",\"@id\":\"https:\\\/\\\/www.ghostysky.com\\\/product\\\/agilex-scout-mini-standard-wheel\\\/#breadcrumb\",\"itemListElement\":[{\"@type\":\"ListItem\",\"position\":1,\"name\":\"Home\",\"item\":\"https:\\\/\\\/www.ghostysky.com\\\/\"},{\"@type\":\"ListItem\",\"position\":2,\"name\":\"Shop\",\"item\":\"https:\\\/\\\/www.ghostysky.com\\\/shop\\\/\"},{\"@type\":\"ListItem\",\"position\":3,\"name\":\"Agilex Scout Mini (Standard Wheel)\"}]},{\"@type\":\"WebSite\",\"@id\":\"https:\\\/\\\/www.ghostysky.com\\\/#website\",\"url\":\"https:\\\/\\\/www.ghostysky.com\\\/\",\"name\":\"Ghostysky\",\"description\":\"Delivering professional drones and robotics solutions\",\"publisher\":{\"@id\":\"https:\\\/\\\/www.ghostysky.com\\\/#organization\"},\"potentialAction\":[{\"@type\":\"SearchAction\",\"target\":{\"@type\":\"EntryPoint\",\"urlTemplate\":\"https:\\\/\\\/www.ghostysky.com\\\/?s={search_term_string}\"},\"query-input\":{\"@type\":\"PropertyValueSpecification\",\"valueRequired\":true,\"valueName\":\"search_term_string\"}}],\"inLanguage\":\"fr-FR\"},{\"@type\":\"Organization\",\"@id\":\"https:\\\/\\\/www.ghostysky.com\\\/#organization\",\"name\":\"Ghostysky\",\"url\":\"https:\\\/\\\/www.ghostysky.com\\\/\",\"logo\":{\"@type\":\"ImageObject\",\"inLanguage\":\"fr-FR\",\"@id\":\"https:\\\/\\\/www.ghostysky.com\\\/#\\\/schema\\\/logo\\\/image\\\/\",\"url\":\"https:\\\/\\\/www.ghostysky.com\\\/wp-content\\\/uploads\\\/2020\\\/06\\\/cropped-ghostyskylogo_text_white2.png\",\"contentUrl\":\"https:\\\/\\\/www.ghostysky.com\\\/wp-content\\\/uploads\\\/2020\\\/06\\\/cropped-ghostyskylogo_text_white2.png\",\"width\":169,\"height\":56,\"caption\":\"Ghostysky\"},\"image\":{\"@id\":\"https:\\\/\\\/www.ghostysky.com\\\/#\\\/schema\\\/logo\\\/image\\\/\"},\"sameAs\":[\"https:\\\/\\\/www.facebook.com\\\/people\\\/Ghostysky\\\/100057676170234\\\/\",\"https:\\\/\\\/x.com\\\/Gh0stysky\",\"https:\\\/\\\/www.linkedin.com\\\/company\\\/34739653\",\"https:\\\/\\\/www.instagram.com\\\/gh0stysky\"]}]}<\/script>\n<!-- \/ Yoast SEO plugin. -->","yoast_head_json":{"title":"Agilex Scout Mini (roue standard) - Ghostysky","description":"L&#039;Agilex Scout Mini (roue standard) est un v\u00e9hicule terrestre sans pilote (UGV) compact, \u00e0 grande vitesse et tout-terrain con\u00e7u comme une plate-forme mobile polyvalente de recherche et d\u00e9veloppement.","robots":{"index":"index","follow":"follow","max-snippet":"max-snippet:-1","max-image-preview":"max-image-preview:large","max-video-preview":"max-video-preview:-1"},"canonical":"https:\/\/www.ghostysky.com\/fr\/product\/agilex-scout-mini-standard-wheel\/","og_locale":"fr_FR","og_type":"article","og_title":"Agilex Scout Mini (Standard Wheel) - Ghostysky","og_description":"The Agilex Scout Mini (Standard Wheel) is a compact, high-speed, all-terrain Unmanned Ground Vehicle (UGV) designed as a versatile mobile research and development platform.","og_url":"https:\/\/www.ghostysky.com\/fr\/product\/agilex-scout-mini-standard-wheel\/","og_site_name":"Ghostysky","article_publisher":"https:\/\/www.facebook.com\/people\/Ghostysky\/100057676170234\/","article_modified_time":"2026-01-10T09:58:47+00:00","og_image":[{"width":650,"height":650,"url":"https:\/\/www.ghostysky.com\/wp-content\/uploads\/2025\/10\/GH_Agilex_ScoutMini_SW_4.jpg","type":"image\/jpeg"}],"twitter_card":"summary_large_image","twitter_site":"@Gh0stysky","twitter_misc":{"Dur\u00e9e de lecture estim\u00e9e":"2 minutes"},"schema":{"@context":"https:\/\/schema.org","@graph":[{"@type":"WebPage","@id":"https:\/\/www.ghostysky.com\/product\/agilex-scout-mini-standard-wheel\/","url":"https:\/\/www.ghostysky.com\/product\/agilex-scout-mini-standard-wheel\/","name":"Agilex Scout Mini (roue standard) - Ghostysky","isPartOf":{"@id":"https:\/\/www.ghostysky.com\/#website"},"primaryImageOfPage":{"@id":"https:\/\/www.ghostysky.com\/product\/agilex-scout-mini-standard-wheel\/#primaryimage"},"image":{"@id":"https:\/\/www.ghostysky.com\/product\/agilex-scout-mini-standard-wheel\/#primaryimage"},"thumbnailUrl":"https:\/\/www.ghostysky.com\/wp-content\/uploads\/2025\/10\/GH_Agilex_ScoutMini_SW_4.jpg","datePublished":"2025-10-15T10:44:05+00:00","dateModified":"2026-01-10T09:58:47+00:00","description":"L&#039;Agilex Scout Mini (roue standard) est un v\u00e9hicule terrestre sans pilote (UGV) compact, \u00e0 grande vitesse et tout-terrain con\u00e7u comme une plate-forme mobile polyvalente de recherche et d\u00e9veloppement.","breadcrumb":{"@id":"https:\/\/www.ghostysky.com\/product\/agilex-scout-mini-standard-wheel\/#breadcrumb"},"inLanguage":"fr-FR","potentialAction":[{"@type":"ReadAction","target":["https:\/\/www.ghostysky.com\/product\/agilex-scout-mini-standard-wheel\/"]}]},{"@type":"ImageObject","inLanguage":"fr-FR","@id":"https:\/\/www.ghostysky.com\/product\/agilex-scout-mini-standard-wheel\/#primaryimage","url":"https:\/\/www.ghostysky.com\/wp-content\/uploads\/2025\/10\/GH_Agilex_ScoutMini_SW_4.jpg","contentUrl":"https:\/\/www.ghostysky.com\/wp-content\/uploads\/2025\/10\/GH_Agilex_ScoutMini_SW_4.jpg","width":650,"height":650},{"@type":"BreadcrumbList","@id":"https:\/\/www.ghostysky.com\/product\/agilex-scout-mini-standard-wheel\/#breadcrumb","itemListElement":[{"@type":"ListItem","position":1,"name":"Home","item":"https:\/\/www.ghostysky.com\/"},{"@type":"ListItem","position":2,"name":"Shop","item":"https:\/\/www.ghostysky.com\/shop\/"},{"@type":"ListItem","position":3,"name":"Agilex Scout Mini (Standard Wheel)"}]},{"@type":"WebSite","@id":"https:\/\/www.ghostysky.com\/#website","url":"https:\/\/www.ghostysky.com\/","name":"Ghostysky","description":"Fourniture de solutions professionnelles en mati\u00e8re de drones et de robotique","publisher":{"@id":"https:\/\/www.ghostysky.com\/#organization"},"potentialAction":[{"@type":"SearchAction","target":{"@type":"EntryPoint","urlTemplate":"https:\/\/www.ghostysky.com\/?s={search_term_string}"},"query-input":{"@type":"PropertyValueSpecification","valueRequired":true,"valueName":"search_term_string"}}],"inLanguage":"fr-FR"},{"@type":"Organization","@id":"https:\/\/www.ghostysky.com\/#organization","name":"Ghostysky","url":"https:\/\/www.ghostysky.com\/","logo":{"@type":"ImageObject","inLanguage":"fr-FR","@id":"https:\/\/www.ghostysky.com\/#\/schema\/logo\/image\/","url":"https:\/\/www.ghostysky.com\/wp-content\/uploads\/2020\/06\/cropped-ghostyskylogo_text_white2.png","contentUrl":"https:\/\/www.ghostysky.com\/wp-content\/uploads\/2020\/06\/cropped-ghostyskylogo_text_white2.png","width":169,"height":56,"caption":"Ghostysky"},"image":{"@id":"https:\/\/www.ghostysky.com\/#\/schema\/logo\/image\/"},"sameAs":["https:\/\/www.facebook.com\/people\/Ghostysky\/100057676170234\/","https:\/\/x.com\/Gh0stysky","https:\/\/www.linkedin.com\/company\/34739653","https:\/\/www.instagram.com\/gh0stysky"]}]}},"_links":{"self":[{"href":"https:\/\/www.ghostysky.com\/fr\/wp-json\/wp\/v2\/product\/21016","targetHints":{"allow":["GET"]}}],"collection":[{"href":"https:\/\/www.ghostysky.com\/fr\/wp-json\/wp\/v2\/product"}],"about":[{"href":"https:\/\/www.ghostysky.com\/fr\/wp-json\/wp\/v2\/types\/product"}],"replies":[{"embeddable":true,"href":"https:\/\/www.ghostysky.com\/fr\/wp-json\/wp\/v2\/comments?post=21016"}],"version-history":[{"count":0,"href":"https:\/\/www.ghostysky.com\/fr\/wp-json\/wp\/v2\/product\/21016\/revisions"}],"wp:featuredmedia":[{"embeddable":true,"href":"https:\/\/www.ghostysky.com\/fr\/wp-json\/wp\/v2\/media\/21017"}],"wp:attachment":[{"href":"https:\/\/www.ghostysky.com\/fr\/wp-json\/wp\/v2\/media?parent=21016"}],"wp:term":[{"taxonomy":"product_brand","embeddable":true,"href":"https:\/\/www.ghostysky.com\/fr\/wp-json\/wp\/v2\/product_brand?post=21016"},{"taxonomy":"product_cat","embeddable":true,"href":"https:\/\/www.ghostysky.com\/fr\/wp-json\/wp\/v2\/product_cat?post=21016"},{"taxonomy":"product_tag","embeddable":true,"href":"https:\/\/www.ghostysky.com\/fr\/wp-json\/wp\/v2\/product_tag?post=21016"}],"curies":[{"name":"wp","href":"https:\/\/api.w.org\/{rel}","templated":true}]}}