{"id":21022,"date":"2025-10-15T11:20:55","date_gmt":"2025-10-15T11:20:55","guid":{"rendered":"https:\/\/www.ghostysky.com\/?post_type=product&#038;p=21022"},"modified":"2026-02-23T13:20:37","modified_gmt":"2026-02-23T13:20:37","slug":"agilex-piper","status":"publish","type":"product","link":"https:\/\/www.ghostysky.com\/fr\/product\/agilex-piper\/","title":{"rendered":"Agilex Piper"},"content":{"rendered":"<p><b><span class=\"citation-144 citation-end-144\">L&#039;Agilex PiPER est un bras robotique 6 DOF puissant mais l\u00e9ger qui combine agilit\u00e9, pr\u00e9cision et compatibilit\u00e9 open source pour acc\u00e9l\u00e9rer l&#039;innovation dans le d\u00e9veloppement robotique et l&#039;automatisation l\u00e9g\u00e8re.<\/span><\/b><\/p>\n<p><span class=\"citation-143 citation-end-143\">Le PiPER est con\u00e7u pour la polyvalence, avec une conception compacte et conviviale qui le rend facile \u00e0 int\u00e9grer dans les laboratoires, les salles de classe et divers environnements commerciaux.<\/span><\/p>\n<h4><b>Principales caract\u00e9ristiques et sp\u00e9cifications<\/b><\/h4>\n<ul>\n<li><b><span class=\"citation-142\">Degr\u00e9s de libert\u00e9 (DOF) :<\/span><\/b><span class=\"citation-142 citation-end-142\"> 6, offrant une flexibilit\u00e9 op\u00e9rationnelle compl\u00e8te pour les mouvements complexes.<\/span><\/li>\n<li><b><span class=\"citation-141\">L\u00e9ger et compact :<\/span><\/b><span class=\"citation-141\"> Pes\u00e9e uniquement <\/span><b><span class=\"citation-141\">4,2 kg<\/span><\/b><span class=\"citation-141 citation-end-141\">, le PiPER est tr\u00e8s portable et facile \u00e0 monter.<\/span><\/li>\n<li><b>Capacit\u00e9 de charge utile :<\/b><span class=\"citation-140\"> Prend en charge une stabilit\u00e9 <\/span><b><span class=\"citation-140\">1,5 kg<\/span><\/b><span class=\"citation-140 citation-end-140\"> charge utile.<\/span><\/li>\n<li><b>Pr\u00e9cision et port\u00e9e :<\/b>\n<ul>\n<li><b>R\u00e9p\u00e9tabilit\u00e9 :<\/b> <span class=\"math-inline\"><span class=\"katex\"><span class=\"katex-html\" aria-hidden=\"true\"><span class=\"base\"><span class=\"mord\">\u00b1<\/span><span class=\"mord\">0.1<\/span><span class=\"mord text\"><span class=\"mord\">\u00a0mm<\/span><\/span><\/span><\/span><\/span><\/span><span class=\"citation-138 citation-end-138\">, garantissant des op\u00e9rations pr\u00e9cises et coh\u00e9rentes pour les t\u00e2ches d\u00e9licates.<\/span><\/li>\n<li><b>Atteindre:<\/b> <span class=\"math-inline\"><span class=\"katex\"><span class=\"katex-html\" aria-hidden=\"true\"><span class=\"base\"><span class=\"mord\">626<\/span><span class=\"mord text\"><span class=\"mord\">\u00a0mm<\/span><\/span><\/span><\/span><\/span><\/span> rayon de travail.<\/li>\n<\/ul>\n<\/li>\n<li><b>Contr\u00f4le et programmation polyvalents :<\/b>\n<ul>\n<li><b>Prise en charge Open Source\u00a0:<\/b><span class=\"citation-137\"> Enti\u00e8rement compatible avec <\/span><b><span class=\"citation-137\">ROS 1 et ROS 2<\/span><\/b><span class=\"citation-137 citation-end-137\">, offrant une flexibilit\u00e9 maximale aux d\u00e9veloppeurs.<\/span><\/li>\n<li><b>M\u00e9thodes de programmation :<\/b><span class=\"citation-136\"> Soutient <\/span><b><span class=\"citation-136\">Enseignement du drag<\/span><\/b><span class=\"citation-136\"> (guidage physique intuitif), <\/span><b><span class=\"citation-136\">Planification de trajectoire hors ligne<\/span><\/b><span class=\"citation-136\">, <\/span><b><span class=\"citation-136\">Contr\u00f4le des API<\/span><\/b><span class=\"citation-136 citation-end-136\"> (par exemple, API Python) et contr\u00f4le bas\u00e9 sur PC.<\/span><\/li>\n<\/ul>\n<\/li>\n<li><b><span class=\"citation-135\">Conception int\u00e9gr\u00e9e :<\/span><\/b><span class=\"citation-135 citation-end-135\"> Comprend six moteurs \u00e0 articulations int\u00e9gr\u00e9s pour un contr\u00f4le fluide et pr\u00e9cis, ainsi qu&#039;un contr\u00f4leur enti\u00e8rement int\u00e9gr\u00e9.<\/span><\/li>\n<li><b><span class=\"citation-134\">Construction robuste :<\/span><\/b><span class=\"citation-134 citation-end-134\"> Construit avec un corps en alliage d&#039;aluminium et une coque en polym\u00e8re, con\u00e7u pour fonctionner de mani\u00e8re fiable dans des environnements difficiles avec des temp\u00e9ratures allant de <\/span><span class=\"math-inline\"><span class=\"katex\"><span class=\"katex-html\" aria-hidden=\"true\"><span class=\"base\"><span class=\"mord\">\u2212<\/span><span class=\"mord\">2<\/span><span class=\"mord\">0<span class=\"msupsub\"><span class=\"vlist-t\"><span class=\"vlist-r\"><span class=\"vlist\"><span class=\"\"><span class=\"sizing reset-size6 size3 mtight\"><span class=\"mbin mtight\">\u2218<\/span><\/span><\/span><\/span><\/span><\/span><\/span><\/span><span class=\"mord text\"><span class=\"mord\">C<\/span><\/span><\/span><\/span><\/span><\/span><span class=\"citation-133 citation-end-133\"> \u00e0 <\/span><span class=\"math-inline\"><span class=\"katex\"><span class=\"katex-html\" aria-hidden=\"true\"><span class=\"base\"><span class=\"mord\">5<\/span><span class=\"mord\">0<span class=\"msupsub\"><span class=\"vlist-t\"><span class=\"vlist-r\"><span class=\"vlist\"><span class=\"\"><span class=\"sizing reset-size6 size3 mtight\"><span class=\"mbin mtight\">\u2218<\/span><\/span><\/span><\/span><\/span><\/span><\/span><\/span><span class=\"mord text\"><span class=\"mord\">C<\/span><\/span><\/span><\/span><\/span><\/span><span class=\"citation-132 citation-end-132\">.<\/span><\/li>\n<\/ul>\n<h4><b>Applications id\u00e9ales<\/b><\/h4>\n<ul>\n<li><b><span class=\"citation-131\">\u00c9ducation et recherche :<\/span><\/b><span class=\"citation-131 citation-end-131\"> Id\u00e9al pour les institutions universitaires et les laboratoires ax\u00e9s sur la robotique, l&#039;IA et l&#039;intelligence incarn\u00e9e pour la collecte de donn\u00e9es du monde r\u00e9el.<\/span><\/li>\n<li><b><span class=\"citation-130\">Automatisation industrielle :<\/span><\/b><span class=\"citation-130 citation-end-130\"> Convient aux t\u00e2ches l\u00e9g\u00e8res telles que l&#039;assemblage, le tri, le contr\u00f4le qualit\u00e9 et les op\u00e9rations de pr\u00e9l\u00e8vement et de placement.<\/span><\/li>\n<li><b><span class=\"citation-129\">D\u00e9veloppement de la robotique :<\/span><\/b><span class=\"citation-129 citation-end-129\"> Fournit une plate-forme flexible et open source pour d\u00e9velopper et tester des applications robotiques avanc\u00e9es.<\/span><\/li>\n<li><b><span class=\"citation-128\">Autres domaines :<\/span><\/b><span class=\"citation-128 citation-end-128\"> Applicable au fonctionnement des \u00e9quipements m\u00e9dicaux, \u00e0 l&#039;automatisation des laboratoires et plus encore.<\/span><\/li>\n<\/ul>\n<p><span class=\"citation-127 citation-end-127\">L&#039;Agilex PiPER est la solution d&#039;entr\u00e9e de gamme hautes performances pour les utilisateurs qui cherchent \u00e0 exploiter la puissance de la robotique avanc\u00e9e sans la complexit\u00e9 et le co\u00fbt des bras industriels plus grands.<\/span><\/p>","protected":false},"excerpt":{"rendered":"<p><span class=\"citation-145\">L&#039;Agilex PiPER est un bras robotique compact et polyvalent \u00e0 6 degr\u00e9s de libert\u00e9 (DOF), con\u00e7u pour fournir une haute pr\u00e9cision et un contr\u00f4le fiable pour un large \u00e9ventail d&#039;applications dans <\/span><b><span class=\"citation-145\">recherche, \u00e9ducation et automatisation industrielle l\u00e9g\u00e8re<\/span><\/b><span class=\"citation-145 citation-end-145\">.<\/span><\/p>","protected":false},"featured_media":21027,"comment_status":"open","ping_status":"closed","template":"","meta":[],"product_brand":[1046],"product_cat":[1043,1045,1042,1037],"product_tag":[1047,1054,1053],"class_list":{"0":"post-21022","1":"product","2":"type-product","3":"status-publish","4":"has-post-thumbnail","6":"product_brand-agilex","7":"product_cat-agilex","8":"product_cat-agilex-accessories","9":"product_cat-chassis","10":"product_cat-robotics","11":"product_tag-agilex","12":"product_tag-agilex-accessories","13":"product_tag-agilex-piper","15":"first","16":"onbackorder","17":"taxable","18":"shipping-taxable","19":"product-type-simple"},"yoast_head":"<!-- This site is optimized with the Yoast SEO plugin v27.1.1 - https:\/\/yoast.com\/product\/yoast-seo-wordpress\/ -->\n<title>Agilex Piper - Ghostysky<\/title>\n<meta name=\"robots\" content=\"index, follow, max-snippet:-1, max-image-preview:large, max-video-preview:-1\" \/>\n<link rel=\"canonical\" href=\"https:\/\/www.ghostysky.com\/fr\/product\/agilex-piper\/\" \/>\n<meta property=\"og:locale\" content=\"fr_FR\" \/>\n<meta property=\"og:type\" content=\"article\" \/>\n<meta property=\"og:title\" content=\"Agilex Piper - Ghostysky\" \/>\n<meta property=\"og:description\" content=\"The Agilex PiPER is a compact and versatile 6-degree-of-freedom (DOF) robotic arm, designed to provide high precision and reliable control for a wide array of applications in research, education, and light industrial automation.\" \/>\n<meta property=\"og:url\" content=\"https:\/\/www.ghostysky.com\/fr\/product\/agilex-piper\/\" \/>\n<meta property=\"og:site_name\" content=\"Ghostysky\" \/>\n<meta property=\"article:publisher\" content=\"https:\/\/www.facebook.com\/people\/Ghostysky\/100057676170234\/\" \/>\n<meta property=\"article:modified_time\" content=\"2026-02-23T13:20:37+00:00\" \/>\n<meta property=\"og:image\" content=\"https:\/\/www.ghostysky.com\/wp-content\/uploads\/2025\/10\/GH_Agilex-piper_3.webp\" \/>\n\t<meta property=\"og:image:width\" content=\"550\" \/>\n\t<meta property=\"og:image:height\" content=\"550\" \/>\n\t<meta property=\"og:image:type\" content=\"image\/webp\" \/>\n<meta name=\"twitter:card\" content=\"summary_large_image\" \/>\n<meta name=\"twitter:site\" content=\"@Gh0stysky\" \/>\n<meta name=\"twitter:label1\" content=\"Dur\u00e9e de lecture estim\u00e9e\" \/>\n\t<meta name=\"twitter:data1\" content=\"2 minutes\" \/>\n<script type=\"application\/ld+json\" class=\"yoast-schema-graph\">{\"@context\":\"https:\/\/schema.org\",\"@graph\":[{\"@type\":\"WebPage\",\"@id\":\"https:\/\/www.ghostysky.com\/product\/agilex-piper\/\",\"url\":\"https:\/\/www.ghostysky.com\/product\/agilex-piper\/\",\"name\":\"Agilex Piper - Ghostysky\",\"isPartOf\":{\"@id\":\"https:\/\/www.ghostysky.com\/#website\"},\"primaryImageOfPage\":{\"@id\":\"https:\/\/www.ghostysky.com\/product\/agilex-piper\/#primaryimage\"},\"image\":{\"@id\":\"https:\/\/www.ghostysky.com\/product\/agilex-piper\/#primaryimage\"},\"thumbnailUrl\":\"https:\/\/www.ghostysky.com\/wp-content\/uploads\/2025\/10\/GH_Agilex-piper_3.webp\",\"datePublished\":\"2025-10-15T11:20:55+00:00\",\"dateModified\":\"2026-02-23T13:20:37+00:00\",\"breadcrumb\":{\"@id\":\"https:\/\/www.ghostysky.com\/product\/agilex-piper\/#breadcrumb\"},\"inLanguage\":\"fr-FR\",\"potentialAction\":[{\"@type\":\"ReadAction\",\"target\":[\"https:\/\/www.ghostysky.com\/product\/agilex-piper\/\"]}]},{\"@type\":\"ImageObject\",\"inLanguage\":\"fr-FR\",\"@id\":\"https:\/\/www.ghostysky.com\/product\/agilex-piper\/#primaryimage\",\"url\":\"https:\/\/www.ghostysky.com\/wp-content\/uploads\/2025\/10\/GH_Agilex-piper_3.webp\",\"contentUrl\":\"https:\/\/www.ghostysky.com\/wp-content\/uploads\/2025\/10\/GH_Agilex-piper_3.webp\",\"width\":550,\"height\":550},{\"@type\":\"BreadcrumbList\",\"@id\":\"https:\/\/www.ghostysky.com\/product\/agilex-piper\/#breadcrumb\",\"itemListElement\":[{\"@type\":\"ListItem\",\"position\":1,\"name\":\"Home\",\"item\":\"https:\/\/www.ghostysky.com\/\"},{\"@type\":\"ListItem\",\"position\":2,\"name\":\"Shop\",\"item\":\"https:\/\/www.ghostysky.com\/shop\/\"},{\"@type\":\"ListItem\",\"position\":3,\"name\":\"Agilex Piper\"}]},{\"@type\":\"WebSite\",\"@id\":\"https:\/\/www.ghostysky.com\/#website\",\"url\":\"https:\/\/www.ghostysky.com\/\",\"name\":\"Ghostysky\",\"description\":\"Delivering professional drones and services\",\"publisher\":{\"@id\":\"https:\/\/www.ghostysky.com\/#organization\"},\"potentialAction\":[{\"@type\":\"SearchAction\",\"target\":{\"@type\":\"EntryPoint\",\"urlTemplate\":\"https:\/\/www.ghostysky.com\/?s={search_term_string}\"},\"query-input\":{\"@type\":\"PropertyValueSpecification\",\"valueRequired\":true,\"valueName\":\"search_term_string\"}}],\"inLanguage\":\"fr-FR\"},{\"@type\":\"Organization\",\"@id\":\"https:\/\/www.ghostysky.com\/#organization\",\"name\":\"Ghostysky\",\"url\":\"https:\/\/www.ghostysky.com\/\",\"logo\":{\"@type\":\"ImageObject\",\"inLanguage\":\"fr-FR\",\"@id\":\"https:\/\/www.ghostysky.com\/#\/schema\/logo\/image\/\",\"url\":\"https:\/\/www.ghostysky.com\/wp-content\/uploads\/2020\/06\/cropped-ghostyskylogo_text_white2.png\",\"contentUrl\":\"https:\/\/www.ghostysky.com\/wp-content\/uploads\/2020\/06\/cropped-ghostyskylogo_text_white2.png\",\"width\":169,\"height\":56,\"caption\":\"Ghostysky\"},\"image\":{\"@id\":\"https:\/\/www.ghostysky.com\/#\/schema\/logo\/image\/\"},\"sameAs\":[\"https:\/\/www.facebook.com\/people\/Ghostysky\/100057676170234\/\",\"https:\/\/x.com\/Gh0stysky\",\"https:\/\/www.linkedin.com\/company\/34739653\",\"https:\/\/www.instagram.com\/gh0stysky\"]}]}<\/script>\n<!-- \/ Yoast SEO plugin. -->","yoast_head_json":{"title":"Agilex Piper - Ghostysky","robots":{"index":"index","follow":"follow","max-snippet":"max-snippet:-1","max-image-preview":"max-image-preview:large","max-video-preview":"max-video-preview:-1"},"canonical":"https:\/\/www.ghostysky.com\/fr\/product\/agilex-piper\/","og_locale":"fr_FR","og_type":"article","og_title":"Agilex Piper - Ghostysky","og_description":"The Agilex PiPER is a compact and versatile 6-degree-of-freedom (DOF) robotic arm, designed to provide high precision and reliable control for a wide array of applications in research, education, and light industrial automation.","og_url":"https:\/\/www.ghostysky.com\/fr\/product\/agilex-piper\/","og_site_name":"Ghostysky","article_publisher":"https:\/\/www.facebook.com\/people\/Ghostysky\/100057676170234\/","article_modified_time":"2026-02-23T13:20:37+00:00","og_image":[{"width":550,"height":550,"url":"https:\/\/www.ghostysky.com\/wp-content\/uploads\/2025\/10\/GH_Agilex-piper_3.webp","type":"image\/webp"}],"twitter_card":"summary_large_image","twitter_site":"@Gh0stysky","twitter_misc":{"Dur\u00e9e de lecture estim\u00e9e":"2 minutes"},"schema":{"@context":"https:\/\/schema.org","@graph":[{"@type":"WebPage","@id":"https:\/\/www.ghostysky.com\/product\/agilex-piper\/","url":"https:\/\/www.ghostysky.com\/product\/agilex-piper\/","name":"Agilex Piper - Ghostysky","isPartOf":{"@id":"https:\/\/www.ghostysky.com\/#website"},"primaryImageOfPage":{"@id":"https:\/\/www.ghostysky.com\/product\/agilex-piper\/#primaryimage"},"image":{"@id":"https:\/\/www.ghostysky.com\/product\/agilex-piper\/#primaryimage"},"thumbnailUrl":"https:\/\/www.ghostysky.com\/wp-content\/uploads\/2025\/10\/GH_Agilex-piper_3.webp","datePublished":"2025-10-15T11:20:55+00:00","dateModified":"2026-02-23T13:20:37+00:00","breadcrumb":{"@id":"https:\/\/www.ghostysky.com\/product\/agilex-piper\/#breadcrumb"},"inLanguage":"fr-FR","potentialAction":[{"@type":"ReadAction","target":["https:\/\/www.ghostysky.com\/product\/agilex-piper\/"]}]},{"@type":"ImageObject","inLanguage":"fr-FR","@id":"https:\/\/www.ghostysky.com\/product\/agilex-piper\/#primaryimage","url":"https:\/\/www.ghostysky.com\/wp-content\/uploads\/2025\/10\/GH_Agilex-piper_3.webp","contentUrl":"https:\/\/www.ghostysky.com\/wp-content\/uploads\/2025\/10\/GH_Agilex-piper_3.webp","width":550,"height":550},{"@type":"BreadcrumbList","@id":"https:\/\/www.ghostysky.com\/product\/agilex-piper\/#breadcrumb","itemListElement":[{"@type":"ListItem","position":1,"name":"Home","item":"https:\/\/www.ghostysky.com\/"},{"@type":"ListItem","position":2,"name":"Shop","item":"https:\/\/www.ghostysky.com\/shop\/"},{"@type":"ListItem","position":3,"name":"Agilex Piper"}]},{"@type":"WebSite","@id":"https:\/\/www.ghostysky.com\/#website","url":"https:\/\/www.ghostysky.com\/","name":"Ghostysky","description":"Livraison de drones et de services professionnels","publisher":{"@id":"https:\/\/www.ghostysky.com\/#organization"},"potentialAction":[{"@type":"SearchAction","target":{"@type":"EntryPoint","urlTemplate":"https:\/\/www.ghostysky.com\/?s={search_term_string}"},"query-input":{"@type":"PropertyValueSpecification","valueRequired":true,"valueName":"search_term_string"}}],"inLanguage":"fr-FR"},{"@type":"Organization","@id":"https:\/\/www.ghostysky.com\/#organization","name":"Ghostysky","url":"https:\/\/www.ghostysky.com\/","logo":{"@type":"ImageObject","inLanguage":"fr-FR","@id":"https:\/\/www.ghostysky.com\/#\/schema\/logo\/image\/","url":"https:\/\/www.ghostysky.com\/wp-content\/uploads\/2020\/06\/cropped-ghostyskylogo_text_white2.png","contentUrl":"https:\/\/www.ghostysky.com\/wp-content\/uploads\/2020\/06\/cropped-ghostyskylogo_text_white2.png","width":169,"height":56,"caption":"Ghostysky"},"image":{"@id":"https:\/\/www.ghostysky.com\/#\/schema\/logo\/image\/"},"sameAs":["https:\/\/www.facebook.com\/people\/Ghostysky\/100057676170234\/","https:\/\/x.com\/Gh0stysky","https:\/\/www.linkedin.com\/company\/34739653","https:\/\/www.instagram.com\/gh0stysky"]}]}},"_links":{"self":[{"href":"https:\/\/www.ghostysky.com\/fr\/wp-json\/wp\/v2\/product\/21022","targetHints":{"allow":["GET"]}}],"collection":[{"href":"https:\/\/www.ghostysky.com\/fr\/wp-json\/wp\/v2\/product"}],"about":[{"href":"https:\/\/www.ghostysky.com\/fr\/wp-json\/wp\/v2\/types\/product"}],"replies":[{"embeddable":true,"href":"https:\/\/www.ghostysky.com\/fr\/wp-json\/wp\/v2\/comments?post=21022"}],"wp:featuredmedia":[{"embeddable":true,"href":"https:\/\/www.ghostysky.com\/fr\/wp-json\/wp\/v2\/media\/21027"}],"wp:attachment":[{"href":"https:\/\/www.ghostysky.com\/fr\/wp-json\/wp\/v2\/media?parent=21022"}],"wp:term":[{"taxonomy":"product_brand","embeddable":true,"href":"https:\/\/www.ghostysky.com\/fr\/wp-json\/wp\/v2\/product_brand?post=21022"},{"taxonomy":"product_cat","embeddable":true,"href":"https:\/\/www.ghostysky.com\/fr\/wp-json\/wp\/v2\/product_cat?post=21022"},{"taxonomy":"product_tag","embeddable":true,"href":"https:\/\/www.ghostysky.com\/fr\/wp-json\/wp\/v2\/product_tag?post=21022"}],"curies":[{"name":"wp","href":"https:\/\/api.w.org\/{rel}","templated":true}]}}