{"id":21042,"date":"2025-10-15T11:43:06","date_gmt":"2025-10-15T11:43:06","guid":{"rendered":"https:\/\/www.ghostysky.com\/?post_type=product&#038;p=21042"},"modified":"2026-01-10T09:18:58","modified_gmt":"2026-01-10T09:18:58","slug":"agilex-hunter-2-0","status":"publish","type":"product","link":"https:\/\/www.ghostysky.com\/fr\/product\/agilex-hunter-2-0\/","title":{"rendered":"Agilex Hunter 2.0"},"content":{"rendered":"<p><b>Caract\u00e9ristiques principales :<\/b><\/p>\n<ul>\n<li><b>Capacit\u00e9 de charge utile \u00e9lev\u00e9e :<\/b><span class=\"citation-177\"> Prend en charge une charge utile substantielle allant jusqu&#039;\u00e0 <\/span><b><span class=\"citation-177\">150 kg (330 lb)<\/span><\/b><span class=\"citation-177 citation-end-177\">, permettant un transport efficace et l&#039;int\u00e9gration d&#039;\u00e9quipements lourds.<\/span><\/li>\n<li><b><span class=\"citation-176\">Transmission et suspension robustes :<\/span><\/b><span class=\"citation-176\"> Utilise <\/span><b><span class=\"citation-176\">direction Ackermann des roues avant<\/span><\/b><span class=\"citation-176\"> et un <\/span><b><span class=\"citation-176\">syst\u00e8me de suspension \u00e0 bascule<\/span><\/b><span class=\"citation-176 citation-end-176\"> pour franchir les obstacles routiers courants tels que les ralentisseurs et les pentes jusqu&#039;\u00e0 <\/span><span class=\"math-inline\"><span class=\"katex\"><span class=\"katex-html\" aria-hidden=\"true\"><span class=\"base\"><span class=\"mord\">1<\/span><span class=\"mord\">0<span class=\"msupsub\"><span class=\"vlist-t\"><span class=\"vlist-r\"><span class=\"vlist\"><span class=\"\"><span class=\"sizing reset-size6 size3 mtight\"><span class=\"mbin mtight\">\u2218<\/span><\/span><\/span><\/span><\/span><\/span><\/span><\/span><\/span><\/span><\/span><\/span><span class=\"citation-175 citation-end-175\">, tout en minimisant l\u2019usure des pneus.<\/span> <span class=\"citation-174\">Il est propuls\u00e9 par un puissant <\/span><b><span class=\"citation-174\">deux servomoteurs de 400 W<\/span><\/b><span class=\"citation-174 citation-end-174\">.<\/span><\/li>\n<li><b>Excellente endurance :<\/b><span class=\"citation-173 citation-end-173\"> La norme <\/span><span class=\"math-inline\"><span class=\"katex\"><span class=\"katex-html\" aria-hidden=\"true\"><span class=\"base\"><span class=\"mord\">24<\/span><span class=\"mord mathnormal\">V<\/span><span class=\"mord\">30<\/span><span class=\"mord mathnormal\">UN<\/span><span class=\"mord mathnormal\">h<\/span><\/span><\/span><\/span><\/span><span class=\"citation-172\"> la batterie offre une autonomie \u00e0 vide de <\/span><b><span class=\"citation-172\">22 km (13,6 miles)<\/span><\/b><span class=\"citation-172\">, qui peut \u00eatre \u00e9tendu jusqu&#039;\u00e0 <\/span><b><span class=\"citation-172\">40 km (24,9 miles)<\/span><\/b><span class=\"citation-172 citation-end-172\"> avec une option <\/span><span class=\"math-inline\"><span class=\"katex\"><span class=\"katex-html\" aria-hidden=\"true\"><span class=\"base\"><span class=\"mord\">24<\/span><span class=\"mord mathnormal\">V<\/span><span class=\"mord\">60<\/span><span class=\"mord mathnormal\">UN<\/span><span class=\"mord mathnormal\">h<\/span><\/span><\/span><\/span><\/span><span class=\"citation-171 citation-end-171\"> mise \u00e0 niveau de la batterie.<\/span> <span class=\"citation-170 citation-end-170\">Le compartiment \u00e0 piles r\u00e9volutionnaire permet un remplacement rapide.<\/span><\/li>\n<li><b>Stationnement s\u00e9curis\u00e9 sans alimentation :<\/b><span class=\"citation-169 citation-end-169\"> Un syst\u00e8me sp\u00e9cialement con\u00e7u assure un stationnement fiable et stable, m\u00eame en pente, en bloquant les roues en cas de perte de puissance ou de dysfonctionnement<\/span><\/li>\n<li><b>D\u00e9veloppement secondaire rapide :<\/b><span class=\"citation-168\"> Comprend un <\/span><b><span class=\"citation-168\">Interface de bus CAN<\/span><\/b><span class=\"citation-168\"> et inclut des logiciels open source <\/span><b><span class=\"citation-168\">Paquets C++ et ROS<\/span><\/b><span class=\"citation-168 citation-end-168\"> (Robotics Operating System) pour faciliter un d\u00e9veloppement et une int\u00e9gration rapides.<\/span> <span class=\"citation-167\">Le dessus de la plateforme est \u00e9quip\u00e9 de <\/span><b><span class=\"citation-167\">rails \u00e0 rainures en T en aluminium<\/span><\/b><span class=\"citation-167 citation-end-167\"> pour un montage facile et s\u00e9curis\u00e9 de capteurs, de plates-formes de calcul et d&#039;autres \u00e9quipements externes.<\/span><\/li>\n<li><b>Performances personnalisables :<\/b><span class=\"citation-166 citation-end-166\"> La vitesse maximale standard est <\/span><span class=\"math-inline\"><span class=\"katex\"><span class=\"katex-html\" aria-hidden=\"true\"><span class=\"base\"><span class=\"mord\">6<\/span><span class=\"mord mathnormal\">km<\/span><span class=\"mord\">\/<\/span><span class=\"mord mathnormal\">h<\/span><\/span><\/span><\/span><\/span><span class=\"citation-165 citation-end-165\">, avec la possibilit\u00e9 de le personnaliser et de le mettre \u00e0 niveau jusqu&#039;\u00e0 <\/span><b><span class=\"math-inline\"><span class=\"katex\"><span class=\"katex-html\" aria-hidden=\"true\"><span class=\"base\"><span class=\"mord\">10<\/span><span class=\"mord mathnormal\">km<\/span><span class=\"mord\">\/<\/span><span class=\"mord mathnormal\">h<\/span><\/span><\/span><\/span><\/span><\/b><span class=\"citation-164 citation-end-164\"> pour s&#039;adapter \u00e0 diverses applications de conduite autonome et industrielles.<\/span><\/li>\n<\/ul>\n<p><span class=\"citation-163\">Le Hunter 2.0 est une plate-forme polyvalente parfaitement adapt\u00e9e aux applications dans <\/span><b><span class=\"citation-163 citation-end-163\">inspection autonome, transport logistique\/mat\u00e9riel, patrouille de s\u00e9curit\u00e9, recherche universitaire et service gouvernemental\/public.<\/span><\/b><\/p>","protected":false},"excerpt":{"rendered":"<p><span class=\"citation-179\">Le <\/span><b><span class=\"citation-179\">Agilex Hunter 2.0<\/span><\/b><span class=\"citation-179\"> est un v\u00e9hicule terrestre sans pilote (UGV) robuste et de poids moyen con\u00e7u pour <\/span><b><span class=\"citation-179\">sc\u00e9narios de conduite autonome \u00e0 basse vitesse<\/span><\/b><span class=\"citation-179 citation-end-179\"> qui exigent une capacit\u00e9 de charge utile \u00e9lev\u00e9e, une endurance sup\u00e9rieure et une excellente adaptabilit\u00e9.<\/span><\/p>\n<p><span class=\"citation-178\">Construit sur un <\/span><b><span class=\"citation-178\">Mod\u00e8le de direction d&#039;Ackermann<\/span><\/b><span class=\"citation-178\"> semblable \u00e0 une voiture, ce ch\u00e2ssis de robot mobile programmable est dot\u00e9 d&#039;un <\/span><b><span class=\"citation-178\">carrosserie tout en acier<\/span><\/b><span class=\"citation-178 citation-end-178\"> et un syst\u00e8me d&#039;alimentation avanc\u00e9, le rendant id\u00e9al pour les travaux de haute intensit\u00e9 \u00e0 l&#039;int\u00e9rieur comme \u00e0 l&#039;ext\u00e9rieur, en particulier sur les routes en b\u00e9ton et en asphalte.<\/span><\/p>","protected":false},"featured_media":21044,"comment_status":"open","ping_status":"closed","template":"","meta":[],"product_brand":[1046],"product_cat":[1043,1044,1042,1037],"product_tag":[1047,1055,1052,1056],"class_list":{"0":"post-21042","1":"product","2":"type-product","3":"status-publish","4":"has-post-thumbnail","6":"product_brand-agilex","7":"product_cat-agilex","8":"product_cat-agilex-robots","9":"product_cat-chassis","10":"product_cat-robotics","11":"product_tag-agilex","12":"product_tag-agilex-chassis","13":"product_tag-agilex-robots","14":"product_tag-hunter2-0","16":"first","17":"onbackorder","18":"taxable","19":"shipping-taxable","20":"product-type-simple"},"yoast_head":"<!-- This site is optimized with the Yoast SEO plugin v27.4 - https:\/\/yoast.com\/product\/yoast-seo-wordpress\/ -->\n<title>Agilex Hunter 2.0 - Ghostysky<\/title>\n<meta name=\"description\" content=\"The Agilex Hunter 2.0 is a robust, mid-weight Unmanned Ground Vehicle (UGV) engineered for low-speed autonomous driving scenarios that demand high payload capacity, superior endurance, and excellent adaptability.\" \/>\n<meta name=\"robots\" content=\"index, follow, max-snippet:-1, max-image-preview:large, max-video-preview:-1\" \/>\n<link rel=\"canonical\" href=\"https:\/\/www.ghostysky.com\/fr\/product\/agilex-hunter-2-0\/\" \/>\n<meta property=\"og:locale\" content=\"fr_FR\" \/>\n<meta property=\"og:type\" content=\"article\" \/>\n<meta property=\"og:title\" content=\"Agilex Hunter 2.0 - Ghostysky\" \/>\n<meta property=\"og:description\" content=\"The Agilex Hunter 2.0 is a robust, mid-weight Unmanned Ground Vehicle (UGV) engineered for low-speed autonomous driving scenarios that demand high payload capacity, superior endurance, and excellent adaptability.\" \/>\n<meta property=\"og:url\" content=\"https:\/\/www.ghostysky.com\/fr\/product\/agilex-hunter-2-0\/\" \/>\n<meta property=\"og:site_name\" content=\"Ghostysky\" \/>\n<meta property=\"article:publisher\" content=\"https:\/\/www.facebook.com\/people\/Ghostysky\/100057676170234\/\" \/>\n<meta property=\"article:modified_time\" content=\"2026-01-10T09:18:58+00:00\" \/>\n<meta property=\"og:image\" content=\"https:\/\/www.ghostysky.com\/wp-content\/uploads\/2025\/10\/GH_Agilex_Hunter2.0_1.webp\" \/>\n\t<meta property=\"og:image:width\" content=\"600\" \/>\n\t<meta property=\"og:image:height\" content=\"600\" \/>\n\t<meta property=\"og:image:type\" content=\"image\/webp\" \/>\n<meta name=\"twitter:card\" content=\"summary_large_image\" \/>\n<meta name=\"twitter:site\" content=\"@Gh0stysky\" \/>\n<meta name=\"twitter:label1\" content=\"Dur\u00e9e de lecture estim\u00e9e\" \/>\n\t<meta name=\"twitter:data1\" content=\"2 minutes\" \/>\n<script type=\"application\/ld+json\" class=\"yoast-schema-graph\">{\"@context\":\"https:\\\/\\\/schema.org\",\"@graph\":[{\"@type\":\"WebPage\",\"@id\":\"https:\\\/\\\/www.ghostysky.com\\\/product\\\/agilex-hunter-2-0\\\/\",\"url\":\"https:\\\/\\\/www.ghostysky.com\\\/product\\\/agilex-hunter-2-0\\\/\",\"name\":\"Agilex Hunter 2.0 - Ghostysky\",\"isPartOf\":{\"@id\":\"https:\\\/\\\/www.ghostysky.com\\\/#website\"},\"primaryImageOfPage\":{\"@id\":\"https:\\\/\\\/www.ghostysky.com\\\/product\\\/agilex-hunter-2-0\\\/#primaryimage\"},\"image\":{\"@id\":\"https:\\\/\\\/www.ghostysky.com\\\/product\\\/agilex-hunter-2-0\\\/#primaryimage\"},\"thumbnailUrl\":\"https:\\\/\\\/www.ghostysky.com\\\/wp-content\\\/uploads\\\/2025\\\/10\\\/GH_Agilex_Hunter2.0_1.webp\",\"datePublished\":\"2025-10-15T11:43:06+00:00\",\"dateModified\":\"2026-01-10T09:18:58+00:00\",\"description\":\"The Agilex Hunter 2.0 is a robust, mid-weight Unmanned Ground Vehicle (UGV) engineered for low-speed autonomous driving scenarios that demand high payload capacity, superior endurance, and excellent adaptability.\",\"breadcrumb\":{\"@id\":\"https:\\\/\\\/www.ghostysky.com\\\/product\\\/agilex-hunter-2-0\\\/#breadcrumb\"},\"inLanguage\":\"fr-FR\",\"potentialAction\":[{\"@type\":\"ReadAction\",\"target\":[\"https:\\\/\\\/www.ghostysky.com\\\/product\\\/agilex-hunter-2-0\\\/\"]}]},{\"@type\":\"ImageObject\",\"inLanguage\":\"fr-FR\",\"@id\":\"https:\\\/\\\/www.ghostysky.com\\\/product\\\/agilex-hunter-2-0\\\/#primaryimage\",\"url\":\"https:\\\/\\\/www.ghostysky.com\\\/wp-content\\\/uploads\\\/2025\\\/10\\\/GH_Agilex_Hunter2.0_1.webp\",\"contentUrl\":\"https:\\\/\\\/www.ghostysky.com\\\/wp-content\\\/uploads\\\/2025\\\/10\\\/GH_Agilex_Hunter2.0_1.webp\",\"width\":600,\"height\":600},{\"@type\":\"BreadcrumbList\",\"@id\":\"https:\\\/\\\/www.ghostysky.com\\\/product\\\/agilex-hunter-2-0\\\/#breadcrumb\",\"itemListElement\":[{\"@type\":\"ListItem\",\"position\":1,\"name\":\"Home\",\"item\":\"https:\\\/\\\/www.ghostysky.com\\\/\"},{\"@type\":\"ListItem\",\"position\":2,\"name\":\"Shop\",\"item\":\"https:\\\/\\\/www.ghostysky.com\\\/shop\\\/\"},{\"@type\":\"ListItem\",\"position\":3,\"name\":\"Agilex Hunter 2.0\"}]},{\"@type\":\"WebSite\",\"@id\":\"https:\\\/\\\/www.ghostysky.com\\\/#website\",\"url\":\"https:\\\/\\\/www.ghostysky.com\\\/\",\"name\":\"Ghostysky\",\"description\":\"Delivering professional drones and services\",\"publisher\":{\"@id\":\"https:\\\/\\\/www.ghostysky.com\\\/#organization\"},\"potentialAction\":[{\"@type\":\"SearchAction\",\"target\":{\"@type\":\"EntryPoint\",\"urlTemplate\":\"https:\\\/\\\/www.ghostysky.com\\\/?s={search_term_string}\"},\"query-input\":{\"@type\":\"PropertyValueSpecification\",\"valueRequired\":true,\"valueName\":\"search_term_string\"}}],\"inLanguage\":\"fr-FR\"},{\"@type\":\"Organization\",\"@id\":\"https:\\\/\\\/www.ghostysky.com\\\/#organization\",\"name\":\"Ghostysky\",\"url\":\"https:\\\/\\\/www.ghostysky.com\\\/\",\"logo\":{\"@type\":\"ImageObject\",\"inLanguage\":\"fr-FR\",\"@id\":\"https:\\\/\\\/www.ghostysky.com\\\/#\\\/schema\\\/logo\\\/image\\\/\",\"url\":\"https:\\\/\\\/www.ghostysky.com\\\/wp-content\\\/uploads\\\/2020\\\/06\\\/cropped-ghostyskylogo_text_white2.png\",\"contentUrl\":\"https:\\\/\\\/www.ghostysky.com\\\/wp-content\\\/uploads\\\/2020\\\/06\\\/cropped-ghostyskylogo_text_white2.png\",\"width\":169,\"height\":56,\"caption\":\"Ghostysky\"},\"image\":{\"@id\":\"https:\\\/\\\/www.ghostysky.com\\\/#\\\/schema\\\/logo\\\/image\\\/\"},\"sameAs\":[\"https:\\\/\\\/www.facebook.com\\\/people\\\/Ghostysky\\\/100057676170234\\\/\",\"https:\\\/\\\/x.com\\\/Gh0stysky\",\"https:\\\/\\\/www.linkedin.com\\\/company\\\/34739653\",\"https:\\\/\\\/www.instagram.com\\\/gh0stysky\"]}]}<\/script>\n<!-- \/ Yoast SEO plugin. -->","yoast_head_json":{"title":"Agilex Hunter 2.0 - Ghostysky","description":"L&#039;Agilex Hunter 2.0 est un v\u00e9hicule terrestre sans pilote (UGV) robuste et de poids moyen con\u00e7u pour les sc\u00e9narios de conduite autonome \u00e0 basse vitesse qui exigent une capacit\u00e9 de charge utile \u00e9lev\u00e9e, une endurance sup\u00e9rieure et une excellente adaptabilit\u00e9.","robots":{"index":"index","follow":"follow","max-snippet":"max-snippet:-1","max-image-preview":"max-image-preview:large","max-video-preview":"max-video-preview:-1"},"canonical":"https:\/\/www.ghostysky.com\/fr\/product\/agilex-hunter-2-0\/","og_locale":"fr_FR","og_type":"article","og_title":"Agilex Hunter 2.0 - Ghostysky","og_description":"The Agilex Hunter 2.0 is a robust, mid-weight Unmanned Ground Vehicle (UGV) engineered for low-speed autonomous driving scenarios that demand high payload capacity, superior endurance, and excellent adaptability.","og_url":"https:\/\/www.ghostysky.com\/fr\/product\/agilex-hunter-2-0\/","og_site_name":"Ghostysky","article_publisher":"https:\/\/www.facebook.com\/people\/Ghostysky\/100057676170234\/","article_modified_time":"2026-01-10T09:18:58+00:00","og_image":[{"width":600,"height":600,"url":"https:\/\/www.ghostysky.com\/wp-content\/uploads\/2025\/10\/GH_Agilex_Hunter2.0_1.webp","type":"image\/webp"}],"twitter_card":"summary_large_image","twitter_site":"@Gh0stysky","twitter_misc":{"Dur\u00e9e de lecture estim\u00e9e":"2 minutes"},"schema":{"@context":"https:\/\/schema.org","@graph":[{"@type":"WebPage","@id":"https:\/\/www.ghostysky.com\/product\/agilex-hunter-2-0\/","url":"https:\/\/www.ghostysky.com\/product\/agilex-hunter-2-0\/","name":"Agilex Hunter 2.0 - Ghostysky","isPartOf":{"@id":"https:\/\/www.ghostysky.com\/#website"},"primaryImageOfPage":{"@id":"https:\/\/www.ghostysky.com\/product\/agilex-hunter-2-0\/#primaryimage"},"image":{"@id":"https:\/\/www.ghostysky.com\/product\/agilex-hunter-2-0\/#primaryimage"},"thumbnailUrl":"https:\/\/www.ghostysky.com\/wp-content\/uploads\/2025\/10\/GH_Agilex_Hunter2.0_1.webp","datePublished":"2025-10-15T11:43:06+00:00","dateModified":"2026-01-10T09:18:58+00:00","description":"L&#039;Agilex Hunter 2.0 est un v\u00e9hicule terrestre sans pilote (UGV) robuste et de poids moyen con\u00e7u pour les sc\u00e9narios de conduite autonome \u00e0 basse vitesse qui exigent une capacit\u00e9 de charge utile \u00e9lev\u00e9e, une endurance sup\u00e9rieure et une excellente adaptabilit\u00e9.","breadcrumb":{"@id":"https:\/\/www.ghostysky.com\/product\/agilex-hunter-2-0\/#breadcrumb"},"inLanguage":"fr-FR","potentialAction":[{"@type":"ReadAction","target":["https:\/\/www.ghostysky.com\/product\/agilex-hunter-2-0\/"]}]},{"@type":"ImageObject","inLanguage":"fr-FR","@id":"https:\/\/www.ghostysky.com\/product\/agilex-hunter-2-0\/#primaryimage","url":"https:\/\/www.ghostysky.com\/wp-content\/uploads\/2025\/10\/GH_Agilex_Hunter2.0_1.webp","contentUrl":"https:\/\/www.ghostysky.com\/wp-content\/uploads\/2025\/10\/GH_Agilex_Hunter2.0_1.webp","width":600,"height":600},{"@type":"BreadcrumbList","@id":"https:\/\/www.ghostysky.com\/product\/agilex-hunter-2-0\/#breadcrumb","itemListElement":[{"@type":"ListItem","position":1,"name":"Home","item":"https:\/\/www.ghostysky.com\/"},{"@type":"ListItem","position":2,"name":"Shop","item":"https:\/\/www.ghostysky.com\/shop\/"},{"@type":"ListItem","position":3,"name":"Agilex Hunter 2.0"}]},{"@type":"WebSite","@id":"https:\/\/www.ghostysky.com\/#website","url":"https:\/\/www.ghostysky.com\/","name":"Ghostysky","description":"Livraison de drones et de services professionnels","publisher":{"@id":"https:\/\/www.ghostysky.com\/#organization"},"potentialAction":[{"@type":"SearchAction","target":{"@type":"EntryPoint","urlTemplate":"https:\/\/www.ghostysky.com\/?s={search_term_string}"},"query-input":{"@type":"PropertyValueSpecification","valueRequired":true,"valueName":"search_term_string"}}],"inLanguage":"fr-FR"},{"@type":"Organization","@id":"https:\/\/www.ghostysky.com\/#organization","name":"Ghostysky","url":"https:\/\/www.ghostysky.com\/","logo":{"@type":"ImageObject","inLanguage":"fr-FR","@id":"https:\/\/www.ghostysky.com\/#\/schema\/logo\/image\/","url":"https:\/\/www.ghostysky.com\/wp-content\/uploads\/2020\/06\/cropped-ghostyskylogo_text_white2.png","contentUrl":"https:\/\/www.ghostysky.com\/wp-content\/uploads\/2020\/06\/cropped-ghostyskylogo_text_white2.png","width":169,"height":56,"caption":"Ghostysky"},"image":{"@id":"https:\/\/www.ghostysky.com\/#\/schema\/logo\/image\/"},"sameAs":["https:\/\/www.facebook.com\/people\/Ghostysky\/100057676170234\/","https:\/\/x.com\/Gh0stysky","https:\/\/www.linkedin.com\/company\/34739653","https:\/\/www.instagram.com\/gh0stysky"]}]}},"_links":{"self":[{"href":"https:\/\/www.ghostysky.com\/fr\/wp-json\/wp\/v2\/product\/21042","targetHints":{"allow":["GET"]}}],"collection":[{"href":"https:\/\/www.ghostysky.com\/fr\/wp-json\/wp\/v2\/product"}],"about":[{"href":"https:\/\/www.ghostysky.com\/fr\/wp-json\/wp\/v2\/types\/product"}],"replies":[{"embeddable":true,"href":"https:\/\/www.ghostysky.com\/fr\/wp-json\/wp\/v2\/comments?post=21042"}],"version-history":[{"count":0,"href":"https:\/\/www.ghostysky.com\/fr\/wp-json\/wp\/v2\/product\/21042\/revisions"}],"wp:featuredmedia":[{"embeddable":true,"href":"https:\/\/www.ghostysky.com\/fr\/wp-json\/wp\/v2\/media\/21044"}],"wp:attachment":[{"href":"https:\/\/www.ghostysky.com\/fr\/wp-json\/wp\/v2\/media?parent=21042"}],"wp:term":[{"taxonomy":"product_brand","embeddable":true,"href":"https:\/\/www.ghostysky.com\/fr\/wp-json\/wp\/v2\/product_brand?post=21042"},{"taxonomy":"product_cat","embeddable":true,"href":"https:\/\/www.ghostysky.com\/fr\/wp-json\/wp\/v2\/product_cat?post=21042"},{"taxonomy":"product_tag","embeddable":true,"href":"https:\/\/www.ghostysky.com\/fr\/wp-json\/wp\/v2\/product_tag?post=21042"}],"curies":[{"name":"wp","href":"https:\/\/api.w.org\/{rel}","templated":true}]}}