{"id":21057,"date":"2025-10-15T12:26:06","date_gmt":"2025-10-15T12:26:06","guid":{"rendered":"https:\/\/www.ghostysky.com\/?post_type=product&#038;p=21057"},"modified":"2025-10-15T12:28:05","modified_gmt":"2025-10-15T12:28:05","slug":"agilex-titan","status":"publish","type":"product","link":"https:\/\/www.ghostysky.com\/fr\/product\/agilex-titan\/","title":{"rendered":"Agilex Titan"},"content":{"rendered":"<h3>Principales caract\u00e9ristiques et sp\u00e9cifications<\/h3>\n<ul>\n<li><b>Capacit\u00e9 de charge utile \u00e9lev\u00e9e :<\/b><span class=\"citation-230\"> Prend en charge une part substantielle <\/span><b><span class=\"citation-230\">300 kg<\/span><\/b><span class=\"citation-230 citation-end-230\"> charge utile, ce qui le rend adapt\u00e9 au transport d&#039;\u00e9quipements lourds ou de grands r\u00e9seaux de capteurs.<\/span><\/li>\n<li><b>Capacit\u00e9 tout-terrain :<\/b><span class=\"citation-229\"> Con\u00e7u pour fonctionner de mani\u00e8re fiable dans <\/span><b><span class=\"citation-229\">environnements difficiles et extr\u00eames<\/span><\/b><span class=\"citation-229 citation-end-229\">, il est dot\u00e9 d&#039;un ch\u00e2ssis robuste avec des bras oscillants avant adaptatifs et des amortisseurs arri\u00e8re pour am\u00e9liorer la stabilit\u00e9, la conduite et les virages sur des surfaces difficiles (humides, glissantes, meubles, in\u00e9gales, pentes raides).<\/span>\n<ul>\n<li><b><span class=\"citation-228\">Franchissement d&#039;obstacles maximal :<\/span><\/b><span class=\"citation-228 citation-end-228\"> 120 mm<\/span><\/li>\n<li><b>Capacit\u00e9 d&#039;escalade maximale :<\/b> <span class=\"math-inline\"><span class=\"katex\"><span class=\"katex-html\" aria-hidden=\"true\"><span class=\"base\"><span class=\"mord\">1<\/span><span class=\"mord\">0<span class=\"msupsub\"><span class=\"vlist-t\"><span class=\"vlist-r\"><span class=\"vlist\"><span class=\"\"><span class=\"sizing reset-size6 size3 mtight\"><span class=\"mbin mtight\">\u2218<\/span><\/span><\/span><\/span><\/span><\/span><\/span><\/span><\/span><\/span><\/span><\/span><\/li>\n<\/ul>\n<\/li>\n<li><b>Direction et maniabilit\u00e9 :<\/b><span class=\"citation-227\"> \u00c9quip\u00e9 de <\/span><b><span class=\"citation-227\">Direction Ackermann avant et arri\u00e8re<\/span><\/b><span class=\"citation-227 citation-end-227\"> pour une maniabilit\u00e9 et un contr\u00f4le sup\u00e9rieurs.<\/span><\/li>\n<li><b>Syst\u00e8me d&#039;alimentation :<\/b><span class=\"citation-226\"> Utilise une batterie au lithium (48 V 24 Ah, avec prise en charge de deux batteries) et dispose d&#039;un <\/span><b><span class=\"citation-226\">compartiment de batterie portable double face rempla\u00e7able \u00e0 chaud<\/span><\/b><span class=\"citation-226 citation-end-226\"> pour minimiser les temps d&#039;arr\u00eat gr\u00e2ce \u00e0 une charge rapide et un remplacement facile.<\/span>\n<ul>\n<li><b>Parking:<\/b><span class=\"citation-225\"> Comprend un <\/span><b><span class=\"citation-225\">Frein \u00e9lectromagn\u00e9tique \u00e0 courant continu<\/span><\/b><span class=\"citation-225 citation-end-225\"> pour un stationnement s\u00e9curis\u00e9.<\/span><\/li>\n<\/ul>\n<\/li>\n<li><b><span class=\"citation-224\">Connectivit\u00e9 :<\/span><\/b> <b><span class=\"citation-224\">Compatible ROS<\/span><\/b><span class=\"citation-224\"> (Robot Operating System) avec communication via <\/span><b><span class=\"citation-224\">bus CAN<\/span><\/b><span class=\"citation-224\"> et <\/span><b><span class=\"citation-224\">RS-232<\/span><\/b><span class=\"citation-224 citation-end-224\"> interfaces, facilitant l&#039;int\u00e9gration avec divers syst\u00e8mes de d\u00e9tection et de contr\u00f4le pour un fonctionnement et un d\u00e9veloppement autonomes.<\/span>\n<div class=\"source-inline-chip-container ng-star-inserted\"><\/div>\n<\/li>\n<\/ul>\n<hr \/>\n<p>&nbsp;<\/p>\n<h2>FPGA Intel Agilex 7 avec F-Tile (souvent appel\u00e9 \u00ab Titan \u00bb en r\u00e9f\u00e9rence au F-Tile rapide)<\/h2>\n<p><span class=\"citation-223\">Le <\/span><b><span class=\"citation-223\">FPGA Intel Agilex 7 avec F-Tile<\/span><\/b><span class=\"citation-223 citation-end-223\"> sont des r\u00e9seaux de portes programmables sur site ultra-performants d\u00e9velopp\u00e9s par Intel (maintenant Altera).<\/span> La r\u00e9f\u00e9rence \u00ab Titan \u00bb est souvent utilis\u00e9e famili\u00e8rement pour souligner la vitesse et les capacit\u00e9s extr\u00eames des \u00e9metteurs-r\u00e9cepteurs F-Tile int\u00e9gr\u00e9s dans cette s\u00e9rie, qui sont cruciales pour les applications exigeantes en bande passante.<\/p>\n<h3>Principales fonctionnalit\u00e9s et capacit\u00e9s<\/h3>\n<ul>\n<li><b>Performances d&#039;\u00e9metteur-r\u00e9cepteur de pointe\u00a0:<\/b><span class=\"citation-222\"> Comprend le syst\u00e8me int\u00e9gr\u00e9 <\/span><b><span class=\"citation-222\">Architecture F-Tile<\/span><\/b><span class=\"citation-222\"> qui fournit les \u00e9metteurs-r\u00e9cepteurs FPGA les plus rapides du march\u00e9, prenant en charge des d\u00e9bits de donn\u00e9es allant jusqu&#039;\u00e0 <\/span><b><span class=\"citation-222\">116 Gigabits par seconde (Gbit\/s)<\/span><\/b><span class=\"citation-222 citation-end-222\">.<\/span><\/li>\n<li><b>R\u00e9seau \u00e0 large bande passante\u00a0:<\/b><span class=\"citation-221\"> Offres <\/span><b><span class=\"citation-221\">Propri\u00e9t\u00e9 intellectuelle (IP) renforc\u00e9e du 400 Gigabit Ethernet (GbE)<\/span><\/b><span class=\"citation-221 citation-end-221\">, permettant une connectivit\u00e9 flexible, haute densit\u00e9 et haut d\u00e9bit de 10G \u00e0 400G Ethernet.<\/span><\/li>\n<li><b>Technologie des proc\u00e9d\u00e9s :<\/b><span class=\"citation-220\"> Construit sur la technologie avanc\u00e9e d&#039;Intel <\/span><b><span class=\"citation-220\">Technologie de proc\u00e9d\u00e9 SuperFin 10 nm<\/span><\/b><span class=\"citation-220 citation-end-220\"> pour une efficacit\u00e9 \u00e9nerg\u00e9tique et des performances am\u00e9lior\u00e9es.<\/span><\/li>\n<li><b>Applications polyvalentes :<\/b> Con\u00e7u pour les applications dans les domaines les plus gourmands en bande passante et en calcul, notamment\u00a0:\n<ul>\n<li><b><span class=\"citation-219\">Centres de donn\u00e9es<\/span><\/b><span class=\"citation-219 citation-end-219\"> (acc\u00e9l\u00e9rateurs, IPU)<\/span><\/li>\n<li><b><span class=\"citation-218\">R\u00e9seautage<\/span><\/b><span class=\"citation-218 citation-end-218\"> (R\u00e9seaux optiques de 400 Gbps \u00e0 1,6 Tbps, r\u00e9seaux 5G)<\/span><\/li>\n<li><b>Diffuser<\/b> (normes HDMI, SDI)<\/li>\n<li><b>Informatique embarqu\u00e9e et Edge Computing<\/b><\/li>\n<\/ul>\n<\/li>\n<li><b>Avantages architecturaux :<\/b><span class=\"citation-217\"> Soutient <\/span><b><span class=\"citation-217\">PCIe 5.0<\/span><\/b><span class=\"citation-217\"> et <\/span><b><span class=\"citation-217\">Compute Express Link (CXL)<\/span><\/b><span class=\"citation-217 citation-end-217\">, permettant une connectivit\u00e9 h\u00f4te-p\u00e9riph\u00e9rique \u00e0 haut d\u00e9bit et une coh\u00e9rence de la m\u00e9moire sur des syst\u00e8mes h\u00e9t\u00e9rog\u00e8nes.<\/span><\/li>\n<li><b><span class=\"citation-216\">Flexibilit\u00e9 et int\u00e9gration :<\/span><\/b><span class=\"citation-216 citation-end-216\"> Les FPGA offrent un haut degr\u00e9 de personnalisation et d&#039;int\u00e9gration h\u00e9t\u00e9rog\u00e8ne, permettant aux d\u00e9veloppeurs de cr\u00e9er des conceptions de puces personnalis\u00e9es en exploitant des blocs IP renforc\u00e9s aux c\u00f4t\u00e9s de la structure FPGA programmable.<\/span><\/li>\n<\/ul>","protected":false},"excerpt":{"rendered":"<p><span class=\"citation-231\">Le <\/span><b><span class=\"citation-231\">Titan de la robotique AgileX<\/span><\/b><span class=\"citation-231\"> est un <\/span><b><span class=\"citation-231\">ch\u00e2ssis de v\u00e9hicule terrestre sans pilote (UGV) de grande taille, robuste et polyvalent<\/span><\/b><span class=\"citation-231 citation-end-231\"> con\u00e7u pour les environnements ext\u00e9rieurs et hors route difficiles.<\/span> Il s\u2019agit d\u2019une plate-forme robuste et adaptable pour l\u2019automatisation dans divers domaines, notamment l\u2019industrie, la logistique, la surveillance environnementale et la recherche scientifique.<\/p>","protected":false},"featured_media":21063,"comment_status":"open","ping_status":"closed","template":"","meta":[],"product_brand":[1046],"product_cat":[1043,1044,1042,1037],"product_tag":[1047,1055,1052,1058],"class_list":{"0":"post-21057","1":"product","2":"type-product","3":"status-publish","4":"has-post-thumbnail","6":"product_brand-agilex","7":"product_cat-agilex","8":"product_cat-agilex-robots","9":"product_cat-chassis","10":"product_cat-robotics","11":"product_tag-agilex","12":"product_tag-agilex-chassis","13":"product_tag-agilex-robots","14":"product_tag-agilex-titan","16":"first","17":"onbackorder","18":"taxable","19":"shipping-taxable","20":"product-type-simple"},"yoast_head":"<!-- This site is optimized with the Yoast SEO plugin v27.4 - https:\/\/yoast.com\/product\/yoast-seo-wordpress\/ -->\n<title>Agilex Titan - Ghostysky<\/title>\n<meta name=\"description\" content=\"The AgileX Robotics Titan is a large, heavy-duty, multi-purpose Unmanned Ground Vehicle (UGV) chassis designed for challenging outdoor and off-road environments. It serves as a robust, adaptable platform for automation in various fields, including industrial, logistics, environmental monitoring, and scientific research.\" \/>\n<meta name=\"robots\" content=\"index, follow, max-snippet:-1, max-image-preview:large, max-video-preview:-1\" \/>\n<link rel=\"canonical\" href=\"https:\/\/www.ghostysky.com\/fr\/product\/agilex-titan\/\" \/>\n<meta property=\"og:locale\" content=\"fr_FR\" \/>\n<meta property=\"og:type\" content=\"article\" \/>\n<meta property=\"og:title\" content=\"Agilex Titan - Ghostysky\" \/>\n<meta property=\"og:description\" content=\"The AgileX Robotics Titan is a large, heavy-duty, multi-purpose Unmanned Ground Vehicle (UGV) chassis designed for challenging outdoor and off-road environments. It serves as a robust, adaptable platform for automation in various fields, including industrial, logistics, environmental monitoring, and scientific research.\" \/>\n<meta property=\"og:url\" content=\"https:\/\/www.ghostysky.com\/fr\/product\/agilex-titan\/\" \/>\n<meta property=\"og:site_name\" content=\"Ghostysky\" \/>\n<meta property=\"article:publisher\" content=\"https:\/\/www.facebook.com\/people\/Ghostysky\/100057676170234\/\" \/>\n<meta property=\"article:modified_time\" content=\"2025-10-15T12:28:05+00:00\" \/>\n<meta property=\"og:image\" content=\"https:\/\/www.ghostysky.com\/wp-content\/uploads\/2025\/10\/GH_AgilexTitan_1.webp\" \/>\n\t<meta property=\"og:image:width\" content=\"418\" \/>\n\t<meta property=\"og:image:height\" content=\"269\" \/>\n\t<meta property=\"og:image:type\" content=\"image\/webp\" \/>\n<meta name=\"twitter:card\" content=\"summary_large_image\" \/>\n<meta name=\"twitter:site\" content=\"@Gh0stysky\" \/>\n<meta name=\"twitter:label1\" content=\"Dur\u00e9e de lecture estim\u00e9e\" \/>\n\t<meta name=\"twitter:data1\" content=\"2 minutes\" \/>\n<script type=\"application\/ld+json\" class=\"yoast-schema-graph\">{\"@context\":\"https:\\\/\\\/schema.org\",\"@graph\":[{\"@type\":\"WebPage\",\"@id\":\"https:\\\/\\\/www.ghostysky.com\\\/product\\\/agilex-titan\\\/\",\"url\":\"https:\\\/\\\/www.ghostysky.com\\\/product\\\/agilex-titan\\\/\",\"name\":\"Agilex Titan - Ghostysky\",\"isPartOf\":{\"@id\":\"https:\\\/\\\/www.ghostysky.com\\\/#website\"},\"primaryImageOfPage\":{\"@id\":\"https:\\\/\\\/www.ghostysky.com\\\/product\\\/agilex-titan\\\/#primaryimage\"},\"image\":{\"@id\":\"https:\\\/\\\/www.ghostysky.com\\\/product\\\/agilex-titan\\\/#primaryimage\"},\"thumbnailUrl\":\"https:\\\/\\\/www.ghostysky.com\\\/wp-content\\\/uploads\\\/2025\\\/10\\\/GH_AgilexTitan_1.webp\",\"datePublished\":\"2025-10-15T12:26:06+00:00\",\"dateModified\":\"2025-10-15T12:28:05+00:00\",\"description\":\"The AgileX Robotics Titan is a large, heavy-duty, multi-purpose Unmanned Ground Vehicle (UGV) chassis designed for challenging outdoor and off-road environments. It serves as a robust, adaptable platform for automation in various fields, including industrial, logistics, environmental monitoring, and scientific research.\",\"breadcrumb\":{\"@id\":\"https:\\\/\\\/www.ghostysky.com\\\/product\\\/agilex-titan\\\/#breadcrumb\"},\"inLanguage\":\"fr-FR\",\"potentialAction\":[{\"@type\":\"ReadAction\",\"target\":[\"https:\\\/\\\/www.ghostysky.com\\\/product\\\/agilex-titan\\\/\"]}]},{\"@type\":\"ImageObject\",\"inLanguage\":\"fr-FR\",\"@id\":\"https:\\\/\\\/www.ghostysky.com\\\/product\\\/agilex-titan\\\/#primaryimage\",\"url\":\"https:\\\/\\\/www.ghostysky.com\\\/wp-content\\\/uploads\\\/2025\\\/10\\\/GH_AgilexTitan_1.webp\",\"contentUrl\":\"https:\\\/\\\/www.ghostysky.com\\\/wp-content\\\/uploads\\\/2025\\\/10\\\/GH_AgilexTitan_1.webp\",\"width\":418,\"height\":269},{\"@type\":\"BreadcrumbList\",\"@id\":\"https:\\\/\\\/www.ghostysky.com\\\/product\\\/agilex-titan\\\/#breadcrumb\",\"itemListElement\":[{\"@type\":\"ListItem\",\"position\":1,\"name\":\"Home\",\"item\":\"https:\\\/\\\/www.ghostysky.com\\\/\"},{\"@type\":\"ListItem\",\"position\":2,\"name\":\"Shop\",\"item\":\"https:\\\/\\\/www.ghostysky.com\\\/shop\\\/\"},{\"@type\":\"ListItem\",\"position\":3,\"name\":\"Agilex Titan\"}]},{\"@type\":\"WebSite\",\"@id\":\"https:\\\/\\\/www.ghostysky.com\\\/#website\",\"url\":\"https:\\\/\\\/www.ghostysky.com\\\/\",\"name\":\"Ghostysky\",\"description\":\"Delivering professional drones and services\",\"publisher\":{\"@id\":\"https:\\\/\\\/www.ghostysky.com\\\/#organization\"},\"potentialAction\":[{\"@type\":\"SearchAction\",\"target\":{\"@type\":\"EntryPoint\",\"urlTemplate\":\"https:\\\/\\\/www.ghostysky.com\\\/?s={search_term_string}\"},\"query-input\":{\"@type\":\"PropertyValueSpecification\",\"valueRequired\":true,\"valueName\":\"search_term_string\"}}],\"inLanguage\":\"fr-FR\"},{\"@type\":\"Organization\",\"@id\":\"https:\\\/\\\/www.ghostysky.com\\\/#organization\",\"name\":\"Ghostysky\",\"url\":\"https:\\\/\\\/www.ghostysky.com\\\/\",\"logo\":{\"@type\":\"ImageObject\",\"inLanguage\":\"fr-FR\",\"@id\":\"https:\\\/\\\/www.ghostysky.com\\\/#\\\/schema\\\/logo\\\/image\\\/\",\"url\":\"https:\\\/\\\/www.ghostysky.com\\\/wp-content\\\/uploads\\\/2020\\\/06\\\/cropped-ghostyskylogo_text_white2.png\",\"contentUrl\":\"https:\\\/\\\/www.ghostysky.com\\\/wp-content\\\/uploads\\\/2020\\\/06\\\/cropped-ghostyskylogo_text_white2.png\",\"width\":169,\"height\":56,\"caption\":\"Ghostysky\"},\"image\":{\"@id\":\"https:\\\/\\\/www.ghostysky.com\\\/#\\\/schema\\\/logo\\\/image\\\/\"},\"sameAs\":[\"https:\\\/\\\/www.facebook.com\\\/people\\\/Ghostysky\\\/100057676170234\\\/\",\"https:\\\/\\\/x.com\\\/Gh0stysky\",\"https:\\\/\\\/www.linkedin.com\\\/company\\\/34739653\",\"https:\\\/\\\/www.instagram.com\\\/gh0stysky\"]}]}<\/script>\n<!-- \/ Yoast SEO plugin. -->","yoast_head_json":{"title":"Agilex Titan - Ghostysky","description":"Le Titan d&#039;AgileX Robotics est un ch\u00e2ssis de v\u00e9hicule terrestre sans pilote (UGV) robuste et polyvalent, con\u00e7u pour les environnements ext\u00e9rieurs et tout-terrain difficiles. Il constitue une plateforme robuste et adaptable pour l&#039;automatisation dans divers domaines, notamment l&#039;industrie, la logistique, la surveillance environnementale et la recherche scientifique.","robots":{"index":"index","follow":"follow","max-snippet":"max-snippet:-1","max-image-preview":"max-image-preview:large","max-video-preview":"max-video-preview:-1"},"canonical":"https:\/\/www.ghostysky.com\/fr\/product\/agilex-titan\/","og_locale":"fr_FR","og_type":"article","og_title":"Agilex Titan - Ghostysky","og_description":"The AgileX Robotics Titan is a large, heavy-duty, multi-purpose Unmanned Ground Vehicle (UGV) chassis designed for challenging outdoor and off-road environments. It serves as a robust, adaptable platform for automation in various fields, including industrial, logistics, environmental monitoring, and scientific research.","og_url":"https:\/\/www.ghostysky.com\/fr\/product\/agilex-titan\/","og_site_name":"Ghostysky","article_publisher":"https:\/\/www.facebook.com\/people\/Ghostysky\/100057676170234\/","article_modified_time":"2025-10-15T12:28:05+00:00","og_image":[{"width":418,"height":269,"url":"https:\/\/www.ghostysky.com\/wp-content\/uploads\/2025\/10\/GH_AgilexTitan_1.webp","type":"image\/webp"}],"twitter_card":"summary_large_image","twitter_site":"@Gh0stysky","twitter_misc":{"Dur\u00e9e de lecture estim\u00e9e":"2 minutes"},"schema":{"@context":"https:\/\/schema.org","@graph":[{"@type":"WebPage","@id":"https:\/\/www.ghostysky.com\/product\/agilex-titan\/","url":"https:\/\/www.ghostysky.com\/product\/agilex-titan\/","name":"Agilex Titan - Ghostysky","isPartOf":{"@id":"https:\/\/www.ghostysky.com\/#website"},"primaryImageOfPage":{"@id":"https:\/\/www.ghostysky.com\/product\/agilex-titan\/#primaryimage"},"image":{"@id":"https:\/\/www.ghostysky.com\/product\/agilex-titan\/#primaryimage"},"thumbnailUrl":"https:\/\/www.ghostysky.com\/wp-content\/uploads\/2025\/10\/GH_AgilexTitan_1.webp","datePublished":"2025-10-15T12:26:06+00:00","dateModified":"2025-10-15T12:28:05+00:00","description":"Le Titan d&#039;AgileX Robotics est un ch\u00e2ssis de v\u00e9hicule terrestre sans pilote (UGV) robuste et polyvalent, con\u00e7u pour les environnements ext\u00e9rieurs et tout-terrain difficiles. Il constitue une plateforme robuste et adaptable pour l&#039;automatisation dans divers domaines, notamment l&#039;industrie, la logistique, la surveillance environnementale et la recherche scientifique.","breadcrumb":{"@id":"https:\/\/www.ghostysky.com\/product\/agilex-titan\/#breadcrumb"},"inLanguage":"fr-FR","potentialAction":[{"@type":"ReadAction","target":["https:\/\/www.ghostysky.com\/product\/agilex-titan\/"]}]},{"@type":"ImageObject","inLanguage":"fr-FR","@id":"https:\/\/www.ghostysky.com\/product\/agilex-titan\/#primaryimage","url":"https:\/\/www.ghostysky.com\/wp-content\/uploads\/2025\/10\/GH_AgilexTitan_1.webp","contentUrl":"https:\/\/www.ghostysky.com\/wp-content\/uploads\/2025\/10\/GH_AgilexTitan_1.webp","width":418,"height":269},{"@type":"BreadcrumbList","@id":"https:\/\/www.ghostysky.com\/product\/agilex-titan\/#breadcrumb","itemListElement":[{"@type":"ListItem","position":1,"name":"Home","item":"https:\/\/www.ghostysky.com\/"},{"@type":"ListItem","position":2,"name":"Shop","item":"https:\/\/www.ghostysky.com\/shop\/"},{"@type":"ListItem","position":3,"name":"Agilex Titan"}]},{"@type":"WebSite","@id":"https:\/\/www.ghostysky.com\/#website","url":"https:\/\/www.ghostysky.com\/","name":"Ghostysky","description":"Livraison de drones et de services professionnels","publisher":{"@id":"https:\/\/www.ghostysky.com\/#organization"},"potentialAction":[{"@type":"SearchAction","target":{"@type":"EntryPoint","urlTemplate":"https:\/\/www.ghostysky.com\/?s={search_term_string}"},"query-input":{"@type":"PropertyValueSpecification","valueRequired":true,"valueName":"search_term_string"}}],"inLanguage":"fr-FR"},{"@type":"Organization","@id":"https:\/\/www.ghostysky.com\/#organization","name":"Ghostysky","url":"https:\/\/www.ghostysky.com\/","logo":{"@type":"ImageObject","inLanguage":"fr-FR","@id":"https:\/\/www.ghostysky.com\/#\/schema\/logo\/image\/","url":"https:\/\/www.ghostysky.com\/wp-content\/uploads\/2020\/06\/cropped-ghostyskylogo_text_white2.png","contentUrl":"https:\/\/www.ghostysky.com\/wp-content\/uploads\/2020\/06\/cropped-ghostyskylogo_text_white2.png","width":169,"height":56,"caption":"Ghostysky"},"image":{"@id":"https:\/\/www.ghostysky.com\/#\/schema\/logo\/image\/"},"sameAs":["https:\/\/www.facebook.com\/people\/Ghostysky\/100057676170234\/","https:\/\/x.com\/Gh0stysky","https:\/\/www.linkedin.com\/company\/34739653","https:\/\/www.instagram.com\/gh0stysky"]}]}},"_links":{"self":[{"href":"https:\/\/www.ghostysky.com\/fr\/wp-json\/wp\/v2\/product\/21057","targetHints":{"allow":["GET"]}}],"collection":[{"href":"https:\/\/www.ghostysky.com\/fr\/wp-json\/wp\/v2\/product"}],"about":[{"href":"https:\/\/www.ghostysky.com\/fr\/wp-json\/wp\/v2\/types\/product"}],"replies":[{"embeddable":true,"href":"https:\/\/www.ghostysky.com\/fr\/wp-json\/wp\/v2\/comments?post=21057"}],"version-history":[{"count":0,"href":"https:\/\/www.ghostysky.com\/fr\/wp-json\/wp\/v2\/product\/21057\/revisions"}],"wp:featuredmedia":[{"embeddable":true,"href":"https:\/\/www.ghostysky.com\/fr\/wp-json\/wp\/v2\/media\/21063"}],"wp:attachment":[{"href":"https:\/\/www.ghostysky.com\/fr\/wp-json\/wp\/v2\/media?parent=21057"}],"wp:term":[{"taxonomy":"product_brand","embeddable":true,"href":"https:\/\/www.ghostysky.com\/fr\/wp-json\/wp\/v2\/product_brand?post=21057"},{"taxonomy":"product_cat","embeddable":true,"href":"https:\/\/www.ghostysky.com\/fr\/wp-json\/wp\/v2\/product_cat?post=21057"},{"taxonomy":"product_tag","embeddable":true,"href":"https:\/\/www.ghostysky.com\/fr\/wp-json\/wp\/v2\/product_tag?post=21057"}],"curies":[{"name":"wp","href":"https:\/\/api.w.org\/{rel}","templated":true}]}}