{"id":21064,"date":"2025-10-15T12:36:18","date_gmt":"2025-10-15T12:36:18","guid":{"rendered":"https:\/\/www.ghostysky.com\/?post_type=product&#038;p=21064"},"modified":"2026-01-10T09:56:58","modified_gmt":"2026-01-10T09:56:58","slug":"agilex-ranger","status":"publish","type":"product","link":"https:\/\/www.ghostysky.com\/fr\/product\/agilex-ranger\/","title":{"rendered":"Agilex Ranger"},"content":{"rendered":"<h3><b>Caract\u00e9ristiques principales<\/b><\/h3>\n<ul>\n<li><b><span class=\"citation-261\">Mobilit\u00e9 omnidirectionnelle :<\/span><\/b><span class=\"citation-261\"> Comprend un <\/span><b><span class=\"citation-261\">Rayon de braquage nul<\/span><\/b><span class=\"citation-261 citation-end-261\"> et un syst\u00e8me sophistiqu\u00e9 de transmission et de suspension ind\u00e9pendante \u00e0 quatre roues, permettant un mouvement flexible et agile dans toutes les directions, m\u00eame dans des espaces confin\u00e9s.<\/span><\/li>\n<li><b>Capacit\u00e9 de charge utile \u00e9lev\u00e9e :<\/b><span class=\"citation-260\"> Con\u00e7u pour g\u00e9rer des t\u00e2ches lourdes avec une capacit\u00e9 substantielle <\/span><b><span class=\"citation-260\">Capacit\u00e9 de charge utile de 150 kg<\/span><\/b><span class=\"citation-260 citation-end-260\">, ce qui le rend id\u00e9al pour transporter des \u00e9quipements lourds, des capteurs ou des mat\u00e9riaux<\/span><\/li>\n<li><b>Fonctionnement robuste en int\u00e9rieur et en ext\u00e9rieur :<\/b> Avec un <b>Indice de protection IP55<\/b>Le Ranger est \u00e9tanche \u00e0 la poussi\u00e8re et \u00e0 l&#039;eau, garantissant des performances fiables dans divers environnements, des installations de fabrication et des entrep\u00f4ts aux chantiers de construction et agricoles.<\/li>\n<li><b><span class=\"citation-259\">Modulaire et personnalisable :<\/span><\/b><span class=\"citation-259\"> Con\u00e7ue pour un d\u00e9veloppement secondaire rapide, la plateforme dispose de <\/span><b><span class=\"citation-259\">rails \u00e0 rainures en T en aluminium<\/span><\/b><span class=\"citation-259 citation-end-259\"> pour une int\u00e9gration facile de modules suppl\u00e9mentaires, de capteurs (LiDAR, cam\u00e9ras, IMU) et de structures de charge sup\u00e9rieure personnalis\u00e9es.<\/span><\/li>\n<li><b>Open Source et compatible ROS\u00a0:<\/b><span class=\"citation-258\"> Soutient <\/span><b><span class=\"citation-258\">ROS (syst\u00e8me d&#039;exploitation du robot)<\/span><\/b><span class=\"citation-258\"> et <\/span><b><span class=\"citation-258\">ROS 2<\/span><\/b><span class=\"citation-258\">, avec des SDK open source et une communication via <\/span><b><span class=\"citation-258\">Protocole de bus CAN<\/span><\/b><span class=\"citation-258 citation-end-258\">, facilitant une int\u00e9gration transparente et une programmation avanc\u00e9e.<\/span><\/li>\n<li><b>Syst\u00e8me de batterie rempla\u00e7able \u00e0 chaud :<\/b><span class=\"citation-257\"> Utilise un <\/span><b><span class=\"citation-257\">syst\u00e8me de batterie au lithium rempla\u00e7able \u00e0 chaud<\/span><\/b><span class=\"citation-257\"> (prenant en charge jusqu&#039;\u00e0 4 batteries) pour minimiser les temps d&#039;arr\u00eat et assurer un fonctionnement continu pour une dur\u00e9e de fonctionnement prolong\u00e9e <\/span><b><span class=\"citation-257\">2 \u00e0 8 heures<\/span><\/b><span class=\"citation-257 citation-end-257\">.<\/span>\n<div class=\"source-inline-chip-container ng-star-inserted\"><\/div>\n<\/li>\n<\/ul>\n<h3><b>Sp\u00e9cifications techniques (approximatives)<\/b><\/h3>\n<ul>\n<li><b><span class=\"citation-256\">Capacit\u00e9 de charge utile :<\/span><\/b><span class=\"citation-256 citation-end-256\"> 150 kg<\/span><\/li>\n<li><b>Vitesse maximale:<\/b><span class=\"citation-255 citation-end-255\"> Jusqu&#039;\u00e0 2,6 m\/s (environ<\/span> 9,36 km\/h)<\/li>\n<li><b>Capacit\u00e9 d&#039;escalade :<\/b><span class=\"citation-254 citation-end-254\"> Jusqu&#039;\u00e0 10\u00b0 de pente<\/span><\/li>\n<li><b><span class=\"citation-253\">Franchissement d&#039;obstacles :<\/span><\/b><span class=\"citation-253 citation-end-253\"> 100 mm<\/span><\/li>\n<li><b><span class=\"citation-252\">Protection contre les intrusions :<\/span><\/b><span class=\"citation-252 citation-end-252\"> IP55<\/span><\/li>\n<li><b>Dur\u00e9e d&#039;ex\u00e9cution :<\/b><span class=\"citation-251 citation-end-251\"> 2 \u00e0 8 heures (selon la configuration de la batterie et la charge)<\/span><\/li>\n<li><b><span class=\"citation-250\">Rayon de braquage :<\/span><\/b><span class=\"citation-250 citation-end-250\"> 0 (z\u00e9ro)<\/span>\n<div class=\"source-inline-chip-container ng-star-inserted\"><\/div>\n<\/li>\n<\/ul>\n<h3><b>Applications id\u00e9ales<\/b><\/h3>\n<p><span class=\"citation-249 citation-end-249\">Automatisation industrielle, logistique et gestion d&#039;entrep\u00f4t, recherche et d\u00e9veloppement, inspection et surveillance, construction et agriculture.<\/span><\/p>","protected":false},"excerpt":{"rendered":"<p><span class=\"citation-263\">Le <\/span><b><span class=\"citation-263\">Ranger AgileX<\/span><\/b><span class=\"citation-263 citation-end-263\"> est un v\u00e9hicule terrestre sans pilote (UGV) robuste et tr\u00e8s agile con\u00e7u pour les applications industrielles, logistiques et de recherche exigeantes.<\/span> <span class=\"citation-262 citation-end-262\">En tant qu&#039;UGV omnidirectionnel le plus grand et le plus performant d&#039;AgileX Robotics, il excelle dans la navigation dans des environnements int\u00e9rieurs et ext\u00e9rieurs complexes tout en transportant des charges utiles importantes.<\/span><\/p>","protected":false},"featured_media":21069,"comment_status":"open","ping_status":"closed","template":"","meta":[],"product_brand":[1046],"product_cat":[1043,1044,1042,1037],"product_tag":[1047,1055,1060,1059],"class_list":{"0":"post-21064","1":"product","2":"type-product","3":"status-publish","4":"has-post-thumbnail","6":"product_brand-agilex","7":"product_cat-agilex","8":"product_cat-agilex-robots","9":"product_cat-chassis","10":"product_cat-robotics","11":"product_tag-agilex","12":"product_tag-agilex-chassis","13":"product_tag-agilex-ranger","14":"product_tag-agilex-robot","16":"first","17":"onbackorder","18":"taxable","19":"shipping-taxable","20":"purchasable","21":"product-type-simple"},"yoast_head":"<!-- This site is optimized with the Yoast SEO plugin v27.1.1 - https:\/\/yoast.com\/product\/yoast-seo-wordpress\/ -->\n<title>Agilex Ranger - Ghostysky<\/title>\n<meta name=\"description\" content=\"The AgileX Ranger is a robust and highly agile Unmanned Ground Vehicle (UGV) designed for demanding industrial, logistics, and research applications. As AgileX Robotics&#039; largest and most capable omnidirectional UGV, it excels at navigating complex indoor and outdoor environments while transporting substantial payloads.\" \/>\n<meta name=\"robots\" content=\"index, follow, max-snippet:-1, max-image-preview:large, max-video-preview:-1\" \/>\n<link rel=\"canonical\" href=\"https:\/\/www.ghostysky.com\/fr\/product\/agilex-ranger\/\" \/>\n<meta property=\"og:locale\" content=\"fr_FR\" \/>\n<meta property=\"og:type\" content=\"article\" \/>\n<meta property=\"og:title\" content=\"Agilex Ranger - Ghostysky\" \/>\n<meta property=\"og:description\" content=\"The AgileX Ranger is a robust and highly agile Unmanned Ground Vehicle (UGV) designed for demanding industrial, logistics, and research applications. As AgileX Robotics&#039; largest and most capable omnidirectional UGV, it excels at navigating complex indoor and outdoor environments while transporting substantial payloads.\" \/>\n<meta property=\"og:url\" content=\"https:\/\/www.ghostysky.com\/fr\/product\/agilex-ranger\/\" \/>\n<meta property=\"og:site_name\" content=\"Ghostysky\" \/>\n<meta property=\"article:publisher\" content=\"https:\/\/www.facebook.com\/people\/Ghostysky\/100057676170234\/\" \/>\n<meta property=\"article:modified_time\" content=\"2026-01-10T09:56:58+00:00\" \/>\n<meta property=\"og:image\" content=\"https:\/\/www.ghostysky.com\/wp-content\/uploads\/2025\/10\/GH_AgilexRanger_1.webp\" \/>\n\t<meta property=\"og:image:width\" content=\"2400\" \/>\n\t<meta property=\"og:image:height\" content=\"2400\" \/>\n\t<meta property=\"og:image:type\" content=\"image\/webp\" \/>\n<meta name=\"twitter:card\" content=\"summary_large_image\" \/>\n<meta name=\"twitter:site\" content=\"@Gh0stysky\" \/>\n<meta name=\"twitter:label1\" content=\"Dur\u00e9e de lecture estim\u00e9e\" \/>\n\t<meta name=\"twitter:data1\" content=\"2 minutes\" \/>\n<script type=\"application\/ld+json\" class=\"yoast-schema-graph\">{\"@context\":\"https:\/\/schema.org\",\"@graph\":[{\"@type\":\"WebPage\",\"@id\":\"https:\/\/www.ghostysky.com\/product\/agilex-ranger\/\",\"url\":\"https:\/\/www.ghostysky.com\/product\/agilex-ranger\/\",\"name\":\"Agilex Ranger - Ghostysky\",\"isPartOf\":{\"@id\":\"https:\/\/www.ghostysky.com\/#website\"},\"primaryImageOfPage\":{\"@id\":\"https:\/\/www.ghostysky.com\/product\/agilex-ranger\/#primaryimage\"},\"image\":{\"@id\":\"https:\/\/www.ghostysky.com\/product\/agilex-ranger\/#primaryimage\"},\"thumbnailUrl\":\"https:\/\/www.ghostysky.com\/wp-content\/uploads\/2025\/10\/GH_AgilexRanger_1.webp\",\"datePublished\":\"2025-10-15T12:36:18+00:00\",\"dateModified\":\"2026-01-10T09:56:58+00:00\",\"description\":\"The AgileX Ranger is a robust and highly agile Unmanned Ground Vehicle (UGV) designed for demanding industrial, logistics, and research applications. As AgileX Robotics' largest and most capable omnidirectional UGV, it excels at navigating complex indoor and outdoor environments while transporting substantial payloads.\",\"breadcrumb\":{\"@id\":\"https:\/\/www.ghostysky.com\/product\/agilex-ranger\/#breadcrumb\"},\"inLanguage\":\"fr-FR\",\"potentialAction\":[{\"@type\":\"ReadAction\",\"target\":[\"https:\/\/www.ghostysky.com\/product\/agilex-ranger\/\"]}]},{\"@type\":\"ImageObject\",\"inLanguage\":\"fr-FR\",\"@id\":\"https:\/\/www.ghostysky.com\/product\/agilex-ranger\/#primaryimage\",\"url\":\"https:\/\/www.ghostysky.com\/wp-content\/uploads\/2025\/10\/GH_AgilexRanger_1.webp\",\"contentUrl\":\"https:\/\/www.ghostysky.com\/wp-content\/uploads\/2025\/10\/GH_AgilexRanger_1.webp\",\"width\":2400,\"height\":2400},{\"@type\":\"BreadcrumbList\",\"@id\":\"https:\/\/www.ghostysky.com\/product\/agilex-ranger\/#breadcrumb\",\"itemListElement\":[{\"@type\":\"ListItem\",\"position\":1,\"name\":\"Home\",\"item\":\"https:\/\/www.ghostysky.com\/\"},{\"@type\":\"ListItem\",\"position\":2,\"name\":\"Shop\",\"item\":\"https:\/\/www.ghostysky.com\/shop\/\"},{\"@type\":\"ListItem\",\"position\":3,\"name\":\"Agilex Ranger\"}]},{\"@type\":\"WebSite\",\"@id\":\"https:\/\/www.ghostysky.com\/#website\",\"url\":\"https:\/\/www.ghostysky.com\/\",\"name\":\"Ghostysky\",\"description\":\"Delivering professional drones and services\",\"publisher\":{\"@id\":\"https:\/\/www.ghostysky.com\/#organization\"},\"potentialAction\":[{\"@type\":\"SearchAction\",\"target\":{\"@type\":\"EntryPoint\",\"urlTemplate\":\"https:\/\/www.ghostysky.com\/?s={search_term_string}\"},\"query-input\":{\"@type\":\"PropertyValueSpecification\",\"valueRequired\":true,\"valueName\":\"search_term_string\"}}],\"inLanguage\":\"fr-FR\"},{\"@type\":\"Organization\",\"@id\":\"https:\/\/www.ghostysky.com\/#organization\",\"name\":\"Ghostysky\",\"url\":\"https:\/\/www.ghostysky.com\/\",\"logo\":{\"@type\":\"ImageObject\",\"inLanguage\":\"fr-FR\",\"@id\":\"https:\/\/www.ghostysky.com\/#\/schema\/logo\/image\/\",\"url\":\"https:\/\/www.ghostysky.com\/wp-content\/uploads\/2020\/06\/cropped-ghostyskylogo_text_white2.png\",\"contentUrl\":\"https:\/\/www.ghostysky.com\/wp-content\/uploads\/2020\/06\/cropped-ghostyskylogo_text_white2.png\",\"width\":169,\"height\":56,\"caption\":\"Ghostysky\"},\"image\":{\"@id\":\"https:\/\/www.ghostysky.com\/#\/schema\/logo\/image\/\"},\"sameAs\":[\"https:\/\/www.facebook.com\/people\/Ghostysky\/100057676170234\/\",\"https:\/\/x.com\/Gh0stysky\",\"https:\/\/www.linkedin.com\/company\/34739653\",\"https:\/\/www.instagram.com\/gh0stysky\"]}]}<\/script>\n<!-- \/ Yoast SEO plugin. -->","yoast_head_json":{"title":"Agilex Ranger - Ghostysky","description":"L&#039;AgileX Ranger est un v\u00e9hicule terrestre sans pilote (UGV) robuste et tr\u00e8s agile, con\u00e7u pour les applications industrielles, logistiques et de recherche exigeantes. L&#039;UGV omnidirectionnel le plus grand et le plus performant d&#039;AgileX Robotics excelle dans la navigation en environnements int\u00e9rieurs et ext\u00e9rieurs complexes tout en transportant des charges utiles cons\u00e9quentes.","robots":{"index":"index","follow":"follow","max-snippet":"max-snippet:-1","max-image-preview":"max-image-preview:large","max-video-preview":"max-video-preview:-1"},"canonical":"https:\/\/www.ghostysky.com\/fr\/product\/agilex-ranger\/","og_locale":"fr_FR","og_type":"article","og_title":"Agilex Ranger - Ghostysky","og_description":"The AgileX Ranger is a robust and highly agile Unmanned Ground Vehicle (UGV) designed for demanding industrial, logistics, and research applications. As AgileX Robotics' largest and most capable omnidirectional UGV, it excels at navigating complex indoor and outdoor environments while transporting substantial payloads.","og_url":"https:\/\/www.ghostysky.com\/fr\/product\/agilex-ranger\/","og_site_name":"Ghostysky","article_publisher":"https:\/\/www.facebook.com\/people\/Ghostysky\/100057676170234\/","article_modified_time":"2026-01-10T09:56:58+00:00","og_image":[{"width":2400,"height":2400,"url":"https:\/\/www.ghostysky.com\/wp-content\/uploads\/2025\/10\/GH_AgilexRanger_1.webp","type":"image\/webp"}],"twitter_card":"summary_large_image","twitter_site":"@Gh0stysky","twitter_misc":{"Dur\u00e9e de lecture estim\u00e9e":"2 minutes"},"schema":{"@context":"https:\/\/schema.org","@graph":[{"@type":"WebPage","@id":"https:\/\/www.ghostysky.com\/product\/agilex-ranger\/","url":"https:\/\/www.ghostysky.com\/product\/agilex-ranger\/","name":"Agilex Ranger - Ghostysky","isPartOf":{"@id":"https:\/\/www.ghostysky.com\/#website"},"primaryImageOfPage":{"@id":"https:\/\/www.ghostysky.com\/product\/agilex-ranger\/#primaryimage"},"image":{"@id":"https:\/\/www.ghostysky.com\/product\/agilex-ranger\/#primaryimage"},"thumbnailUrl":"https:\/\/www.ghostysky.com\/wp-content\/uploads\/2025\/10\/GH_AgilexRanger_1.webp","datePublished":"2025-10-15T12:36:18+00:00","dateModified":"2026-01-10T09:56:58+00:00","description":"L&#039;AgileX Ranger est un v\u00e9hicule terrestre sans pilote (UGV) robuste et tr\u00e8s agile, con\u00e7u pour les applications industrielles, logistiques et de recherche exigeantes. L&#039;UGV omnidirectionnel le plus grand et le plus performant d&#039;AgileX Robotics excelle dans la navigation en environnements int\u00e9rieurs et ext\u00e9rieurs complexes tout en transportant des charges utiles cons\u00e9quentes.","breadcrumb":{"@id":"https:\/\/www.ghostysky.com\/product\/agilex-ranger\/#breadcrumb"},"inLanguage":"fr-FR","potentialAction":[{"@type":"ReadAction","target":["https:\/\/www.ghostysky.com\/product\/agilex-ranger\/"]}]},{"@type":"ImageObject","inLanguage":"fr-FR","@id":"https:\/\/www.ghostysky.com\/product\/agilex-ranger\/#primaryimage","url":"https:\/\/www.ghostysky.com\/wp-content\/uploads\/2025\/10\/GH_AgilexRanger_1.webp","contentUrl":"https:\/\/www.ghostysky.com\/wp-content\/uploads\/2025\/10\/GH_AgilexRanger_1.webp","width":2400,"height":2400},{"@type":"BreadcrumbList","@id":"https:\/\/www.ghostysky.com\/product\/agilex-ranger\/#breadcrumb","itemListElement":[{"@type":"ListItem","position":1,"name":"Home","item":"https:\/\/www.ghostysky.com\/"},{"@type":"ListItem","position":2,"name":"Shop","item":"https:\/\/www.ghostysky.com\/shop\/"},{"@type":"ListItem","position":3,"name":"Agilex Ranger"}]},{"@type":"WebSite","@id":"https:\/\/www.ghostysky.com\/#website","url":"https:\/\/www.ghostysky.com\/","name":"Ghostysky","description":"Livraison de drones et de services professionnels","publisher":{"@id":"https:\/\/www.ghostysky.com\/#organization"},"potentialAction":[{"@type":"SearchAction","target":{"@type":"EntryPoint","urlTemplate":"https:\/\/www.ghostysky.com\/?s={search_term_string}"},"query-input":{"@type":"PropertyValueSpecification","valueRequired":true,"valueName":"search_term_string"}}],"inLanguage":"fr-FR"},{"@type":"Organization","@id":"https:\/\/www.ghostysky.com\/#organization","name":"Ghostysky","url":"https:\/\/www.ghostysky.com\/","logo":{"@type":"ImageObject","inLanguage":"fr-FR","@id":"https:\/\/www.ghostysky.com\/#\/schema\/logo\/image\/","url":"https:\/\/www.ghostysky.com\/wp-content\/uploads\/2020\/06\/cropped-ghostyskylogo_text_white2.png","contentUrl":"https:\/\/www.ghostysky.com\/wp-content\/uploads\/2020\/06\/cropped-ghostyskylogo_text_white2.png","width":169,"height":56,"caption":"Ghostysky"},"image":{"@id":"https:\/\/www.ghostysky.com\/#\/schema\/logo\/image\/"},"sameAs":["https:\/\/www.facebook.com\/people\/Ghostysky\/100057676170234\/","https:\/\/x.com\/Gh0stysky","https:\/\/www.linkedin.com\/company\/34739653","https:\/\/www.instagram.com\/gh0stysky"]}]}},"_links":{"self":[{"href":"https:\/\/www.ghostysky.com\/fr\/wp-json\/wp\/v2\/product\/21064","targetHints":{"allow":["GET"]}}],"collection":[{"href":"https:\/\/www.ghostysky.com\/fr\/wp-json\/wp\/v2\/product"}],"about":[{"href":"https:\/\/www.ghostysky.com\/fr\/wp-json\/wp\/v2\/types\/product"}],"replies":[{"embeddable":true,"href":"https:\/\/www.ghostysky.com\/fr\/wp-json\/wp\/v2\/comments?post=21064"}],"wp:featuredmedia":[{"embeddable":true,"href":"https:\/\/www.ghostysky.com\/fr\/wp-json\/wp\/v2\/media\/21069"}],"wp:attachment":[{"href":"https:\/\/www.ghostysky.com\/fr\/wp-json\/wp\/v2\/media?parent=21064"}],"wp:term":[{"taxonomy":"product_brand","embeddable":true,"href":"https:\/\/www.ghostysky.com\/fr\/wp-json\/wp\/v2\/product_brand?post=21064"},{"taxonomy":"product_cat","embeddable":true,"href":"https:\/\/www.ghostysky.com\/fr\/wp-json\/wp\/v2\/product_cat?post=21064"},{"taxonomy":"product_tag","embeddable":true,"href":"https:\/\/www.ghostysky.com\/fr\/wp-json\/wp\/v2\/product_tag?post=21064"}],"curies":[{"name":"wp","href":"https:\/\/api.w.org\/{rel}","templated":true}]}}