{"id":21074,"date":"2025-10-15T12:42:40","date_gmt":"2025-10-15T12:42:40","guid":{"rendered":"https:\/\/www.ghostysky.com\/?post_type=product&#038;p=21074"},"modified":"2026-01-10T09:56:13","modified_gmt":"2026-01-10T09:56:13","slug":"agilex-ranger-mini-3-0","status":"publish","type":"product","link":"https:\/\/www.ghostysky.com\/fr\/product\/agilex-ranger-mini-3-0\/","title":{"rendered":"Agilex Ranger Mini 3.0"},"content":{"rendered":"<h3><b>Principales fonctionnalit\u00e9s et capacit\u00e9s<\/b><\/h3>\n<ul>\n<li><b><span class=\"citation-305\">Mobilit\u00e9 omnidirectionnelle :<\/span><\/b><span class=\"citation-305 citation-end-305\"> Comprend quatre modes de mouvement (Spin, Traverse, Diagonal et Ackermann) et un <\/span><b><span class=\"math-inline\"><span class=\"katex\"><span class=\"katex-html\" aria-hidden=\"true\"><span class=\"base\"><span class=\"mord\">0<span class=\"msupsub\"><span class=\"vlist-t\"><span class=\"vlist-r\"><span class=\"vlist\"><span class=\"\"><span class=\"sizing reset-size6 size3 mtight\"><span class=\"mord mtight\">\u2218<\/span><\/span><\/span><\/span><\/span><\/span><\/span><\/span><\/span><\/span><\/span><\/span><span class=\"citation-304\"> rayon de braquage<\/span><\/b><span class=\"citation-304 citation-end-304\">, permettant une transparence <\/span><b><span class=\"math-inline\"><span class=\"katex\"><span class=\"katex-html\" aria-hidden=\"true\"><span class=\"base\"><span class=\"mord\">36<\/span><span class=\"mord\">0<span class=\"msupsub\"><span class=\"vlist-t\"><span class=\"vlist-r\"><span class=\"vlist\"><span class=\"\"><span class=\"sizing reset-size6 size3 mtight\"><span class=\"mord mtight\">\u2218<\/span><\/span><\/span><\/span><\/span><\/span><\/span><\/span><\/span><\/span><\/span><\/span><span class=\"citation-303\"> pilotage in situ<\/span><\/b><span class=\"citation-303 citation-end-303\"> et une navigation agile dans des espaces confin\u00e9s.<\/span><\/li>\n<li><b><span class=\"citation-302\">Performances robustes :<\/span><\/b><span class=\"citation-302\"> Con\u00e7u pour les deux <\/span><b><span class=\"citation-302\">int\u00e9rieur et ext\u00e9rieur<\/span><\/b><span class=\"citation-302\"> op\u00e9ration avec un <\/span><b><span class=\"citation-302\">IP54<\/span><\/b><span class=\"citation-302 citation-end-302\"> indice de protection contre la poussi\u00e8re et l&#039;eau.<\/span> <span class=\"citation-301 citation-end-301\">Le syst\u00e8me de suspension ind\u00e9pendant aux quatre roues assure une excellente adaptabilit\u00e9 au sol et la capacit\u00e9 de grimper <\/span><b><span class=\"math-inline\"><span class=\"katex\"><span class=\"katex-html\" aria-hidden=\"true\"><span class=\"base\"><span class=\"mord\">1<\/span><span class=\"mord\">5<span class=\"msupsub\"><span class=\"vlist-t\"><span class=\"vlist-r\"><span class=\"vlist\"><span class=\"\"><span class=\"sizing reset-size6 size3 mtight\"><span class=\"mord mtight\">\u2218<\/span><\/span><\/span><\/span><\/span><\/span><\/span><\/span><\/span><\/span><\/span><\/span><span class=\"citation-300\"> pentes<\/span><\/b><span class=\"citation-300 citation-end-300\"> (avec pleine charge utile) avec un <\/span><b><span class=\"math-inline\"><span class=\"katex\"><span class=\"katex-html\" aria-hidden=\"true\"><span class=\"base\"><span class=\"mord\">105<\/span><span class=\"mord text\"><span class=\"mord\">\u00a0mm<\/span><\/span><\/span><\/span><\/span><\/span><span class=\"citation-299\"> garde au sol<\/span><\/b><span class=\"citation-299 citation-end-299\">.<\/span><\/li>\n<li><b><span class=\"citation-298\">Capacit\u00e9 de charge utile \u00e9lev\u00e9e :<\/span><\/b><span class=\"citation-298 citation-end-298\"> Capable de transporter une charge utile substantielle allant jusqu&#039;\u00e0 <\/span><b><span class=\"math-inline\"><span class=\"katex\"><span class=\"katex-html\" aria-hidden=\"true\"><span class=\"base\"><span class=\"mord\">100<\/span><span class=\"mord text\"><span class=\"mord\">\u00a0kg<\/span><\/span><\/span><\/span><\/span><\/span><\/b><span class=\"citation-297 citation-end-297\"> (certaines sources indiquent <\/span><span class=\"math-inline\"><span class=\"katex\"><span class=\"katex-html\" aria-hidden=\"true\"><span class=\"base\"><span class=\"mord\">120<\/span><span class=\"mord text\"><span class=\"mord\">\u00a0kg<\/span><\/span><\/span><\/span><\/span><\/span><span class=\"citation-296 citation-end-296\"> en mouvement) tout en maintenant une vitesse de pointe pouvant atteindre <\/span><b><span class=\"math-inline\"><span class=\"katex\"><span class=\"katex-html\" aria-hidden=\"true\"><span class=\"base\"><span class=\"mord\">7.2<\/span><span class=\"mord text\"><span class=\"mord\">\u00a0km\/h<\/span><\/span><\/span><\/span><\/span><\/span><\/b><span class=\"citation-295 citation-end-295\">.<\/span><\/li>\n<li><b><span class=\"citation-294\">Fonctionnement prolong\u00e9 et continu :<\/span><\/b><span class=\"citation-294 citation-end-294\"> Equip\u00e9 d&#039;un <\/span><b><span class=\"math-inline\"><span class=\"katex\"><span class=\"katex-html\" aria-hidden=\"true\"><span class=\"base\"><span class=\"mord\">48<\/span><span class=\"mord text\"><span class=\"mord\">V\u00a0<\/span><\/span><span class=\"mord\">24<\/span><span class=\"mord text\"><span class=\"mord\">Ah<\/span><\/span><\/span><\/span><\/span><\/span><span class=\"citation-293\"> Batterie au lithium<\/span><\/b><span class=\"citation-293 citation-end-293\">, offrant une autonomie allant jusqu&#039;\u00e0 <\/span><b><span class=\"math-inline\"><span class=\"katex\"><span class=\"katex-html\" aria-hidden=\"true\"><span class=\"base\"><span class=\"mord\">7<\/span><span class=\"mbin\">\u2212<\/span><\/span><span class=\"base\"><span class=\"mord\">8<\/span><\/span><\/span><\/span><\/span><span class=\"citation-292\"> heures<\/span><\/b><span class=\"citation-292 citation-end-292\"> et une gamme potentielle de <\/span><span class=\"math-inline\"><span class=\"katex\"><span class=\"katex-html\" aria-hidden=\"true\"><span class=\"base\"><span class=\"mord\">35<\/span><span class=\"mord text\"><span class=\"mord\">\u00a0km<\/span><\/span><\/span><\/span><\/span><\/span><span class=\"citation-291 citation-end-291\">.<\/span> <span class=\"citation-290\">Le <\/span><b><span class=\"citation-290\">conception de batterie rempla\u00e7able \u00e0 chaud<\/span><\/b><span class=\"citation-290 citation-end-290\"> permet un remplacement rapide, minimisant les temps d&#039;arr\u00eat pour les t\u00e2ches continues.<\/span><\/li>\n<li><b>Plateforme ouverte pour le d\u00e9veloppement :<\/b><span class=\"citation-289\"> Dispose de rails \u00e0 rainure en T pour un montage facile de capteurs externes (Lidar, cam\u00e9ras, etc.) et prend en charge le <\/span><b><span class=\"citation-289\">Protocole de bus CAN<\/span><\/b><span class=\"citation-289 citation-end-289\"> pour la communication.<\/span> <span class=\"citation-288 citation-end-288\">Agilex fournit un SDK open source et des ressources logicielles (notamment ROS1\/ROS2\/Python) pour faciliter le d\u00e9veloppement secondaire et la personnalisation de divers projets de recherche et commerciaux.<\/span><\/li>\n<\/ul>\n<p>Avec sa combinaison de taille compacte (<span class=\"math-inline\"><span class=\"katex\"><span class=\"katex-html\" aria-hidden=\"true\"><span class=\"base\"><span class=\"mord text\"><span class=\"mord\">environ\u00a0<\/span><\/span><span class=\"mord\">720<\/span><span class=\"mbin\">\u00d7<\/span><\/span><span class=\"base\"><span class=\"mord\">500<\/span><span class=\"mbin\">\u00d7<\/span><\/span><span class=\"base\"><span class=\"mord\">345<\/span><span class=\"mord text\"><span class=\"mord\">\u00a0mm<\/span><\/span><\/span><\/span><\/span><\/span><span class=\"citation-287 citation-end-287\">), une conception robuste et des options de mouvement flexibles, le Ranger Mini 3.0 est une plate-forme polyvalente pour des t\u00e2ches telles que l&#039;inspection, la surveillance, l&#039;automatisation industrielle et la recherche robotique avanc\u00e9e.<\/span><\/p>","protected":false},"excerpt":{"rendered":"<p><span class=\"citation-307\">Le <\/span><b><span class=\"citation-307\">Agilex Ranger Mini 3.0<\/span><\/b><span class=\"citation-307\"> est un ch\u00e2ssis de v\u00e9hicule terrestre sans pilote (UGV) omnidirectionnel avanc\u00e9, sp\u00e9cialement con\u00e7u pour les applications exigeantes <\/span><b><span class=\"citation-307\">applications industrielles et R&amp;D<\/span><\/b><span class=\"citation-307 citation-end-307\">.<\/span><\/p>\n<p><span class=\"citation-306 citation-end-306\">Ce robot mobile repr\u00e9sente une it\u00e9ration am\u00e9lior\u00e9e de la s\u00e9rie Ranger Mini, dot\u00e9 d&#039;un corps robuste enti\u00e8rement en m\u00e9tal et d&#039;une direction ind\u00e9pendante aux quatre roues, qui offre une maniabilit\u00e9 et une stabilit\u00e9 exceptionnelles dans divers environnements.<\/span><\/p>","protected":false},"featured_media":21077,"comment_status":"open","ping_status":"closed","template":"","meta":[],"product_brand":[1046],"product_cat":[1043,1044,1042,1037],"product_tag":[1047,1055,1061,1052],"class_list":{"0":"post-21074","1":"product","2":"type-product","3":"status-publish","4":"has-post-thumbnail","6":"product_brand-agilex","7":"product_cat-agilex","8":"product_cat-agilex-robots","9":"product_cat-chassis","10":"product_cat-robotics","11":"product_tag-agilex","12":"product_tag-agilex-chassis","13":"product_tag-agilex-ranger-mini","14":"product_tag-agilex-robots","16":"first","17":"onbackorder","18":"taxable","19":"shipping-taxable","20":"purchasable","21":"product-type-simple"},"yoast_head":"<!-- This site is optimized with the Yoast SEO plugin v27.4 - https:\/\/yoast.com\/product\/yoast-seo-wordpress\/ -->\n<title>Agilex Ranger Mini 3.0 - Ghostysky<\/title>\n<meta name=\"description\" content=\"The Agilex Ranger Mini 3.0 is an advanced, omnidirectional Unmanned Ground Vehicle (UGV) chassis specifically engineered for demanding industrial and R&amp;D applications.This mobile robot represents an enhanced iteration of the Ranger Mini series, featuring a robust, all-metal body and four-wheel independent steering, which delivers exceptional maneuverability and stability in diverse environments.\" \/>\n<meta name=\"robots\" content=\"index, follow, max-snippet:-1, max-image-preview:large, max-video-preview:-1\" \/>\n<link rel=\"canonical\" href=\"https:\/\/www.ghostysky.com\/fr\/product\/agilex-ranger-mini-3-0\/\" \/>\n<meta property=\"og:locale\" content=\"fr_FR\" \/>\n<meta property=\"og:type\" content=\"article\" \/>\n<meta property=\"og:title\" content=\"Agilex Ranger Mini 3.0 - Ghostysky\" \/>\n<meta property=\"og:description\" content=\"The Agilex Ranger Mini 3.0 is an advanced, omnidirectional Unmanned Ground Vehicle (UGV) chassis specifically engineered for demanding industrial and R&amp;D applications.This mobile robot represents an enhanced iteration of the Ranger Mini series, featuring a robust, all-metal body and four-wheel independent steering, which delivers exceptional maneuverability and stability in diverse environments.\" \/>\n<meta property=\"og:url\" content=\"https:\/\/www.ghostysky.com\/fr\/product\/agilex-ranger-mini-3-0\/\" \/>\n<meta property=\"og:site_name\" content=\"Ghostysky\" \/>\n<meta property=\"article:publisher\" content=\"https:\/\/www.facebook.com\/people\/Ghostysky\/100057676170234\/\" \/>\n<meta property=\"article:modified_time\" content=\"2026-01-10T09:56:13+00:00\" \/>\n<meta property=\"og:image\" content=\"https:\/\/www.ghostysky.com\/wp-content\/uploads\/2025\/10\/GH_AgilexRangerMini3_1.webp\" \/>\n\t<meta property=\"og:image:width\" content=\"1920\" \/>\n\t<meta property=\"og:image:height\" content=\"1920\" \/>\n\t<meta property=\"og:image:type\" content=\"image\/webp\" \/>\n<meta name=\"twitter:card\" content=\"summary_large_image\" \/>\n<meta name=\"twitter:site\" content=\"@Gh0stysky\" \/>\n<meta name=\"twitter:label1\" content=\"Dur\u00e9e de lecture estim\u00e9e\" \/>\n\t<meta name=\"twitter:data1\" content=\"2 minutes\" \/>\n<script type=\"application\/ld+json\" class=\"yoast-schema-graph\">{\"@context\":\"https:\\\/\\\/schema.org\",\"@graph\":[{\"@type\":\"WebPage\",\"@id\":\"https:\\\/\\\/www.ghostysky.com\\\/product\\\/agilex-ranger-mini-3-0\\\/\",\"url\":\"https:\\\/\\\/www.ghostysky.com\\\/product\\\/agilex-ranger-mini-3-0\\\/\",\"name\":\"Agilex Ranger Mini 3.0 - Ghostysky\",\"isPartOf\":{\"@id\":\"https:\\\/\\\/www.ghostysky.com\\\/#website\"},\"primaryImageOfPage\":{\"@id\":\"https:\\\/\\\/www.ghostysky.com\\\/product\\\/agilex-ranger-mini-3-0\\\/#primaryimage\"},\"image\":{\"@id\":\"https:\\\/\\\/www.ghostysky.com\\\/product\\\/agilex-ranger-mini-3-0\\\/#primaryimage\"},\"thumbnailUrl\":\"https:\\\/\\\/www.ghostysky.com\\\/wp-content\\\/uploads\\\/2025\\\/10\\\/GH_AgilexRangerMini3_1.webp\",\"datePublished\":\"2025-10-15T12:42:40+00:00\",\"dateModified\":\"2026-01-10T09:56:13+00:00\",\"description\":\"The Agilex Ranger Mini 3.0 is an advanced, omnidirectional Unmanned Ground Vehicle (UGV) chassis specifically engineered for demanding industrial and R&D applications.This mobile robot represents an enhanced iteration of the Ranger Mini series, featuring a robust, all-metal body and four-wheel independent steering, which delivers exceptional maneuverability and stability in diverse environments.\",\"breadcrumb\":{\"@id\":\"https:\\\/\\\/www.ghostysky.com\\\/product\\\/agilex-ranger-mini-3-0\\\/#breadcrumb\"},\"inLanguage\":\"fr-FR\",\"potentialAction\":[{\"@type\":\"ReadAction\",\"target\":[\"https:\\\/\\\/www.ghostysky.com\\\/product\\\/agilex-ranger-mini-3-0\\\/\"]}]},{\"@type\":\"ImageObject\",\"inLanguage\":\"fr-FR\",\"@id\":\"https:\\\/\\\/www.ghostysky.com\\\/product\\\/agilex-ranger-mini-3-0\\\/#primaryimage\",\"url\":\"https:\\\/\\\/www.ghostysky.com\\\/wp-content\\\/uploads\\\/2025\\\/10\\\/GH_AgilexRangerMini3_1.webp\",\"contentUrl\":\"https:\\\/\\\/www.ghostysky.com\\\/wp-content\\\/uploads\\\/2025\\\/10\\\/GH_AgilexRangerMini3_1.webp\",\"width\":1920,\"height\":1920},{\"@type\":\"BreadcrumbList\",\"@id\":\"https:\\\/\\\/www.ghostysky.com\\\/product\\\/agilex-ranger-mini-3-0\\\/#breadcrumb\",\"itemListElement\":[{\"@type\":\"ListItem\",\"position\":1,\"name\":\"Home\",\"item\":\"https:\\\/\\\/www.ghostysky.com\\\/\"},{\"@type\":\"ListItem\",\"position\":2,\"name\":\"Shop\",\"item\":\"https:\\\/\\\/www.ghostysky.com\\\/shop\\\/\"},{\"@type\":\"ListItem\",\"position\":3,\"name\":\"Agilex Ranger Mini 3.0\"}]},{\"@type\":\"WebSite\",\"@id\":\"https:\\\/\\\/www.ghostysky.com\\\/#website\",\"url\":\"https:\\\/\\\/www.ghostysky.com\\\/\",\"name\":\"Ghostysky\",\"description\":\"Delivering professional drones and robotics solutions\",\"publisher\":{\"@id\":\"https:\\\/\\\/www.ghostysky.com\\\/#organization\"},\"potentialAction\":[{\"@type\":\"SearchAction\",\"target\":{\"@type\":\"EntryPoint\",\"urlTemplate\":\"https:\\\/\\\/www.ghostysky.com\\\/?s={search_term_string}\"},\"query-input\":{\"@type\":\"PropertyValueSpecification\",\"valueRequired\":true,\"valueName\":\"search_term_string\"}}],\"inLanguage\":\"fr-FR\"},{\"@type\":\"Organization\",\"@id\":\"https:\\\/\\\/www.ghostysky.com\\\/#organization\",\"name\":\"Ghostysky\",\"url\":\"https:\\\/\\\/www.ghostysky.com\\\/\",\"logo\":{\"@type\":\"ImageObject\",\"inLanguage\":\"fr-FR\",\"@id\":\"https:\\\/\\\/www.ghostysky.com\\\/#\\\/schema\\\/logo\\\/image\\\/\",\"url\":\"https:\\\/\\\/www.ghostysky.com\\\/wp-content\\\/uploads\\\/2020\\\/06\\\/cropped-ghostyskylogo_text_white2.png\",\"contentUrl\":\"https:\\\/\\\/www.ghostysky.com\\\/wp-content\\\/uploads\\\/2020\\\/06\\\/cropped-ghostyskylogo_text_white2.png\",\"width\":169,\"height\":56,\"caption\":\"Ghostysky\"},\"image\":{\"@id\":\"https:\\\/\\\/www.ghostysky.com\\\/#\\\/schema\\\/logo\\\/image\\\/\"},\"sameAs\":[\"https:\\\/\\\/www.facebook.com\\\/people\\\/Ghostysky\\\/100057676170234\\\/\",\"https:\\\/\\\/x.com\\\/Gh0stysky\",\"https:\\\/\\\/www.linkedin.com\\\/company\\\/34739653\",\"https:\\\/\\\/www.instagram.com\\\/gh0stysky\"]}]}<\/script>\n<!-- \/ Yoast SEO plugin. -->","yoast_head_json":{"title":"Agilex Ranger Mini 3.0 - Ghostysky","description":"L&#039;Agilex Ranger Mini 3.0 est un ch\u00e2ssis de v\u00e9hicule terrestre sans pilote (UGV) omnidirectionnel avanc\u00e9 sp\u00e9cialement con\u00e7u pour les applications industrielles et de R&amp;D exigeantes. Ce robot mobile repr\u00e9sente une it\u00e9ration am\u00e9lior\u00e9e de la s\u00e9rie Ranger Mini, dot\u00e9 d&#039;un corps robuste enti\u00e8rement m\u00e9tallique et d&#039;une direction ind\u00e9pendante aux quatre roues, qui offre une maniabilit\u00e9 et une stabilit\u00e9 exceptionnelles dans divers environnements.","robots":{"index":"index","follow":"follow","max-snippet":"max-snippet:-1","max-image-preview":"max-image-preview:large","max-video-preview":"max-video-preview:-1"},"canonical":"https:\/\/www.ghostysky.com\/fr\/product\/agilex-ranger-mini-3-0\/","og_locale":"fr_FR","og_type":"article","og_title":"Agilex Ranger Mini 3.0 - Ghostysky","og_description":"The Agilex Ranger Mini 3.0 is an advanced, omnidirectional Unmanned Ground Vehicle (UGV) chassis specifically engineered for demanding industrial and R&D applications.This mobile robot represents an enhanced iteration of the Ranger Mini series, featuring a robust, all-metal body and four-wheel independent steering, which delivers exceptional maneuverability and stability in diverse environments.","og_url":"https:\/\/www.ghostysky.com\/fr\/product\/agilex-ranger-mini-3-0\/","og_site_name":"Ghostysky","article_publisher":"https:\/\/www.facebook.com\/people\/Ghostysky\/100057676170234\/","article_modified_time":"2026-01-10T09:56:13+00:00","og_image":[{"width":1920,"height":1920,"url":"https:\/\/www.ghostysky.com\/wp-content\/uploads\/2025\/10\/GH_AgilexRangerMini3_1.webp","type":"image\/webp"}],"twitter_card":"summary_large_image","twitter_site":"@Gh0stysky","twitter_misc":{"Dur\u00e9e de lecture estim\u00e9e":"2 minutes"},"schema":{"@context":"https:\/\/schema.org","@graph":[{"@type":"WebPage","@id":"https:\/\/www.ghostysky.com\/product\/agilex-ranger-mini-3-0\/","url":"https:\/\/www.ghostysky.com\/product\/agilex-ranger-mini-3-0\/","name":"Agilex Ranger Mini 3.0 - Ghostysky","isPartOf":{"@id":"https:\/\/www.ghostysky.com\/#website"},"primaryImageOfPage":{"@id":"https:\/\/www.ghostysky.com\/product\/agilex-ranger-mini-3-0\/#primaryimage"},"image":{"@id":"https:\/\/www.ghostysky.com\/product\/agilex-ranger-mini-3-0\/#primaryimage"},"thumbnailUrl":"https:\/\/www.ghostysky.com\/wp-content\/uploads\/2025\/10\/GH_AgilexRangerMini3_1.webp","datePublished":"2025-10-15T12:42:40+00:00","dateModified":"2026-01-10T09:56:13+00:00","description":"L&#039;Agilex Ranger Mini 3.0 est un ch\u00e2ssis de v\u00e9hicule terrestre sans pilote (UGV) omnidirectionnel avanc\u00e9 sp\u00e9cialement con\u00e7u pour les applications industrielles et de R&amp;D exigeantes. Ce robot mobile repr\u00e9sente une it\u00e9ration am\u00e9lior\u00e9e de la s\u00e9rie Ranger Mini, dot\u00e9 d&#039;un corps robuste enti\u00e8rement m\u00e9tallique et d&#039;une direction ind\u00e9pendante aux quatre roues, qui offre une maniabilit\u00e9 et une stabilit\u00e9 exceptionnelles dans divers environnements.","breadcrumb":{"@id":"https:\/\/www.ghostysky.com\/product\/agilex-ranger-mini-3-0\/#breadcrumb"},"inLanguage":"fr-FR","potentialAction":[{"@type":"ReadAction","target":["https:\/\/www.ghostysky.com\/product\/agilex-ranger-mini-3-0\/"]}]},{"@type":"ImageObject","inLanguage":"fr-FR","@id":"https:\/\/www.ghostysky.com\/product\/agilex-ranger-mini-3-0\/#primaryimage","url":"https:\/\/www.ghostysky.com\/wp-content\/uploads\/2025\/10\/GH_AgilexRangerMini3_1.webp","contentUrl":"https:\/\/www.ghostysky.com\/wp-content\/uploads\/2025\/10\/GH_AgilexRangerMini3_1.webp","width":1920,"height":1920},{"@type":"BreadcrumbList","@id":"https:\/\/www.ghostysky.com\/product\/agilex-ranger-mini-3-0\/#breadcrumb","itemListElement":[{"@type":"ListItem","position":1,"name":"Home","item":"https:\/\/www.ghostysky.com\/"},{"@type":"ListItem","position":2,"name":"Shop","item":"https:\/\/www.ghostysky.com\/shop\/"},{"@type":"ListItem","position":3,"name":"Agilex Ranger Mini 3.0"}]},{"@type":"WebSite","@id":"https:\/\/www.ghostysky.com\/#website","url":"https:\/\/www.ghostysky.com\/","name":"Ghostysky","description":"Fourniture de solutions professionnelles en mati\u00e8re de drones et de robotique","publisher":{"@id":"https:\/\/www.ghostysky.com\/#organization"},"potentialAction":[{"@type":"SearchAction","target":{"@type":"EntryPoint","urlTemplate":"https:\/\/www.ghostysky.com\/?s={search_term_string}"},"query-input":{"@type":"PropertyValueSpecification","valueRequired":true,"valueName":"search_term_string"}}],"inLanguage":"fr-FR"},{"@type":"Organization","@id":"https:\/\/www.ghostysky.com\/#organization","name":"Ghostysky","url":"https:\/\/www.ghostysky.com\/","logo":{"@type":"ImageObject","inLanguage":"fr-FR","@id":"https:\/\/www.ghostysky.com\/#\/schema\/logo\/image\/","url":"https:\/\/www.ghostysky.com\/wp-content\/uploads\/2020\/06\/cropped-ghostyskylogo_text_white2.png","contentUrl":"https:\/\/www.ghostysky.com\/wp-content\/uploads\/2020\/06\/cropped-ghostyskylogo_text_white2.png","width":169,"height":56,"caption":"Ghostysky"},"image":{"@id":"https:\/\/www.ghostysky.com\/#\/schema\/logo\/image\/"},"sameAs":["https:\/\/www.facebook.com\/people\/Ghostysky\/100057676170234\/","https:\/\/x.com\/Gh0stysky","https:\/\/www.linkedin.com\/company\/34739653","https:\/\/www.instagram.com\/gh0stysky"]}]}},"_links":{"self":[{"href":"https:\/\/www.ghostysky.com\/fr\/wp-json\/wp\/v2\/product\/21074","targetHints":{"allow":["GET"]}}],"collection":[{"href":"https:\/\/www.ghostysky.com\/fr\/wp-json\/wp\/v2\/product"}],"about":[{"href":"https:\/\/www.ghostysky.com\/fr\/wp-json\/wp\/v2\/types\/product"}],"replies":[{"embeddable":true,"href":"https:\/\/www.ghostysky.com\/fr\/wp-json\/wp\/v2\/comments?post=21074"}],"version-history":[{"count":0,"href":"https:\/\/www.ghostysky.com\/fr\/wp-json\/wp\/v2\/product\/21074\/revisions"}],"wp:featuredmedia":[{"embeddable":true,"href":"https:\/\/www.ghostysky.com\/fr\/wp-json\/wp\/v2\/media\/21077"}],"wp:attachment":[{"href":"https:\/\/www.ghostysky.com\/fr\/wp-json\/wp\/v2\/media?parent=21074"}],"wp:term":[{"taxonomy":"product_brand","embeddable":true,"href":"https:\/\/www.ghostysky.com\/fr\/wp-json\/wp\/v2\/product_brand?post=21074"},{"taxonomy":"product_cat","embeddable":true,"href":"https:\/\/www.ghostysky.com\/fr\/wp-json\/wp\/v2\/product_cat?post=21074"},{"taxonomy":"product_tag","embeddable":true,"href":"https:\/\/www.ghostysky.com\/fr\/wp-json\/wp\/v2\/product_tag?post=21074"}],"curies":[{"name":"wp","href":"https:\/\/api.w.org\/{rel}","templated":true}]}}