{"id":21078,"date":"2025-10-15T12:50:03","date_gmt":"2025-10-15T12:50:03","guid":{"rendered":"https:\/\/www.ghostysky.com\/?post_type=product&#038;p=21078"},"modified":"2025-10-15T12:50:28","modified_gmt":"2025-10-15T12:50:28","slug":"agilex-robotics-umr","status":"publish","type":"product","link":"https:\/\/www.ghostysky.com\/fr\/product\/agilex-robotics-umr\/","title":{"rendered":"UMR AgileX Robotique"},"content":{"rendered":"<h3><b>Caract\u00e9ristiques principales<\/b><\/h3>\n<ul>\n<li><b><span class=\"citation-338\">Adaptabilit\u00e9 universelle :<\/span><\/b><span class=\"citation-338 citation-end-338\"> Con\u00e7u pour une int\u00e9gration facile avec les syst\u00e8mes existants et une personnalisation rapide.<\/span> Il prend en charge les API ouvertes et le module Navis Plus, ce qui le rend id\u00e9al pour les chercheurs et les ing\u00e9nieurs pour acc\u00e9l\u00e9rer le d\u00e9veloppement.<\/li>\n<li><b><span class=\"citation-337\">Fonctionnement robuste et tout environnement :<\/span><\/b><span class=\"citation-337\"> Construit avec des mat\u00e9riaux de qualit\u00e9 industrielle et un <\/span><b><span class=\"citation-337\">Indice de protection IP65<\/span><\/b><span class=\"citation-337 citation-end-337\"> pour la r\u00e9sistance \u00e0 la poussi\u00e8re et \u00e0 l&#039;eau.<\/span> <span class=\"citation-336 citation-end-336\">Il peut fonctionner de mani\u00e8re constante dans une large plage de temp\u00e9ratures (g\u00e9n\u00e9ralement de -10\u00b0C \u00e0 40\u00b0C).<\/span> Ses quatre moteurs de moyeu ind\u00e9pendants permettent une navigation ais\u00e9e sur des terrains accident\u00e9s et dans des espaces restreints.<\/li>\n<li><b><span class=\"citation-335\">Navigation avanc\u00e9e :<\/span><\/b><span class=\"citation-335\"> Comprend le syst\u00e8me int\u00e9gr\u00e9 <\/span><b><span class=\"citation-335\">Syst\u00e8me de navigation NAVIS<\/span><\/b><span class=\"citation-335 citation-end-335\"> pour une pr\u00e9cision in\u00e9gal\u00e9e.<\/span>\n<ul>\n<li><b>Pr\u00e9cision de positionnement :<\/b> <span class=\"math-inline\"><span class=\"katex\"><span class=\"katex-html\" aria-hidden=\"true\"><span class=\"base\"><span class=\"mord\">\u00b1<\/span><span class=\"mord\">2<\/span><\/span><\/span><\/span><\/span><span class=\"citation-333 citation-end-333\"> cm.<\/span><\/li>\n<li><b><span class=\"citation-332\">Capacit\u00e9 de cartographie :<\/span><\/b><span class=\"citation-332 citation-end-332\"> Peut cartographier des zones de plus de 2 millions de m\u00e8tres carr\u00e9s.<\/span><\/li>\n<li><b>Fonctionnalit\u00e9:<\/b><span class=\"citation-331 citation-end-331\"> Inclut une planification intelligente des chemins et l&#039;\u00e9vitement des obstacles pour des op\u00e9rations fluides dans des environnements dynamiques.<\/span><\/li>\n<\/ul>\n<\/li>\n<li><b><span class=\"citation-330\">Conception ax\u00e9e sur la s\u00e9curit\u00e9 :<\/span><\/b><span class=\"citation-330\"> \u00c9quip\u00e9 jusqu&#039;\u00e0 <\/span><b><span class=\"citation-330\">15 capteurs avanc\u00e9s<\/span><\/b><span class=\"citation-330 citation-end-330\"> pour une approche globale <\/span><span class=\"math-inline\"><span class=\"katex\"><span class=\"katex-html\" aria-hidden=\"true\"><span class=\"base\"><span class=\"mord\">36<\/span><span class=\"mord\">0<span class=\"msupsub\"><span class=\"vlist-t\"><span class=\"vlist-r\"><span class=\"vlist\"><span class=\"\"><span class=\"sizing reset-size6 size3 mtight\"><span class=\"mord mtight\">\u2218<\/span><\/span><\/span><\/span><\/span><\/span><\/span><\/span><\/span><\/span><\/span><\/span><span class=\"citation-329 citation-end-329\"> sensibilisation \u00e0 l&#039;environnement, permettant un travail collaboratif en toute s\u00e9curit\u00e9 aux c\u00f4t\u00e9s des humains dans des espaces industriels tr\u00e8s fr\u00e9quent\u00e9s.<\/span><\/li>\n<li><b>Sp\u00e9cifications de performance (typiques) :<\/b>\n<ul>\n<li><b>Charge utile:<\/b><span class=\"citation-328 citation-end-328\"> Jusqu&#039;\u00e0 80 kg.<\/span><\/li>\n<li><b>Vitesse maximale:<\/b> 1,5 m\/s.<\/li>\n<li><b>Autonomie:<\/b><span class=\"citation-327 citation-end-327\"> Jusqu&#039;\u00e0 4 heures.<\/span><\/li>\n<li><b>Capacit\u00e9 d&#039;escalade :<\/b> <span class=\"math-inline\"><span class=\"katex\"><span class=\"katex-html\" aria-hidden=\"true\"><span class=\"base\"><span class=\"mrel\">\u2264<\/span><\/span><span class=\"base\"><span class=\"mord\">2<\/span><span class=\"mord\">0<span class=\"msupsub\"><span class=\"vlist-t\"><span class=\"vlist-r\"><span class=\"vlist\"><span class=\"\"><span class=\"sizing reset-size6 size3 mtight\"><span class=\"mord mtight\">\u2218<\/span><\/span><\/span><\/span><\/span><\/span><\/span><\/span><\/span><\/span><\/span><\/span>.<\/li>\n<\/ul>\n<\/li>\n<\/ul>\n<p><span class=\"citation-326 citation-end-326\">La plate-forme UMR est un choix puissant pour les applications dans la logistique, la fabrication, la recherche et le d\u00e9veloppement, la livraison et diverses autres t\u00e2ches d&#039;automatisation industrielle.<\/span><\/p>","protected":false},"excerpt":{"rendered":"<p><span class=\"citation-339\">Le <\/span><b><span class=\"citation-339\">AgileX Robotics UMR (Robot Mobile Universel)<\/span><\/b><span class=\"citation-339 citation-end-339\"> est une plate-forme robotique industrielle avanc\u00e9e et polyvalente con\u00e7ue pour \u00eatre une solution universelle pour divers sc\u00e9narios d&#039;automatisation et de recherche, excellant dans les environnements int\u00e9rieurs et ext\u00e9rieurs.<\/span><\/p>\n<div class=\"source-inline-chip-container ng-star-inserted\"><\/div>\n<p>&nbsp;<\/p>","protected":false},"featured_media":21084,"comment_status":"open","ping_status":"closed","template":"","meta":[],"product_brand":[1046],"product_cat":[1043,1044,1042,1037],"product_tag":[1047,1055,1052,1062],"class_list":{"0":"post-21078","1":"product","2":"type-product","3":"status-publish","4":"has-post-thumbnail","6":"product_brand-agilex","7":"product_cat-agilex","8":"product_cat-agilex-robots","9":"product_cat-chassis","10":"product_cat-robotics","11":"product_tag-agilex","12":"product_tag-agilex-chassis","13":"product_tag-agilex-robots","14":"product_tag-agilex-umr","16":"first","17":"onbackorder","18":"taxable","19":"shipping-taxable","20":"product-type-simple"},"yoast_head":"<!-- This site is optimized with the Yoast SEO plugin v27.1.1 - https:\/\/yoast.com\/product\/yoast-seo-wordpress\/ -->\n<title>AgileX Robotics UMR - Ghostysky<\/title>\n<meta name=\"description\" content=\"The AgileX Robotics UMR (Universal Mobile Robot) is an advanced, versatile industrial robotic platform engineered to be a universal solution for various automation and research scenarios, excelling in both indoor and outdoor environments.\" \/>\n<meta name=\"robots\" content=\"index, follow, max-snippet:-1, max-image-preview:large, max-video-preview:-1\" \/>\n<link rel=\"canonical\" href=\"https:\/\/www.ghostysky.com\/fr\/product\/agilex-robotics-umr\/\" \/>\n<meta property=\"og:locale\" content=\"fr_FR\" \/>\n<meta property=\"og:type\" content=\"article\" \/>\n<meta property=\"og:title\" content=\"AgileX Robotics UMR - Ghostysky\" \/>\n<meta property=\"og:description\" content=\"The AgileX Robotics UMR (Universal Mobile Robot) is an advanced, versatile industrial robotic platform engineered to be a universal solution for various automation and research scenarios, excelling in both indoor and outdoor environments.\" \/>\n<meta property=\"og:url\" content=\"https:\/\/www.ghostysky.com\/fr\/product\/agilex-robotics-umr\/\" \/>\n<meta property=\"og:site_name\" content=\"Ghostysky\" \/>\n<meta property=\"article:publisher\" content=\"https:\/\/www.facebook.com\/people\/Ghostysky\/100057676170234\/\" \/>\n<meta property=\"article:modified_time\" content=\"2025-10-15T12:50:28+00:00\" \/>\n<meta property=\"og:image\" content=\"https:\/\/www.ghostysky.com\/wp-content\/uploads\/2025\/10\/GH_Agilex_UMR.webp\" \/>\n\t<meta property=\"og:image:width\" content=\"1920\" \/>\n\t<meta property=\"og:image:height\" content=\"1920\" \/>\n\t<meta property=\"og:image:type\" content=\"image\/webp\" \/>\n<meta name=\"twitter:card\" content=\"summary_large_image\" \/>\n<meta name=\"twitter:site\" content=\"@Gh0stysky\" \/>\n<meta name=\"twitter:label1\" content=\"Dur\u00e9e de lecture estim\u00e9e\" \/>\n\t<meta name=\"twitter:data1\" content=\"2 minutes\" \/>\n<script type=\"application\/ld+json\" class=\"yoast-schema-graph\">{\"@context\":\"https:\/\/schema.org\",\"@graph\":[{\"@type\":\"WebPage\",\"@id\":\"https:\/\/www.ghostysky.com\/product\/agilex-robotics-umr\/\",\"url\":\"https:\/\/www.ghostysky.com\/product\/agilex-robotics-umr\/\",\"name\":\"AgileX Robotics UMR - Ghostysky\",\"isPartOf\":{\"@id\":\"https:\/\/www.ghostysky.com\/#website\"},\"primaryImageOfPage\":{\"@id\":\"https:\/\/www.ghostysky.com\/product\/agilex-robotics-umr\/#primaryimage\"},\"image\":{\"@id\":\"https:\/\/www.ghostysky.com\/product\/agilex-robotics-umr\/#primaryimage\"},\"thumbnailUrl\":\"https:\/\/www.ghostysky.com\/wp-content\/uploads\/2025\/10\/GH_Agilex_UMR.webp\",\"datePublished\":\"2025-10-15T12:50:03+00:00\",\"dateModified\":\"2025-10-15T12:50:28+00:00\",\"description\":\"The AgileX Robotics UMR (Universal Mobile Robot) is an advanced, versatile industrial robotic platform engineered to be a universal solution for various automation and research scenarios, excelling in both indoor and outdoor environments.\",\"breadcrumb\":{\"@id\":\"https:\/\/www.ghostysky.com\/product\/agilex-robotics-umr\/#breadcrumb\"},\"inLanguage\":\"fr-FR\",\"potentialAction\":[{\"@type\":\"ReadAction\",\"target\":[\"https:\/\/www.ghostysky.com\/product\/agilex-robotics-umr\/\"]}]},{\"@type\":\"ImageObject\",\"inLanguage\":\"fr-FR\",\"@id\":\"https:\/\/www.ghostysky.com\/product\/agilex-robotics-umr\/#primaryimage\",\"url\":\"https:\/\/www.ghostysky.com\/wp-content\/uploads\/2025\/10\/GH_Agilex_UMR.webp\",\"contentUrl\":\"https:\/\/www.ghostysky.com\/wp-content\/uploads\/2025\/10\/GH_Agilex_UMR.webp\",\"width\":1920,\"height\":1920},{\"@type\":\"BreadcrumbList\",\"@id\":\"https:\/\/www.ghostysky.com\/product\/agilex-robotics-umr\/#breadcrumb\",\"itemListElement\":[{\"@type\":\"ListItem\",\"position\":1,\"name\":\"Home\",\"item\":\"https:\/\/www.ghostysky.com\/\"},{\"@type\":\"ListItem\",\"position\":2,\"name\":\"Shop\",\"item\":\"https:\/\/www.ghostysky.com\/shop\/\"},{\"@type\":\"ListItem\",\"position\":3,\"name\":\"AgileX Robotics UMR\"}]},{\"@type\":\"WebSite\",\"@id\":\"https:\/\/www.ghostysky.com\/#website\",\"url\":\"https:\/\/www.ghostysky.com\/\",\"name\":\"Ghostysky\",\"description\":\"Delivering professional drones and services\",\"publisher\":{\"@id\":\"https:\/\/www.ghostysky.com\/#organization\"},\"potentialAction\":[{\"@type\":\"SearchAction\",\"target\":{\"@type\":\"EntryPoint\",\"urlTemplate\":\"https:\/\/www.ghostysky.com\/?s={search_term_string}\"},\"query-input\":{\"@type\":\"PropertyValueSpecification\",\"valueRequired\":true,\"valueName\":\"search_term_string\"}}],\"inLanguage\":\"fr-FR\"},{\"@type\":\"Organization\",\"@id\":\"https:\/\/www.ghostysky.com\/#organization\",\"name\":\"Ghostysky\",\"url\":\"https:\/\/www.ghostysky.com\/\",\"logo\":{\"@type\":\"ImageObject\",\"inLanguage\":\"fr-FR\",\"@id\":\"https:\/\/www.ghostysky.com\/#\/schema\/logo\/image\/\",\"url\":\"https:\/\/www.ghostysky.com\/wp-content\/uploads\/2020\/06\/cropped-ghostyskylogo_text_white2.png\",\"contentUrl\":\"https:\/\/www.ghostysky.com\/wp-content\/uploads\/2020\/06\/cropped-ghostyskylogo_text_white2.png\",\"width\":169,\"height\":56,\"caption\":\"Ghostysky\"},\"image\":{\"@id\":\"https:\/\/www.ghostysky.com\/#\/schema\/logo\/image\/\"},\"sameAs\":[\"https:\/\/www.facebook.com\/people\/Ghostysky\/100057676170234\/\",\"https:\/\/x.com\/Gh0stysky\",\"https:\/\/www.linkedin.com\/company\/34739653\",\"https:\/\/www.instagram.com\/gh0stysky\"]}]}<\/script>\n<!-- \/ Yoast SEO plugin. -->","yoast_head_json":{"title":"UMR AgileX Robotique - Ghostysky","description":"L&#039;UMR (Universal Mobile Robot) d&#039;AgileX Robotics est une plate-forme robotique industrielle avanc\u00e9e et polyvalente con\u00e7ue pour \u00eatre une solution universelle pour divers sc\u00e9narios d&#039;automatisation et de recherche, excellant dans les environnements int\u00e9rieurs et ext\u00e9rieurs.","robots":{"index":"index","follow":"follow","max-snippet":"max-snippet:-1","max-image-preview":"max-image-preview:large","max-video-preview":"max-video-preview:-1"},"canonical":"https:\/\/www.ghostysky.com\/fr\/product\/agilex-robotics-umr\/","og_locale":"fr_FR","og_type":"article","og_title":"AgileX Robotics UMR - Ghostysky","og_description":"The AgileX Robotics UMR (Universal Mobile Robot) is an advanced, versatile industrial robotic platform engineered to be a universal solution for various automation and research scenarios, excelling in both indoor and outdoor environments.","og_url":"https:\/\/www.ghostysky.com\/fr\/product\/agilex-robotics-umr\/","og_site_name":"Ghostysky","article_publisher":"https:\/\/www.facebook.com\/people\/Ghostysky\/100057676170234\/","article_modified_time":"2025-10-15T12:50:28+00:00","og_image":[{"width":1920,"height":1920,"url":"https:\/\/www.ghostysky.com\/wp-content\/uploads\/2025\/10\/GH_Agilex_UMR.webp","type":"image\/webp"}],"twitter_card":"summary_large_image","twitter_site":"@Gh0stysky","twitter_misc":{"Dur\u00e9e de lecture estim\u00e9e":"2 minutes"},"schema":{"@context":"https:\/\/schema.org","@graph":[{"@type":"WebPage","@id":"https:\/\/www.ghostysky.com\/product\/agilex-robotics-umr\/","url":"https:\/\/www.ghostysky.com\/product\/agilex-robotics-umr\/","name":"UMR AgileX Robotique - Ghostysky","isPartOf":{"@id":"https:\/\/www.ghostysky.com\/#website"},"primaryImageOfPage":{"@id":"https:\/\/www.ghostysky.com\/product\/agilex-robotics-umr\/#primaryimage"},"image":{"@id":"https:\/\/www.ghostysky.com\/product\/agilex-robotics-umr\/#primaryimage"},"thumbnailUrl":"https:\/\/www.ghostysky.com\/wp-content\/uploads\/2025\/10\/GH_Agilex_UMR.webp","datePublished":"2025-10-15T12:50:03+00:00","dateModified":"2025-10-15T12:50:28+00:00","description":"L&#039;UMR (Universal Mobile Robot) d&#039;AgileX Robotics est une plate-forme robotique industrielle avanc\u00e9e et polyvalente con\u00e7ue pour \u00eatre une solution universelle pour divers sc\u00e9narios d&#039;automatisation et de recherche, excellant dans les environnements int\u00e9rieurs et ext\u00e9rieurs.","breadcrumb":{"@id":"https:\/\/www.ghostysky.com\/product\/agilex-robotics-umr\/#breadcrumb"},"inLanguage":"fr-FR","potentialAction":[{"@type":"ReadAction","target":["https:\/\/www.ghostysky.com\/product\/agilex-robotics-umr\/"]}]},{"@type":"ImageObject","inLanguage":"fr-FR","@id":"https:\/\/www.ghostysky.com\/product\/agilex-robotics-umr\/#primaryimage","url":"https:\/\/www.ghostysky.com\/wp-content\/uploads\/2025\/10\/GH_Agilex_UMR.webp","contentUrl":"https:\/\/www.ghostysky.com\/wp-content\/uploads\/2025\/10\/GH_Agilex_UMR.webp","width":1920,"height":1920},{"@type":"BreadcrumbList","@id":"https:\/\/www.ghostysky.com\/product\/agilex-robotics-umr\/#breadcrumb","itemListElement":[{"@type":"ListItem","position":1,"name":"Home","item":"https:\/\/www.ghostysky.com\/"},{"@type":"ListItem","position":2,"name":"Shop","item":"https:\/\/www.ghostysky.com\/shop\/"},{"@type":"ListItem","position":3,"name":"AgileX Robotics UMR"}]},{"@type":"WebSite","@id":"https:\/\/www.ghostysky.com\/#website","url":"https:\/\/www.ghostysky.com\/","name":"Ghostysky","description":"Livraison de drones et de services professionnels","publisher":{"@id":"https:\/\/www.ghostysky.com\/#organization"},"potentialAction":[{"@type":"SearchAction","target":{"@type":"EntryPoint","urlTemplate":"https:\/\/www.ghostysky.com\/?s={search_term_string}"},"query-input":{"@type":"PropertyValueSpecification","valueRequired":true,"valueName":"search_term_string"}}],"inLanguage":"fr-FR"},{"@type":"Organization","@id":"https:\/\/www.ghostysky.com\/#organization","name":"Ghostysky","url":"https:\/\/www.ghostysky.com\/","logo":{"@type":"ImageObject","inLanguage":"fr-FR","@id":"https:\/\/www.ghostysky.com\/#\/schema\/logo\/image\/","url":"https:\/\/www.ghostysky.com\/wp-content\/uploads\/2020\/06\/cropped-ghostyskylogo_text_white2.png","contentUrl":"https:\/\/www.ghostysky.com\/wp-content\/uploads\/2020\/06\/cropped-ghostyskylogo_text_white2.png","width":169,"height":56,"caption":"Ghostysky"},"image":{"@id":"https:\/\/www.ghostysky.com\/#\/schema\/logo\/image\/"},"sameAs":["https:\/\/www.facebook.com\/people\/Ghostysky\/100057676170234\/","https:\/\/x.com\/Gh0stysky","https:\/\/www.linkedin.com\/company\/34739653","https:\/\/www.instagram.com\/gh0stysky"]}]}},"_links":{"self":[{"href":"https:\/\/www.ghostysky.com\/fr\/wp-json\/wp\/v2\/product\/21078","targetHints":{"allow":["GET"]}}],"collection":[{"href":"https:\/\/www.ghostysky.com\/fr\/wp-json\/wp\/v2\/product"}],"about":[{"href":"https:\/\/www.ghostysky.com\/fr\/wp-json\/wp\/v2\/types\/product"}],"replies":[{"embeddable":true,"href":"https:\/\/www.ghostysky.com\/fr\/wp-json\/wp\/v2\/comments?post=21078"}],"wp:featuredmedia":[{"embeddable":true,"href":"https:\/\/www.ghostysky.com\/fr\/wp-json\/wp\/v2\/media\/21084"}],"wp:attachment":[{"href":"https:\/\/www.ghostysky.com\/fr\/wp-json\/wp\/v2\/media?parent=21078"}],"wp:term":[{"taxonomy":"product_brand","embeddable":true,"href":"https:\/\/www.ghostysky.com\/fr\/wp-json\/wp\/v2\/product_brand?post=21078"},{"taxonomy":"product_cat","embeddable":true,"href":"https:\/\/www.ghostysky.com\/fr\/wp-json\/wp\/v2\/product_cat?post=21078"},{"taxonomy":"product_tag","embeddable":true,"href":"https:\/\/www.ghostysky.com\/fr\/wp-json\/wp\/v2\/product_tag?post=21078"}],"curies":[{"name":"wp","href":"https:\/\/api.w.org\/{rel}","templated":true}]}}