{"id":21097,"date":"2025-10-15T13:49:11","date_gmt":"2025-10-15T13:49:11","guid":{"rendered":"https:\/\/www.ghostysky.com\/?post_type=product&#038;p=21097"},"modified":"2026-01-10T09:54:45","modified_gmt":"2026-01-10T09:54:45","slug":"agilex-bunker-mini-2-0","status":"publish","type":"product","link":"https:\/\/www.ghostysky.com\/fr\/product\/agilex-bunker-mini-2-0\/","title":{"rendered":"Agilex Bunker Mini 2.0"},"content":{"rendered":"<h3><b>Principales fonctionnalit\u00e9s et capacit\u00e9s<\/b><\/h3>\n<ul>\n<li><b>Performances tout-terrain robustes :<\/b><span class=\"citation-402\"> Construit avec un savoir-faire de pointe dans l&#039;industrie <\/span><b><span class=\"citation-402\">Indice de protection IP67<\/span><\/b><span class=\"citation-402 citation-end-402\">, le Bunker Mini 2.0 est tr\u00e8s r\u00e9sistant \u00e0 la p\u00e9n\u00e9tration du sable, de la poussi\u00e8re et de l&#039;eau, ce qui le rend intr\u00e9pide dans des environnements de travail extr\u00eames comme la boue, les zones humides et les pentes raides.<\/span> <span class=\"citation-401 citation-end-401\">Il b\u00e9n\u00e9ficie d&#039;un degr\u00e9 d&#039;escalade maximal de <\/span><span class=\"math-inline\"><span class=\"katex\"><span class=\"katex-html\" aria-hidden=\"true\"><span class=\"base\"><span class=\"mord\">3<\/span><span class=\"mord\">0<span class=\"msupsub\"><span class=\"vlist-t\"><span class=\"vlist-r\"><span class=\"vlist\"><span class=\"\"><span class=\"sizing reset-size6 size3 mtight\"><span class=\"mbin mtight\">\u2218<\/span><\/span><\/span><\/span><\/span><\/span><\/span><\/span><\/span><\/span><\/span><\/span><span class=\"citation-400 citation-end-400\"> (sans charge utile).<\/span><\/li>\n<li><b>Taille compacte, grande charge utile :<\/b> Malgr\u00e9 son faible encombrement (environ <span class=\"math-inline\"><span class=\"katex\"><span class=\"katex-html\" aria-hidden=\"true\"><span class=\"base\"><span class=\"mord\">660<\/span><span class=\"mbin\">\u00d7<\/span><\/span><span class=\"base\"><span class=\"mord\">584<\/span><span class=\"mbin\">\u00d7<\/span><\/span><span class=\"base\"><span class=\"mord\">340<\/span><\/span><\/span><\/span><\/span><span class=\"citation-399\"> mm), sa conception robuste et modulaire permet une <\/span><b><span class=\"citation-399\">Capacit\u00e9 de charge utile de 25 kg<\/span><\/b><span class=\"citation-399 citation-end-399\">.<\/span> <span class=\"citation-398 citation-end-398\">Cela lui permet de transporter facilement divers \u00e9quipements d&#039;inspection, cam\u00e9ras ou plates-formes de pr\u00e9hension et de manutention de bras robotis\u00e9s.<\/span><\/li>\n<li><b>Man\u0153uvrabilit\u00e9 agile :<\/b><span class=\"citation-397\"> Sa construction \u00e0 chenilles et sa direction diff\u00e9rentielle permettent une <\/span><b><span class=\"citation-397\">rayon de braquage nul<\/span><\/b><span class=\"citation-397 citation-end-397\">, lui permettant de tourner sur place et de naviguer dans des espaces extr\u00eamement restreints et confin\u00e9s avec une agilit\u00e9 sup\u00e9rieure.<\/span> <span class=\"citation-396 citation-end-396\">La vitesse maximale est jusqu&#039;\u00e0 <\/span><span class=\"math-inline\"><span class=\"katex\"><span class=\"katex-html\" aria-hidden=\"true\"><span class=\"base\"><span class=\"mord\">5.4<\/span><span class=\"mord text\"><span class=\"mord\">\u00a0km\/h<\/span><\/span><\/span><\/span><\/span><\/span><span class=\"citation-395 citation-end-395\"> ou <\/span><span class=\"math-inline\"><span class=\"katex\"><span class=\"katex-html\" aria-hidden=\"true\"><span class=\"base\"><span class=\"mord\">1.5<\/span><span class=\"mord text\"><span class=\"mord\">\u00a0MS<\/span><\/span><\/span><\/span><\/span><\/span><span class=\"citation-394 citation-end-394\">.<\/span><\/li>\n<li><b>D\u00e9veloppement secondaire rapide :<\/b><span class=\"citation-393\"> La plateforme est con\u00e7ue dans un souci d&#039;\u00e9cologie open source, prenant en charge <\/span><b><span class=\"citation-393\">ROS (ROS1\/ROS2)<\/span><\/b><span class=\"citation-393 citation-end-393\">, Python et simulation GAZEBO.<\/span> <span class=\"citation-392\">Il dispose d&#039;une norme <\/span><b><span class=\"citation-392\">Interface de communication du bus CAN<\/span><\/b><span class=\"citation-392 citation-end-392\"> et r\u00e9servez des ouvertures de profil standard (rails \u00e0 rainures en T en aluminium) pour un montage rapide de capteurs externes, de cam\u00e9ras, d&#039;IMU et de syst\u00e8mes de contr\u00f4le.<\/span><\/li>\n<li><b>Applications polyvalentes :<\/b> Le Bunker Mini 2.0 offre une plate-forme mobile id\u00e9ale pour d\u00e9velopper des applications robotiques sp\u00e9ciales, notamment\u00a0:\n<ul>\n<li><span class=\"citation-391 citation-end-391\">Arpentage et cartographie des voies navigables<\/span><\/li>\n<li>Exploration mini\u00e8re<\/li>\n<li>Inspection des pipelines et des infrastructures<\/li>\n<li><span class=\"citation-390 citation-end-390\">S\u00e9curit\u00e9 et surveillance<\/span><\/li>\n<li>Sauvetage EOD (Explosive Ordnance Disposal)<\/li>\n<li><span class=\"citation-389 citation-end-389\">Tournage et transport sp\u00e9cialis\u00e9s<\/span><\/li>\n<\/ul>\n<\/li>\n<\/ul>\n<p><span class=\"citation-388 citation-end-388\">Essentiellement, le Bunker Mini 2.0 sert de ch\u00e2ssis \u00e0 chenilles industriel polyvalent et flexible, \u00e9quilibrant le besoin de mobilit\u00e9 tout-terrain avec la capacit\u00e9 de fonctionner dans des espaces complexes et \u00e9troits, ce qui en fait une excellente solution pour les d\u00e9veloppeurs et les chercheurs.<\/span><\/p>","protected":false},"excerpt":{"rendered":"<p><span class=\"citation-403\">L&#039;AgileX <\/span><b><span class=\"citation-403\">Robot mobile \u00e0 chenilles Bunker Mini 2.0<\/span><\/b><span class=\"citation-403 citation-end-403\"> est un ch\u00e2ssis de v\u00e9hicule terrestre sans pilote (UGV) compact mais puissant con\u00e7u pour naviguer dans des environnements difficiles et \u00e9troits, \u00e0 l&#039;int\u00e9rieur comme \u00e0 l&#039;ext\u00e9rieur.<\/span><\/p>","protected":false},"featured_media":21100,"comment_status":"open","ping_status":"closed","template":"","meta":[],"product_brand":[1046],"product_cat":[1043,1044,1042,1037],"product_tag":[1047,1063,1055,1052],"class_list":{"0":"post-21097","1":"product","2":"type-product","3":"status-publish","4":"has-post-thumbnail","6":"product_brand-agilex","7":"product_cat-agilex","8":"product_cat-agilex-robots","9":"product_cat-chassis","10":"product_cat-robotics","11":"product_tag-agilex","12":"product_tag-agilex-bunker-mini-2-0","13":"product_tag-agilex-chassis","14":"product_tag-agilex-robots","16":"first","17":"onbackorder","18":"taxable","19":"shipping-taxable","20":"purchasable","21":"product-type-simple"},"yoast_head":"<!-- This site is optimized with the Yoast SEO plugin v27.4 - https:\/\/yoast.com\/product\/yoast-seo-wordpress\/ -->\n<title>Agilex Bunker Mini 2.0 - Ghostysky<\/title>\n<meta name=\"description\" content=\"The AgileX Bunker Mini 2.0 Mobile Tracked Robot is a compact yet powerful Unmanned Ground Vehicle (UGV) chassis designed to navigate challenging and narrow environments, both indoors and outdoors.\" \/>\n<meta name=\"robots\" content=\"index, follow, max-snippet:-1, max-image-preview:large, max-video-preview:-1\" \/>\n<link rel=\"canonical\" href=\"https:\/\/www.ghostysky.com\/fr\/product\/agilex-bunker-mini-2-0\/\" \/>\n<meta property=\"og:locale\" content=\"fr_FR\" \/>\n<meta property=\"og:type\" content=\"article\" \/>\n<meta property=\"og:title\" content=\"Agilex Bunker Mini 2.0 - Ghostysky\" \/>\n<meta property=\"og:description\" content=\"The AgileX Bunker Mini 2.0 Mobile Tracked Robot is a compact yet powerful Unmanned Ground Vehicle (UGV) chassis designed to navigate challenging and narrow environments, both indoors and outdoors.\" \/>\n<meta property=\"og:url\" content=\"https:\/\/www.ghostysky.com\/fr\/product\/agilex-bunker-mini-2-0\/\" \/>\n<meta property=\"og:site_name\" content=\"Ghostysky\" \/>\n<meta property=\"article:publisher\" content=\"https:\/\/www.facebook.com\/people\/Ghostysky\/100057676170234\/\" \/>\n<meta property=\"article:modified_time\" content=\"2026-01-10T09:54:45+00:00\" \/>\n<meta property=\"og:image\" content=\"https:\/\/www.ghostysky.com\/wp-content\/uploads\/2025\/10\/GH_AgilexBunkerMini2.0_1.webp\" \/>\n\t<meta property=\"og:image:width\" content=\"1920\" \/>\n\t<meta property=\"og:image:height\" content=\"1920\" \/>\n\t<meta property=\"og:image:type\" content=\"image\/webp\" \/>\n<meta name=\"twitter:card\" content=\"summary_large_image\" \/>\n<meta name=\"twitter:site\" content=\"@Gh0stysky\" \/>\n<meta name=\"twitter:label1\" content=\"Dur\u00e9e de lecture estim\u00e9e\" \/>\n\t<meta name=\"twitter:data1\" content=\"2 minutes\" \/>\n<script type=\"application\/ld+json\" class=\"yoast-schema-graph\">{\"@context\":\"https:\\\/\\\/schema.org\",\"@graph\":[{\"@type\":\"WebPage\",\"@id\":\"https:\\\/\\\/www.ghostysky.com\\\/product\\\/agilex-bunker-mini-2-0\\\/\",\"url\":\"https:\\\/\\\/www.ghostysky.com\\\/product\\\/agilex-bunker-mini-2-0\\\/\",\"name\":\"Agilex Bunker Mini 2.0 - Ghostysky\",\"isPartOf\":{\"@id\":\"https:\\\/\\\/www.ghostysky.com\\\/#website\"},\"primaryImageOfPage\":{\"@id\":\"https:\\\/\\\/www.ghostysky.com\\\/product\\\/agilex-bunker-mini-2-0\\\/#primaryimage\"},\"image\":{\"@id\":\"https:\\\/\\\/www.ghostysky.com\\\/product\\\/agilex-bunker-mini-2-0\\\/#primaryimage\"},\"thumbnailUrl\":\"https:\\\/\\\/www.ghostysky.com\\\/wp-content\\\/uploads\\\/2025\\\/10\\\/GH_AgilexBunkerMini2.0_1.webp\",\"datePublished\":\"2025-10-15T13:49:11+00:00\",\"dateModified\":\"2026-01-10T09:54:45+00:00\",\"description\":\"The AgileX Bunker Mini 2.0 Mobile Tracked Robot is a compact yet powerful Unmanned Ground Vehicle (UGV) chassis designed to navigate challenging and narrow environments, both indoors and outdoors.\",\"breadcrumb\":{\"@id\":\"https:\\\/\\\/www.ghostysky.com\\\/product\\\/agilex-bunker-mini-2-0\\\/#breadcrumb\"},\"inLanguage\":\"fr-FR\",\"potentialAction\":[{\"@type\":\"ReadAction\",\"target\":[\"https:\\\/\\\/www.ghostysky.com\\\/product\\\/agilex-bunker-mini-2-0\\\/\"]}]},{\"@type\":\"ImageObject\",\"inLanguage\":\"fr-FR\",\"@id\":\"https:\\\/\\\/www.ghostysky.com\\\/product\\\/agilex-bunker-mini-2-0\\\/#primaryimage\",\"url\":\"https:\\\/\\\/www.ghostysky.com\\\/wp-content\\\/uploads\\\/2025\\\/10\\\/GH_AgilexBunkerMini2.0_1.webp\",\"contentUrl\":\"https:\\\/\\\/www.ghostysky.com\\\/wp-content\\\/uploads\\\/2025\\\/10\\\/GH_AgilexBunkerMini2.0_1.webp\",\"width\":1920,\"height\":1920},{\"@type\":\"BreadcrumbList\",\"@id\":\"https:\\\/\\\/www.ghostysky.com\\\/product\\\/agilex-bunker-mini-2-0\\\/#breadcrumb\",\"itemListElement\":[{\"@type\":\"ListItem\",\"position\":1,\"name\":\"Home\",\"item\":\"https:\\\/\\\/www.ghostysky.com\\\/\"},{\"@type\":\"ListItem\",\"position\":2,\"name\":\"Shop\",\"item\":\"https:\\\/\\\/www.ghostysky.com\\\/shop\\\/\"},{\"@type\":\"ListItem\",\"position\":3,\"name\":\"Agilex Bunker Mini 2.0\"}]},{\"@type\":\"WebSite\",\"@id\":\"https:\\\/\\\/www.ghostysky.com\\\/#website\",\"url\":\"https:\\\/\\\/www.ghostysky.com\\\/\",\"name\":\"Ghostysky\",\"description\":\"Delivering professional drones and robotics solutions\",\"publisher\":{\"@id\":\"https:\\\/\\\/www.ghostysky.com\\\/#organization\"},\"potentialAction\":[{\"@type\":\"SearchAction\",\"target\":{\"@type\":\"EntryPoint\",\"urlTemplate\":\"https:\\\/\\\/www.ghostysky.com\\\/?s={search_term_string}\"},\"query-input\":{\"@type\":\"PropertyValueSpecification\",\"valueRequired\":true,\"valueName\":\"search_term_string\"}}],\"inLanguage\":\"fr-FR\"},{\"@type\":\"Organization\",\"@id\":\"https:\\\/\\\/www.ghostysky.com\\\/#organization\",\"name\":\"Ghostysky\",\"url\":\"https:\\\/\\\/www.ghostysky.com\\\/\",\"logo\":{\"@type\":\"ImageObject\",\"inLanguage\":\"fr-FR\",\"@id\":\"https:\\\/\\\/www.ghostysky.com\\\/#\\\/schema\\\/logo\\\/image\\\/\",\"url\":\"https:\\\/\\\/www.ghostysky.com\\\/wp-content\\\/uploads\\\/2020\\\/06\\\/cropped-ghostyskylogo_text_white2.png\",\"contentUrl\":\"https:\\\/\\\/www.ghostysky.com\\\/wp-content\\\/uploads\\\/2020\\\/06\\\/cropped-ghostyskylogo_text_white2.png\",\"width\":169,\"height\":56,\"caption\":\"Ghostysky\"},\"image\":{\"@id\":\"https:\\\/\\\/www.ghostysky.com\\\/#\\\/schema\\\/logo\\\/image\\\/\"},\"sameAs\":[\"https:\\\/\\\/www.facebook.com\\\/people\\\/Ghostysky\\\/100057676170234\\\/\",\"https:\\\/\\\/x.com\\\/Gh0stysky\",\"https:\\\/\\\/www.linkedin.com\\\/company\\\/34739653\",\"https:\\\/\\\/www.instagram.com\\\/gh0stysky\"]}]}<\/script>\n<!-- \/ Yoast SEO plugin. -->","yoast_head_json":{"title":"Agilex Bunker Mini 2.0 - Ghostysky","description":"Le robot mobile \u00e0 chenilles AgileX Bunker Mini 2.0 est un ch\u00e2ssis de v\u00e9hicule terrestre sans pilote (UGV) compact mais puissant con\u00e7u pour naviguer dans des environnements difficiles et \u00e9troits, \u00e0 l&#039;int\u00e9rieur comme \u00e0 l&#039;ext\u00e9rieur.","robots":{"index":"index","follow":"follow","max-snippet":"max-snippet:-1","max-image-preview":"max-image-preview:large","max-video-preview":"max-video-preview:-1"},"canonical":"https:\/\/www.ghostysky.com\/fr\/product\/agilex-bunker-mini-2-0\/","og_locale":"fr_FR","og_type":"article","og_title":"Agilex Bunker Mini 2.0 - Ghostysky","og_description":"The AgileX Bunker Mini 2.0 Mobile Tracked Robot is a compact yet powerful Unmanned Ground Vehicle (UGV) chassis designed to navigate challenging and narrow environments, both indoors and outdoors.","og_url":"https:\/\/www.ghostysky.com\/fr\/product\/agilex-bunker-mini-2-0\/","og_site_name":"Ghostysky","article_publisher":"https:\/\/www.facebook.com\/people\/Ghostysky\/100057676170234\/","article_modified_time":"2026-01-10T09:54:45+00:00","og_image":[{"width":1920,"height":1920,"url":"https:\/\/www.ghostysky.com\/wp-content\/uploads\/2025\/10\/GH_AgilexBunkerMini2.0_1.webp","type":"image\/webp"}],"twitter_card":"summary_large_image","twitter_site":"@Gh0stysky","twitter_misc":{"Dur\u00e9e de lecture estim\u00e9e":"2 minutes"},"schema":{"@context":"https:\/\/schema.org","@graph":[{"@type":"WebPage","@id":"https:\/\/www.ghostysky.com\/product\/agilex-bunker-mini-2-0\/","url":"https:\/\/www.ghostysky.com\/product\/agilex-bunker-mini-2-0\/","name":"Agilex Bunker Mini 2.0 - Ghostysky","isPartOf":{"@id":"https:\/\/www.ghostysky.com\/#website"},"primaryImageOfPage":{"@id":"https:\/\/www.ghostysky.com\/product\/agilex-bunker-mini-2-0\/#primaryimage"},"image":{"@id":"https:\/\/www.ghostysky.com\/product\/agilex-bunker-mini-2-0\/#primaryimage"},"thumbnailUrl":"https:\/\/www.ghostysky.com\/wp-content\/uploads\/2025\/10\/GH_AgilexBunkerMini2.0_1.webp","datePublished":"2025-10-15T13:49:11+00:00","dateModified":"2026-01-10T09:54:45+00:00","description":"Le robot mobile \u00e0 chenilles AgileX Bunker Mini 2.0 est un ch\u00e2ssis de v\u00e9hicule terrestre sans pilote (UGV) compact mais puissant con\u00e7u pour naviguer dans des environnements difficiles et \u00e9troits, \u00e0 l&#039;int\u00e9rieur comme \u00e0 l&#039;ext\u00e9rieur.","breadcrumb":{"@id":"https:\/\/www.ghostysky.com\/product\/agilex-bunker-mini-2-0\/#breadcrumb"},"inLanguage":"fr-FR","potentialAction":[{"@type":"ReadAction","target":["https:\/\/www.ghostysky.com\/product\/agilex-bunker-mini-2-0\/"]}]},{"@type":"ImageObject","inLanguage":"fr-FR","@id":"https:\/\/www.ghostysky.com\/product\/agilex-bunker-mini-2-0\/#primaryimage","url":"https:\/\/www.ghostysky.com\/wp-content\/uploads\/2025\/10\/GH_AgilexBunkerMini2.0_1.webp","contentUrl":"https:\/\/www.ghostysky.com\/wp-content\/uploads\/2025\/10\/GH_AgilexBunkerMini2.0_1.webp","width":1920,"height":1920},{"@type":"BreadcrumbList","@id":"https:\/\/www.ghostysky.com\/product\/agilex-bunker-mini-2-0\/#breadcrumb","itemListElement":[{"@type":"ListItem","position":1,"name":"Home","item":"https:\/\/www.ghostysky.com\/"},{"@type":"ListItem","position":2,"name":"Shop","item":"https:\/\/www.ghostysky.com\/shop\/"},{"@type":"ListItem","position":3,"name":"Agilex Bunker Mini 2.0"}]},{"@type":"WebSite","@id":"https:\/\/www.ghostysky.com\/#website","url":"https:\/\/www.ghostysky.com\/","name":"Ghostysky","description":"Fourniture de solutions professionnelles en mati\u00e8re de drones et de robotique","publisher":{"@id":"https:\/\/www.ghostysky.com\/#organization"},"potentialAction":[{"@type":"SearchAction","target":{"@type":"EntryPoint","urlTemplate":"https:\/\/www.ghostysky.com\/?s={search_term_string}"},"query-input":{"@type":"PropertyValueSpecification","valueRequired":true,"valueName":"search_term_string"}}],"inLanguage":"fr-FR"},{"@type":"Organization","@id":"https:\/\/www.ghostysky.com\/#organization","name":"Ghostysky","url":"https:\/\/www.ghostysky.com\/","logo":{"@type":"ImageObject","inLanguage":"fr-FR","@id":"https:\/\/www.ghostysky.com\/#\/schema\/logo\/image\/","url":"https:\/\/www.ghostysky.com\/wp-content\/uploads\/2020\/06\/cropped-ghostyskylogo_text_white2.png","contentUrl":"https:\/\/www.ghostysky.com\/wp-content\/uploads\/2020\/06\/cropped-ghostyskylogo_text_white2.png","width":169,"height":56,"caption":"Ghostysky"},"image":{"@id":"https:\/\/www.ghostysky.com\/#\/schema\/logo\/image\/"},"sameAs":["https:\/\/www.facebook.com\/people\/Ghostysky\/100057676170234\/","https:\/\/x.com\/Gh0stysky","https:\/\/www.linkedin.com\/company\/34739653","https:\/\/www.instagram.com\/gh0stysky"]}]}},"_links":{"self":[{"href":"https:\/\/www.ghostysky.com\/fr\/wp-json\/wp\/v2\/product\/21097","targetHints":{"allow":["GET"]}}],"collection":[{"href":"https:\/\/www.ghostysky.com\/fr\/wp-json\/wp\/v2\/product"}],"about":[{"href":"https:\/\/www.ghostysky.com\/fr\/wp-json\/wp\/v2\/types\/product"}],"replies":[{"embeddable":true,"href":"https:\/\/www.ghostysky.com\/fr\/wp-json\/wp\/v2\/comments?post=21097"}],"version-history":[{"count":0,"href":"https:\/\/www.ghostysky.com\/fr\/wp-json\/wp\/v2\/product\/21097\/revisions"}],"wp:featuredmedia":[{"embeddable":true,"href":"https:\/\/www.ghostysky.com\/fr\/wp-json\/wp\/v2\/media\/21100"}],"wp:attachment":[{"href":"https:\/\/www.ghostysky.com\/fr\/wp-json\/wp\/v2\/media?parent=21097"}],"wp:term":[{"taxonomy":"product_brand","embeddable":true,"href":"https:\/\/www.ghostysky.com\/fr\/wp-json\/wp\/v2\/product_brand?post=21097"},{"taxonomy":"product_cat","embeddable":true,"href":"https:\/\/www.ghostysky.com\/fr\/wp-json\/wp\/v2\/product_cat?post=21097"},{"taxonomy":"product_tag","embeddable":true,"href":"https:\/\/www.ghostysky.com\/fr\/wp-json\/wp\/v2\/product_tag?post=21097"}],"curies":[{"name":"wp","href":"https:\/\/api.w.org\/{rel}","templated":true}]}}