{"id":21104,"date":"2025-10-15T14:00:56","date_gmt":"2025-10-15T14:00:56","guid":{"rendered":"https:\/\/www.ghostysky.com\/?post_type=product&#038;p=21104"},"modified":"2026-01-10T09:54:01","modified_gmt":"2026-01-10T09:54:01","slug":"agilex-bunker-pro","status":"publish","type":"product","link":"https:\/\/www.ghostysky.com\/fr\/product\/agilex-bunker-pro\/","title":{"rendered":"Agilex Bunker Pro"},"content":{"rendered":"<h3><b>Principales fonctionnalit\u00e9s et capacit\u00e9s<\/b><\/h3>\n<ul>\n<li><b><span class=\"citation-425\">Mobilit\u00e9 tout-terrain exceptionnelle :<\/span><\/b><span class=\"citation-425 citation-end-425\"> Dot\u00e9 d&#039;un syst\u00e8me de suspension avanc\u00e9 multibras avec amortisseurs renforc\u00e9s, le BUNKER PRO peut facilement traverser des terrains difficiles, y compris des sols meubles, des pentes raides (jusqu&#039;\u00e0 <\/span><span class=\"math-inline\"><span class=\"katex\"><span class=\"katex-html\" aria-hidden=\"true\"><span class=\"base\"><span class=\"mord\">3<\/span><span class=\"mord\">0<span class=\"msupsub\"><span class=\"vlist-t\"><span class=\"vlist-r\"><span class=\"vlist\"><span class=\"\"><span class=\"sizing reset-size6 size3 mtight\"><span class=\"mbin mtight\">\u2218<\/span><\/span><\/span><\/span><\/span><\/span><\/span><\/span><\/span><\/span><\/span><\/span><span class=\"citation-424 citation-end-424\"> (escalade), escaliers, rochers, boue et sable.<\/span> <span class=\"citation-423 citation-end-423\">Il dispose \u00e9galement d&#039;une conception anti-collision unique.<\/span><\/li>\n<li><b><span class=\"citation-422\">Indice de protection \u00e9lev\u00e9 (IP67) :<\/span><\/b><span class=\"citation-422 citation-end-422\"> La construction robuste b\u00e9n\u00e9ficie d&#039;un indice de protection IP67, ce qui signifie qu&#039;elle est totalement \u00e9tanche \u00e0 la poussi\u00e8re et prot\u00e9g\u00e9e contre l&#039;immersion temporaire dans l&#039;eau, garantissant un fonctionnement fiable dans des conditions difficiles, humides ou poussi\u00e9reuses.<\/span><\/li>\n<li><b><span class=\"citation-421\">Capacit\u00e9 de charge utile \u00e0 usage intensif :<\/span><\/b><span class=\"citation-421\"> Avec une charge utile maximale impressionnante de <\/span><b><span class=\"citation-421\">120 kg<\/span><\/b><span class=\"citation-421 citation-end-421\">, la plate-forme peut transporter en toute s\u00e9curit\u00e9 un large \u00e9ventail de capteurs, d&#039;instruments, de bras robotis\u00e9s ou de mat\u00e9riaux lourds pour diverses applications.<\/span><\/li>\n<li><b>Man\u0153uvrabilit\u00e9 agile :<\/b><span class=\"citation-420 citation-end-420\"> \u00c9quip\u00e9 de deux puissants servomoteurs sans balais, le BUNKER PRO permet une rotation transparente sur place en entra\u00eenant ses chenilles dans des directions oppos\u00e9es, permettant des man\u0153uvres et un positionnement pr\u00e9cis dans des espaces confin\u00e9s.<\/span><\/li>\n<li><b><span class=\"citation-419\">Plateforme conviviale pour le d\u00e9veloppement\u00a0:<\/span><\/b><span class=\"citation-419\"> Il fournit des interfaces mat\u00e9rielles accessibles, principalement un <\/span><b><span class=\"citation-419\">Protocole de bus CAN<\/span><\/b><span class=\"citation-419 citation-end-419\">, pour une int\u00e9gration facile d&#039;appareils et de capteurs externes (comme LiDAR, cam\u00e9ras et GPS).<\/span><\/li>\n<li><b><span class=\"citation-418\">\u00c9cosyst\u00e8me logiciel :<\/span><\/b><span class=\"citation-418\"> La plateforme est particuli\u00e8rement adapt\u00e9e au d\u00e9veloppement secondaire, offrant <\/span><b><span class=\"citation-418\">SDK open source<\/span><\/b><span class=\"citation-418\"> et complet <\/span><b><span class=\"citation-418\">Compatibilit\u00e9 ROS (Robot Operating System)<\/span><\/b><span class=\"citation-418 citation-end-418\"> avec des packages C++ et ROS disponibles pour acc\u00e9l\u00e9rer le d\u00e9veloppement d&#039;algorithmes de navigation, d&#039;inspection et d&#039;exploration autonomes.<\/span><\/li>\n<li><b><span class=\"citation-417\">Applications polyvalentes :<\/span><\/b><span class=\"citation-417 citation-end-417\"> Le BUNKER PRO est un excellent choix pour la recherche et le d\u00e9veloppement, les inspections industrielles, les t\u00e2ches agricoles, la logistique, l&#039;exploration de zones difficiles d&#039;acc\u00e8s et les op\u00e9rations de s\u00e9curit\u00e9 ou de sauvetage.<\/span>\n<div class=\"source-inline-chip-container ng-star-inserted\"><\/div>\n<\/li>\n<\/ul>\n<p><span class=\"citation-416 citation-end-416\">Essentiellement, l&#039;AgileX BUNKER PRO fournit une plate-forme mobile robuste, puissante et hautement personnalisable aux chercheurs et aux professionnels de l&#039;industrie repoussant les limites de la robotique tout-terrain.<\/span><\/p>","protected":false},"excerpt":{"rendered":"<p><span class=\"citation-427\">L&#039;AgileX <\/span><b><span class=\"citation-427\">BUNKER PRO<\/span><\/b><span class=\"citation-427 citation-end-427\"> est un ch\u00e2ssis de v\u00e9hicule terrestre sans pilote (UGV) \u00e0 chenilles robuste con\u00e7u comme une plate-forme de d\u00e9veloppement de robot mobile \u00e0 commande \u00e9lectrique de haute pr\u00e9cision.<\/span> <span class=\"citation-426 citation-end-426\">Con\u00e7u pour des performances et une fiabilit\u00e9 tout-terrain sup\u00e9rieures, il constitue la base id\u00e9ale pour cr\u00e9er des applications de robots autonomes dans les environnements les plus exigeants.<\/span><\/p>","protected":false},"featured_media":21107,"comment_status":"open","ping_status":"closed","template":"","meta":[],"product_brand":[1046],"product_cat":[1043,1044,1042,1037],"product_tag":[1047,1055,1052,1064],"class_list":{"0":"post-21104","1":"product","2":"type-product","3":"status-publish","4":"has-post-thumbnail","6":"product_brand-agilex","7":"product_cat-agilex","8":"product_cat-agilex-robots","9":"product_cat-chassis","10":"product_cat-robotics","11":"product_tag-agilex","12":"product_tag-agilex-chassis","13":"product_tag-agilex-robots","14":"product_tag-bunker-pro","16":"first","17":"onbackorder","18":"taxable","19":"shipping-taxable","20":"purchasable","21":"product-type-simple"},"yoast_head":"<!-- This site is optimized with the Yoast SEO plugin v27.4 - https:\/\/yoast.com\/product\/yoast-seo-wordpress\/ -->\n<title>Agilex Bunker Pro - Ghostysky<\/title>\n<meta name=\"description\" content=\"The AgileX BUNKER PRO is a heavy-duty, tracked Unmanned Ground Vehicle (UGV) chassis engineered as a high-precision, drive-by-wire mobile robot development platform. Designed for superior off-road performance and reliability, it is the ideal foundation for creating autonomous robot applications in the most demanding environments.\" \/>\n<meta name=\"robots\" content=\"index, follow, max-snippet:-1, max-image-preview:large, max-video-preview:-1\" \/>\n<link rel=\"canonical\" href=\"https:\/\/www.ghostysky.com\/fr\/product\/agilex-bunker-pro\/\" \/>\n<meta property=\"og:locale\" content=\"fr_FR\" \/>\n<meta property=\"og:type\" content=\"article\" \/>\n<meta property=\"og:title\" content=\"Agilex Bunker Pro - Ghostysky\" \/>\n<meta property=\"og:description\" content=\"The AgileX BUNKER PRO is a heavy-duty, tracked Unmanned Ground Vehicle (UGV) chassis engineered as a high-precision, drive-by-wire mobile robot development platform. Designed for superior off-road performance and reliability, it is the ideal foundation for creating autonomous robot applications in the most demanding environments.\" \/>\n<meta property=\"og:url\" content=\"https:\/\/www.ghostysky.com\/fr\/product\/agilex-bunker-pro\/\" \/>\n<meta property=\"og:site_name\" content=\"Ghostysky\" \/>\n<meta property=\"article:publisher\" content=\"https:\/\/www.facebook.com\/people\/Ghostysky\/100057676170234\/\" \/>\n<meta property=\"article:modified_time\" content=\"2026-01-10T09:54:01+00:00\" \/>\n<meta property=\"og:image\" content=\"https:\/\/www.ghostysky.com\/wp-content\/uploads\/2025\/10\/GH_AgilexBunkerPro_1.webp\" \/>\n\t<meta property=\"og:image:width\" content=\"2400\" \/>\n\t<meta property=\"og:image:height\" content=\"2400\" \/>\n\t<meta property=\"og:image:type\" content=\"image\/webp\" \/>\n<meta name=\"twitter:card\" content=\"summary_large_image\" \/>\n<meta name=\"twitter:site\" content=\"@Gh0stysky\" \/>\n<meta name=\"twitter:label1\" content=\"Dur\u00e9e de lecture estim\u00e9e\" \/>\n\t<meta name=\"twitter:data1\" content=\"2 minutes\" \/>\n<script type=\"application\/ld+json\" class=\"yoast-schema-graph\">{\"@context\":\"https:\\\/\\\/schema.org\",\"@graph\":[{\"@type\":\"WebPage\",\"@id\":\"https:\\\/\\\/www.ghostysky.com\\\/product\\\/agilex-bunker-pro\\\/\",\"url\":\"https:\\\/\\\/www.ghostysky.com\\\/product\\\/agilex-bunker-pro\\\/\",\"name\":\"Agilex Bunker Pro - Ghostysky\",\"isPartOf\":{\"@id\":\"https:\\\/\\\/www.ghostysky.com\\\/#website\"},\"primaryImageOfPage\":{\"@id\":\"https:\\\/\\\/www.ghostysky.com\\\/product\\\/agilex-bunker-pro\\\/#primaryimage\"},\"image\":{\"@id\":\"https:\\\/\\\/www.ghostysky.com\\\/product\\\/agilex-bunker-pro\\\/#primaryimage\"},\"thumbnailUrl\":\"https:\\\/\\\/www.ghostysky.com\\\/wp-content\\\/uploads\\\/2025\\\/10\\\/GH_AgilexBunkerPro_1.webp\",\"datePublished\":\"2025-10-15T14:00:56+00:00\",\"dateModified\":\"2026-01-10T09:54:01+00:00\",\"description\":\"The AgileX BUNKER PRO is a heavy-duty, tracked Unmanned Ground Vehicle (UGV) chassis engineered as a high-precision, drive-by-wire mobile robot development platform. Designed for superior off-road performance and reliability, it is the ideal foundation for creating autonomous robot applications in the most demanding environments.\",\"breadcrumb\":{\"@id\":\"https:\\\/\\\/www.ghostysky.com\\\/product\\\/agilex-bunker-pro\\\/#breadcrumb\"},\"inLanguage\":\"fr-FR\",\"potentialAction\":[{\"@type\":\"ReadAction\",\"target\":[\"https:\\\/\\\/www.ghostysky.com\\\/product\\\/agilex-bunker-pro\\\/\"]}]},{\"@type\":\"ImageObject\",\"inLanguage\":\"fr-FR\",\"@id\":\"https:\\\/\\\/www.ghostysky.com\\\/product\\\/agilex-bunker-pro\\\/#primaryimage\",\"url\":\"https:\\\/\\\/www.ghostysky.com\\\/wp-content\\\/uploads\\\/2025\\\/10\\\/GH_AgilexBunkerPro_1.webp\",\"contentUrl\":\"https:\\\/\\\/www.ghostysky.com\\\/wp-content\\\/uploads\\\/2025\\\/10\\\/GH_AgilexBunkerPro_1.webp\",\"width\":2400,\"height\":2400},{\"@type\":\"BreadcrumbList\",\"@id\":\"https:\\\/\\\/www.ghostysky.com\\\/product\\\/agilex-bunker-pro\\\/#breadcrumb\",\"itemListElement\":[{\"@type\":\"ListItem\",\"position\":1,\"name\":\"Home\",\"item\":\"https:\\\/\\\/www.ghostysky.com\\\/\"},{\"@type\":\"ListItem\",\"position\":2,\"name\":\"Shop\",\"item\":\"https:\\\/\\\/www.ghostysky.com\\\/shop\\\/\"},{\"@type\":\"ListItem\",\"position\":3,\"name\":\"Agilex Bunker Pro\"}]},{\"@type\":\"WebSite\",\"@id\":\"https:\\\/\\\/www.ghostysky.com\\\/#website\",\"url\":\"https:\\\/\\\/www.ghostysky.com\\\/\",\"name\":\"Ghostysky\",\"description\":\"Delivering professional drones and robotics solutions\",\"publisher\":{\"@id\":\"https:\\\/\\\/www.ghostysky.com\\\/#organization\"},\"potentialAction\":[{\"@type\":\"SearchAction\",\"target\":{\"@type\":\"EntryPoint\",\"urlTemplate\":\"https:\\\/\\\/www.ghostysky.com\\\/?s={search_term_string}\"},\"query-input\":{\"@type\":\"PropertyValueSpecification\",\"valueRequired\":true,\"valueName\":\"search_term_string\"}}],\"inLanguage\":\"fr-FR\"},{\"@type\":\"Organization\",\"@id\":\"https:\\\/\\\/www.ghostysky.com\\\/#organization\",\"name\":\"Ghostysky\",\"url\":\"https:\\\/\\\/www.ghostysky.com\\\/\",\"logo\":{\"@type\":\"ImageObject\",\"inLanguage\":\"fr-FR\",\"@id\":\"https:\\\/\\\/www.ghostysky.com\\\/#\\\/schema\\\/logo\\\/image\\\/\",\"url\":\"https:\\\/\\\/www.ghostysky.com\\\/wp-content\\\/uploads\\\/2020\\\/06\\\/cropped-ghostyskylogo_text_white2.png\",\"contentUrl\":\"https:\\\/\\\/www.ghostysky.com\\\/wp-content\\\/uploads\\\/2020\\\/06\\\/cropped-ghostyskylogo_text_white2.png\",\"width\":169,\"height\":56,\"caption\":\"Ghostysky\"},\"image\":{\"@id\":\"https:\\\/\\\/www.ghostysky.com\\\/#\\\/schema\\\/logo\\\/image\\\/\"},\"sameAs\":[\"https:\\\/\\\/www.facebook.com\\\/people\\\/Ghostysky\\\/100057676170234\\\/\",\"https:\\\/\\\/x.com\\\/Gh0stysky\",\"https:\\\/\\\/www.linkedin.com\\\/company\\\/34739653\",\"https:\\\/\\\/www.instagram.com\\\/gh0stysky\"]}]}<\/script>\n<!-- \/ Yoast SEO plugin. -->","yoast_head_json":{"title":"Agilex Bunker Pro - Ghostysky","description":"L&#039;AgileX BUNKER PRO est un ch\u00e2ssis de v\u00e9hicule terrestre sans pilote (UGV) chenill\u00e9 robuste, con\u00e7u comme plateforme de d\u00e9veloppement de robots mobiles \u00e0 commande \u00e9lectrique de haute pr\u00e9cision. Con\u00e7u pour des performances et une fiabilit\u00e9 tout-terrain sup\u00e9rieures, il constitue la base id\u00e9ale pour la cr\u00e9ation d&#039;applications robotiques autonomes dans les environnements les plus exigeants.","robots":{"index":"index","follow":"follow","max-snippet":"max-snippet:-1","max-image-preview":"max-image-preview:large","max-video-preview":"max-video-preview:-1"},"canonical":"https:\/\/www.ghostysky.com\/fr\/product\/agilex-bunker-pro\/","og_locale":"fr_FR","og_type":"article","og_title":"Agilex Bunker Pro - Ghostysky","og_description":"The AgileX BUNKER PRO is a heavy-duty, tracked Unmanned Ground Vehicle (UGV) chassis engineered as a high-precision, drive-by-wire mobile robot development platform. Designed for superior off-road performance and reliability, it is the ideal foundation for creating autonomous robot applications in the most demanding environments.","og_url":"https:\/\/www.ghostysky.com\/fr\/product\/agilex-bunker-pro\/","og_site_name":"Ghostysky","article_publisher":"https:\/\/www.facebook.com\/people\/Ghostysky\/100057676170234\/","article_modified_time":"2026-01-10T09:54:01+00:00","og_image":[{"width":2400,"height":2400,"url":"https:\/\/www.ghostysky.com\/wp-content\/uploads\/2025\/10\/GH_AgilexBunkerPro_1.webp","type":"image\/webp"}],"twitter_card":"summary_large_image","twitter_site":"@Gh0stysky","twitter_misc":{"Dur\u00e9e de lecture estim\u00e9e":"2 minutes"},"schema":{"@context":"https:\/\/schema.org","@graph":[{"@type":"WebPage","@id":"https:\/\/www.ghostysky.com\/product\/agilex-bunker-pro\/","url":"https:\/\/www.ghostysky.com\/product\/agilex-bunker-pro\/","name":"Agilex Bunker Pro - Ghostysky","isPartOf":{"@id":"https:\/\/www.ghostysky.com\/#website"},"primaryImageOfPage":{"@id":"https:\/\/www.ghostysky.com\/product\/agilex-bunker-pro\/#primaryimage"},"image":{"@id":"https:\/\/www.ghostysky.com\/product\/agilex-bunker-pro\/#primaryimage"},"thumbnailUrl":"https:\/\/www.ghostysky.com\/wp-content\/uploads\/2025\/10\/GH_AgilexBunkerPro_1.webp","datePublished":"2025-10-15T14:00:56+00:00","dateModified":"2026-01-10T09:54:01+00:00","description":"L&#039;AgileX BUNKER PRO est un ch\u00e2ssis de v\u00e9hicule terrestre sans pilote (UGV) chenill\u00e9 robuste, con\u00e7u comme plateforme de d\u00e9veloppement de robots mobiles \u00e0 commande \u00e9lectrique de haute pr\u00e9cision. Con\u00e7u pour des performances et une fiabilit\u00e9 tout-terrain sup\u00e9rieures, il constitue la base id\u00e9ale pour la cr\u00e9ation d&#039;applications robotiques autonomes dans les environnements les plus exigeants.","breadcrumb":{"@id":"https:\/\/www.ghostysky.com\/product\/agilex-bunker-pro\/#breadcrumb"},"inLanguage":"fr-FR","potentialAction":[{"@type":"ReadAction","target":["https:\/\/www.ghostysky.com\/product\/agilex-bunker-pro\/"]}]},{"@type":"ImageObject","inLanguage":"fr-FR","@id":"https:\/\/www.ghostysky.com\/product\/agilex-bunker-pro\/#primaryimage","url":"https:\/\/www.ghostysky.com\/wp-content\/uploads\/2025\/10\/GH_AgilexBunkerPro_1.webp","contentUrl":"https:\/\/www.ghostysky.com\/wp-content\/uploads\/2025\/10\/GH_AgilexBunkerPro_1.webp","width":2400,"height":2400},{"@type":"BreadcrumbList","@id":"https:\/\/www.ghostysky.com\/product\/agilex-bunker-pro\/#breadcrumb","itemListElement":[{"@type":"ListItem","position":1,"name":"Home","item":"https:\/\/www.ghostysky.com\/"},{"@type":"ListItem","position":2,"name":"Shop","item":"https:\/\/www.ghostysky.com\/shop\/"},{"@type":"ListItem","position":3,"name":"Agilex Bunker Pro"}]},{"@type":"WebSite","@id":"https:\/\/www.ghostysky.com\/#website","url":"https:\/\/www.ghostysky.com\/","name":"Ghostysky","description":"Fourniture de solutions professionnelles en mati\u00e8re de drones et de robotique","publisher":{"@id":"https:\/\/www.ghostysky.com\/#organization"},"potentialAction":[{"@type":"SearchAction","target":{"@type":"EntryPoint","urlTemplate":"https:\/\/www.ghostysky.com\/?s={search_term_string}"},"query-input":{"@type":"PropertyValueSpecification","valueRequired":true,"valueName":"search_term_string"}}],"inLanguage":"fr-FR"},{"@type":"Organization","@id":"https:\/\/www.ghostysky.com\/#organization","name":"Ghostysky","url":"https:\/\/www.ghostysky.com\/","logo":{"@type":"ImageObject","inLanguage":"fr-FR","@id":"https:\/\/www.ghostysky.com\/#\/schema\/logo\/image\/","url":"https:\/\/www.ghostysky.com\/wp-content\/uploads\/2020\/06\/cropped-ghostyskylogo_text_white2.png","contentUrl":"https:\/\/www.ghostysky.com\/wp-content\/uploads\/2020\/06\/cropped-ghostyskylogo_text_white2.png","width":169,"height":56,"caption":"Ghostysky"},"image":{"@id":"https:\/\/www.ghostysky.com\/#\/schema\/logo\/image\/"},"sameAs":["https:\/\/www.facebook.com\/people\/Ghostysky\/100057676170234\/","https:\/\/x.com\/Gh0stysky","https:\/\/www.linkedin.com\/company\/34739653","https:\/\/www.instagram.com\/gh0stysky"]}]}},"_links":{"self":[{"href":"https:\/\/www.ghostysky.com\/fr\/wp-json\/wp\/v2\/product\/21104","targetHints":{"allow":["GET"]}}],"collection":[{"href":"https:\/\/www.ghostysky.com\/fr\/wp-json\/wp\/v2\/product"}],"about":[{"href":"https:\/\/www.ghostysky.com\/fr\/wp-json\/wp\/v2\/types\/product"}],"replies":[{"embeddable":true,"href":"https:\/\/www.ghostysky.com\/fr\/wp-json\/wp\/v2\/comments?post=21104"}],"version-history":[{"count":0,"href":"https:\/\/www.ghostysky.com\/fr\/wp-json\/wp\/v2\/product\/21104\/revisions"}],"wp:featuredmedia":[{"embeddable":true,"href":"https:\/\/www.ghostysky.com\/fr\/wp-json\/wp\/v2\/media\/21107"}],"wp:attachment":[{"href":"https:\/\/www.ghostysky.com\/fr\/wp-json\/wp\/v2\/media?parent=21104"}],"wp:term":[{"taxonomy":"product_brand","embeddable":true,"href":"https:\/\/www.ghostysky.com\/fr\/wp-json\/wp\/v2\/product_brand?post=21104"},{"taxonomy":"product_cat","embeddable":true,"href":"https:\/\/www.ghostysky.com\/fr\/wp-json\/wp\/v2\/product_cat?post=21104"},{"taxonomy":"product_tag","embeddable":true,"href":"https:\/\/www.ghostysky.com\/fr\/wp-json\/wp\/v2\/product_tag?post=21104"}],"curies":[{"name":"wp","href":"https:\/\/api.w.org\/{rel}","templated":true}]}}