{"id":21108,"date":"2025-10-15T14:08:56","date_gmt":"2025-10-15T14:08:56","guid":{"rendered":"https:\/\/www.ghostysky.com\/?post_type=product&#038;p=21108"},"modified":"2026-01-10T09:53:06","modified_gmt":"2026-01-10T09:53:06","slug":"agilex-tracer-2-0","status":"publish","type":"product","link":"https:\/\/www.ghostysky.com\/fr\/product\/agilex-tracer-2-0\/","title":{"rendered":"Agilex Tracer 2.0"},"content":{"rendered":"<h3><b>Principales fonctionnalit\u00e9s et capacit\u00e9s<\/b><\/h3>\n<ul>\n<li><b><span class=\"citation-448\">Performances puissantes :<\/span><\/b><span class=\"citation-448\"> \u00c9quip\u00e9 de <\/span><b><span class=\"citation-448\">2 moteurs \u00e0 courant continu sans balais de 400 W<\/span><\/b><span class=\"citation-448\">, le Tracer 2.0 offre une augmentation de puissance significative, atteignant une vitesse maximale de <\/span><b><span class=\"citation-448\">2,0 m\/s<\/span><\/b><span class=\"citation-448\"> et supportant une capacit\u00e9 de charge utile substantielle allant jusqu&#039;\u00e0 <\/span><b><span class=\"citation-448\">150 kg<\/span><\/b><span class=\"citation-448 citation-end-448\"> (une mise \u00e0 niveau majeure par rapport \u00e0 la g\u00e9n\u00e9ration pr\u00e9c\u00e9dente).<\/span><\/li>\n<li><b><span class=\"citation-447\">Endurance exceptionnelle :<\/span><\/b><span class=\"citation-447\"> Une grande capacit\u00e9 <\/span><b><span class=\"citation-447\">Batterie lithium fer phosphate 24 V 30 Ah<\/span><\/b><span class=\"citation-447\"> assure un fonctionnement prolong\u00e9, avec une port\u00e9e maximale allant jusqu&#039;\u00e0 <\/span><b><span class=\"citation-447\">80 km<\/span><\/b><span class=\"citation-447\"> et une dur\u00e9e de vie maximale de la batterie de <\/span><b><span class=\"citation-447\">10 heures<\/span><\/b><span class=\"citation-447 citation-end-447\"> sur une seule charge.<\/span><\/li>\n<li><b>Compact et maniable :<\/b><span class=\"citation-446\"> Ses dimensions optimis\u00e9es (<\/span><b><span class=\"citation-446\">702 x 610 x 169 mm<\/span><\/b><span class=\"citation-446\">) et la direction diff\u00e9rentielle lui permettent de fonctionner <\/span><b><span class=\"citation-446\">rotation sur place<\/span><\/b><span class=\"citation-446 citation-end-446\">, ce qui le rend tr\u00e8s agile pour naviguer dans des environnements int\u00e9rieurs complexes et restreints.<\/span><\/li>\n<li><b><span class=\"citation-445\">Conception robuste et stable :<\/span><\/b><span class=\"citation-445\"> Con\u00e7u pour les t\u00e2ches difficiles avec un <\/span><b><span class=\"citation-445\">Indice de protection IP22<\/span><\/b><span class=\"citation-445\"> et une plage de temp\u00e9rature de fonctionnement de <\/span><b><span class=\"citation-445\">-10\u00b0C \u00e0 40\u00b0C<\/span><\/b><span class=\"citation-445 citation-end-445\">.<\/span> Sa structure am\u00e9lior\u00e9e et sa suspension \u00e0 bras oscillant non ind\u00e9pendante l&#039;aident \u00e0 surmonter les petits obstacles comme <b>Pas de 10 mm<\/b> avec facilit\u00e9.<\/li>\n<li><b>Ouvert au d\u00e9veloppement :<\/b><span class=\"citation-444\"> Tracer 2.0 est une plateforme de d\u00e9veloppement polyvalente offrant des interfaces ouvertes (y compris <\/span><b><span class=\"citation-444\">Bus CAN<\/span><\/b><span class=\"citation-444\"> et interfaces s\u00e9rie), un logiciel open source <\/span><b><span class=\"citation-444\">Kit de d\u00e9veloppement logiciel (SDK)<\/span><\/b><span class=\"citation-444\">, et une compatibilit\u00e9 totale avec <\/span><b><span class=\"citation-444\">ROS\/ROS 2<\/span><\/b><span class=\"citation-444 citation-end-444\">.<\/span> <span class=\"citation-443 citation-end-443\">Il est con\u00e7u pour le d\u00e9veloppement secondaire transparent et l&#039;int\u00e9gration de divers capteurs et composants.<\/span><\/li>\n<li><b><span class=\"citation-442\">Int\u00e9gration facile :<\/span><\/b><span class=\"citation-442\"> Les positions d&#039;installation et les interfaces r\u00e9serv\u00e9es permettent le montage rapide de capteurs externes tels que <\/span><b><span class=\"citation-442\">LiDAR, cam\u00e9ras st\u00e9r\u00e9o, RTK-GPS, IMU,<\/span><\/b><span class=\"citation-442 citation-end-442\"> et les syst\u00e8mes informatiques embarqu\u00e9s (comme Jetson ou IPC).<\/span>\n<div class=\"source-inline-chip-container ng-star-inserted\"><\/div>\n<\/li>\n<\/ul>\n<h3><b>Applications id\u00e9ales<\/b><\/h3>\n<ul>\n<li><b>Logistique et transport int\u00e9rieurs automatis\u00e9s<\/b><\/li>\n<li><b>Recherche sur la navigation et la perception autonomes<\/b><\/li>\n<li><b><span class=\"citation-441 citation-end-441\">Test et validation des capteurs (LiDAR, cam\u00e9ras, etc.)<\/span><\/b><\/li>\n<li><b><span class=\"citation-440 citation-end-440\">\u00c9ducation, formation et prototypage en robotique (avec ROS\/ROS 2)<\/span><\/b>\n<div class=\"source-inline-chip-container ng-star-inserted\"><\/div>\n<\/li>\n<\/ul>\n<p>L&#039;Agilex Tracer 2.0 est la plate-forme robotique d\u00e9finitive, \u00e0 grande vitesse et \u00e0 charge utile \u00e9lev\u00e9e pour les ing\u00e9nieurs, les chercheurs et les int\u00e9grateurs de syst\u00e8mes \u00e0 la recherche d&#039;une base fiable pour la prochaine g\u00e9n\u00e9ration de robots mobiles intelligents.<\/p>","protected":false},"excerpt":{"rendered":"<p>L&#039;Agilex Tracer 2.0 est un v\u00e9hicule \u00e0 guidage autonome (AGV) compact et performant, \u00e0 deux roues diff\u00e9rentielles, con\u00e7u pour allier robustesse industrielle et flexibilit\u00e9 de niveau recherche. Cette plateforme mobile constitue la base id\u00e9ale pour un large \u00e9ventail d&#039;applications int\u00e9rieures exigeantes, notamment la logistique automatis\u00e9e, la recherche en robotique avanc\u00e9e et les projets \u00e9ducatifs.<\/p>","protected":false},"featured_media":21111,"comment_status":"open","ping_status":"closed","template":"","meta":[],"product_brand":[1046],"product_cat":[1043,1044,1042,1037],"product_tag":[1047,1055,1052,1065],"class_list":{"0":"post-21108","1":"product","2":"type-product","3":"status-publish","4":"has-post-thumbnail","6":"product_brand-agilex","7":"product_cat-agilex","8":"product_cat-agilex-robots","9":"product_cat-chassis","10":"product_cat-robotics","11":"product_tag-agilex","12":"product_tag-agilex-chassis","13":"product_tag-agilex-robots","14":"product_tag-agilex-tracer","16":"first","17":"onbackorder","18":"taxable","19":"shipping-taxable","20":"purchasable","21":"product-type-simple"},"yoast_head":"<!-- This site is optimized with the Yoast SEO plugin v27.4 - https:\/\/yoast.com\/product\/yoast-seo-wordpress\/ -->\n<title>Agilex Tracer 2.0 - Ghostysky<\/title>\n<meta name=\"description\" content=\"The Agilex Tracer 2.0 is a compact, high-performance two-wheel differential Autonomous Guided Vehicle (AGV) engineered to bridge the gap between industrial-grade robustness and research-level flexibility. This mobile platform is the ultimate base for a wide range of demanding indoor applications, including automated logistics, advanced robotics research, and educational projects.\" \/>\n<meta name=\"robots\" content=\"index, follow, max-snippet:-1, max-image-preview:large, max-video-preview:-1\" \/>\n<link rel=\"canonical\" href=\"https:\/\/www.ghostysky.com\/fr\/product\/agilex-tracer-2-0\/\" \/>\n<meta property=\"og:locale\" content=\"fr_FR\" \/>\n<meta property=\"og:type\" content=\"article\" \/>\n<meta property=\"og:title\" content=\"Agilex Tracer 2.0 - Ghostysky\" \/>\n<meta property=\"og:description\" content=\"The Agilex Tracer 2.0 is a compact, high-performance two-wheel differential Autonomous Guided Vehicle (AGV) engineered to bridge the gap between industrial-grade robustness and research-level flexibility. This mobile platform is the ultimate base for a wide range of demanding indoor applications, including automated logistics, advanced robotics research, and educational projects.\" \/>\n<meta property=\"og:url\" content=\"https:\/\/www.ghostysky.com\/fr\/product\/agilex-tracer-2-0\/\" \/>\n<meta property=\"og:site_name\" content=\"Ghostysky\" \/>\n<meta property=\"article:publisher\" content=\"https:\/\/www.facebook.com\/people\/Ghostysky\/100057676170234\/\" \/>\n<meta property=\"article:modified_time\" content=\"2026-01-10T09:53:06+00:00\" \/>\n<meta property=\"og:image\" content=\"https:\/\/www.ghostysky.com\/wp-content\/uploads\/2025\/10\/GH_AgilexTracer2.0_1.webp\" \/>\n\t<meta property=\"og:image:width\" content=\"2400\" \/>\n\t<meta property=\"og:image:height\" content=\"2400\" \/>\n\t<meta property=\"og:image:type\" content=\"image\/webp\" \/>\n<meta name=\"twitter:card\" content=\"summary_large_image\" \/>\n<meta name=\"twitter:site\" content=\"@Gh0stysky\" \/>\n<meta name=\"twitter:label1\" content=\"Dur\u00e9e de lecture estim\u00e9e\" \/>\n\t<meta name=\"twitter:data1\" content=\"2 minutes\" \/>\n<script type=\"application\/ld+json\" class=\"yoast-schema-graph\">{\"@context\":\"https:\\\/\\\/schema.org\",\"@graph\":[{\"@type\":\"WebPage\",\"@id\":\"https:\\\/\\\/www.ghostysky.com\\\/product\\\/agilex-tracer-2-0\\\/\",\"url\":\"https:\\\/\\\/www.ghostysky.com\\\/product\\\/agilex-tracer-2-0\\\/\",\"name\":\"Agilex Tracer 2.0 - Ghostysky\",\"isPartOf\":{\"@id\":\"https:\\\/\\\/www.ghostysky.com\\\/#website\"},\"primaryImageOfPage\":{\"@id\":\"https:\\\/\\\/www.ghostysky.com\\\/product\\\/agilex-tracer-2-0\\\/#primaryimage\"},\"image\":{\"@id\":\"https:\\\/\\\/www.ghostysky.com\\\/product\\\/agilex-tracer-2-0\\\/#primaryimage\"},\"thumbnailUrl\":\"https:\\\/\\\/www.ghostysky.com\\\/wp-content\\\/uploads\\\/2025\\\/10\\\/GH_AgilexTracer2.0_1.webp\",\"datePublished\":\"2025-10-15T14:08:56+00:00\",\"dateModified\":\"2026-01-10T09:53:06+00:00\",\"description\":\"The Agilex Tracer 2.0 is a compact, high-performance two-wheel differential Autonomous Guided Vehicle (AGV) engineered to bridge the gap between industrial-grade robustness and research-level flexibility. This mobile platform is the ultimate base for a wide range of demanding indoor applications, including automated logistics, advanced robotics research, and educational projects.\",\"breadcrumb\":{\"@id\":\"https:\\\/\\\/www.ghostysky.com\\\/product\\\/agilex-tracer-2-0\\\/#breadcrumb\"},\"inLanguage\":\"fr-FR\",\"potentialAction\":[{\"@type\":\"ReadAction\",\"target\":[\"https:\\\/\\\/www.ghostysky.com\\\/product\\\/agilex-tracer-2-0\\\/\"]}]},{\"@type\":\"ImageObject\",\"inLanguage\":\"fr-FR\",\"@id\":\"https:\\\/\\\/www.ghostysky.com\\\/product\\\/agilex-tracer-2-0\\\/#primaryimage\",\"url\":\"https:\\\/\\\/www.ghostysky.com\\\/wp-content\\\/uploads\\\/2025\\\/10\\\/GH_AgilexTracer2.0_1.webp\",\"contentUrl\":\"https:\\\/\\\/www.ghostysky.com\\\/wp-content\\\/uploads\\\/2025\\\/10\\\/GH_AgilexTracer2.0_1.webp\",\"width\":2400,\"height\":2400},{\"@type\":\"BreadcrumbList\",\"@id\":\"https:\\\/\\\/www.ghostysky.com\\\/product\\\/agilex-tracer-2-0\\\/#breadcrumb\",\"itemListElement\":[{\"@type\":\"ListItem\",\"position\":1,\"name\":\"Home\",\"item\":\"https:\\\/\\\/www.ghostysky.com\\\/\"},{\"@type\":\"ListItem\",\"position\":2,\"name\":\"Shop\",\"item\":\"https:\\\/\\\/www.ghostysky.com\\\/shop\\\/\"},{\"@type\":\"ListItem\",\"position\":3,\"name\":\"Agilex Tracer 2.0\"}]},{\"@type\":\"WebSite\",\"@id\":\"https:\\\/\\\/www.ghostysky.com\\\/#website\",\"url\":\"https:\\\/\\\/www.ghostysky.com\\\/\",\"name\":\"Ghostysky\",\"description\":\"Delivering professional drones and robotics solutions\",\"publisher\":{\"@id\":\"https:\\\/\\\/www.ghostysky.com\\\/#organization\"},\"potentialAction\":[{\"@type\":\"SearchAction\",\"target\":{\"@type\":\"EntryPoint\",\"urlTemplate\":\"https:\\\/\\\/www.ghostysky.com\\\/?s={search_term_string}\"},\"query-input\":{\"@type\":\"PropertyValueSpecification\",\"valueRequired\":true,\"valueName\":\"search_term_string\"}}],\"inLanguage\":\"fr-FR\"},{\"@type\":\"Organization\",\"@id\":\"https:\\\/\\\/www.ghostysky.com\\\/#organization\",\"name\":\"Ghostysky\",\"url\":\"https:\\\/\\\/www.ghostysky.com\\\/\",\"logo\":{\"@type\":\"ImageObject\",\"inLanguage\":\"fr-FR\",\"@id\":\"https:\\\/\\\/www.ghostysky.com\\\/#\\\/schema\\\/logo\\\/image\\\/\",\"url\":\"https:\\\/\\\/www.ghostysky.com\\\/wp-content\\\/uploads\\\/2020\\\/06\\\/cropped-ghostyskylogo_text_white2.png\",\"contentUrl\":\"https:\\\/\\\/www.ghostysky.com\\\/wp-content\\\/uploads\\\/2020\\\/06\\\/cropped-ghostyskylogo_text_white2.png\",\"width\":169,\"height\":56,\"caption\":\"Ghostysky\"},\"image\":{\"@id\":\"https:\\\/\\\/www.ghostysky.com\\\/#\\\/schema\\\/logo\\\/image\\\/\"},\"sameAs\":[\"https:\\\/\\\/www.facebook.com\\\/people\\\/Ghostysky\\\/100057676170234\\\/\",\"https:\\\/\\\/x.com\\\/Gh0stysky\",\"https:\\\/\\\/www.linkedin.com\\\/company\\\/34739653\",\"https:\\\/\\\/www.instagram.com\\\/gh0stysky\"]}]}<\/script>\n<!-- \/ Yoast SEO plugin. -->","yoast_head_json":{"title":"Agilex Tracer 2.0 - Ghostysky","description":"L&#039;Agilex Tracer 2.0 est un v\u00e9hicule \u00e0 guidage autonome (AGV) compact et performant, \u00e0 deux roues diff\u00e9rentielles, con\u00e7u pour allier robustesse industrielle et flexibilit\u00e9 de niveau recherche. Cette plateforme mobile constitue la base id\u00e9ale pour un large \u00e9ventail d&#039;applications int\u00e9rieures exigeantes, notamment la logistique automatis\u00e9e, la recherche en robotique avanc\u00e9e et les projets \u00e9ducatifs.","robots":{"index":"index","follow":"follow","max-snippet":"max-snippet:-1","max-image-preview":"max-image-preview:large","max-video-preview":"max-video-preview:-1"},"canonical":"https:\/\/www.ghostysky.com\/fr\/product\/agilex-tracer-2-0\/","og_locale":"fr_FR","og_type":"article","og_title":"Agilex Tracer 2.0 - Ghostysky","og_description":"The Agilex Tracer 2.0 is a compact, high-performance two-wheel differential Autonomous Guided Vehicle (AGV) engineered to bridge the gap between industrial-grade robustness and research-level flexibility. This mobile platform is the ultimate base for a wide range of demanding indoor applications, including automated logistics, advanced robotics research, and educational projects.","og_url":"https:\/\/www.ghostysky.com\/fr\/product\/agilex-tracer-2-0\/","og_site_name":"Ghostysky","article_publisher":"https:\/\/www.facebook.com\/people\/Ghostysky\/100057676170234\/","article_modified_time":"2026-01-10T09:53:06+00:00","og_image":[{"width":2400,"height":2400,"url":"https:\/\/www.ghostysky.com\/wp-content\/uploads\/2025\/10\/GH_AgilexTracer2.0_1.webp","type":"image\/webp"}],"twitter_card":"summary_large_image","twitter_site":"@Gh0stysky","twitter_misc":{"Dur\u00e9e de lecture estim\u00e9e":"2 minutes"},"schema":{"@context":"https:\/\/schema.org","@graph":[{"@type":"WebPage","@id":"https:\/\/www.ghostysky.com\/product\/agilex-tracer-2-0\/","url":"https:\/\/www.ghostysky.com\/product\/agilex-tracer-2-0\/","name":"Agilex Tracer 2.0 - Ghostysky","isPartOf":{"@id":"https:\/\/www.ghostysky.com\/#website"},"primaryImageOfPage":{"@id":"https:\/\/www.ghostysky.com\/product\/agilex-tracer-2-0\/#primaryimage"},"image":{"@id":"https:\/\/www.ghostysky.com\/product\/agilex-tracer-2-0\/#primaryimage"},"thumbnailUrl":"https:\/\/www.ghostysky.com\/wp-content\/uploads\/2025\/10\/GH_AgilexTracer2.0_1.webp","datePublished":"2025-10-15T14:08:56+00:00","dateModified":"2026-01-10T09:53:06+00:00","description":"L&#039;Agilex Tracer 2.0 est un v\u00e9hicule \u00e0 guidage autonome (AGV) compact et performant, \u00e0 deux roues diff\u00e9rentielles, con\u00e7u pour allier robustesse industrielle et flexibilit\u00e9 de niveau recherche. Cette plateforme mobile constitue la base id\u00e9ale pour un large \u00e9ventail d&#039;applications int\u00e9rieures exigeantes, notamment la logistique automatis\u00e9e, la recherche en robotique avanc\u00e9e et les projets \u00e9ducatifs.","breadcrumb":{"@id":"https:\/\/www.ghostysky.com\/product\/agilex-tracer-2-0\/#breadcrumb"},"inLanguage":"fr-FR","potentialAction":[{"@type":"ReadAction","target":["https:\/\/www.ghostysky.com\/product\/agilex-tracer-2-0\/"]}]},{"@type":"ImageObject","inLanguage":"fr-FR","@id":"https:\/\/www.ghostysky.com\/product\/agilex-tracer-2-0\/#primaryimage","url":"https:\/\/www.ghostysky.com\/wp-content\/uploads\/2025\/10\/GH_AgilexTracer2.0_1.webp","contentUrl":"https:\/\/www.ghostysky.com\/wp-content\/uploads\/2025\/10\/GH_AgilexTracer2.0_1.webp","width":2400,"height":2400},{"@type":"BreadcrumbList","@id":"https:\/\/www.ghostysky.com\/product\/agilex-tracer-2-0\/#breadcrumb","itemListElement":[{"@type":"ListItem","position":1,"name":"Home","item":"https:\/\/www.ghostysky.com\/"},{"@type":"ListItem","position":2,"name":"Shop","item":"https:\/\/www.ghostysky.com\/shop\/"},{"@type":"ListItem","position":3,"name":"Agilex Tracer 2.0"}]},{"@type":"WebSite","@id":"https:\/\/www.ghostysky.com\/#website","url":"https:\/\/www.ghostysky.com\/","name":"Ghostysky","description":"Fourniture de solutions professionnelles en mati\u00e8re de drones et de robotique","publisher":{"@id":"https:\/\/www.ghostysky.com\/#organization"},"potentialAction":[{"@type":"SearchAction","target":{"@type":"EntryPoint","urlTemplate":"https:\/\/www.ghostysky.com\/?s={search_term_string}"},"query-input":{"@type":"PropertyValueSpecification","valueRequired":true,"valueName":"search_term_string"}}],"inLanguage":"fr-FR"},{"@type":"Organization","@id":"https:\/\/www.ghostysky.com\/#organization","name":"Ghostysky","url":"https:\/\/www.ghostysky.com\/","logo":{"@type":"ImageObject","inLanguage":"fr-FR","@id":"https:\/\/www.ghostysky.com\/#\/schema\/logo\/image\/","url":"https:\/\/www.ghostysky.com\/wp-content\/uploads\/2020\/06\/cropped-ghostyskylogo_text_white2.png","contentUrl":"https:\/\/www.ghostysky.com\/wp-content\/uploads\/2020\/06\/cropped-ghostyskylogo_text_white2.png","width":169,"height":56,"caption":"Ghostysky"},"image":{"@id":"https:\/\/www.ghostysky.com\/#\/schema\/logo\/image\/"},"sameAs":["https:\/\/www.facebook.com\/people\/Ghostysky\/100057676170234\/","https:\/\/x.com\/Gh0stysky","https:\/\/www.linkedin.com\/company\/34739653","https:\/\/www.instagram.com\/gh0stysky"]}]}},"_links":{"self":[{"href":"https:\/\/www.ghostysky.com\/fr\/wp-json\/wp\/v2\/product\/21108","targetHints":{"allow":["GET"]}}],"collection":[{"href":"https:\/\/www.ghostysky.com\/fr\/wp-json\/wp\/v2\/product"}],"about":[{"href":"https:\/\/www.ghostysky.com\/fr\/wp-json\/wp\/v2\/types\/product"}],"replies":[{"embeddable":true,"href":"https:\/\/www.ghostysky.com\/fr\/wp-json\/wp\/v2\/comments?post=21108"}],"version-history":[{"count":0,"href":"https:\/\/www.ghostysky.com\/fr\/wp-json\/wp\/v2\/product\/21108\/revisions"}],"wp:featuredmedia":[{"embeddable":true,"href":"https:\/\/www.ghostysky.com\/fr\/wp-json\/wp\/v2\/media\/21111"}],"wp:attachment":[{"href":"https:\/\/www.ghostysky.com\/fr\/wp-json\/wp\/v2\/media?parent=21108"}],"wp:term":[{"taxonomy":"product_brand","embeddable":true,"href":"https:\/\/www.ghostysky.com\/fr\/wp-json\/wp\/v2\/product_brand?post=21108"},{"taxonomy":"product_cat","embeddable":true,"href":"https:\/\/www.ghostysky.com\/fr\/wp-json\/wp\/v2\/product_cat?post=21108"},{"taxonomy":"product_tag","embeddable":true,"href":"https:\/\/www.ghostysky.com\/fr\/wp-json\/wp\/v2\/product_tag?post=21108"}],"curies":[{"name":"wp","href":"https:\/\/api.w.org\/{rel}","templated":true}]}}