{"id":21119,"date":"2025-10-15T14:33:00","date_gmt":"2025-10-15T14:33:00","guid":{"rendered":"https:\/\/www.ghostysky.com\/?post_type=product&#038;p=21119"},"modified":"2026-01-10T09:35:28","modified_gmt":"2026-01-10T09:35:28","slug":"limo-pro-orin-nano","status":"publish","type":"product","link":"https:\/\/www.ghostysky.com\/fr\/product\/limo-pro-orin-nano\/","title":{"rendered":"LIMO Pro (Orin Nano)"},"content":{"rendered":"<h3><b>Caract\u00e9ristiques principales<\/b><\/h3>\n<ul>\n<li><b>Calcul IA avanc\u00e9 :<\/b><span class=\"citation-509\"> Au c\u0153ur de ce concept se trouve le <\/span><b><span class=\"citation-509\">NVIDIA Jetson Orin Nano<\/span><\/b><span class=\"citation-509 citation-end-509\">, offrant des capacit\u00e9s de calcul de pointe extr\u00eamement puissantes pour la fusion de donn\u00e9es multi-capteurs stables et \u00e0 grande vitesse et des t\u00e2ches complexes telles que SLAM (localisation et cartographie simultan\u00e9es).<\/span><\/li>\n<li><b><span class=\"citation-508\">Suite de perception robuste :<\/span><\/b><span class=\"citation-508\"> Equip\u00e9 du <\/span><b><span class=\"citation-508\">LiDAR EAI T-mini Pro<\/span><\/b><span class=\"citation-508\"> et un <\/span><b><span class=\"citation-508\">Cam\u00e9ra de profondeur Orbbec DaBai<\/span><\/b><span class=\"citation-508 citation-end-508\">, le LIMO Pro offre une conscience environnementale in\u00e9gal\u00e9e.<\/span> <span class=\"citation-507 citation-end-507\">Cette combinaison de capteurs permet une cartographie 3D pr\u00e9cise, une localisation autonome, une planification de la navigation, l&#039;\u00e9vitement dynamique des obstacles et des applications de reconnaissance visuelle.<\/span><\/li>\n<li><b>Direction multimodale brevet\u00e9e :<\/b><span class=\"citation-506\"> La conception unique prend en charge <\/span><b><span class=\"citation-506\">quatre modes de direction diff\u00e9rents<\/span><\/b><span class=\"citation-506 citation-end-506\"> (Diff\u00e9rentiel \u00e0 quatre roues, Ackermann, omnidirectionnel et chenill\u00e9) gr\u00e2ce \u00e0 des configurations de roues rapidement interchangeables, offrant une polyvalence et une adaptabilit\u00e9 exceptionnelles \u00e0 divers sc\u00e9narios et terrains de recherche.<\/span><\/li>\n<li><b>Compatibilit\u00e9 ROS\/ROS 2\u00a0:<\/b><span class=\"citation-505\"> La plateforme prend en charge les deux <\/span><b><span class=\"citation-505\">ROS 1 (No\u00e9tique)<\/span><\/b><span class=\"citation-505\"> et <\/span><b><span class=\"citation-505\">ROS 2 (Foxy\/Humble)<\/span><\/b><span class=\"citation-505 citation-end-505\">, garantissant une int\u00e9gration transparente avec les frameworks logiciels de robotique open source populaires et un large \u00e9cosyst\u00e8me d&#039;outils et de packages.<\/span><\/li>\n<li><b>Endurance prolong\u00e9e :<\/b><span class=\"citation-504\"> Dot\u00e9 d&#039;une mise \u00e0 niveau <\/span><b><span class=\"citation-504\">Batterie 12V 10Ah<\/span><\/b><span class=\"citation-504\">, le LIMO Pro fournit jusqu&#039;\u00e0 <\/span><b><span class=\"citation-504\">2,5 heures de travail continu<\/span><\/b><span class=\"citation-504 citation-end-504\"> pour une recherche et une exp\u00e9rimentation ininterrompues.<\/span><\/li>\n<li><b><span class=\"citation-503\">Open Source et personnalisable :<\/span><\/b><span class=\"citation-503 citation-end-503\"> Con\u00e7u avec une structure \u00e9volutive et modulaire, le LIMO Pro offre un vaste espace d&#039;extension interne et est compatible avec les langages de programmation courants (Python, C++). C&#039;est une plateforme id\u00e9ale pour d\u00e9velopper et tester des applications robotiques personnalis\u00e9es, notamment pour la conduite autonome, la manipulation mobile et les syst\u00e8mes multi-robots.<\/span>\n<div class=\"source-inline-chip-container ng-star-inserted\"><\/div>\n<\/li>\n<\/ul>\n<p><span class=\"citation-502 citation-end-502\">Le LIMO Pro (Orin Nano) est l\u2019outil ultime, compact et performant pour l\u2019apprentissage pratique, l\u2019enseignement avanc\u00e9 et la recherche professionnelle en robotique et en intelligence artificielle.<\/span><\/p>","protected":false},"excerpt":{"rendered":"<p><span class=\"citation-510\">Le <\/span><b><span class=\"citation-510\">LIMO Pro (Orin Nano)<\/span><\/b><span class=\"citation-510 citation-end-510\"> est une puissante plate-forme de robotique mobile multimodale con\u00e7ue pour les \u00e9tudiants, les chercheurs et les d\u00e9veloppeurs repoussant les limites de la navigation autonome, de l&#039;IA et de la recherche en robotique.<\/span><\/p>","protected":false},"featured_media":21123,"comment_status":"open","ping_status":"closed","template":"","meta":[],"product_brand":[1046],"product_cat":[1043,1044,1042,1037],"product_tag":[1047,1067,1068],"class_list":{"0":"post-21119","1":"product","2":"type-product","3":"status-publish","4":"has-post-thumbnail","6":"product_brand-agilex","7":"product_cat-agilex","8":"product_cat-agilex-robots","9":"product_cat-chassis","10":"product_cat-robotics","11":"product_tag-agilex","12":"product_tag-agilex-limo-education","13":"product_tag-agilex-limo-pro","15":"first","16":"onbackorder","17":"taxable","18":"shipping-taxable","19":"purchasable","20":"product-type-simple"},"yoast_head":"<!-- This site is optimized with the Yoast SEO plugin v27.4 - https:\/\/yoast.com\/product\/yoast-seo-wordpress\/ -->\n<title>LIMO Pro (Orin Nano) - Ghostysky<\/title>\n<meta name=\"description\" content=\"The LIMO Pro (Orin Nano) is a powerful, multi-modal mobile robotics platform designed for students, researchers, and developers pushing the boundaries of autonomous navigation, AI, and robotics research.\" \/>\n<meta name=\"robots\" content=\"index, follow, max-snippet:-1, max-image-preview:large, max-video-preview:-1\" \/>\n<link rel=\"canonical\" href=\"https:\/\/www.ghostysky.com\/fr\/product\/limo-pro-orin-nano\/\" \/>\n<meta property=\"og:locale\" content=\"fr_FR\" \/>\n<meta property=\"og:type\" content=\"article\" \/>\n<meta property=\"og:title\" content=\"LIMO Pro (Orin Nano) - Ghostysky\" \/>\n<meta property=\"og:description\" content=\"The LIMO Pro (Orin Nano) is a powerful, multi-modal mobile robotics platform designed for students, researchers, and developers pushing the boundaries of autonomous navigation, AI, and robotics research.\" \/>\n<meta property=\"og:url\" content=\"https:\/\/www.ghostysky.com\/fr\/product\/limo-pro-orin-nano\/\" \/>\n<meta property=\"og:site_name\" content=\"Ghostysky\" \/>\n<meta property=\"article:publisher\" content=\"https:\/\/www.facebook.com\/people\/Ghostysky\/100057676170234\/\" \/>\n<meta property=\"article:modified_time\" content=\"2026-01-10T09:35:28+00:00\" \/>\n<meta property=\"og:image\" content=\"https:\/\/www.ghostysky.com\/wp-content\/uploads\/2025\/10\/GH_AgilexLimoPro_1.webp\" \/>\n\t<meta property=\"og:image:width\" content=\"2400\" \/>\n\t<meta property=\"og:image:height\" content=\"2400\" \/>\n\t<meta property=\"og:image:type\" content=\"image\/webp\" \/>\n<meta name=\"twitter:card\" content=\"summary_large_image\" \/>\n<meta name=\"twitter:site\" content=\"@Gh0stysky\" \/>\n<meta name=\"twitter:label1\" content=\"Dur\u00e9e de lecture estim\u00e9e\" \/>\n\t<meta name=\"twitter:data1\" content=\"2 minutes\" \/>\n<script type=\"application\/ld+json\" class=\"yoast-schema-graph\">{\"@context\":\"https:\\\/\\\/schema.org\",\"@graph\":[{\"@type\":\"WebPage\",\"@id\":\"https:\\\/\\\/www.ghostysky.com\\\/product\\\/limo-pro-orin-nano\\\/\",\"url\":\"https:\\\/\\\/www.ghostysky.com\\\/product\\\/limo-pro-orin-nano\\\/\",\"name\":\"LIMO Pro (Orin Nano) - Ghostysky\",\"isPartOf\":{\"@id\":\"https:\\\/\\\/www.ghostysky.com\\\/#website\"},\"primaryImageOfPage\":{\"@id\":\"https:\\\/\\\/www.ghostysky.com\\\/product\\\/limo-pro-orin-nano\\\/#primaryimage\"},\"image\":{\"@id\":\"https:\\\/\\\/www.ghostysky.com\\\/product\\\/limo-pro-orin-nano\\\/#primaryimage\"},\"thumbnailUrl\":\"https:\\\/\\\/www.ghostysky.com\\\/wp-content\\\/uploads\\\/2025\\\/10\\\/GH_AgilexLimoPro_1.webp\",\"datePublished\":\"2025-10-15T14:33:00+00:00\",\"dateModified\":\"2026-01-10T09:35:28+00:00\",\"description\":\"The LIMO Pro (Orin Nano) is a powerful, multi-modal mobile robotics platform designed for students, researchers, and developers pushing the boundaries of autonomous navigation, AI, and robotics research.\",\"breadcrumb\":{\"@id\":\"https:\\\/\\\/www.ghostysky.com\\\/product\\\/limo-pro-orin-nano\\\/#breadcrumb\"},\"inLanguage\":\"fr-FR\",\"potentialAction\":[{\"@type\":\"ReadAction\",\"target\":[\"https:\\\/\\\/www.ghostysky.com\\\/product\\\/limo-pro-orin-nano\\\/\"]}]},{\"@type\":\"ImageObject\",\"inLanguage\":\"fr-FR\",\"@id\":\"https:\\\/\\\/www.ghostysky.com\\\/product\\\/limo-pro-orin-nano\\\/#primaryimage\",\"url\":\"https:\\\/\\\/www.ghostysky.com\\\/wp-content\\\/uploads\\\/2025\\\/10\\\/GH_AgilexLimoPro_1.webp\",\"contentUrl\":\"https:\\\/\\\/www.ghostysky.com\\\/wp-content\\\/uploads\\\/2025\\\/10\\\/GH_AgilexLimoPro_1.webp\",\"width\":2400,\"height\":2400},{\"@type\":\"BreadcrumbList\",\"@id\":\"https:\\\/\\\/www.ghostysky.com\\\/product\\\/limo-pro-orin-nano\\\/#breadcrumb\",\"itemListElement\":[{\"@type\":\"ListItem\",\"position\":1,\"name\":\"Home\",\"item\":\"https:\\\/\\\/www.ghostysky.com\\\/\"},{\"@type\":\"ListItem\",\"position\":2,\"name\":\"Shop\",\"item\":\"https:\\\/\\\/www.ghostysky.com\\\/shop\\\/\"},{\"@type\":\"ListItem\",\"position\":3,\"name\":\"LIMO Pro (Orin Nano)\"}]},{\"@type\":\"WebSite\",\"@id\":\"https:\\\/\\\/www.ghostysky.com\\\/#website\",\"url\":\"https:\\\/\\\/www.ghostysky.com\\\/\",\"name\":\"Ghostysky\",\"description\":\"Delivering professional drones and robotics solutions\",\"publisher\":{\"@id\":\"https:\\\/\\\/www.ghostysky.com\\\/#organization\"},\"potentialAction\":[{\"@type\":\"SearchAction\",\"target\":{\"@type\":\"EntryPoint\",\"urlTemplate\":\"https:\\\/\\\/www.ghostysky.com\\\/?s={search_term_string}\"},\"query-input\":{\"@type\":\"PropertyValueSpecification\",\"valueRequired\":true,\"valueName\":\"search_term_string\"}}],\"inLanguage\":\"fr-FR\"},{\"@type\":\"Organization\",\"@id\":\"https:\\\/\\\/www.ghostysky.com\\\/#organization\",\"name\":\"Ghostysky\",\"url\":\"https:\\\/\\\/www.ghostysky.com\\\/\",\"logo\":{\"@type\":\"ImageObject\",\"inLanguage\":\"fr-FR\",\"@id\":\"https:\\\/\\\/www.ghostysky.com\\\/#\\\/schema\\\/logo\\\/image\\\/\",\"url\":\"https:\\\/\\\/www.ghostysky.com\\\/wp-content\\\/uploads\\\/2020\\\/06\\\/cropped-ghostyskylogo_text_white2.png\",\"contentUrl\":\"https:\\\/\\\/www.ghostysky.com\\\/wp-content\\\/uploads\\\/2020\\\/06\\\/cropped-ghostyskylogo_text_white2.png\",\"width\":169,\"height\":56,\"caption\":\"Ghostysky\"},\"image\":{\"@id\":\"https:\\\/\\\/www.ghostysky.com\\\/#\\\/schema\\\/logo\\\/image\\\/\"},\"sameAs\":[\"https:\\\/\\\/www.facebook.com\\\/people\\\/Ghostysky\\\/100057676170234\\\/\",\"https:\\\/\\\/x.com\\\/Gh0stysky\",\"https:\\\/\\\/www.linkedin.com\\\/company\\\/34739653\",\"https:\\\/\\\/www.instagram.com\\\/gh0stysky\"]}]}<\/script>\n<!-- \/ Yoast SEO plugin. -->","yoast_head_json":{"title":"LIMO Pro (Orin Nano) - Ghostysky","description":"Le LIMO Pro (Orin Nano) est une puissante plate-forme robotique mobile multimodale con\u00e7ue pour les \u00e9tudiants, les chercheurs et les d\u00e9veloppeurs repoussant les limites de la navigation autonome, de l&#039;IA et de la recherche en robotique.","robots":{"index":"index","follow":"follow","max-snippet":"max-snippet:-1","max-image-preview":"max-image-preview:large","max-video-preview":"max-video-preview:-1"},"canonical":"https:\/\/www.ghostysky.com\/fr\/product\/limo-pro-orin-nano\/","og_locale":"fr_FR","og_type":"article","og_title":"LIMO Pro (Orin Nano) - Ghostysky","og_description":"The LIMO Pro (Orin Nano) is a powerful, multi-modal mobile robotics platform designed for students, researchers, and developers pushing the boundaries of autonomous navigation, AI, and robotics research.","og_url":"https:\/\/www.ghostysky.com\/fr\/product\/limo-pro-orin-nano\/","og_site_name":"Ghostysky","article_publisher":"https:\/\/www.facebook.com\/people\/Ghostysky\/100057676170234\/","article_modified_time":"2026-01-10T09:35:28+00:00","og_image":[{"width":2400,"height":2400,"url":"https:\/\/www.ghostysky.com\/wp-content\/uploads\/2025\/10\/GH_AgilexLimoPro_1.webp","type":"image\/webp"}],"twitter_card":"summary_large_image","twitter_site":"@Gh0stysky","twitter_misc":{"Dur\u00e9e de lecture estim\u00e9e":"2 minutes"},"schema":{"@context":"https:\/\/schema.org","@graph":[{"@type":"WebPage","@id":"https:\/\/www.ghostysky.com\/product\/limo-pro-orin-nano\/","url":"https:\/\/www.ghostysky.com\/product\/limo-pro-orin-nano\/","name":"LIMO Pro (Orin Nano) - Ghostysky","isPartOf":{"@id":"https:\/\/www.ghostysky.com\/#website"},"primaryImageOfPage":{"@id":"https:\/\/www.ghostysky.com\/product\/limo-pro-orin-nano\/#primaryimage"},"image":{"@id":"https:\/\/www.ghostysky.com\/product\/limo-pro-orin-nano\/#primaryimage"},"thumbnailUrl":"https:\/\/www.ghostysky.com\/wp-content\/uploads\/2025\/10\/GH_AgilexLimoPro_1.webp","datePublished":"2025-10-15T14:33:00+00:00","dateModified":"2026-01-10T09:35:28+00:00","description":"Le LIMO Pro (Orin Nano) est une puissante plate-forme robotique mobile multimodale con\u00e7ue pour les \u00e9tudiants, les chercheurs et les d\u00e9veloppeurs repoussant les limites de la navigation autonome, de l&#039;IA et de la recherche en robotique.","breadcrumb":{"@id":"https:\/\/www.ghostysky.com\/product\/limo-pro-orin-nano\/#breadcrumb"},"inLanguage":"fr-FR","potentialAction":[{"@type":"ReadAction","target":["https:\/\/www.ghostysky.com\/product\/limo-pro-orin-nano\/"]}]},{"@type":"ImageObject","inLanguage":"fr-FR","@id":"https:\/\/www.ghostysky.com\/product\/limo-pro-orin-nano\/#primaryimage","url":"https:\/\/www.ghostysky.com\/wp-content\/uploads\/2025\/10\/GH_AgilexLimoPro_1.webp","contentUrl":"https:\/\/www.ghostysky.com\/wp-content\/uploads\/2025\/10\/GH_AgilexLimoPro_1.webp","width":2400,"height":2400},{"@type":"BreadcrumbList","@id":"https:\/\/www.ghostysky.com\/product\/limo-pro-orin-nano\/#breadcrumb","itemListElement":[{"@type":"ListItem","position":1,"name":"Home","item":"https:\/\/www.ghostysky.com\/"},{"@type":"ListItem","position":2,"name":"Shop","item":"https:\/\/www.ghostysky.com\/shop\/"},{"@type":"ListItem","position":3,"name":"LIMO Pro (Orin Nano)"}]},{"@type":"WebSite","@id":"https:\/\/www.ghostysky.com\/#website","url":"https:\/\/www.ghostysky.com\/","name":"Ghostysky","description":"Fourniture de solutions professionnelles en mati\u00e8re de drones et de robotique","publisher":{"@id":"https:\/\/www.ghostysky.com\/#organization"},"potentialAction":[{"@type":"SearchAction","target":{"@type":"EntryPoint","urlTemplate":"https:\/\/www.ghostysky.com\/?s={search_term_string}"},"query-input":{"@type":"PropertyValueSpecification","valueRequired":true,"valueName":"search_term_string"}}],"inLanguage":"fr-FR"},{"@type":"Organization","@id":"https:\/\/www.ghostysky.com\/#organization","name":"Ghostysky","url":"https:\/\/www.ghostysky.com\/","logo":{"@type":"ImageObject","inLanguage":"fr-FR","@id":"https:\/\/www.ghostysky.com\/#\/schema\/logo\/image\/","url":"https:\/\/www.ghostysky.com\/wp-content\/uploads\/2020\/06\/cropped-ghostyskylogo_text_white2.png","contentUrl":"https:\/\/www.ghostysky.com\/wp-content\/uploads\/2020\/06\/cropped-ghostyskylogo_text_white2.png","width":169,"height":56,"caption":"Ghostysky"},"image":{"@id":"https:\/\/www.ghostysky.com\/#\/schema\/logo\/image\/"},"sameAs":["https:\/\/www.facebook.com\/people\/Ghostysky\/100057676170234\/","https:\/\/x.com\/Gh0stysky","https:\/\/www.linkedin.com\/company\/34739653","https:\/\/www.instagram.com\/gh0stysky"]}]}},"_links":{"self":[{"href":"https:\/\/www.ghostysky.com\/fr\/wp-json\/wp\/v2\/product\/21119","targetHints":{"allow":["GET"]}}],"collection":[{"href":"https:\/\/www.ghostysky.com\/fr\/wp-json\/wp\/v2\/product"}],"about":[{"href":"https:\/\/www.ghostysky.com\/fr\/wp-json\/wp\/v2\/types\/product"}],"replies":[{"embeddable":true,"href":"https:\/\/www.ghostysky.com\/fr\/wp-json\/wp\/v2\/comments?post=21119"}],"version-history":[{"count":0,"href":"https:\/\/www.ghostysky.com\/fr\/wp-json\/wp\/v2\/product\/21119\/revisions"}],"wp:featuredmedia":[{"embeddable":true,"href":"https:\/\/www.ghostysky.com\/fr\/wp-json\/wp\/v2\/media\/21123"}],"wp:attachment":[{"href":"https:\/\/www.ghostysky.com\/fr\/wp-json\/wp\/v2\/media?parent=21119"}],"wp:term":[{"taxonomy":"product_brand","embeddable":true,"href":"https:\/\/www.ghostysky.com\/fr\/wp-json\/wp\/v2\/product_brand?post=21119"},{"taxonomy":"product_cat","embeddable":true,"href":"https:\/\/www.ghostysky.com\/fr\/wp-json\/wp\/v2\/product_cat?post=21119"},{"taxonomy":"product_tag","embeddable":true,"href":"https:\/\/www.ghostysky.com\/fr\/wp-json\/wp\/v2\/product_tag?post=21119"}],"curies":[{"name":"wp","href":"https:\/\/api.w.org\/{rel}","templated":true}]}}