{"id":21165,"date":"2025-10-16T02:59:48","date_gmt":"2025-10-16T02:59:48","guid":{"rendered":"https:\/\/www.ghostysky.com\/?post_type=product&#038;p=21165"},"modified":"2026-01-10T10:07:49","modified_gmt":"2026-01-10T10:07:49","slug":"agilex-ros2-pro-kit","status":"publish","type":"product","link":"https:\/\/www.ghostysky.com\/fr\/product\/agilex-ros2-pro-kit\/","title":{"rendered":"Kit Agilex ROS2 Pro"},"content":{"rendered":"<h3><b>Principales fonctionnalit\u00e9s et capacit\u00e9s<\/b><\/h3>\n<ul>\n<li><b>Suite de capteurs avanc\u00e9s\u00a0:<\/b><span class=\"citation-15\"> La version Pro se distingue par l&#039;inclusion d&#039;un processeur haute performance <\/span><b><span class=\"citation-15\">LiDAR 3D<\/span><\/b><span class=\"citation-15\"> (comme l&#039;\u00e9dition \u00e9ducative RS16) pour une perception environnementale sup\u00e9rieure, ainsi qu&#039;une <\/span><b><span class=\"citation-15\">cam\u00e9ra de profondeur<\/span><\/b><span class=\"citation-15\"> (par exemple, RealSense D435), un <\/span><b><span class=\"citation-15\">Unit\u00e9 de mesure inertielle (IMU)<\/span><\/b><span class=\"citation-15 citation-end-15\"> (Unit\u00e9 de Mesure Inertielle) et autres capteurs n\u00e9cessaires.<\/span> Cette suite compl\u00e8te permet une cartographie 3D avanc\u00e9e et une navigation plus robuste.<\/li>\n<li><b>Calcul haute performance :<\/b><span class=\"citation-14\"> Il dispose d&#039;une machine de contr\u00f4le industrielle embarqu\u00e9e, souvent une puissante <\/span><b><span class=\"citation-14\">Mini PC<\/span><\/b><span class=\"citation-14\"> avec un <\/span><b><span class=\"citation-14\">processeur i7<\/span><\/b><span class=\"citation-14\">, une RAM substantielle (par exemple, 16 Go) et un stockage (par exemple, un SSD de 512 Go), fonctionnant sur un <\/span><b><span class=\"citation-14\">Architecture X86<\/span><\/b><span class=\"citation-14 citation-end-14\"> pour un traitement efficace des donn\u00e9es et l&#039;ex\u00e9cution d&#039;algorithmes complexes.<\/span><\/li>\n<li><b><span class=\"citation-13\">ROS 2 et navigation :<\/span><\/b><span class=\"citation-13\"> Le kit est construit sur le <\/span><b><span class=\"citation-13\">ROS 2 Foxy<\/span><\/b><span class=\"citation-13\"> cadre et prend en charge les fonctions robotiques avanc\u00e9es, y compris la compatibilit\u00e9 totale avec le <\/span><b><span class=\"citation-13\">Pile de navigation NAV 2<\/span><\/b><span class=\"citation-13 citation-end-13\"> pour la navigation autonome, la planification d&#039;itin\u00e9raire et l&#039;\u00e9vitement d&#039;obstacles.<\/span><\/li>\n<li><b>Environnement de d\u00e9veloppement int\u00e9gr\u00e9 :<\/b><span class=\"citation-12\"> Il est livr\u00e9 pr\u00e9install\u00e9 avec l&#039;environnement logiciel, y compris <\/span><b><span class=\"citation-12\">Gazebo 11<\/span><\/b><span class=\"citation-12\"> pour une simulation de robot r\u00e9aliste et une vari\u00e9t\u00e9 de packages ROS 2 (par exemple, <\/span><code><span class=\"citation-12\">navigation2<\/span><\/code><span class=\"citation-12\">, <\/span><code><span class=\"citation-12\">rtabmap_ros<\/span><\/code><span class=\"citation-12 citation-end-12\"> pour Visual SLAM et les packages de communication du ch\u00e2ssis), offrant une plate-forme transparente pour le d\u00e9veloppement.<\/span><\/li>\n<li><b>Compatibilit\u00e9 multiplateforme :<\/b><span class=\"citation-11\"> Le kit est con\u00e7u pour \u00eatre facilement mont\u00e9 sur diverses plates-formes de ch\u00e2ssis de robots mobiles AgileX, telles que le <\/span><b><span class=\"citation-11\">Scout<\/span><\/b><span class=\"citation-11\">, <\/span><b><span class=\"citation-11\">Chasseur<\/span><\/b><span class=\"citation-11\">, et <\/span><b><span class=\"citation-11\">Bunker<\/span><\/b><span class=\"citation-11\"> s\u00e9rie (remarque\u00a0: le ch\u00e2ssis du robot mobile est g\u00e9n\u00e9ralement <\/span><b><span class=\"citation-11\">NON inclus<\/span><\/b><span class=\"citation-11 citation-end-11\"> et doit \u00eatre achet\u00e9 s\u00e9par\u00e9ment).<\/span><\/li>\n<li><b>Connectivit\u00e9 et interface :<\/b><span class=\"citation-10 citation-end-10\"> Inclut des p\u00e9riph\u00e9riques essentiels comme un \u00e9cran portable, un clavier sans fil, un routeur et un concentrateur USB, prenant en charge le d\u00e9veloppement direct et \u00e0 distance (par exemple, via Nomachine ou LAN).<\/span><\/li>\n<li><b><span class=\"citation-9\">Orientation p\u00e9dagogique et de recherche :<\/span><\/b><span class=\"citation-9 citation-end-9\"> Il s&#039;agit d&#039;une plate-forme de d\u00e9veloppement compl\u00e8te et int\u00e9gr\u00e9e avec une documentation d\u00e9taill\u00e9e pour les d\u00e9veloppeurs et des ressources de d\u00e9monstration, ce qui en fait un outil id\u00e9al pour l&#039;apprentissage approfondi, les tests et le d\u00e9veloppement d&#039;applications avanc\u00e9es de robots mobiles telles que l&#039;inspection autonome, la s\u00e9curit\u00e9, la logistique et l&#039;exploration.<\/span><\/li>\n<\/ul>\n<p>Le kit AgileX ROS2 Pro fournit aux chercheurs et aux d\u00e9veloppeurs un syst\u00e8me mat\u00e9riel et logiciel puissant et enti\u00e8rement configur\u00e9 pour commencer imm\u00e9diatement \u00e0 travailler sur des projets complexes de SLAM (localisation et cartographie simultan\u00e9es), de navigation et de vision par ordinateur au sein de l&#039;\u00e9cosyst\u00e8me ROS 2 moderne.<\/p>","protected":false},"excerpt":{"rendered":"<p><span class=\"citation-17\">L&#039;AgileX <\/span><b><span class=\"citation-17\">Kit ROS2 EDU Pro<\/span><\/b><span class=\"citation-17\"> (parfois appel\u00e9 le <\/span><b><span class=\"citation-17\">Kit de navigation ROS2 Pro<\/span><\/b><span class=\"citation-17\"> ou <\/span><b><span class=\"citation-17\">Kit de recherche et d\u00e9veloppement ROS2 Pro<\/span><\/b><span class=\"citation-17 citation-end-17\">) est une plate-forme de d\u00e9veloppement robotique avanc\u00e9e et open source con\u00e7ue pour la recherche scientifique, l&#039;\u00e9ducation et les applications robotiques professionnelles.<\/span> <span class=\"citation-16 citation-end-16\">Il est construit autour du framework Robot Operating System 2 (ROS 2), utilisant g\u00e9n\u00e9ralement la distribution ROS 2 Foxy sur un syst\u00e8me Ubuntu 20.04.<\/span><\/p>\n<p><strong>Mod\u00e8le compatible : SCOUT\/HUNTER\/BUNKER<\/strong><br \/>\n<strong>Ch\u00e2ssis du robot non inclus<\/strong><\/p>\n<ol>\n<li>PC : minipc i7 16G 512G<\/li>\n<li>LiDAR 3D\u00a0: RS16 (\u00e9dition \u00e9ducative)<\/li>\n<li>Appareil photo : RealSense D435<\/li>\n<li>\u00c9cran : 14 pouces IPS 1920*1080 HDMI<\/li>\n<li>clavier : k400 Plus<\/li>\n<li>Routeur : GL.iNet AR750s<\/li>\n<li>HUB USB : Hub USB 3.0 7 ports \/ 12 V<\/li>\n<li>Alimentation r\u00e9gul\u00e9e :<\/li>\n<li>24 V (15-40 V) \u00e0 12 V\/20 A<\/li>\n<\/ol>","protected":false},"featured_media":21167,"comment_status":"open","ping_status":"closed","template":"","meta":[],"product_brand":[1046],"product_cat":[1043,1045,1042,1037],"product_tag":[1047,1054,1075],"class_list":{"0":"post-21165","1":"product","2":"type-product","3":"status-publish","4":"has-post-thumbnail","6":"product_brand-agilex","7":"product_cat-agilex","8":"product_cat-agilex-accessories","9":"product_cat-chassis","10":"product_cat-robotics","11":"product_tag-agilex","12":"product_tag-agilex-accessories","13":"product_tag-agilex-ros2-pro-kit","15":"first","16":"onbackorder","17":"taxable","18":"shipping-taxable","19":"purchasable","20":"product-type-simple"},"yoast_head":"<!-- This site is optimized with the Yoast SEO plugin v27.4 - https:\/\/yoast.com\/product\/yoast-seo-wordpress\/ -->\n<title>Agilex ROS2 Pro Kit - Ghostysky<\/title>\n<meta name=\"description\" content=\"The AgileX ROS2 EDU Pro Kit (sometimes referred to as the ROS2 NAV Kit Pro or ROS2 R&amp;D Kit Pro) is an advanced, open-source robotics development platform designed for scientific research, education, and professional robotics applications. It is built around the Robot Operating System 2 (ROS 2) framework, typically utilizing the ROS 2 Foxy distribution on an Ubuntu 20.04 system.\" \/>\n<meta name=\"robots\" content=\"index, follow, max-snippet:-1, max-image-preview:large, max-video-preview:-1\" \/>\n<link rel=\"canonical\" href=\"https:\/\/www.ghostysky.com\/fr\/product\/agilex-ros2-pro-kit\/\" \/>\n<meta property=\"og:locale\" content=\"fr_FR\" \/>\n<meta property=\"og:type\" content=\"article\" \/>\n<meta property=\"og:title\" content=\"Agilex ROS2 Pro Kit - Ghostysky\" \/>\n<meta property=\"og:description\" content=\"The AgileX ROS2 EDU Pro Kit (sometimes referred to as the ROS2 NAV Kit Pro or ROS2 R&amp;D Kit Pro) is an advanced, open-source robotics development platform designed for scientific research, education, and professional robotics applications. It is built around the Robot Operating System 2 (ROS 2) framework, typically utilizing the ROS 2 Foxy distribution on an Ubuntu 20.04 system.\" \/>\n<meta property=\"og:url\" content=\"https:\/\/www.ghostysky.com\/fr\/product\/agilex-ros2-pro-kit\/\" \/>\n<meta property=\"og:site_name\" content=\"Ghostysky\" \/>\n<meta property=\"article:publisher\" content=\"https:\/\/www.facebook.com\/people\/Ghostysky\/100057676170234\/\" \/>\n<meta property=\"article:modified_time\" content=\"2026-01-10T10:07:49+00:00\" \/>\n<meta property=\"og:image\" content=\"https:\/\/www.ghostysky.com\/wp-content\/uploads\/2025\/10\/GH_AgileXRoboticsRos2ProKit_1.webp\" \/>\n\t<meta property=\"og:image:width\" content=\"641\" \/>\n\t<meta property=\"og:image:height\" content=\"368\" \/>\n\t<meta property=\"og:image:type\" content=\"image\/webp\" \/>\n<meta name=\"twitter:card\" content=\"summary_large_image\" \/>\n<meta name=\"twitter:site\" content=\"@Gh0stysky\" \/>\n<meta name=\"twitter:label1\" content=\"Dur\u00e9e de lecture estim\u00e9e\" \/>\n\t<meta name=\"twitter:data1\" content=\"2 minutes\" \/>\n<script type=\"application\/ld+json\" class=\"yoast-schema-graph\">{\"@context\":\"https:\\\/\\\/schema.org\",\"@graph\":[{\"@type\":\"WebPage\",\"@id\":\"https:\\\/\\\/www.ghostysky.com\\\/product\\\/agilex-ros2-pro-kit\\\/\",\"url\":\"https:\\\/\\\/www.ghostysky.com\\\/product\\\/agilex-ros2-pro-kit\\\/\",\"name\":\"Agilex ROS2 Pro Kit - Ghostysky\",\"isPartOf\":{\"@id\":\"https:\\\/\\\/www.ghostysky.com\\\/#website\"},\"primaryImageOfPage\":{\"@id\":\"https:\\\/\\\/www.ghostysky.com\\\/product\\\/agilex-ros2-pro-kit\\\/#primaryimage\"},\"image\":{\"@id\":\"https:\\\/\\\/www.ghostysky.com\\\/product\\\/agilex-ros2-pro-kit\\\/#primaryimage\"},\"thumbnailUrl\":\"https:\\\/\\\/www.ghostysky.com\\\/wp-content\\\/uploads\\\/2025\\\/10\\\/GH_AgileXRoboticsRos2ProKit_1.webp\",\"datePublished\":\"2025-10-16T02:59:48+00:00\",\"dateModified\":\"2026-01-10T10:07:49+00:00\",\"description\":\"The AgileX ROS2 EDU Pro Kit (sometimes referred to as the ROS2 NAV Kit Pro or ROS2 R&D Kit Pro) is an advanced, open-source robotics development platform designed for scientific research, education, and professional robotics applications. It is built around the Robot Operating System 2 (ROS 2) framework, typically utilizing the ROS 2 Foxy distribution on an Ubuntu 20.04 system.\",\"breadcrumb\":{\"@id\":\"https:\\\/\\\/www.ghostysky.com\\\/product\\\/agilex-ros2-pro-kit\\\/#breadcrumb\"},\"inLanguage\":\"fr-FR\",\"potentialAction\":[{\"@type\":\"ReadAction\",\"target\":[\"https:\\\/\\\/www.ghostysky.com\\\/product\\\/agilex-ros2-pro-kit\\\/\"]}]},{\"@type\":\"ImageObject\",\"inLanguage\":\"fr-FR\",\"@id\":\"https:\\\/\\\/www.ghostysky.com\\\/product\\\/agilex-ros2-pro-kit\\\/#primaryimage\",\"url\":\"https:\\\/\\\/www.ghostysky.com\\\/wp-content\\\/uploads\\\/2025\\\/10\\\/GH_AgileXRoboticsRos2ProKit_1.webp\",\"contentUrl\":\"https:\\\/\\\/www.ghostysky.com\\\/wp-content\\\/uploads\\\/2025\\\/10\\\/GH_AgileXRoboticsRos2ProKit_1.webp\",\"width\":641,\"height\":368},{\"@type\":\"BreadcrumbList\",\"@id\":\"https:\\\/\\\/www.ghostysky.com\\\/product\\\/agilex-ros2-pro-kit\\\/#breadcrumb\",\"itemListElement\":[{\"@type\":\"ListItem\",\"position\":1,\"name\":\"Home\",\"item\":\"https:\\\/\\\/www.ghostysky.com\\\/\"},{\"@type\":\"ListItem\",\"position\":2,\"name\":\"Shop\",\"item\":\"https:\\\/\\\/www.ghostysky.com\\\/shop\\\/\"},{\"@type\":\"ListItem\",\"position\":3,\"name\":\"Agilex ROS2 Pro Kit\"}]},{\"@type\":\"WebSite\",\"@id\":\"https:\\\/\\\/www.ghostysky.com\\\/#website\",\"url\":\"https:\\\/\\\/www.ghostysky.com\\\/\",\"name\":\"Ghostysky\",\"description\":\"Delivering professional drones and services\",\"publisher\":{\"@id\":\"https:\\\/\\\/www.ghostysky.com\\\/#organization\"},\"potentialAction\":[{\"@type\":\"SearchAction\",\"target\":{\"@type\":\"EntryPoint\",\"urlTemplate\":\"https:\\\/\\\/www.ghostysky.com\\\/?s={search_term_string}\"},\"query-input\":{\"@type\":\"PropertyValueSpecification\",\"valueRequired\":true,\"valueName\":\"search_term_string\"}}],\"inLanguage\":\"fr-FR\"},{\"@type\":\"Organization\",\"@id\":\"https:\\\/\\\/www.ghostysky.com\\\/#organization\",\"name\":\"Ghostysky\",\"url\":\"https:\\\/\\\/www.ghostysky.com\\\/\",\"logo\":{\"@type\":\"ImageObject\",\"inLanguage\":\"fr-FR\",\"@id\":\"https:\\\/\\\/www.ghostysky.com\\\/#\\\/schema\\\/logo\\\/image\\\/\",\"url\":\"https:\\\/\\\/www.ghostysky.com\\\/wp-content\\\/uploads\\\/2020\\\/06\\\/cropped-ghostyskylogo_text_white2.png\",\"contentUrl\":\"https:\\\/\\\/www.ghostysky.com\\\/wp-content\\\/uploads\\\/2020\\\/06\\\/cropped-ghostyskylogo_text_white2.png\",\"width\":169,\"height\":56,\"caption\":\"Ghostysky\"},\"image\":{\"@id\":\"https:\\\/\\\/www.ghostysky.com\\\/#\\\/schema\\\/logo\\\/image\\\/\"},\"sameAs\":[\"https:\\\/\\\/www.facebook.com\\\/people\\\/Ghostysky\\\/100057676170234\\\/\",\"https:\\\/\\\/x.com\\\/Gh0stysky\",\"https:\\\/\\\/www.linkedin.com\\\/company\\\/34739653\",\"https:\\\/\\\/www.instagram.com\\\/gh0stysky\"]}]}<\/script>\n<!-- \/ Yoast SEO plugin. -->","yoast_head_json":{"title":"Kit Agilex ROS2 Pro - Ghostysky","description":"Le kit AgileX ROS2 EDU Pro (parfois appel\u00e9 ROS2 NAV Kit Pro ou ROS2 R&amp;D Kit Pro) est une plateforme de d\u00e9veloppement robotique open source avanc\u00e9e, con\u00e7ue pour la recherche scientifique, l&#039;\u00e9ducation et les applications robotiques professionnelles. Il s&#039;appuie sur le framework Robot Operating System 2 (ROS 2), g\u00e9n\u00e9ralement bas\u00e9 sur la distribution ROS 2 Foxy sur Ubuntu 20.04.","robots":{"index":"index","follow":"follow","max-snippet":"max-snippet:-1","max-image-preview":"max-image-preview:large","max-video-preview":"max-video-preview:-1"},"canonical":"https:\/\/www.ghostysky.com\/fr\/product\/agilex-ros2-pro-kit\/","og_locale":"fr_FR","og_type":"article","og_title":"Agilex ROS2 Pro Kit - Ghostysky","og_description":"The AgileX ROS2 EDU Pro Kit (sometimes referred to as the ROS2 NAV Kit Pro or ROS2 R&D Kit Pro) is an advanced, open-source robotics development platform designed for scientific research, education, and professional robotics applications. It is built around the Robot Operating System 2 (ROS 2) framework, typically utilizing the ROS 2 Foxy distribution on an Ubuntu 20.04 system.","og_url":"https:\/\/www.ghostysky.com\/fr\/product\/agilex-ros2-pro-kit\/","og_site_name":"Ghostysky","article_publisher":"https:\/\/www.facebook.com\/people\/Ghostysky\/100057676170234\/","article_modified_time":"2026-01-10T10:07:49+00:00","og_image":[{"width":641,"height":368,"url":"https:\/\/www.ghostysky.com\/wp-content\/uploads\/2025\/10\/GH_AgileXRoboticsRos2ProKit_1.webp","type":"image\/webp"}],"twitter_card":"summary_large_image","twitter_site":"@Gh0stysky","twitter_misc":{"Dur\u00e9e de lecture estim\u00e9e":"2 minutes"},"schema":{"@context":"https:\/\/schema.org","@graph":[{"@type":"WebPage","@id":"https:\/\/www.ghostysky.com\/product\/agilex-ros2-pro-kit\/","url":"https:\/\/www.ghostysky.com\/product\/agilex-ros2-pro-kit\/","name":"Kit Agilex ROS2 Pro - Ghostysky","isPartOf":{"@id":"https:\/\/www.ghostysky.com\/#website"},"primaryImageOfPage":{"@id":"https:\/\/www.ghostysky.com\/product\/agilex-ros2-pro-kit\/#primaryimage"},"image":{"@id":"https:\/\/www.ghostysky.com\/product\/agilex-ros2-pro-kit\/#primaryimage"},"thumbnailUrl":"https:\/\/www.ghostysky.com\/wp-content\/uploads\/2025\/10\/GH_AgileXRoboticsRos2ProKit_1.webp","datePublished":"2025-10-16T02:59:48+00:00","dateModified":"2026-01-10T10:07:49+00:00","description":"Le kit AgileX ROS2 EDU Pro (parfois appel\u00e9 ROS2 NAV Kit Pro ou ROS2 R&amp;D Kit Pro) est une plateforme de d\u00e9veloppement robotique open source avanc\u00e9e, con\u00e7ue pour la recherche scientifique, l&#039;\u00e9ducation et les applications robotiques professionnelles. Il s&#039;appuie sur le framework Robot Operating System 2 (ROS 2), g\u00e9n\u00e9ralement bas\u00e9 sur la distribution ROS 2 Foxy sur Ubuntu 20.04.","breadcrumb":{"@id":"https:\/\/www.ghostysky.com\/product\/agilex-ros2-pro-kit\/#breadcrumb"},"inLanguage":"fr-FR","potentialAction":[{"@type":"ReadAction","target":["https:\/\/www.ghostysky.com\/product\/agilex-ros2-pro-kit\/"]}]},{"@type":"ImageObject","inLanguage":"fr-FR","@id":"https:\/\/www.ghostysky.com\/product\/agilex-ros2-pro-kit\/#primaryimage","url":"https:\/\/www.ghostysky.com\/wp-content\/uploads\/2025\/10\/GH_AgileXRoboticsRos2ProKit_1.webp","contentUrl":"https:\/\/www.ghostysky.com\/wp-content\/uploads\/2025\/10\/GH_AgileXRoboticsRos2ProKit_1.webp","width":641,"height":368},{"@type":"BreadcrumbList","@id":"https:\/\/www.ghostysky.com\/product\/agilex-ros2-pro-kit\/#breadcrumb","itemListElement":[{"@type":"ListItem","position":1,"name":"Home","item":"https:\/\/www.ghostysky.com\/"},{"@type":"ListItem","position":2,"name":"Shop","item":"https:\/\/www.ghostysky.com\/shop\/"},{"@type":"ListItem","position":3,"name":"Agilex ROS2 Pro Kit"}]},{"@type":"WebSite","@id":"https:\/\/www.ghostysky.com\/#website","url":"https:\/\/www.ghostysky.com\/","name":"Ghostysky","description":"Livraison de drones et de services professionnels","publisher":{"@id":"https:\/\/www.ghostysky.com\/#organization"},"potentialAction":[{"@type":"SearchAction","target":{"@type":"EntryPoint","urlTemplate":"https:\/\/www.ghostysky.com\/?s={search_term_string}"},"query-input":{"@type":"PropertyValueSpecification","valueRequired":true,"valueName":"search_term_string"}}],"inLanguage":"fr-FR"},{"@type":"Organization","@id":"https:\/\/www.ghostysky.com\/#organization","name":"Ghostysky","url":"https:\/\/www.ghostysky.com\/","logo":{"@type":"ImageObject","inLanguage":"fr-FR","@id":"https:\/\/www.ghostysky.com\/#\/schema\/logo\/image\/","url":"https:\/\/www.ghostysky.com\/wp-content\/uploads\/2020\/06\/cropped-ghostyskylogo_text_white2.png","contentUrl":"https:\/\/www.ghostysky.com\/wp-content\/uploads\/2020\/06\/cropped-ghostyskylogo_text_white2.png","width":169,"height":56,"caption":"Ghostysky"},"image":{"@id":"https:\/\/www.ghostysky.com\/#\/schema\/logo\/image\/"},"sameAs":["https:\/\/www.facebook.com\/people\/Ghostysky\/100057676170234\/","https:\/\/x.com\/Gh0stysky","https:\/\/www.linkedin.com\/company\/34739653","https:\/\/www.instagram.com\/gh0stysky"]}]}},"_links":{"self":[{"href":"https:\/\/www.ghostysky.com\/fr\/wp-json\/wp\/v2\/product\/21165","targetHints":{"allow":["GET"]}}],"collection":[{"href":"https:\/\/www.ghostysky.com\/fr\/wp-json\/wp\/v2\/product"}],"about":[{"href":"https:\/\/www.ghostysky.com\/fr\/wp-json\/wp\/v2\/types\/product"}],"replies":[{"embeddable":true,"href":"https:\/\/www.ghostysky.com\/fr\/wp-json\/wp\/v2\/comments?post=21165"}],"version-history":[{"count":0,"href":"https:\/\/www.ghostysky.com\/fr\/wp-json\/wp\/v2\/product\/21165\/revisions"}],"wp:featuredmedia":[{"embeddable":true,"href":"https:\/\/www.ghostysky.com\/fr\/wp-json\/wp\/v2\/media\/21167"}],"wp:attachment":[{"href":"https:\/\/www.ghostysky.com\/fr\/wp-json\/wp\/v2\/media?parent=21165"}],"wp:term":[{"taxonomy":"product_brand","embeddable":true,"href":"https:\/\/www.ghostysky.com\/fr\/wp-json\/wp\/v2\/product_brand?post=21165"},{"taxonomy":"product_cat","embeddable":true,"href":"https:\/\/www.ghostysky.com\/fr\/wp-json\/wp\/v2\/product_cat?post=21165"},{"taxonomy":"product_tag","embeddable":true,"href":"https:\/\/www.ghostysky.com\/fr\/wp-json\/wp\/v2\/product_tag?post=21165"}],"curies":[{"name":"wp","href":"https:\/\/api.w.org\/{rel}","templated":true}]}}