{"id":21176,"date":"2025-10-16T03:30:01","date_gmt":"2025-10-16T03:30:01","guid":{"rendered":"https:\/\/www.ghostysky.com\/?post_type=product&#038;p=21176"},"modified":"2026-01-10T10:04:00","modified_gmt":"2026-01-10T10:04:00","slug":"agilex-auto-kit-pro","status":"publish","type":"product","link":"https:\/\/www.ghostysky.com\/fr\/product\/agilex-auto-kit-pro\/","title":{"rendered":"Kit Auto Pro Agilex"},"content":{"rendered":"<div id=\"model-response-message-contentr_10995c785503e875\" class=\"markdown markdown-main-panel stronger enable-updated-hr-color\" dir=\"ltr\">\n<h3><b>Principales caract\u00e9ristiques et composants (configuration typique de niveau professionnel)<\/b><\/h3>\n<ul>\n<li><b><span class=\"citation-103\">Pile de logiciels open source\u00a0:<\/span><\/b><span class=\"citation-103\"> Bas\u00e9 sur des frameworks populaires comme <\/span><b><span class=\"citation-103\">Autoware<\/span><\/b><span class=\"citation-103\"> et enti\u00e8rement compatible avec <\/span><b><span class=\"citation-103\">ROS<\/span><\/b><span class=\"citation-103 citation-end-103\"> (version potentiellement ROS 2\/Foxy selon le mod\u00e8le sp\u00e9cifique), permettant un d\u00e9veloppement transparent d&#039;applications de navigation, de perception et de contr\u00f4le.<\/span><\/li>\n<li><b>D\u00e9tection haute performance :<\/b> Dispose d&#039;un puissant syst\u00e8me de capteurs de conduite autonome, qui comprend g\u00e9n\u00e9ralement\u00a0:\n<ul>\n<li><b>LiDAR High-Line :<\/b><span class=\"citation-102 citation-end-102\"> Comme un LiDAR \u00e0 16 lignes (par exemple, Velodyne VLP-16 ou similaire) pour la cartographie de l&#039;environnement haute d\u00e9finition \u00e0 360 degr\u00e9s et la d\u00e9tection d&#039;obstacles.<\/span><\/li>\n<li><b><span class=\"citation-101\">Cam\u00e9ra de profondeur st\u00e9r\u00e9o :<\/span><\/b><span class=\"citation-101\"> Comme le <\/span><b><span class=\"citation-101\">Intel RealSense D435i<\/span><\/b><span class=\"citation-101 citation-end-101\"> pour les t\u00e2ches de SLAM visuel, de perception de la profondeur et d&#039;identit\u00e9 visuelle avanc\u00e9e.<\/span><\/li>\n<li><b>Ordinateur de bord (IPC) :<\/b> Un PC industriel hautes performances (par exemple, Intel i7\/i5 ou des syst\u00e8mes embarqu\u00e9s puissants comme NVIDIA Xavier\/Jetson) pour g\u00e9rer des t\u00e2ches de traitement exigeantes.<\/li>\n<\/ul>\n<\/li>\n<li><b>Pr\u00eat pour la navigation autonome\u00a0:<\/b> Le kit est une solution parfaite pour mettre en \u0153uvre des fonctions telles que la navigation automatique LiDAR multiligne, la localisation et la cartographie simultan\u00e9es (SLAM), l&#039;\u00e9vitement d&#039;obstacles et la planification de trajet (utilisant souvent des packages comme <code>navigation2<\/code> et <code>d\u00e9placer_base<\/code>).<\/li>\n<li><b><span class=\"citation-100\">Compatibilit\u00e9 du ch\u00e2ssis :<\/span><\/b><span class=\"citation-100 citation-end-100\"> Con\u00e7u pour \u00eatre facilement int\u00e9gr\u00e9 \u00e0 une gamme de plates-formes de ch\u00e2ssis robustes de v\u00e9hicules terrestres sans pilote (UGV) d&#039;AgileX (par exemple, les s\u00e9ries Scout Mini, Scout 2.0, Hunter ou Bunker).<\/span><\/li>\n<li><b>Applications cibles\u00a0:<\/b> Id\u00e9al pour une large gamme d&#039;applications \u00e0 haute complexit\u00e9 et \u00e0 haute int\u00e9gration, notamment\u00a0:\n<ul>\n<li><b>Recherche et \u00e9ducation universitaires :<\/b> Offrir une plateforme compl\u00e8te pour les \u00e9tudes et projets de niveau universitaire en robotique et syst\u00e8mes autonomes.<\/li>\n<li><b>Pr\u00e9-recherche de produit :<\/b> Prototypage rapide et d\u00e9veloppement de v\u00e9hicules autonomes sp\u00e9cialis\u00e9s.<\/li>\n<li><b>Applications industrielles :<\/b><span class=\"citation-99 citation-end-99\"> D\u00e9velopper des solutions pour l&#039;inspection, l&#039;arpentage, la s\u00e9curit\u00e9, la logistique et plus encore.<\/span><\/li>\n<\/ul>\n<\/li>\n<li><b><span class=\"citation-98\">Int\u00e9gration compl\u00e8te :<\/span><\/b><span class=\"citation-98 citation-end-98\"> Livr\u00e9 avec des environnements Linux et ROS pr\u00e9install\u00e9s, les pilotes mat\u00e9riels n\u00e9cessaires et un montage de capteur m\u00e9thodiquement con\u00e7u pour un placement optimal et une int\u00e9gration facile.<\/span><\/li>\n<\/ul>\n<p>Le <b>Kit Auto Pro AgileX<\/b> est votre outil complet pour lib\u00e9rer tout le potentiel de la technologie de conduite autonome, offrant une plate-forme sophistiqu\u00e9e et int\u00e9gr\u00e9e permettant aux chercheurs et aux d\u00e9veloppeurs de passer rapidement du concept au d\u00e9ploiement.<\/p>\n<\/div>","protected":false},"excerpt":{"rendered":"<p>Le <b>Kit Auto Pro AgileX<\/b> est un kit de d\u00e9veloppement et de formation complet, full-stack et hautes performances, con\u00e7u pour dynamiser vos recherches en conduite autonome et en robotique avanc\u00e9e. D\u00e9velopp\u00e9 autour d&#039;un framework open source, tel que <b>Autoware<\/b>, et le <b>Syst\u00e8me d&#039;exploitation du robot (ROS)<\/b>, ce kit de qualit\u00e9 professionnelle fournit le mat\u00e9riel robuste et le logiciel int\u00e9gr\u00e9 n\u00e9cessaires pour cr\u00e9er, tester et v\u00e9rifier des algorithmes de conduite autonome complexes.<\/p>\n<p><strong>Plateforme non incluse GPS inclus Cam\u00e9ra infrarouge incluse<\/strong><br \/>\n<strong>Compatible avec HUNTER, HUNTER2.0, SCOUT2.0 et BUNKER<\/strong><br \/>\nEmball\u00e9 dans un \u00e9tui en bois<\/p>","protected":false},"featured_media":21175,"comment_status":"open","ping_status":"closed","template":"","meta":[],"product_brand":[1046],"product_cat":[1043,1045,1042,1037],"product_tag":[1047,1054,1079],"class_list":{"0":"post-21176","1":"product","2":"type-product","3":"status-publish","4":"has-post-thumbnail","6":"product_brand-agilex","7":"product_cat-agilex","8":"product_cat-agilex-accessories","9":"product_cat-chassis","10":"product_cat-robotics","11":"product_tag-agilex","12":"product_tag-agilex-accessories","13":"product_tag-agilex-auto-kit-pro","15":"first","16":"onbackorder","17":"taxable","18":"shipping-taxable","19":"purchasable","20":"product-type-simple"},"yoast_head":"<!-- This site is optimized with the Yoast SEO plugin v27.4 - https:\/\/yoast.com\/product\/yoast-seo-wordpress\/ -->\n<title>Agilex Auto Kit Pro - Ghostysky<\/title>\n<meta name=\"description\" content=\"The AgileX Auto Kit Pro is a comprehensive, full-stack, and high-performance development and education kit designed to jumpstart your autonomous driving and advanced robotics research. Built around an open-source framework, such as Autoware, and the Robot Operating System (ROS), this professional-grade kit provides the robust hardware and integrated software necessary to build, test, and verify complex autonomous driving algorithms.\" \/>\n<meta name=\"robots\" content=\"index, follow, max-snippet:-1, max-image-preview:large, max-video-preview:-1\" \/>\n<link rel=\"canonical\" href=\"https:\/\/www.ghostysky.com\/fr\/product\/agilex-auto-kit-pro\/\" \/>\n<meta property=\"og:locale\" content=\"fr_FR\" \/>\n<meta property=\"og:type\" content=\"article\" \/>\n<meta property=\"og:title\" content=\"Agilex Auto Kit Pro - Ghostysky\" \/>\n<meta property=\"og:description\" content=\"The AgileX Auto Kit Pro is a comprehensive, full-stack, and high-performance development and education kit designed to jumpstart your autonomous driving and advanced robotics research. Built around an open-source framework, such as Autoware, and the Robot Operating System (ROS), this professional-grade kit provides the robust hardware and integrated software necessary to build, test, and verify complex autonomous driving algorithms.\" \/>\n<meta property=\"og:url\" content=\"https:\/\/www.ghostysky.com\/fr\/product\/agilex-auto-kit-pro\/\" \/>\n<meta property=\"og:site_name\" content=\"Ghostysky\" \/>\n<meta property=\"article:publisher\" content=\"https:\/\/www.facebook.com\/people\/Ghostysky\/100057676170234\/\" \/>\n<meta property=\"article:modified_time\" content=\"2026-01-10T10:04:00+00:00\" \/>\n<meta property=\"og:image\" content=\"https:\/\/www.ghostysky.com\/wp-content\/uploads\/2025\/10\/GH_AgileAutowareKit_1.webp\" \/>\n\t<meta property=\"og:image:width\" content=\"551\" \/>\n\t<meta property=\"og:image:height\" content=\"535\" \/>\n\t<meta property=\"og:image:type\" content=\"image\/webp\" \/>\n<meta name=\"twitter:card\" content=\"summary_large_image\" \/>\n<meta name=\"twitter:site\" content=\"@Gh0stysky\" \/>\n<meta name=\"twitter:label1\" content=\"Dur\u00e9e de lecture estim\u00e9e\" \/>\n\t<meta name=\"twitter:data1\" content=\"2 minutes\" \/>\n<script type=\"application\/ld+json\" class=\"yoast-schema-graph\">{\"@context\":\"https:\\\/\\\/schema.org\",\"@graph\":[{\"@type\":\"WebPage\",\"@id\":\"https:\\\/\\\/www.ghostysky.com\\\/product\\\/agilex-auto-kit-pro\\\/\",\"url\":\"https:\\\/\\\/www.ghostysky.com\\\/product\\\/agilex-auto-kit-pro\\\/\",\"name\":\"Agilex Auto Kit Pro - Ghostysky\",\"isPartOf\":{\"@id\":\"https:\\\/\\\/www.ghostysky.com\\\/#website\"},\"primaryImageOfPage\":{\"@id\":\"https:\\\/\\\/www.ghostysky.com\\\/product\\\/agilex-auto-kit-pro\\\/#primaryimage\"},\"image\":{\"@id\":\"https:\\\/\\\/www.ghostysky.com\\\/product\\\/agilex-auto-kit-pro\\\/#primaryimage\"},\"thumbnailUrl\":\"https:\\\/\\\/www.ghostysky.com\\\/wp-content\\\/uploads\\\/2025\\\/10\\\/GH_AgileAutowareKit_1.webp\",\"datePublished\":\"2025-10-16T03:30:01+00:00\",\"dateModified\":\"2026-01-10T10:04:00+00:00\",\"description\":\"The AgileX Auto Kit Pro is a comprehensive, full-stack, and high-performance development and education kit designed to jumpstart your autonomous driving and advanced robotics research. Built around an open-source framework, such as Autoware, and the Robot Operating System (ROS), this professional-grade kit provides the robust hardware and integrated software necessary to build, test, and verify complex autonomous driving algorithms.\",\"breadcrumb\":{\"@id\":\"https:\\\/\\\/www.ghostysky.com\\\/product\\\/agilex-auto-kit-pro\\\/#breadcrumb\"},\"inLanguage\":\"fr-FR\",\"potentialAction\":[{\"@type\":\"ReadAction\",\"target\":[\"https:\\\/\\\/www.ghostysky.com\\\/product\\\/agilex-auto-kit-pro\\\/\"]}]},{\"@type\":\"ImageObject\",\"inLanguage\":\"fr-FR\",\"@id\":\"https:\\\/\\\/www.ghostysky.com\\\/product\\\/agilex-auto-kit-pro\\\/#primaryimage\",\"url\":\"https:\\\/\\\/www.ghostysky.com\\\/wp-content\\\/uploads\\\/2025\\\/10\\\/GH_AgileAutowareKit_1.webp\",\"contentUrl\":\"https:\\\/\\\/www.ghostysky.com\\\/wp-content\\\/uploads\\\/2025\\\/10\\\/GH_AgileAutowareKit_1.webp\",\"width\":551,\"height\":535},{\"@type\":\"BreadcrumbList\",\"@id\":\"https:\\\/\\\/www.ghostysky.com\\\/product\\\/agilex-auto-kit-pro\\\/#breadcrumb\",\"itemListElement\":[{\"@type\":\"ListItem\",\"position\":1,\"name\":\"Home\",\"item\":\"https:\\\/\\\/www.ghostysky.com\\\/\"},{\"@type\":\"ListItem\",\"position\":2,\"name\":\"Shop\",\"item\":\"https:\\\/\\\/www.ghostysky.com\\\/shop\\\/\"},{\"@type\":\"ListItem\",\"position\":3,\"name\":\"Agilex Auto Kit Pro\"}]},{\"@type\":\"WebSite\",\"@id\":\"https:\\\/\\\/www.ghostysky.com\\\/#website\",\"url\":\"https:\\\/\\\/www.ghostysky.com\\\/\",\"name\":\"Ghostysky\",\"description\":\"Delivering professional drones and services\",\"publisher\":{\"@id\":\"https:\\\/\\\/www.ghostysky.com\\\/#organization\"},\"potentialAction\":[{\"@type\":\"SearchAction\",\"target\":{\"@type\":\"EntryPoint\",\"urlTemplate\":\"https:\\\/\\\/www.ghostysky.com\\\/?s={search_term_string}\"},\"query-input\":{\"@type\":\"PropertyValueSpecification\",\"valueRequired\":true,\"valueName\":\"search_term_string\"}}],\"inLanguage\":\"fr-FR\"},{\"@type\":\"Organization\",\"@id\":\"https:\\\/\\\/www.ghostysky.com\\\/#organization\",\"name\":\"Ghostysky\",\"url\":\"https:\\\/\\\/www.ghostysky.com\\\/\",\"logo\":{\"@type\":\"ImageObject\",\"inLanguage\":\"fr-FR\",\"@id\":\"https:\\\/\\\/www.ghostysky.com\\\/#\\\/schema\\\/logo\\\/image\\\/\",\"url\":\"https:\\\/\\\/www.ghostysky.com\\\/wp-content\\\/uploads\\\/2020\\\/06\\\/cropped-ghostyskylogo_text_white2.png\",\"contentUrl\":\"https:\\\/\\\/www.ghostysky.com\\\/wp-content\\\/uploads\\\/2020\\\/06\\\/cropped-ghostyskylogo_text_white2.png\",\"width\":169,\"height\":56,\"caption\":\"Ghostysky\"},\"image\":{\"@id\":\"https:\\\/\\\/www.ghostysky.com\\\/#\\\/schema\\\/logo\\\/image\\\/\"},\"sameAs\":[\"https:\\\/\\\/www.facebook.com\\\/people\\\/Ghostysky\\\/100057676170234\\\/\",\"https:\\\/\\\/x.com\\\/Gh0stysky\",\"https:\\\/\\\/www.linkedin.com\\\/company\\\/34739653\",\"https:\\\/\\\/www.instagram.com\\\/gh0stysky\"]}]}<\/script>\n<!-- \/ Yoast SEO plugin. -->","yoast_head_json":{"title":"Agilex Auto Kit Pro - Ghostysky","description":"L&#039;AgileX Auto Kit Pro est un kit de d\u00e9veloppement et de formation complet, full-stack et hautes performances, con\u00e7u pour dynamiser vos recherches en conduite autonome et en robotique avanc\u00e9e. D\u00e9velopp\u00e9 autour d&#039;un framework open source comme Autoware et du syst\u00e8me d&#039;exploitation robotique (ROS), ce kit professionnel fournit le mat\u00e9riel robuste et les logiciels int\u00e9gr\u00e9s n\u00e9cessaires \u00e0 la cr\u00e9ation, au test et \u00e0 la v\u00e9rification d&#039;algorithmes complexes de conduite autonome.","robots":{"index":"index","follow":"follow","max-snippet":"max-snippet:-1","max-image-preview":"max-image-preview:large","max-video-preview":"max-video-preview:-1"},"canonical":"https:\/\/www.ghostysky.com\/fr\/product\/agilex-auto-kit-pro\/","og_locale":"fr_FR","og_type":"article","og_title":"Agilex Auto Kit Pro - Ghostysky","og_description":"The AgileX Auto Kit Pro is a comprehensive, full-stack, and high-performance development and education kit designed to jumpstart your autonomous driving and advanced robotics research. Built around an open-source framework, such as Autoware, and the Robot Operating System (ROS), this professional-grade kit provides the robust hardware and integrated software necessary to build, test, and verify complex autonomous driving algorithms.","og_url":"https:\/\/www.ghostysky.com\/fr\/product\/agilex-auto-kit-pro\/","og_site_name":"Ghostysky","article_publisher":"https:\/\/www.facebook.com\/people\/Ghostysky\/100057676170234\/","article_modified_time":"2026-01-10T10:04:00+00:00","og_image":[{"width":551,"height":535,"url":"https:\/\/www.ghostysky.com\/wp-content\/uploads\/2025\/10\/GH_AgileAutowareKit_1.webp","type":"image\/webp"}],"twitter_card":"summary_large_image","twitter_site":"@Gh0stysky","twitter_misc":{"Dur\u00e9e de lecture estim\u00e9e":"2 minutes"},"schema":{"@context":"https:\/\/schema.org","@graph":[{"@type":"WebPage","@id":"https:\/\/www.ghostysky.com\/product\/agilex-auto-kit-pro\/","url":"https:\/\/www.ghostysky.com\/product\/agilex-auto-kit-pro\/","name":"Agilex Auto Kit Pro - Ghostysky","isPartOf":{"@id":"https:\/\/www.ghostysky.com\/#website"},"primaryImageOfPage":{"@id":"https:\/\/www.ghostysky.com\/product\/agilex-auto-kit-pro\/#primaryimage"},"image":{"@id":"https:\/\/www.ghostysky.com\/product\/agilex-auto-kit-pro\/#primaryimage"},"thumbnailUrl":"https:\/\/www.ghostysky.com\/wp-content\/uploads\/2025\/10\/GH_AgileAutowareKit_1.webp","datePublished":"2025-10-16T03:30:01+00:00","dateModified":"2026-01-10T10:04:00+00:00","description":"L&#039;AgileX Auto Kit Pro est un kit de d\u00e9veloppement et de formation complet, full-stack et hautes performances, con\u00e7u pour dynamiser vos recherches en conduite autonome et en robotique avanc\u00e9e. D\u00e9velopp\u00e9 autour d&#039;un framework open source comme Autoware et du syst\u00e8me d&#039;exploitation robotique (ROS), ce kit professionnel fournit le mat\u00e9riel robuste et les logiciels int\u00e9gr\u00e9s n\u00e9cessaires \u00e0 la cr\u00e9ation, au test et \u00e0 la v\u00e9rification d&#039;algorithmes complexes de conduite autonome.","breadcrumb":{"@id":"https:\/\/www.ghostysky.com\/product\/agilex-auto-kit-pro\/#breadcrumb"},"inLanguage":"fr-FR","potentialAction":[{"@type":"ReadAction","target":["https:\/\/www.ghostysky.com\/product\/agilex-auto-kit-pro\/"]}]},{"@type":"ImageObject","inLanguage":"fr-FR","@id":"https:\/\/www.ghostysky.com\/product\/agilex-auto-kit-pro\/#primaryimage","url":"https:\/\/www.ghostysky.com\/wp-content\/uploads\/2025\/10\/GH_AgileAutowareKit_1.webp","contentUrl":"https:\/\/www.ghostysky.com\/wp-content\/uploads\/2025\/10\/GH_AgileAutowareKit_1.webp","width":551,"height":535},{"@type":"BreadcrumbList","@id":"https:\/\/www.ghostysky.com\/product\/agilex-auto-kit-pro\/#breadcrumb","itemListElement":[{"@type":"ListItem","position":1,"name":"Home","item":"https:\/\/www.ghostysky.com\/"},{"@type":"ListItem","position":2,"name":"Shop","item":"https:\/\/www.ghostysky.com\/shop\/"},{"@type":"ListItem","position":3,"name":"Agilex Auto Kit Pro"}]},{"@type":"WebSite","@id":"https:\/\/www.ghostysky.com\/#website","url":"https:\/\/www.ghostysky.com\/","name":"Ghostysky","description":"Livraison de drones et de services professionnels","publisher":{"@id":"https:\/\/www.ghostysky.com\/#organization"},"potentialAction":[{"@type":"SearchAction","target":{"@type":"EntryPoint","urlTemplate":"https:\/\/www.ghostysky.com\/?s={search_term_string}"},"query-input":{"@type":"PropertyValueSpecification","valueRequired":true,"valueName":"search_term_string"}}],"inLanguage":"fr-FR"},{"@type":"Organization","@id":"https:\/\/www.ghostysky.com\/#organization","name":"Ghostysky","url":"https:\/\/www.ghostysky.com\/","logo":{"@type":"ImageObject","inLanguage":"fr-FR","@id":"https:\/\/www.ghostysky.com\/#\/schema\/logo\/image\/","url":"https:\/\/www.ghostysky.com\/wp-content\/uploads\/2020\/06\/cropped-ghostyskylogo_text_white2.png","contentUrl":"https:\/\/www.ghostysky.com\/wp-content\/uploads\/2020\/06\/cropped-ghostyskylogo_text_white2.png","width":169,"height":56,"caption":"Ghostysky"},"image":{"@id":"https:\/\/www.ghostysky.com\/#\/schema\/logo\/image\/"},"sameAs":["https:\/\/www.facebook.com\/people\/Ghostysky\/100057676170234\/","https:\/\/x.com\/Gh0stysky","https:\/\/www.linkedin.com\/company\/34739653","https:\/\/www.instagram.com\/gh0stysky"]}]}},"_links":{"self":[{"href":"https:\/\/www.ghostysky.com\/fr\/wp-json\/wp\/v2\/product\/21176","targetHints":{"allow":["GET"]}}],"collection":[{"href":"https:\/\/www.ghostysky.com\/fr\/wp-json\/wp\/v2\/product"}],"about":[{"href":"https:\/\/www.ghostysky.com\/fr\/wp-json\/wp\/v2\/types\/product"}],"replies":[{"embeddable":true,"href":"https:\/\/www.ghostysky.com\/fr\/wp-json\/wp\/v2\/comments?post=21176"}],"version-history":[{"count":0,"href":"https:\/\/www.ghostysky.com\/fr\/wp-json\/wp\/v2\/product\/21176\/revisions"}],"wp:featuredmedia":[{"embeddable":true,"href":"https:\/\/www.ghostysky.com\/fr\/wp-json\/wp\/v2\/media\/21175"}],"wp:attachment":[{"href":"https:\/\/www.ghostysky.com\/fr\/wp-json\/wp\/v2\/media?parent=21176"}],"wp:term":[{"taxonomy":"product_brand","embeddable":true,"href":"https:\/\/www.ghostysky.com\/fr\/wp-json\/wp\/v2\/product_brand?post=21176"},{"taxonomy":"product_cat","embeddable":true,"href":"https:\/\/www.ghostysky.com\/fr\/wp-json\/wp\/v2\/product_cat?post=21176"},{"taxonomy":"product_tag","embeddable":true,"href":"https:\/\/www.ghostysky.com\/fr\/wp-json\/wp\/v2\/product_tag?post=21176"}],"curies":[{"name":"wp","href":"https:\/\/api.w.org\/{rel}","templated":true}]}}