{"id":21178,"date":"2025-10-16T03:37:02","date_gmt":"2025-10-16T03:37:02","guid":{"rendered":"https:\/\/www.ghostysky.com\/?post_type=product&#038;p=21178"},"modified":"2025-10-16T03:42:13","modified_gmt":"2025-10-16T03:42:13","slug":"agilex-navis-kit","status":"publish","type":"product","link":"https:\/\/www.ghostysky.com\/fr\/product\/agilex-navis-kit\/","title":{"rendered":"KIT Agilex NAVIS"},"content":{"rendered":"<h2>Principales fonctionnalit\u00e9s et capacit\u00e9s<\/h2>\n<p><span class=\"citation-133 citation-end-133\">Le syst\u00e8me NAVIS offre une suite compl\u00e8te de fonctionnalit\u00e9s ax\u00e9es sur la pr\u00e9cision, la flexibilit\u00e9 et la facilit\u00e9 d&#039;int\u00e9gration :<sup class=\"superscript\" data-turn-source-index=\"3\">3<\/sup><\/span><\/p>\n<ul>\n<li><b><span class=\"citation-132\">Perception environnementale avanc\u00e9e :<\/span><\/b><span class=\"citation-132\"> Il utilise une fusion de plusieurs capteurs, g\u00e9n\u00e9ralement <\/span><b><span class=\"citation-132\">LiDAR, IMU (unit\u00e9 de mesure inertielle) et cam\u00e9ras de profondeur<\/span><\/b><span class=\"citation-132 citation-end-132\">\u2014de construire une carte 3D pr\u00e9cise de l\u2019environnement, permettant une reconstruction pr\u00e9cise de la sc\u00e8ne et une connaissance de l\u2019environnement.<sup class=\"superscript\" data-turn-source-index=\"4\">4<\/sup><\/span><\/li>\n<li><b><span class=\"citation-131\">Navigation de haute pr\u00e9cision :<\/span><\/b><span class=\"citation-131\"> Atteint une grande pr\u00e9cision avec un <\/span><b><span class=\"citation-131 citation-end-131\">pr\u00e9cision de positionnement de <sup class=\"superscript\" data-turn-source-index=\"5\">5<\/sup><\/span><span class=\"math-inline\" data-math=\"\\pm 3\">$\\pm 3$<\/span><span class=\"citation-130\"> cm<\/span><\/b><span class=\"citation-130 citation-end-130\"> (ou parfois <sup class=\"superscript\" data-turn-source-index=\"6\">6<\/sup><\/span><span class=\"math-inline\" data-math=\"\\pm 8\">$\\pm 8$<\/span><span class=\"citation-129 citation-end-129\"> cm selon la version\/configuration) et prend en charge une grande zone de cartographie (jusqu&#039;\u00e0 2 millions de m\u00e8tres carr\u00e9s).<sup class=\"superscript\" data-turn-source-index=\"7\">7<\/sup><\/span> <span class=\"citation-128\">Il utilise des technologies propri\u00e9taires <\/span><b><span class=\"citation-128\">Fusion de capteurs LiDAR-IMU<\/span><\/b><span class=\"citation-128 citation-end-128\"> et prend en charge le positionnement assist\u00e9 par RTK-GPS pour les sc\u00e9narios ext\u00e9rieurs.<sup class=\"superscript\" data-turn-source-index=\"8\">8<\/sup><\/span><\/li>\n<li><b>Planification dynamique des trajectoires :<\/b><span class=\"citation-127\"> Permet <\/span><b><span class=\"citation-127\">planification et ajustement des trajectoires en temps r\u00e9el<\/span><\/b><span class=\"citation-127\">, avanc\u00e9 <\/span><b><span class=\"citation-127\">d\u00e9tection et \u00e9vitement d&#039;obstacles<\/span><\/b><span class=\"citation-127 citation-end-127\">et des algorithmes de prise de d\u00e9cision intelligents pour une ex\u00e9cution flexible des plans d\u2019action dans des environnements dynamiques.<sup class=\"superscript\" data-turn-source-index=\"9\">9<\/sup><\/span><\/li>\n<li><b>Interface conviviale (carte NAVIS) :<\/b><span class=\"citation-126\"> Comprend un <\/span><b><span class=\"citation-126\">interface de navigation 3D intuitive<\/span><\/b><span class=\"citation-126\"> et un <\/span><b><span class=\"citation-126\">tableau de bord de donn\u00e9es personnalisable<\/span><\/b><span class=\"citation-126 citation-end-126\"> pour des informations en temps r\u00e9el et des analyses \u00e0 la vol\u00e9e sur des ordinateurs de bureau ou des appareils mobiles.<sup class=\"superscript\" data-turn-source-index=\"10\">10<\/sup><\/span> <span class=\"citation-125 citation-end-125\">Il permet une cartographie en un clic et une \u00e9dition de carte en temps r\u00e9el.<sup class=\"superscript\" data-turn-source-index=\"11\">11<\/sup><\/span><\/li>\n<li><b><span class=\"citation-124\">Syst\u00e8me de gestion des t\u00e2ches :<\/span><\/b><span class=\"citation-124 citation-end-124\"> Un syst\u00e8me de contr\u00f4le embarqu\u00e9 g\u00e8re tous les aspects op\u00e9rationnels, y compris la navigation, la planification des missions, la configuration rapide des t\u00e2ches et les diagnostics du syst\u00e8me.<sup class=\"superscript\" data-turn-source-index=\"12\">12<\/sup><\/span><\/li>\n<li><b><span class=\"citation-123\">Int\u00e9gration transparente :<\/span><\/b><span class=\"citation-123\"> Con\u00e7u pour une int\u00e9gration facile avec les robots industriels et les AGV, il est <\/span><b><span class=\"citation-123\">compatible avec tous les ch\u00e2ssis AgileX Robotics<\/span><\/b><span class=\"citation-123\"> et fournit une approche compl\u00e8te <\/span><b><span class=\"citation-123\">Compatibilit\u00e9 SDK, API et ROS\/ROS2<\/span><\/b><span class=\"citation-123 citation-end-123\"> pour un d\u00e9ploiement et un d\u00e9veloppement rapides.<sup class=\"superscript\" data-turn-source-index=\"13\">13<\/sup><\/span><\/li>\n<li><b><span class=\"citation-122\">S\u00e9curit\u00e9 et contr\u00f4le :<\/span><\/b><span class=\"citation-122\"> Offre un <\/span><b><span class=\"citation-122\">syst\u00e8me de r\u00e9troaction visuelle<\/span><\/b><span class=\"citation-122\"> pour une vue compl\u00e8te de l&#039;environnement et des fonctionnalit\u00e9s du robot <\/span><b><span class=\"citation-122\">prise de contr\u00f4le \u00e0 distance sans tracas<\/span><\/b><span class=\"citation-122 citation-end-122\"> fonctionnalit\u00e9, permettant une intervention humaine imm\u00e9diate lorsque cela est n\u00e9cessaire pour assurer la s\u00e9curit\u00e9 op\u00e9rationnelle.<sup class=\"superscript\" data-turn-source-index=\"14\">14<\/sup><\/span><\/li>\n<\/ul>\n<hr \/>\n<p>&nbsp;<\/p>\n<h2>Composants du syst\u00e8me (architecture NAVIS)<\/h2>\n<p><span class=\"citation-121 citation-end-121\">Le syst\u00e8me NAVIS est compos\u00e9 de plusieurs composants de base qui fonctionnent ensemble pour fournir des fonctionnalit\u00e9s autonomes\u00a0:<sup class=\"superscript\" data-turn-source-index=\"15\">15<\/sup><\/span><\/p>\n<ol start=\"1\">\n<li><b>Cerveau NAVIS (Cerveau de navigation) :<\/b> L&#039;intelligence centrale responsable du traitement des donn\u00e9es des capteurs, de la cartographie, de la planification des trajets et de la prise de d\u00e9cision autonome.<\/li>\n<li><b>Pont NAVIS (pont de donn\u00e9es) :<\/b> G\u00e8re le flux de donn\u00e9es entre les capteurs, le cerveau et le syst\u00e8me de contr\u00f4le.<\/li>\n<li><b>Carte NAVIS (Syst\u00e8me d&#039;Interaction Intelligent)\u00a0:<\/b> L&#039;interface utilisateur multiplateforme qui fournit la visualisation des donn\u00e9es, la gestion des cartes, la gestion du syst\u00e8me de t\u00e2ches et permet la surveillance et le contr\u00f4le \u00e0 distance.<\/li>\n<li><b>Mat\u00e9riel de d\u00e9tection int\u00e9gr\u00e9\u00a0:<\/b><span class=\"citation-120 citation-end-120\"> Les capteurs physiques (LiDAR, IMU, cam\u00e9ras) embarqu\u00e9s sur la plateforme mobile pour la perception et la s\u00e9curit\u00e9.<\/span><\/li>\n<\/ol>","protected":false},"excerpt":{"rendered":"<p><span class=\"citation-135\">Le <\/span><b><span class=\"citation-135\">Syst\u00e8me de navigation autonome Agilex NAVIS<\/span><\/b><span class=\"citation-135\"> est une solution professionnelle compl\u00e8te con\u00e7ue par AgileX Robotics pour permettre <\/span><b><span class=\"citation-135\">navigation autonome au centim\u00e8tre pr\u00e8s<\/span><\/b><span class=\"citation-135 citation-end-135\"> pour les robots industriels et les AGV (v\u00e9hicules \u00e0 guidage automatique) dans des environnements semi-ferm\u00e9s et enti\u00e8rement ferm\u00e9s, y compris des sc\u00e9narios potentiels de fusion int\u00e9rieur\/ext\u00e9rieur.<\/span><\/p>\n<p><span class=\"citation-134\">Il s&#039;agit d&#039;un syst\u00e8me int\u00e9gr\u00e9 logiciel et mat\u00e9riel avanc\u00e9 qui fournit des op\u00e9rations de robot robustes et fiables pour diverses applications telles que <\/span><b><span class=\"citation-134\">inspection de s\u00e9curit\u00e9, automatisation industrielle, logistique et transport<\/span><\/b><span class=\"citation-134 citation-end-134\">.<\/span><\/p>\n<p><strong>Plateforme non incluse<\/strong><\/p>\n<p>STANDARD:<\/p>\n<ul>\n<li>LiDAR multiligne RS<\/li>\n<li>IMU \u00e0 neuf axes<\/li>\n<li>Ordinateur personnel industriel x86<\/li>\n<\/ul>\n<p>FACULTATIF:<\/p>\n<ul>\n<li>Cam\u00e9ra de profondeur<\/li>\n<li>GPS RTK<\/li>\n<\/ul>","protected":false},"featured_media":21180,"comment_status":"open","ping_status":"closed","template":"","meta":[],"product_brand":[1046],"product_cat":[1045,1042,1037],"product_tag":[1047,1054,1080],"class_list":{"0":"post-21178","1":"product","2":"type-product","3":"status-publish","4":"has-post-thumbnail","6":"product_brand-agilex","7":"product_cat-agilex-accessories","8":"product_cat-chassis","9":"product_cat-robotics","10":"product_tag-agilex","11":"product_tag-agilex-accessories","12":"product_tag-agilex-navis-kit","14":"first","15":"onbackorder","16":"taxable","17":"shipping-taxable","18":"product-type-simple"},"yoast_head":"<!-- This site is optimized with the Yoast SEO plugin v27.4 - https:\/\/yoast.com\/product\/yoast-seo-wordpress\/ -->\n<title>Agilex NAVIS KIT - Ghostysky<\/title>\n<meta name=\"description\" content=\"The Agilex NAVIS Autonomous Navigation System is a professional, full-stack solution designed by AgileX Robotics to enable centimeter-level autonomous navigation for industrial robots and AGVs (Automated Guided Vehicles) in semi-enclosed and fully enclosed environments, including potential indoor\/outdoor fusion scenarios.It is an advanced software and hardware integrated system that provides robust and reliable robot operations for various applications like security inspection, industrial automation, logistics, and transport.\" \/>\n<meta name=\"robots\" content=\"index, follow, max-snippet:-1, max-image-preview:large, max-video-preview:-1\" \/>\n<link rel=\"canonical\" href=\"https:\/\/www.ghostysky.com\/fr\/product\/agilex-navis-kit\/\" \/>\n<meta property=\"og:locale\" content=\"fr_FR\" \/>\n<meta property=\"og:type\" content=\"article\" \/>\n<meta property=\"og:title\" content=\"Agilex NAVIS KIT - Ghostysky\" \/>\n<meta property=\"og:description\" content=\"The Agilex NAVIS Autonomous Navigation System is a professional, full-stack solution designed by AgileX Robotics to enable centimeter-level autonomous navigation for industrial robots and AGVs (Automated Guided Vehicles) in semi-enclosed and fully enclosed environments, including potential indoor\/outdoor fusion scenarios.It is an advanced software and hardware integrated system that provides robust and reliable robot operations for various applications like security inspection, industrial automation, logistics, and transport.\" \/>\n<meta property=\"og:url\" content=\"https:\/\/www.ghostysky.com\/fr\/product\/agilex-navis-kit\/\" \/>\n<meta property=\"og:site_name\" content=\"Ghostysky\" \/>\n<meta property=\"article:publisher\" content=\"https:\/\/www.facebook.com\/people\/Ghostysky\/100057676170234\/\" \/>\n<meta property=\"article:modified_time\" content=\"2025-10-16T03:42:13+00:00\" \/>\n<meta property=\"og:image\" content=\"https:\/\/www.ghostysky.com\/wp-content\/uploads\/2025\/10\/GH_AgilexNAVIS_2.webp\" \/>\n\t<meta property=\"og:image:width\" content=\"2436\" \/>\n\t<meta property=\"og:image:height\" content=\"2437\" \/>\n\t<meta property=\"og:image:type\" content=\"image\/webp\" \/>\n<meta name=\"twitter:card\" content=\"summary_large_image\" \/>\n<meta name=\"twitter:site\" content=\"@Gh0stysky\" \/>\n<meta name=\"twitter:label1\" content=\"Dur\u00e9e de lecture estim\u00e9e\" \/>\n\t<meta name=\"twitter:data1\" content=\"2 minutes\" \/>\n<script type=\"application\/ld+json\" class=\"yoast-schema-graph\">{\"@context\":\"https:\\\/\\\/schema.org\",\"@graph\":[{\"@type\":\"WebPage\",\"@id\":\"https:\\\/\\\/www.ghostysky.com\\\/product\\\/agilex-navis-kit\\\/\",\"url\":\"https:\\\/\\\/www.ghostysky.com\\\/product\\\/agilex-navis-kit\\\/\",\"name\":\"Agilex NAVIS KIT - Ghostysky\",\"isPartOf\":{\"@id\":\"https:\\\/\\\/www.ghostysky.com\\\/#website\"},\"primaryImageOfPage\":{\"@id\":\"https:\\\/\\\/www.ghostysky.com\\\/product\\\/agilex-navis-kit\\\/#primaryimage\"},\"image\":{\"@id\":\"https:\\\/\\\/www.ghostysky.com\\\/product\\\/agilex-navis-kit\\\/#primaryimage\"},\"thumbnailUrl\":\"https:\\\/\\\/www.ghostysky.com\\\/wp-content\\\/uploads\\\/2025\\\/10\\\/GH_AgilexNAVIS_2.webp\",\"datePublished\":\"2025-10-16T03:37:02+00:00\",\"dateModified\":\"2025-10-16T03:42:13+00:00\",\"description\":\"The Agilex NAVIS Autonomous Navigation System is a professional, full-stack solution designed by AgileX Robotics to enable centimeter-level autonomous navigation for industrial robots and AGVs (Automated Guided Vehicles) in semi-enclosed and fully enclosed environments, including potential indoor\\\/outdoor fusion scenarios.It is an advanced software and hardware integrated system that provides robust and reliable robot operations for various applications like security inspection, industrial automation, logistics, and transport.\",\"breadcrumb\":{\"@id\":\"https:\\\/\\\/www.ghostysky.com\\\/product\\\/agilex-navis-kit\\\/#breadcrumb\"},\"inLanguage\":\"fr-FR\",\"potentialAction\":[{\"@type\":\"ReadAction\",\"target\":[\"https:\\\/\\\/www.ghostysky.com\\\/product\\\/agilex-navis-kit\\\/\"]}]},{\"@type\":\"ImageObject\",\"inLanguage\":\"fr-FR\",\"@id\":\"https:\\\/\\\/www.ghostysky.com\\\/product\\\/agilex-navis-kit\\\/#primaryimage\",\"url\":\"https:\\\/\\\/www.ghostysky.com\\\/wp-content\\\/uploads\\\/2025\\\/10\\\/GH_AgilexNAVIS_2.webp\",\"contentUrl\":\"https:\\\/\\\/www.ghostysky.com\\\/wp-content\\\/uploads\\\/2025\\\/10\\\/GH_AgilexNAVIS_2.webp\",\"width\":2436,\"height\":2437},{\"@type\":\"BreadcrumbList\",\"@id\":\"https:\\\/\\\/www.ghostysky.com\\\/product\\\/agilex-navis-kit\\\/#breadcrumb\",\"itemListElement\":[{\"@type\":\"ListItem\",\"position\":1,\"name\":\"Home\",\"item\":\"https:\\\/\\\/www.ghostysky.com\\\/\"},{\"@type\":\"ListItem\",\"position\":2,\"name\":\"Shop\",\"item\":\"https:\\\/\\\/www.ghostysky.com\\\/shop\\\/\"},{\"@type\":\"ListItem\",\"position\":3,\"name\":\"Agilex NAVIS KIT\"}]},{\"@type\":\"WebSite\",\"@id\":\"https:\\\/\\\/www.ghostysky.com\\\/#website\",\"url\":\"https:\\\/\\\/www.ghostysky.com\\\/\",\"name\":\"Ghostysky\",\"description\":\"Delivering professional drones and services\",\"publisher\":{\"@id\":\"https:\\\/\\\/www.ghostysky.com\\\/#organization\"},\"potentialAction\":[{\"@type\":\"SearchAction\",\"target\":{\"@type\":\"EntryPoint\",\"urlTemplate\":\"https:\\\/\\\/www.ghostysky.com\\\/?s={search_term_string}\"},\"query-input\":{\"@type\":\"PropertyValueSpecification\",\"valueRequired\":true,\"valueName\":\"search_term_string\"}}],\"inLanguage\":\"fr-FR\"},{\"@type\":\"Organization\",\"@id\":\"https:\\\/\\\/www.ghostysky.com\\\/#organization\",\"name\":\"Ghostysky\",\"url\":\"https:\\\/\\\/www.ghostysky.com\\\/\",\"logo\":{\"@type\":\"ImageObject\",\"inLanguage\":\"fr-FR\",\"@id\":\"https:\\\/\\\/www.ghostysky.com\\\/#\\\/schema\\\/logo\\\/image\\\/\",\"url\":\"https:\\\/\\\/www.ghostysky.com\\\/wp-content\\\/uploads\\\/2020\\\/06\\\/cropped-ghostyskylogo_text_white2.png\",\"contentUrl\":\"https:\\\/\\\/www.ghostysky.com\\\/wp-content\\\/uploads\\\/2020\\\/06\\\/cropped-ghostyskylogo_text_white2.png\",\"width\":169,\"height\":56,\"caption\":\"Ghostysky\"},\"image\":{\"@id\":\"https:\\\/\\\/www.ghostysky.com\\\/#\\\/schema\\\/logo\\\/image\\\/\"},\"sameAs\":[\"https:\\\/\\\/www.facebook.com\\\/people\\\/Ghostysky\\\/100057676170234\\\/\",\"https:\\\/\\\/x.com\\\/Gh0stysky\",\"https:\\\/\\\/www.linkedin.com\\\/company\\\/34739653\",\"https:\\\/\\\/www.instagram.com\\\/gh0stysky\"]}]}<\/script>\n<!-- \/ Yoast SEO plugin. -->","yoast_head_json":{"title":"KIT NAVIS Agilex - Ghostysky","description":"Le syst\u00e8me de navigation autonome Agilex NAVIS est une solution professionnelle compl\u00e8te con\u00e7ue par AgileX Robotics pour permettre une navigation autonome au centim\u00e8tre pr\u00e8s pour les robots industriels et les AGV (v\u00e9hicules \u00e0 guidage automatique) dans des environnements semi-ferm\u00e9s et enti\u00e8rement ferm\u00e9s, y compris des sc\u00e9narios potentiels de fusion int\u00e9rieur\/ext\u00e9rieur. Il s&#039;agit d&#039;un syst\u00e8me int\u00e9gr\u00e9 logiciel et mat\u00e9riel avanc\u00e9 qui fournit des op\u00e9rations de robot robustes et fiables pour diverses applications telles que l&#039;inspection de s\u00e9curit\u00e9, l&#039;automatisation industrielle, la logistique et le transport.","robots":{"index":"index","follow":"follow","max-snippet":"max-snippet:-1","max-image-preview":"max-image-preview:large","max-video-preview":"max-video-preview:-1"},"canonical":"https:\/\/www.ghostysky.com\/fr\/product\/agilex-navis-kit\/","og_locale":"fr_FR","og_type":"article","og_title":"Agilex NAVIS KIT - Ghostysky","og_description":"The Agilex NAVIS Autonomous Navigation System is a professional, full-stack solution designed by AgileX Robotics to enable centimeter-level autonomous navigation for industrial robots and AGVs (Automated Guided Vehicles) in semi-enclosed and fully enclosed environments, including potential indoor\/outdoor fusion scenarios.It is an advanced software and hardware integrated system that provides robust and reliable robot operations for various applications like security inspection, industrial automation, logistics, and transport.","og_url":"https:\/\/www.ghostysky.com\/fr\/product\/agilex-navis-kit\/","og_site_name":"Ghostysky","article_publisher":"https:\/\/www.facebook.com\/people\/Ghostysky\/100057676170234\/","article_modified_time":"2025-10-16T03:42:13+00:00","og_image":[{"width":2436,"height":2437,"url":"https:\/\/www.ghostysky.com\/wp-content\/uploads\/2025\/10\/GH_AgilexNAVIS_2.webp","type":"image\/webp"}],"twitter_card":"summary_large_image","twitter_site":"@Gh0stysky","twitter_misc":{"Dur\u00e9e de lecture estim\u00e9e":"2 minutes"},"schema":{"@context":"https:\/\/schema.org","@graph":[{"@type":"WebPage","@id":"https:\/\/www.ghostysky.com\/product\/agilex-navis-kit\/","url":"https:\/\/www.ghostysky.com\/product\/agilex-navis-kit\/","name":"KIT NAVIS Agilex - Ghostysky","isPartOf":{"@id":"https:\/\/www.ghostysky.com\/#website"},"primaryImageOfPage":{"@id":"https:\/\/www.ghostysky.com\/product\/agilex-navis-kit\/#primaryimage"},"image":{"@id":"https:\/\/www.ghostysky.com\/product\/agilex-navis-kit\/#primaryimage"},"thumbnailUrl":"https:\/\/www.ghostysky.com\/wp-content\/uploads\/2025\/10\/GH_AgilexNAVIS_2.webp","datePublished":"2025-10-16T03:37:02+00:00","dateModified":"2025-10-16T03:42:13+00:00","description":"Le syst\u00e8me de navigation autonome Agilex NAVIS est une solution professionnelle compl\u00e8te con\u00e7ue par AgileX Robotics pour permettre une navigation autonome au centim\u00e8tre pr\u00e8s pour les robots industriels et les AGV (v\u00e9hicules \u00e0 guidage automatique) dans des environnements semi-ferm\u00e9s et enti\u00e8rement ferm\u00e9s, y compris des sc\u00e9narios potentiels de fusion int\u00e9rieur\/ext\u00e9rieur. Il s&#039;agit d&#039;un syst\u00e8me int\u00e9gr\u00e9 logiciel et mat\u00e9riel avanc\u00e9 qui fournit des op\u00e9rations de robot robustes et fiables pour diverses applications telles que l&#039;inspection de s\u00e9curit\u00e9, l&#039;automatisation industrielle, la logistique et le transport.","breadcrumb":{"@id":"https:\/\/www.ghostysky.com\/product\/agilex-navis-kit\/#breadcrumb"},"inLanguage":"fr-FR","potentialAction":[{"@type":"ReadAction","target":["https:\/\/www.ghostysky.com\/product\/agilex-navis-kit\/"]}]},{"@type":"ImageObject","inLanguage":"fr-FR","@id":"https:\/\/www.ghostysky.com\/product\/agilex-navis-kit\/#primaryimage","url":"https:\/\/www.ghostysky.com\/wp-content\/uploads\/2025\/10\/GH_AgilexNAVIS_2.webp","contentUrl":"https:\/\/www.ghostysky.com\/wp-content\/uploads\/2025\/10\/GH_AgilexNAVIS_2.webp","width":2436,"height":2437},{"@type":"BreadcrumbList","@id":"https:\/\/www.ghostysky.com\/product\/agilex-navis-kit\/#breadcrumb","itemListElement":[{"@type":"ListItem","position":1,"name":"Home","item":"https:\/\/www.ghostysky.com\/"},{"@type":"ListItem","position":2,"name":"Shop","item":"https:\/\/www.ghostysky.com\/shop\/"},{"@type":"ListItem","position":3,"name":"Agilex NAVIS KIT"}]},{"@type":"WebSite","@id":"https:\/\/www.ghostysky.com\/#website","url":"https:\/\/www.ghostysky.com\/","name":"Ghostysky","description":"Livraison de drones et de services professionnels","publisher":{"@id":"https:\/\/www.ghostysky.com\/#organization"},"potentialAction":[{"@type":"SearchAction","target":{"@type":"EntryPoint","urlTemplate":"https:\/\/www.ghostysky.com\/?s={search_term_string}"},"query-input":{"@type":"PropertyValueSpecification","valueRequired":true,"valueName":"search_term_string"}}],"inLanguage":"fr-FR"},{"@type":"Organization","@id":"https:\/\/www.ghostysky.com\/#organization","name":"Ghostysky","url":"https:\/\/www.ghostysky.com\/","logo":{"@type":"ImageObject","inLanguage":"fr-FR","@id":"https:\/\/www.ghostysky.com\/#\/schema\/logo\/image\/","url":"https:\/\/www.ghostysky.com\/wp-content\/uploads\/2020\/06\/cropped-ghostyskylogo_text_white2.png","contentUrl":"https:\/\/www.ghostysky.com\/wp-content\/uploads\/2020\/06\/cropped-ghostyskylogo_text_white2.png","width":169,"height":56,"caption":"Ghostysky"},"image":{"@id":"https:\/\/www.ghostysky.com\/#\/schema\/logo\/image\/"},"sameAs":["https:\/\/www.facebook.com\/people\/Ghostysky\/100057676170234\/","https:\/\/x.com\/Gh0stysky","https:\/\/www.linkedin.com\/company\/34739653","https:\/\/www.instagram.com\/gh0stysky"]}]}},"_links":{"self":[{"href":"https:\/\/www.ghostysky.com\/fr\/wp-json\/wp\/v2\/product\/21178","targetHints":{"allow":["GET"]}}],"collection":[{"href":"https:\/\/www.ghostysky.com\/fr\/wp-json\/wp\/v2\/product"}],"about":[{"href":"https:\/\/www.ghostysky.com\/fr\/wp-json\/wp\/v2\/types\/product"}],"replies":[{"embeddable":true,"href":"https:\/\/www.ghostysky.com\/fr\/wp-json\/wp\/v2\/comments?post=21178"}],"version-history":[{"count":0,"href":"https:\/\/www.ghostysky.com\/fr\/wp-json\/wp\/v2\/product\/21178\/revisions"}],"wp:featuredmedia":[{"embeddable":true,"href":"https:\/\/www.ghostysky.com\/fr\/wp-json\/wp\/v2\/media\/21180"}],"wp:attachment":[{"href":"https:\/\/www.ghostysky.com\/fr\/wp-json\/wp\/v2\/media?parent=21178"}],"wp:term":[{"taxonomy":"product_brand","embeddable":true,"href":"https:\/\/www.ghostysky.com\/fr\/wp-json\/wp\/v2\/product_brand?post=21178"},{"taxonomy":"product_cat","embeddable":true,"href":"https:\/\/www.ghostysky.com\/fr\/wp-json\/wp\/v2\/product_cat?post=21178"},{"taxonomy":"product_tag","embeddable":true,"href":"https:\/\/www.ghostysky.com\/fr\/wp-json\/wp\/v2\/product_tag?post=21178"}],"curies":[{"name":"wp","href":"https:\/\/api.w.org\/{rel}","templated":true}]}}