{"id":21185,"date":"2025-10-16T03:49:21","date_gmt":"2025-10-16T03:49:21","guid":{"rendered":"https:\/\/www.ghostysky.com\/?post_type=product&#038;p=21185"},"modified":"2025-10-16T03:49:55","modified_gmt":"2025-10-16T03:49:55","slug":"agilex-pika-sense","status":"publish","type":"product","link":"https:\/\/www.ghostysky.com\/fr\/product\/agilex-pika-sense\/","title":{"rendered":"Agilex PiKA Sense"},"content":{"rendered":"<h3><b>Principales caract\u00e9ristiques et avantages<\/b><\/h3>\n<ul>\n<li><b>Unit\u00e9 multi-capteurs portable :<\/b><span class=\"citation-178\"> Le <\/span><b><span class=\"citation-178\">PiKA Sense<\/span><\/b><span class=\"citation-178 citation-end-178\"> est un poids l\u00e9ger (environ<sup class=\"superscript\" data-turn-source-index=\"2\">2<\/sup><\/span> <span class=\"citation-177 citation-end-177\">Appareil portable de 550 g et de conception ergonomique pour une utilisation manuelle intuitive et une collecte de donn\u00e9es mobiles.<sup class=\"superscript\" data-turn-source-index=\"3\">3<\/sup><\/span><\/li>\n<li><b>Capture de donn\u00e9es de haute pr\u00e9cision :<\/b><span class=\"citation-176 citation-end-176\"> Il est con\u00e7u pour une d\u00e9tection environnementale multimodale pr\u00e9cise, offrant une pr\u00e9cision de positionnement spatial au millim\u00e8tre pr\u00e8s (jusqu&#039;\u00e0 <sup class=\"superscript\" data-turn-source-index=\"4\">4<\/sup><\/span><span class=\"math-inline\" data-math=\"\\pm 1.5\\text{ mm}\">$\\pm 1,5\\texte{ mm}$<\/span><span class=\"citation-175 citation-end-175\">).<sup class=\"superscript\" data-turn-source-index=\"5\">5<\/sup><\/span><\/li>\n<li><b>Suite de capteurs int\u00e9gr\u00e9s\u00a0:<\/b> L&#039;unit\u00e9 capture des donn\u00e9es riches essentielles \u00e0 la formation de mod\u00e8les d&#039;IA et \u00e0 la manipulation robotique, notamment\u00a0:\n<ul>\n<li><b><span class=\"citation-174\">Images RVB\u00a0:<\/span><\/b><span class=\"citation-174 citation-end-174\"> Contexte visuel de haute qualit\u00e9.<sup class=\"superscript\" data-turn-source-index=\"6\">6<\/sup><\/span><\/li>\n<li><b><span class=\"citation-173\">Donn\u00e9es de profondeur :<\/span><\/b><span class=\"citation-173 citation-end-173\"> Collect\u00e9es via une cam\u00e9ra de profondeur binoculaire, offrant une perception spatiale de haute pr\u00e9cision (par exemple, <sup class=\"superscript\" data-turn-source-index=\"7\">7<\/sup><\/span><span class=\"math-inline\" data-math=\"\\pm 2\\%\">$\\pm 2\\%$<\/span><span class=\"citation-172 citation-end-172\"> pr\u00e9cision \u00e0 <sup class=\"superscript\" data-turn-source-index=\"8\">8<\/sup><\/span><span class=\"math-inline\" data-math=\"50\\text{ cm}\">$50\\texte{ cm}$<\/span><span class=\"citation-171 citation-end-171\">).<sup class=\"superscript\" data-turn-source-index=\"9\">9<\/sup><\/span><\/li>\n<li><b><span class=\"citation-170\">Cam\u00e9ra grand angle :<\/span><\/b><span class=\"citation-170 citation-end-170\"> Offre un large champ de vision (jusqu&#039;\u00e0 <sup class=\"superscript\" data-turn-source-index=\"10\">10<\/sup><\/span><span class=\"math-inline\" data-math=\"200^\\circ\">$200^\\circ$<\/span><span class=\"citation-169 citation-end-169\"> FOV diagonal) pour un contexte environnemental complet.<sup class=\"superscript\" data-turn-source-index=\"11\">11<\/sup><\/span><\/li>\n<li><b><span class=\"citation-168\">Donn\u00e9es IMU\u00a0:<\/span><\/b><span class=\"citation-168 citation-end-168\"> Une unit\u00e9 de mesure inertielle (IMU) \u00e0 9 axes pour un suivi pr\u00e9cis des mouvements.<sup class=\"superscript\" data-turn-source-index=\"12\">12<\/sup><\/span><\/li>\n<\/ul>\n<\/li>\n<li><b><span class=\"citation-167\">Pr\u00eat pour le d\u00e9veloppement :<\/span><\/b><span class=\"citation-167\"> Enti\u00e8rement compatible avec <\/span><b><span class=\"citation-167\">ROS1<\/span><\/b><span class=\"citation-167\"> et <\/span><b><span class=\"citation-167\">ROS2<\/span><\/b><span class=\"citation-167 citation-end-167\">, dot\u00e9 d&#039;une conception plug-and-play qui permet un prototypage rapide et une int\u00e9gration transparente dans les environnements de d\u00e9veloppement existants.<sup class=\"superscript\" data-turn-source-index=\"13\">13<\/sup><\/span><\/li>\n<li><b><span class=\"citation-166\">Application polyvalente :<\/span><\/b><span class=\"citation-166 citation-end-166\"> Id\u00e9al pour acc\u00e9l\u00e9rer l&#039;acquisition de donn\u00e9es, la recherche sur la manipulation robotique, l&#039;interaction homme-robot et le d\u00e9ploiement dans divers contextes r\u00e9els (par exemple, bureaux, maisons, recherche sur le terrain).<sup class=\"superscript\" data-turn-source-index=\"14\">14<\/sup><\/span><\/li>\n<li><b><span class=\"citation-165\">Une partie du syst\u00e8me PiKA :<\/span><\/b><span class=\"citation-165\"> Bien que puissant en soi, il fonctionne en conjonction avec le <\/span><b><span class=\"citation-165\">Pince PiKA<\/span><\/b><span class=\"citation-165\"> (un effecteur robotis\u00e9) et le <\/span><b><span class=\"citation-165\">Station PiKA<\/span><\/b><span class=\"citation-165 citation-end-165\"> (une base de positionnement de haute pr\u00e9cision) pour former une solution compl\u00e8te, sans \u00e9talonnage et \u00e0 d\u00e9ploiement rapide pour les chercheurs et les d\u00e9veloppeurs.<sup class=\"superscript\" data-turn-source-index=\"15\">15<\/sup><\/span><\/li>\n<\/ul>\n<p>En bref, l&#039;AgileX PiKA Sense est votre outil rapide, l\u00e9ger et pr\u00e9cis pour capturer le multimodal <span class=\"math-inline\" data-math=\"3\\text{D}\">$3\\texte{D}$<\/span> donn\u00e9es de capteurs n\u00e9cessaires pour repousser les limites du d\u00e9veloppement de l&#039;IA et de la robotique int\u00e9gr\u00e9es.<\/p>","protected":false},"excerpt":{"rendered":"<p>L&#039;AgileX PiKA Sense est une unit\u00e9 multi-capteurs portable hautes performances con\u00e7ue comme un composant essentiel du syst\u00e8me de collecte de donn\u00e9es AgileX PiKA pour la recherche sur l&#039;intelligence incarn\u00e9e et la robotique.<\/p>\n<ul>\n<li>Pince \u00e0 main<\/li>\n<li>Poids : 550 g<\/li>\n<\/ul>","protected":false},"featured_media":21187,"comment_status":"open","ping_status":"closed","template":"","meta":[],"product_brand":[1046],"product_cat":[1043,1045,1042,1037],"product_tag":[1047,1054,1082],"class_list":{"0":"post-21185","1":"product","2":"type-product","3":"status-publish","4":"has-post-thumbnail","6":"product_brand-agilex","7":"product_cat-agilex","8":"product_cat-agilex-accessories","9":"product_cat-chassis","10":"product_cat-robotics","11":"product_tag-agilex","12":"product_tag-agilex-accessories","13":"product_tag-agilex-pika-sense","15":"first","16":"onbackorder","17":"taxable","18":"shipping-taxable","19":"purchasable","20":"product-type-simple"},"yoast_head":"<!-- This site is optimized with the Yoast SEO plugin v27.1.1 - https:\/\/yoast.com\/product\/yoast-seo-wordpress\/ -->\n<title>Agilex PiKA Sense - Ghostysky<\/title>\n<meta name=\"description\" content=\"The AgileX PiKA Sense is a high-performance, portable multi-sensor unit designed as a core component of the AgileX PiKA data collection system for embodied intelligence and robotics research.\" \/>\n<meta name=\"robots\" content=\"index, follow, max-snippet:-1, max-image-preview:large, max-video-preview:-1\" \/>\n<link rel=\"canonical\" href=\"https:\/\/www.ghostysky.com\/fr\/product\/agilex-pika-sense\/\" \/>\n<meta property=\"og:locale\" content=\"fr_FR\" \/>\n<meta property=\"og:type\" content=\"article\" \/>\n<meta property=\"og:title\" content=\"Agilex PiKA Sense - Ghostysky\" \/>\n<meta property=\"og:description\" content=\"The AgileX PiKA Sense is a high-performance, portable multi-sensor unit designed as a core component of the AgileX PiKA data collection system for embodied intelligence and robotics research.\" \/>\n<meta property=\"og:url\" content=\"https:\/\/www.ghostysky.com\/fr\/product\/agilex-pika-sense\/\" \/>\n<meta property=\"og:site_name\" content=\"Ghostysky\" \/>\n<meta property=\"article:publisher\" content=\"https:\/\/www.facebook.com\/people\/Ghostysky\/100057676170234\/\" \/>\n<meta property=\"article:modified_time\" content=\"2025-10-16T03:49:55+00:00\" \/>\n<meta property=\"og:image\" content=\"https:\/\/www.ghostysky.com\/wp-content\/uploads\/2025\/10\/GH_AgilexPikaSense_1.jpg\" \/>\n\t<meta property=\"og:image:width\" content=\"520\" \/>\n\t<meta property=\"og:image:height\" content=\"520\" \/>\n\t<meta property=\"og:image:type\" content=\"image\/jpeg\" \/>\n<meta name=\"twitter:card\" content=\"summary_large_image\" \/>\n<meta name=\"twitter:site\" content=\"@Gh0stysky\" \/>\n<meta name=\"twitter:label1\" content=\"Dur\u00e9e de lecture estim\u00e9e\" \/>\n\t<meta name=\"twitter:data1\" content=\"2 minutes\" \/>\n<script type=\"application\/ld+json\" class=\"yoast-schema-graph\">{\"@context\":\"https:\/\/schema.org\",\"@graph\":[{\"@type\":\"WebPage\",\"@id\":\"https:\/\/www.ghostysky.com\/product\/agilex-pika-sense\/\",\"url\":\"https:\/\/www.ghostysky.com\/product\/agilex-pika-sense\/\",\"name\":\"Agilex PiKA Sense - Ghostysky\",\"isPartOf\":{\"@id\":\"https:\/\/www.ghostysky.com\/#website\"},\"primaryImageOfPage\":{\"@id\":\"https:\/\/www.ghostysky.com\/product\/agilex-pika-sense\/#primaryimage\"},\"image\":{\"@id\":\"https:\/\/www.ghostysky.com\/product\/agilex-pika-sense\/#primaryimage\"},\"thumbnailUrl\":\"https:\/\/www.ghostysky.com\/wp-content\/uploads\/2025\/10\/GH_AgilexPikaSense_1.jpg\",\"datePublished\":\"2025-10-16T03:49:21+00:00\",\"dateModified\":\"2025-10-16T03:49:55+00:00\",\"description\":\"The AgileX PiKA Sense is a high-performance, portable multi-sensor unit designed as a core component of the AgileX PiKA data collection system for embodied intelligence and robotics research.\",\"breadcrumb\":{\"@id\":\"https:\/\/www.ghostysky.com\/product\/agilex-pika-sense\/#breadcrumb\"},\"inLanguage\":\"fr-FR\",\"potentialAction\":[{\"@type\":\"ReadAction\",\"target\":[\"https:\/\/www.ghostysky.com\/product\/agilex-pika-sense\/\"]}]},{\"@type\":\"ImageObject\",\"inLanguage\":\"fr-FR\",\"@id\":\"https:\/\/www.ghostysky.com\/product\/agilex-pika-sense\/#primaryimage\",\"url\":\"https:\/\/www.ghostysky.com\/wp-content\/uploads\/2025\/10\/GH_AgilexPikaSense_1.jpg\",\"contentUrl\":\"https:\/\/www.ghostysky.com\/wp-content\/uploads\/2025\/10\/GH_AgilexPikaSense_1.jpg\",\"width\":520,\"height\":520},{\"@type\":\"BreadcrumbList\",\"@id\":\"https:\/\/www.ghostysky.com\/product\/agilex-pika-sense\/#breadcrumb\",\"itemListElement\":[{\"@type\":\"ListItem\",\"position\":1,\"name\":\"Home\",\"item\":\"https:\/\/www.ghostysky.com\/\"},{\"@type\":\"ListItem\",\"position\":2,\"name\":\"Shop\",\"item\":\"https:\/\/www.ghostysky.com\/shop\/\"},{\"@type\":\"ListItem\",\"position\":3,\"name\":\"Agilex PiKA Sense\"}]},{\"@type\":\"WebSite\",\"@id\":\"https:\/\/www.ghostysky.com\/#website\",\"url\":\"https:\/\/www.ghostysky.com\/\",\"name\":\"Ghostysky\",\"description\":\"Delivering professional drones and services\",\"publisher\":{\"@id\":\"https:\/\/www.ghostysky.com\/#organization\"},\"potentialAction\":[{\"@type\":\"SearchAction\",\"target\":{\"@type\":\"EntryPoint\",\"urlTemplate\":\"https:\/\/www.ghostysky.com\/?s={search_term_string}\"},\"query-input\":{\"@type\":\"PropertyValueSpecification\",\"valueRequired\":true,\"valueName\":\"search_term_string\"}}],\"inLanguage\":\"fr-FR\"},{\"@type\":\"Organization\",\"@id\":\"https:\/\/www.ghostysky.com\/#organization\",\"name\":\"Ghostysky\",\"url\":\"https:\/\/www.ghostysky.com\/\",\"logo\":{\"@type\":\"ImageObject\",\"inLanguage\":\"fr-FR\",\"@id\":\"https:\/\/www.ghostysky.com\/#\/schema\/logo\/image\/\",\"url\":\"https:\/\/www.ghostysky.com\/wp-content\/uploads\/2020\/06\/cropped-ghostyskylogo_text_white2.png\",\"contentUrl\":\"https:\/\/www.ghostysky.com\/wp-content\/uploads\/2020\/06\/cropped-ghostyskylogo_text_white2.png\",\"width\":169,\"height\":56,\"caption\":\"Ghostysky\"},\"image\":{\"@id\":\"https:\/\/www.ghostysky.com\/#\/schema\/logo\/image\/\"},\"sameAs\":[\"https:\/\/www.facebook.com\/people\/Ghostysky\/100057676170234\/\",\"https:\/\/x.com\/Gh0stysky\",\"https:\/\/www.linkedin.com\/company\/34739653\",\"https:\/\/www.instagram.com\/gh0stysky\"]}]}<\/script>\n<!-- \/ Yoast SEO plugin. -->","yoast_head_json":{"title":"Agilex PiKA Sense - Ghostysky","description":"L&#039;AgileX PiKA Sense est une unit\u00e9 multi-capteurs portable hautes performances con\u00e7ue comme un composant essentiel du syst\u00e8me de collecte de donn\u00e9es AgileX PiKA pour la recherche sur l&#039;intelligence incarn\u00e9e et la robotique.","robots":{"index":"index","follow":"follow","max-snippet":"max-snippet:-1","max-image-preview":"max-image-preview:large","max-video-preview":"max-video-preview:-1"},"canonical":"https:\/\/www.ghostysky.com\/fr\/product\/agilex-pika-sense\/","og_locale":"fr_FR","og_type":"article","og_title":"Agilex PiKA Sense - Ghostysky","og_description":"The AgileX PiKA Sense is a high-performance, portable multi-sensor unit designed as a core component of the AgileX PiKA data collection system for embodied intelligence and robotics research.","og_url":"https:\/\/www.ghostysky.com\/fr\/product\/agilex-pika-sense\/","og_site_name":"Ghostysky","article_publisher":"https:\/\/www.facebook.com\/people\/Ghostysky\/100057676170234\/","article_modified_time":"2025-10-16T03:49:55+00:00","og_image":[{"width":520,"height":520,"url":"https:\/\/www.ghostysky.com\/wp-content\/uploads\/2025\/10\/GH_AgilexPikaSense_1.jpg","type":"image\/jpeg"}],"twitter_card":"summary_large_image","twitter_site":"@Gh0stysky","twitter_misc":{"Dur\u00e9e de lecture estim\u00e9e":"2 minutes"},"schema":{"@context":"https:\/\/schema.org","@graph":[{"@type":"WebPage","@id":"https:\/\/www.ghostysky.com\/product\/agilex-pika-sense\/","url":"https:\/\/www.ghostysky.com\/product\/agilex-pika-sense\/","name":"Agilex PiKA Sense - Ghostysky","isPartOf":{"@id":"https:\/\/www.ghostysky.com\/#website"},"primaryImageOfPage":{"@id":"https:\/\/www.ghostysky.com\/product\/agilex-pika-sense\/#primaryimage"},"image":{"@id":"https:\/\/www.ghostysky.com\/product\/agilex-pika-sense\/#primaryimage"},"thumbnailUrl":"https:\/\/www.ghostysky.com\/wp-content\/uploads\/2025\/10\/GH_AgilexPikaSense_1.jpg","datePublished":"2025-10-16T03:49:21+00:00","dateModified":"2025-10-16T03:49:55+00:00","description":"L&#039;AgileX PiKA Sense est une unit\u00e9 multi-capteurs portable hautes performances con\u00e7ue comme un composant essentiel du syst\u00e8me de collecte de donn\u00e9es AgileX PiKA pour la recherche sur l&#039;intelligence incarn\u00e9e et la robotique.","breadcrumb":{"@id":"https:\/\/www.ghostysky.com\/product\/agilex-pika-sense\/#breadcrumb"},"inLanguage":"fr-FR","potentialAction":[{"@type":"ReadAction","target":["https:\/\/www.ghostysky.com\/product\/agilex-pika-sense\/"]}]},{"@type":"ImageObject","inLanguage":"fr-FR","@id":"https:\/\/www.ghostysky.com\/product\/agilex-pika-sense\/#primaryimage","url":"https:\/\/www.ghostysky.com\/wp-content\/uploads\/2025\/10\/GH_AgilexPikaSense_1.jpg","contentUrl":"https:\/\/www.ghostysky.com\/wp-content\/uploads\/2025\/10\/GH_AgilexPikaSense_1.jpg","width":520,"height":520},{"@type":"BreadcrumbList","@id":"https:\/\/www.ghostysky.com\/product\/agilex-pika-sense\/#breadcrumb","itemListElement":[{"@type":"ListItem","position":1,"name":"Home","item":"https:\/\/www.ghostysky.com\/"},{"@type":"ListItem","position":2,"name":"Shop","item":"https:\/\/www.ghostysky.com\/shop\/"},{"@type":"ListItem","position":3,"name":"Agilex PiKA Sense"}]},{"@type":"WebSite","@id":"https:\/\/www.ghostysky.com\/#website","url":"https:\/\/www.ghostysky.com\/","name":"Ghostysky","description":"Livraison de drones et de services professionnels","publisher":{"@id":"https:\/\/www.ghostysky.com\/#organization"},"potentialAction":[{"@type":"SearchAction","target":{"@type":"EntryPoint","urlTemplate":"https:\/\/www.ghostysky.com\/?s={search_term_string}"},"query-input":{"@type":"PropertyValueSpecification","valueRequired":true,"valueName":"search_term_string"}}],"inLanguage":"fr-FR"},{"@type":"Organization","@id":"https:\/\/www.ghostysky.com\/#organization","name":"Ghostysky","url":"https:\/\/www.ghostysky.com\/","logo":{"@type":"ImageObject","inLanguage":"fr-FR","@id":"https:\/\/www.ghostysky.com\/#\/schema\/logo\/image\/","url":"https:\/\/www.ghostysky.com\/wp-content\/uploads\/2020\/06\/cropped-ghostyskylogo_text_white2.png","contentUrl":"https:\/\/www.ghostysky.com\/wp-content\/uploads\/2020\/06\/cropped-ghostyskylogo_text_white2.png","width":169,"height":56,"caption":"Ghostysky"},"image":{"@id":"https:\/\/www.ghostysky.com\/#\/schema\/logo\/image\/"},"sameAs":["https:\/\/www.facebook.com\/people\/Ghostysky\/100057676170234\/","https:\/\/x.com\/Gh0stysky","https:\/\/www.linkedin.com\/company\/34739653","https:\/\/www.instagram.com\/gh0stysky"]}]}},"_links":{"self":[{"href":"https:\/\/www.ghostysky.com\/fr\/wp-json\/wp\/v2\/product\/21185","targetHints":{"allow":["GET"]}}],"collection":[{"href":"https:\/\/www.ghostysky.com\/fr\/wp-json\/wp\/v2\/product"}],"about":[{"href":"https:\/\/www.ghostysky.com\/fr\/wp-json\/wp\/v2\/types\/product"}],"replies":[{"embeddable":true,"href":"https:\/\/www.ghostysky.com\/fr\/wp-json\/wp\/v2\/comments?post=21185"}],"wp:featuredmedia":[{"embeddable":true,"href":"https:\/\/www.ghostysky.com\/fr\/wp-json\/wp\/v2\/media\/21187"}],"wp:attachment":[{"href":"https:\/\/www.ghostysky.com\/fr\/wp-json\/wp\/v2\/media?parent=21185"}],"wp:term":[{"taxonomy":"product_brand","embeddable":true,"href":"https:\/\/www.ghostysky.com\/fr\/wp-json\/wp\/v2\/product_brand?post=21185"},{"taxonomy":"product_cat","embeddable":true,"href":"https:\/\/www.ghostysky.com\/fr\/wp-json\/wp\/v2\/product_cat?post=21185"},{"taxonomy":"product_tag","embeddable":true,"href":"https:\/\/www.ghostysky.com\/fr\/wp-json\/wp\/v2\/product_tag?post=21185"}],"curies":[{"name":"wp","href":"https:\/\/api.w.org\/{rel}","templated":true}]}}