{"id":21188,"date":"2025-10-16T03:54:12","date_gmt":"2025-10-16T03:54:12","guid":{"rendered":"https:\/\/www.ghostysky.com\/?post_type=product&#038;p=21188"},"modified":"2026-01-10T10:01:57","modified_gmt":"2026-01-10T10:01:57","slug":"agilex-pika-gripper","status":"publish","type":"product","link":"https:\/\/www.ghostysky.com\/fr\/product\/agilex-pika-gripper\/","title":{"rendered":"Pince Agilex PiKA"},"content":{"rendered":"<h3><b>Caract\u00e9ristiques principales<\/b><\/h3>\n<ul>\n<li><b><span class=\"citation-211\">Actionnement de pr\u00e9cision :<\/span><\/b><span class=\"citation-211 citation-end-211\"> Offre une pr\u00e9cision de positionnement spatial \u00e9lev\u00e9e de <sup class=\"superscript\" data-turn-source-index=\"3\">3<\/sup><\/span><b><span class=\"math-inline\" data-math=\"\\pm 1.5\">$\\pm 1,5$<\/span><span class=\"citation-210\"> mm<\/span><\/b><span class=\"citation-210 citation-end-210\"> pour un fonctionnement coh\u00e9rent et fiable.<sup class=\"superscript\" data-turn-source-index=\"4\">4<\/sup><\/span><\/li>\n<li><b>Pr\u00e9hension puissante et flexible :<\/b><span class=\"citation-209\"> Une pince parall\u00e8le \u00e0 deux doigts avec une force de pr\u00e9hension maximale de <\/span><b><span class=\"citation-209 citation-end-209\">jusqu&#039;\u00e0 <sup class=\"superscript\" data-turn-source-index=\"5\">5<\/sup><\/span><span class=\"math-inline\" data-math=\"2\">$2$<\/span><span class=\"citation-208\"> kg<\/span><\/b><span class=\"citation-208 citation-end-208\"> et une plage de pr\u00e9hension r\u00e9glable de <sup class=\"superscript\" data-turn-source-index=\"6\">6<\/sup><\/span><b><span class=\"math-inline\" data-math=\"0\">$0$<\/span><span class=\"citation-207 citation-end-207\"> \u00e0 <sup class=\"superscript\" data-turn-source-index=\"7\">7<\/sup><\/span><span class=\"math-inline\" data-math=\"95\">$95$<\/span><span class=\"citation-206\"> mm<\/span><\/b><span class=\"citation-206 citation-end-206\">, lui permettant de traiter une grande vari\u00e9t\u00e9 d&#039;objets.<sup class=\"superscript\" data-turn-source-index=\"8\">8<\/sup><\/span><\/li>\n<li><b>Capture de donn\u00e9es multimodales :<\/b><span class=\"citation-205 citation-end-205\"> Int\u00e8gre des capteurs avanc\u00e9s pour une perception environnementale compl\u00e8te :<sup class=\"superscript\" data-turn-source-index=\"9\">9<\/sup><\/span>\n<ul>\n<li><b><span class=\"citation-204\">Syst\u00e8me \u00e0 double cam\u00e9ra :<\/span><\/b><span class=\"citation-204\"> Comprend un <\/span><b><span class=\"citation-204\">cam\u00e9ra de profondeur<\/span><\/b><span class=\"citation-204\"> et un <\/span><b><span class=\"citation-204\">cam\u00e9ra grand angle (champ de vision jusqu&#039;\u00e0 200$^{\\circ}$)<\/span><\/b><span class=\"citation-204 citation-end-204\"> pour capturer le contexte visuel, la perception de la profondeur et l&#039;inf\u00e9rence de l&#039;action.<sup class=\"superscript\" data-turn-source-index=\"10\">10<\/sup><\/span><\/li>\n<li><b><span class=\"citation-203\">Unit\u00e9 de mesure inertielle (IMU) \u00e0 9 axes<\/span><\/b><span class=\"citation-203 citation-end-203\"> capteur.<sup class=\"superscript\" data-turn-source-index=\"11\">11<\/sup><\/span><\/li>\n<li><span class=\"citation-202\">Produit des donn\u00e9es essentielles, notamment <\/span><b><span class=\"citation-202\">Coordonn\u00e9es spatiales 6D, imagerie RVB, profondeur et donn\u00e9es IMU<\/span><\/b><span class=\"citation-202 citation-end-202\"> en temps r\u00e9el.<sup class=\"superscript\" data-turn-source-index=\"12\">12<\/sup><\/span><\/li>\n<\/ul>\n<\/li>\n<li><b><span class=\"citation-201\">Int\u00e9gration robotique :<\/span><\/b><span class=\"citation-201\"> Comprend un <\/span><b><span class=\"citation-201\">interface de bride universelle<\/span><\/b><span class=\"citation-201 citation-end-201\"> pour un montage sans couture sur divers bras robotiques.<sup class=\"superscript\" data-turn-source-index=\"13\">13<\/sup><\/span><\/li>\n<li><b><span class=\"citation-200\">Conception l\u00e9g\u00e8re :<\/span><\/b><span class=\"citation-200 citation-end-200\"> Pesant environ <sup class=\"superscript\" data-turn-source-index=\"14\">14<\/sup><\/span><b><span class=\"math-inline\" data-math=\"690\">$690$<\/span><span class=\"citation-199\"> g<\/span><\/b><span class=\"citation-199 citation-end-199\">, sa construction compacte et l\u00e9g\u00e8re est id\u00e9ale pour les plates-formes robotiques mobiles et les syst\u00e8mes robotiques collaboratifs.<sup class=\"superscript\" data-turn-source-index=\"15\">15<\/sup><\/span><\/li>\n<li><b><span class=\"citation-198\">Pr\u00eat pour le d\u00e9veloppement :<\/span><\/b><span class=\"citation-198\"> Offre une compatibilit\u00e9 totale avec <\/span><b><span class=\"citation-198\">ROS1 et ROS2<\/span><\/b><span class=\"citation-198 citation-end-198\"> via une interface Type-C, prenant en charge un d\u00e9veloppement rapide et une int\u00e9gration facile.<sup class=\"superscript\" data-turn-source-index=\"16\">16<\/sup><\/span><\/li>\n<\/ul>\n<p><span class=\"citation-197\">Le PiKA Gripper fonctionne comme terminal d&#039;ex\u00e9cution dans la solution PiKA, souvent associ\u00e9 \u00e0 l&#039;appareil portable <\/span><b><span class=\"citation-197\">PiKA Sense<\/span><\/b><span class=\"citation-197\"> unit\u00e9 et <\/span><b><span class=\"citation-197\">Stations PiKA<\/span><\/b><span class=\"citation-197 citation-end-197\"> pour un syst\u00e8me complet, sans \u00e9talonnage, qui permet une collecte de donn\u00e9es rapide et de haute qualit\u00e9 dans divers environnements, du laboratoire au terrain.<sup class=\"superscript\" data-turn-source-index=\"17\">17<\/sup><\/span> Il s\u2019agit d\u2019un outil puissant pour les chercheurs qui cherchent \u00e0 acc\u00e9l\u00e9rer la formation des mod\u00e8les d\u2019IA et le prototypage rapide dans des domaines tels que l\u2019interaction homme-robot et la manipulation autonome.<\/p>","protected":false},"excerpt":{"rendered":"<p><span class=\"citation-212\">Le <\/span><b><span class=\"citation-212\">Pince Agilex PiKA<\/span><\/b><span class=\"citation-212 citation-end-212\"> est un effecteur de bras robotique de pointe con\u00e7u pour faciliter la manipulation de haute pr\u00e9cision et la collecte de donn\u00e9es multimodales pour la recherche sur l&#039;IA incarn\u00e9e et la robotique.<\/span><\/p>\n<ul>\n<li>Effecteur final<\/li>\n<li>Charge utile : 2 kg<\/li>\n<\/ul>","protected":false},"featured_media":21186,"comment_status":"open","ping_status":"closed","template":"","meta":[],"product_brand":[1046],"product_cat":[1043,1045,1042,1037],"product_tag":[1047,1054,1083],"class_list":{"0":"post-21188","1":"product","2":"type-product","3":"status-publish","4":"has-post-thumbnail","6":"product_brand-agilex","7":"product_cat-agilex","8":"product_cat-agilex-accessories","9":"product_cat-chassis","10":"product_cat-robotics","11":"product_tag-agilex","12":"product_tag-agilex-accessories","13":"product_tag-agilex-pika-gripper","15":"first","16":"onbackorder","17":"taxable","18":"shipping-taxable","19":"purchasable","20":"product-type-simple"},"yoast_head":"<!-- This site is optimized with the Yoast SEO plugin v27.4 - https:\/\/yoast.com\/product\/yoast-seo-wordpress\/ -->\n<title>Agilex PiKA Gripper - Ghostysky<\/title>\n<meta name=\"description\" content=\"The Agilex PiKA Gripper is a state-of-the-art robotic arm end effector designed to facilitate high-precision manipulation and multimodal data collection for Embodied AI and robotics research.\" \/>\n<meta name=\"robots\" content=\"index, follow, max-snippet:-1, max-image-preview:large, max-video-preview:-1\" \/>\n<link rel=\"canonical\" href=\"https:\/\/www.ghostysky.com\/fr\/product\/agilex-pika-gripper\/\" \/>\n<meta property=\"og:locale\" content=\"fr_FR\" \/>\n<meta property=\"og:type\" content=\"article\" \/>\n<meta property=\"og:title\" content=\"Agilex PiKA Gripper - Ghostysky\" \/>\n<meta property=\"og:description\" content=\"The Agilex PiKA Gripper is a state-of-the-art robotic arm end effector designed to facilitate high-precision manipulation and multimodal data collection for Embodied AI and robotics research.\" \/>\n<meta property=\"og:url\" content=\"https:\/\/www.ghostysky.com\/fr\/product\/agilex-pika-gripper\/\" \/>\n<meta property=\"og:site_name\" content=\"Ghostysky\" \/>\n<meta property=\"article:publisher\" content=\"https:\/\/www.facebook.com\/people\/Ghostysky\/100057676170234\/\" \/>\n<meta property=\"article:modified_time\" content=\"2026-01-10T10:01:57+00:00\" \/>\n<meta property=\"og:image\" content=\"https:\/\/www.ghostysky.com\/wp-content\/uploads\/2025\/10\/GH_AgilexPikaGripper_1.jpg\" \/>\n\t<meta property=\"og:image:width\" content=\"800\" \/>\n\t<meta property=\"og:image:height\" content=\"800\" \/>\n\t<meta property=\"og:image:type\" content=\"image\/jpeg\" \/>\n<meta name=\"twitter:card\" content=\"summary_large_image\" \/>\n<meta name=\"twitter:site\" content=\"@Gh0stysky\" \/>\n<meta name=\"twitter:label1\" content=\"Dur\u00e9e de lecture estim\u00e9e\" \/>\n\t<meta name=\"twitter:data1\" content=\"2 minutes\" \/>\n<script type=\"application\/ld+json\" class=\"yoast-schema-graph\">{\"@context\":\"https:\\\/\\\/schema.org\",\"@graph\":[{\"@type\":\"WebPage\",\"@id\":\"https:\\\/\\\/www.ghostysky.com\\\/product\\\/agilex-pika-gripper\\\/\",\"url\":\"https:\\\/\\\/www.ghostysky.com\\\/product\\\/agilex-pika-gripper\\\/\",\"name\":\"Agilex PiKA Gripper - Ghostysky\",\"isPartOf\":{\"@id\":\"https:\\\/\\\/www.ghostysky.com\\\/#website\"},\"primaryImageOfPage\":{\"@id\":\"https:\\\/\\\/www.ghostysky.com\\\/product\\\/agilex-pika-gripper\\\/#primaryimage\"},\"image\":{\"@id\":\"https:\\\/\\\/www.ghostysky.com\\\/product\\\/agilex-pika-gripper\\\/#primaryimage\"},\"thumbnailUrl\":\"https:\\\/\\\/www.ghostysky.com\\\/wp-content\\\/uploads\\\/2025\\\/10\\\/GH_AgilexPikaGripper_1.jpg\",\"datePublished\":\"2025-10-16T03:54:12+00:00\",\"dateModified\":\"2026-01-10T10:01:57+00:00\",\"description\":\"The Agilex PiKA Gripper is a state-of-the-art robotic arm end effector designed to facilitate high-precision manipulation and multimodal data collection for Embodied AI and robotics research.\",\"breadcrumb\":{\"@id\":\"https:\\\/\\\/www.ghostysky.com\\\/product\\\/agilex-pika-gripper\\\/#breadcrumb\"},\"inLanguage\":\"fr-FR\",\"potentialAction\":[{\"@type\":\"ReadAction\",\"target\":[\"https:\\\/\\\/www.ghostysky.com\\\/product\\\/agilex-pika-gripper\\\/\"]}]},{\"@type\":\"ImageObject\",\"inLanguage\":\"fr-FR\",\"@id\":\"https:\\\/\\\/www.ghostysky.com\\\/product\\\/agilex-pika-gripper\\\/#primaryimage\",\"url\":\"https:\\\/\\\/www.ghostysky.com\\\/wp-content\\\/uploads\\\/2025\\\/10\\\/GH_AgilexPikaGripper_1.jpg\",\"contentUrl\":\"https:\\\/\\\/www.ghostysky.com\\\/wp-content\\\/uploads\\\/2025\\\/10\\\/GH_AgilexPikaGripper_1.jpg\",\"width\":800,\"height\":800},{\"@type\":\"BreadcrumbList\",\"@id\":\"https:\\\/\\\/www.ghostysky.com\\\/product\\\/agilex-pika-gripper\\\/#breadcrumb\",\"itemListElement\":[{\"@type\":\"ListItem\",\"position\":1,\"name\":\"Home\",\"item\":\"https:\\\/\\\/www.ghostysky.com\\\/\"},{\"@type\":\"ListItem\",\"position\":2,\"name\":\"Shop\",\"item\":\"https:\\\/\\\/www.ghostysky.com\\\/shop\\\/\"},{\"@type\":\"ListItem\",\"position\":3,\"name\":\"Agilex PiKA Gripper\"}]},{\"@type\":\"WebSite\",\"@id\":\"https:\\\/\\\/www.ghostysky.com\\\/#website\",\"url\":\"https:\\\/\\\/www.ghostysky.com\\\/\",\"name\":\"Ghostysky\",\"description\":\"Delivering professional drones and services\",\"publisher\":{\"@id\":\"https:\\\/\\\/www.ghostysky.com\\\/#organization\"},\"potentialAction\":[{\"@type\":\"SearchAction\",\"target\":{\"@type\":\"EntryPoint\",\"urlTemplate\":\"https:\\\/\\\/www.ghostysky.com\\\/?s={search_term_string}\"},\"query-input\":{\"@type\":\"PropertyValueSpecification\",\"valueRequired\":true,\"valueName\":\"search_term_string\"}}],\"inLanguage\":\"fr-FR\"},{\"@type\":\"Organization\",\"@id\":\"https:\\\/\\\/www.ghostysky.com\\\/#organization\",\"name\":\"Ghostysky\",\"url\":\"https:\\\/\\\/www.ghostysky.com\\\/\",\"logo\":{\"@type\":\"ImageObject\",\"inLanguage\":\"fr-FR\",\"@id\":\"https:\\\/\\\/www.ghostysky.com\\\/#\\\/schema\\\/logo\\\/image\\\/\",\"url\":\"https:\\\/\\\/www.ghostysky.com\\\/wp-content\\\/uploads\\\/2020\\\/06\\\/cropped-ghostyskylogo_text_white2.png\",\"contentUrl\":\"https:\\\/\\\/www.ghostysky.com\\\/wp-content\\\/uploads\\\/2020\\\/06\\\/cropped-ghostyskylogo_text_white2.png\",\"width\":169,\"height\":56,\"caption\":\"Ghostysky\"},\"image\":{\"@id\":\"https:\\\/\\\/www.ghostysky.com\\\/#\\\/schema\\\/logo\\\/image\\\/\"},\"sameAs\":[\"https:\\\/\\\/www.facebook.com\\\/people\\\/Ghostysky\\\/100057676170234\\\/\",\"https:\\\/\\\/x.com\\\/Gh0stysky\",\"https:\\\/\\\/www.linkedin.com\\\/company\\\/34739653\",\"https:\\\/\\\/www.instagram.com\\\/gh0stysky\"]}]}<\/script>\n<!-- \/ Yoast SEO plugin. -->","yoast_head_json":{"title":"Pince Agilex PiKA - Ghostysky","description":"Le pr\u00e9henseur Agilex PiKA est un effecteur d&#039;extr\u00e9mit\u00e9 de bras robotis\u00e9 de pointe con\u00e7u pour faciliter la manipulation de haute pr\u00e9cision et la collecte de donn\u00e9es multimodales pour la recherche sur l&#039;IA incarn\u00e9e et la robotique.","robots":{"index":"index","follow":"follow","max-snippet":"max-snippet:-1","max-image-preview":"max-image-preview:large","max-video-preview":"max-video-preview:-1"},"canonical":"https:\/\/www.ghostysky.com\/fr\/product\/agilex-pika-gripper\/","og_locale":"fr_FR","og_type":"article","og_title":"Agilex PiKA Gripper - Ghostysky","og_description":"The Agilex PiKA Gripper is a state-of-the-art robotic arm end effector designed to facilitate high-precision manipulation and multimodal data collection for Embodied AI and robotics research.","og_url":"https:\/\/www.ghostysky.com\/fr\/product\/agilex-pika-gripper\/","og_site_name":"Ghostysky","article_publisher":"https:\/\/www.facebook.com\/people\/Ghostysky\/100057676170234\/","article_modified_time":"2026-01-10T10:01:57+00:00","og_image":[{"width":800,"height":800,"url":"https:\/\/www.ghostysky.com\/wp-content\/uploads\/2025\/10\/GH_AgilexPikaGripper_1.jpg","type":"image\/jpeg"}],"twitter_card":"summary_large_image","twitter_site":"@Gh0stysky","twitter_misc":{"Dur\u00e9e de lecture estim\u00e9e":"2 minutes"},"schema":{"@context":"https:\/\/schema.org","@graph":[{"@type":"WebPage","@id":"https:\/\/www.ghostysky.com\/product\/agilex-pika-gripper\/","url":"https:\/\/www.ghostysky.com\/product\/agilex-pika-gripper\/","name":"Pince Agilex PiKA - Ghostysky","isPartOf":{"@id":"https:\/\/www.ghostysky.com\/#website"},"primaryImageOfPage":{"@id":"https:\/\/www.ghostysky.com\/product\/agilex-pika-gripper\/#primaryimage"},"image":{"@id":"https:\/\/www.ghostysky.com\/product\/agilex-pika-gripper\/#primaryimage"},"thumbnailUrl":"https:\/\/www.ghostysky.com\/wp-content\/uploads\/2025\/10\/GH_AgilexPikaGripper_1.jpg","datePublished":"2025-10-16T03:54:12+00:00","dateModified":"2026-01-10T10:01:57+00:00","description":"Le pr\u00e9henseur Agilex PiKA est un effecteur d&#039;extr\u00e9mit\u00e9 de bras robotis\u00e9 de pointe con\u00e7u pour faciliter la manipulation de haute pr\u00e9cision et la collecte de donn\u00e9es multimodales pour la recherche sur l&#039;IA incarn\u00e9e et la robotique.","breadcrumb":{"@id":"https:\/\/www.ghostysky.com\/product\/agilex-pika-gripper\/#breadcrumb"},"inLanguage":"fr-FR","potentialAction":[{"@type":"ReadAction","target":["https:\/\/www.ghostysky.com\/product\/agilex-pika-gripper\/"]}]},{"@type":"ImageObject","inLanguage":"fr-FR","@id":"https:\/\/www.ghostysky.com\/product\/agilex-pika-gripper\/#primaryimage","url":"https:\/\/www.ghostysky.com\/wp-content\/uploads\/2025\/10\/GH_AgilexPikaGripper_1.jpg","contentUrl":"https:\/\/www.ghostysky.com\/wp-content\/uploads\/2025\/10\/GH_AgilexPikaGripper_1.jpg","width":800,"height":800},{"@type":"BreadcrumbList","@id":"https:\/\/www.ghostysky.com\/product\/agilex-pika-gripper\/#breadcrumb","itemListElement":[{"@type":"ListItem","position":1,"name":"Home","item":"https:\/\/www.ghostysky.com\/"},{"@type":"ListItem","position":2,"name":"Shop","item":"https:\/\/www.ghostysky.com\/shop\/"},{"@type":"ListItem","position":3,"name":"Agilex PiKA Gripper"}]},{"@type":"WebSite","@id":"https:\/\/www.ghostysky.com\/#website","url":"https:\/\/www.ghostysky.com\/","name":"Ghostysky","description":"Livraison de drones et de services professionnels","publisher":{"@id":"https:\/\/www.ghostysky.com\/#organization"},"potentialAction":[{"@type":"SearchAction","target":{"@type":"EntryPoint","urlTemplate":"https:\/\/www.ghostysky.com\/?s={search_term_string}"},"query-input":{"@type":"PropertyValueSpecification","valueRequired":true,"valueName":"search_term_string"}}],"inLanguage":"fr-FR"},{"@type":"Organization","@id":"https:\/\/www.ghostysky.com\/#organization","name":"Ghostysky","url":"https:\/\/www.ghostysky.com\/","logo":{"@type":"ImageObject","inLanguage":"fr-FR","@id":"https:\/\/www.ghostysky.com\/#\/schema\/logo\/image\/","url":"https:\/\/www.ghostysky.com\/wp-content\/uploads\/2020\/06\/cropped-ghostyskylogo_text_white2.png","contentUrl":"https:\/\/www.ghostysky.com\/wp-content\/uploads\/2020\/06\/cropped-ghostyskylogo_text_white2.png","width":169,"height":56,"caption":"Ghostysky"},"image":{"@id":"https:\/\/www.ghostysky.com\/#\/schema\/logo\/image\/"},"sameAs":["https:\/\/www.facebook.com\/people\/Ghostysky\/100057676170234\/","https:\/\/x.com\/Gh0stysky","https:\/\/www.linkedin.com\/company\/34739653","https:\/\/www.instagram.com\/gh0stysky"]}]}},"_links":{"self":[{"href":"https:\/\/www.ghostysky.com\/fr\/wp-json\/wp\/v2\/product\/21188","targetHints":{"allow":["GET"]}}],"collection":[{"href":"https:\/\/www.ghostysky.com\/fr\/wp-json\/wp\/v2\/product"}],"about":[{"href":"https:\/\/www.ghostysky.com\/fr\/wp-json\/wp\/v2\/types\/product"}],"replies":[{"embeddable":true,"href":"https:\/\/www.ghostysky.com\/fr\/wp-json\/wp\/v2\/comments?post=21188"}],"wp:featuredmedia":[{"embeddable":true,"href":"https:\/\/www.ghostysky.com\/fr\/wp-json\/wp\/v2\/media\/21186"}],"wp:attachment":[{"href":"https:\/\/www.ghostysky.com\/fr\/wp-json\/wp\/v2\/media?parent=21188"}],"wp:term":[{"taxonomy":"product_brand","embeddable":true,"href":"https:\/\/www.ghostysky.com\/fr\/wp-json\/wp\/v2\/product_brand?post=21188"},{"taxonomy":"product_cat","embeddable":true,"href":"https:\/\/www.ghostysky.com\/fr\/wp-json\/wp\/v2\/product_cat?post=21188"},{"taxonomy":"product_tag","embeddable":true,"href":"https:\/\/www.ghostysky.com\/fr\/wp-json\/wp\/v2\/product_tag?post=21188"}],"curies":[{"name":"wp","href":"https:\/\/api.w.org\/{rel}","templated":true}]}}