{"id":21202,"date":"2025-10-16T04:33:26","date_gmt":"2025-10-16T04:33:26","guid":{"rendered":"https:\/\/www.ghostysky.com\/?post_type=product&#038;p=21202"},"modified":"2026-02-01T10:41:38","modified_gmt":"2026-02-01T10:41:38","slug":"unitree-go2-air","status":"publish","type":"product","link":"https:\/\/www.ghostysky.com\/fr\/product\/unitree-go2-air\/","title":{"rendered":"Unitree GO2 Air"},"content":{"rendered":"<p><b>Caract\u00e9ristiques principales :<\/b><\/p>\n<ul>\n<li><b><span class=\"citation-252\">Perception avanc\u00e9e :<\/span><\/b><span class=\"citation-252\"> Il est \u00e9quip\u00e9 du syst\u00e8me d\u00e9velopp\u00e9 par Unitree <\/span><b><span class=\"citation-252\">LiDAR 4D L1<\/span><\/b><span class=\"citation-252 citation-end-252\"> syst\u00e8me, fournissant pr\u00e8s de <sup class=\"superscript\" data-turn-source-index=\"2\">2<\/sup><\/span><span class=\"math-inline\" data-math=\"\\text{360}^{\\circ} \\times \\text{90}^{\\circ}\">$\\texte{360}^{\\circ} \\fois \\texte{90}^{\\circ}$<\/span><span class=\"citation-251 citation-end-251\"> reconnaissance ultra-large h\u00e9misph\u00e9rique avec des angles morts minimes.<sup class=\"superscript\" data-turn-source-index=\"3\">3<\/sup><\/span> <span class=\"citation-250 citation-end-250\">Cela permet une excellente navigation tout-terrain et l&#039;\u00e9vitement des obstacles.<sup class=\"superscript\" data-turn-source-index=\"4\">4<\/sup><\/span><\/li>\n<li><b><span class=\"citation-249\">Mouvement Agile :<\/span><\/b><span class=\"citation-249 citation-end-249\"> Aliment\u00e9 par 12 moteurs \u00e0 joint en aluminium \u00e0 couple \u00e9lev\u00e9, le GO2 Air pr\u00e9sente une locomotion dynamique et stable, capable d&#039;actions de base, de course, d&#039;escalade, de saut et de diverses poses.<sup class=\"superscript\" data-turn-source-index=\"5\">5<\/sup><\/span><\/li>\n<li><b>Mode IA intelligent\u00a0:<\/b><span class=\"citation-248 citation-end-248\"> Le robot est dot\u00e9 de capacit\u00e9s d&#039;IA avanc\u00e9es, lui permettant d&#039;effectuer des d\u00e9marches complexes telles que le retournement adaptatif et le franchissement d&#039;obstacles, et prend en charge la d\u00e9tection et l&#039;\u00e9vitement intelligents.<sup class=\"superscript\" data-turn-source-index=\"6\">6<\/sup><\/span><\/li>\n<li><b><span class=\"citation-247\">Conception durable :<\/span><\/b><span class=\"citation-247 citation-end-247\"> Construit en alliage d&#039;aluminium et en plastique technique haute r\u00e9sistance, le robot est l\u00e9ger (environ 1,5 kg).<sup class=\"superscript\" data-turn-source-index=\"7\">7<\/sup><\/span> <span class=\"citation-246 citation-end-246\">15 kg avec batterie) mais robuste.<sup class=\"superscript\" data-turn-source-index=\"8\">8<\/sup><\/span> <span class=\"citation-245 citation-end-245\">Il est dot\u00e9 d&#039;un refroidissement par caloduc commun pour des performances optimales.<sup class=\"superscript\" data-turn-source-index=\"9\">9<\/sup><\/span><\/li>\n<li><b>Endurance d\u00e9cente :<\/b><span class=\"citation-244 citation-end-244\"> Il est livr\u00e9 en standard avec un <sup class=\"superscript\" data-turn-source-index=\"10\">10<\/sup><\/span><span class=\"math-inline\" data-math=\"\\text{8,000 mAh}\">$\\texte{8\u00a0000 mAh}$<\/span><span class=\"citation-243\"> batterie intelligente, offrant environ <\/span><b><span class=\"citation-243\">1 \u00e0 2 heures<\/span><\/b><span class=\"citation-243 citation-end-243\"> de fonctionnement continu.<sup class=\"superscript\" data-turn-source-index=\"11\">11<\/sup><\/span><\/li>\n<li><b><span class=\"citation-242\">Connectivit\u00e9 :<\/span><\/b><span class=\"citation-242 citation-end-242\"> Les fonctionnalit\u00e9s incluent le Wi-Fi 6 (double bande) et le Bluetooth 5.2 pour un contr\u00f4le et une transmission de donn\u00e9es transparents via l&#039;application mobile d\u00e9di\u00e9e.<sup class=\"superscript\" data-turn-source-index=\"12\">12<\/sup><\/span><\/li>\n<li><b><span class=\"citation-241\">Contr\u00f4le convivial :<\/span><\/b><span class=\"citation-241 citation-end-241\"> Le contr\u00f4le est principalement g\u00e9r\u00e9 via l&#039;application, qui offre \u00e9galement une programmation graphique pour une personnalisation facile.<sup class=\"superscript\" data-turn-source-index=\"13\">13<\/sup><\/span><\/li>\n<\/ul>\n<p><b>R\u00e9sum\u00e9 des sp\u00e9cifications (approximatif) :<\/b><\/p>\n<ul>\n<li><b>Vitesse maximale:<\/b><span class=\"citation-240 citation-end-240\"> Jusqu&#039;\u00e0 <sup class=\"superscript\" data-turn-source-index=\"14\">14<\/sup><\/span><span class=\"math-inline\" data-math=\"\\text{2.5 m\/s}\">$\\texte{2,5 m\/s}$<\/span><\/li>\n<li><b>Charge utile:<\/b><span class=\"citation-239 citation-end-239\"> Environ <sup class=\"superscript\" data-turn-source-index=\"15\">15<\/sup><\/span><span class=\"math-inline\" data-math=\"\\text{7 kg}\">$\\texte{7 kg}$<\/span><span class=\"citation-238 citation-end-238\"> (Max <sup class=\"superscript\" data-turn-source-index=\"16\">16<\/sup><\/span><span class=\"math-inline\" data-math=\"\\text{10 kg}\">$\\texte{10 kg}$<\/span><span class=\"citation-237 citation-end-237\">)<sup class=\"superscript\" data-turn-source-index=\"17\">17<\/sup><\/span><\/li>\n<li><b><span class=\"citation-236\">Dimensions (debout) :<\/span><\/b><span class=\"citation-236 citation-end-236\"> <sup class=\"superscript\" data-turn-source-index=\"18\">18<\/sup><\/span><span class=\"math-inline\" data-math=\"\\text{70 cm} \\times \\text{31 cm} \\times \\text{40 cm}\">$\\texte{70 cm} \\fois \\texte{31 cm} \\fois \\texte{40 cm}$<\/span><\/li>\n<li><b><span class=\"citation-235\">Angle de mont\u00e9e maximal\u00a0:<\/span><\/b><span class=\"citation-235 citation-end-235\"> <sup class=\"superscript\" data-turn-source-index=\"19\">19<\/sup><\/span><span class=\"math-inline\" data-math=\"\\text{30}^{\\circ}\">$\\texte{30}^{\\circ}$<\/span><\/li>\n<\/ul>\n<p><span class=\"citation-234 citation-end-234 interactive-span-hovered\">Le GO2 Air se positionne comme un compagnon et une plate-forme robotique accessible et performant, rendant la technologie quadrup\u00e8de avanc\u00e9e disponible pour une large gamme d&#039;applications civiles, de recherche et \u00e9ducatives.<sup class=\"superscript\" data-turn-source-index=\"20\">20<\/sup><\/span><\/p>","protected":false},"excerpt":{"rendered":"<p>L&#039;Unitree GO2 Air est un chien robot quadrup\u00e8de compact, intelligent et agile con\u00e7u comme une plate-forme d&#039;entr\u00e9e de gamme pour les passionn\u00e9s, l&#039;\u00e9ducation et les applications l\u00e9g\u00e8res.<\/p>","protected":false},"featured_media":21207,"comment_status":"open","ping_status":"closed","template":"","meta":[],"product_brand":[1087],"product_cat":[1039,1037,1085],"product_tag":[1088,1089,1090],"class_list":{"0":"post-21202","1":"product","2":"type-product","3":"status-publish","4":"has-post-thumbnail","6":"product_brand-unitree","7":"product_cat-quadruped","8":"product_cat-robotics","9":"product_cat-unitree-quad-robots","10":"product_tag-unitree","11":"product_tag-unitree-quadruped","12":"product_tag-unitree-quadruped-robots","14":"first","15":"onbackorder","16":"taxable","17":"shipping-taxable","18":"purchasable","19":"product-type-simple"},"yoast_head":"<!-- This site is optimized with the Yoast SEO plugin v27.1.1 - https:\/\/yoast.com\/product\/yoast-seo-wordpress\/ -->\n<title>Unitree GO2 Air - Ghostysky<\/title>\n<meta name=\"description\" content=\"The Unitree GO2 Air is a compact, intelligent, and agile quadruped robot dog designed as an entry-level platform for enthusiasts, education, and light applications.\" \/>\n<meta name=\"robots\" content=\"index, follow, max-snippet:-1, max-image-preview:large, max-video-preview:-1\" \/>\n<link rel=\"canonical\" href=\"https:\/\/www.ghostysky.com\/fr\/product\/unitree-go2-air\/\" \/>\n<meta property=\"og:locale\" content=\"fr_FR\" \/>\n<meta property=\"og:type\" content=\"article\" \/>\n<meta property=\"og:title\" content=\"Unitree GO2 Air - Ghostysky\" \/>\n<meta property=\"og:description\" content=\"The Unitree GO2 Air is a compact, intelligent, and agile quadruped robot dog designed as an entry-level platform for enthusiasts, education, and light applications.\" \/>\n<meta property=\"og:url\" content=\"https:\/\/www.ghostysky.com\/fr\/product\/unitree-go2-air\/\" \/>\n<meta property=\"og:site_name\" content=\"Ghostysky\" \/>\n<meta property=\"article:publisher\" content=\"https:\/\/www.facebook.com\/people\/Ghostysky\/100057676170234\/\" \/>\n<meta property=\"article:modified_time\" content=\"2026-02-01T10:41:38+00:00\" \/>\n<meta property=\"og:image\" content=\"https:\/\/www.ghostysky.com\/wp-content\/uploads\/2025\/10\/GH_Unitree_GO2_1.webp\" \/>\n\t<meta property=\"og:image:width\" content=\"800\" \/>\n\t<meta property=\"og:image:height\" content=\"800\" \/>\n\t<meta property=\"og:image:type\" content=\"image\/webp\" \/>\n<meta name=\"twitter:card\" content=\"summary_large_image\" \/>\n<meta name=\"twitter:site\" content=\"@Gh0stysky\" \/>\n<meta name=\"twitter:label1\" content=\"Dur\u00e9e de lecture estim\u00e9e\" \/>\n\t<meta name=\"twitter:data1\" content=\"2 minutes\" \/>\n<script type=\"application\/ld+json\" class=\"yoast-schema-graph\">{\"@context\":\"https:\/\/schema.org\",\"@graph\":[{\"@type\":\"WebPage\",\"@id\":\"https:\/\/www.ghostysky.com\/product\/unitree-go2-air\/\",\"url\":\"https:\/\/www.ghostysky.com\/product\/unitree-go2-air\/\",\"name\":\"Unitree GO2 Air - Ghostysky\",\"isPartOf\":{\"@id\":\"https:\/\/www.ghostysky.com\/#website\"},\"primaryImageOfPage\":{\"@id\":\"https:\/\/www.ghostysky.com\/product\/unitree-go2-air\/#primaryimage\"},\"image\":{\"@id\":\"https:\/\/www.ghostysky.com\/product\/unitree-go2-air\/#primaryimage\"},\"thumbnailUrl\":\"https:\/\/www.ghostysky.com\/wp-content\/uploads\/2025\/10\/GH_Unitree_GO2_1.webp\",\"datePublished\":\"2025-10-16T04:33:26+00:00\",\"dateModified\":\"2026-02-01T10:41:38+00:00\",\"description\":\"The Unitree GO2 Air is a compact, intelligent, and agile quadruped robot dog designed as an entry-level platform for enthusiasts, education, and light applications.\",\"breadcrumb\":{\"@id\":\"https:\/\/www.ghostysky.com\/product\/unitree-go2-air\/#breadcrumb\"},\"inLanguage\":\"fr-FR\",\"potentialAction\":[{\"@type\":\"ReadAction\",\"target\":[\"https:\/\/www.ghostysky.com\/product\/unitree-go2-air\/\"]}]},{\"@type\":\"ImageObject\",\"inLanguage\":\"fr-FR\",\"@id\":\"https:\/\/www.ghostysky.com\/product\/unitree-go2-air\/#primaryimage\",\"url\":\"https:\/\/www.ghostysky.com\/wp-content\/uploads\/2025\/10\/GH_Unitree_GO2_1.webp\",\"contentUrl\":\"https:\/\/www.ghostysky.com\/wp-content\/uploads\/2025\/10\/GH_Unitree_GO2_1.webp\",\"width\":800,\"height\":800},{\"@type\":\"BreadcrumbList\",\"@id\":\"https:\/\/www.ghostysky.com\/product\/unitree-go2-air\/#breadcrumb\",\"itemListElement\":[{\"@type\":\"ListItem\",\"position\":1,\"name\":\"Home\",\"item\":\"https:\/\/www.ghostysky.com\/\"},{\"@type\":\"ListItem\",\"position\":2,\"name\":\"Shop\",\"item\":\"https:\/\/www.ghostysky.com\/shop\/\"},{\"@type\":\"ListItem\",\"position\":3,\"name\":\"Unitree GO2 Air\"}]},{\"@type\":\"WebSite\",\"@id\":\"https:\/\/www.ghostysky.com\/#website\",\"url\":\"https:\/\/www.ghostysky.com\/\",\"name\":\"Ghostysky\",\"description\":\"Delivering professional drones and services\",\"publisher\":{\"@id\":\"https:\/\/www.ghostysky.com\/#organization\"},\"potentialAction\":[{\"@type\":\"SearchAction\",\"target\":{\"@type\":\"EntryPoint\",\"urlTemplate\":\"https:\/\/www.ghostysky.com\/?s={search_term_string}\"},\"query-input\":{\"@type\":\"PropertyValueSpecification\",\"valueRequired\":true,\"valueName\":\"search_term_string\"}}],\"inLanguage\":\"fr-FR\"},{\"@type\":\"Organization\",\"@id\":\"https:\/\/www.ghostysky.com\/#organization\",\"name\":\"Ghostysky\",\"url\":\"https:\/\/www.ghostysky.com\/\",\"logo\":{\"@type\":\"ImageObject\",\"inLanguage\":\"fr-FR\",\"@id\":\"https:\/\/www.ghostysky.com\/#\/schema\/logo\/image\/\",\"url\":\"https:\/\/www.ghostysky.com\/wp-content\/uploads\/2020\/06\/cropped-ghostyskylogo_text_white2.png\",\"contentUrl\":\"https:\/\/www.ghostysky.com\/wp-content\/uploads\/2020\/06\/cropped-ghostyskylogo_text_white2.png\",\"width\":169,\"height\":56,\"caption\":\"Ghostysky\"},\"image\":{\"@id\":\"https:\/\/www.ghostysky.com\/#\/schema\/logo\/image\/\"},\"sameAs\":[\"https:\/\/www.facebook.com\/people\/Ghostysky\/100057676170234\/\",\"https:\/\/x.com\/Gh0stysky\",\"https:\/\/www.linkedin.com\/company\/34739653\",\"https:\/\/www.instagram.com\/gh0stysky\"]}]}<\/script>\n<!-- \/ Yoast SEO plugin. -->","yoast_head_json":{"title":"Unitree GO2 Air - Ghostysky","description":"L&#039;Unitree GO2 Air est un chien robot quadrup\u00e8de compact, intelligent et agile con\u00e7u comme une plate-forme d&#039;entr\u00e9e de gamme pour les passionn\u00e9s, l&#039;\u00e9ducation et les applications l\u00e9g\u00e8res.","robots":{"index":"index","follow":"follow","max-snippet":"max-snippet:-1","max-image-preview":"max-image-preview:large","max-video-preview":"max-video-preview:-1"},"canonical":"https:\/\/www.ghostysky.com\/fr\/product\/unitree-go2-air\/","og_locale":"fr_FR","og_type":"article","og_title":"Unitree GO2 Air - Ghostysky","og_description":"The Unitree GO2 Air is a compact, intelligent, and agile quadruped robot dog designed as an entry-level platform for enthusiasts, education, and light applications.","og_url":"https:\/\/www.ghostysky.com\/fr\/product\/unitree-go2-air\/","og_site_name":"Ghostysky","article_publisher":"https:\/\/www.facebook.com\/people\/Ghostysky\/100057676170234\/","article_modified_time":"2026-02-01T10:41:38+00:00","og_image":[{"width":800,"height":800,"url":"https:\/\/www.ghostysky.com\/wp-content\/uploads\/2025\/10\/GH_Unitree_GO2_1.webp","type":"image\/webp"}],"twitter_card":"summary_large_image","twitter_site":"@Gh0stysky","twitter_misc":{"Dur\u00e9e de lecture estim\u00e9e":"2 minutes"},"schema":{"@context":"https:\/\/schema.org","@graph":[{"@type":"WebPage","@id":"https:\/\/www.ghostysky.com\/product\/unitree-go2-air\/","url":"https:\/\/www.ghostysky.com\/product\/unitree-go2-air\/","name":"Unitree GO2 Air - Ghostysky","isPartOf":{"@id":"https:\/\/www.ghostysky.com\/#website"},"primaryImageOfPage":{"@id":"https:\/\/www.ghostysky.com\/product\/unitree-go2-air\/#primaryimage"},"image":{"@id":"https:\/\/www.ghostysky.com\/product\/unitree-go2-air\/#primaryimage"},"thumbnailUrl":"https:\/\/www.ghostysky.com\/wp-content\/uploads\/2025\/10\/GH_Unitree_GO2_1.webp","datePublished":"2025-10-16T04:33:26+00:00","dateModified":"2026-02-01T10:41:38+00:00","description":"L&#039;Unitree GO2 Air est un chien robot quadrup\u00e8de compact, intelligent et agile con\u00e7u comme une plate-forme d&#039;entr\u00e9e de gamme pour les passionn\u00e9s, l&#039;\u00e9ducation et les applications l\u00e9g\u00e8res.","breadcrumb":{"@id":"https:\/\/www.ghostysky.com\/product\/unitree-go2-air\/#breadcrumb"},"inLanguage":"fr-FR","potentialAction":[{"@type":"ReadAction","target":["https:\/\/www.ghostysky.com\/product\/unitree-go2-air\/"]}]},{"@type":"ImageObject","inLanguage":"fr-FR","@id":"https:\/\/www.ghostysky.com\/product\/unitree-go2-air\/#primaryimage","url":"https:\/\/www.ghostysky.com\/wp-content\/uploads\/2025\/10\/GH_Unitree_GO2_1.webp","contentUrl":"https:\/\/www.ghostysky.com\/wp-content\/uploads\/2025\/10\/GH_Unitree_GO2_1.webp","width":800,"height":800},{"@type":"BreadcrumbList","@id":"https:\/\/www.ghostysky.com\/product\/unitree-go2-air\/#breadcrumb","itemListElement":[{"@type":"ListItem","position":1,"name":"Home","item":"https:\/\/www.ghostysky.com\/"},{"@type":"ListItem","position":2,"name":"Shop","item":"https:\/\/www.ghostysky.com\/shop\/"},{"@type":"ListItem","position":3,"name":"Unitree GO2 Air"}]},{"@type":"WebSite","@id":"https:\/\/www.ghostysky.com\/#website","url":"https:\/\/www.ghostysky.com\/","name":"Ghostysky","description":"Livraison de drones et de services professionnels","publisher":{"@id":"https:\/\/www.ghostysky.com\/#organization"},"potentialAction":[{"@type":"SearchAction","target":{"@type":"EntryPoint","urlTemplate":"https:\/\/www.ghostysky.com\/?s={search_term_string}"},"query-input":{"@type":"PropertyValueSpecification","valueRequired":true,"valueName":"search_term_string"}}],"inLanguage":"fr-FR"},{"@type":"Organization","@id":"https:\/\/www.ghostysky.com\/#organization","name":"Ghostysky","url":"https:\/\/www.ghostysky.com\/","logo":{"@type":"ImageObject","inLanguage":"fr-FR","@id":"https:\/\/www.ghostysky.com\/#\/schema\/logo\/image\/","url":"https:\/\/www.ghostysky.com\/wp-content\/uploads\/2020\/06\/cropped-ghostyskylogo_text_white2.png","contentUrl":"https:\/\/www.ghostysky.com\/wp-content\/uploads\/2020\/06\/cropped-ghostyskylogo_text_white2.png","width":169,"height":56,"caption":"Ghostysky"},"image":{"@id":"https:\/\/www.ghostysky.com\/#\/schema\/logo\/image\/"},"sameAs":["https:\/\/www.facebook.com\/people\/Ghostysky\/100057676170234\/","https:\/\/x.com\/Gh0stysky","https:\/\/www.linkedin.com\/company\/34739653","https:\/\/www.instagram.com\/gh0stysky"]}]}},"_links":{"self":[{"href":"https:\/\/www.ghostysky.com\/fr\/wp-json\/wp\/v2\/product\/21202","targetHints":{"allow":["GET"]}}],"collection":[{"href":"https:\/\/www.ghostysky.com\/fr\/wp-json\/wp\/v2\/product"}],"about":[{"href":"https:\/\/www.ghostysky.com\/fr\/wp-json\/wp\/v2\/types\/product"}],"replies":[{"embeddable":true,"href":"https:\/\/www.ghostysky.com\/fr\/wp-json\/wp\/v2\/comments?post=21202"}],"wp:featuredmedia":[{"embeddable":true,"href":"https:\/\/www.ghostysky.com\/fr\/wp-json\/wp\/v2\/media\/21207"}],"wp:attachment":[{"href":"https:\/\/www.ghostysky.com\/fr\/wp-json\/wp\/v2\/media?parent=21202"}],"wp:term":[{"taxonomy":"product_brand","embeddable":true,"href":"https:\/\/www.ghostysky.com\/fr\/wp-json\/wp\/v2\/product_brand?post=21202"},{"taxonomy":"product_cat","embeddable":true,"href":"https:\/\/www.ghostysky.com\/fr\/wp-json\/wp\/v2\/product_cat?post=21202"},{"taxonomy":"product_tag","embeddable":true,"href":"https:\/\/www.ghostysky.com\/fr\/wp-json\/wp\/v2\/product_tag?post=21202"}],"curies":[{"name":"wp","href":"https:\/\/api.w.org\/{rel}","templated":true}]}}