{"id":21211,"date":"2025-10-16T04:44:11","date_gmt":"2025-10-16T04:44:11","guid":{"rendered":"https:\/\/www.ghostysky.com\/?post_type=product&#038;p=21211"},"modified":"2026-02-05T11:04:10","modified_gmt":"2026-02-05T11:04:10","slug":"unitree-go2-pro","status":"publish","type":"product","link":"https:\/\/www.ghostysky.com\/fr\/product\/unitree-go2-pro\/","title":{"rendered":"Unitree Go2 Pro"},"content":{"rendered":"<h3><b>Caract\u00e9ristiques principales<\/b><\/h3>\n<ul>\n<li><b><span class=\"citation-291\">LiDAR 4D r\u00e9volutionnaire L1 :<\/span><\/b><span class=\"citation-291 citation-end-291\"> \u00c9quip\u00e9 du LiDAR 4D d\u00e9velopp\u00e9 par Unitree, le Go2 Pro offre une qualit\u00e9 d&#039;image remarquable. <\/span><b><span class=\"math-inline\" data-math=\"360^\\circ \\times 90^\\circ\">360\u00ba x 90\u00ba<\/span><span class=\"citation-290\"> reconnaissance ultra-large h\u00e9misph\u00e9rique<\/span><\/b><span class=\"citation-290\"> avec un angle mort super petit et une d\u00e9tection \u00e0 partir de seulement 0,05 m, permettant une d\u00e9tection pr\u00e9cise <\/span><b><span class=\"citation-290\">navigation tout-terrain<\/span><\/b><span class=\"citation-290 citation-end-290\"> et l&#039;\u00e9vitement des obstacles.<\/span><\/li>\n<li><b>Mobilit\u00e9 et vitesse am\u00e9lior\u00e9es\u00a0:<\/b><span class=\"citation-289 citation-end-289\"> Entra\u00een\u00e9 par 12 puissants moteurs \u00e0 rotule avec un couple maximal d&#039;environ <\/span><b><span class=\"math-inline\" data-math=\"45\\text{ N}\\cdot\\text{m}\">45 Nm<\/span><\/b><span class=\"citation-288 citation-end-288\">, le robot peut atteindre une vitesse maximale allant jusqu&#039;\u00e0 <\/span><b><span class=\"math-inline\" data-math=\"3.5\\text{ m\/s}\">3,5 m\/s <\/span><\/b><span class=\"citation-287 citation-end-287\">(<\/span><span class=\"math-inline\" data-math=\"12.6\\text{ km\/h}\">12,6 km\/h<\/span><span class=\"citation-286 citation-end-286\">.<\/span>\u00a0<span class=\"citation-285 citation-end-285\">Il peut effectuer une vari\u00e9t\u00e9 d&#039;allures, de poses et de figures avanc\u00e9es comme le saut, le retournement adaptatif et l&#039;escalade d&#039;obstacles.<\/span><\/li>\n<li><b><span class=\"citation-284\">Syst\u00e8me intelligent de suivi lat\u00e9ral (ISS 2.0) :<\/span><\/b><span class=\"citation-284 citation-end-284\"> Ce syst\u00e8me am\u00e9lior\u00e9 utilise une nouvelle technologie de positionnement et de contr\u00f4le vectoriel sans fil pour am\u00e9liorer la pr\u00e9cision du positionnement en <\/span><span class=\"math-inline\" data-math=\"50\\%\">50%<\/span><span class=\"citation-283\">\u00a0et \u00e9tendre la port\u00e9e de la t\u00e9l\u00e9commande, permettant au robot de <\/span><b><span class=\"citation-283\">suivre intelligemment<\/span><\/b><span class=\"citation-283 citation-end-283\"> son op\u00e9rateur sur des terrains complexes avec \u00e9vitement d&#039;obstacles optimis\u00e9.<\/span><\/li>\n<li><b><span class=\"citation-282\">Conception robuste et modulaire :<\/span><\/b><span class=\"citation-282 citation-end-282\"> Construit \u00e0 partir d&#039;un alliage d&#039;aluminium et de plastiques techniques \u00e0 haute r\u00e9sistance, le Go2 Pro est durable et prend en charge une charge utile importante d&#039;environ\u00a0<\/span><b><span class=\"math-inline\" data-math=\"8\\text{ kg}\">8 kg<\/span><\/b><span class=\"citation-281 citation-end-281\"> (limite <\/span><span class=\"math-inline\" data-math=\"\\sim 10\\text{ kg}\">10 kg<\/span><span class=\"citation-280 citation-end-280\">), ce qui le rend adapt\u00e9 au transport de capteurs et d&#039;\u00e9quipements personnalis\u00e9s.<\/span><\/li>\n<li><b>IA et traitement avanc\u00e9s\u00a0:<\/b><span class=\"citation-279\"> Le robot utilise un syst\u00e8me haute performance <\/span><b><span class=\"citation-279\">processeur octa-core<\/span><\/b><span class=\"citation-279 citation-end-279\"> et b\u00e9n\u00e9ficie d\u2019une formation approfondie en simulation d\u2019IA.<sup class=\"superscript\" data-turn-source-index=\"15\">15<\/sup><\/span> <span class=\"citation-278\">Les fonctionnalit\u00e9s optionnelles peuvent inclure <\/span><b><span class=\"citation-278\">Prise en charge du mod\u00e8le de langage GPT<\/span><\/b><span class=\"citation-278 citation-end-278\"> pour l&#039;interaction vocale et la commande.<\/span><\/li>\n<li><b><span class=\"citation-277\">Connectivit\u00e9 et interaction \u00e9tendues\u00a0:<\/span><\/b><span class=\"citation-277\"> Les fonctionnalit\u00e9s incluent <\/span><b><span class=\"citation-277\">Wi-Fi 6, Bluetooth 5.2, eSIM 4G int\u00e9gr\u00e9e<\/span><\/b><span class=\"citation-277 citation-end-277\">, interaction vocale, interphone vocal et lecture de musique via un haut-parleur int\u00e9gr\u00e9.<\/span>\u00a0<span class=\"citation-276 citation-end-276\">Une application mobile d\u00e9di\u00e9e permet la transmission d&#039;images HD, la surveillance en temps r\u00e9el et la programmation graphique.<\/span><\/li>\n<li><b>Cartographie LiDAR 3D :<\/b><span class=\"citation-275 citation-end-275\"> Les utilisateurs peuvent exploiter le L1 LiDAR et l&#039;application pour construire des cartes de nuages de points dans une zone et d\u00e9finir des chemins de d\u00e9placement autonomes.<\/span><\/li>\n<\/ul>\n<p><span class=\"citation-274 citation-end-274\">L&#039;Unitree Go2 Pro est une plate-forme id\u00e9ale pour les d\u00e9veloppeurs et les chercheurs en robotique \u00e0 la recherche d&#039;un compagnon robotique performant, agile et riche en capteurs capable de g\u00e9rer des t\u00e2ches sophistiqu\u00e9es.<\/span><\/p>","protected":false},"excerpt":{"rendered":"<p><span class=\"citation-293\">Le <\/span><b><span class=\"citation-293\">Unitree Go2 Pro<\/span><\/b><span class=\"citation-293\"> est un robot quadrup\u00e8de avanc\u00e9 et intelligent con\u00e7u pour des applications exigeantes dans <\/span><b><span class=\"citation-293\">recherche, industrie, \u00e9ducation et divertissement<\/span><\/b><span class=\"citation-293 citation-end-293\">.<\/span> <span class=\"citation-292 citation-end-292\">En tant qu&#039;\u00e9volution de la plateforme Go2, le mod\u00e8le Pro offre des performances \u00e9lev\u00e9es, une d\u00e9tection sup\u00e9rieure et une mobilit\u00e9 am\u00e9lior\u00e9e.<\/span><\/p>","protected":false},"featured_media":21207,"comment_status":"open","ping_status":"closed","template":"","meta":[],"product_brand":[1087],"product_cat":[1039,1037,1085],"product_tag":[1088,1091,1090],"class_list":{"0":"post-21211","1":"product","2":"type-product","3":"status-publish","4":"has-post-thumbnail","6":"product_brand-unitree","7":"product_cat-quadruped","8":"product_cat-robotics","9":"product_cat-unitree-quad-robots","10":"product_tag-unitree","11":"product_tag-unitree-quadru","12":"product_tag-unitree-quadruped-robots","14":"first","15":"onbackorder","16":"taxable","17":"shipping-taxable","18":"purchasable","19":"product-type-simple"},"yoast_head":"<!-- This site is optimized with the Yoast SEO plugin v27.4 - https:\/\/yoast.com\/product\/yoast-seo-wordpress\/ -->\n<title>Unitree Go2 Pro - Ghostysky<\/title>\n<meta name=\"description\" content=\"The Unitree Go2 Pro is an advanced and intelligent quadruped robot designed for demanding applications in research, industry, education, and entertainment. As an evolution of the Go2 platform, the Pro model offers elevated performance, superior sensing, and enhanced mobility.\" \/>\n<meta name=\"robots\" content=\"index, follow, max-snippet:-1, max-image-preview:large, max-video-preview:-1\" \/>\n<link rel=\"canonical\" href=\"https:\/\/www.ghostysky.com\/fr\/product\/unitree-go2-pro\/\" \/>\n<meta property=\"og:locale\" content=\"fr_FR\" \/>\n<meta property=\"og:type\" content=\"article\" \/>\n<meta property=\"og:title\" content=\"Unitree Go2 Pro - Ghostysky\" \/>\n<meta property=\"og:description\" content=\"The Unitree Go2 Pro is an advanced and intelligent quadruped robot designed for demanding applications in research, industry, education, and entertainment. As an evolution of the Go2 platform, the Pro model offers elevated performance, superior sensing, and enhanced mobility.\" \/>\n<meta property=\"og:url\" content=\"https:\/\/www.ghostysky.com\/fr\/product\/unitree-go2-pro\/\" \/>\n<meta property=\"og:site_name\" content=\"Ghostysky\" \/>\n<meta property=\"article:publisher\" content=\"https:\/\/www.facebook.com\/people\/Ghostysky\/100057676170234\/\" \/>\n<meta property=\"article:modified_time\" content=\"2026-02-05T11:04:10+00:00\" \/>\n<meta property=\"og:image\" content=\"https:\/\/www.ghostysky.com\/wp-content\/uploads\/2025\/10\/GH_Unitree_GO2_1.webp\" \/>\n\t<meta property=\"og:image:width\" content=\"800\" \/>\n\t<meta property=\"og:image:height\" content=\"800\" \/>\n\t<meta property=\"og:image:type\" content=\"image\/webp\" \/>\n<meta name=\"twitter:card\" content=\"summary_large_image\" \/>\n<meta name=\"twitter:site\" content=\"@Gh0stysky\" \/>\n<meta name=\"twitter:label1\" content=\"Dur\u00e9e de lecture estim\u00e9e\" \/>\n\t<meta name=\"twitter:data1\" content=\"2 minutes\" \/>\n<script type=\"application\/ld+json\" class=\"yoast-schema-graph\">{\"@context\":\"https:\\\/\\\/schema.org\",\"@graph\":[{\"@type\":\"WebPage\",\"@id\":\"https:\\\/\\\/www.ghostysky.com\\\/product\\\/unitree-go2-pro\\\/\",\"url\":\"https:\\\/\\\/www.ghostysky.com\\\/product\\\/unitree-go2-pro\\\/\",\"name\":\"Unitree Go2 Pro - Ghostysky\",\"isPartOf\":{\"@id\":\"https:\\\/\\\/www.ghostysky.com\\\/#website\"},\"primaryImageOfPage\":{\"@id\":\"https:\\\/\\\/www.ghostysky.com\\\/product\\\/unitree-go2-pro\\\/#primaryimage\"},\"image\":{\"@id\":\"https:\\\/\\\/www.ghostysky.com\\\/product\\\/unitree-go2-pro\\\/#primaryimage\"},\"thumbnailUrl\":\"https:\\\/\\\/www.ghostysky.com\\\/wp-content\\\/uploads\\\/2025\\\/10\\\/GH_Unitree_GO2_1.webp\",\"datePublished\":\"2025-10-16T04:44:11+00:00\",\"dateModified\":\"2026-02-05T11:04:10+00:00\",\"description\":\"The Unitree Go2 Pro is an advanced and intelligent quadruped robot designed for demanding applications in research, industry, education, and entertainment. As an evolution of the Go2 platform, the Pro model offers elevated performance, superior sensing, and enhanced mobility.\",\"breadcrumb\":{\"@id\":\"https:\\\/\\\/www.ghostysky.com\\\/product\\\/unitree-go2-pro\\\/#breadcrumb\"},\"inLanguage\":\"fr-FR\",\"potentialAction\":[{\"@type\":\"ReadAction\",\"target\":[\"https:\\\/\\\/www.ghostysky.com\\\/product\\\/unitree-go2-pro\\\/\"]}]},{\"@type\":\"ImageObject\",\"inLanguage\":\"fr-FR\",\"@id\":\"https:\\\/\\\/www.ghostysky.com\\\/product\\\/unitree-go2-pro\\\/#primaryimage\",\"url\":\"https:\\\/\\\/www.ghostysky.com\\\/wp-content\\\/uploads\\\/2025\\\/10\\\/GH_Unitree_GO2_1.webp\",\"contentUrl\":\"https:\\\/\\\/www.ghostysky.com\\\/wp-content\\\/uploads\\\/2025\\\/10\\\/GH_Unitree_GO2_1.webp\",\"width\":800,\"height\":800},{\"@type\":\"BreadcrumbList\",\"@id\":\"https:\\\/\\\/www.ghostysky.com\\\/product\\\/unitree-go2-pro\\\/#breadcrumb\",\"itemListElement\":[{\"@type\":\"ListItem\",\"position\":1,\"name\":\"Home\",\"item\":\"https:\\\/\\\/www.ghostysky.com\\\/\"},{\"@type\":\"ListItem\",\"position\":2,\"name\":\"Shop\",\"item\":\"https:\\\/\\\/www.ghostysky.com\\\/shop\\\/\"},{\"@type\":\"ListItem\",\"position\":3,\"name\":\"Unitree Go2 Pro\"}]},{\"@type\":\"WebSite\",\"@id\":\"https:\\\/\\\/www.ghostysky.com\\\/#website\",\"url\":\"https:\\\/\\\/www.ghostysky.com\\\/\",\"name\":\"Ghostysky\",\"description\":\"Delivering professional drones and services\",\"publisher\":{\"@id\":\"https:\\\/\\\/www.ghostysky.com\\\/#organization\"},\"potentialAction\":[{\"@type\":\"SearchAction\",\"target\":{\"@type\":\"EntryPoint\",\"urlTemplate\":\"https:\\\/\\\/www.ghostysky.com\\\/?s={search_term_string}\"},\"query-input\":{\"@type\":\"PropertyValueSpecification\",\"valueRequired\":true,\"valueName\":\"search_term_string\"}}],\"inLanguage\":\"fr-FR\"},{\"@type\":\"Organization\",\"@id\":\"https:\\\/\\\/www.ghostysky.com\\\/#organization\",\"name\":\"Ghostysky\",\"url\":\"https:\\\/\\\/www.ghostysky.com\\\/\",\"logo\":{\"@type\":\"ImageObject\",\"inLanguage\":\"fr-FR\",\"@id\":\"https:\\\/\\\/www.ghostysky.com\\\/#\\\/schema\\\/logo\\\/image\\\/\",\"url\":\"https:\\\/\\\/www.ghostysky.com\\\/wp-content\\\/uploads\\\/2020\\\/06\\\/cropped-ghostyskylogo_text_white2.png\",\"contentUrl\":\"https:\\\/\\\/www.ghostysky.com\\\/wp-content\\\/uploads\\\/2020\\\/06\\\/cropped-ghostyskylogo_text_white2.png\",\"width\":169,\"height\":56,\"caption\":\"Ghostysky\"},\"image\":{\"@id\":\"https:\\\/\\\/www.ghostysky.com\\\/#\\\/schema\\\/logo\\\/image\\\/\"},\"sameAs\":[\"https:\\\/\\\/www.facebook.com\\\/people\\\/Ghostysky\\\/100057676170234\\\/\",\"https:\\\/\\\/x.com\\\/Gh0stysky\",\"https:\\\/\\\/www.linkedin.com\\\/company\\\/34739653\",\"https:\\\/\\\/www.instagram.com\\\/gh0stysky\"]}]}<\/script>\n<!-- \/ Yoast SEO plugin. -->","yoast_head_json":{"title":"Unitree Go2 Pro - Ghostysky","description":"L&#039;Unitree Go2 Pro est un robot quadrup\u00e8de avanc\u00e9 et intelligent, con\u00e7u pour des applications exigeantes dans la recherche, l&#039;industrie, l&#039;\u00e9ducation et le divertissement. \u00c9volution de la plateforme Go2, le mod\u00e8le Pro offre des performances sup\u00e9rieures, une d\u00e9tection sup\u00e9rieure et une mobilit\u00e9 accrue.","robots":{"index":"index","follow":"follow","max-snippet":"max-snippet:-1","max-image-preview":"max-image-preview:large","max-video-preview":"max-video-preview:-1"},"canonical":"https:\/\/www.ghostysky.com\/fr\/product\/unitree-go2-pro\/","og_locale":"fr_FR","og_type":"article","og_title":"Unitree Go2 Pro - Ghostysky","og_description":"The Unitree Go2 Pro is an advanced and intelligent quadruped robot designed for demanding applications in research, industry, education, and entertainment. As an evolution of the Go2 platform, the Pro model offers elevated performance, superior sensing, and enhanced mobility.","og_url":"https:\/\/www.ghostysky.com\/fr\/product\/unitree-go2-pro\/","og_site_name":"Ghostysky","article_publisher":"https:\/\/www.facebook.com\/people\/Ghostysky\/100057676170234\/","article_modified_time":"2026-02-05T11:04:10+00:00","og_image":[{"width":800,"height":800,"url":"https:\/\/www.ghostysky.com\/wp-content\/uploads\/2025\/10\/GH_Unitree_GO2_1.webp","type":"image\/webp"}],"twitter_card":"summary_large_image","twitter_site":"@Gh0stysky","twitter_misc":{"Dur\u00e9e de lecture estim\u00e9e":"2 minutes"},"schema":{"@context":"https:\/\/schema.org","@graph":[{"@type":"WebPage","@id":"https:\/\/www.ghostysky.com\/product\/unitree-go2-pro\/","url":"https:\/\/www.ghostysky.com\/product\/unitree-go2-pro\/","name":"Unitree Go2 Pro - Ghostysky","isPartOf":{"@id":"https:\/\/www.ghostysky.com\/#website"},"primaryImageOfPage":{"@id":"https:\/\/www.ghostysky.com\/product\/unitree-go2-pro\/#primaryimage"},"image":{"@id":"https:\/\/www.ghostysky.com\/product\/unitree-go2-pro\/#primaryimage"},"thumbnailUrl":"https:\/\/www.ghostysky.com\/wp-content\/uploads\/2025\/10\/GH_Unitree_GO2_1.webp","datePublished":"2025-10-16T04:44:11+00:00","dateModified":"2026-02-05T11:04:10+00:00","description":"L&#039;Unitree Go2 Pro est un robot quadrup\u00e8de avanc\u00e9 et intelligent, con\u00e7u pour des applications exigeantes dans la recherche, l&#039;industrie, l&#039;\u00e9ducation et le divertissement. \u00c9volution de la plateforme Go2, le mod\u00e8le Pro offre des performances sup\u00e9rieures, une d\u00e9tection sup\u00e9rieure et une mobilit\u00e9 accrue.","breadcrumb":{"@id":"https:\/\/www.ghostysky.com\/product\/unitree-go2-pro\/#breadcrumb"},"inLanguage":"fr-FR","potentialAction":[{"@type":"ReadAction","target":["https:\/\/www.ghostysky.com\/product\/unitree-go2-pro\/"]}]},{"@type":"ImageObject","inLanguage":"fr-FR","@id":"https:\/\/www.ghostysky.com\/product\/unitree-go2-pro\/#primaryimage","url":"https:\/\/www.ghostysky.com\/wp-content\/uploads\/2025\/10\/GH_Unitree_GO2_1.webp","contentUrl":"https:\/\/www.ghostysky.com\/wp-content\/uploads\/2025\/10\/GH_Unitree_GO2_1.webp","width":800,"height":800},{"@type":"BreadcrumbList","@id":"https:\/\/www.ghostysky.com\/product\/unitree-go2-pro\/#breadcrumb","itemListElement":[{"@type":"ListItem","position":1,"name":"Home","item":"https:\/\/www.ghostysky.com\/"},{"@type":"ListItem","position":2,"name":"Shop","item":"https:\/\/www.ghostysky.com\/shop\/"},{"@type":"ListItem","position":3,"name":"Unitree Go2 Pro"}]},{"@type":"WebSite","@id":"https:\/\/www.ghostysky.com\/#website","url":"https:\/\/www.ghostysky.com\/","name":"Ghostysky","description":"Livraison de drones et de services professionnels","publisher":{"@id":"https:\/\/www.ghostysky.com\/#organization"},"potentialAction":[{"@type":"SearchAction","target":{"@type":"EntryPoint","urlTemplate":"https:\/\/www.ghostysky.com\/?s={search_term_string}"},"query-input":{"@type":"PropertyValueSpecification","valueRequired":true,"valueName":"search_term_string"}}],"inLanguage":"fr-FR"},{"@type":"Organization","@id":"https:\/\/www.ghostysky.com\/#organization","name":"Ghostysky","url":"https:\/\/www.ghostysky.com\/","logo":{"@type":"ImageObject","inLanguage":"fr-FR","@id":"https:\/\/www.ghostysky.com\/#\/schema\/logo\/image\/","url":"https:\/\/www.ghostysky.com\/wp-content\/uploads\/2020\/06\/cropped-ghostyskylogo_text_white2.png","contentUrl":"https:\/\/www.ghostysky.com\/wp-content\/uploads\/2020\/06\/cropped-ghostyskylogo_text_white2.png","width":169,"height":56,"caption":"Ghostysky"},"image":{"@id":"https:\/\/www.ghostysky.com\/#\/schema\/logo\/image\/"},"sameAs":["https:\/\/www.facebook.com\/people\/Ghostysky\/100057676170234\/","https:\/\/x.com\/Gh0stysky","https:\/\/www.linkedin.com\/company\/34739653","https:\/\/www.instagram.com\/gh0stysky"]}]}},"_links":{"self":[{"href":"https:\/\/www.ghostysky.com\/fr\/wp-json\/wp\/v2\/product\/21211","targetHints":{"allow":["GET"]}}],"collection":[{"href":"https:\/\/www.ghostysky.com\/fr\/wp-json\/wp\/v2\/product"}],"about":[{"href":"https:\/\/www.ghostysky.com\/fr\/wp-json\/wp\/v2\/types\/product"}],"replies":[{"embeddable":true,"href":"https:\/\/www.ghostysky.com\/fr\/wp-json\/wp\/v2\/comments?post=21211"}],"wp:featuredmedia":[{"embeddable":true,"href":"https:\/\/www.ghostysky.com\/fr\/wp-json\/wp\/v2\/media\/21207"}],"wp:attachment":[{"href":"https:\/\/www.ghostysky.com\/fr\/wp-json\/wp\/v2\/media?parent=21211"}],"wp:term":[{"taxonomy":"product_brand","embeddable":true,"href":"https:\/\/www.ghostysky.com\/fr\/wp-json\/wp\/v2\/product_brand?post=21211"},{"taxonomy":"product_cat","embeddable":true,"href":"https:\/\/www.ghostysky.com\/fr\/wp-json\/wp\/v2\/product_cat?post=21211"},{"taxonomy":"product_tag","embeddable":true,"href":"https:\/\/www.ghostysky.com\/fr\/wp-json\/wp\/v2\/product_tag?post=21211"}],"curies":[{"name":"wp","href":"https:\/\/api.w.org\/{rel}","templated":true}]}}