{"id":21218,"date":"2025-10-16T04:54:50","date_gmt":"2025-10-16T04:54:50","guid":{"rendered":"https:\/\/www.ghostysky.com\/?post_type=product&#038;p=21218"},"modified":"2026-02-05T11:05:56","modified_gmt":"2026-02-05T11:05:56","slug":"unitree-go2-edu-plus-40-tops-computing","status":"publish","type":"product","link":"https:\/\/www.ghostysky.com\/fr\/product\/unitree-go2-edu-plus-40-tops-computing\/","title":{"rendered":"Unitree Go2 EDU Plus (40 Tops computing)"},"content":{"rendered":"<h3>Caract\u00e9ristiques principales<\/h3>\n<ul>\n<li><b>Calcul IA puissant :<\/b><span class=\"citation-321\"> Equip\u00e9 d&#039;un <\/span><b><span class=\"citation-321\">Module NVIDIA Jetson Orin Nano fournissant 40 TOPS (t\u00e9ra op\u00e9rations par seconde)<\/span><\/b><span class=\"citation-321 citation-end-321\"> de la puissance de calcul de l&#039;IA.<\/span> <span class=\"citation-320 citation-end-320\">Cela le rend id\u00e9al pour l&#039;introduction \u00e0 la recherche interm\u00e9diaire en IA, la m\u00e9catronique de base et l&#039;int\u00e9gration LiDAR.<\/span><\/li>\n<li><b>Plateforme de recherche :<\/b><span class=\"citation-319\"> Sp\u00e9cialement con\u00e7u pour <\/span><b><span class=\"citation-319\">d\u00e9veloppement secondaire<\/span><\/b><span class=\"citation-319\">, avec plein <\/span><b><span class=\"citation-319\">Acc\u00e8s SDK\/API<\/span><\/b><span class=\"citation-319\"> (Python et C++), et compatibilit\u00e9 avec <\/span><b><span class=\"citation-319\">ROS (syst\u00e8me d&#039;exploitation du robot)<\/span><\/b><span class=\"citation-319\"> sur un <\/span><b><span class=\"citation-319\">Architecture de syst\u00e8me d&#039;exploitation double<\/span><\/b><span class=\"citation-319 citation-end-319\"> (Contr\u00f4le en temps r\u00e9el et sensibilisation \u00e0 l&#039;environnement), responsabilisant les \u00e9tudiants et les chercheurs.<\/span><\/li>\n<li><b><span class=\"citation-318\">Perception avanc\u00e9e :<\/span><\/b><span class=\"citation-318\"> Comprend le <\/span><b><span class=\"citation-318\">LiDAR 3D super grand angle<\/span><\/b><span class=\"citation-318\"> (souvent l&#039;Unitree auto-d\u00e9velopp\u00e9 <\/span><b><span class=\"citation-318\">LiDAR 4D L1<\/span><\/b><span class=\"citation-318 citation-end-318\">) pour <\/span><span class=\"math-inline\" data-math=\"360^{\\circ} \\times 90^{\\circ}\">360\u00ba x 90\u00ba<\/span><span class=\"citation-317 citation-end-317\"> reconnaissance ultra-large, permettant une reconnaissance tout-terrain, une cartographie environnementale d\u00e9taill\u00e9e et une \u00e9vitement intelligent des obstacles.<\/span> <span class=\"citation-316\">Il dispose \u00e9galement d&#039;un <\/span><b><span class=\"citation-316\">Cam\u00e9ra grand angle HD<\/span><\/b><span class=\"citation-316\"> et <\/span><b><span class=\"citation-316\">Capteurs de force du pied<\/span><\/b><span class=\"citation-316 citation-end-316\">.<\/span><\/li>\n<li><b>Mobilit\u00e9 et performances am\u00e9lior\u00e9es\u00a0:<\/b>\n<ul>\n<li><b><span class=\"citation-315\">12 moteurs \u00e0 joint haute performance<\/span><\/b><span class=\"citation-315\"> avec un couple d&#039;articulation maximal d&#039;environ <\/span><b><span class=\"citation-315\">45 Nm<\/span><\/b><span class=\"citation-315 citation-end-315\">, permettant une vitesse de fonctionnement maximale jusqu&#039;\u00e0 environ <\/span><b><span class=\"math-inline\" data-math=\"3.7 \\text{ m\/s}\">3,7 m\/s<\/span><\/b><span class=\"citation-314 citation-end-314\"> et la capacit\u00e9 d&#039;effectuer des actions complexes comme sauter et escalader des obstacles jusqu&#039;\u00e0 <\/span><b><span class=\"math-inline\" data-math=\"16 \\text{ cm}\">16 cm<\/span><\/b><span class=\"citation-313 citation-end-313\">\u00a0haut.<\/span><\/li>\n<li><span class=\"citation-312\">Comprend un <\/span><b><span class=\"citation-312\">Syst\u00e8me intelligent de suivi lat\u00e9ral (ISS 2.0)<\/span><\/b><span class=\"citation-312 citation-end-312\"> pour un suivi autonome pr\u00e9cis et une meilleure \u00e9vitement des obstacles.<\/span><\/li>\n<\/ul>\n<\/li>\n<li><b>Endurance prolong\u00e9e :<\/b><span class=\"citation-311\"> Livr\u00e9 en standard avec le <\/span><b><span class=\"citation-311\">Batterie intelligente longue dur\u00e9e de 15 000 mAh<\/span><\/b><span class=\"citation-311\">, offrant une dur\u00e9e de fonctionnement d&#039;environ <\/span><b><span class=\"citation-311\">2 \u00e0 4 heures<\/span><\/b><span class=\"citation-311\">, avec un <\/span><b><span class=\"citation-311\">chargeur rapide<\/span><\/b><span class=\"citation-311 citation-end-311\">.<\/span><\/li>\n<li><b><span class=\"citation-310\">Int\u00e9gration scolaire :<\/span><\/b><span class=\"citation-310 citation-end-310\"> Con\u00e7u pour la salle de classe et le laboratoire, prenant en charge une gamme de langages de codage (Python, C++, codage par blocs) et offrant un programme cl\u00e9 en main via des partenaires comme DroneBlocks.<\/span><\/li>\n<\/ul>\n<p><span class=\"citation-309 citation-end-309\">Le Go2 EDU Plus (40 TOPS) est le premier choix pour les universit\u00e9s, les laboratoires de recherche et les programmes d&#039;enseignement secondaire avanc\u00e9s \u00e0 la recherche d&#039;une plate-forme robuste et \u00e0 l&#039;\u00e9preuve du temps pour combler le foss\u00e9 entre l&#039;imagination et les applications r\u00e9elles de l&#039;IA et de la robotique.<\/span><\/p>","protected":false},"excerpt":{"rendered":"<p><span class=\"citation-323\">Le <\/span><b><span class=\"citation-323\">Unitree Go2 EDU Plus (40 TOPS informatiques)<\/span><\/b><span class=\"citation-323 citation-end-323\"> est un robot quadrup\u00e8de intelligent et hautement avanc\u00e9, con\u00e7u comme une plate-forme polyvalente pour l&#039;enseignement, la recherche et le d\u00e9veloppement en robotique de haut niveau.<\/span><\/p>\n<p><span class=\"citation-322 citation-end-322\">Ce mod\u00e8le change la donne pour les institutions et les chercheurs qui cherchent \u00e0 explorer l\u2019IA, les syst\u00e8mes autonomes et la m\u00e9catronique, offrant un m\u00e9lange exceptionnel de mat\u00e9riel sophistiqu\u00e9 et d\u2019acc\u00e8s complet \u00e0 la programmation.<\/span><\/p>","protected":false},"featured_media":21221,"comment_status":"open","ping_status":"closed","template":"","meta":[],"product_brand":[1087],"product_cat":[1039,1037,1085],"product_tag":[1088,1089,1090],"class_list":{"0":"post-21218","1":"product","2":"type-product","3":"status-publish","4":"has-post-thumbnail","6":"product_brand-unitree","7":"product_cat-quadruped","8":"product_cat-robotics","9":"product_cat-unitree-quad-robots","10":"product_tag-unitree","11":"product_tag-unitree-quadruped","12":"product_tag-unitree-quadruped-robots","14":"first","15":"onbackorder","16":"taxable","17":"shipping-taxable","18":"purchasable","19":"product-type-simple"},"yoast_head":"<!-- This site is optimized with the Yoast SEO plugin v27.1.1 - https:\/\/yoast.com\/product\/yoast-seo-wordpress\/ -->\n<title>Unitree Go2 EDU Plus (40 Tops computing) - Ghostysky<\/title>\n<meta name=\"description\" content=\"The Unitree Go2 EDU Plus (40 TOPS computing) is a highly advanced, intelligent quadruped robot designed as a versatile platform for high-level robotics education, research, and development.This model is a game-changer for institutions and researchers looking to explore AI, autonomous systems, and mechatronics, offering an exceptional blend of sophisticated hardware and full programming access.\" \/>\n<meta name=\"robots\" content=\"index, follow, max-snippet:-1, max-image-preview:large, max-video-preview:-1\" \/>\n<link rel=\"canonical\" href=\"https:\/\/www.ghostysky.com\/fr\/product\/unitree-go2-edu-plus-40-tops-computing\/\" \/>\n<meta property=\"og:locale\" content=\"fr_FR\" \/>\n<meta property=\"og:type\" content=\"article\" \/>\n<meta property=\"og:title\" content=\"Unitree Go2 EDU Plus (40 Tops computing) - Ghostysky\" \/>\n<meta property=\"og:description\" content=\"The Unitree Go2 EDU Plus (40 TOPS computing) is a highly advanced, intelligent quadruped robot designed as a versatile platform for high-level robotics education, research, and development.This model is a game-changer for institutions and researchers looking to explore AI, autonomous systems, and mechatronics, offering an exceptional blend of sophisticated hardware and full programming access.\" \/>\n<meta property=\"og:url\" content=\"https:\/\/www.ghostysky.com\/fr\/product\/unitree-go2-edu-plus-40-tops-computing\/\" \/>\n<meta property=\"og:site_name\" content=\"Ghostysky\" \/>\n<meta property=\"article:publisher\" content=\"https:\/\/www.facebook.com\/people\/Ghostysky\/100057676170234\/\" \/>\n<meta property=\"article:modified_time\" content=\"2026-02-05T11:05:56+00:00\" \/>\n<meta property=\"og:image\" content=\"https:\/\/www.ghostysky.com\/wp-content\/uploads\/2025\/10\/GH_Unitree_GO2_EDU_1.webp\" \/>\n\t<meta property=\"og:image:width\" content=\"800\" \/>\n\t<meta property=\"og:image:height\" content=\"800\" \/>\n\t<meta property=\"og:image:type\" content=\"image\/webp\" \/>\n<meta name=\"twitter:card\" content=\"summary_large_image\" \/>\n<meta name=\"twitter:site\" content=\"@Gh0stysky\" \/>\n<meta name=\"twitter:label1\" content=\"Dur\u00e9e de lecture estim\u00e9e\" \/>\n\t<meta name=\"twitter:data1\" content=\"2 minutes\" \/>\n<script type=\"application\/ld+json\" class=\"yoast-schema-graph\">{\"@context\":\"https:\/\/schema.org\",\"@graph\":[{\"@type\":\"WebPage\",\"@id\":\"https:\/\/www.ghostysky.com\/product\/unitree-go2-edu-plus-40-tops-computing\/\",\"url\":\"https:\/\/www.ghostysky.com\/product\/unitree-go2-edu-plus-40-tops-computing\/\",\"name\":\"Unitree Go2 EDU Plus (40 Tops computing) - Ghostysky\",\"isPartOf\":{\"@id\":\"https:\/\/www.ghostysky.com\/#website\"},\"primaryImageOfPage\":{\"@id\":\"https:\/\/www.ghostysky.com\/product\/unitree-go2-edu-plus-40-tops-computing\/#primaryimage\"},\"image\":{\"@id\":\"https:\/\/www.ghostysky.com\/product\/unitree-go2-edu-plus-40-tops-computing\/#primaryimage\"},\"thumbnailUrl\":\"https:\/\/www.ghostysky.com\/wp-content\/uploads\/2025\/10\/GH_Unitree_GO2_EDU_1.webp\",\"datePublished\":\"2025-10-16T04:54:50+00:00\",\"dateModified\":\"2026-02-05T11:05:56+00:00\",\"description\":\"The Unitree Go2 EDU Plus (40 TOPS computing) is a highly advanced, intelligent quadruped robot designed as a versatile platform for high-level robotics education, research, and development.This model is a game-changer for institutions and researchers looking to explore AI, autonomous systems, and mechatronics, offering an exceptional blend of sophisticated hardware and full programming access.\",\"breadcrumb\":{\"@id\":\"https:\/\/www.ghostysky.com\/product\/unitree-go2-edu-plus-40-tops-computing\/#breadcrumb\"},\"inLanguage\":\"fr-FR\",\"potentialAction\":[{\"@type\":\"ReadAction\",\"target\":[\"https:\/\/www.ghostysky.com\/product\/unitree-go2-edu-plus-40-tops-computing\/\"]}]},{\"@type\":\"ImageObject\",\"inLanguage\":\"fr-FR\",\"@id\":\"https:\/\/www.ghostysky.com\/product\/unitree-go2-edu-plus-40-tops-computing\/#primaryimage\",\"url\":\"https:\/\/www.ghostysky.com\/wp-content\/uploads\/2025\/10\/GH_Unitree_GO2_EDU_1.webp\",\"contentUrl\":\"https:\/\/www.ghostysky.com\/wp-content\/uploads\/2025\/10\/GH_Unitree_GO2_EDU_1.webp\",\"width\":800,\"height\":800},{\"@type\":\"BreadcrumbList\",\"@id\":\"https:\/\/www.ghostysky.com\/product\/unitree-go2-edu-plus-40-tops-computing\/#breadcrumb\",\"itemListElement\":[{\"@type\":\"ListItem\",\"position\":1,\"name\":\"Home\",\"item\":\"https:\/\/www.ghostysky.com\/\"},{\"@type\":\"ListItem\",\"position\":2,\"name\":\"Shop\",\"item\":\"https:\/\/www.ghostysky.com\/shop\/\"},{\"@type\":\"ListItem\",\"position\":3,\"name\":\"Unitree Go2 EDU Plus (40 Tops computing)\"}]},{\"@type\":\"WebSite\",\"@id\":\"https:\/\/www.ghostysky.com\/#website\",\"url\":\"https:\/\/www.ghostysky.com\/\",\"name\":\"Ghostysky\",\"description\":\"Delivering professional drones and services\",\"publisher\":{\"@id\":\"https:\/\/www.ghostysky.com\/#organization\"},\"potentialAction\":[{\"@type\":\"SearchAction\",\"target\":{\"@type\":\"EntryPoint\",\"urlTemplate\":\"https:\/\/www.ghostysky.com\/?s={search_term_string}\"},\"query-input\":{\"@type\":\"PropertyValueSpecification\",\"valueRequired\":true,\"valueName\":\"search_term_string\"}}],\"inLanguage\":\"fr-FR\"},{\"@type\":\"Organization\",\"@id\":\"https:\/\/www.ghostysky.com\/#organization\",\"name\":\"Ghostysky\",\"url\":\"https:\/\/www.ghostysky.com\/\",\"logo\":{\"@type\":\"ImageObject\",\"inLanguage\":\"fr-FR\",\"@id\":\"https:\/\/www.ghostysky.com\/#\/schema\/logo\/image\/\",\"url\":\"https:\/\/www.ghostysky.com\/wp-content\/uploads\/2020\/06\/cropped-ghostyskylogo_text_white2.png\",\"contentUrl\":\"https:\/\/www.ghostysky.com\/wp-content\/uploads\/2020\/06\/cropped-ghostyskylogo_text_white2.png\",\"width\":169,\"height\":56,\"caption\":\"Ghostysky\"},\"image\":{\"@id\":\"https:\/\/www.ghostysky.com\/#\/schema\/logo\/image\/\"},\"sameAs\":[\"https:\/\/www.facebook.com\/people\/Ghostysky\/100057676170234\/\",\"https:\/\/x.com\/Gh0stysky\",\"https:\/\/www.linkedin.com\/company\/34739653\",\"https:\/\/www.instagram.com\/gh0stysky\"]}]}<\/script>\n<!-- \/ Yoast SEO plugin. -->","yoast_head_json":{"title":"Unitree Go2 EDU Plus (40 Tops informatiques) - Ghostysky","description":"L&#039;Unitree Go2 EDU Plus (40 TOPS computing) est un robot quadrup\u00e8de intelligent et hautement avanc\u00e9 con\u00e7u comme une plate-forme polyvalente pour l&#039;enseignement, la recherche et le d\u00e9veloppement en robotique de haut niveau. Ce mod\u00e8le change la donne pour les institutions et les chercheurs qui cherchent \u00e0 explorer l&#039;IA, les syst\u00e8mes autonomes et la m\u00e9catronique, offrant un m\u00e9lange exceptionnel de mat\u00e9riel sophistiqu\u00e9 et d&#039;acc\u00e8s complet \u00e0 la programmation.","robots":{"index":"index","follow":"follow","max-snippet":"max-snippet:-1","max-image-preview":"max-image-preview:large","max-video-preview":"max-video-preview:-1"},"canonical":"https:\/\/www.ghostysky.com\/fr\/product\/unitree-go2-edu-plus-40-tops-computing\/","og_locale":"fr_FR","og_type":"article","og_title":"Unitree Go2 EDU Plus (40 Tops computing) - Ghostysky","og_description":"The Unitree Go2 EDU Plus (40 TOPS computing) is a highly advanced, intelligent quadruped robot designed as a versatile platform for high-level robotics education, research, and development.This model is a game-changer for institutions and researchers looking to explore AI, autonomous systems, and mechatronics, offering an exceptional blend of sophisticated hardware and full programming access.","og_url":"https:\/\/www.ghostysky.com\/fr\/product\/unitree-go2-edu-plus-40-tops-computing\/","og_site_name":"Ghostysky","article_publisher":"https:\/\/www.facebook.com\/people\/Ghostysky\/100057676170234\/","article_modified_time":"2026-02-05T11:05:56+00:00","og_image":[{"width":800,"height":800,"url":"https:\/\/www.ghostysky.com\/wp-content\/uploads\/2025\/10\/GH_Unitree_GO2_EDU_1.webp","type":"image\/webp"}],"twitter_card":"summary_large_image","twitter_site":"@Gh0stysky","twitter_misc":{"Dur\u00e9e de lecture estim\u00e9e":"2 minutes"},"schema":{"@context":"https:\/\/schema.org","@graph":[{"@type":"WebPage","@id":"https:\/\/www.ghostysky.com\/product\/unitree-go2-edu-plus-40-tops-computing\/","url":"https:\/\/www.ghostysky.com\/product\/unitree-go2-edu-plus-40-tops-computing\/","name":"Unitree Go2 EDU Plus (40 Tops informatiques) - Ghostysky","isPartOf":{"@id":"https:\/\/www.ghostysky.com\/#website"},"primaryImageOfPage":{"@id":"https:\/\/www.ghostysky.com\/product\/unitree-go2-edu-plus-40-tops-computing\/#primaryimage"},"image":{"@id":"https:\/\/www.ghostysky.com\/product\/unitree-go2-edu-plus-40-tops-computing\/#primaryimage"},"thumbnailUrl":"https:\/\/www.ghostysky.com\/wp-content\/uploads\/2025\/10\/GH_Unitree_GO2_EDU_1.webp","datePublished":"2025-10-16T04:54:50+00:00","dateModified":"2026-02-05T11:05:56+00:00","description":"L&#039;Unitree Go2 EDU Plus (40 TOPS computing) est un robot quadrup\u00e8de intelligent et hautement avanc\u00e9 con\u00e7u comme une plate-forme polyvalente pour l&#039;enseignement, la recherche et le d\u00e9veloppement en robotique de haut niveau. Ce mod\u00e8le change la donne pour les institutions et les chercheurs qui cherchent \u00e0 explorer l&#039;IA, les syst\u00e8mes autonomes et la m\u00e9catronique, offrant un m\u00e9lange exceptionnel de mat\u00e9riel sophistiqu\u00e9 et d&#039;acc\u00e8s complet \u00e0 la programmation.","breadcrumb":{"@id":"https:\/\/www.ghostysky.com\/product\/unitree-go2-edu-plus-40-tops-computing\/#breadcrumb"},"inLanguage":"fr-FR","potentialAction":[{"@type":"ReadAction","target":["https:\/\/www.ghostysky.com\/product\/unitree-go2-edu-plus-40-tops-computing\/"]}]},{"@type":"ImageObject","inLanguage":"fr-FR","@id":"https:\/\/www.ghostysky.com\/product\/unitree-go2-edu-plus-40-tops-computing\/#primaryimage","url":"https:\/\/www.ghostysky.com\/wp-content\/uploads\/2025\/10\/GH_Unitree_GO2_EDU_1.webp","contentUrl":"https:\/\/www.ghostysky.com\/wp-content\/uploads\/2025\/10\/GH_Unitree_GO2_EDU_1.webp","width":800,"height":800},{"@type":"BreadcrumbList","@id":"https:\/\/www.ghostysky.com\/product\/unitree-go2-edu-plus-40-tops-computing\/#breadcrumb","itemListElement":[{"@type":"ListItem","position":1,"name":"Home","item":"https:\/\/www.ghostysky.com\/"},{"@type":"ListItem","position":2,"name":"Shop","item":"https:\/\/www.ghostysky.com\/shop\/"},{"@type":"ListItem","position":3,"name":"Unitree Go2 EDU Plus (40 Tops computing)"}]},{"@type":"WebSite","@id":"https:\/\/www.ghostysky.com\/#website","url":"https:\/\/www.ghostysky.com\/","name":"Ghostysky","description":"Livraison de drones et de services professionnels","publisher":{"@id":"https:\/\/www.ghostysky.com\/#organization"},"potentialAction":[{"@type":"SearchAction","target":{"@type":"EntryPoint","urlTemplate":"https:\/\/www.ghostysky.com\/?s={search_term_string}"},"query-input":{"@type":"PropertyValueSpecification","valueRequired":true,"valueName":"search_term_string"}}],"inLanguage":"fr-FR"},{"@type":"Organization","@id":"https:\/\/www.ghostysky.com\/#organization","name":"Ghostysky","url":"https:\/\/www.ghostysky.com\/","logo":{"@type":"ImageObject","inLanguage":"fr-FR","@id":"https:\/\/www.ghostysky.com\/#\/schema\/logo\/image\/","url":"https:\/\/www.ghostysky.com\/wp-content\/uploads\/2020\/06\/cropped-ghostyskylogo_text_white2.png","contentUrl":"https:\/\/www.ghostysky.com\/wp-content\/uploads\/2020\/06\/cropped-ghostyskylogo_text_white2.png","width":169,"height":56,"caption":"Ghostysky"},"image":{"@id":"https:\/\/www.ghostysky.com\/#\/schema\/logo\/image\/"},"sameAs":["https:\/\/www.facebook.com\/people\/Ghostysky\/100057676170234\/","https:\/\/x.com\/Gh0stysky","https:\/\/www.linkedin.com\/company\/34739653","https:\/\/www.instagram.com\/gh0stysky"]}]}},"_links":{"self":[{"href":"https:\/\/www.ghostysky.com\/fr\/wp-json\/wp\/v2\/product\/21218","targetHints":{"allow":["GET"]}}],"collection":[{"href":"https:\/\/www.ghostysky.com\/fr\/wp-json\/wp\/v2\/product"}],"about":[{"href":"https:\/\/www.ghostysky.com\/fr\/wp-json\/wp\/v2\/types\/product"}],"replies":[{"embeddable":true,"href":"https:\/\/www.ghostysky.com\/fr\/wp-json\/wp\/v2\/comments?post=21218"}],"wp:featuredmedia":[{"embeddable":true,"href":"https:\/\/www.ghostysky.com\/fr\/wp-json\/wp\/v2\/media\/21221"}],"wp:attachment":[{"href":"https:\/\/www.ghostysky.com\/fr\/wp-json\/wp\/v2\/media?parent=21218"}],"wp:term":[{"taxonomy":"product_brand","embeddable":true,"href":"https:\/\/www.ghostysky.com\/fr\/wp-json\/wp\/v2\/product_brand?post=21218"},{"taxonomy":"product_cat","embeddable":true,"href":"https:\/\/www.ghostysky.com\/fr\/wp-json\/wp\/v2\/product_cat?post=21218"},{"taxonomy":"product_tag","embeddable":true,"href":"https:\/\/www.ghostysky.com\/fr\/wp-json\/wp\/v2\/product_tag?post=21218"}],"curies":[{"name":"wp","href":"https:\/\/api.w.org\/{rel}","templated":true}]}}