{"id":21225,"date":"2025-10-16T05:11:24","date_gmt":"2025-10-16T05:11:24","guid":{"rendered":"https:\/\/www.ghostysky.com\/?post_type=product&#038;p=21225"},"modified":"2026-02-05T11:09:15","modified_gmt":"2026-02-05T11:09:15","slug":"unitree-go2-edu-plus-mid-360-lidar","status":"publish","type":"product","link":"https:\/\/www.ghostysky.com\/fr\/product\/unitree-go2-edu-plus-mid-360-lidar\/","title":{"rendered":"Unitree Go2 EDU Plus (Mid- 360 LiDAR)"},"content":{"rendered":"<h3><b>Caract\u00e9ristiques principales<\/b><\/h3>\n<ul>\n<li><b><span class=\"citation-413 citation-end-413\">LiDAR Mid-360 pour la cartographie 3D de haute pr\u00e9cision\u00a0:<\/span><\/b><span class=\"citation-412 citation-end-412\">\u00a0Int\u00e9gr\u00e9 \u00e0 un module LiDAR Livox Mid-360, cette version excelle dans la perception 3D.<\/span> <span class=\"citation-411 citation-end-411\">Il offre un <\/span><span class=\"math-inline\" data-math=\"360^{\\circ}\">360\u00ba<\/span><span class=\"citation-410 citation-end-410\"> horizontale et <\/span><span class=\"math-inline\" data-math=\"-7^{\\circ}\">-7\u00ba<\/span><span class=\"citation-409 citation-end-409\"> \u00e0 <\/span><span class=\"math-inline\" data-math=\"52^{\\circ}\">52\u00ba<\/span><span class=\"citation-408\"> Champ de vision vertical (FOV), permettant des d\u00e9tails <\/span><b><span class=\"citation-408\">Localisation et cartographie simultan\u00e9es (SLAM)<\/span><\/b><span class=\"citation-408\">, et pr\u00e9cis <\/span><b><span class=\"citation-408\">\u00e9vitement d&#039;obstacles<\/span><\/b><span class=\"citation-408 citation-end-408\"> pour naviguer dans des environnements int\u00e9rieurs\/ext\u00e9rieurs divers et complexes.<\/span><\/li>\n<li><b>M\u00e9ga-puissance de calcul :<\/b><span class=\"citation-407\"> La variante EDU Plus pr\u00e9sente une mise \u00e0 niveau significative <\/span><b><span class=\"citation-407\">100 TOPS<\/span><\/b><span class=\"citation-407\"> (Tera Operations Per Second) de puissance de calcul, aliment\u00e9e par un module comme le <\/span><b><span class=\"citation-407\">NVIDIA Orin NX<\/span><\/b><span class=\"citation-407 citation-end-407\">.<\/span> <span class=\"citation-406\">Cette capacit\u00e9 de traitement robuste est id\u00e9ale pour ex\u00e9cuter des applications de pointe. <\/span><b><span class=\"citation-406\">algorithmes d&#039;IA<\/span><\/b><span class=\"citation-406 citation-end-406\">, des applications d\u2019apprentissage profond en temps r\u00e9el et une reconnaissance spatiale avanc\u00e9e.<\/span><\/li>\n<li><b>Mobilit\u00e9 et performances avanc\u00e9es\u00a0:<\/b><span class=\"citation-405 citation-end-405\"> Le robot est construit avec 12 moteurs d&#039;articulation du genou en aluminium \u00e0 couple \u00e9lev\u00e9, atteignant une vitesse de fonctionnement maximale allant jusqu&#039;\u00e0 <\/span><span class=\"math-inline\" data-math=\"\\text{3.7 m\/s}\">3,7 m\/s<\/span><span class=\"citation-404 citation-end-404\"> (jusqu&#039;\u00e0 <\/span><span class=\"math-inline\" data-math=\"\\text{5 m\/s}\">5 m\/s<\/span><span class=\"citation-403 citation-end-403\">\u00a0dans des conditions de laboratoire) et un angle de mont\u00e9e maximal de\u00a0<\/span><span class=\"math-inline\" data-math=\"40^{\\circ}\">40\u00ba<\/span><span class=\"citation-402 citation-end-402\">.<\/span>\u00a0<span class=\"citation-401 citation-end-401\">Sa formation par simulation d&#039;IA permet des mouvements complexes comme la marche \u00e0 l&#039;envers et le retournement adaptatif.<\/span><\/li>\n<li><b>Suite sensorielle am\u00e9lior\u00e9e :<\/b><span class=\"citation-400\"> En plus du Mid-360 LiDAR, il comprend le syst\u00e8me d\u00e9velopp\u00e9 par Unitree <\/span><b><span class=\"citation-400\">LiDAR 4D L1<\/span><\/b><span class=\"citation-400 citation-end-400\"> pour <\/span><span class=\"math-inline\" data-math=\"360^{\\circ} \\times 90^{\\circ}\">360\u00ba x 90\u00ba<\/span><span class=\"citation-399 citation-end-399\"> reconnaissance ultra-large avec angles morts minimaux, une cam\u00e9ra grand angle HD et des capteurs de force au niveau des pieds.<\/span><\/li>\n<li><b>Syst\u00e8me intelligent de suivi lat\u00e9ral (ISS 2.0) :<\/b><span class=\"citation-398 citation-end-398\"> Utilise une nouvelle technologie de positionnement et de contr\u00f4le vectoriel sans fil pour am\u00e9liorer la pr\u00e9cision du positionnement en\u00a0 <\/span><span class=\"math-inline\" data-math=\"50\\%\">50%<\/span><span class=\"citation-397 citation-end-397\">\u00a0et optimiser l&#039;\u00e9vitement des obstacles, permettant au robot de suivre un utilisateur avec pr\u00e9cision sur une plage de\u00a0 <\/span><span class=\"math-inline\" data-math=\"\\text{30m}\">30 m<\/span><span class=\"citation-396 citation-end-396\">.<\/span><\/li>\n<li><b>Batterie intelligente longue dur\u00e9e :<\/b><span class=\"citation-395 citation-end-395\"> Equip\u00e9 d&#039;un\u00a0<\/span><span class=\"math-inline\" data-math=\"\\text{15000 mAh}\">15000 mAh<\/span><span class=\"citation-394 citation-end-394\"> batterie intelligente, offrant une endurance ultra-longue d&#039;environ <\/span><span class=\"math-inline\" data-math=\"\\text{2-4 hours}\">2 \u00e0 4 heures<\/span><span class=\"citation-393 citation-end-393\">\u00a0de fonctionnement, coupl\u00e9 \u00e0 une unit\u00e9 de charge rapide.<\/span><\/li>\n<li><b><span class=\"citation-392\">Plateforme ouverte et polyvalente :<\/span><\/b><span class=\"citation-392\"> Con\u00e7u pour <\/span><b><span class=\"citation-392\">d\u00e9veloppement secondaire<\/span><\/b><span class=\"citation-392\">, il prend en charge la personnalisation, est compatible avec <\/span><b><span class=\"citation-392\">ROS (syst\u00e8me d&#039;exploitation du robot)<\/span><\/b><span class=\"citation-392 citation-end-392\">, et permet la programmation via plusieurs langages (Python, C++), ce qui en fait un outil complet pour la recherche acad\u00e9mique et professionnelle.<\/span><\/li>\n<li><b>Am\u00e9lioration continue :<\/b><span class=\"citation-391\"> Soutient <\/span><b><span class=\"citation-391\">Mises \u00e0 niveau OTA (Over-The-Air)<\/span><\/b><span class=\"citation-391 citation-end-391\"> pour garantir que les performances et l&#039;intelligence du robot s&#039;am\u00e9liorent en permanence gr\u00e2ce \u00e0 des mises \u00e0 jour bas\u00e9es sur le cloud.<\/span><\/li>\n<\/ul>\n<p><span class=\"citation-390\">Le <\/span><b><span class=\"citation-390\">Unitree Go2 EDU Plus (LiDAR mi-360)<\/span><\/b><span class=\"citation-390 citation-end-390\"> est le choix id\u00e9al pour les chercheurs et les d\u00e9veloppeurs ax\u00e9s sur la cartographie 3D int\u00e9rieure\/ext\u00e9rieure, la navigation autonome de milieu de gamme et l&#039;int\u00e9gration de l&#039;IA haute performance en robotique.<\/span><\/p>","protected":false},"excerpt":{"rendered":"<p><span class=\"citation-415\">Le <\/span><b><span class=\"citation-415\">Unitree Go2 EDU Plus (LiDAR mi-360)<\/span><\/b><span class=\"citation-415 citation-end-415\"> est un robot quadrup\u00e8de intelligent avanc\u00e9 con\u00e7u comme la plate-forme ultime pour la recherche en robotique, l&#039;\u00e9ducation avanc\u00e9e et le d\u00e9veloppement sophistiqu\u00e9.<\/span> <span class=\"citation-414 citation-end-414\">Il combine un calcul puissant, une d\u00e9tection de haute pr\u00e9cision et une mobilit\u00e9 exceptionnelle pour s&#039;attaquer aux t\u00e2ches complexes d&#039;IA et de navigation autonome.<\/span><\/p>\n<div class=\"source-inline-chip-container ng-star-inserted\"><\/div>\n<div class=\"source-inline-chip-container ng-star-inserted\"><\/div>\n<p>&nbsp;<\/p>","protected":false},"featured_media":21221,"comment_status":"open","ping_status":"closed","template":"","meta":[],"product_brand":[1087],"product_cat":[1039,1037,1085],"product_tag":[1088,1092,1089,1090],"class_list":{"0":"post-21225","1":"product","2":"type-product","3":"status-publish","4":"has-post-thumbnail","6":"product_brand-unitree","7":"product_cat-quadruped","8":"product_cat-robotics","9":"product_cat-unitree-quad-robots","10":"product_tag-unitree","11":"product_tag-unitree-go2-series","12":"product_tag-unitree-quadruped","13":"product_tag-unitree-quadruped-robots","15":"first","16":"onbackorder","17":"taxable","18":"shipping-taxable","19":"purchasable","20":"product-type-simple"},"yoast_head":"<!-- This site is optimized with the Yoast SEO plugin v27.1.1 - https:\/\/yoast.com\/product\/yoast-seo-wordpress\/ -->\n<title>Unitree Go2 EDU Plus (Mid- 360 LiDAR) - Ghostysky<\/title>\n<meta name=\"description\" content=\"The Unitree Go2 EDU Plus (Mid-360 LiDAR) is an advanced intelligent quadruped robot designed as the ultimate platform for robotics research, advanced education, and sophisticated development. It combines powerful computing, high-precision sensing, and exceptional mobility to tackle complex AI and autonomous navigation tasks.\" \/>\n<meta name=\"robots\" content=\"index, follow, max-snippet:-1, max-image-preview:large, max-video-preview:-1\" \/>\n<link rel=\"canonical\" href=\"https:\/\/www.ghostysky.com\/fr\/product\/unitree-go2-edu-plus-mid-360-lidar\/\" \/>\n<meta property=\"og:locale\" content=\"fr_FR\" \/>\n<meta property=\"og:type\" content=\"article\" \/>\n<meta property=\"og:title\" content=\"Unitree Go2 EDU Plus (Mid- 360 LiDAR) - Ghostysky\" \/>\n<meta property=\"og:description\" content=\"The Unitree Go2 EDU Plus (Mid-360 LiDAR) is an advanced intelligent quadruped robot designed as the ultimate platform for robotics research, advanced education, and sophisticated development. It combines powerful computing, high-precision sensing, and exceptional mobility to tackle complex AI and autonomous navigation tasks.\" \/>\n<meta property=\"og:url\" content=\"https:\/\/www.ghostysky.com\/fr\/product\/unitree-go2-edu-plus-mid-360-lidar\/\" \/>\n<meta property=\"og:site_name\" content=\"Ghostysky\" \/>\n<meta property=\"article:publisher\" content=\"https:\/\/www.facebook.com\/people\/Ghostysky\/100057676170234\/\" \/>\n<meta property=\"article:modified_time\" content=\"2026-02-05T11:09:15+00:00\" \/>\n<meta property=\"og:image\" content=\"https:\/\/www.ghostysky.com\/wp-content\/uploads\/2025\/10\/GH_Unitree_GO2_EDU_1.webp\" \/>\n\t<meta property=\"og:image:width\" content=\"800\" \/>\n\t<meta property=\"og:image:height\" content=\"800\" \/>\n\t<meta property=\"og:image:type\" content=\"image\/webp\" \/>\n<meta name=\"twitter:card\" content=\"summary_large_image\" \/>\n<meta name=\"twitter:site\" content=\"@Gh0stysky\" \/>\n<meta name=\"twitter:label1\" content=\"Dur\u00e9e de lecture estim\u00e9e\" \/>\n\t<meta name=\"twitter:data1\" content=\"2 minutes\" \/>\n<script type=\"application\/ld+json\" class=\"yoast-schema-graph\">{\"@context\":\"https:\/\/schema.org\",\"@graph\":[{\"@type\":\"WebPage\",\"@id\":\"https:\/\/www.ghostysky.com\/product\/unitree-go2-edu-plus-mid-360-lidar\/\",\"url\":\"https:\/\/www.ghostysky.com\/product\/unitree-go2-edu-plus-mid-360-lidar\/\",\"name\":\"Unitree Go2 EDU Plus (Mid- 360 LiDAR) - Ghostysky\",\"isPartOf\":{\"@id\":\"https:\/\/www.ghostysky.com\/#website\"},\"primaryImageOfPage\":{\"@id\":\"https:\/\/www.ghostysky.com\/product\/unitree-go2-edu-plus-mid-360-lidar\/#primaryimage\"},\"image\":{\"@id\":\"https:\/\/www.ghostysky.com\/product\/unitree-go2-edu-plus-mid-360-lidar\/#primaryimage\"},\"thumbnailUrl\":\"https:\/\/www.ghostysky.com\/wp-content\/uploads\/2025\/10\/GH_Unitree_GO2_EDU_1.webp\",\"datePublished\":\"2025-10-16T05:11:24+00:00\",\"dateModified\":\"2026-02-05T11:09:15+00:00\",\"description\":\"The Unitree Go2 EDU Plus (Mid-360 LiDAR) is an advanced intelligent quadruped robot designed as the ultimate platform for robotics research, advanced education, and sophisticated development. It combines powerful computing, high-precision sensing, and exceptional mobility to tackle complex AI and autonomous navigation tasks.\",\"breadcrumb\":{\"@id\":\"https:\/\/www.ghostysky.com\/product\/unitree-go2-edu-plus-mid-360-lidar\/#breadcrumb\"},\"inLanguage\":\"fr-FR\",\"potentialAction\":[{\"@type\":\"ReadAction\",\"target\":[\"https:\/\/www.ghostysky.com\/product\/unitree-go2-edu-plus-mid-360-lidar\/\"]}]},{\"@type\":\"ImageObject\",\"inLanguage\":\"fr-FR\",\"@id\":\"https:\/\/www.ghostysky.com\/product\/unitree-go2-edu-plus-mid-360-lidar\/#primaryimage\",\"url\":\"https:\/\/www.ghostysky.com\/wp-content\/uploads\/2025\/10\/GH_Unitree_GO2_EDU_1.webp\",\"contentUrl\":\"https:\/\/www.ghostysky.com\/wp-content\/uploads\/2025\/10\/GH_Unitree_GO2_EDU_1.webp\",\"width\":800,\"height\":800},{\"@type\":\"BreadcrumbList\",\"@id\":\"https:\/\/www.ghostysky.com\/product\/unitree-go2-edu-plus-mid-360-lidar\/#breadcrumb\",\"itemListElement\":[{\"@type\":\"ListItem\",\"position\":1,\"name\":\"Home\",\"item\":\"https:\/\/www.ghostysky.com\/\"},{\"@type\":\"ListItem\",\"position\":2,\"name\":\"Shop\",\"item\":\"https:\/\/www.ghostysky.com\/shop\/\"},{\"@type\":\"ListItem\",\"position\":3,\"name\":\"Unitree Go2 EDU Plus (Mid- 360 LiDAR)\"}]},{\"@type\":\"WebSite\",\"@id\":\"https:\/\/www.ghostysky.com\/#website\",\"url\":\"https:\/\/www.ghostysky.com\/\",\"name\":\"Ghostysky\",\"description\":\"Delivering professional drones and services\",\"publisher\":{\"@id\":\"https:\/\/www.ghostysky.com\/#organization\"},\"potentialAction\":[{\"@type\":\"SearchAction\",\"target\":{\"@type\":\"EntryPoint\",\"urlTemplate\":\"https:\/\/www.ghostysky.com\/?s={search_term_string}\"},\"query-input\":{\"@type\":\"PropertyValueSpecification\",\"valueRequired\":true,\"valueName\":\"search_term_string\"}}],\"inLanguage\":\"fr-FR\"},{\"@type\":\"Organization\",\"@id\":\"https:\/\/www.ghostysky.com\/#organization\",\"name\":\"Ghostysky\",\"url\":\"https:\/\/www.ghostysky.com\/\",\"logo\":{\"@type\":\"ImageObject\",\"inLanguage\":\"fr-FR\",\"@id\":\"https:\/\/www.ghostysky.com\/#\/schema\/logo\/image\/\",\"url\":\"https:\/\/www.ghostysky.com\/wp-content\/uploads\/2020\/06\/cropped-ghostyskylogo_text_white2.png\",\"contentUrl\":\"https:\/\/www.ghostysky.com\/wp-content\/uploads\/2020\/06\/cropped-ghostyskylogo_text_white2.png\",\"width\":169,\"height\":56,\"caption\":\"Ghostysky\"},\"image\":{\"@id\":\"https:\/\/www.ghostysky.com\/#\/schema\/logo\/image\/\"},\"sameAs\":[\"https:\/\/www.facebook.com\/people\/Ghostysky\/100057676170234\/\",\"https:\/\/x.com\/Gh0stysky\",\"https:\/\/www.linkedin.com\/company\/34739653\",\"https:\/\/www.instagram.com\/gh0stysky\"]}]}<\/script>\n<!-- \/ Yoast SEO plugin. -->","yoast_head_json":{"title":"Unitree Go2 EDU Plus (Mid-360 LiDAR) - Ghostysky","description":"L&#039;Unitree Go2 EDU Plus (Mid-360 LiDAR) est un robot quadrup\u00e8de intelligent de pointe, con\u00e7u comme la plateforme id\u00e9ale pour la recherche robotique, l&#039;enseignement sup\u00e9rieur et le d\u00e9veloppement sophistiqu\u00e9. Il allie puissance de calcul, d\u00e9tection de haute pr\u00e9cision et mobilit\u00e9 exceptionnelle pour r\u00e9aliser des t\u00e2ches complexes d&#039;IA et de navigation autonome.","robots":{"index":"index","follow":"follow","max-snippet":"max-snippet:-1","max-image-preview":"max-image-preview:large","max-video-preview":"max-video-preview:-1"},"canonical":"https:\/\/www.ghostysky.com\/fr\/product\/unitree-go2-edu-plus-mid-360-lidar\/","og_locale":"fr_FR","og_type":"article","og_title":"Unitree Go2 EDU Plus (Mid- 360 LiDAR) - Ghostysky","og_description":"The Unitree Go2 EDU Plus (Mid-360 LiDAR) is an advanced intelligent quadruped robot designed as the ultimate platform for robotics research, advanced education, and sophisticated development. It combines powerful computing, high-precision sensing, and exceptional mobility to tackle complex AI and autonomous navigation tasks.","og_url":"https:\/\/www.ghostysky.com\/fr\/product\/unitree-go2-edu-plus-mid-360-lidar\/","og_site_name":"Ghostysky","article_publisher":"https:\/\/www.facebook.com\/people\/Ghostysky\/100057676170234\/","article_modified_time":"2026-02-05T11:09:15+00:00","og_image":[{"width":800,"height":800,"url":"https:\/\/www.ghostysky.com\/wp-content\/uploads\/2025\/10\/GH_Unitree_GO2_EDU_1.webp","type":"image\/webp"}],"twitter_card":"summary_large_image","twitter_site":"@Gh0stysky","twitter_misc":{"Dur\u00e9e de lecture estim\u00e9e":"2 minutes"},"schema":{"@context":"https:\/\/schema.org","@graph":[{"@type":"WebPage","@id":"https:\/\/www.ghostysky.com\/product\/unitree-go2-edu-plus-mid-360-lidar\/","url":"https:\/\/www.ghostysky.com\/product\/unitree-go2-edu-plus-mid-360-lidar\/","name":"Unitree Go2 EDU Plus (Mid-360 LiDAR) - Ghostysky","isPartOf":{"@id":"https:\/\/www.ghostysky.com\/#website"},"primaryImageOfPage":{"@id":"https:\/\/www.ghostysky.com\/product\/unitree-go2-edu-plus-mid-360-lidar\/#primaryimage"},"image":{"@id":"https:\/\/www.ghostysky.com\/product\/unitree-go2-edu-plus-mid-360-lidar\/#primaryimage"},"thumbnailUrl":"https:\/\/www.ghostysky.com\/wp-content\/uploads\/2025\/10\/GH_Unitree_GO2_EDU_1.webp","datePublished":"2025-10-16T05:11:24+00:00","dateModified":"2026-02-05T11:09:15+00:00","description":"L&#039;Unitree Go2 EDU Plus (Mid-360 LiDAR) est un robot quadrup\u00e8de intelligent de pointe, con\u00e7u comme la plateforme id\u00e9ale pour la recherche robotique, l&#039;enseignement sup\u00e9rieur et le d\u00e9veloppement sophistiqu\u00e9. Il allie puissance de calcul, d\u00e9tection de haute pr\u00e9cision et mobilit\u00e9 exceptionnelle pour r\u00e9aliser des t\u00e2ches complexes d&#039;IA et de navigation autonome.","breadcrumb":{"@id":"https:\/\/www.ghostysky.com\/product\/unitree-go2-edu-plus-mid-360-lidar\/#breadcrumb"},"inLanguage":"fr-FR","potentialAction":[{"@type":"ReadAction","target":["https:\/\/www.ghostysky.com\/product\/unitree-go2-edu-plus-mid-360-lidar\/"]}]},{"@type":"ImageObject","inLanguage":"fr-FR","@id":"https:\/\/www.ghostysky.com\/product\/unitree-go2-edu-plus-mid-360-lidar\/#primaryimage","url":"https:\/\/www.ghostysky.com\/wp-content\/uploads\/2025\/10\/GH_Unitree_GO2_EDU_1.webp","contentUrl":"https:\/\/www.ghostysky.com\/wp-content\/uploads\/2025\/10\/GH_Unitree_GO2_EDU_1.webp","width":800,"height":800},{"@type":"BreadcrumbList","@id":"https:\/\/www.ghostysky.com\/product\/unitree-go2-edu-plus-mid-360-lidar\/#breadcrumb","itemListElement":[{"@type":"ListItem","position":1,"name":"Home","item":"https:\/\/www.ghostysky.com\/"},{"@type":"ListItem","position":2,"name":"Shop","item":"https:\/\/www.ghostysky.com\/shop\/"},{"@type":"ListItem","position":3,"name":"Unitree Go2 EDU Plus (Mid- 360 LiDAR)"}]},{"@type":"WebSite","@id":"https:\/\/www.ghostysky.com\/#website","url":"https:\/\/www.ghostysky.com\/","name":"Ghostysky","description":"Livraison de drones et de services professionnels","publisher":{"@id":"https:\/\/www.ghostysky.com\/#organization"},"potentialAction":[{"@type":"SearchAction","target":{"@type":"EntryPoint","urlTemplate":"https:\/\/www.ghostysky.com\/?s={search_term_string}"},"query-input":{"@type":"PropertyValueSpecification","valueRequired":true,"valueName":"search_term_string"}}],"inLanguage":"fr-FR"},{"@type":"Organization","@id":"https:\/\/www.ghostysky.com\/#organization","name":"Ghostysky","url":"https:\/\/www.ghostysky.com\/","logo":{"@type":"ImageObject","inLanguage":"fr-FR","@id":"https:\/\/www.ghostysky.com\/#\/schema\/logo\/image\/","url":"https:\/\/www.ghostysky.com\/wp-content\/uploads\/2020\/06\/cropped-ghostyskylogo_text_white2.png","contentUrl":"https:\/\/www.ghostysky.com\/wp-content\/uploads\/2020\/06\/cropped-ghostyskylogo_text_white2.png","width":169,"height":56,"caption":"Ghostysky"},"image":{"@id":"https:\/\/www.ghostysky.com\/#\/schema\/logo\/image\/"},"sameAs":["https:\/\/www.facebook.com\/people\/Ghostysky\/100057676170234\/","https:\/\/x.com\/Gh0stysky","https:\/\/www.linkedin.com\/company\/34739653","https:\/\/www.instagram.com\/gh0stysky"]}]}},"_links":{"self":[{"href":"https:\/\/www.ghostysky.com\/fr\/wp-json\/wp\/v2\/product\/21225","targetHints":{"allow":["GET"]}}],"collection":[{"href":"https:\/\/www.ghostysky.com\/fr\/wp-json\/wp\/v2\/product"}],"about":[{"href":"https:\/\/www.ghostysky.com\/fr\/wp-json\/wp\/v2\/types\/product"}],"replies":[{"embeddable":true,"href":"https:\/\/www.ghostysky.com\/fr\/wp-json\/wp\/v2\/comments?post=21225"}],"wp:featuredmedia":[{"embeddable":true,"href":"https:\/\/www.ghostysky.com\/fr\/wp-json\/wp\/v2\/media\/21221"}],"wp:attachment":[{"href":"https:\/\/www.ghostysky.com\/fr\/wp-json\/wp\/v2\/media?parent=21225"}],"wp:term":[{"taxonomy":"product_brand","embeddable":true,"href":"https:\/\/www.ghostysky.com\/fr\/wp-json\/wp\/v2\/product_brand?post=21225"},{"taxonomy":"product_cat","embeddable":true,"href":"https:\/\/www.ghostysky.com\/fr\/wp-json\/wp\/v2\/product_cat?post=21225"},{"taxonomy":"product_tag","embeddable":true,"href":"https:\/\/www.ghostysky.com\/fr\/wp-json\/wp\/v2\/product_tag?post=21225"}],"curies":[{"name":"wp","href":"https:\/\/api.w.org\/{rel}","templated":true}]}}