{"id":21229,"date":"2025-10-16T05:16:29","date_gmt":"2025-10-16T05:16:29","guid":{"rendered":"https:\/\/www.ghostysky.com\/?post_type=product&#038;p=21229"},"modified":"2026-02-05T11:10:28","modified_gmt":"2026-02-05T11:10:28","slug":"unitree-go2-edu-plus-xt16-lidar","status":"publish","type":"product","link":"https:\/\/www.ghostysky.com\/fr\/product\/unitree-go2-edu-plus-xt16-lidar\/","title":{"rendered":"Unitree Go2 EDU Plus (XT16 LiDAR)"},"content":{"rendered":"<h3><b>Principales fonctionnalit\u00e9s et capacit\u00e9s<\/b><\/h3>\n<ul>\n<li><b>Puissance de calcul exceptionnelle :<\/b><span class=\"citation-456\"> La version EDU Plus est \u00e9quip\u00e9e d&#039;un puissant <\/span><b><span class=\"citation-456\">100 TOPS (NVIDIA Orin NX)<\/span><\/b><span class=\"citation-456 citation-end-456\"> module de calcul, offrant des capacit\u00e9s de m\u00e9ga-calcul robustes pour les algorithmes d&#039;IA avanc\u00e9s et les t\u00e2ches de calcul complexes.<\/span><\/li>\n<li><b><span class=\"citation-455\">LiDAR 3D Hesai XT16 :<\/span><\/b><span class=\"citation-455 citation-end-455\"> Cette configuration comprend le LiDAR rotatif Hesai XT16 de haute pr\u00e9cision et de milieu de gamme, qui am\u00e9liore consid\u00e9rablement la perception spatiale du robot.<\/span>\u00a0<span class=\"citation-454 citation-end-454\">Il offre un <\/span><b><span class=\"math-inline\" data-math=\"360^\\circ\">360\u00ba<\/span><span class=\"citation-453\"> horizontal<\/span><\/b><span class=\"citation-453 citation-end-453\"> et <\/span><b><span class=\"math-inline\" data-math=\"30^\\circ\">30\u00ba<\/span><span class=\"citation-452\"> verticale<\/span><\/b><span class=\"citation-452\"> Champ de vision (FoV) avec une plage de d\u00e9tection de <\/span><b><span class=\"citation-452\">0,05 m jusqu&#039;\u00e0 120 m<\/span><\/b><span class=\"citation-452 citation-end-452\">, permettant une cartographie environnementale et une d\u00e9tection d&#039;obstacles tr\u00e8s pr\u00e9cises.<\/span><\/li>\n<li><b><span class=\"citation-451\">Navigation et perception avanc\u00e9es\u00a0:<\/span><\/b><span class=\"citation-451\"> En plus du XT16, il dispose du syst\u00e8me d\u00e9velopp\u00e9 par Unitree <\/span><b><span class=\"citation-451\">LiDAR 4D L1<\/span><\/b><span class=\"citation-451 citation-end-451\"> pour <\/span><b><span class=\"math-inline\" data-math=\"360^\\circ \\times 90^\\circ\">360\u00ba x 90\u00ba<\/span><span class=\"citation-450\"> reconnaissance ultra-large et tout-terrain<\/span><\/b><span class=\"citation-450 citation-end-450\">, minimisant les angles morts.<sup class=\"superscript\" data-turn-source-index=\"8\">8<\/sup><\/span> <span class=\"citation-449\">Cette configuration double LiDAR permet <\/span><b><span class=\"citation-449\">Cartographie LiDAR 3D<\/span><\/b><span class=\"citation-449 citation-end-449\"> et la cr\u00e9ation de cartes d\u00e9taill\u00e9es en nuages de points pour d\u00e9finir des trajectoires de d\u00e9placement autonomes.<\/span><\/li>\n<li><b><span class=\"citation-448\">Syst\u00e8me intelligent de suivi lat\u00e9ral (ISS 2.0) :<\/span><\/b><span class=\"citation-448\"> La technologie am\u00e9lior\u00e9e de positionnement vectoriel sans fil am\u00e9liore la pr\u00e9cision du positionnement en <\/span><b><span class=\"citation-448\">50%<\/span><\/b><span class=\"citation-448\"> et \u00e9tend la distance de la t\u00e9l\u00e9commande au-del\u00e0 <\/span><b><span class=\"citation-448\">30 m\u00e8tres<\/span><\/b><span class=\"citation-448 citation-end-448\">, optimisant l&#039;\u00e9vitement des obstacles et la navigation stable dans des environnements complexes.<\/span><\/li>\n<li><b>Performances robotiques haut de gamme :<\/b>\n<ul>\n<li><b>Vitesse:<\/b><span class=\"citation-447\"> Vitesse de course maximale d&#039;environ <\/span><b><span class=\"citation-447\">3,7 m\/s<\/span><\/b><span class=\"citation-447 citation-end-447\"> (jusqu&#039;\u00e0 la limite de 5 m\/s).<\/span><\/li>\n<li><b>Endurance:<\/b><span class=\"citation-446\"> Comprend un <\/span><b><span class=\"citation-446\">Batterie intelligente ultra-longue dur\u00e9e de 15 000 mAh<\/span><\/b><span class=\"citation-446\"> fournissant environ <\/span><b><span class=\"citation-446\">2 \u00e0 4 heures<\/span><\/b><span class=\"citation-446 citation-end-446\"> de fonctionnement.<\/span><\/li>\n<li><b>Charge utile:<\/b><span class=\"citation-445 citation-end-445\"> Capable de transporter une charge utile mobile continue allant jusqu&#039;\u00e0\u00a0<\/span><b><span class=\"math-inline\" data-math=\"\\approx 8\">environ 8<\/span><span class=\"citation-444 citation-end-444\"> kg (Max <\/span><span class=\"math-inline\" data-math=\"\\approx 12\">environ 12<\/span><span class=\"citation-443\">\u00a0kg)<\/span><\/b><span class=\"citation-443 citation-end-443\">.<\/span><\/li>\n<li><b>Agilit\u00e9:<\/b><span class=\"citation-442\"> B\u00e9n\u00e9ficie d&#039;une formation approfondie en simulation d&#039;IA, lui permettant d&#039;effectuer des mouvements complexes et stables comme la marche \u00e0 l&#039;envers, le retournement adaptatif et l&#039;escalade d&#039;obstacles jusqu&#039;\u00e0 <\/span><b><span class=\"citation-442\">16 cm<\/span><\/b><span class=\"citation-442 citation-end-442\"> haut.<\/span><\/li>\n<\/ul>\n<\/li>\n<li><b>D\u00e9veloppement et connectivit\u00e9 :<\/b>\n<ul>\n<li><span class=\"citation-441\">Complet <\/span><b><span class=\"citation-441\">soutien au d\u00e9veloppement secondaire<\/span><\/b><span class=\"citation-441\"> avec compatibilit\u00e9 pour <\/span><b><span class=\"citation-441\">ROS, Python, C++,<\/span><\/b><span class=\"citation-441 citation-end-441\"> et la programmation graphique.<\/span><\/li>\n<li><span class=\"citation-440\">Comprend un <\/span><b><span class=\"citation-440\">Station d&#039;accueil<\/span><\/b><span class=\"citation-440 citation-end-440\"> avec des ports d&#039;E\/S suppl\u00e9mentaires pour l&#039;extension.<\/span><\/li>\n<li><span class=\"citation-439\">La connectivit\u00e9 comprend <\/span><b><span class=\"citation-439\">Wi-Fi 6<\/span><\/b><span class=\"citation-439\">, <\/span><b><span class=\"citation-439\">Bluetooth 5.2<\/span><\/b><span class=\"citation-439\">, et un <\/span><b><span class=\"citation-439\">module 4G int\u00e9gr\u00e9<\/span><\/b><span class=\"citation-439 citation-end-439\"> pour des connexions stables et une surveillance \u00e0 distance en temps r\u00e9el via une application.<\/span><\/li>\n<li><span class=\"citation-438\">Soutient <\/span><b><span class=\"citation-438\">Mises \u00e0 niveau Over-The-Air (OTA)<\/span><\/b><span class=\"citation-438 citation-end-438\"> pour des am\u00e9liorations continues des logiciels et des performances.<\/span><\/li>\n<\/ul>\n<\/li>\n<\/ul>\n<p><span class=\"citation-437 citation-end-437\">Cette configuration est un outil id\u00e9al pour les chercheurs et les \u00e9tudiants qui repoussent les limites de la navigation autonome, de la vision par ordinateur et de la robotique IA avanc\u00e9e.<\/span><\/p>","protected":false},"excerpt":{"rendered":"<p>L&#039;Unitree Go2 EDU Plus (XT16 LiDAR) est un robot quadrup\u00e8de intelligent hautes performances con\u00e7u comme la plate-forme ultime pour la recherche avanc\u00e9e, l&#039;enseignement de la robotique et les projets de d\u00e9veloppement complexes.<\/p>","protected":false},"featured_media":21221,"comment_status":"open","ping_status":"closed","template":"","meta":[],"product_brand":[1087],"product_cat":[1039,1037,1085],"product_tag":[1088,1092,1089,1090],"class_list":{"0":"post-21229","1":"product","2":"type-product","3":"status-publish","4":"has-post-thumbnail","6":"product_brand-unitree","7":"product_cat-quadruped","8":"product_cat-robotics","9":"product_cat-unitree-quad-robots","10":"product_tag-unitree","11":"product_tag-unitree-go2-series","12":"product_tag-unitree-quadruped","13":"product_tag-unitree-quadruped-robots","15":"first","16":"onbackorder","17":"taxable","18":"shipping-taxable","19":"purchasable","20":"product-type-simple"},"yoast_head":"<!-- This site is optimized with the Yoast SEO plugin v27.1.1 - https:\/\/yoast.com\/product\/yoast-seo-wordpress\/ -->\n<title>Unitree Go2 EDU Plus (XT16 LiDAR) - Ghostysky<\/title>\n<meta name=\"description\" content=\"The Unitree Go2 EDU Plus (XT16 LiDAR) is a high-performance, intelligent quadruped robot designed as the ultimate platform for advanced research, robotics education, and complex development projects.\" \/>\n<meta name=\"robots\" content=\"index, follow, max-snippet:-1, max-image-preview:large, max-video-preview:-1\" \/>\n<link rel=\"canonical\" href=\"https:\/\/www.ghostysky.com\/fr\/product\/unitree-go2-edu-plus-xt16-lidar\/\" \/>\n<meta property=\"og:locale\" content=\"fr_FR\" \/>\n<meta property=\"og:type\" content=\"article\" \/>\n<meta property=\"og:title\" content=\"Unitree Go2 EDU Plus (XT16 LiDAR) - Ghostysky\" \/>\n<meta property=\"og:description\" content=\"The Unitree Go2 EDU Plus (XT16 LiDAR) is a high-performance, intelligent quadruped robot designed as the ultimate platform for advanced research, robotics education, and complex development projects.\" \/>\n<meta property=\"og:url\" content=\"https:\/\/www.ghostysky.com\/fr\/product\/unitree-go2-edu-plus-xt16-lidar\/\" \/>\n<meta property=\"og:site_name\" content=\"Ghostysky\" \/>\n<meta property=\"article:publisher\" content=\"https:\/\/www.facebook.com\/people\/Ghostysky\/100057676170234\/\" \/>\n<meta property=\"article:modified_time\" content=\"2026-02-05T11:10:28+00:00\" \/>\n<meta property=\"og:image\" content=\"https:\/\/www.ghostysky.com\/wp-content\/uploads\/2025\/10\/GH_Unitree_GO2_EDU_1.webp\" \/>\n\t<meta property=\"og:image:width\" content=\"800\" \/>\n\t<meta property=\"og:image:height\" content=\"800\" \/>\n\t<meta property=\"og:image:type\" content=\"image\/webp\" \/>\n<meta name=\"twitter:card\" content=\"summary_large_image\" \/>\n<meta name=\"twitter:site\" content=\"@Gh0stysky\" \/>\n<meta name=\"twitter:label1\" content=\"Dur\u00e9e de lecture estim\u00e9e\" \/>\n\t<meta name=\"twitter:data1\" content=\"2 minutes\" \/>\n<script type=\"application\/ld+json\" class=\"yoast-schema-graph\">{\"@context\":\"https:\/\/schema.org\",\"@graph\":[{\"@type\":\"WebPage\",\"@id\":\"https:\/\/www.ghostysky.com\/product\/unitree-go2-edu-plus-xt16-lidar\/\",\"url\":\"https:\/\/www.ghostysky.com\/product\/unitree-go2-edu-plus-xt16-lidar\/\",\"name\":\"Unitree Go2 EDU Plus (XT16 LiDAR) - Ghostysky\",\"isPartOf\":{\"@id\":\"https:\/\/www.ghostysky.com\/#website\"},\"primaryImageOfPage\":{\"@id\":\"https:\/\/www.ghostysky.com\/product\/unitree-go2-edu-plus-xt16-lidar\/#primaryimage\"},\"image\":{\"@id\":\"https:\/\/www.ghostysky.com\/product\/unitree-go2-edu-plus-xt16-lidar\/#primaryimage\"},\"thumbnailUrl\":\"https:\/\/www.ghostysky.com\/wp-content\/uploads\/2025\/10\/GH_Unitree_GO2_EDU_1.webp\",\"datePublished\":\"2025-10-16T05:16:29+00:00\",\"dateModified\":\"2026-02-05T11:10:28+00:00\",\"description\":\"The Unitree Go2 EDU Plus (XT16 LiDAR) is a high-performance, intelligent quadruped robot designed as the ultimate platform for advanced research, robotics education, and complex development projects.\",\"breadcrumb\":{\"@id\":\"https:\/\/www.ghostysky.com\/product\/unitree-go2-edu-plus-xt16-lidar\/#breadcrumb\"},\"inLanguage\":\"fr-FR\",\"potentialAction\":[{\"@type\":\"ReadAction\",\"target\":[\"https:\/\/www.ghostysky.com\/product\/unitree-go2-edu-plus-xt16-lidar\/\"]}]},{\"@type\":\"ImageObject\",\"inLanguage\":\"fr-FR\",\"@id\":\"https:\/\/www.ghostysky.com\/product\/unitree-go2-edu-plus-xt16-lidar\/#primaryimage\",\"url\":\"https:\/\/www.ghostysky.com\/wp-content\/uploads\/2025\/10\/GH_Unitree_GO2_EDU_1.webp\",\"contentUrl\":\"https:\/\/www.ghostysky.com\/wp-content\/uploads\/2025\/10\/GH_Unitree_GO2_EDU_1.webp\",\"width\":800,\"height\":800},{\"@type\":\"BreadcrumbList\",\"@id\":\"https:\/\/www.ghostysky.com\/product\/unitree-go2-edu-plus-xt16-lidar\/#breadcrumb\",\"itemListElement\":[{\"@type\":\"ListItem\",\"position\":1,\"name\":\"Home\",\"item\":\"https:\/\/www.ghostysky.com\/\"},{\"@type\":\"ListItem\",\"position\":2,\"name\":\"Shop\",\"item\":\"https:\/\/www.ghostysky.com\/shop\/\"},{\"@type\":\"ListItem\",\"position\":3,\"name\":\"Unitree Go2 EDU Plus (XT16 LiDAR)\"}]},{\"@type\":\"WebSite\",\"@id\":\"https:\/\/www.ghostysky.com\/#website\",\"url\":\"https:\/\/www.ghostysky.com\/\",\"name\":\"Ghostysky\",\"description\":\"Delivering professional drones and services\",\"publisher\":{\"@id\":\"https:\/\/www.ghostysky.com\/#organization\"},\"potentialAction\":[{\"@type\":\"SearchAction\",\"target\":{\"@type\":\"EntryPoint\",\"urlTemplate\":\"https:\/\/www.ghostysky.com\/?s={search_term_string}\"},\"query-input\":{\"@type\":\"PropertyValueSpecification\",\"valueRequired\":true,\"valueName\":\"search_term_string\"}}],\"inLanguage\":\"fr-FR\"},{\"@type\":\"Organization\",\"@id\":\"https:\/\/www.ghostysky.com\/#organization\",\"name\":\"Ghostysky\",\"url\":\"https:\/\/www.ghostysky.com\/\",\"logo\":{\"@type\":\"ImageObject\",\"inLanguage\":\"fr-FR\",\"@id\":\"https:\/\/www.ghostysky.com\/#\/schema\/logo\/image\/\",\"url\":\"https:\/\/www.ghostysky.com\/wp-content\/uploads\/2020\/06\/cropped-ghostyskylogo_text_white2.png\",\"contentUrl\":\"https:\/\/www.ghostysky.com\/wp-content\/uploads\/2020\/06\/cropped-ghostyskylogo_text_white2.png\",\"width\":169,\"height\":56,\"caption\":\"Ghostysky\"},\"image\":{\"@id\":\"https:\/\/www.ghostysky.com\/#\/schema\/logo\/image\/\"},\"sameAs\":[\"https:\/\/www.facebook.com\/people\/Ghostysky\/100057676170234\/\",\"https:\/\/x.com\/Gh0stysky\",\"https:\/\/www.linkedin.com\/company\/34739653\",\"https:\/\/www.instagram.com\/gh0stysky\"]}]}<\/script>\n<!-- \/ Yoast SEO plugin. -->","yoast_head_json":{"title":"Unitree Go2 EDU Plus (XT16 LiDAR) - Ghostysky","description":"L&#039;Unitree Go2 EDU Plus (XT16 LiDAR) est un robot quadrup\u00e8de intelligent hautes performances con\u00e7u comme la plate-forme ultime pour la recherche avanc\u00e9e, l&#039;enseignement de la robotique et les projets de d\u00e9veloppement complexes.","robots":{"index":"index","follow":"follow","max-snippet":"max-snippet:-1","max-image-preview":"max-image-preview:large","max-video-preview":"max-video-preview:-1"},"canonical":"https:\/\/www.ghostysky.com\/fr\/product\/unitree-go2-edu-plus-xt16-lidar\/","og_locale":"fr_FR","og_type":"article","og_title":"Unitree Go2 EDU Plus (XT16 LiDAR) - Ghostysky","og_description":"The Unitree Go2 EDU Plus (XT16 LiDAR) is a high-performance, intelligent quadruped robot designed as the ultimate platform for advanced research, robotics education, and complex development projects.","og_url":"https:\/\/www.ghostysky.com\/fr\/product\/unitree-go2-edu-plus-xt16-lidar\/","og_site_name":"Ghostysky","article_publisher":"https:\/\/www.facebook.com\/people\/Ghostysky\/100057676170234\/","article_modified_time":"2026-02-05T11:10:28+00:00","og_image":[{"width":800,"height":800,"url":"https:\/\/www.ghostysky.com\/wp-content\/uploads\/2025\/10\/GH_Unitree_GO2_EDU_1.webp","type":"image\/webp"}],"twitter_card":"summary_large_image","twitter_site":"@Gh0stysky","twitter_misc":{"Dur\u00e9e de lecture estim\u00e9e":"2 minutes"},"schema":{"@context":"https:\/\/schema.org","@graph":[{"@type":"WebPage","@id":"https:\/\/www.ghostysky.com\/product\/unitree-go2-edu-plus-xt16-lidar\/","url":"https:\/\/www.ghostysky.com\/product\/unitree-go2-edu-plus-xt16-lidar\/","name":"Unitree Go2 EDU Plus (XT16 LiDAR) - Ghostysky","isPartOf":{"@id":"https:\/\/www.ghostysky.com\/#website"},"primaryImageOfPage":{"@id":"https:\/\/www.ghostysky.com\/product\/unitree-go2-edu-plus-xt16-lidar\/#primaryimage"},"image":{"@id":"https:\/\/www.ghostysky.com\/product\/unitree-go2-edu-plus-xt16-lidar\/#primaryimage"},"thumbnailUrl":"https:\/\/www.ghostysky.com\/wp-content\/uploads\/2025\/10\/GH_Unitree_GO2_EDU_1.webp","datePublished":"2025-10-16T05:16:29+00:00","dateModified":"2026-02-05T11:10:28+00:00","description":"L&#039;Unitree Go2 EDU Plus (XT16 LiDAR) est un robot quadrup\u00e8de intelligent hautes performances con\u00e7u comme la plate-forme ultime pour la recherche avanc\u00e9e, l&#039;enseignement de la robotique et les projets de d\u00e9veloppement complexes.","breadcrumb":{"@id":"https:\/\/www.ghostysky.com\/product\/unitree-go2-edu-plus-xt16-lidar\/#breadcrumb"},"inLanguage":"fr-FR","potentialAction":[{"@type":"ReadAction","target":["https:\/\/www.ghostysky.com\/product\/unitree-go2-edu-plus-xt16-lidar\/"]}]},{"@type":"ImageObject","inLanguage":"fr-FR","@id":"https:\/\/www.ghostysky.com\/product\/unitree-go2-edu-plus-xt16-lidar\/#primaryimage","url":"https:\/\/www.ghostysky.com\/wp-content\/uploads\/2025\/10\/GH_Unitree_GO2_EDU_1.webp","contentUrl":"https:\/\/www.ghostysky.com\/wp-content\/uploads\/2025\/10\/GH_Unitree_GO2_EDU_1.webp","width":800,"height":800},{"@type":"BreadcrumbList","@id":"https:\/\/www.ghostysky.com\/product\/unitree-go2-edu-plus-xt16-lidar\/#breadcrumb","itemListElement":[{"@type":"ListItem","position":1,"name":"Home","item":"https:\/\/www.ghostysky.com\/"},{"@type":"ListItem","position":2,"name":"Shop","item":"https:\/\/www.ghostysky.com\/shop\/"},{"@type":"ListItem","position":3,"name":"Unitree Go2 EDU Plus (XT16 LiDAR)"}]},{"@type":"WebSite","@id":"https:\/\/www.ghostysky.com\/#website","url":"https:\/\/www.ghostysky.com\/","name":"Ghostysky","description":"Livraison de drones et de services professionnels","publisher":{"@id":"https:\/\/www.ghostysky.com\/#organization"},"potentialAction":[{"@type":"SearchAction","target":{"@type":"EntryPoint","urlTemplate":"https:\/\/www.ghostysky.com\/?s={search_term_string}"},"query-input":{"@type":"PropertyValueSpecification","valueRequired":true,"valueName":"search_term_string"}}],"inLanguage":"fr-FR"},{"@type":"Organization","@id":"https:\/\/www.ghostysky.com\/#organization","name":"Ghostysky","url":"https:\/\/www.ghostysky.com\/","logo":{"@type":"ImageObject","inLanguage":"fr-FR","@id":"https:\/\/www.ghostysky.com\/#\/schema\/logo\/image\/","url":"https:\/\/www.ghostysky.com\/wp-content\/uploads\/2020\/06\/cropped-ghostyskylogo_text_white2.png","contentUrl":"https:\/\/www.ghostysky.com\/wp-content\/uploads\/2020\/06\/cropped-ghostyskylogo_text_white2.png","width":169,"height":56,"caption":"Ghostysky"},"image":{"@id":"https:\/\/www.ghostysky.com\/#\/schema\/logo\/image\/"},"sameAs":["https:\/\/www.facebook.com\/people\/Ghostysky\/100057676170234\/","https:\/\/x.com\/Gh0stysky","https:\/\/www.linkedin.com\/company\/34739653","https:\/\/www.instagram.com\/gh0stysky"]}]}},"_links":{"self":[{"href":"https:\/\/www.ghostysky.com\/fr\/wp-json\/wp\/v2\/product\/21229","targetHints":{"allow":["GET"]}}],"collection":[{"href":"https:\/\/www.ghostysky.com\/fr\/wp-json\/wp\/v2\/product"}],"about":[{"href":"https:\/\/www.ghostysky.com\/fr\/wp-json\/wp\/v2\/types\/product"}],"replies":[{"embeddable":true,"href":"https:\/\/www.ghostysky.com\/fr\/wp-json\/wp\/v2\/comments?post=21229"}],"wp:featuredmedia":[{"embeddable":true,"href":"https:\/\/www.ghostysky.com\/fr\/wp-json\/wp\/v2\/media\/21221"}],"wp:attachment":[{"href":"https:\/\/www.ghostysky.com\/fr\/wp-json\/wp\/v2\/media?parent=21229"}],"wp:term":[{"taxonomy":"product_brand","embeddable":true,"href":"https:\/\/www.ghostysky.com\/fr\/wp-json\/wp\/v2\/product_brand?post=21229"},{"taxonomy":"product_cat","embeddable":true,"href":"https:\/\/www.ghostysky.com\/fr\/wp-json\/wp\/v2\/product_cat?post=21229"},{"taxonomy":"product_tag","embeddable":true,"href":"https:\/\/www.ghostysky.com\/fr\/wp-json\/wp\/v2\/product_tag?post=21229"}],"curies":[{"name":"wp","href":"https:\/\/api.w.org\/{rel}","templated":true}]}}