{"id":21230,"date":"2025-10-16T05:21:52","date_gmt":"2025-10-16T05:21:52","guid":{"rendered":"https:\/\/www.ghostysky.com\/?post_type=product&#038;p=21230"},"modified":"2026-02-06T14:27:18","modified_gmt":"2026-02-06T14:27:18","slug":"unitree-go2-w-smart-edition","status":"publish","type":"product","link":"https:\/\/www.ghostysky.com\/fr\/product\/unitree-go2-w-smart-edition\/","title":{"rendered":"Unitree Go2 W Smart Edition"},"content":{"rendered":"<h3><b>Principales caract\u00e9ristiques et points forts<\/b><\/h3>\n<ul>\n<li><b>Mobilit\u00e9 hybride :<\/b><span class=\"citation-499 citation-end-499\"> \u00c9quip\u00e9 de pneus pneumatiques de 7 pouces sur ses jambes, le Go2-W peut rouler rapidement sur des surfaces lisses et verrouiller ses roues pour passer en mode marche traditionnel pour naviguer sur des terrains accident\u00e9s, monter des escaliers (jusqu&#039;\u00e0 un <\/span><span class=\"math-inline\" data-math=\"35^\\circ\">35\u00ba <\/span><span class=\"citation-498 citation-end-498\">angle et <\/span><span class=\"math-inline\" data-math=\"70 \\text{cm}\">70 cm<\/span><span class=\"citation-497 citation-end-497\">\u00a0hauteur de chute) et surmonter les obstacles.<\/span><\/li>\n<li><b>D\u00e9tection avanc\u00e9e :<\/b><span class=\"citation-496\"> L&#039;\u00e9dition Smart comprend g\u00e9n\u00e9ralement un <\/span><b><span class=\"citation-496\">LiDAR 3D super grand angle<\/span><\/b><span class=\"citation-496 citation-end-496\"> (Light Detection and Ranging) pour une connaissance compl\u00e8te de l&#039;environnement, la d\u00e9tection des obstacles et la capacit\u00e9 de construire des cartes de nuages de points 3D.<\/span> <span class=\"citation-495\">Il dispose \u00e9galement d&#039;un <\/span><b><span class=\"citation-495\">Cam\u00e9ra grand angle HD<\/span><\/b><span class=\"citation-495 citation-end-495\">.<\/span><\/li>\n<li><b>Performances et puissance :<\/b><span class=\"citation-494 citation-end-494\"> Il b\u00e9n\u00e9ficie d&#039;une vitesse de pointe allant jusqu&#039;\u00e0 <\/span><span class=\"math-inline\" data-math=\"2.5 \\text{m\/s}\">2,5 m\/s<\/span><span class=\"citation-493 citation-end-493\"> (\u00e0 propos <\/span><span class=\"math-inline\" data-math=\"5.6 \\text{mph}\">5,6 mph<\/span><span class=\"citation-492\">) et est aliment\u00e9 par un <\/span><b><span class=\"citation-492\">Batterie longue dur\u00e9e de 15 000 mAh<\/span><\/b><span class=\"citation-492 citation-end-492\">, offrant une dur\u00e9e de fonctionnement d&#039;environ <\/span><span class=\"math-inline\" data-math=\"1.5\">1.5<\/span><span class=\"citation-491 citation-end-491\"> \u00e0 <\/span><span class=\"math-inline\" data-math=\"3\">3<\/span><span class=\"citation-490 citation-end-490\">\u00a0heures.<\/span>\u00a0<span class=\"citation-489 citation-end-489\">Il a une capacit\u00e9 de charge utile d&#039;environ <\/span><span class=\"math-inline\" data-math=\"3 \\text{kg}\">3 kg<\/span><span class=\"citation-488 citation-end-488\"> (<\/span><span class=\"math-inline\" data-math=\"6.6 \\text{lb}\">6,6 lb<\/span><span class=\"citation-487 citation-end-487\">) et est entra\u00een\u00e9 par 16 moteurs d&#039;articulation du genou en aluminium.<\/span><\/li>\n<li><b><span class=\"citation-486\">Interaction intelligente :<\/span><\/b><span class=\"citation-486\"> Le robot est construit avec des algorithmes d&#039;IA avanc\u00e9s, y compris un <\/span><b><span class=\"citation-486\">Syst\u00e8me intelligent de suivi lat\u00e9ral (ISS 2.0)<\/span><\/b><span class=\"citation-486\"> pour un suivi am\u00e9lior\u00e9 et <\/span><b><span class=\"citation-486\">Fonctionnalit\u00e9 vocale<\/span><\/b><span class=\"citation-486 citation-end-486\"> pour le commandement et le contr\u00f4le.<\/span><\/li>\n<li><b><span class=\"citation-485\">Connectivit\u00e9 :<\/span><\/b><span class=\"citation-485 citation-end-485\"> Les fonctionnalit\u00e9s incluent le Wi-Fi 6, la connectivit\u00e9 4G et le Bluetooth, prenant en charge le contr\u00f4le \u00e0 distance via une application d\u00e9di\u00e9e et un contr\u00f4leur manuel.<sup class=\"superscript\" data-turn-source-index=\"17\">17<\/sup><\/span> <span class=\"citation-484\">Le syst\u00e8me prend \u00e9galement en charge <\/span><b><span class=\"citation-484\">Mises \u00e0 niveau OTA (Over-The-Air)<\/span><\/b><span class=\"citation-484 citation-end-484\"> pour que le logiciel du robot soit continuellement am\u00e9lior\u00e9.<\/span><\/li>\n<\/ul>\n<p><b>Applications id\u00e9ales :<\/b><\/p>\n<p>Le Go2 W Smart Edition est parfait pour :<\/p>\n<ul>\n<li><b><span class=\"citation-483\">Patrouilles et inspections de s\u00e9curit\u00e9 :<\/span><\/b><span class=\"citation-483 citation-end-483\"> Sa vitesse et ses capacit\u00e9s tout-terrain le rendent excellent pour surveiller de grandes installations, naviguer dans des environnements industriels complexes et effectuer des contr\u00f4les de s\u00e9curit\u00e9.<\/span><\/li>\n<li><b><span class=\"citation-482\">Recherche et d\u00e9veloppement (R&amp;D) :<\/span><\/b><span class=\"citation-482 citation-end-482\"> La plateforme est adapt\u00e9e \u00e0 la recherche avanc\u00e9e en robotique et en IA.<\/span><\/li>\n<li><b><span class=\"citation-481\">\u00c9ducation:<\/span><\/b><span class=\"citation-481 citation-end-481\"> Il sert de plate-forme de pointe pour les \u00e9tudes universitaires et les programmes \u00e9ducatifs en robotique et en intelligence artificielle.<\/span><\/li>\n<\/ul>\n<p><span class=\"citation-480 citation-end-480\">L&#039;Unitree Go2 W Smart Edition offre un \u00e9quilibre entre vitesse, agilit\u00e9 et intelligence, ce qui en fait une plate-forme puissante et polyvalente pour une utilisation professionnelle et acad\u00e9mique.<\/span><\/p>","protected":false},"excerpt":{"rendered":"<p><span class=\"citation-501\">Le <\/span><b><span class=\"citation-501\">Unitree Go2 W Smart Edition<\/span><\/b><span class=\"citation-501 citation-end-501\"> est un robot quadrup\u00e8de \u00e0 roues tr\u00e8s performant, con\u00e7u pour \u00eatre polyvalent dans diverses applications, alliant l&#039;agilit\u00e9 des jambes \u00e0 l&#039;efficacit\u00e9 des roues motoris\u00e9es.<\/span> <span class=\"citation-500 citation-end-500\">Cette version \u00ab W \u00bb (\u00e0 roues) de la populaire s\u00e9rie Go2 est optimis\u00e9e pour un mouvement plus rapide sur les routes et une glisse plus douce sur les pentes tout en conservant une capacit\u00e9 exceptionnelle pour monter les escaliers et naviguer sur des terrains vari\u00e9s.<\/span><\/p>","protected":false},"featured_media":21233,"comment_status":"open","ping_status":"closed","template":"","meta":[],"product_brand":[1087],"product_cat":[1039,1037,1085],"product_tag":[1088,1092,1089,1090],"class_list":{"0":"post-21230","1":"product","2":"type-product","3":"status-publish","4":"has-post-thumbnail","6":"product_brand-unitree","7":"product_cat-quadruped","8":"product_cat-robotics","9":"product_cat-unitree-quad-robots","10":"product_tag-unitree","11":"product_tag-unitree-go2-series","12":"product_tag-unitree-quadruped","13":"product_tag-unitree-quadruped-robots","15":"first","16":"onbackorder","17":"taxable","18":"shipping-taxable","19":"purchasable","20":"product-type-simple"},"yoast_head":"<!-- This site is optimized with the Yoast SEO plugin v27.1.1 - https:\/\/yoast.com\/product\/yoast-seo-wordpress\/ -->\n<title>Unitree Go2 W Smart Edition - Ghostysky<\/title>\n<meta name=\"description\" content=\"The Unitree Go2 W Smart Edition is a highly capable, wheeled quadruped robot designed for versatility across various applications, merging the agility of legs with the efficiency of motorized wheels. This &quot;W&quot; (Wheeled) version of the popular Go2 series is optimized for faster movement on roads and smoother gliding on slopes while maintaining exceptional capability for stair climbing and navigating diverse terrain.\" \/>\n<meta name=\"robots\" content=\"index, follow, max-snippet:-1, max-image-preview:large, max-video-preview:-1\" \/>\n<link rel=\"canonical\" href=\"https:\/\/www.ghostysky.com\/fr\/product\/unitree-go2-w-smart-edition\/\" \/>\n<meta property=\"og:locale\" content=\"fr_FR\" \/>\n<meta property=\"og:type\" content=\"article\" \/>\n<meta property=\"og:title\" content=\"Unitree Go2 W Smart Edition - Ghostysky\" \/>\n<meta property=\"og:description\" content=\"The Unitree Go2 W Smart Edition is a highly capable, wheeled quadruped robot designed for versatility across various applications, merging the agility of legs with the efficiency of motorized wheels. This &quot;W&quot; (Wheeled) version of the popular Go2 series is optimized for faster movement on roads and smoother gliding on slopes while maintaining exceptional capability for stair climbing and navigating diverse terrain.\" \/>\n<meta property=\"og:url\" content=\"https:\/\/www.ghostysky.com\/fr\/product\/unitree-go2-w-smart-edition\/\" \/>\n<meta property=\"og:site_name\" content=\"Ghostysky\" \/>\n<meta property=\"article:publisher\" content=\"https:\/\/www.facebook.com\/people\/Ghostysky\/100057676170234\/\" \/>\n<meta property=\"article:modified_time\" content=\"2026-02-06T14:27:18+00:00\" \/>\n<meta property=\"og:image\" content=\"https:\/\/www.ghostysky.com\/wp-content\/uploads\/2025\/10\/GH_Unitree_GO2_W_1.png\" \/>\n\t<meta property=\"og:image:width\" content=\"650\" \/>\n\t<meta property=\"og:image:height\" content=\"650\" \/>\n\t<meta property=\"og:image:type\" content=\"image\/png\" \/>\n<meta name=\"twitter:card\" content=\"summary_large_image\" \/>\n<meta name=\"twitter:site\" content=\"@Gh0stysky\" \/>\n<meta name=\"twitter:label1\" content=\"Dur\u00e9e de lecture estim\u00e9e\" \/>\n\t<meta name=\"twitter:data1\" content=\"2 minutes\" \/>\n<script type=\"application\/ld+json\" class=\"yoast-schema-graph\">{\"@context\":\"https:\/\/schema.org\",\"@graph\":[{\"@type\":\"WebPage\",\"@id\":\"https:\/\/www.ghostysky.com\/product\/unitree-go2-w-smart-edition\/\",\"url\":\"https:\/\/www.ghostysky.com\/product\/unitree-go2-w-smart-edition\/\",\"name\":\"Unitree Go2 W Smart Edition - Ghostysky\",\"isPartOf\":{\"@id\":\"https:\/\/www.ghostysky.com\/#website\"},\"primaryImageOfPage\":{\"@id\":\"https:\/\/www.ghostysky.com\/product\/unitree-go2-w-smart-edition\/#primaryimage\"},\"image\":{\"@id\":\"https:\/\/www.ghostysky.com\/product\/unitree-go2-w-smart-edition\/#primaryimage\"},\"thumbnailUrl\":\"https:\/\/www.ghostysky.com\/wp-content\/uploads\/2025\/10\/GH_Unitree_GO2_W_1.png\",\"datePublished\":\"2025-10-16T05:21:52+00:00\",\"dateModified\":\"2026-02-06T14:27:18+00:00\",\"description\":\"The Unitree Go2 W Smart Edition is a highly capable, wheeled quadruped robot designed for versatility across various applications, merging the agility of legs with the efficiency of motorized wheels. This \\\"W\\\" (Wheeled) version of the popular Go2 series is optimized for faster movement on roads and smoother gliding on slopes while maintaining exceptional capability for stair climbing and navigating diverse terrain.\",\"breadcrumb\":{\"@id\":\"https:\/\/www.ghostysky.com\/product\/unitree-go2-w-smart-edition\/#breadcrumb\"},\"inLanguage\":\"fr-FR\",\"potentialAction\":[{\"@type\":\"ReadAction\",\"target\":[\"https:\/\/www.ghostysky.com\/product\/unitree-go2-w-smart-edition\/\"]}]},{\"@type\":\"ImageObject\",\"inLanguage\":\"fr-FR\",\"@id\":\"https:\/\/www.ghostysky.com\/product\/unitree-go2-w-smart-edition\/#primaryimage\",\"url\":\"https:\/\/www.ghostysky.com\/wp-content\/uploads\/2025\/10\/GH_Unitree_GO2_W_1.png\",\"contentUrl\":\"https:\/\/www.ghostysky.com\/wp-content\/uploads\/2025\/10\/GH_Unitree_GO2_W_1.png\",\"width\":650,\"height\":650},{\"@type\":\"BreadcrumbList\",\"@id\":\"https:\/\/www.ghostysky.com\/product\/unitree-go2-w-smart-edition\/#breadcrumb\",\"itemListElement\":[{\"@type\":\"ListItem\",\"position\":1,\"name\":\"Home\",\"item\":\"https:\/\/www.ghostysky.com\/\"},{\"@type\":\"ListItem\",\"position\":2,\"name\":\"Shop\",\"item\":\"https:\/\/www.ghostysky.com\/shop\/\"},{\"@type\":\"ListItem\",\"position\":3,\"name\":\"Unitree Go2 W Smart Edition\"}]},{\"@type\":\"WebSite\",\"@id\":\"https:\/\/www.ghostysky.com\/#website\",\"url\":\"https:\/\/www.ghostysky.com\/\",\"name\":\"Ghostysky\",\"description\":\"Delivering professional drones and services\",\"publisher\":{\"@id\":\"https:\/\/www.ghostysky.com\/#organization\"},\"potentialAction\":[{\"@type\":\"SearchAction\",\"target\":{\"@type\":\"EntryPoint\",\"urlTemplate\":\"https:\/\/www.ghostysky.com\/?s={search_term_string}\"},\"query-input\":{\"@type\":\"PropertyValueSpecification\",\"valueRequired\":true,\"valueName\":\"search_term_string\"}}],\"inLanguage\":\"fr-FR\"},{\"@type\":\"Organization\",\"@id\":\"https:\/\/www.ghostysky.com\/#organization\",\"name\":\"Ghostysky\",\"url\":\"https:\/\/www.ghostysky.com\/\",\"logo\":{\"@type\":\"ImageObject\",\"inLanguage\":\"fr-FR\",\"@id\":\"https:\/\/www.ghostysky.com\/#\/schema\/logo\/image\/\",\"url\":\"https:\/\/www.ghostysky.com\/wp-content\/uploads\/2020\/06\/cropped-ghostyskylogo_text_white2.png\",\"contentUrl\":\"https:\/\/www.ghostysky.com\/wp-content\/uploads\/2020\/06\/cropped-ghostyskylogo_text_white2.png\",\"width\":169,\"height\":56,\"caption\":\"Ghostysky\"},\"image\":{\"@id\":\"https:\/\/www.ghostysky.com\/#\/schema\/logo\/image\/\"},\"sameAs\":[\"https:\/\/www.facebook.com\/people\/Ghostysky\/100057676170234\/\",\"https:\/\/x.com\/Gh0stysky\",\"https:\/\/www.linkedin.com\/company\/34739653\",\"https:\/\/www.instagram.com\/gh0stysky\"]}]}<\/script>\n<!-- \/ Yoast SEO plugin. -->","yoast_head_json":{"title":"Unitree Go2 W Smart Edition - Ghostysky","description":"L&#039;Unitree Go2 W Smart Edition est un robot quadrup\u00e8de \u00e0 roues hautement performant, con\u00e7u pour une polyvalence optimale dans diverses applications, alliant l&#039;agilit\u00e9 des jambes \u00e0 l&#039;efficacit\u00e9 des roues motoris\u00e9es. Cette version \u00ab\u00a0W\u00a0\u00bb (\u00e0 roues) de la c\u00e9l\u00e8bre s\u00e9rie Go2 est optimis\u00e9e pour des d\u00e9placements plus rapides sur route et une glisse plus fluide en pente, tout en conservant des capacit\u00e9s exceptionnelles pour monter les escaliers et \u00e9voluer sur des terrains vari\u00e9s.","robots":{"index":"index","follow":"follow","max-snippet":"max-snippet:-1","max-image-preview":"max-image-preview:large","max-video-preview":"max-video-preview:-1"},"canonical":"https:\/\/www.ghostysky.com\/fr\/product\/unitree-go2-w-smart-edition\/","og_locale":"fr_FR","og_type":"article","og_title":"Unitree Go2 W Smart Edition - Ghostysky","og_description":"The Unitree Go2 W Smart Edition is a highly capable, wheeled quadruped robot designed for versatility across various applications, merging the agility of legs with the efficiency of motorized wheels. This \"W\" (Wheeled) version of the popular Go2 series is optimized for faster movement on roads and smoother gliding on slopes while maintaining exceptional capability for stair climbing and navigating diverse terrain.","og_url":"https:\/\/www.ghostysky.com\/fr\/product\/unitree-go2-w-smart-edition\/","og_site_name":"Ghostysky","article_publisher":"https:\/\/www.facebook.com\/people\/Ghostysky\/100057676170234\/","article_modified_time":"2026-02-06T14:27:18+00:00","og_image":[{"width":650,"height":650,"url":"https:\/\/www.ghostysky.com\/wp-content\/uploads\/2025\/10\/GH_Unitree_GO2_W_1.png","type":"image\/png"}],"twitter_card":"summary_large_image","twitter_site":"@Gh0stysky","twitter_misc":{"Dur\u00e9e de lecture estim\u00e9e":"2 minutes"},"schema":{"@context":"https:\/\/schema.org","@graph":[{"@type":"WebPage","@id":"https:\/\/www.ghostysky.com\/product\/unitree-go2-w-smart-edition\/","url":"https:\/\/www.ghostysky.com\/product\/unitree-go2-w-smart-edition\/","name":"Unitree Go2 W Smart Edition - Ghostysky","isPartOf":{"@id":"https:\/\/www.ghostysky.com\/#website"},"primaryImageOfPage":{"@id":"https:\/\/www.ghostysky.com\/product\/unitree-go2-w-smart-edition\/#primaryimage"},"image":{"@id":"https:\/\/www.ghostysky.com\/product\/unitree-go2-w-smart-edition\/#primaryimage"},"thumbnailUrl":"https:\/\/www.ghostysky.com\/wp-content\/uploads\/2025\/10\/GH_Unitree_GO2_W_1.png","datePublished":"2025-10-16T05:21:52+00:00","dateModified":"2026-02-06T14:27:18+00:00","description":"L&#039;Unitree Go2 W Smart Edition est un robot quadrup\u00e8de \u00e0 roues hautement performant, con\u00e7u pour une polyvalence optimale dans diverses applications, alliant l&#039;agilit\u00e9 des jambes \u00e0 l&#039;efficacit\u00e9 des roues motoris\u00e9es. Cette version \u00ab\u00a0W\u00a0\u00bb (\u00e0 roues) de la c\u00e9l\u00e8bre s\u00e9rie Go2 est optimis\u00e9e pour des d\u00e9placements plus rapides sur route et une glisse plus fluide en pente, tout en conservant des capacit\u00e9s exceptionnelles pour monter les escaliers et \u00e9voluer sur des terrains vari\u00e9s.","breadcrumb":{"@id":"https:\/\/www.ghostysky.com\/product\/unitree-go2-w-smart-edition\/#breadcrumb"},"inLanguage":"fr-FR","potentialAction":[{"@type":"ReadAction","target":["https:\/\/www.ghostysky.com\/product\/unitree-go2-w-smart-edition\/"]}]},{"@type":"ImageObject","inLanguage":"fr-FR","@id":"https:\/\/www.ghostysky.com\/product\/unitree-go2-w-smart-edition\/#primaryimage","url":"https:\/\/www.ghostysky.com\/wp-content\/uploads\/2025\/10\/GH_Unitree_GO2_W_1.png","contentUrl":"https:\/\/www.ghostysky.com\/wp-content\/uploads\/2025\/10\/GH_Unitree_GO2_W_1.png","width":650,"height":650},{"@type":"BreadcrumbList","@id":"https:\/\/www.ghostysky.com\/product\/unitree-go2-w-smart-edition\/#breadcrumb","itemListElement":[{"@type":"ListItem","position":1,"name":"Home","item":"https:\/\/www.ghostysky.com\/"},{"@type":"ListItem","position":2,"name":"Shop","item":"https:\/\/www.ghostysky.com\/shop\/"},{"@type":"ListItem","position":3,"name":"Unitree Go2 W Smart Edition"}]},{"@type":"WebSite","@id":"https:\/\/www.ghostysky.com\/#website","url":"https:\/\/www.ghostysky.com\/","name":"Ghostysky","description":"Livraison de drones et de services professionnels","publisher":{"@id":"https:\/\/www.ghostysky.com\/#organization"},"potentialAction":[{"@type":"SearchAction","target":{"@type":"EntryPoint","urlTemplate":"https:\/\/www.ghostysky.com\/?s={search_term_string}"},"query-input":{"@type":"PropertyValueSpecification","valueRequired":true,"valueName":"search_term_string"}}],"inLanguage":"fr-FR"},{"@type":"Organization","@id":"https:\/\/www.ghostysky.com\/#organization","name":"Ghostysky","url":"https:\/\/www.ghostysky.com\/","logo":{"@type":"ImageObject","inLanguage":"fr-FR","@id":"https:\/\/www.ghostysky.com\/#\/schema\/logo\/image\/","url":"https:\/\/www.ghostysky.com\/wp-content\/uploads\/2020\/06\/cropped-ghostyskylogo_text_white2.png","contentUrl":"https:\/\/www.ghostysky.com\/wp-content\/uploads\/2020\/06\/cropped-ghostyskylogo_text_white2.png","width":169,"height":56,"caption":"Ghostysky"},"image":{"@id":"https:\/\/www.ghostysky.com\/#\/schema\/logo\/image\/"},"sameAs":["https:\/\/www.facebook.com\/people\/Ghostysky\/100057676170234\/","https:\/\/x.com\/Gh0stysky","https:\/\/www.linkedin.com\/company\/34739653","https:\/\/www.instagram.com\/gh0stysky"]}]}},"_links":{"self":[{"href":"https:\/\/www.ghostysky.com\/fr\/wp-json\/wp\/v2\/product\/21230","targetHints":{"allow":["GET"]}}],"collection":[{"href":"https:\/\/www.ghostysky.com\/fr\/wp-json\/wp\/v2\/product"}],"about":[{"href":"https:\/\/www.ghostysky.com\/fr\/wp-json\/wp\/v2\/types\/product"}],"replies":[{"embeddable":true,"href":"https:\/\/www.ghostysky.com\/fr\/wp-json\/wp\/v2\/comments?post=21230"}],"wp:featuredmedia":[{"embeddable":true,"href":"https:\/\/www.ghostysky.com\/fr\/wp-json\/wp\/v2\/media\/21233"}],"wp:attachment":[{"href":"https:\/\/www.ghostysky.com\/fr\/wp-json\/wp\/v2\/media?parent=21230"}],"wp:term":[{"taxonomy":"product_brand","embeddable":true,"href":"https:\/\/www.ghostysky.com\/fr\/wp-json\/wp\/v2\/product_brand?post=21230"},{"taxonomy":"product_cat","embeddable":true,"href":"https:\/\/www.ghostysky.com\/fr\/wp-json\/wp\/v2\/product_cat?post=21230"},{"taxonomy":"product_tag","embeddable":true,"href":"https:\/\/www.ghostysky.com\/fr\/wp-json\/wp\/v2\/product_tag?post=21230"}],"curies":[{"name":"wp","href":"https:\/\/api.w.org\/{rel}","templated":true}]}}