{"id":21234,"date":"2025-10-16T05:26:30","date_gmt":"2025-10-16T05:26:30","guid":{"rendered":"https:\/\/www.ghostysky.com\/?post_type=product&#038;p=21234"},"modified":"2026-02-06T14:29:10","modified_gmt":"2026-02-06T14:29:10","slug":"unitree-go2-w-ultimate","status":"publish","type":"product","link":"https:\/\/www.ghostysky.com\/fr\/product\/unitree-go2-w-ultimate\/","title":{"rendered":"Unitree Go2 W Ultimate"},"content":{"rendered":"<p><b>Caract\u00e9ristiques principales du Go2 W Ultimate\u00a0:<\/b><\/p>\n<ul>\n<li><b>Ma\u00eetrise de la mobilit\u00e9 hybride (plateforme Go2-W) :<\/b><span class=\"citation-539 citation-end-539\"> \u00c9quip\u00e9 de roues motoris\u00e9es sur ses quatre pieds et de pneus pneumatiques de 7 pouces, il passe en toute transparence entre deux modes\u00a0:<\/span>\n<ul>\n<li><b><span class=\"citation-538\">Mode de roulement :<\/span><\/b><span class=\"citation-538 citation-end-538\"> Atteint une vitesse de pointe allant jusqu&#039;\u00e0 <\/span><span class=\"math-inline\" data-math=\"2.5 \\text{ m\/s}\">2,5 m\/s<\/span><span class=\"citation-537 citation-end-537\">\u00a0sur des surfaces planes avec une consommation d&#039;\u00e9nergie r\u00e9duite.<\/span><\/li>\n<li><b>Mode marche :<\/b><span class=\"citation-536 citation-end-536\"> Il utilise ses jambes pour naviguer avec expertise sur des terrains difficiles, escalader des obstacles jusqu&#039;\u00e0 <\/span><span class=\"math-inline\" data-math=\"70 \\text{ cm}\">70 cm<\/span><span class=\"citation-535 citation-end-535\"> hautes et peuvent g\u00e9rer des pentes avec un angle de mont\u00e9e maximal de <\/span><span class=\"math-inline\" data-math=\"35^\\circ\">35\u00ba<\/span><span class=\"citation-534 citation-end-534\">.<\/span><\/li>\n<\/ul>\n<\/li>\n<li><b>Suite Perception Ultime :<\/b> Le <b>Ultime<\/b> La version se distingue par son syst\u00e8me de perception haut de gamme :\n<ul>\n<li><b><span class=\"citation-533\">LiDAR 3D haut de gamme (Hesai XT16)\u00a0:<\/span><\/b><span class=\"citation-533 citation-end-533\"> Fournit une cartographie et une navigation environnementales 3D de qualit\u00e9 sup\u00e9rieure et de haute pr\u00e9cision, essentielles pour un fonctionnement autonome et une collecte de donn\u00e9es d\u00e9taill\u00e9es.<\/span><\/li>\n<li><b><span class=\"citation-532\">Cam\u00e9ra de profondeur Intel RealSense D435i\u00a0:<\/span><\/b><span class=\"citation-532 citation-end-532\"> Am\u00e9liore la conscience environnementale et le contr\u00f4le pr\u00e9cis des mouvements.<\/span><\/li>\n<\/ul>\n<\/li>\n<li><b>Performances robustes :<\/b>\n<ul>\n<li><b><span class=\"citation-531\">Batterie longue dur\u00e9e :<\/span><\/b><span class=\"citation-531 citation-end-531\"> Comprend un <\/span><span class=\"math-inline\" data-math=\"15,000 \\text{ mAh}\">15 000 mAh<\/span><span class=\"citation-530 citation-end-530\"> capacit\u00e9, offre <\/span><span class=\"math-inline\" data-math=\"1.5 \\text{ to } 3 \\text{ hours}\">1,5 \u00e0 3 heures<\/span><span class=\"citation-529 citation-end-529\">\u00a0de fonctionnement continu.<\/span><\/li>\n<li><b><span class=\"citation-528\">Capacit\u00e9 de charge utile :<\/span><\/b><span class=\"citation-528 citation-end-528\"> Peut transporter une charge utile substantielle d&#039;environ <\/span><span class=\"math-inline\" data-math=\"8 \\text{ kg}\">8 kg<\/span><span class=\"citation-527 citation-end-527\"> (maximum <\/span><span class=\"math-inline\" data-math=\"\\sim 12 \\text{ kg}\">12 kg<\/span><span class=\"citation-526 citation-end-526\">).<\/span><\/li>\n<li><b>Traitement haute performance :<\/b> Construit autour d&#039;un processeur hautes performances \u00e0 8 c\u0153urs.<\/li>\n<\/ul>\n<\/li>\n<li><b>Plateforme pr\u00eate pour les d\u00e9veloppeurs\u00a0:<\/b>\n<ul>\n<li><b>D\u00e9veloppement secondaire :<\/b><span class=\"citation-525\"> Prend en charge la programmation et le contr\u00f4le avanc\u00e9s, y compris un module d&#039;extension avec un <\/span><b><span class=\"citation-525\">NVIDIA Jetson Orin NX<\/span><\/b><span class=\"citation-525 citation-end-525\"> module arithm\u00e9tique (<\/span><span class=\"math-inline\" data-math=\"100 \\text{ TOPS}\">100 TOPS<\/span><span class=\"citation-524 citation-end-524\">) pour l&#039;IA de pointe, l&#039;apprentissage automatique et le d\u00e9veloppement ROS 2.<\/span><\/li>\n<li><b><span class=\"citation-523\">Contr\u00f4le flexible :<\/span><\/b><span class=\"citation-523 citation-end-523\"> Propose des API et des SDK ouverts pour le contr\u00f4le de haut et de bas niveau \u00e0 l&#039;aide de Python et de C++.<\/span><\/li>\n<\/ul>\n<\/li>\n<li><b><span class=\"citation-522\">Contr\u00f4le et interaction intuitifs :<\/span><\/b><span class=\"citation-522 citation-end-522\"> Contr\u00f4lable via un contr\u00f4leur manuel, une application mobile et dispose d&#039;une fonctionnalit\u00e9 vocale pour l&#039;interaction.<\/span><\/li>\n<\/ul>\n<p>Le <b>Unitree Go2 W Ultimate<\/b> est le choix d\u00e9finitif pour les professionnels et les chercheurs n\u00e9cessitant une plate-forme robotique robuste, hautement autonome et adaptable avec des capacit\u00e9s de d\u00e9tection haut de gamme.<\/p>","protected":false},"excerpt":{"rendered":"<p><span class=\"citation-541\">Le <\/span><b><span class=\"citation-541\">Unitree Go2 W Ultimate<\/span><\/b><span class=\"citation-541 citation-end-541\"> est la version haut de gamme du robot quadrup\u00e8de \u00e0 roues avanc\u00e9 d&#039;Unitree Robotics, combinant l&#039;agilit\u00e9 d&#039;un robot ressemblant \u00e0 un chien avec la vitesse et l&#039;efficacit\u00e9 du mouvement sur roues.<\/span><\/p>\n<p><span class=\"citation-540\">Ce robot hybride est con\u00e7u pour des t\u00e2ches exigeantes, offrant une polyvalence in\u00e9gal\u00e9e pour <\/span><b><span class=\"citation-540 citation-end-540\">inspections industrielles, recherche et d\u00e9veloppement, patrouilles de s\u00e9curit\u00e9 et formation avanc\u00e9e en IA et en robotique.<\/span><\/b><\/p>","protected":false},"featured_media":21233,"comment_status":"open","ping_status":"closed","template":"","meta":[],"product_brand":[1087],"product_cat":[1039,1037,1085],"product_tag":[1088,1092,1089,1090],"class_list":{"0":"post-21234","1":"product","2":"type-product","3":"status-publish","4":"has-post-thumbnail","6":"product_brand-unitree","7":"product_cat-quadruped","8":"product_cat-robotics","9":"product_cat-unitree-quad-robots","10":"product_tag-unitree","11":"product_tag-unitree-go2-series","12":"product_tag-unitree-quadruped","13":"product_tag-unitree-quadruped-robots","15":"first","16":"onbackorder","17":"taxable","18":"shipping-taxable","19":"purchasable","20":"product-type-simple"},"yoast_head":"<!-- This site is optimized with the Yoast SEO plugin v27.4 - https:\/\/yoast.com\/product\/yoast-seo-wordpress\/ -->\n<title>Unitree Go2 W Ultimate - Ghostysky<\/title>\n<meta name=\"description\" content=\"The Unitree Go2 W Ultimate is the top-tier version of Unitree Robotics&#039; advanced wheeled quadruped robot, combining the agility of a dog-like robot with the speed and efficiency of wheeled movement.This hybrid robot is engineered for demanding tasks, offering unparalleled versatility for industrial inspections, research and development, safety patrols, and advanced education in AI and robotics.\" \/>\n<meta name=\"robots\" content=\"index, follow, max-snippet:-1, max-image-preview:large, max-video-preview:-1\" \/>\n<link rel=\"canonical\" href=\"https:\/\/www.ghostysky.com\/fr\/product\/unitree-go2-w-ultimate\/\" \/>\n<meta property=\"og:locale\" content=\"fr_FR\" \/>\n<meta property=\"og:type\" content=\"article\" \/>\n<meta property=\"og:title\" content=\"Unitree Go2 W Ultimate - Ghostysky\" \/>\n<meta property=\"og:description\" content=\"The Unitree Go2 W Ultimate is the top-tier version of Unitree Robotics&#039; advanced wheeled quadruped robot, combining the agility of a dog-like robot with the speed and efficiency of wheeled movement.This hybrid robot is engineered for demanding tasks, offering unparalleled versatility for industrial inspections, research and development, safety patrols, and advanced education in AI and robotics.\" \/>\n<meta property=\"og:url\" content=\"https:\/\/www.ghostysky.com\/fr\/product\/unitree-go2-w-ultimate\/\" \/>\n<meta property=\"og:site_name\" content=\"Ghostysky\" \/>\n<meta property=\"article:publisher\" content=\"https:\/\/www.facebook.com\/people\/Ghostysky\/100057676170234\/\" \/>\n<meta property=\"article:modified_time\" content=\"2026-02-06T14:29:10+00:00\" \/>\n<meta property=\"og:image\" content=\"https:\/\/www.ghostysky.com\/wp-content\/uploads\/2025\/10\/GH_Unitree_GO2_W_1.png\" \/>\n\t<meta property=\"og:image:width\" content=\"650\" \/>\n\t<meta property=\"og:image:height\" content=\"650\" \/>\n\t<meta property=\"og:image:type\" content=\"image\/png\" \/>\n<meta name=\"twitter:card\" content=\"summary_large_image\" \/>\n<meta name=\"twitter:site\" content=\"@Gh0stysky\" \/>\n<meta name=\"twitter:label1\" content=\"Dur\u00e9e de lecture estim\u00e9e\" \/>\n\t<meta name=\"twitter:data1\" content=\"2 minutes\" \/>\n<script type=\"application\/ld+json\" class=\"yoast-schema-graph\">{\"@context\":\"https:\\\/\\\/schema.org\",\"@graph\":[{\"@type\":\"WebPage\",\"@id\":\"https:\\\/\\\/www.ghostysky.com\\\/product\\\/unitree-go2-w-ultimate\\\/\",\"url\":\"https:\\\/\\\/www.ghostysky.com\\\/product\\\/unitree-go2-w-ultimate\\\/\",\"name\":\"Unitree Go2 W Ultimate - Ghostysky\",\"isPartOf\":{\"@id\":\"https:\\\/\\\/www.ghostysky.com\\\/#website\"},\"primaryImageOfPage\":{\"@id\":\"https:\\\/\\\/www.ghostysky.com\\\/product\\\/unitree-go2-w-ultimate\\\/#primaryimage\"},\"image\":{\"@id\":\"https:\\\/\\\/www.ghostysky.com\\\/product\\\/unitree-go2-w-ultimate\\\/#primaryimage\"},\"thumbnailUrl\":\"https:\\\/\\\/www.ghostysky.com\\\/wp-content\\\/uploads\\\/2025\\\/10\\\/GH_Unitree_GO2_W_1.png\",\"datePublished\":\"2025-10-16T05:26:30+00:00\",\"dateModified\":\"2026-02-06T14:29:10+00:00\",\"description\":\"The Unitree Go2 W Ultimate is the top-tier version of Unitree Robotics' advanced wheeled quadruped robot, combining the agility of a dog-like robot with the speed and efficiency of wheeled movement.This hybrid robot is engineered for demanding tasks, offering unparalleled versatility for industrial inspections, research and development, safety patrols, and advanced education in AI and robotics.\",\"breadcrumb\":{\"@id\":\"https:\\\/\\\/www.ghostysky.com\\\/product\\\/unitree-go2-w-ultimate\\\/#breadcrumb\"},\"inLanguage\":\"fr-FR\",\"potentialAction\":[{\"@type\":\"ReadAction\",\"target\":[\"https:\\\/\\\/www.ghostysky.com\\\/product\\\/unitree-go2-w-ultimate\\\/\"]}]},{\"@type\":\"ImageObject\",\"inLanguage\":\"fr-FR\",\"@id\":\"https:\\\/\\\/www.ghostysky.com\\\/product\\\/unitree-go2-w-ultimate\\\/#primaryimage\",\"url\":\"https:\\\/\\\/www.ghostysky.com\\\/wp-content\\\/uploads\\\/2025\\\/10\\\/GH_Unitree_GO2_W_1.png\",\"contentUrl\":\"https:\\\/\\\/www.ghostysky.com\\\/wp-content\\\/uploads\\\/2025\\\/10\\\/GH_Unitree_GO2_W_1.png\",\"width\":650,\"height\":650},{\"@type\":\"BreadcrumbList\",\"@id\":\"https:\\\/\\\/www.ghostysky.com\\\/product\\\/unitree-go2-w-ultimate\\\/#breadcrumb\",\"itemListElement\":[{\"@type\":\"ListItem\",\"position\":1,\"name\":\"Home\",\"item\":\"https:\\\/\\\/www.ghostysky.com\\\/\"},{\"@type\":\"ListItem\",\"position\":2,\"name\":\"Shop\",\"item\":\"https:\\\/\\\/www.ghostysky.com\\\/shop\\\/\"},{\"@type\":\"ListItem\",\"position\":3,\"name\":\"Unitree Go2 W Ultimate\"}]},{\"@type\":\"WebSite\",\"@id\":\"https:\\\/\\\/www.ghostysky.com\\\/#website\",\"url\":\"https:\\\/\\\/www.ghostysky.com\\\/\",\"name\":\"Ghostysky\",\"description\":\"Delivering professional drones and services\",\"publisher\":{\"@id\":\"https:\\\/\\\/www.ghostysky.com\\\/#organization\"},\"potentialAction\":[{\"@type\":\"SearchAction\",\"target\":{\"@type\":\"EntryPoint\",\"urlTemplate\":\"https:\\\/\\\/www.ghostysky.com\\\/?s={search_term_string}\"},\"query-input\":{\"@type\":\"PropertyValueSpecification\",\"valueRequired\":true,\"valueName\":\"search_term_string\"}}],\"inLanguage\":\"fr-FR\"},{\"@type\":\"Organization\",\"@id\":\"https:\\\/\\\/www.ghostysky.com\\\/#organization\",\"name\":\"Ghostysky\",\"url\":\"https:\\\/\\\/www.ghostysky.com\\\/\",\"logo\":{\"@type\":\"ImageObject\",\"inLanguage\":\"fr-FR\",\"@id\":\"https:\\\/\\\/www.ghostysky.com\\\/#\\\/schema\\\/logo\\\/image\\\/\",\"url\":\"https:\\\/\\\/www.ghostysky.com\\\/wp-content\\\/uploads\\\/2020\\\/06\\\/cropped-ghostyskylogo_text_white2.png\",\"contentUrl\":\"https:\\\/\\\/www.ghostysky.com\\\/wp-content\\\/uploads\\\/2020\\\/06\\\/cropped-ghostyskylogo_text_white2.png\",\"width\":169,\"height\":56,\"caption\":\"Ghostysky\"},\"image\":{\"@id\":\"https:\\\/\\\/www.ghostysky.com\\\/#\\\/schema\\\/logo\\\/image\\\/\"},\"sameAs\":[\"https:\\\/\\\/www.facebook.com\\\/people\\\/Ghostysky\\\/100057676170234\\\/\",\"https:\\\/\\\/x.com\\\/Gh0stysky\",\"https:\\\/\\\/www.linkedin.com\\\/company\\\/34739653\",\"https:\\\/\\\/www.instagram.com\\\/gh0stysky\"]}]}<\/script>\n<!-- \/ Yoast SEO plugin. -->","yoast_head_json":{"title":"Unitree Go2 W Ultimate - Ghostysky","description":"L&#039;Unitree Go2 W Ultimate est la version haut de gamme du robot quadrup\u00e8de \u00e0 roues avanc\u00e9 d&#039;Unitree Robotics, combinant l&#039;agilit\u00e9 d&#039;un robot semblable \u00e0 un chien avec la vitesse et l&#039;efficacit\u00e9 du mouvement sur roues. Ce robot hybride est con\u00e7u pour des t\u00e2ches exigeantes, offrant une polyvalence in\u00e9gal\u00e9e pour les inspections industrielles, la recherche et le d\u00e9veloppement, les patrouilles de s\u00e9curit\u00e9 et l&#039;enseignement avanc\u00e9 en IA et en robotique.","robots":{"index":"index","follow":"follow","max-snippet":"max-snippet:-1","max-image-preview":"max-image-preview:large","max-video-preview":"max-video-preview:-1"},"canonical":"https:\/\/www.ghostysky.com\/fr\/product\/unitree-go2-w-ultimate\/","og_locale":"fr_FR","og_type":"article","og_title":"Unitree Go2 W Ultimate - Ghostysky","og_description":"The Unitree Go2 W Ultimate is the top-tier version of Unitree Robotics' advanced wheeled quadruped robot, combining the agility of a dog-like robot with the speed and efficiency of wheeled movement.This hybrid robot is engineered for demanding tasks, offering unparalleled versatility for industrial inspections, research and development, safety patrols, and advanced education in AI and robotics.","og_url":"https:\/\/www.ghostysky.com\/fr\/product\/unitree-go2-w-ultimate\/","og_site_name":"Ghostysky","article_publisher":"https:\/\/www.facebook.com\/people\/Ghostysky\/100057676170234\/","article_modified_time":"2026-02-06T14:29:10+00:00","og_image":[{"width":650,"height":650,"url":"https:\/\/www.ghostysky.com\/wp-content\/uploads\/2025\/10\/GH_Unitree_GO2_W_1.png","type":"image\/png"}],"twitter_card":"summary_large_image","twitter_site":"@Gh0stysky","twitter_misc":{"Dur\u00e9e de lecture estim\u00e9e":"2 minutes"},"schema":{"@context":"https:\/\/schema.org","@graph":[{"@type":"WebPage","@id":"https:\/\/www.ghostysky.com\/product\/unitree-go2-w-ultimate\/","url":"https:\/\/www.ghostysky.com\/product\/unitree-go2-w-ultimate\/","name":"Unitree Go2 W Ultimate - Ghostysky","isPartOf":{"@id":"https:\/\/www.ghostysky.com\/#website"},"primaryImageOfPage":{"@id":"https:\/\/www.ghostysky.com\/product\/unitree-go2-w-ultimate\/#primaryimage"},"image":{"@id":"https:\/\/www.ghostysky.com\/product\/unitree-go2-w-ultimate\/#primaryimage"},"thumbnailUrl":"https:\/\/www.ghostysky.com\/wp-content\/uploads\/2025\/10\/GH_Unitree_GO2_W_1.png","datePublished":"2025-10-16T05:26:30+00:00","dateModified":"2026-02-06T14:29:10+00:00","description":"L&#039;Unitree Go2 W Ultimate est la version haut de gamme du robot quadrup\u00e8de \u00e0 roues avanc\u00e9 d&#039;Unitree Robotics, combinant l&#039;agilit\u00e9 d&#039;un robot semblable \u00e0 un chien avec la vitesse et l&#039;efficacit\u00e9 du mouvement sur roues. Ce robot hybride est con\u00e7u pour des t\u00e2ches exigeantes, offrant une polyvalence in\u00e9gal\u00e9e pour les inspections industrielles, la recherche et le d\u00e9veloppement, les patrouilles de s\u00e9curit\u00e9 et l&#039;enseignement avanc\u00e9 en IA et en robotique.","breadcrumb":{"@id":"https:\/\/www.ghostysky.com\/product\/unitree-go2-w-ultimate\/#breadcrumb"},"inLanguage":"fr-FR","potentialAction":[{"@type":"ReadAction","target":["https:\/\/www.ghostysky.com\/product\/unitree-go2-w-ultimate\/"]}]},{"@type":"ImageObject","inLanguage":"fr-FR","@id":"https:\/\/www.ghostysky.com\/product\/unitree-go2-w-ultimate\/#primaryimage","url":"https:\/\/www.ghostysky.com\/wp-content\/uploads\/2025\/10\/GH_Unitree_GO2_W_1.png","contentUrl":"https:\/\/www.ghostysky.com\/wp-content\/uploads\/2025\/10\/GH_Unitree_GO2_W_1.png","width":650,"height":650},{"@type":"BreadcrumbList","@id":"https:\/\/www.ghostysky.com\/product\/unitree-go2-w-ultimate\/#breadcrumb","itemListElement":[{"@type":"ListItem","position":1,"name":"Home","item":"https:\/\/www.ghostysky.com\/"},{"@type":"ListItem","position":2,"name":"Shop","item":"https:\/\/www.ghostysky.com\/shop\/"},{"@type":"ListItem","position":3,"name":"Unitree Go2 W Ultimate"}]},{"@type":"WebSite","@id":"https:\/\/www.ghostysky.com\/#website","url":"https:\/\/www.ghostysky.com\/","name":"Ghostysky","description":"Livraison de drones et de services professionnels","publisher":{"@id":"https:\/\/www.ghostysky.com\/#organization"},"potentialAction":[{"@type":"SearchAction","target":{"@type":"EntryPoint","urlTemplate":"https:\/\/www.ghostysky.com\/?s={search_term_string}"},"query-input":{"@type":"PropertyValueSpecification","valueRequired":true,"valueName":"search_term_string"}}],"inLanguage":"fr-FR"},{"@type":"Organization","@id":"https:\/\/www.ghostysky.com\/#organization","name":"Ghostysky","url":"https:\/\/www.ghostysky.com\/","logo":{"@type":"ImageObject","inLanguage":"fr-FR","@id":"https:\/\/www.ghostysky.com\/#\/schema\/logo\/image\/","url":"https:\/\/www.ghostysky.com\/wp-content\/uploads\/2020\/06\/cropped-ghostyskylogo_text_white2.png","contentUrl":"https:\/\/www.ghostysky.com\/wp-content\/uploads\/2020\/06\/cropped-ghostyskylogo_text_white2.png","width":169,"height":56,"caption":"Ghostysky"},"image":{"@id":"https:\/\/www.ghostysky.com\/#\/schema\/logo\/image\/"},"sameAs":["https:\/\/www.facebook.com\/people\/Ghostysky\/100057676170234\/","https:\/\/x.com\/Gh0stysky","https:\/\/www.linkedin.com\/company\/34739653","https:\/\/www.instagram.com\/gh0stysky"]}]}},"_links":{"self":[{"href":"https:\/\/www.ghostysky.com\/fr\/wp-json\/wp\/v2\/product\/21234","targetHints":{"allow":["GET"]}}],"collection":[{"href":"https:\/\/www.ghostysky.com\/fr\/wp-json\/wp\/v2\/product"}],"about":[{"href":"https:\/\/www.ghostysky.com\/fr\/wp-json\/wp\/v2\/types\/product"}],"replies":[{"embeddable":true,"href":"https:\/\/www.ghostysky.com\/fr\/wp-json\/wp\/v2\/comments?post=21234"}],"version-history":[{"count":0,"href":"https:\/\/www.ghostysky.com\/fr\/wp-json\/wp\/v2\/product\/21234\/revisions"}],"wp:featuredmedia":[{"embeddable":true,"href":"https:\/\/www.ghostysky.com\/fr\/wp-json\/wp\/v2\/media\/21233"}],"wp:attachment":[{"href":"https:\/\/www.ghostysky.com\/fr\/wp-json\/wp\/v2\/media?parent=21234"}],"wp:term":[{"taxonomy":"product_brand","embeddable":true,"href":"https:\/\/www.ghostysky.com\/fr\/wp-json\/wp\/v2\/product_brand?post=21234"},{"taxonomy":"product_cat","embeddable":true,"href":"https:\/\/www.ghostysky.com\/fr\/wp-json\/wp\/v2\/product_cat?post=21234"},{"taxonomy":"product_tag","embeddable":true,"href":"https:\/\/www.ghostysky.com\/fr\/wp-json\/wp\/v2\/product_tag?post=21234"}],"curies":[{"name":"wp","href":"https:\/\/api.w.org\/{rel}","templated":true}]}}