{"id":21245,"date":"2025-10-16T05:59:58","date_gmt":"2025-10-16T05:59:58","guid":{"rendered":"https:\/\/www.ghostysky.com\/?post_type=product&#038;p=21245"},"modified":"2025-10-16T07:23:20","modified_gmt":"2025-10-16T07:23:20","slug":"unitree-go2-ent-plus-4-go2-screen-remote-control-dual-cameracapture-net-gun-launcher","status":"publish","type":"product","link":"https:\/\/www.ghostysky.com\/fr\/product\/unitree-go2-ent-plus-4-go2-screen-remote-control-dual-cameracapture-net-gun-launcher\/","title":{"rendered":"Unitree Go2 Ent- Plus 4 (t\u00e9l\u00e9commande d&#039;\u00e9cran Go2 (double cam\u00e9ra + lanceur de pistolet \u00e0 filet de capture))"},"content":{"rendered":"<div id=\"model-response-message-contentr_e7441bc791ae428b\" class=\"markdown markdown-main-panel stronger enable-updated-hr-color\" dir=\"ltr\">\n<h3>Caract\u00e9ristiques principales et \u00e9quipement<\/h3>\n<ul>\n<li><b>Lanceur de filet de capture int\u00e9gr\u00e9 :<\/b> La caract\u00e9ristique la plus remarquable de cet ensemble est la charge utile sp\u00e9cialis\u00e9e, un lanceur de filet d\u00e9clench\u00e9 \u00e9lectroniquement.\n<ul>\n<li><b>M\u00e9thode de capture :<\/b> Mode de d\u00e9clenchement \u00e9lectronique.<\/li>\n<li><b><span class=\"citation-778\">Port\u00e9e efficace :<\/span><\/b><span class=\"citation-778 citation-end-778\"> 8-10 m\u00e8tres.<\/span><\/li>\n<li><b>Superficie nette:<\/b> 9 m\u00e8tres carr\u00e9s.<\/li>\n<li><b><span class=\"citation-777\">Installation:<\/span><\/b><span class=\"citation-777 citation-end-777\"> Structure d\u00e9tachable rapidement.<\/span><\/li>\n<li><b>Vis\u00e9e:<\/b> Equip\u00e9 d&#039;un syst\u00e8me de vis\u00e9e assist\u00e9e par laser.<\/li>\n<li><i>Cette charge utile est id\u00e9ale pour l&#039;appr\u00e9hension ou la capture non l\u00e9tale d&#039;objets\/drones dans des sc\u00e9narios de s\u00e9curit\u00e9 ou d&#039;application de la loi.<\/i><\/li>\n<\/ul>\n<\/li>\n<li><b>T\u00e9l\u00e9commande d&#039;\u00e9cran Go2 :<\/b> Ce contr\u00f4leur d\u00e9di\u00e9 offre un contr\u00f4le op\u00e9rationnel am\u00e9lior\u00e9 et un retour d&#039;information en temps r\u00e9el.\n<ul>\n<li><b>\u00c9cran inclus :<\/b> Permet une visualisation directe du flux et des donn\u00e9es de la cam\u00e9ra du robot.<\/li>\n<li><b>Prise en charge du r\u00e9seau 4G\u00a0:<\/b><span class=\"citation-776 citation-end-776\"> Dispose de deux liaisons de communication de secours (t\u00e9l\u00e9m\u00e9trie 5,8G comme principale, 4G tout-netcom comme secours) pour un contr\u00f4le et une transmission de donn\u00e9es fiables et longue distance, m\u00eame dans les zones recul\u00e9es.<\/span><\/li>\n<\/ul>\n<\/li>\n<li><b><span class=\"citation-775\">Syst\u00e8me de d\u00e9tection \u00e0 double cam\u00e9ra :<\/span><\/b><span class=\"citation-775 citation-end-775\"> Fournit des donn\u00e9es visuelles haute d\u00e9finition pour la navigation et la surveillance.<\/span>\n<ul>\n<li><b><span class=\"citation-774\">R\u00e9solution:<\/span><\/b><span class=\"citation-774 citation-end-774\"> Haute d\u00e9finition 1080P.<\/span><\/li>\n<li><b>Grand angle :<\/b> Objectifs grand angle 120\u00b0.<\/li>\n<li><b><span class=\"citation-773\">\u00c9clairage:<\/span><\/b><span class=\"citation-773 citation-end-773\"> Equip\u00e9 de lumi\u00e8res de remplissage \u00e0 haute luminosit\u00e9.<\/span><\/li>\n<li><b>Transmission vid\u00e9o :<\/b> Transmission vid\u00e9o \u00e0 faible latence (jusqu&#039;\u00e0 180 ms).<\/li>\n<\/ul>\n<\/li>\n<li><b><span class=\"citation-772\">Mobilit\u00e9 et perception avanc\u00e9es :<\/span><\/b><span class=\"citation-772 citation-end-772\"> Construit sur la robuste plateforme Go2.<\/span>\n<ul>\n<li><b><span class=\"citation-771\">LiDAR 4D L1 :<\/span><\/b><span class=\"citation-771 citation-end-771\"> Fournit <\/span><span class=\"math-inline\" data-math=\"360^{\\circ} \\times 90^{\\circ}\"><span class=\"katex\"><span class=\"katex-html\" aria-hidden=\"true\"><span class=\"base\"><span class=\"mord\">36<\/span><span class=\"mord\">0<span class=\"msupsub\"><span class=\"vlist-t\"><span class=\"vlist-r\"><span class=\"vlist\"><span class=\"\"><span class=\"sizing reset-size6 size3 mtight\"><span class=\"mord mtight\">\u2218<\/span><\/span><\/span><\/span><\/span><\/span><\/span><\/span><span class=\"mbin\">\u00d7<\/span><\/span><span class=\"base\"><span class=\"mord\">9<\/span><span class=\"mord\">0<span class=\"msupsub\"><span class=\"vlist-t\"><span class=\"vlist-r\"><span class=\"vlist\"><span class=\"\"><span class=\"sizing reset-size6 size3 mtight\"><span class=\"mord mtight\">\u2218<\/span><\/span><\/span><\/span><\/span><\/span><\/span><\/span><\/span><\/span><\/span><\/span><span class=\"citation-770 citation-end-770\"> reconnaissance ultra-large h\u00e9misph\u00e9rique, permettant une navigation tout-terrain sup\u00e9rieure et une \u00e9vitement pr\u00e9cis des obstacles.<\/span><\/li>\n<li><b>Mouvement aliment\u00e9 par l&#039;IA :<\/b><span class=\"citation-769 citation-end-769\"> Utilise une formation avanc\u00e9e par simulation d&#039;IA pour les allures complexes, la stabilit\u00e9 et la gestion de divers terrains.<\/span><\/li>\n<li><b><span class=\"citation-768\">Syst\u00e8me intelligent de suivi lat\u00e9ral ISS 2.0 :<\/span><\/b><span class=\"citation-768 citation-end-768\"> Permet au robot de suivre et de suivre un op\u00e9rateur humain avec une grande pr\u00e9cision.<\/span><\/li>\n<\/ul>\n<\/li>\n<li><b>Fonctionnalit\u00e9s de l&#039;utilitaire d&#039;entreprise (\u00e0 partir du mod\u00e8le de base Ent Plus)\u00a0:<\/b>\n<ul>\n<li><b><span class=\"citation-767\">Haut-parleur\/avertisseur num\u00e9rique :<\/span><\/b><span class=\"citation-767 citation-end-767\"> Pour la diffusion vocale \u00e0 distance, les cris en temps r\u00e9el et les fonctions de synth\u00e8se vocale (distance de propagation maximale de 500 \u00e0 800 m).<\/span><\/li>\n<li><b>Syst\u00e8me de projecteurs :<\/b> Projecteur puissant de 30 W (environ 10 W). <span class=\"citation-766 citation-end-766\">3000 lumens) pour les op\u00e9rations de nuit ou en faible luminosit\u00e9.<\/span><\/li>\n<li><b><span class=\"citation-765\">Syst\u00e8me de feux d&#039;avertissement :<\/span><\/b><span class=\"citation-765 citation-end-765\"> Comprend des voyants d&#039;avertissement\/d&#039;alarme rouges et bleus avec plusieurs modes de clignotement.<\/span><\/li>\n<\/ul>\n<\/li>\n<\/ul>\n<p><span class=\"citation-764\">En r\u00e9sum\u00e9, le <\/span><b><span class=\"citation-764\">Unitree Go2 Ent-Plus 4<\/span><\/b><span class=\"citation-764\"> est un robot sp\u00e9cialis\u00e9, r\u00e9sistant aux intemp\u00e9ries et robuste, con\u00e7u pour les r\u00f4les \u00e0 enjeux \u00e9lev\u00e9s dans les entreprises et la s\u00e9curit\u00e9 publique, qui se distingue par sa puissante vision et son ensemble de communications et sa capacit\u00e9 tactique. <\/span><b><span class=\"citation-764\">lanceur de filet de capture<\/span><\/b><span class=\"citation-764 citation-end-764\"> charge utile.<\/span><\/p>\n<div class=\"source-inline-chip-container ng-star-inserted\"><\/div>\n<\/div>","protected":false},"excerpt":{"rendered":"<p>Key Features and Equipment Integrated Capture Net Gun Launcher: The standout feature of this package is the specialized payload, an [&hellip;]<\/p>\n","protected":false},"featured_media":21311,"comment_status":"open","ping_status":"closed","template":"","meta":[],"product_brand":[1087],"product_cat":[1039,1037,1085],"product_tag":[1088,1093,1092,1089,1090],"class_list":{"0":"post-21245","1":"product","2":"type-product","3":"status-publish","4":"has-post-thumbnail","6":"product_brand-unitree","7":"product_cat-quadruped","8":"product_cat-robotics","9":"product_cat-unitree-quad-robots","10":"product_tag-unitree","11":"product_tag-unitree-go2-industry-series","12":"product_tag-unitree-go2-series","13":"product_tag-unitree-quadruped","14":"product_tag-unitree-quadruped-robots","16":"first","17":"onbackorder","18":"taxable","19":"shipping-taxable","20":"purchasable","21":"product-type-simple"},"yoast_head":"<!-- This site is optimized with the Yoast SEO plugin v27.1.1 - https:\/\/yoast.com\/product\/yoast-seo-wordpress\/ -->\n<title>Unitree Go2 Ent- Plus 4 (Go2 screen remote control (dual camera+capture net gun launcher)) - Ghostysky<\/title>\n<meta name=\"robots\" content=\"index, follow, max-snippet:-1, max-image-preview:large, max-video-preview:-1\" \/>\n<link rel=\"canonical\" href=\"https:\/\/www.ghostysky.com\/fr\/product\/unitree-go2-ent-plus-4-go2-screen-remote-control-dual-cameracapture-net-gun-launcher\/\" \/>\n<meta property=\"og:locale\" content=\"fr_FR\" \/>\n<meta property=\"og:type\" content=\"article\" \/>\n<meta property=\"og:title\" content=\"Unitree Go2 Ent- Plus 4 (Go2 screen remote control (dual camera+capture net gun launcher)) - Ghostysky\" \/>\n<meta property=\"og:description\" content=\"Key Features and Equipment Integrated Capture Net Gun Launcher: The standout feature of this package is the specialized payload, an [&hellip;]\" \/>\n<meta property=\"og:url\" content=\"https:\/\/www.ghostysky.com\/fr\/product\/unitree-go2-ent-plus-4-go2-screen-remote-control-dual-cameracapture-net-gun-launcher\/\" \/>\n<meta property=\"og:site_name\" content=\"Ghostysky\" \/>\n<meta property=\"article:publisher\" content=\"https:\/\/www.facebook.com\/people\/Ghostysky\/100057676170234\/\" \/>\n<meta property=\"article:modified_time\" content=\"2025-10-16T07:23:20+00:00\" \/>\n<meta property=\"og:image\" content=\"https:\/\/www.ghostysky.com\/wp-content\/uploads\/2025\/10\/GH_Unitree-Go2-Ent-Plus-4-Go2-screen-remote-control-dual-cameracapture-net-gun-launcher_2.jpg\" \/>\n\t<meta property=\"og:image:width\" content=\"225\" \/>\n\t<meta property=\"og:image:height\" content=\"225\" \/>\n\t<meta property=\"og:image:type\" content=\"image\/jpeg\" \/>\n<meta name=\"twitter:card\" content=\"summary_large_image\" \/>\n<meta name=\"twitter:site\" content=\"@Gh0stysky\" \/>\n<meta name=\"twitter:label1\" content=\"Dur\u00e9e de lecture estim\u00e9e\" \/>\n\t<meta name=\"twitter:data1\" content=\"2 minutes\" \/>\n<script type=\"application\/ld+json\" class=\"yoast-schema-graph\">{\"@context\":\"https:\/\/schema.org\",\"@graph\":[{\"@type\":\"WebPage\",\"@id\":\"https:\/\/www.ghostysky.com\/product\/unitree-go2-ent-plus-4-go2-screen-remote-control-dual-cameracapture-net-gun-launcher\/\",\"url\":\"https:\/\/www.ghostysky.com\/product\/unitree-go2-ent-plus-4-go2-screen-remote-control-dual-cameracapture-net-gun-launcher\/\",\"name\":\"Unitree Go2 Ent- Plus 4 (Go2 screen remote control (dual camera+capture net gun launcher)) - Ghostysky\",\"isPartOf\":{\"@id\":\"https:\/\/www.ghostysky.com\/#website\"},\"primaryImageOfPage\":{\"@id\":\"https:\/\/www.ghostysky.com\/product\/unitree-go2-ent-plus-4-go2-screen-remote-control-dual-cameracapture-net-gun-launcher\/#primaryimage\"},\"image\":{\"@id\":\"https:\/\/www.ghostysky.com\/product\/unitree-go2-ent-plus-4-go2-screen-remote-control-dual-cameracapture-net-gun-launcher\/#primaryimage\"},\"thumbnailUrl\":\"https:\/\/www.ghostysky.com\/wp-content\/uploads\/2025\/10\/GH_Unitree-Go2-Ent-Plus-4-Go2-screen-remote-control-dual-cameracapture-net-gun-launcher_2.jpg\",\"datePublished\":\"2025-10-16T05:59:58+00:00\",\"dateModified\":\"2025-10-16T07:23:20+00:00\",\"breadcrumb\":{\"@id\":\"https:\/\/www.ghostysky.com\/product\/unitree-go2-ent-plus-4-go2-screen-remote-control-dual-cameracapture-net-gun-launcher\/#breadcrumb\"},\"inLanguage\":\"fr-FR\",\"potentialAction\":[{\"@type\":\"ReadAction\",\"target\":[\"https:\/\/www.ghostysky.com\/product\/unitree-go2-ent-plus-4-go2-screen-remote-control-dual-cameracapture-net-gun-launcher\/\"]}]},{\"@type\":\"ImageObject\",\"inLanguage\":\"fr-FR\",\"@id\":\"https:\/\/www.ghostysky.com\/product\/unitree-go2-ent-plus-4-go2-screen-remote-control-dual-cameracapture-net-gun-launcher\/#primaryimage\",\"url\":\"https:\/\/www.ghostysky.com\/wp-content\/uploads\/2025\/10\/GH_Unitree-Go2-Ent-Plus-4-Go2-screen-remote-control-dual-cameracapture-net-gun-launcher_2.jpg\",\"contentUrl\":\"https:\/\/www.ghostysky.com\/wp-content\/uploads\/2025\/10\/GH_Unitree-Go2-Ent-Plus-4-Go2-screen-remote-control-dual-cameracapture-net-gun-launcher_2.jpg\",\"width\":225,\"height\":225},{\"@type\":\"BreadcrumbList\",\"@id\":\"https:\/\/www.ghostysky.com\/product\/unitree-go2-ent-plus-4-go2-screen-remote-control-dual-cameracapture-net-gun-launcher\/#breadcrumb\",\"itemListElement\":[{\"@type\":\"ListItem\",\"position\":1,\"name\":\"Home\",\"item\":\"https:\/\/www.ghostysky.com\/\"},{\"@type\":\"ListItem\",\"position\":2,\"name\":\"Shop\",\"item\":\"https:\/\/www.ghostysky.com\/shop\/\"},{\"@type\":\"ListItem\",\"position\":3,\"name\":\"Unitree Go2 Ent- Plus 4 (Go2 screen remote control (dual camera+capture net gun launcher))\"}]},{\"@type\":\"WebSite\",\"@id\":\"https:\/\/www.ghostysky.com\/#website\",\"url\":\"https:\/\/www.ghostysky.com\/\",\"name\":\"Ghostysky\",\"description\":\"Delivering professional drones and services\",\"publisher\":{\"@id\":\"https:\/\/www.ghostysky.com\/#organization\"},\"potentialAction\":[{\"@type\":\"SearchAction\",\"target\":{\"@type\":\"EntryPoint\",\"urlTemplate\":\"https:\/\/www.ghostysky.com\/?s={search_term_string}\"},\"query-input\":{\"@type\":\"PropertyValueSpecification\",\"valueRequired\":true,\"valueName\":\"search_term_string\"}}],\"inLanguage\":\"fr-FR\"},{\"@type\":\"Organization\",\"@id\":\"https:\/\/www.ghostysky.com\/#organization\",\"name\":\"Ghostysky\",\"url\":\"https:\/\/www.ghostysky.com\/\",\"logo\":{\"@type\":\"ImageObject\",\"inLanguage\":\"fr-FR\",\"@id\":\"https:\/\/www.ghostysky.com\/#\/schema\/logo\/image\/\",\"url\":\"https:\/\/www.ghostysky.com\/wp-content\/uploads\/2020\/06\/cropped-ghostyskylogo_text_white2.png\",\"contentUrl\":\"https:\/\/www.ghostysky.com\/wp-content\/uploads\/2020\/06\/cropped-ghostyskylogo_text_white2.png\",\"width\":169,\"height\":56,\"caption\":\"Ghostysky\"},\"image\":{\"@id\":\"https:\/\/www.ghostysky.com\/#\/schema\/logo\/image\/\"},\"sameAs\":[\"https:\/\/www.facebook.com\/people\/Ghostysky\/100057676170234\/\",\"https:\/\/x.com\/Gh0stysky\",\"https:\/\/www.linkedin.com\/company\/34739653\",\"https:\/\/www.instagram.com\/gh0stysky\"]}]}<\/script>\n<!-- \/ Yoast SEO plugin. -->","yoast_head_json":{"title":"Unitree Go2 Ent- Plus 4 (t\u00e9l\u00e9commande d&#039;\u00e9cran Go2 (double cam\u00e9ra + lanceur de pistolet \u00e0 filet de capture)) - Ghostysky","robots":{"index":"index","follow":"follow","max-snippet":"max-snippet:-1","max-image-preview":"max-image-preview:large","max-video-preview":"max-video-preview:-1"},"canonical":"https:\/\/www.ghostysky.com\/fr\/product\/unitree-go2-ent-plus-4-go2-screen-remote-control-dual-cameracapture-net-gun-launcher\/","og_locale":"fr_FR","og_type":"article","og_title":"Unitree Go2 Ent- Plus 4 (Go2 screen remote control (dual camera+capture net gun launcher)) - Ghostysky","og_description":"Key Features and Equipment Integrated Capture Net Gun Launcher: The standout feature of this package is the specialized payload, an [&hellip;]","og_url":"https:\/\/www.ghostysky.com\/fr\/product\/unitree-go2-ent-plus-4-go2-screen-remote-control-dual-cameracapture-net-gun-launcher\/","og_site_name":"Ghostysky","article_publisher":"https:\/\/www.facebook.com\/people\/Ghostysky\/100057676170234\/","article_modified_time":"2025-10-16T07:23:20+00:00","og_image":[{"width":225,"height":225,"url":"https:\/\/www.ghostysky.com\/wp-content\/uploads\/2025\/10\/GH_Unitree-Go2-Ent-Plus-4-Go2-screen-remote-control-dual-cameracapture-net-gun-launcher_2.jpg","type":"image\/jpeg"}],"twitter_card":"summary_large_image","twitter_site":"@Gh0stysky","twitter_misc":{"Dur\u00e9e de lecture estim\u00e9e":"2 minutes"},"schema":{"@context":"https:\/\/schema.org","@graph":[{"@type":"WebPage","@id":"https:\/\/www.ghostysky.com\/product\/unitree-go2-ent-plus-4-go2-screen-remote-control-dual-cameracapture-net-gun-launcher\/","url":"https:\/\/www.ghostysky.com\/product\/unitree-go2-ent-plus-4-go2-screen-remote-control-dual-cameracapture-net-gun-launcher\/","name":"Unitree Go2 Ent- Plus 4 (t\u00e9l\u00e9commande d&#039;\u00e9cran Go2 (double cam\u00e9ra + lanceur de pistolet \u00e0 filet de capture)) - Ghostysky","isPartOf":{"@id":"https:\/\/www.ghostysky.com\/#website"},"primaryImageOfPage":{"@id":"https:\/\/www.ghostysky.com\/product\/unitree-go2-ent-plus-4-go2-screen-remote-control-dual-cameracapture-net-gun-launcher\/#primaryimage"},"image":{"@id":"https:\/\/www.ghostysky.com\/product\/unitree-go2-ent-plus-4-go2-screen-remote-control-dual-cameracapture-net-gun-launcher\/#primaryimage"},"thumbnailUrl":"https:\/\/www.ghostysky.com\/wp-content\/uploads\/2025\/10\/GH_Unitree-Go2-Ent-Plus-4-Go2-screen-remote-control-dual-cameracapture-net-gun-launcher_2.jpg","datePublished":"2025-10-16T05:59:58+00:00","dateModified":"2025-10-16T07:23:20+00:00","breadcrumb":{"@id":"https:\/\/www.ghostysky.com\/product\/unitree-go2-ent-plus-4-go2-screen-remote-control-dual-cameracapture-net-gun-launcher\/#breadcrumb"},"inLanguage":"fr-FR","potentialAction":[{"@type":"ReadAction","target":["https:\/\/www.ghostysky.com\/product\/unitree-go2-ent-plus-4-go2-screen-remote-control-dual-cameracapture-net-gun-launcher\/"]}]},{"@type":"ImageObject","inLanguage":"fr-FR","@id":"https:\/\/www.ghostysky.com\/product\/unitree-go2-ent-plus-4-go2-screen-remote-control-dual-cameracapture-net-gun-launcher\/#primaryimage","url":"https:\/\/www.ghostysky.com\/wp-content\/uploads\/2025\/10\/GH_Unitree-Go2-Ent-Plus-4-Go2-screen-remote-control-dual-cameracapture-net-gun-launcher_2.jpg","contentUrl":"https:\/\/www.ghostysky.com\/wp-content\/uploads\/2025\/10\/GH_Unitree-Go2-Ent-Plus-4-Go2-screen-remote-control-dual-cameracapture-net-gun-launcher_2.jpg","width":225,"height":225},{"@type":"BreadcrumbList","@id":"https:\/\/www.ghostysky.com\/product\/unitree-go2-ent-plus-4-go2-screen-remote-control-dual-cameracapture-net-gun-launcher\/#breadcrumb","itemListElement":[{"@type":"ListItem","position":1,"name":"Home","item":"https:\/\/www.ghostysky.com\/"},{"@type":"ListItem","position":2,"name":"Shop","item":"https:\/\/www.ghostysky.com\/shop\/"},{"@type":"ListItem","position":3,"name":"Unitree Go2 Ent- Plus 4 (Go2 screen remote control (dual camera+capture net gun launcher))"}]},{"@type":"WebSite","@id":"https:\/\/www.ghostysky.com\/#website","url":"https:\/\/www.ghostysky.com\/","name":"Ghostysky","description":"Livraison de drones et de services professionnels","publisher":{"@id":"https:\/\/www.ghostysky.com\/#organization"},"potentialAction":[{"@type":"SearchAction","target":{"@type":"EntryPoint","urlTemplate":"https:\/\/www.ghostysky.com\/?s={search_term_string}"},"query-input":{"@type":"PropertyValueSpecification","valueRequired":true,"valueName":"search_term_string"}}],"inLanguage":"fr-FR"},{"@type":"Organization","@id":"https:\/\/www.ghostysky.com\/#organization","name":"Ghostysky","url":"https:\/\/www.ghostysky.com\/","logo":{"@type":"ImageObject","inLanguage":"fr-FR","@id":"https:\/\/www.ghostysky.com\/#\/schema\/logo\/image\/","url":"https:\/\/www.ghostysky.com\/wp-content\/uploads\/2020\/06\/cropped-ghostyskylogo_text_white2.png","contentUrl":"https:\/\/www.ghostysky.com\/wp-content\/uploads\/2020\/06\/cropped-ghostyskylogo_text_white2.png","width":169,"height":56,"caption":"Ghostysky"},"image":{"@id":"https:\/\/www.ghostysky.com\/#\/schema\/logo\/image\/"},"sameAs":["https:\/\/www.facebook.com\/people\/Ghostysky\/100057676170234\/","https:\/\/x.com\/Gh0stysky","https:\/\/www.linkedin.com\/company\/34739653","https:\/\/www.instagram.com\/gh0stysky"]}]}},"_links":{"self":[{"href":"https:\/\/www.ghostysky.com\/fr\/wp-json\/wp\/v2\/product\/21245","targetHints":{"allow":["GET"]}}],"collection":[{"href":"https:\/\/www.ghostysky.com\/fr\/wp-json\/wp\/v2\/product"}],"about":[{"href":"https:\/\/www.ghostysky.com\/fr\/wp-json\/wp\/v2\/types\/product"}],"replies":[{"embeddable":true,"href":"https:\/\/www.ghostysky.com\/fr\/wp-json\/wp\/v2\/comments?post=21245"}],"wp:featuredmedia":[{"embeddable":true,"href":"https:\/\/www.ghostysky.com\/fr\/wp-json\/wp\/v2\/media\/21311"}],"wp:attachment":[{"href":"https:\/\/www.ghostysky.com\/fr\/wp-json\/wp\/v2\/media?parent=21245"}],"wp:term":[{"taxonomy":"product_brand","embeddable":true,"href":"https:\/\/www.ghostysky.com\/fr\/wp-json\/wp\/v2\/product_brand?post=21245"},{"taxonomy":"product_cat","embeddable":true,"href":"https:\/\/www.ghostysky.com\/fr\/wp-json\/wp\/v2\/product_cat?post=21245"},{"taxonomy":"product_tag","embeddable":true,"href":"https:\/\/www.ghostysky.com\/fr\/wp-json\/wp\/v2\/product_tag?post=21245"}],"curies":[{"name":"wp","href":"https:\/\/api.w.org\/{rel}","templated":true}]}}