{"id":21270,"date":"2025-10-16T06:18:07","date_gmt":"2025-10-16T06:18:07","guid":{"rendered":"https:\/\/www.ghostysky.com\/?post_type=product&#038;p=21270"},"modified":"2025-10-16T06:18:47","modified_gmt":"2025-10-16T06:18:47","slug":"unitree-go2-self-charging-board","status":"publish","type":"product","link":"https:\/\/www.ghostysky.com\/fr\/product\/unitree-go2-self-charging-board\/","title":{"rendered":"Carte auto-chargeante Unitree Go2"},"content":{"rendered":"<div id=\"model-response-message-contentr_35644eaf74ef367d\" class=\"markdown markdown-main-panel stronger enable-updated-hr-color\" dir=\"ltr\">\n<h3><b>Caract\u00e9ristiques principales<\/b><\/h3>\n<ul>\n<li><b>Recharge autonome :<\/b><span class=\"citation-815 citation-end-815\"> \u00c9limine le besoin de changement manuel de batterie.<\/span> <span class=\"citation-814 citation-end-814\">Lorsque la batterie du Go2 est faible, il peut naviguer de mani\u00e8re autonome et s&#039;amarrer \u00e0 la carte auto-chargeante pour se recharger, garantissant ainsi un fonctionnement continu.<\/span><\/li>\n<li><b>Chargement sans fil :<\/b><span class=\"citation-813 citation-end-813\"> Offre une charge sans tracas en le posant simplement sur la base, offrant un transfert d&#039;\u00e9nergie rapide et efficace.<\/span><\/li>\n<li><b>Chargement \u00e0 haute efficacit\u00e9 :<\/b><span class=\"citation-812\"> Prend en charge une haute <\/span><b><span class=\"citation-812\">Tension de charge de 33,6 V<\/span><\/b><span class=\"citation-812\"> et un rapide <\/span><b><span class=\"citation-812\">Courant de charge de 9 A<\/span><\/b><span class=\"citation-812 citation-end-812\"> pour recharger rapidement la batterie du robot.<\/span><\/li>\n<li><b><span class=\"citation-811\">Compatibilit\u00e9 de navigation autonome\u00a0:<\/span><\/b><span class=\"citation-811\"> Fondamentalement, cette carte est con\u00e7ue pour permettre la fonction d&#039;auto-navigation lorsqu&#039;elle est utilis\u00e9e avec le <\/span><b><span class=\"citation-811\">Go2 EDU Plus<\/span><\/b><span class=\"citation-811\"> mod\u00e8les \u00e9quip\u00e9s soit du <\/span><b><span class=\"citation-811\">LiDAR Mid-360<\/span><\/b><span class=\"citation-811\"> ou <\/span><b><span class=\"citation-811\">LiDAR XT16<\/span><\/b><span class=\"citation-811 citation-end-811\"> syst\u00e8mes.<\/span> <i><span class=\"citation-810\">(Remarque\u00a0: l\u2019utilisation avec d\u2019autres versions peut uniquement permettre une charge directe sans la capacit\u00e9 d\u2019accueil autonome.)<\/span><\/i><\/li>\n<li><b><span class=\"citation-809\">Conception durable :<\/span><\/b><span class=\"citation-809 citation-end-809\"> Con\u00e7u pour fonctionner dans une large plage de temp\u00e9ratures ambiantes de travail (g\u00e9n\u00e9ralement <\/span><span class=\"math-inline\" data-math=\"5^\\circ\\text{C}\"><span class=\"katex\"><span class=\"katex-html\" aria-hidden=\"true\"><span class=\"base\"><span class=\"mord\">5<span class=\"msupsub\"><span class=\"vlist-t\"><span class=\"vlist-r\"><span class=\"vlist\"><span class=\"\"><span class=\"sizing reset-size6 size3 mtight\"><span class=\"mbin mtight\">\u2218<\/span><\/span><\/span><\/span><\/span><\/span><\/span><\/span><span class=\"mord text\"><span class=\"mord\">C<\/span><\/span><\/span><\/span><\/span><\/span><span class=\"citation-808 citation-end-808\"> \u00e0 <\/span><span class=\"math-inline\" data-math=\"40^\\circ\\text{C}\"><span class=\"katex\"><span class=\"katex-html\" aria-hidden=\"true\"><span class=\"base\"><span class=\"mord\">4<\/span><span class=\"mord\">0<span class=\"msupsub\"><span class=\"vlist-t\"><span class=\"vlist-r\"><span class=\"vlist\"><span class=\"\"><span class=\"sizing reset-size6 size3 mtight\"><span class=\"mbin mtight\">\u2218<\/span><\/span><\/span><\/span><\/span><\/span><\/span><\/span><span class=\"mord text\"><span class=\"mord\">C<\/span><\/span><\/span><\/span><\/span><\/span><span class=\"citation-807 citation-end-807\">) et r\u00e9sistent \u00e0 une humidit\u00e9 relative allant jusqu&#039;\u00e0 <\/span><span class=\"math-inline\" data-math=\"\\le 95\\%\"><span class=\"katex\"><span class=\"katex-html\" aria-hidden=\"true\"><span class=\"base\"><span class=\"mrel\">\u2264<\/span><\/span><span class=\"base\"><span class=\"mord\">95%<\/span><\/span><\/span><\/span><\/span><span class=\"citation-806 citation-end-806\">, le rendant fiable dans divers environnements.<\/span><\/li>\n<li><b>Id\u00e9al pour la R&amp;D :<\/b> Un accessoire indispensable pour les laboratoires de robotique, la recherche en IA et les projets d&#039;automatisation qui n\u00e9cessitent un temps de fonctionnement prolong\u00e9 et ininterrompu pour le robot Go2.<\/li>\n<\/ul>\n<\/div>","protected":false},"excerpt":{"rendered":"<p><span class=\"citation-817\">La carte auto-chargeante Unitree Go2 est un accessoire de mise \u00e0 niveau essentiel, transformant le robot quadrup\u00e8de Unitree Go2 (en particulier le <\/span><b><span class=\"citation-817\">Go2 EDU Plus<\/span><\/b><span class=\"citation-817 citation-end-817\"> versions) en une machine autonome et autonome.<\/span> <span class=\"citation-816\">Cette base de chargement d\u00e9di\u00e9e est con\u00e7ue pour des performances et une commodit\u00e9 optimales, offrant une <\/span><b><span class=\"citation-816\">solution d&#039;alimentation sans fil<\/span><\/b><span class=\"citation-816 citation-end-816\"> pour une recharge mains libres transparente.<\/span><\/p>","protected":false},"featured_media":21271,"comment_status":"open","ping_status":"closed","template":"","meta":[],"product_brand":[1087],"product_cat":[1039,1037,1086],"product_tag":[1095,1088,1094],"class_list":{"0":"post-21270","1":"product","2":"type-product","3":"status-publish","4":"has-post-thumbnail","6":"product_brand-unitree","7":"product_cat-quadruped","8":"product_cat-robotics","9":"product_cat-unitree-quad-accessories","10":"product_tag-unitre","11":"product_tag-unitree","12":"product_tag-unitree-go2-accessories","14":"first","15":"onbackorder","16":"taxable","17":"shipping-taxable","18":"purchasable","19":"product-type-simple"},"yoast_head":"<!-- This site is optimized with the Yoast SEO plugin v27.1.1 - https:\/\/yoast.com\/product\/yoast-seo-wordpress\/ -->\n<title>Unitree Go2 self-charging board - Ghostysky<\/title>\n<meta name=\"description\" content=\"The Unitree Go2 Self-Charging Board is an essential upgrade accessory, transforming the Unitree Go2 quadruped robot (specifically the Go2 EDU Plus versions) into a self-sustaining autonomous machine. This dedicated charging base is engineered for optimal performance and convenience, providing a wireless power solution for seamless, hands-free recharging.\" \/>\n<meta name=\"robots\" content=\"index, follow, max-snippet:-1, max-image-preview:large, max-video-preview:-1\" \/>\n<link rel=\"canonical\" href=\"https:\/\/www.ghostysky.com\/fr\/product\/unitree-go2-self-charging-board\/\" \/>\n<meta property=\"og:locale\" content=\"fr_FR\" \/>\n<meta property=\"og:type\" content=\"article\" \/>\n<meta property=\"og:title\" content=\"Unitree Go2 self-charging board - Ghostysky\" \/>\n<meta property=\"og:description\" content=\"The Unitree Go2 Self-Charging Board is an essential upgrade accessory, transforming the Unitree Go2 quadruped robot (specifically the Go2 EDU Plus versions) into a self-sustaining autonomous machine. This dedicated charging base is engineered for optimal performance and convenience, providing a wireless power solution for seamless, hands-free recharging.\" \/>\n<meta property=\"og:url\" content=\"https:\/\/www.ghostysky.com\/fr\/product\/unitree-go2-self-charging-board\/\" \/>\n<meta property=\"og:site_name\" content=\"Ghostysky\" \/>\n<meta property=\"article:publisher\" content=\"https:\/\/www.facebook.com\/people\/Ghostysky\/100057676170234\/\" \/>\n<meta property=\"article:modified_time\" content=\"2025-10-16T06:18:47+00:00\" \/>\n<meta property=\"og:image\" content=\"https:\/\/www.ghostysky.com\/wp-content\/uploads\/2025\/10\/GH_Go2-self-charging-board_1.webp\" \/>\n\t<meta property=\"og:image:width\" content=\"2048\" \/>\n\t<meta property=\"og:image:height\" content=\"2048\" \/>\n\t<meta property=\"og:image:type\" content=\"image\/webp\" \/>\n<meta name=\"twitter:card\" content=\"summary_large_image\" \/>\n<meta name=\"twitter:site\" content=\"@Gh0stysky\" \/>\n<meta name=\"twitter:label1\" content=\"Dur\u00e9e de lecture estim\u00e9e\" \/>\n\t<meta name=\"twitter:data1\" content=\"1 minute\" \/>\n<script type=\"application\/ld+json\" class=\"yoast-schema-graph\">{\"@context\":\"https:\/\/schema.org\",\"@graph\":[{\"@type\":\"WebPage\",\"@id\":\"https:\/\/www.ghostysky.com\/product\/unitree-go2-self-charging-board\/\",\"url\":\"https:\/\/www.ghostysky.com\/product\/unitree-go2-self-charging-board\/\",\"name\":\"Unitree Go2 self-charging board - Ghostysky\",\"isPartOf\":{\"@id\":\"https:\/\/www.ghostysky.com\/#website\"},\"primaryImageOfPage\":{\"@id\":\"https:\/\/www.ghostysky.com\/product\/unitree-go2-self-charging-board\/#primaryimage\"},\"image\":{\"@id\":\"https:\/\/www.ghostysky.com\/product\/unitree-go2-self-charging-board\/#primaryimage\"},\"thumbnailUrl\":\"https:\/\/www.ghostysky.com\/wp-content\/uploads\/2025\/10\/GH_Go2-self-charging-board_1.webp\",\"datePublished\":\"2025-10-16T06:18:07+00:00\",\"dateModified\":\"2025-10-16T06:18:47+00:00\",\"description\":\"The Unitree Go2 Self-Charging Board is an essential upgrade accessory, transforming the Unitree Go2 quadruped robot (specifically the Go2 EDU Plus versions) into a self-sustaining autonomous machine. This dedicated charging base is engineered for optimal performance and convenience, providing a wireless power solution for seamless, hands-free recharging.\",\"breadcrumb\":{\"@id\":\"https:\/\/www.ghostysky.com\/product\/unitree-go2-self-charging-board\/#breadcrumb\"},\"inLanguage\":\"fr-FR\",\"potentialAction\":[{\"@type\":\"ReadAction\",\"target\":[\"https:\/\/www.ghostysky.com\/product\/unitree-go2-self-charging-board\/\"]}]},{\"@type\":\"ImageObject\",\"inLanguage\":\"fr-FR\",\"@id\":\"https:\/\/www.ghostysky.com\/product\/unitree-go2-self-charging-board\/#primaryimage\",\"url\":\"https:\/\/www.ghostysky.com\/wp-content\/uploads\/2025\/10\/GH_Go2-self-charging-board_1.webp\",\"contentUrl\":\"https:\/\/www.ghostysky.com\/wp-content\/uploads\/2025\/10\/GH_Go2-self-charging-board_1.webp\",\"width\":2048,\"height\":2048},{\"@type\":\"BreadcrumbList\",\"@id\":\"https:\/\/www.ghostysky.com\/product\/unitree-go2-self-charging-board\/#breadcrumb\",\"itemListElement\":[{\"@type\":\"ListItem\",\"position\":1,\"name\":\"Home\",\"item\":\"https:\/\/www.ghostysky.com\/\"},{\"@type\":\"ListItem\",\"position\":2,\"name\":\"Shop\",\"item\":\"https:\/\/www.ghostysky.com\/shop\/\"},{\"@type\":\"ListItem\",\"position\":3,\"name\":\"Unitree Go2 self-charging board\"}]},{\"@type\":\"WebSite\",\"@id\":\"https:\/\/www.ghostysky.com\/#website\",\"url\":\"https:\/\/www.ghostysky.com\/\",\"name\":\"Ghostysky\",\"description\":\"Delivering professional drones and services\",\"publisher\":{\"@id\":\"https:\/\/www.ghostysky.com\/#organization\"},\"potentialAction\":[{\"@type\":\"SearchAction\",\"target\":{\"@type\":\"EntryPoint\",\"urlTemplate\":\"https:\/\/www.ghostysky.com\/?s={search_term_string}\"},\"query-input\":{\"@type\":\"PropertyValueSpecification\",\"valueRequired\":true,\"valueName\":\"search_term_string\"}}],\"inLanguage\":\"fr-FR\"},{\"@type\":\"Organization\",\"@id\":\"https:\/\/www.ghostysky.com\/#organization\",\"name\":\"Ghostysky\",\"url\":\"https:\/\/www.ghostysky.com\/\",\"logo\":{\"@type\":\"ImageObject\",\"inLanguage\":\"fr-FR\",\"@id\":\"https:\/\/www.ghostysky.com\/#\/schema\/logo\/image\/\",\"url\":\"https:\/\/www.ghostysky.com\/wp-content\/uploads\/2020\/06\/cropped-ghostyskylogo_text_white2.png\",\"contentUrl\":\"https:\/\/www.ghostysky.com\/wp-content\/uploads\/2020\/06\/cropped-ghostyskylogo_text_white2.png\",\"width\":169,\"height\":56,\"caption\":\"Ghostysky\"},\"image\":{\"@id\":\"https:\/\/www.ghostysky.com\/#\/schema\/logo\/image\/\"},\"sameAs\":[\"https:\/\/www.facebook.com\/people\/Ghostysky\/100057676170234\/\",\"https:\/\/x.com\/Gh0stysky\",\"https:\/\/www.linkedin.com\/company\/34739653\",\"https:\/\/www.instagram.com\/gh0stysky\"]}]}<\/script>\n<!-- \/ Yoast SEO plugin. -->","yoast_head_json":{"title":"Carte auto-chargeante Unitree Go2 - Ghostysky","description":"La carte de recharge automatique Unitree Go2 est un accessoire indispensable pour transformer le robot quadrup\u00e8de Unitree Go2 (notamment les versions Go2 EDU Plus) en une machine autonome et autonome. Con\u00e7ue pour des performances et une praticit\u00e9 optimales, cette base de recharge d\u00e9di\u00e9e offre une solution d&#039;alimentation sans fil pour une recharge mains libres fluide.","robots":{"index":"index","follow":"follow","max-snippet":"max-snippet:-1","max-image-preview":"max-image-preview:large","max-video-preview":"max-video-preview:-1"},"canonical":"https:\/\/www.ghostysky.com\/fr\/product\/unitree-go2-self-charging-board\/","og_locale":"fr_FR","og_type":"article","og_title":"Unitree Go2 self-charging board - Ghostysky","og_description":"The Unitree Go2 Self-Charging Board is an essential upgrade accessory, transforming the Unitree Go2 quadruped robot (specifically the Go2 EDU Plus versions) into a self-sustaining autonomous machine. This dedicated charging base is engineered for optimal performance and convenience, providing a wireless power solution for seamless, hands-free recharging.","og_url":"https:\/\/www.ghostysky.com\/fr\/product\/unitree-go2-self-charging-board\/","og_site_name":"Ghostysky","article_publisher":"https:\/\/www.facebook.com\/people\/Ghostysky\/100057676170234\/","article_modified_time":"2025-10-16T06:18:47+00:00","og_image":[{"width":2048,"height":2048,"url":"https:\/\/www.ghostysky.com\/wp-content\/uploads\/2025\/10\/GH_Go2-self-charging-board_1.webp","type":"image\/webp"}],"twitter_card":"summary_large_image","twitter_site":"@Gh0stysky","twitter_misc":{"Dur\u00e9e de lecture estim\u00e9e":"1 minute"},"schema":{"@context":"https:\/\/schema.org","@graph":[{"@type":"WebPage","@id":"https:\/\/www.ghostysky.com\/product\/unitree-go2-self-charging-board\/","url":"https:\/\/www.ghostysky.com\/product\/unitree-go2-self-charging-board\/","name":"Carte auto-chargeante Unitree Go2 - Ghostysky","isPartOf":{"@id":"https:\/\/www.ghostysky.com\/#website"},"primaryImageOfPage":{"@id":"https:\/\/www.ghostysky.com\/product\/unitree-go2-self-charging-board\/#primaryimage"},"image":{"@id":"https:\/\/www.ghostysky.com\/product\/unitree-go2-self-charging-board\/#primaryimage"},"thumbnailUrl":"https:\/\/www.ghostysky.com\/wp-content\/uploads\/2025\/10\/GH_Go2-self-charging-board_1.webp","datePublished":"2025-10-16T06:18:07+00:00","dateModified":"2025-10-16T06:18:47+00:00","description":"La carte de recharge automatique Unitree Go2 est un accessoire indispensable pour transformer le robot quadrup\u00e8de Unitree Go2 (notamment les versions Go2 EDU Plus) en une machine autonome et autonome. Con\u00e7ue pour des performances et une praticit\u00e9 optimales, cette base de recharge d\u00e9di\u00e9e offre une solution d&#039;alimentation sans fil pour une recharge mains libres fluide.","breadcrumb":{"@id":"https:\/\/www.ghostysky.com\/product\/unitree-go2-self-charging-board\/#breadcrumb"},"inLanguage":"fr-FR","potentialAction":[{"@type":"ReadAction","target":["https:\/\/www.ghostysky.com\/product\/unitree-go2-self-charging-board\/"]}]},{"@type":"ImageObject","inLanguage":"fr-FR","@id":"https:\/\/www.ghostysky.com\/product\/unitree-go2-self-charging-board\/#primaryimage","url":"https:\/\/www.ghostysky.com\/wp-content\/uploads\/2025\/10\/GH_Go2-self-charging-board_1.webp","contentUrl":"https:\/\/www.ghostysky.com\/wp-content\/uploads\/2025\/10\/GH_Go2-self-charging-board_1.webp","width":2048,"height":2048},{"@type":"BreadcrumbList","@id":"https:\/\/www.ghostysky.com\/product\/unitree-go2-self-charging-board\/#breadcrumb","itemListElement":[{"@type":"ListItem","position":1,"name":"Home","item":"https:\/\/www.ghostysky.com\/"},{"@type":"ListItem","position":2,"name":"Shop","item":"https:\/\/www.ghostysky.com\/shop\/"},{"@type":"ListItem","position":3,"name":"Unitree Go2 self-charging board"}]},{"@type":"WebSite","@id":"https:\/\/www.ghostysky.com\/#website","url":"https:\/\/www.ghostysky.com\/","name":"Ghostysky","description":"Livraison de drones et de services professionnels","publisher":{"@id":"https:\/\/www.ghostysky.com\/#organization"},"potentialAction":[{"@type":"SearchAction","target":{"@type":"EntryPoint","urlTemplate":"https:\/\/www.ghostysky.com\/?s={search_term_string}"},"query-input":{"@type":"PropertyValueSpecification","valueRequired":true,"valueName":"search_term_string"}}],"inLanguage":"fr-FR"},{"@type":"Organization","@id":"https:\/\/www.ghostysky.com\/#organization","name":"Ghostysky","url":"https:\/\/www.ghostysky.com\/","logo":{"@type":"ImageObject","inLanguage":"fr-FR","@id":"https:\/\/www.ghostysky.com\/#\/schema\/logo\/image\/","url":"https:\/\/www.ghostysky.com\/wp-content\/uploads\/2020\/06\/cropped-ghostyskylogo_text_white2.png","contentUrl":"https:\/\/www.ghostysky.com\/wp-content\/uploads\/2020\/06\/cropped-ghostyskylogo_text_white2.png","width":169,"height":56,"caption":"Ghostysky"},"image":{"@id":"https:\/\/www.ghostysky.com\/#\/schema\/logo\/image\/"},"sameAs":["https:\/\/www.facebook.com\/people\/Ghostysky\/100057676170234\/","https:\/\/x.com\/Gh0stysky","https:\/\/www.linkedin.com\/company\/34739653","https:\/\/www.instagram.com\/gh0stysky"]}]}},"_links":{"self":[{"href":"https:\/\/www.ghostysky.com\/fr\/wp-json\/wp\/v2\/product\/21270","targetHints":{"allow":["GET"]}}],"collection":[{"href":"https:\/\/www.ghostysky.com\/fr\/wp-json\/wp\/v2\/product"}],"about":[{"href":"https:\/\/www.ghostysky.com\/fr\/wp-json\/wp\/v2\/types\/product"}],"replies":[{"embeddable":true,"href":"https:\/\/www.ghostysky.com\/fr\/wp-json\/wp\/v2\/comments?post=21270"}],"wp:featuredmedia":[{"embeddable":true,"href":"https:\/\/www.ghostysky.com\/fr\/wp-json\/wp\/v2\/media\/21271"}],"wp:attachment":[{"href":"https:\/\/www.ghostysky.com\/fr\/wp-json\/wp\/v2\/media?parent=21270"}],"wp:term":[{"taxonomy":"product_brand","embeddable":true,"href":"https:\/\/www.ghostysky.com\/fr\/wp-json\/wp\/v2\/product_brand?post=21270"},{"taxonomy":"product_cat","embeddable":true,"href":"https:\/\/www.ghostysky.com\/fr\/wp-json\/wp\/v2\/product_cat?post=21270"},{"taxonomy":"product_tag","embeddable":true,"href":"https:\/\/www.ghostysky.com\/fr\/wp-json\/wp\/v2\/product_tag?post=21270"}],"curies":[{"name":"wp","href":"https:\/\/api.w.org\/{rel}","templated":true}]}}