{"id":21272,"date":"2025-10-16T06:22:23","date_gmt":"2025-10-16T06:22:23","guid":{"rendered":"https:\/\/www.ghostysky.com\/?post_type=product&#038;p=21272"},"modified":"2025-10-16T06:22:52","modified_gmt":"2025-10-16T06:22:52","slug":"unitree-go2-servo-robotic-arm","status":"publish","type":"product","link":"https:\/\/www.ghostysky.com\/fr\/product\/unitree-go2-servo-robotic-arm\/","title":{"rendered":"Bras robotique servo Unitree Go2"},"content":{"rendered":"<div id=\"model-response-message-contentr_6b44aec62b532e7d\" class=\"markdown markdown-main-panel stronger enable-updated-hr-color\" dir=\"ltr\">\n<h3><b>Principales caract\u00e9ristiques et sp\u00e9cifications<\/b><\/h3>\n<ul>\n<li><b>Degr\u00e9s de libert\u00e9 (DOF) :<\/b><span class=\"citation-848\"> Caract\u00e9ristiques <\/span><b><span class=\"citation-848\">6 articulations enti\u00e8rement articul\u00e9es<\/span><\/b><span class=\"citation-848\"> plus <\/span><b><span class=\"citation-848\">1 pince \u00e0 m\u00e2choires<\/span><\/b><span class=\"citation-848 citation-end-848\">, offrant un v\u00e9ritable mouvement \u00e0 six axes pour des t\u00e2ches de manipulation flexibles et complexes.<\/span><\/li>\n<li><b><span class=\"citation-847\">Capacit\u00e9 de charge utile :<\/span><\/b><span class=\"citation-847\"> Con\u00e7u pour une manipulation l\u00e9g\u00e8re avec un id\u00e9al <\/span><b><span class=\"citation-847\">charge utile de 500 grammes (0,5 kg)<\/span><\/b><span class=\"citation-847 citation-end-847\">.<\/span><\/li>\n<li><b><span class=\"citation-846\">Port\u00e9e du bras :<\/span><\/b><span class=\"citation-846\"> Offre une port\u00e9e g\u00e9n\u00e9reuse, avec une envergure maximale des bras d&#039;environ <\/span><b><span class=\"citation-846\">550 mm<\/span><\/b><span class=\"citation-846\"> (\u00e0 l&#039;exclusion de la longueur de la m\u00e2choire) et jusqu&#039;\u00e0 <\/span><b><span class=\"citation-846\">670 mm<\/span><\/b><span class=\"citation-846 citation-end-846\"> (y compris la longueur des m\u00e2choires).<\/span><\/li>\n<li><b><span class=\"citation-845\">Pr\u00e9cision:<\/span><\/b><span class=\"citation-845 citation-end-845\"> Prend en charge un fonctionnement pr\u00e9cis sur un large \u00e9ventail de t\u00e2ches, id\u00e9al pour la recherche universitaire, l&#039;exploration bas\u00e9e sur l&#039;IA et l&#039;enseignement pratique de la robotique.<\/span><\/li>\n<li><b>Flexibilit\u00e9 articulaire :<\/b><span class=\"citation-844 citation-end-844\"> Chacune des six articulations poss\u00e8de une amplitude de mouvement impressionnante, par exemple : J1 (<\/span><span class=\"math-inline\" data-math=\"\\pm 135^\\circ\"><span class=\"katex\"><span class=\"katex-html\" aria-hidden=\"true\"><span class=\"base\"><span class=\"mord\">\u00b1<\/span><span class=\"mord\">13<\/span><span class=\"mord\">5<span class=\"msupsub\"><span class=\"vlist-t\"><span class=\"vlist-r\"><span class=\"vlist\"><span class=\"\"><span class=\"sizing reset-size6 size3 mtight\"><span class=\"mbin mtight\">\u2218<\/span><\/span><\/span><\/span><\/span><\/span><\/span><\/span><\/span><\/span><\/span><\/span><span class=\"citation-843 citation-end-843\">), J2 (<\/span><span class=\"math-inline\" data-math=\"\\pm 90^\\circ\"><span class=\"katex\"><span class=\"katex-html\" aria-hidden=\"true\"><span class=\"base\"><span class=\"mord\">\u00b1<\/span><span class=\"mord\">9<\/span><span class=\"mord\">0<span class=\"msupsub\"><span class=\"vlist-t\"><span class=\"vlist-r\"><span class=\"vlist\"><span class=\"\"><span class=\"sizing reset-size6 size3 mtight\"><span class=\"mbin mtight\">\u2218<\/span><\/span><\/span><\/span><\/span><\/span><\/span><\/span><\/span><\/span><\/span><\/span><span class=\"citation-842 citation-end-842\">), J3 (<\/span><span class=\"math-inline\" data-math=\"\\pm 90^\\circ\"><span class=\"katex\"><span class=\"katex-html\" aria-hidden=\"true\"><span class=\"base\"><span class=\"mord\">\u00b1<\/span><span class=\"mord\">9<\/span><span class=\"mord\">0<span class=\"msupsub\"><span class=\"vlist-t\"><span class=\"vlist-r\"><span class=\"vlist\"><span class=\"\"><span class=\"sizing reset-size6 size3 mtight\"><span class=\"mbin mtight\">\u2218<\/span><\/span><\/span><\/span><\/span><\/span><\/span><\/span><\/span><\/span><\/span><\/span><span class=\"citation-841 citation-end-841\">), J4 (<\/span><span class=\"math-inline\" data-math=\"\\pm 135^\\circ\"><span class=\"katex\"><span class=\"katex-html\" aria-hidden=\"true\"><span class=\"base\"><span class=\"mord\">\u00b1<\/span><span class=\"mord\">13<\/span><span class=\"mord\">5<span class=\"msupsub\"><span class=\"vlist-t\"><span class=\"vlist-r\"><span class=\"vlist\"><span class=\"\"><span class=\"sizing reset-size6 size3 mtight\"><span class=\"mbin mtight\">\u2218<\/span><\/span><\/span><\/span><\/span><\/span><\/span><\/span><\/span><\/span><\/span><\/span><span class=\"citation-840 citation-end-840\">), J5 (<\/span><span class=\"math-inline\" data-math=\"\\pm 90^\\circ\"><span class=\"katex\"><span class=\"katex-html\" aria-hidden=\"true\"><span class=\"base\"><span class=\"mord\">\u00b1<\/span><span class=\"mord\">9<\/span><span class=\"mord\">0<span class=\"msupsub\"><span class=\"vlist-t\"><span class=\"vlist-r\"><span class=\"vlist\"><span class=\"\"><span class=\"sizing reset-size6 size3 mtight\"><span class=\"mbin mtight\">\u2218<\/span><\/span><\/span><\/span><\/span><\/span><\/span><\/span><\/span><\/span><\/span><\/span><span class=\"citation-839 citation-end-839\">), et J6 (<\/span><span class=\"math-inline\" data-math=\"\\pm 135^\\circ\"><span class=\"katex\"><span class=\"katex-html\" aria-hidden=\"true\"><span class=\"base\"><span class=\"mord\">\u00b1<\/span><span class=\"mord\">13<\/span><span class=\"mord\">5<span class=\"msupsub\"><span class=\"vlist-t\"><span class=\"vlist-r\"><span class=\"vlist\"><span class=\"\"><span class=\"sizing reset-size6 size3 mtight\"><span class=\"mbin mtight\">\u2218<\/span><\/span><\/span><\/span><\/span><\/span><\/span><\/span><\/span><\/span><\/span><\/span><span class=\"citation-838 citation-end-838\">).<\/span><\/li>\n<li><b>Contr\u00f4le et puissance :<\/b><span class=\"citation-837\"> Il fonctionne sur <\/span><b><span class=\"citation-837\">24 V<\/span><\/b><span class=\"citation-837\"> avec une puissance de sortie de <\/span><b><span class=\"citation-837\">60 W<\/span><\/b><span class=\"citation-837 citation-end-837\"> (Courant maximal 5A).<\/span> <span class=\"citation-836\">Le bras utilise un <\/span><b><span class=\"citation-836\">Servo de bus<\/span><\/b><span class=\"citation-836 citation-end-836\"> type de moteur.<\/span><\/li>\n<li><b>Interface:<\/b><span class=\"citation-835\"> La communication et le contr\u00f4le sont g\u00e9r\u00e9s via un <\/span><b><span class=\"citation-835\">RJ45 (ETH)<\/span><\/b><span class=\"citation-835\"> interface de communication de contr\u00f4le, avec un <\/span><b><span class=\"citation-835\">DC5.5-2.1<\/span><\/b><span class=\"citation-835 citation-end-835\"> interface pour l&#039;alimentation \u00e9lectrique.<\/span><\/li>\n<\/ul>\n<p><span class=\"citation-834 citation-end-834\">Construit en alliage d&#039;aluminium l\u00e9ger, le bras D1 est con\u00e7u pour compl\u00e9ter l&#039;agilit\u00e9 de la plate-forme Go2, permettant une vari\u00e9t\u00e9 d&#039;applications allant de la saisie et de la manipulation d&#039;objets \u00e0 l&#039;asservissement visuel et aux d\u00e9monstrations dynamiques dans les environnements de recherche et d&#039;enseignement.<\/span><\/p>\n<div class=\"source-inline-chip-container ng-star-inserted\"><\/div>\n<\/div>","protected":false},"excerpt":{"rendered":"<p><span class=\"citation-849\">Le <\/span><b><span class=\"citation-849\">Bras robotis\u00e9 servo Unitree Go2 (mod\u00e8le D1)<\/span><\/b><span class=\"citation-849 citation-end-849\"> est un manipulateur robotique haute performance \u00e0 6 degr\u00e9s de libert\u00e9 (DOF) con\u00e7u pour une int\u00e9gration transparente avec le robot quadrup\u00e8de Unitree Go2, \u00e9largissant consid\u00e9rablement ses fonctionnalit\u00e9s.<\/span><\/p>","protected":false},"featured_media":21274,"comment_status":"open","ping_status":"closed","template":"","meta":[],"product_brand":[1087],"product_cat":[1039,1037,1086],"product_tag":[1088,1094,1092,1089],"class_list":{"0":"post-21272","1":"product","2":"type-product","3":"status-publish","4":"has-post-thumbnail","6":"product_brand-unitree","7":"product_cat-quadruped","8":"product_cat-robotics","9":"product_cat-unitree-quad-accessories","10":"product_tag-unitree","11":"product_tag-unitree-go2-accessories","12":"product_tag-unitree-go2-series","13":"product_tag-unitree-quadruped","15":"first","16":"onbackorder","17":"taxable","18":"shipping-taxable","19":"purchasable","20":"product-type-simple"},"yoast_head":"<!-- This site is optimized with the Yoast SEO plugin v27.1.1 - https:\/\/yoast.com\/product\/yoast-seo-wordpress\/ -->\n<title>Unitree Go2 Servo Robotic Arm - Ghostysky<\/title>\n<meta name=\"description\" content=\"The Unitree Go2 Servo Robotic Arm (Model D1) is a high-performance, 6-Degree-of-Freedom (DOF) robotic manipulator designed for seamless integration with the Unitree Go2 Quadruped Robot, significantly expanding its functionality.\" \/>\n<meta name=\"robots\" content=\"index, follow, max-snippet:-1, max-image-preview:large, max-video-preview:-1\" \/>\n<link rel=\"canonical\" href=\"https:\/\/www.ghostysky.com\/fr\/product\/unitree-go2-servo-robotic-arm\/\" \/>\n<meta property=\"og:locale\" content=\"fr_FR\" \/>\n<meta property=\"og:type\" content=\"article\" \/>\n<meta property=\"og:title\" content=\"Unitree Go2 Servo Robotic Arm - Ghostysky\" \/>\n<meta property=\"og:description\" content=\"The Unitree Go2 Servo Robotic Arm (Model D1) is a high-performance, 6-Degree-of-Freedom (DOF) robotic manipulator designed for seamless integration with the Unitree Go2 Quadruped Robot, significantly expanding its functionality.\" \/>\n<meta property=\"og:url\" content=\"https:\/\/www.ghostysky.com\/fr\/product\/unitree-go2-servo-robotic-arm\/\" \/>\n<meta property=\"og:site_name\" content=\"Ghostysky\" \/>\n<meta property=\"article:publisher\" content=\"https:\/\/www.facebook.com\/people\/Ghostysky\/100057676170234\/\" \/>\n<meta property=\"article:modified_time\" content=\"2025-10-16T06:22:52+00:00\" \/>\n<meta property=\"og:image\" content=\"https:\/\/www.ghostysky.com\/wp-content\/uploads\/2025\/10\/GH_Go2-Servo-Robotic-Arm_1.webp\" \/>\n\t<meta property=\"og:image:width\" content=\"1000\" \/>\n\t<meta property=\"og:image:height\" content=\"1000\" \/>\n\t<meta property=\"og:image:type\" content=\"image\/webp\" \/>\n<meta name=\"twitter:card\" content=\"summary_large_image\" \/>\n<meta name=\"twitter:site\" content=\"@Gh0stysky\" \/>\n<meta name=\"twitter:label1\" content=\"Dur\u00e9e de lecture estim\u00e9e\" \/>\n\t<meta name=\"twitter:data1\" content=\"2 minutes\" \/>\n<script type=\"application\/ld+json\" class=\"yoast-schema-graph\">{\"@context\":\"https:\/\/schema.org\",\"@graph\":[{\"@type\":\"WebPage\",\"@id\":\"https:\/\/www.ghostysky.com\/product\/unitree-go2-servo-robotic-arm\/\",\"url\":\"https:\/\/www.ghostysky.com\/product\/unitree-go2-servo-robotic-arm\/\",\"name\":\"Unitree Go2 Servo Robotic Arm - Ghostysky\",\"isPartOf\":{\"@id\":\"https:\/\/www.ghostysky.com\/#website\"},\"primaryImageOfPage\":{\"@id\":\"https:\/\/www.ghostysky.com\/product\/unitree-go2-servo-robotic-arm\/#primaryimage\"},\"image\":{\"@id\":\"https:\/\/www.ghostysky.com\/product\/unitree-go2-servo-robotic-arm\/#primaryimage\"},\"thumbnailUrl\":\"https:\/\/www.ghostysky.com\/wp-content\/uploads\/2025\/10\/GH_Go2-Servo-Robotic-Arm_1.webp\",\"datePublished\":\"2025-10-16T06:22:23+00:00\",\"dateModified\":\"2025-10-16T06:22:52+00:00\",\"description\":\"The Unitree Go2 Servo Robotic Arm (Model D1) is a high-performance, 6-Degree-of-Freedom (DOF) robotic manipulator designed for seamless integration with the Unitree Go2 Quadruped Robot, significantly expanding its functionality.\",\"breadcrumb\":{\"@id\":\"https:\/\/www.ghostysky.com\/product\/unitree-go2-servo-robotic-arm\/#breadcrumb\"},\"inLanguage\":\"fr-FR\",\"potentialAction\":[{\"@type\":\"ReadAction\",\"target\":[\"https:\/\/www.ghostysky.com\/product\/unitree-go2-servo-robotic-arm\/\"]}]},{\"@type\":\"ImageObject\",\"inLanguage\":\"fr-FR\",\"@id\":\"https:\/\/www.ghostysky.com\/product\/unitree-go2-servo-robotic-arm\/#primaryimage\",\"url\":\"https:\/\/www.ghostysky.com\/wp-content\/uploads\/2025\/10\/GH_Go2-Servo-Robotic-Arm_1.webp\",\"contentUrl\":\"https:\/\/www.ghostysky.com\/wp-content\/uploads\/2025\/10\/GH_Go2-Servo-Robotic-Arm_1.webp\",\"width\":1000,\"height\":1000},{\"@type\":\"BreadcrumbList\",\"@id\":\"https:\/\/www.ghostysky.com\/product\/unitree-go2-servo-robotic-arm\/#breadcrumb\",\"itemListElement\":[{\"@type\":\"ListItem\",\"position\":1,\"name\":\"Home\",\"item\":\"https:\/\/www.ghostysky.com\/\"},{\"@type\":\"ListItem\",\"position\":2,\"name\":\"Shop\",\"item\":\"https:\/\/www.ghostysky.com\/shop\/\"},{\"@type\":\"ListItem\",\"position\":3,\"name\":\"Unitree Go2 Servo Robotic Arm\"}]},{\"@type\":\"WebSite\",\"@id\":\"https:\/\/www.ghostysky.com\/#website\",\"url\":\"https:\/\/www.ghostysky.com\/\",\"name\":\"Ghostysky\",\"description\":\"Delivering professional drones and services\",\"publisher\":{\"@id\":\"https:\/\/www.ghostysky.com\/#organization\"},\"potentialAction\":[{\"@type\":\"SearchAction\",\"target\":{\"@type\":\"EntryPoint\",\"urlTemplate\":\"https:\/\/www.ghostysky.com\/?s={search_term_string}\"},\"query-input\":{\"@type\":\"PropertyValueSpecification\",\"valueRequired\":true,\"valueName\":\"search_term_string\"}}],\"inLanguage\":\"fr-FR\"},{\"@type\":\"Organization\",\"@id\":\"https:\/\/www.ghostysky.com\/#organization\",\"name\":\"Ghostysky\",\"url\":\"https:\/\/www.ghostysky.com\/\",\"logo\":{\"@type\":\"ImageObject\",\"inLanguage\":\"fr-FR\",\"@id\":\"https:\/\/www.ghostysky.com\/#\/schema\/logo\/image\/\",\"url\":\"https:\/\/www.ghostysky.com\/wp-content\/uploads\/2020\/06\/cropped-ghostyskylogo_text_white2.png\",\"contentUrl\":\"https:\/\/www.ghostysky.com\/wp-content\/uploads\/2020\/06\/cropped-ghostyskylogo_text_white2.png\",\"width\":169,\"height\":56,\"caption\":\"Ghostysky\"},\"image\":{\"@id\":\"https:\/\/www.ghostysky.com\/#\/schema\/logo\/image\/\"},\"sameAs\":[\"https:\/\/www.facebook.com\/people\/Ghostysky\/100057676170234\/\",\"https:\/\/x.com\/Gh0stysky\",\"https:\/\/www.linkedin.com\/company\/34739653\",\"https:\/\/www.instagram.com\/gh0stysky\"]}]}<\/script>\n<!-- \/ Yoast SEO plugin. -->","yoast_head_json":{"title":"Bras robotique servo Unitree Go2 - Ghostysky","description":"Le bras robotique servo Unitree Go2 (mod\u00e8le D1) est un manipulateur robotique hautes performances \u00e0 6 degr\u00e9s de libert\u00e9 (DOF) con\u00e7u pour une int\u00e9gration transparente avec le robot quadrup\u00e8de Unitree Go2, \u00e9largissant consid\u00e9rablement ses fonctionnalit\u00e9s.","robots":{"index":"index","follow":"follow","max-snippet":"max-snippet:-1","max-image-preview":"max-image-preview:large","max-video-preview":"max-video-preview:-1"},"canonical":"https:\/\/www.ghostysky.com\/fr\/product\/unitree-go2-servo-robotic-arm\/","og_locale":"fr_FR","og_type":"article","og_title":"Unitree Go2 Servo Robotic Arm - Ghostysky","og_description":"The Unitree Go2 Servo Robotic Arm (Model D1) is a high-performance, 6-Degree-of-Freedom (DOF) robotic manipulator designed for seamless integration with the Unitree Go2 Quadruped Robot, significantly expanding its functionality.","og_url":"https:\/\/www.ghostysky.com\/fr\/product\/unitree-go2-servo-robotic-arm\/","og_site_name":"Ghostysky","article_publisher":"https:\/\/www.facebook.com\/people\/Ghostysky\/100057676170234\/","article_modified_time":"2025-10-16T06:22:52+00:00","og_image":[{"width":1000,"height":1000,"url":"https:\/\/www.ghostysky.com\/wp-content\/uploads\/2025\/10\/GH_Go2-Servo-Robotic-Arm_1.webp","type":"image\/webp"}],"twitter_card":"summary_large_image","twitter_site":"@Gh0stysky","twitter_misc":{"Dur\u00e9e de lecture estim\u00e9e":"2 minutes"},"schema":{"@context":"https:\/\/schema.org","@graph":[{"@type":"WebPage","@id":"https:\/\/www.ghostysky.com\/product\/unitree-go2-servo-robotic-arm\/","url":"https:\/\/www.ghostysky.com\/product\/unitree-go2-servo-robotic-arm\/","name":"Bras robotique servo Unitree Go2 - Ghostysky","isPartOf":{"@id":"https:\/\/www.ghostysky.com\/#website"},"primaryImageOfPage":{"@id":"https:\/\/www.ghostysky.com\/product\/unitree-go2-servo-robotic-arm\/#primaryimage"},"image":{"@id":"https:\/\/www.ghostysky.com\/product\/unitree-go2-servo-robotic-arm\/#primaryimage"},"thumbnailUrl":"https:\/\/www.ghostysky.com\/wp-content\/uploads\/2025\/10\/GH_Go2-Servo-Robotic-Arm_1.webp","datePublished":"2025-10-16T06:22:23+00:00","dateModified":"2025-10-16T06:22:52+00:00","description":"Le bras robotique servo Unitree Go2 (mod\u00e8le D1) est un manipulateur robotique hautes performances \u00e0 6 degr\u00e9s de libert\u00e9 (DOF) con\u00e7u pour une int\u00e9gration transparente avec le robot quadrup\u00e8de Unitree Go2, \u00e9largissant consid\u00e9rablement ses fonctionnalit\u00e9s.","breadcrumb":{"@id":"https:\/\/www.ghostysky.com\/product\/unitree-go2-servo-robotic-arm\/#breadcrumb"},"inLanguage":"fr-FR","potentialAction":[{"@type":"ReadAction","target":["https:\/\/www.ghostysky.com\/product\/unitree-go2-servo-robotic-arm\/"]}]},{"@type":"ImageObject","inLanguage":"fr-FR","@id":"https:\/\/www.ghostysky.com\/product\/unitree-go2-servo-robotic-arm\/#primaryimage","url":"https:\/\/www.ghostysky.com\/wp-content\/uploads\/2025\/10\/GH_Go2-Servo-Robotic-Arm_1.webp","contentUrl":"https:\/\/www.ghostysky.com\/wp-content\/uploads\/2025\/10\/GH_Go2-Servo-Robotic-Arm_1.webp","width":1000,"height":1000},{"@type":"BreadcrumbList","@id":"https:\/\/www.ghostysky.com\/product\/unitree-go2-servo-robotic-arm\/#breadcrumb","itemListElement":[{"@type":"ListItem","position":1,"name":"Home","item":"https:\/\/www.ghostysky.com\/"},{"@type":"ListItem","position":2,"name":"Shop","item":"https:\/\/www.ghostysky.com\/shop\/"},{"@type":"ListItem","position":3,"name":"Unitree Go2 Servo Robotic Arm"}]},{"@type":"WebSite","@id":"https:\/\/www.ghostysky.com\/#website","url":"https:\/\/www.ghostysky.com\/","name":"Ghostysky","description":"Livraison de drones et de services professionnels","publisher":{"@id":"https:\/\/www.ghostysky.com\/#organization"},"potentialAction":[{"@type":"SearchAction","target":{"@type":"EntryPoint","urlTemplate":"https:\/\/www.ghostysky.com\/?s={search_term_string}"},"query-input":{"@type":"PropertyValueSpecification","valueRequired":true,"valueName":"search_term_string"}}],"inLanguage":"fr-FR"},{"@type":"Organization","@id":"https:\/\/www.ghostysky.com\/#organization","name":"Ghostysky","url":"https:\/\/www.ghostysky.com\/","logo":{"@type":"ImageObject","inLanguage":"fr-FR","@id":"https:\/\/www.ghostysky.com\/#\/schema\/logo\/image\/","url":"https:\/\/www.ghostysky.com\/wp-content\/uploads\/2020\/06\/cropped-ghostyskylogo_text_white2.png","contentUrl":"https:\/\/www.ghostysky.com\/wp-content\/uploads\/2020\/06\/cropped-ghostyskylogo_text_white2.png","width":169,"height":56,"caption":"Ghostysky"},"image":{"@id":"https:\/\/www.ghostysky.com\/#\/schema\/logo\/image\/"},"sameAs":["https:\/\/www.facebook.com\/people\/Ghostysky\/100057676170234\/","https:\/\/x.com\/Gh0stysky","https:\/\/www.linkedin.com\/company\/34739653","https:\/\/www.instagram.com\/gh0stysky"]}]}},"_links":{"self":[{"href":"https:\/\/www.ghostysky.com\/fr\/wp-json\/wp\/v2\/product\/21272","targetHints":{"allow":["GET"]}}],"collection":[{"href":"https:\/\/www.ghostysky.com\/fr\/wp-json\/wp\/v2\/product"}],"about":[{"href":"https:\/\/www.ghostysky.com\/fr\/wp-json\/wp\/v2\/types\/product"}],"replies":[{"embeddable":true,"href":"https:\/\/www.ghostysky.com\/fr\/wp-json\/wp\/v2\/comments?post=21272"}],"wp:featuredmedia":[{"embeddable":true,"href":"https:\/\/www.ghostysky.com\/fr\/wp-json\/wp\/v2\/media\/21274"}],"wp:attachment":[{"href":"https:\/\/www.ghostysky.com\/fr\/wp-json\/wp\/v2\/media?parent=21272"}],"wp:term":[{"taxonomy":"product_brand","embeddable":true,"href":"https:\/\/www.ghostysky.com\/fr\/wp-json\/wp\/v2\/product_brand?post=21272"},{"taxonomy":"product_cat","embeddable":true,"href":"https:\/\/www.ghostysky.com\/fr\/wp-json\/wp\/v2\/product_cat?post=21272"},{"taxonomy":"product_tag","embeddable":true,"href":"https:\/\/www.ghostysky.com\/fr\/wp-json\/wp\/v2\/product_tag?post=21272"}],"curies":[{"name":"wp","href":"https:\/\/api.w.org\/{rel}","templated":true}]}}