{"id":21275,"date":"2025-10-16T06:27:18","date_gmt":"2025-10-16T06:27:18","guid":{"rendered":"https:\/\/www.ghostysky.com\/?post_type=product&#038;p=21275"},"modified":"2025-10-16T06:27:57","modified_gmt":"2025-10-16T06:27:57","slug":"unitree-go2-battery-standard-version","status":"publish","type":"product","link":"https:\/\/www.ghostysky.com\/fr\/product\/unitree-go2-battery-standard-version\/","title":{"rendered":"Batterie Unitree Go2 (version standard)"},"content":{"rendered":"<h3><b>Caract\u00e9ristiques principales<\/b><\/h3>\n<ul>\n<li><b>Capacit\u00e9 et puissance :<\/b><span class=\"citation-874\"> Comprend un <\/span><b><span class=\"citation-874\">capacit\u00e9 nominale de 8000 mAh (236,8 Wh)<\/span><\/b><span class=\"citation-874\">, offrant une dur\u00e9e de fonctionnement typique de <\/span><b><span class=\"citation-874\">1 \u00e0 2 heures<\/span><\/b><span class=\"citation-874 citation-end-874\"> pour le robot Go2.<\/span><\/li>\n<li><b>Gestion intelligente :<\/b><span class=\"citation-873\"> \u00c9quip\u00e9 d&#039;Unitree <\/span><b><span class=\"citation-873\">syst\u00e8me de gestion de batterie (BMS) d\u00e9velopp\u00e9 par nos soins<\/span><\/b><span class=\"citation-873 citation-end-873\"> pour assurer un fonctionnement stable et s\u00fbr.<\/span><\/li>\n<li><b>Protection compl\u00e8te :<\/b> Le BMS comprend une protection multicouche, telle que :\n<ul>\n<li><span class=\"citation-872 citation-end-872\">Affichage de l&#039;alimentation\/Indication du niveau de charge (g\u00e9n\u00e9ralement via 4 LED).<\/span><\/li>\n<li><span class=\"citation-871 citation-end-871\">Protection contre les surcharges, les d\u00e9charges excessives, les surintensit\u00e9s et les courts-circuits.<\/span><\/li>\n<li><span class=\"citation-870 citation-end-870\">Protection contre l&#039;autod\u00e9charge du stockage de la batterie.<\/span><\/li>\n<li>Protection de charge d&#039;\u00e9quilibre.<\/li>\n<li><span class=\"citation-869 citation-end-869\">Protection de la temp\u00e9rature de charge.<\/span><\/li>\n<\/ul>\n<\/li>\n<li><b>Caract\u00e9ristiques:<\/b>\n<ul>\n<li><b><span class=\"citation-868\">Tension nominale:<\/span><\/b><span class=\"citation-868 citation-end-868\"> 29,6 V CC<\/span><\/li>\n<li><b>Tension limite de charge :<\/b> 33,6 V CC<\/li>\n<li><b><span class=\"citation-867\">Courant de charge (chargeur standard) :<\/span><\/b><span class=\"citation-867 citation-end-867\"> 3,5 A (prend en charge la charge rapide jusqu&#039;\u00e0 9 A avec un chargeur rapide en option).<\/span><\/li>\n<li><b><span class=\"citation-866\">Dimensions:<\/span><\/b><span class=\"citation-866 citation-end-866\"> <sup class=\"superscript\" data-turn-source-index=\"10\">10<\/sup><\/span><span class=\"math-inline\" data-math=\"120\\text{mm} \\times 80\\text{mm} \\times 182\\text{mm}\">$120\\texte{mm} \\fois 80\\texte{mm} \\fois 182\\texte{mm}$<\/span><\/li>\n<li><b><span class=\"citation-865\">Poids (approximatif) :<\/span><\/b><span class=\"citation-865 citation-end-865\"> <sup class=\"superscript\" data-turn-source-index=\"11\">11<\/sup><\/span><span class=\"math-inline\" data-math=\"2.5 \\text{ kg}\">$2,5 \\texte{ kg}$<\/span><\/li>\n<\/ul>\n<\/li>\n<li><b><span class=\"citation-864\">Conception:<\/span><\/b><span class=\"citation-864 citation-end-864\"> Bo\u00eetier robuste et compact con\u00e7u pour une installation et un retrait faciles du robot Go2.<\/span><\/li>\n<\/ul>\n<p><span class=\"citation-863 citation-end-863\">Cette batterie standard est un choix id\u00e9al pour une utilisation g\u00e9n\u00e9rale, l&#039;\u00e9ducation, les tests et les missions de courte dur\u00e9e avec votre robot Unitree Go2.<\/span><\/p>","protected":false},"excerpt":{"rendered":"<p><span class=\"citation-875\">Le <\/span><b><span class=\"citation-875\">Batterie Unitree Go2 version standard (mod\u00e8le BT2-05)<\/span><\/b><span class=\"citation-875 citation-end-875\"> est la source d&#039;alimentation essentielle du robot quadrup\u00e8de Unitree Go2, con\u00e7u pour des performances et une s\u00e9curit\u00e9 robustes.<\/span><\/p>\n<div class=\"source-inline-chip-container ng-star-inserted\"><\/div>\n<p>&nbsp;<\/p>","protected":false},"featured_media":21278,"comment_status":"open","ping_status":"closed","template":"","meta":[],"product_brand":[1087],"product_cat":[1039,1037,1086],"product_tag":[1088,1094,1092],"class_list":{"0":"post-21275","1":"product","2":"type-product","3":"status-publish","4":"has-post-thumbnail","6":"product_brand-unitree","7":"product_cat-quadruped","8":"product_cat-robotics","9":"product_cat-unitree-quad-accessories","10":"product_tag-unitree","11":"product_tag-unitree-go2-accessories","12":"product_tag-unitree-go2-series","14":"first","15":"onbackorder","16":"taxable","17":"shipping-taxable","18":"purchasable","19":"product-type-simple"},"yoast_head":"<!-- This site is optimized with the Yoast SEO plugin v27.1.1 - https:\/\/yoast.com\/product\/yoast-seo-wordpress\/ -->\n<title>Unitree Go2 battery (standard version) - Ghostysky<\/title>\n<meta name=\"description\" content=\"The Unitree Go2 Standard Version Battery (Model BT2-05) is the essential power source for the Unitree Go2 quadruped robot, designed for robust performance and safety.\" \/>\n<meta name=\"robots\" content=\"index, follow, max-snippet:-1, max-image-preview:large, max-video-preview:-1\" \/>\n<link rel=\"canonical\" href=\"https:\/\/www.ghostysky.com\/fr\/product\/unitree-go2-battery-standard-version\/\" \/>\n<meta property=\"og:locale\" content=\"fr_FR\" \/>\n<meta property=\"og:type\" content=\"article\" \/>\n<meta property=\"og:title\" content=\"Unitree Go2 battery (standard version) - Ghostysky\" \/>\n<meta property=\"og:description\" content=\"The Unitree Go2 Standard Version Battery (Model BT2-05) is the essential power source for the Unitree Go2 quadruped robot, designed for robust performance and safety.\" \/>\n<meta property=\"og:url\" content=\"https:\/\/www.ghostysky.com\/fr\/product\/unitree-go2-battery-standard-version\/\" \/>\n<meta property=\"og:site_name\" content=\"Ghostysky\" \/>\n<meta property=\"article:publisher\" content=\"https:\/\/www.facebook.com\/people\/Ghostysky\/100057676170234\/\" \/>\n<meta property=\"article:modified_time\" content=\"2025-10-16T06:27:57+00:00\" \/>\n<meta property=\"og:image\" content=\"https:\/\/www.ghostysky.com\/wp-content\/uploads\/2025\/10\/GH_Go2-battery-standard-version_1.jpg\" \/>\n\t<meta property=\"og:image:width\" content=\"800\" \/>\n\t<meta property=\"og:image:height\" content=\"800\" \/>\n\t<meta property=\"og:image:type\" content=\"image\/jpeg\" \/>\n<meta name=\"twitter:card\" content=\"summary_large_image\" \/>\n<meta name=\"twitter:site\" content=\"@Gh0stysky\" \/>\n<meta name=\"twitter:label1\" content=\"Dur\u00e9e de lecture estim\u00e9e\" \/>\n\t<meta name=\"twitter:data1\" content=\"1 minute\" \/>\n<script type=\"application\/ld+json\" class=\"yoast-schema-graph\">{\"@context\":\"https:\/\/schema.org\",\"@graph\":[{\"@type\":\"WebPage\",\"@id\":\"https:\/\/www.ghostysky.com\/product\/unitree-go2-battery-standard-version\/\",\"url\":\"https:\/\/www.ghostysky.com\/product\/unitree-go2-battery-standard-version\/\",\"name\":\"Unitree Go2 battery (standard version) - Ghostysky\",\"isPartOf\":{\"@id\":\"https:\/\/www.ghostysky.com\/#website\"},\"primaryImageOfPage\":{\"@id\":\"https:\/\/www.ghostysky.com\/product\/unitree-go2-battery-standard-version\/#primaryimage\"},\"image\":{\"@id\":\"https:\/\/www.ghostysky.com\/product\/unitree-go2-battery-standard-version\/#primaryimage\"},\"thumbnailUrl\":\"https:\/\/www.ghostysky.com\/wp-content\/uploads\/2025\/10\/GH_Go2-battery-standard-version_1.jpg\",\"datePublished\":\"2025-10-16T06:27:18+00:00\",\"dateModified\":\"2025-10-16T06:27:57+00:00\",\"description\":\"The Unitree Go2 Standard Version Battery (Model BT2-05) is the essential power source for the Unitree Go2 quadruped robot, designed for robust performance and safety.\",\"breadcrumb\":{\"@id\":\"https:\/\/www.ghostysky.com\/product\/unitree-go2-battery-standard-version\/#breadcrumb\"},\"inLanguage\":\"fr-FR\",\"potentialAction\":[{\"@type\":\"ReadAction\",\"target\":[\"https:\/\/www.ghostysky.com\/product\/unitree-go2-battery-standard-version\/\"]}]},{\"@type\":\"ImageObject\",\"inLanguage\":\"fr-FR\",\"@id\":\"https:\/\/www.ghostysky.com\/product\/unitree-go2-battery-standard-version\/#primaryimage\",\"url\":\"https:\/\/www.ghostysky.com\/wp-content\/uploads\/2025\/10\/GH_Go2-battery-standard-version_1.jpg\",\"contentUrl\":\"https:\/\/www.ghostysky.com\/wp-content\/uploads\/2025\/10\/GH_Go2-battery-standard-version_1.jpg\",\"width\":800,\"height\":800},{\"@type\":\"BreadcrumbList\",\"@id\":\"https:\/\/www.ghostysky.com\/product\/unitree-go2-battery-standard-version\/#breadcrumb\",\"itemListElement\":[{\"@type\":\"ListItem\",\"position\":1,\"name\":\"Home\",\"item\":\"https:\/\/www.ghostysky.com\/\"},{\"@type\":\"ListItem\",\"position\":2,\"name\":\"Shop\",\"item\":\"https:\/\/www.ghostysky.com\/shop\/\"},{\"@type\":\"ListItem\",\"position\":3,\"name\":\"Unitree Go2 battery (standard version)\"}]},{\"@type\":\"WebSite\",\"@id\":\"https:\/\/www.ghostysky.com\/#website\",\"url\":\"https:\/\/www.ghostysky.com\/\",\"name\":\"Ghostysky\",\"description\":\"Delivering professional drones and services\",\"publisher\":{\"@id\":\"https:\/\/www.ghostysky.com\/#organization\"},\"potentialAction\":[{\"@type\":\"SearchAction\",\"target\":{\"@type\":\"EntryPoint\",\"urlTemplate\":\"https:\/\/www.ghostysky.com\/?s={search_term_string}\"},\"query-input\":{\"@type\":\"PropertyValueSpecification\",\"valueRequired\":true,\"valueName\":\"search_term_string\"}}],\"inLanguage\":\"fr-FR\"},{\"@type\":\"Organization\",\"@id\":\"https:\/\/www.ghostysky.com\/#organization\",\"name\":\"Ghostysky\",\"url\":\"https:\/\/www.ghostysky.com\/\",\"logo\":{\"@type\":\"ImageObject\",\"inLanguage\":\"fr-FR\",\"@id\":\"https:\/\/www.ghostysky.com\/#\/schema\/logo\/image\/\",\"url\":\"https:\/\/www.ghostysky.com\/wp-content\/uploads\/2020\/06\/cropped-ghostyskylogo_text_white2.png\",\"contentUrl\":\"https:\/\/www.ghostysky.com\/wp-content\/uploads\/2020\/06\/cropped-ghostyskylogo_text_white2.png\",\"width\":169,\"height\":56,\"caption\":\"Ghostysky\"},\"image\":{\"@id\":\"https:\/\/www.ghostysky.com\/#\/schema\/logo\/image\/\"},\"sameAs\":[\"https:\/\/www.facebook.com\/people\/Ghostysky\/100057676170234\/\",\"https:\/\/x.com\/Gh0stysky\",\"https:\/\/www.linkedin.com\/company\/34739653\",\"https:\/\/www.instagram.com\/gh0stysky\"]}]}<\/script>\n<!-- \/ Yoast SEO plugin. -->","yoast_head_json":{"title":"Batterie Unitree Go2 (version standard) - Ghostysky","description":"La batterie Unitree Go2 version standard (mod\u00e8le BT2-05) est la source d&#039;alimentation essentielle pour le robot quadrup\u00e8de Unitree Go2, con\u00e7ue pour des performances et une s\u00e9curit\u00e9 robustes.","robots":{"index":"index","follow":"follow","max-snippet":"max-snippet:-1","max-image-preview":"max-image-preview:large","max-video-preview":"max-video-preview:-1"},"canonical":"https:\/\/www.ghostysky.com\/fr\/product\/unitree-go2-battery-standard-version\/","og_locale":"fr_FR","og_type":"article","og_title":"Unitree Go2 battery (standard version) - Ghostysky","og_description":"The Unitree Go2 Standard Version Battery (Model BT2-05) is the essential power source for the Unitree Go2 quadruped robot, designed for robust performance and safety.","og_url":"https:\/\/www.ghostysky.com\/fr\/product\/unitree-go2-battery-standard-version\/","og_site_name":"Ghostysky","article_publisher":"https:\/\/www.facebook.com\/people\/Ghostysky\/100057676170234\/","article_modified_time":"2025-10-16T06:27:57+00:00","og_image":[{"width":800,"height":800,"url":"https:\/\/www.ghostysky.com\/wp-content\/uploads\/2025\/10\/GH_Go2-battery-standard-version_1.jpg","type":"image\/jpeg"}],"twitter_card":"summary_large_image","twitter_site":"@Gh0stysky","twitter_misc":{"Dur\u00e9e de lecture estim\u00e9e":"1 minute"},"schema":{"@context":"https:\/\/schema.org","@graph":[{"@type":"WebPage","@id":"https:\/\/www.ghostysky.com\/product\/unitree-go2-battery-standard-version\/","url":"https:\/\/www.ghostysky.com\/product\/unitree-go2-battery-standard-version\/","name":"Batterie Unitree Go2 (version standard) - Ghostysky","isPartOf":{"@id":"https:\/\/www.ghostysky.com\/#website"},"primaryImageOfPage":{"@id":"https:\/\/www.ghostysky.com\/product\/unitree-go2-battery-standard-version\/#primaryimage"},"image":{"@id":"https:\/\/www.ghostysky.com\/product\/unitree-go2-battery-standard-version\/#primaryimage"},"thumbnailUrl":"https:\/\/www.ghostysky.com\/wp-content\/uploads\/2025\/10\/GH_Go2-battery-standard-version_1.jpg","datePublished":"2025-10-16T06:27:18+00:00","dateModified":"2025-10-16T06:27:57+00:00","description":"La batterie Unitree Go2 version standard (mod\u00e8le BT2-05) est la source d&#039;alimentation essentielle pour le robot quadrup\u00e8de Unitree Go2, con\u00e7ue pour des performances et une s\u00e9curit\u00e9 robustes.","breadcrumb":{"@id":"https:\/\/www.ghostysky.com\/product\/unitree-go2-battery-standard-version\/#breadcrumb"},"inLanguage":"fr-FR","potentialAction":[{"@type":"ReadAction","target":["https:\/\/www.ghostysky.com\/product\/unitree-go2-battery-standard-version\/"]}]},{"@type":"ImageObject","inLanguage":"fr-FR","@id":"https:\/\/www.ghostysky.com\/product\/unitree-go2-battery-standard-version\/#primaryimage","url":"https:\/\/www.ghostysky.com\/wp-content\/uploads\/2025\/10\/GH_Go2-battery-standard-version_1.jpg","contentUrl":"https:\/\/www.ghostysky.com\/wp-content\/uploads\/2025\/10\/GH_Go2-battery-standard-version_1.jpg","width":800,"height":800},{"@type":"BreadcrumbList","@id":"https:\/\/www.ghostysky.com\/product\/unitree-go2-battery-standard-version\/#breadcrumb","itemListElement":[{"@type":"ListItem","position":1,"name":"Home","item":"https:\/\/www.ghostysky.com\/"},{"@type":"ListItem","position":2,"name":"Shop","item":"https:\/\/www.ghostysky.com\/shop\/"},{"@type":"ListItem","position":3,"name":"Unitree Go2 battery (standard version)"}]},{"@type":"WebSite","@id":"https:\/\/www.ghostysky.com\/#website","url":"https:\/\/www.ghostysky.com\/","name":"Ghostysky","description":"Livraison de drones et de services professionnels","publisher":{"@id":"https:\/\/www.ghostysky.com\/#organization"},"potentialAction":[{"@type":"SearchAction","target":{"@type":"EntryPoint","urlTemplate":"https:\/\/www.ghostysky.com\/?s={search_term_string}"},"query-input":{"@type":"PropertyValueSpecification","valueRequired":true,"valueName":"search_term_string"}}],"inLanguage":"fr-FR"},{"@type":"Organization","@id":"https:\/\/www.ghostysky.com\/#organization","name":"Ghostysky","url":"https:\/\/www.ghostysky.com\/","logo":{"@type":"ImageObject","inLanguage":"fr-FR","@id":"https:\/\/www.ghostysky.com\/#\/schema\/logo\/image\/","url":"https:\/\/www.ghostysky.com\/wp-content\/uploads\/2020\/06\/cropped-ghostyskylogo_text_white2.png","contentUrl":"https:\/\/www.ghostysky.com\/wp-content\/uploads\/2020\/06\/cropped-ghostyskylogo_text_white2.png","width":169,"height":56,"caption":"Ghostysky"},"image":{"@id":"https:\/\/www.ghostysky.com\/#\/schema\/logo\/image\/"},"sameAs":["https:\/\/www.facebook.com\/people\/Ghostysky\/100057676170234\/","https:\/\/x.com\/Gh0stysky","https:\/\/www.linkedin.com\/company\/34739653","https:\/\/www.instagram.com\/gh0stysky"]}]}},"_links":{"self":[{"href":"https:\/\/www.ghostysky.com\/fr\/wp-json\/wp\/v2\/product\/21275","targetHints":{"allow":["GET"]}}],"collection":[{"href":"https:\/\/www.ghostysky.com\/fr\/wp-json\/wp\/v2\/product"}],"about":[{"href":"https:\/\/www.ghostysky.com\/fr\/wp-json\/wp\/v2\/types\/product"}],"replies":[{"embeddable":true,"href":"https:\/\/www.ghostysky.com\/fr\/wp-json\/wp\/v2\/comments?post=21275"}],"wp:featuredmedia":[{"embeddable":true,"href":"https:\/\/www.ghostysky.com\/fr\/wp-json\/wp\/v2\/media\/21278"}],"wp:attachment":[{"href":"https:\/\/www.ghostysky.com\/fr\/wp-json\/wp\/v2\/media?parent=21275"}],"wp:term":[{"taxonomy":"product_brand","embeddable":true,"href":"https:\/\/www.ghostysky.com\/fr\/wp-json\/wp\/v2\/product_brand?post=21275"},{"taxonomy":"product_cat","embeddable":true,"href":"https:\/\/www.ghostysky.com\/fr\/wp-json\/wp\/v2\/product_cat?post=21275"},{"taxonomy":"product_tag","embeddable":true,"href":"https:\/\/www.ghostysky.com\/fr\/wp-json\/wp\/v2\/product_tag?post=21275"}],"curies":[{"name":"wp","href":"https:\/\/api.w.org\/{rel}","templated":true}]}}