{"id":21280,"date":"2025-10-16T06:33:59","date_gmt":"2025-10-16T06:33:59","guid":{"rendered":"https:\/\/www.ghostysky.com\/?post_type=product&#038;p=21280"},"modified":"2025-10-16T06:39:32","modified_gmt":"2025-10-16T06:39:32","slug":"unitree-go2-battery-charger-standard-charge-version","status":"publish","type":"product","link":"https:\/\/www.ghostysky.com\/fr\/product\/unitree-go2-battery-charger-standard-charge-version\/","title":{"rendered":"Chargeur de batterie Unitree Go2 (version de charge standard)"},"content":{"rendered":"<div id=\"model-response-message-contentr_eca1ee9a5853af87\" class=\"markdown markdown-main-panel stronger enable-updated-hr-color\" dir=\"ltr\">\n<h3><b>Caract\u00e9ristiques principales<\/b><\/h3>\n<ul>\n<li><b>Compatibilit\u00e9 de la batterie d\u00e9di\u00e9e Go2\u00a0:<\/b><span class=\"citation-924 citation-end-924\"> Sp\u00e9cialement con\u00e7u pour la batterie intelligente Unitree Go2 (versions standard et longue endurance), garantissant des performances de charge optimales et la sant\u00e9 de la batterie.<\/span><\/li>\n<li><b><span class=\"citation-923\">Performances de charge fiables\u00a0:<\/span><\/b><span class=\"citation-923 citation-end-923\"> Fournit une puissance de sortie stable essentielle pour maintenir la long\u00e9vit\u00e9 et la fiabilit\u00e9 de la batterie de votre robot avanc\u00e9.<\/span>\n<ul>\n<li><b><span class=\"citation-922\">Puissance de sortie :<\/span><\/b> <span class=\"math-inline\" data-math=\"34.0 \\text{V}, 3.5 \\text{A}, 119.0 \\text{W}\"><span class=\"katex\"><span class=\"katex-html\" aria-hidden=\"true\"><span class=\"base\"><span class=\"mord\">34.0<\/span><span class=\"mord text\"><span class=\"mord\">V<\/span><\/span><span class=\"mpunct\">,<\/span><span class=\"mord\">3.5<\/span><span class=\"mord text\"><span class=\"mord\">UN<\/span><\/span><span class=\"mpunct\">,<\/span><span class=\"mord\">119.0<\/span><span class=\"mord text\"><span class=\"mord\">W<\/span><\/span><\/span><\/span><\/span><\/span><\/li>\n<\/ul>\n<\/li>\n<li><b>Temps de charge standard pratiques\u00a0:<\/b>\n<ul>\n<li><b><span class=\"citation-921 citation-end-921\">Batterie standard (8000 mAh) :<\/span><\/b><span class=\"citation-920 citation-end-920\"> Environ <\/span><span class=\"math-inline\" data-math=\"\\mathbf{2}\"><span class=\"katex\"><span class=\"katex-html\" aria-hidden=\"true\"><span class=\"base\"><span class=\"mord mathbf\">2<\/span><\/span><\/span><\/span><\/span><span class=\"citation-919 citation-end-919\"> heures<\/span><\/li>\n<li><b>Batterie longue dur\u00e9e (15\u00a0000 mAh)\u00a0:<\/b><span class=\"citation-918 citation-end-918\"> Environ <\/span><span class=\"math-inline\" data-math=\"\\mathbf{4}\"><span class=\"katex\"><span class=\"katex-html\" aria-hidden=\"true\"><span class=\"base\"><span class=\"mord mathbf\">4<\/span><\/span><\/span><\/span><\/span><span class=\"citation-917 citation-end-917\"> heures<\/span><\/li>\n<\/ul>\n<\/li>\n<li><b><span class=\"citation-916\">Protection de haute s\u00e9curit\u00e9 :<\/span><\/b><span class=\"citation-916 citation-end-916\"> Fonctionne en conjonction avec le syst\u00e8me de gestion de batterie (BMS) d\u00e9velopp\u00e9 par la batterie intelligente Go2 pour offrir plusieurs niveaux de s\u00e9curit\u00e9, notamment\u00a0:<\/span>\n<ul>\n<li>Protection contre les surcharges<\/li>\n<li><span class=\"citation-915 citation-end-915\">Protection de la temp\u00e9rature de charge<\/span><\/li>\n<li>Protection du courant de charge<\/li>\n<li><span class=\"citation-914 citation-end-914\">Protection contre les courts-circuits<\/span><\/li>\n<li><span class=\"citation-913 citation-end-913\">Et de plus, en assurant la s\u00e9curit\u00e9 de la batterie et du chargeur.<\/span><\/li>\n<\/ul>\n<\/li>\n<li><b>Entr\u00e9e universelle :<\/b><span class=\"citation-912 citation-end-912\"> Prend en charge une large gamme d&#039;alimentations d&#039;entr\u00e9e, ce qui le rend polyvalent pour une utilisation internationale.<\/span>\n<ul>\n<li><b>Saisir:<\/b> <span class=\"math-inline\" data-math=\"100-240 \\text{V} \\sim 50\/60 \\text{Hz}, 4 \\text{A}, 350 \\text{VA}\"><span class=\"katex\"><span class=\"katex-html\" aria-hidden=\"true\"><span class=\"base\"><span class=\"mord\">100<\/span><span class=\"mbin\">\u2212<\/span><\/span><span class=\"base\"><span class=\"mord\">240<\/span><span class=\"mord text\"><span class=\"mord\">V<\/span><\/span><span class=\"mrel\">\u223c<\/span><\/span><span class=\"base\"><span class=\"mord\">50\/60<\/span><span class=\"mord text\"><span class=\"mord\">Hz<\/span><\/span><span class=\"mpunct\">,<\/span><span class=\"mord\">4<\/span><span class=\"mord text\"><span class=\"mord\">UN<\/span><\/span><span class=\"mpunct\">,<\/span><span class=\"mord\">350<\/span><span class=\"mord text\"><span class=\"mord\">Virginie<\/span><\/span><\/span><\/span><\/span><\/span><\/li>\n<\/ul>\n<\/li>\n<li><b><span class=\"citation-910\">Conception portable :<\/span><\/b><span class=\"citation-910 citation-end-910\"> Sa petite taille et son poids l\u00e9ger le rendent facile \u00e0 transporter avec votre robot Go2, vous assurant ainsi de toujours disposer d&#039;une source d&#039;alimentation fiable o\u00f9 que votre mission vous m\u00e8ne.<\/span>\n<ul>\n<li><b><span class=\"citation-909\">Taille du produit:<\/span><\/b> <span class=\"math-inline\" data-math=\"210 \\text{mm} \\times 108 \\text{mm} \\times 48.2 \\text{mm}\"><span class=\"katex\"><span class=\"katex-html\" aria-hidden=\"true\"><span class=\"base\"><span class=\"mord\">210<\/span><span class=\"mord text\"><span class=\"mord\">mm<\/span><\/span><span class=\"mbin\">\u00d7<\/span><\/span><span class=\"base\"><span class=\"mord\">108<\/span><span class=\"mord text\"><span class=\"mord\">mm<\/span><\/span><span class=\"mbin\">\u00d7<\/span><\/span><span class=\"base\"><span class=\"mord\">48.2<\/span><span class=\"mord text\"><span class=\"mord\">mm<\/span><\/span><\/span><\/span><\/span><\/span><\/li>\n<\/ul>\n<\/li>\n<\/ul>\n<p>Assurez le bon fonctionnement de votre Unitree Go2 avec le v\u00e9ritable chargeur de batterie Standard Charge Version de haute qualit\u00e9.<\/p>\n<\/div>","protected":false},"excerpt":{"rendered":"<p>Le chargeur de batterie Unitree Go2 (version de charge standard) est la solution d&#039;alimentation d\u00e9di\u00e9e essentielle con\u00e7ue pour recharger de mani\u00e8re fiable et s\u00fbre les batteries intelligentes de votre robot quadrup\u00e8de Unitree Go2. <span class=\"citation-925 citation-end-925\">Dot\u00e9 d&#039;une conception compacte, l\u00e9g\u00e8re et portable, ce chargeur garantit que votre robot maintient une disponibilit\u00e9 maximale avec une alimentation stable et constante.<\/span><\/p>","protected":false},"featured_media":21283,"comment_status":"open","ping_status":"closed","template":"","meta":[],"product_brand":[1087],"product_cat":[1039,1037,1086],"product_tag":[1088,1094,1092],"class_list":{"0":"post-21280","1":"product","2":"type-product","3":"status-publish","4":"has-post-thumbnail","6":"product_brand-unitree","7":"product_cat-quadruped","8":"product_cat-robotics","9":"product_cat-unitree-quad-accessories","10":"product_tag-unitree","11":"product_tag-unitree-go2-accessories","12":"product_tag-unitree-go2-series","14":"first","15":"onbackorder","16":"taxable","17":"shipping-taxable","18":"purchasable","19":"product-type-simple"},"yoast_head":"<!-- This site is optimized with the Yoast SEO plugin v27.1.1 - https:\/\/yoast.com\/product\/yoast-seo-wordpress\/ -->\n<title>Unitree Go2 Battery Charger (standard charge version) - Ghostysky<\/title>\n<meta name=\"description\" content=\"The Unitree Go2 Battery Charger (Standard Charge Version) is the essential, dedicated power solution designed to reliably and safely recharge your Unitree Go2 quadruped robot&#039;s smart batteries. Featuring a compact, lightweight, and portable design, this charger ensures your robot maintains maximum uptime with stable, consistent power.\" \/>\n<meta name=\"robots\" content=\"index, follow, max-snippet:-1, max-image-preview:large, max-video-preview:-1\" \/>\n<link rel=\"canonical\" href=\"https:\/\/www.ghostysky.com\/fr\/product\/unitree-go2-battery-charger-standard-charge-version\/\" \/>\n<meta property=\"og:locale\" content=\"fr_FR\" \/>\n<meta property=\"og:type\" content=\"article\" \/>\n<meta property=\"og:title\" content=\"Unitree Go2 Battery Charger (standard charge version) - Ghostysky\" \/>\n<meta property=\"og:description\" content=\"The Unitree Go2 Battery Charger (Standard Charge Version) is the essential, dedicated power solution designed to reliably and safely recharge your Unitree Go2 quadruped robot&#039;s smart batteries. Featuring a compact, lightweight, and portable design, this charger ensures your robot maintains maximum uptime with stable, consistent power.\" \/>\n<meta property=\"og:url\" content=\"https:\/\/www.ghostysky.com\/fr\/product\/unitree-go2-battery-charger-standard-charge-version\/\" \/>\n<meta property=\"og:site_name\" content=\"Ghostysky\" \/>\n<meta property=\"article:publisher\" content=\"https:\/\/www.facebook.com\/people\/Ghostysky\/100057676170234\/\" \/>\n<meta property=\"article:modified_time\" content=\"2025-10-16T06:39:32+00:00\" \/>\n<meta property=\"og:image\" content=\"https:\/\/www.ghostysky.com\/wp-content\/uploads\/2025\/10\/GH_Go2-Battery-Charger-standard-charge-version_1.jpg\" \/>\n\t<meta property=\"og:image:width\" content=\"800\" \/>\n\t<meta property=\"og:image:height\" content=\"800\" \/>\n\t<meta property=\"og:image:type\" content=\"image\/jpeg\" \/>\n<meta name=\"twitter:card\" content=\"summary_large_image\" \/>\n<meta name=\"twitter:site\" content=\"@Gh0stysky\" \/>\n<meta name=\"twitter:label1\" content=\"Dur\u00e9e de lecture estim\u00e9e\" \/>\n\t<meta name=\"twitter:data1\" content=\"2 minutes\" \/>\n<script type=\"application\/ld+json\" class=\"yoast-schema-graph\">{\"@context\":\"https:\/\/schema.org\",\"@graph\":[{\"@type\":\"WebPage\",\"@id\":\"https:\/\/www.ghostysky.com\/product\/unitree-go2-battery-charger-standard-charge-version\/\",\"url\":\"https:\/\/www.ghostysky.com\/product\/unitree-go2-battery-charger-standard-charge-version\/\",\"name\":\"Unitree Go2 Battery Charger (standard charge version) - Ghostysky\",\"isPartOf\":{\"@id\":\"https:\/\/www.ghostysky.com\/#website\"},\"primaryImageOfPage\":{\"@id\":\"https:\/\/www.ghostysky.com\/product\/unitree-go2-battery-charger-standard-charge-version\/#primaryimage\"},\"image\":{\"@id\":\"https:\/\/www.ghostysky.com\/product\/unitree-go2-battery-charger-standard-charge-version\/#primaryimage\"},\"thumbnailUrl\":\"https:\/\/www.ghostysky.com\/wp-content\/uploads\/2025\/10\/GH_Go2-Battery-Charger-standard-charge-version_1.jpg\",\"datePublished\":\"2025-10-16T06:33:59+00:00\",\"dateModified\":\"2025-10-16T06:39:32+00:00\",\"description\":\"The Unitree Go2 Battery Charger (Standard Charge Version) is the essential, dedicated power solution designed to reliably and safely recharge your Unitree Go2 quadruped robot's smart batteries. Featuring a compact, lightweight, and portable design, this charger ensures your robot maintains maximum uptime with stable, consistent power.\",\"breadcrumb\":{\"@id\":\"https:\/\/www.ghostysky.com\/product\/unitree-go2-battery-charger-standard-charge-version\/#breadcrumb\"},\"inLanguage\":\"fr-FR\",\"potentialAction\":[{\"@type\":\"ReadAction\",\"target\":[\"https:\/\/www.ghostysky.com\/product\/unitree-go2-battery-charger-standard-charge-version\/\"]}]},{\"@type\":\"ImageObject\",\"inLanguage\":\"fr-FR\",\"@id\":\"https:\/\/www.ghostysky.com\/product\/unitree-go2-battery-charger-standard-charge-version\/#primaryimage\",\"url\":\"https:\/\/www.ghostysky.com\/wp-content\/uploads\/2025\/10\/GH_Go2-Battery-Charger-standard-charge-version_1.jpg\",\"contentUrl\":\"https:\/\/www.ghostysky.com\/wp-content\/uploads\/2025\/10\/GH_Go2-Battery-Charger-standard-charge-version_1.jpg\",\"width\":800,\"height\":800},{\"@type\":\"BreadcrumbList\",\"@id\":\"https:\/\/www.ghostysky.com\/product\/unitree-go2-battery-charger-standard-charge-version\/#breadcrumb\",\"itemListElement\":[{\"@type\":\"ListItem\",\"position\":1,\"name\":\"Home\",\"item\":\"https:\/\/www.ghostysky.com\/\"},{\"@type\":\"ListItem\",\"position\":2,\"name\":\"Shop\",\"item\":\"https:\/\/www.ghostysky.com\/shop\/\"},{\"@type\":\"ListItem\",\"position\":3,\"name\":\"Unitree Go2 Battery Charger (standard charge version)\"}]},{\"@type\":\"WebSite\",\"@id\":\"https:\/\/www.ghostysky.com\/#website\",\"url\":\"https:\/\/www.ghostysky.com\/\",\"name\":\"Ghostysky\",\"description\":\"Delivering professional drones and services\",\"publisher\":{\"@id\":\"https:\/\/www.ghostysky.com\/#organization\"},\"potentialAction\":[{\"@type\":\"SearchAction\",\"target\":{\"@type\":\"EntryPoint\",\"urlTemplate\":\"https:\/\/www.ghostysky.com\/?s={search_term_string}\"},\"query-input\":{\"@type\":\"PropertyValueSpecification\",\"valueRequired\":true,\"valueName\":\"search_term_string\"}}],\"inLanguage\":\"fr-FR\"},{\"@type\":\"Organization\",\"@id\":\"https:\/\/www.ghostysky.com\/#organization\",\"name\":\"Ghostysky\",\"url\":\"https:\/\/www.ghostysky.com\/\",\"logo\":{\"@type\":\"ImageObject\",\"inLanguage\":\"fr-FR\",\"@id\":\"https:\/\/www.ghostysky.com\/#\/schema\/logo\/image\/\",\"url\":\"https:\/\/www.ghostysky.com\/wp-content\/uploads\/2020\/06\/cropped-ghostyskylogo_text_white2.png\",\"contentUrl\":\"https:\/\/www.ghostysky.com\/wp-content\/uploads\/2020\/06\/cropped-ghostyskylogo_text_white2.png\",\"width\":169,\"height\":56,\"caption\":\"Ghostysky\"},\"image\":{\"@id\":\"https:\/\/www.ghostysky.com\/#\/schema\/logo\/image\/\"},\"sameAs\":[\"https:\/\/www.facebook.com\/people\/Ghostysky\/100057676170234\/\",\"https:\/\/x.com\/Gh0stysky\",\"https:\/\/www.linkedin.com\/company\/34739653\",\"https:\/\/www.instagram.com\/gh0stysky\"]}]}<\/script>\n<!-- \/ Yoast SEO plugin. -->","yoast_head_json":{"title":"Chargeur de batterie Unitree Go2 (version standard) - Ghostysky","description":"Le chargeur de batterie Unitree Go2 (version standard) est la solution d&#039;alimentation d\u00e9di\u00e9e essentielle, con\u00e7ue pour recharger de mani\u00e8re fiable et s\u00fbre les batteries intelligentes de votre robot quadrup\u00e8de Unitree Go2. Compact, l\u00e9ger et portable, ce chargeur garantit une disponibilit\u00e9 maximale de votre robot gr\u00e2ce \u00e0 une alimentation stable et constante.","robots":{"index":"index","follow":"follow","max-snippet":"max-snippet:-1","max-image-preview":"max-image-preview:large","max-video-preview":"max-video-preview:-1"},"canonical":"https:\/\/www.ghostysky.com\/fr\/product\/unitree-go2-battery-charger-standard-charge-version\/","og_locale":"fr_FR","og_type":"article","og_title":"Unitree Go2 Battery Charger (standard charge version) - Ghostysky","og_description":"The Unitree Go2 Battery Charger (Standard Charge Version) is the essential, dedicated power solution designed to reliably and safely recharge your Unitree Go2 quadruped robot's smart batteries. Featuring a compact, lightweight, and portable design, this charger ensures your robot maintains maximum uptime with stable, consistent power.","og_url":"https:\/\/www.ghostysky.com\/fr\/product\/unitree-go2-battery-charger-standard-charge-version\/","og_site_name":"Ghostysky","article_publisher":"https:\/\/www.facebook.com\/people\/Ghostysky\/100057676170234\/","article_modified_time":"2025-10-16T06:39:32+00:00","og_image":[{"width":800,"height":800,"url":"https:\/\/www.ghostysky.com\/wp-content\/uploads\/2025\/10\/GH_Go2-Battery-Charger-standard-charge-version_1.jpg","type":"image\/jpeg"}],"twitter_card":"summary_large_image","twitter_site":"@Gh0stysky","twitter_misc":{"Dur\u00e9e de lecture estim\u00e9e":"2 minutes"},"schema":{"@context":"https:\/\/schema.org","@graph":[{"@type":"WebPage","@id":"https:\/\/www.ghostysky.com\/product\/unitree-go2-battery-charger-standard-charge-version\/","url":"https:\/\/www.ghostysky.com\/product\/unitree-go2-battery-charger-standard-charge-version\/","name":"Chargeur de batterie Unitree Go2 (version standard) - Ghostysky","isPartOf":{"@id":"https:\/\/www.ghostysky.com\/#website"},"primaryImageOfPage":{"@id":"https:\/\/www.ghostysky.com\/product\/unitree-go2-battery-charger-standard-charge-version\/#primaryimage"},"image":{"@id":"https:\/\/www.ghostysky.com\/product\/unitree-go2-battery-charger-standard-charge-version\/#primaryimage"},"thumbnailUrl":"https:\/\/www.ghostysky.com\/wp-content\/uploads\/2025\/10\/GH_Go2-Battery-Charger-standard-charge-version_1.jpg","datePublished":"2025-10-16T06:33:59+00:00","dateModified":"2025-10-16T06:39:32+00:00","description":"Le chargeur de batterie Unitree Go2 (version standard) est la solution d&#039;alimentation d\u00e9di\u00e9e essentielle, con\u00e7ue pour recharger de mani\u00e8re fiable et s\u00fbre les batteries intelligentes de votre robot quadrup\u00e8de Unitree Go2. Compact, l\u00e9ger et portable, ce chargeur garantit une disponibilit\u00e9 maximale de votre robot gr\u00e2ce \u00e0 une alimentation stable et constante.","breadcrumb":{"@id":"https:\/\/www.ghostysky.com\/product\/unitree-go2-battery-charger-standard-charge-version\/#breadcrumb"},"inLanguage":"fr-FR","potentialAction":[{"@type":"ReadAction","target":["https:\/\/www.ghostysky.com\/product\/unitree-go2-battery-charger-standard-charge-version\/"]}]},{"@type":"ImageObject","inLanguage":"fr-FR","@id":"https:\/\/www.ghostysky.com\/product\/unitree-go2-battery-charger-standard-charge-version\/#primaryimage","url":"https:\/\/www.ghostysky.com\/wp-content\/uploads\/2025\/10\/GH_Go2-Battery-Charger-standard-charge-version_1.jpg","contentUrl":"https:\/\/www.ghostysky.com\/wp-content\/uploads\/2025\/10\/GH_Go2-Battery-Charger-standard-charge-version_1.jpg","width":800,"height":800},{"@type":"BreadcrumbList","@id":"https:\/\/www.ghostysky.com\/product\/unitree-go2-battery-charger-standard-charge-version\/#breadcrumb","itemListElement":[{"@type":"ListItem","position":1,"name":"Home","item":"https:\/\/www.ghostysky.com\/"},{"@type":"ListItem","position":2,"name":"Shop","item":"https:\/\/www.ghostysky.com\/shop\/"},{"@type":"ListItem","position":3,"name":"Unitree Go2 Battery Charger (standard charge version)"}]},{"@type":"WebSite","@id":"https:\/\/www.ghostysky.com\/#website","url":"https:\/\/www.ghostysky.com\/","name":"Ghostysky","description":"Livraison de drones et de services professionnels","publisher":{"@id":"https:\/\/www.ghostysky.com\/#organization"},"potentialAction":[{"@type":"SearchAction","target":{"@type":"EntryPoint","urlTemplate":"https:\/\/www.ghostysky.com\/?s={search_term_string}"},"query-input":{"@type":"PropertyValueSpecification","valueRequired":true,"valueName":"search_term_string"}}],"inLanguage":"fr-FR"},{"@type":"Organization","@id":"https:\/\/www.ghostysky.com\/#organization","name":"Ghostysky","url":"https:\/\/www.ghostysky.com\/","logo":{"@type":"ImageObject","inLanguage":"fr-FR","@id":"https:\/\/www.ghostysky.com\/#\/schema\/logo\/image\/","url":"https:\/\/www.ghostysky.com\/wp-content\/uploads\/2020\/06\/cropped-ghostyskylogo_text_white2.png","contentUrl":"https:\/\/www.ghostysky.com\/wp-content\/uploads\/2020\/06\/cropped-ghostyskylogo_text_white2.png","width":169,"height":56,"caption":"Ghostysky"},"image":{"@id":"https:\/\/www.ghostysky.com\/#\/schema\/logo\/image\/"},"sameAs":["https:\/\/www.facebook.com\/people\/Ghostysky\/100057676170234\/","https:\/\/x.com\/Gh0stysky","https:\/\/www.linkedin.com\/company\/34739653","https:\/\/www.instagram.com\/gh0stysky"]}]}},"_links":{"self":[{"href":"https:\/\/www.ghostysky.com\/fr\/wp-json\/wp\/v2\/product\/21280","targetHints":{"allow":["GET"]}}],"collection":[{"href":"https:\/\/www.ghostysky.com\/fr\/wp-json\/wp\/v2\/product"}],"about":[{"href":"https:\/\/www.ghostysky.com\/fr\/wp-json\/wp\/v2\/types\/product"}],"replies":[{"embeddable":true,"href":"https:\/\/www.ghostysky.com\/fr\/wp-json\/wp\/v2\/comments?post=21280"}],"wp:featuredmedia":[{"embeddable":true,"href":"https:\/\/www.ghostysky.com\/fr\/wp-json\/wp\/v2\/media\/21283"}],"wp:attachment":[{"href":"https:\/\/www.ghostysky.com\/fr\/wp-json\/wp\/v2\/media?parent=21280"}],"wp:term":[{"taxonomy":"product_brand","embeddable":true,"href":"https:\/\/www.ghostysky.com\/fr\/wp-json\/wp\/v2\/product_brand?post=21280"},{"taxonomy":"product_cat","embeddable":true,"href":"https:\/\/www.ghostysky.com\/fr\/wp-json\/wp\/v2\/product_cat?post=21280"},{"taxonomy":"product_tag","embeddable":true,"href":"https:\/\/www.ghostysky.com\/fr\/wp-json\/wp\/v2\/product_tag?post=21280"}],"curies":[{"name":"wp","href":"https:\/\/api.w.org\/{rel}","templated":true}]}}