{"id":21287,"date":"2025-10-16T06:50:26","date_gmt":"2025-10-16T06:50:26","guid":{"rendered":"https:\/\/www.ghostysky.com\/?post_type=product&#038;p=21287"},"modified":"2025-10-16T06:51:01","modified_gmt":"2025-10-16T06:51:01","slug":"unitree-l1-pm-lidar-precision-measurement","status":"publish","type":"product","link":"https:\/\/www.ghostysky.com\/fr\/product\/unitree-l1-pm-lidar-precision-measurement\/","title":{"rendered":"Unitree L1 PM LiDAR (mesure de pr\u00e9cision)"},"content":{"rendered":"<p><b>Caract\u00e9ristiques principales :<\/b><\/p>\n<ul>\n<li><b>Balayage omnidirectionnel ultra grand angle :<\/b><span class=\"citation-1063 citation-end-1063\"> Atteint une forme quasi h\u00e9misph\u00e9rique <sup class=\"superscript\" data-turn-source-index=\"3\">3<\/sup><\/span><b><span class=\"math-inline\" data-math=\"360^\\circ \\times 90^\\circ\">$360^\\circ \\fois 90^\\circ$<\/span><span class=\"citation-1062\"> Champ de vision (FOV)<\/span><\/b><span class=\"citation-1062 citation-end-1062\">, offrant une couverture environnementale compl\u00e8te avec un minimum d&#039;angles morts pour une navigation s\u00fbre et efficace.<\/span><\/li>\n<li><b>Mesure de pr\u00e9cision :<\/b><span class=\"citation-1061\"> Fournit des donn\u00e9es fiables avec un <\/span><b><span class=\"citation-1061 citation-end-1061\">pr\u00e9cision de mesure de <sup class=\"superscript\" data-turn-source-index=\"5\">5<\/sup><\/span><span class=\"math-inline\" data-math=\"\\pm2.0 \\text{ cm}\">$\\pm2.0 \\texte{ cm}$<\/span><\/b><span class=\"citation-1060 citation-end-1060\">.<\/span><\/li>\n<li><b><span class=\"citation-1059\">Excellente d\u00e9tection \u00e0 courte port\u00e9e :<\/span><\/b><span class=\"citation-1059\"> Dispose d&#039;un ultra-faible <\/span><b><span class=\"citation-1059 citation-end-1059\">zone aveugle \u00e0 proximit\u00e9 de seulement <sup class=\"superscript\" data-turn-source-index=\"7\">7<\/sup><\/span><span class=\"math-inline\" data-math=\"0.05 \\text{ m}\">$0.05 \\texte{ m}$<\/span><\/b><span class=\"citation-1058 citation-end-1058\">, ce qui le rend id\u00e9al pour la d\u00e9tection de proximit\u00e9 et la navigation dans des espaces restreints.<\/span><\/li>\n<li><b>Distance de num\u00e9risation effective :<\/b><span class=\"citation-1057 citation-end-1057\"> Offre une distance de num\u00e9risation maximale de <sup class=\"superscript\" data-turn-source-index=\"9\">9<\/sup><\/span><b><span class=\"math-inline\" data-math=\"20 \\text{ m}\">$20 \\texte{ m}$<\/span><\/b><span class=\"citation-1056 citation-end-1056\"> (\u00e0 <sup class=\"superscript\" data-turn-source-index=\"10\">10<\/sup><\/span><span class=\"math-inline\" data-math=\"90\\%\">$90\\%$<\/span><span class=\"citation-1055 citation-end-1055\"> r\u00e9flectivit\u00e9) et <sup class=\"superscript\" data-turn-source-index=\"11\">11<\/sup><\/span><span class=\"math-inline\" data-math=\"10 \\text{ m}\">$10 \\texte{ m}$<\/span><span class=\"citation-1054 citation-end-1054\"> (\u00e0 <sup class=\"superscript\" data-turn-source-index=\"12\">12<\/sup><\/span><span class=\"math-inline\" data-math=\"10\\%\">$10\\%$<\/span><span class=\"citation-1053 citation-end-1053\"> r\u00e9flectivit\u00e9).<\/span><\/li>\n<li><b>D\u00e9bit de donn\u00e9es \u00e9lev\u00e9 :<\/b><span class=\"citation-1052 citation-end-1052\"> Capable d&#039;une fr\u00e9quence d&#039;\u00e9chantillonnage efficace \u00e0 grande vitesse de <sup class=\"superscript\" data-turn-source-index=\"14\">14<\/sup><\/span><b><span class=\"math-inline\" data-math=\"21,600 \\text{ points\/s}\">$21 600 \\texte{ points\/s}$<\/span><\/b><span class=\"citation-1051 citation-end-1051\">, garantissant des donn\u00e9es de nuage de points \u00e0 haute densit\u00e9 pour une cartographie et une reconnaissance d\u00e9taill\u00e9es.<\/span><\/li>\n<li><b><span class=\"citation-1050\">IMU int\u00e9gr\u00e9 :<\/span><\/b><span class=\"citation-1050\"> Int\u00e9gr\u00e9 <\/span><b><span class=\"citation-1050\">Acc\u00e9l\u00e9ration 3 axes et gyroscope 3 axes<\/span><\/b><span class=\"citation-1050 citation-end-1050\"> (IMU) prend en charge des algorithmes avanc\u00e9s tels que SLAM (localisation et cartographie simultan\u00e9es) en utilisant uniquement le nuage de points et les donn\u00e9es IMU.<\/span><\/li>\n<li><b><span class=\"citation-1049\">Conception compacte et l\u00e9g\u00e8re :<\/span><\/b><span class=\"citation-1049 citation-end-1049\"> Avec une taille de <sup class=\"superscript\" data-turn-source-index=\"17\">17<\/sup><\/span><b><span class=\"math-inline\" data-math=\"75 \\times 75 \\times 65 \\text{ mm}\">$75 \\fois 75 \\fois 65 \\texte{mm}$<\/span><\/b><span class=\"citation-1048 citation-end-1048\"> et pesant seulement <sup class=\"superscript\" data-turn-source-index=\"18\">18<\/sup><\/span><b><span class=\"math-inline\" data-math=\"230 \\text{ g}\">$230 \\texte{ g}$<\/span><\/b><span class=\"citation-1047 citation-end-1047\">, il est particuli\u00e8rement adapt\u00e9 \u00e0 une int\u00e9gration flexible dans des plates-formes mobiles de petite et moyenne taille.<\/span><\/li>\n<li><b>Performances robustes :<\/b><span class=\"citation-1046 citation-end-1046\"> Dispose d&#039;une capacit\u00e9 anti-\u00e9blouissante efficace (<sup class=\"superscript\" data-turn-source-index=\"20\">20<\/sup><\/span><span class=\"math-inline\" data-math=\"&gt;100 \\text{ Klux}\">$&gt;100 \\texte{ Klux}$<\/span><span class=\"citation-1045\">) et une r\u00e9sistance \u00e0 la lumi\u00e8re ambiante complexe, permettant une t\u00e9l\u00e9m\u00e9trie stable et une cartographie de haute pr\u00e9cision <\/span><b><span class=\"citation-1045\">\u00e0 l&#039;int\u00e9rieur et \u00e0 l&#039;ext\u00e9rieur<\/span><\/b><span class=\"citation-1045 citation-end-1045\">.<\/span><\/li>\n<li><b><span class=\"citation-1044\">S\u00e9curit\u00e9 et polyvalence :<\/span><\/b><span class=\"citation-1044\"> Class\u00e9 comme <\/span><b><span class=\"citation-1044\">Classe 1<\/span><\/b><span class=\"citation-1044 citation-end-1044\"> sans danger pour l&#039;\u0153il humain (IEC60825-1:2014) et capable de d\u00e9tecter des objets difficiles comme le verre.<\/span><\/li>\n<\/ul>\n<p>Le LiDAR Unitree L1 PM est un excellent choix pour les applications n\u00e9cessitant une localisation pr\u00e9cise, une cartographie, l&#039;\u00e9vitement d&#039;obstacles et une reconstruction 3D dans des domaines tels que :<\/p>\n<ul>\n<li><span class=\"citation-1043 citation-end-1043\">Robots mobiles autonomes (comme les robots quadrup\u00e8des d&#039;Unitree)<\/span><\/li>\n<li><span class=\"citation-1042 citation-end-1042\">Automatisation de la logistique et de l&#039;entreposage<\/span><\/li>\n<li><span class=\"citation-1041 citation-end-1041\">Industrie et agriculture intelligentes<\/span><\/li>\n<li><span class=\"citation-1040 citation-end-1040\">Robots de balayage et de nettoyage<\/span><\/li>\n<li><span class=\"citation-1039 citation-end-1039\">Patrouilles de s\u00e9curit\u00e9<\/span><\/li>\n<\/ul>","protected":false},"excerpt":{"rendered":"<p><span class=\"citation-1065\">Le <\/span><b><span class=\"citation-1065\">Unitree L1 PM LiDAR (mesure de pr\u00e9cision)<\/span><\/b><span class=\"citation-1065 citation-end-1065\"> est une solution LiDAR 4D compacte et hautes performances (position 3D + niveaux de gris 1D) con\u00e7ue pour acc\u00e9l\u00e9rer le d\u00e9veloppement de robots mobiles hautes performances.<\/span> <span class=\"citation-1064 citation-end-1064\">Sp\u00e9cialement optimis\u00e9 pour les applications de pr\u00e9cision, le mod\u00e8le L1 PM offre une combinaison \u00e9quilibr\u00e9e de couverture grand angle et de haute pr\u00e9cision.<\/span><\/p>","protected":false},"featured_media":21289,"comment_status":"open","ping_status":"closed","template":"","meta":[],"product_brand":[1087],"product_cat":[1039,1037,1086],"product_tag":[1088,1094,1092],"class_list":{"0":"post-21287","1":"product","2":"type-product","3":"status-publish","4":"has-post-thumbnail","6":"product_brand-unitree","7":"product_cat-quadruped","8":"product_cat-robotics","9":"product_cat-unitree-quad-accessories","10":"product_tag-unitree","11":"product_tag-unitree-go2-accessories","12":"product_tag-unitree-go2-series","14":"first","15":"onbackorder","16":"taxable","17":"shipping-taxable","18":"purchasable","19":"product-type-simple"},"yoast_head":"<!-- This site is optimized with the Yoast SEO plugin v27.1.1 - https:\/\/yoast.com\/product\/yoast-seo-wordpress\/ -->\n<title>Unitree L1 PM LiDAR (Precision Measurement) - Ghostysky<\/title>\n<meta name=\"description\" content=\"The Unitree L1 PM LiDAR (Precision Measurement) is a compact, high-performance 4D LiDAR (3D position + 1D grayscale) solution engineered to accelerate the development of high-performance mobile robots. Specifically optimized for precision applications, the L1 PM model offers a balanced combination of wide-angle coverage and high accuracy.\" \/>\n<meta name=\"robots\" content=\"index, follow, max-snippet:-1, max-image-preview:large, max-video-preview:-1\" \/>\n<link rel=\"canonical\" href=\"https:\/\/www.ghostysky.com\/fr\/product\/unitree-l1-pm-lidar-precision-measurement\/\" \/>\n<meta property=\"og:locale\" content=\"fr_FR\" \/>\n<meta property=\"og:type\" content=\"article\" \/>\n<meta property=\"og:title\" content=\"Unitree L1 PM LiDAR (Precision Measurement) - Ghostysky\" \/>\n<meta property=\"og:description\" content=\"The Unitree L1 PM LiDAR (Precision Measurement) is a compact, high-performance 4D LiDAR (3D position + 1D grayscale) solution engineered to accelerate the development of high-performance mobile robots. Specifically optimized for precision applications, the L1 PM model offers a balanced combination of wide-angle coverage and high accuracy.\" \/>\n<meta property=\"og:url\" content=\"https:\/\/www.ghostysky.com\/fr\/product\/unitree-l1-pm-lidar-precision-measurement\/\" \/>\n<meta property=\"og:site_name\" content=\"Ghostysky\" \/>\n<meta property=\"article:publisher\" content=\"https:\/\/www.facebook.com\/people\/Ghostysky\/100057676170234\/\" \/>\n<meta property=\"article:modified_time\" content=\"2025-10-16T06:51:01+00:00\" \/>\n<meta property=\"og:image\" content=\"https:\/\/www.ghostysky.com\/wp-content\/uploads\/2025\/10\/GH_L1-PM-LiDAR-Precision-Measurement_1.jpg\" \/>\n\t<meta property=\"og:image:width\" content=\"225\" \/>\n\t<meta property=\"og:image:height\" content=\"225\" \/>\n\t<meta property=\"og:image:type\" content=\"image\/jpeg\" \/>\n<meta name=\"twitter:card\" content=\"summary_large_image\" \/>\n<meta name=\"twitter:site\" content=\"@Gh0stysky\" \/>\n<meta name=\"twitter:label1\" content=\"Dur\u00e9e de lecture estim\u00e9e\" \/>\n\t<meta name=\"twitter:data1\" content=\"2 minutes\" \/>\n<script type=\"application\/ld+json\" class=\"yoast-schema-graph\">{\"@context\":\"https:\/\/schema.org\",\"@graph\":[{\"@type\":\"WebPage\",\"@id\":\"https:\/\/www.ghostysky.com\/product\/unitree-l1-pm-lidar-precision-measurement\/\",\"url\":\"https:\/\/www.ghostysky.com\/product\/unitree-l1-pm-lidar-precision-measurement\/\",\"name\":\"Unitree L1 PM LiDAR (Precision Measurement) - Ghostysky\",\"isPartOf\":{\"@id\":\"https:\/\/www.ghostysky.com\/#website\"},\"primaryImageOfPage\":{\"@id\":\"https:\/\/www.ghostysky.com\/product\/unitree-l1-pm-lidar-precision-measurement\/#primaryimage\"},\"image\":{\"@id\":\"https:\/\/www.ghostysky.com\/product\/unitree-l1-pm-lidar-precision-measurement\/#primaryimage\"},\"thumbnailUrl\":\"https:\/\/www.ghostysky.com\/wp-content\/uploads\/2025\/10\/GH_L1-PM-LiDAR-Precision-Measurement_1.jpg\",\"datePublished\":\"2025-10-16T06:50:26+00:00\",\"dateModified\":\"2025-10-16T06:51:01+00:00\",\"description\":\"The Unitree L1 PM LiDAR (Precision Measurement) is a compact, high-performance 4D LiDAR (3D position + 1D grayscale) solution engineered to accelerate the development of high-performance mobile robots. Specifically optimized for precision applications, the L1 PM model offers a balanced combination of wide-angle coverage and high accuracy.\",\"breadcrumb\":{\"@id\":\"https:\/\/www.ghostysky.com\/product\/unitree-l1-pm-lidar-precision-measurement\/#breadcrumb\"},\"inLanguage\":\"fr-FR\",\"potentialAction\":[{\"@type\":\"ReadAction\",\"target\":[\"https:\/\/www.ghostysky.com\/product\/unitree-l1-pm-lidar-precision-measurement\/\"]}]},{\"@type\":\"ImageObject\",\"inLanguage\":\"fr-FR\",\"@id\":\"https:\/\/www.ghostysky.com\/product\/unitree-l1-pm-lidar-precision-measurement\/#primaryimage\",\"url\":\"https:\/\/www.ghostysky.com\/wp-content\/uploads\/2025\/10\/GH_L1-PM-LiDAR-Precision-Measurement_1.jpg\",\"contentUrl\":\"https:\/\/www.ghostysky.com\/wp-content\/uploads\/2025\/10\/GH_L1-PM-LiDAR-Precision-Measurement_1.jpg\",\"width\":225,\"height\":225},{\"@type\":\"BreadcrumbList\",\"@id\":\"https:\/\/www.ghostysky.com\/product\/unitree-l1-pm-lidar-precision-measurement\/#breadcrumb\",\"itemListElement\":[{\"@type\":\"ListItem\",\"position\":1,\"name\":\"Home\",\"item\":\"https:\/\/www.ghostysky.com\/\"},{\"@type\":\"ListItem\",\"position\":2,\"name\":\"Shop\",\"item\":\"https:\/\/www.ghostysky.com\/shop\/\"},{\"@type\":\"ListItem\",\"position\":3,\"name\":\"Unitree L1 PM LiDAR (Precision Measurement)\"}]},{\"@type\":\"WebSite\",\"@id\":\"https:\/\/www.ghostysky.com\/#website\",\"url\":\"https:\/\/www.ghostysky.com\/\",\"name\":\"Ghostysky\",\"description\":\"Delivering professional drones and services\",\"publisher\":{\"@id\":\"https:\/\/www.ghostysky.com\/#organization\"},\"potentialAction\":[{\"@type\":\"SearchAction\",\"target\":{\"@type\":\"EntryPoint\",\"urlTemplate\":\"https:\/\/www.ghostysky.com\/?s={search_term_string}\"},\"query-input\":{\"@type\":\"PropertyValueSpecification\",\"valueRequired\":true,\"valueName\":\"search_term_string\"}}],\"inLanguage\":\"fr-FR\"},{\"@type\":\"Organization\",\"@id\":\"https:\/\/www.ghostysky.com\/#organization\",\"name\":\"Ghostysky\",\"url\":\"https:\/\/www.ghostysky.com\/\",\"logo\":{\"@type\":\"ImageObject\",\"inLanguage\":\"fr-FR\",\"@id\":\"https:\/\/www.ghostysky.com\/#\/schema\/logo\/image\/\",\"url\":\"https:\/\/www.ghostysky.com\/wp-content\/uploads\/2020\/06\/cropped-ghostyskylogo_text_white2.png\",\"contentUrl\":\"https:\/\/www.ghostysky.com\/wp-content\/uploads\/2020\/06\/cropped-ghostyskylogo_text_white2.png\",\"width\":169,\"height\":56,\"caption\":\"Ghostysky\"},\"image\":{\"@id\":\"https:\/\/www.ghostysky.com\/#\/schema\/logo\/image\/\"},\"sameAs\":[\"https:\/\/www.facebook.com\/people\/Ghostysky\/100057676170234\/\",\"https:\/\/x.com\/Gh0stysky\",\"https:\/\/www.linkedin.com\/company\/34739653\",\"https:\/\/www.instagram.com\/gh0stysky\"]}]}<\/script>\n<!-- \/ Yoast SEO plugin. -->","yoast_head_json":{"title":"Unitree L1 PM LiDAR (mesure de pr\u00e9cision) - Ghostysky","description":"Le LiDAR (mesure de pr\u00e9cision) Unitree L1 PM est une solution LiDAR 4D (position 3D + niveaux de gris 1D) compacte et performante, con\u00e7ue pour acc\u00e9l\u00e9rer le d\u00e9veloppement de robots mobiles hautes performances. Sp\u00e9cialement optimis\u00e9 pour les applications de pr\u00e9cision, le mod\u00e8le L1 PM offre un \u00e9quilibre parfait entre couverture grand angle et haute pr\u00e9cision.","robots":{"index":"index","follow":"follow","max-snippet":"max-snippet:-1","max-image-preview":"max-image-preview:large","max-video-preview":"max-video-preview:-1"},"canonical":"https:\/\/www.ghostysky.com\/fr\/product\/unitree-l1-pm-lidar-precision-measurement\/","og_locale":"fr_FR","og_type":"article","og_title":"Unitree L1 PM LiDAR (Precision Measurement) - Ghostysky","og_description":"The Unitree L1 PM LiDAR (Precision Measurement) is a compact, high-performance 4D LiDAR (3D position + 1D grayscale) solution engineered to accelerate the development of high-performance mobile robots. Specifically optimized for precision applications, the L1 PM model offers a balanced combination of wide-angle coverage and high accuracy.","og_url":"https:\/\/www.ghostysky.com\/fr\/product\/unitree-l1-pm-lidar-precision-measurement\/","og_site_name":"Ghostysky","article_publisher":"https:\/\/www.facebook.com\/people\/Ghostysky\/100057676170234\/","article_modified_time":"2025-10-16T06:51:01+00:00","og_image":[{"width":225,"height":225,"url":"https:\/\/www.ghostysky.com\/wp-content\/uploads\/2025\/10\/GH_L1-PM-LiDAR-Precision-Measurement_1.jpg","type":"image\/jpeg"}],"twitter_card":"summary_large_image","twitter_site":"@Gh0stysky","twitter_misc":{"Dur\u00e9e de lecture estim\u00e9e":"2 minutes"},"schema":{"@context":"https:\/\/schema.org","@graph":[{"@type":"WebPage","@id":"https:\/\/www.ghostysky.com\/product\/unitree-l1-pm-lidar-precision-measurement\/","url":"https:\/\/www.ghostysky.com\/product\/unitree-l1-pm-lidar-precision-measurement\/","name":"Unitree L1 PM LiDAR (mesure de pr\u00e9cision) - Ghostysky","isPartOf":{"@id":"https:\/\/www.ghostysky.com\/#website"},"primaryImageOfPage":{"@id":"https:\/\/www.ghostysky.com\/product\/unitree-l1-pm-lidar-precision-measurement\/#primaryimage"},"image":{"@id":"https:\/\/www.ghostysky.com\/product\/unitree-l1-pm-lidar-precision-measurement\/#primaryimage"},"thumbnailUrl":"https:\/\/www.ghostysky.com\/wp-content\/uploads\/2025\/10\/GH_L1-PM-LiDAR-Precision-Measurement_1.jpg","datePublished":"2025-10-16T06:50:26+00:00","dateModified":"2025-10-16T06:51:01+00:00","description":"Le LiDAR (mesure de pr\u00e9cision) Unitree L1 PM est une solution LiDAR 4D (position 3D + niveaux de gris 1D) compacte et performante, con\u00e7ue pour acc\u00e9l\u00e9rer le d\u00e9veloppement de robots mobiles hautes performances. Sp\u00e9cialement optimis\u00e9 pour les applications de pr\u00e9cision, le mod\u00e8le L1 PM offre un \u00e9quilibre parfait entre couverture grand angle et haute pr\u00e9cision.","breadcrumb":{"@id":"https:\/\/www.ghostysky.com\/product\/unitree-l1-pm-lidar-precision-measurement\/#breadcrumb"},"inLanguage":"fr-FR","potentialAction":[{"@type":"ReadAction","target":["https:\/\/www.ghostysky.com\/product\/unitree-l1-pm-lidar-precision-measurement\/"]}]},{"@type":"ImageObject","inLanguage":"fr-FR","@id":"https:\/\/www.ghostysky.com\/product\/unitree-l1-pm-lidar-precision-measurement\/#primaryimage","url":"https:\/\/www.ghostysky.com\/wp-content\/uploads\/2025\/10\/GH_L1-PM-LiDAR-Precision-Measurement_1.jpg","contentUrl":"https:\/\/www.ghostysky.com\/wp-content\/uploads\/2025\/10\/GH_L1-PM-LiDAR-Precision-Measurement_1.jpg","width":225,"height":225},{"@type":"BreadcrumbList","@id":"https:\/\/www.ghostysky.com\/product\/unitree-l1-pm-lidar-precision-measurement\/#breadcrumb","itemListElement":[{"@type":"ListItem","position":1,"name":"Home","item":"https:\/\/www.ghostysky.com\/"},{"@type":"ListItem","position":2,"name":"Shop","item":"https:\/\/www.ghostysky.com\/shop\/"},{"@type":"ListItem","position":3,"name":"Unitree L1 PM LiDAR (Precision Measurement)"}]},{"@type":"WebSite","@id":"https:\/\/www.ghostysky.com\/#website","url":"https:\/\/www.ghostysky.com\/","name":"Ghostysky","description":"Livraison de drones et de services professionnels","publisher":{"@id":"https:\/\/www.ghostysky.com\/#organization"},"potentialAction":[{"@type":"SearchAction","target":{"@type":"EntryPoint","urlTemplate":"https:\/\/www.ghostysky.com\/?s={search_term_string}"},"query-input":{"@type":"PropertyValueSpecification","valueRequired":true,"valueName":"search_term_string"}}],"inLanguage":"fr-FR"},{"@type":"Organization","@id":"https:\/\/www.ghostysky.com\/#organization","name":"Ghostysky","url":"https:\/\/www.ghostysky.com\/","logo":{"@type":"ImageObject","inLanguage":"fr-FR","@id":"https:\/\/www.ghostysky.com\/#\/schema\/logo\/image\/","url":"https:\/\/www.ghostysky.com\/wp-content\/uploads\/2020\/06\/cropped-ghostyskylogo_text_white2.png","contentUrl":"https:\/\/www.ghostysky.com\/wp-content\/uploads\/2020\/06\/cropped-ghostyskylogo_text_white2.png","width":169,"height":56,"caption":"Ghostysky"},"image":{"@id":"https:\/\/www.ghostysky.com\/#\/schema\/logo\/image\/"},"sameAs":["https:\/\/www.facebook.com\/people\/Ghostysky\/100057676170234\/","https:\/\/x.com\/Gh0stysky","https:\/\/www.linkedin.com\/company\/34739653","https:\/\/www.instagram.com\/gh0stysky"]}]}},"_links":{"self":[{"href":"https:\/\/www.ghostysky.com\/fr\/wp-json\/wp\/v2\/product\/21287","targetHints":{"allow":["GET"]}}],"collection":[{"href":"https:\/\/www.ghostysky.com\/fr\/wp-json\/wp\/v2\/product"}],"about":[{"href":"https:\/\/www.ghostysky.com\/fr\/wp-json\/wp\/v2\/types\/product"}],"replies":[{"embeddable":true,"href":"https:\/\/www.ghostysky.com\/fr\/wp-json\/wp\/v2\/comments?post=21287"}],"wp:featuredmedia":[{"embeddable":true,"href":"https:\/\/www.ghostysky.com\/fr\/wp-json\/wp\/v2\/media\/21289"}],"wp:attachment":[{"href":"https:\/\/www.ghostysky.com\/fr\/wp-json\/wp\/v2\/media?parent=21287"}],"wp:term":[{"taxonomy":"product_brand","embeddable":true,"href":"https:\/\/www.ghostysky.com\/fr\/wp-json\/wp\/v2\/product_brand?post=21287"},{"taxonomy":"product_cat","embeddable":true,"href":"https:\/\/www.ghostysky.com\/fr\/wp-json\/wp\/v2\/product_cat?post=21287"},{"taxonomy":"product_tag","embeddable":true,"href":"https:\/\/www.ghostysky.com\/fr\/wp-json\/wp\/v2\/product_tag?post=21287"}],"curies":[{"name":"wp","href":"https:\/\/api.w.org\/{rel}","templated":true}]}}