{"id":21290,"date":"2025-10-16T06:53:50","date_gmt":"2025-10-16T06:53:50","guid":{"rendered":"https:\/\/www.ghostysky.com\/?post_type=product&#038;p=21290"},"modified":"2025-10-16T06:54:19","modified_gmt":"2025-10-16T06:54:19","slug":"unitree-l1-rm-lidar-remote-measurement","status":"publish","type":"product","link":"https:\/\/www.ghostysky.com\/fr\/product\/unitree-l1-rm-lidar-remote-measurement\/","title":{"rendered":"Unitree L1 RM LiDAR (mesure \u00e0 distance)"},"content":{"rendered":"<h3>Principales caract\u00e9ristiques et sp\u00e9cifications<\/h3>\n<ul>\n<li><b>Balayage omnidirectionnel ultra grand angle :<\/b><span class=\"citation-1100 citation-end-1100\"> B\u00e9n\u00e9ficiez d&#039;une couverture environnementale compl\u00e8te avec une couverture massive <sup class=\"superscript\" data-turn-source-index=\"2\">2<\/sup><\/span><b><span class=\"math-inline\" data-math=\"360^{\\circ} \\times 90^{\\circ}\">$360^{\\circ} \\fois 90^{\\circ}$<\/span><span class=\"citation-1099\"> Champ de vision (FOV)<\/span><\/b><span class=\"citation-1099 citation-end-1099\">, \u00e9liminant efficacement les angles morts et offrant une zone de d\u00e9tection h\u00e9misph\u00e9rique.<\/span><\/li>\n<li><b>Capacit\u00e9 de mesure \u00e0 distance :<\/b><span class=\"citation-1098 citation-end-1098\"> Le mod\u00e8le RM est con\u00e7u pour les applications \u00e0 plus longue port\u00e9e, avec une distance de balayage de <sup class=\"superscript\" data-turn-source-index=\"4\">4<\/sup><\/span><b><span class=\"math-inline\" data-math=\"30 \\text{m}\">$30 \\texte{m}$<\/span><span class=\"citation-1097 citation-end-1097\"> (@<sup class=\"superscript\" data-turn-source-index=\"5\">5<\/sup><\/span><span class=\"math-inline\" data-math=\"90\\%\">$90\\%$<\/span><span class=\"citation-1096\"> r\u00e9flectivit\u00e9)<\/span><\/b><span class=\"citation-1096 citation-end-1096\"> et <sup class=\"superscript\" data-turn-source-index=\"6\">6<\/sup><\/span><b><span class=\"math-inline\" data-math=\"15 \\text{m}\">$15 \\texte{m}$<\/span><span class=\"citation-1095 citation-end-1095\"> (@<sup class=\"superscript\" data-turn-source-index=\"7\">7<\/sup><\/span><span class=\"math-inline\" data-math=\"10\\%\">$10\\%$<\/span><span class=\"citation-1094\"> r\u00e9flectivit\u00e9)<\/span><\/b><span class=\"citation-1094 citation-end-1094\">.<\/span><\/li>\n<li><b><span class=\"citation-1093\">Donn\u00e9es 4D haute densit\u00e9\u00a0:<\/span><\/b><span class=\"citation-1093\"> Capturez des informations environnementales riches avec <\/span><b><span class=\"citation-1093\">Sortie de donn\u00e9es 4D (position 3D + niveaux de gris 1D)<\/span><\/b><span class=\"citation-1093 citation-end-1093\">, prenant en charge les t\u00e2ches avanc\u00e9es de cartographie, de positionnement et de reconnaissance.<\/span><\/li>\n<li><b>Num\u00e9risation non r\u00e9p\u00e9titive\u00a0:<\/b><span class=\"citation-1092 citation-end-1092\"> La m\u00e9thode unique de num\u00e9risation par miroir rotatif sans contact et sans balais permet l&#039;acquisition de donn\u00e9es de nuage de points de haute pr\u00e9cision et de haute densit\u00e9, similaires \u00e0 un effet de num\u00e9risation au niveau de l&#039;image au fil du temps.<\/span><\/li>\n<li><b><span class=\"citation-1091\">Zone aveugle minimale :<\/span><\/b><span class=\"citation-1091 citation-end-1091\"> D\u00e9tecter les objets aussi proches que possible <sup class=\"superscript\" data-turn-source-index=\"11\">11<\/sup><\/span><b><span class=\"math-inline\" data-math=\"0.05 \\text{m}\">$0.05 \\texte{m}$<\/span><\/b><span class=\"citation-1090 citation-end-1090\">, facilitant une d\u00e9tection de proximit\u00e9 et une navigation sup\u00e9rieures dans des espaces confin\u00e9s ou encombr\u00e9s.<\/span><\/li>\n<li><b><span class=\"citation-1089\">IMU int\u00e9gr\u00e9 :<\/span><\/b><span class=\"citation-1089\"> Comprend un <\/span><b><span class=\"citation-1089\">Acc\u00e9l\u00e9ration 3 axes et gyroscope 3 axes<\/span><\/b><span class=\"citation-1089 citation-end-1089\"> pour une stabilit\u00e9 des donn\u00e9es am\u00e9lior\u00e9e et des capacit\u00e9s de localisation et de cartographie simultan\u00e9es (SLAM), m\u00eame sans recourir \u00e0 des capteurs de positionnement externes.<\/span><\/li>\n<li><b>R\u00e9sistant \u00e0 la lumi\u00e8re ambiante :<\/b><span class=\"citation-1088 citation-end-1088\"> Pr\u00e9sente une r\u00e9sistance efficace \u00e0 la lumi\u00e8re ambiante int\u00e9rieure et \u00e0 l&#039;\u00e9blouissement ext\u00e9rieur, garantissant une t\u00e9l\u00e9m\u00e9trie stable et une cr\u00e9ation de cartes de haute pr\u00e9cision m\u00eame dans des conditions de lumi\u00e8re ext\u00e9rieure intense (&gt; 100 Klux).<\/span><\/li>\n<li><b><span class=\"citation-1087\">Conception compacte et l\u00e9g\u00e8re :<\/span><\/b><span class=\"citation-1087 citation-end-1087\"> Avec des dimensions de <sup class=\"superscript\" data-turn-source-index=\"15\">15<\/sup><\/span><b><span class=\"math-inline\" data-math=\"75 \\times 75 \\times 65 \\text{mm}\">$75 \\fois 75 \\fois 65 \\texte{mm}$<\/span><\/b><span class=\"citation-1086 citation-end-1086\"> et pesant seulement <sup class=\"superscript\" data-turn-source-index=\"16\">16<\/sup><\/span><b><span class=\"math-inline\" data-math=\"230 \\text{g}\">$230 \\texte{g}$<\/span><\/b><span class=\"citation-1085 citation-end-1085\">, le L1 RM est exceptionnellement flexible pour l&#039;int\u00e9gration dans des robots mobiles de petite et moyenne taille.<\/span><\/li>\n<li><b>D\u00e9bit de donn\u00e9es \u00e9lev\u00e9 :<\/b> Fournit une fr\u00e9quence d&#039;\u00e9chantillonnage efficace de <b><span class=\"math-inline\" data-math=\"21,600 \\text{ points\/s}\">$21 600 \\texte{ points\/s}$<\/span><\/b>, garantissant une densit\u00e9 de nuage de points suffisante pour les applications de robots mobiles en temps r\u00e9el.<\/li>\n<li><b><span class=\"citation-1084\">S\u00e9curit\u00e9 oculaire :<\/span><\/b><span class=\"citation-1084\"> Rencontre le <\/span><b><span class=\"citation-1084\">Niveau de s\u00e9curit\u00e9 oculaire humain de classe 1 (IEC60825-1:2014)<\/span><\/b><span class=\"citation-1084 citation-end-1084\">.<\/span><\/li>\n<\/ul>\n<h4>Applications id\u00e9ales :<\/h4>\n<p>Le LiDAR Unitree L1 RM est une solution \u00e9conomique et puissante, id\u00e9ale pour <b>robots mobiles<\/b>, <b>robots quadrup\u00e8des<\/b>, <b>logistique et entreposage<\/b>, <b>distribution intelligente<\/b>, <b>automatisation d&#039;usine intelligente<\/b>, <b>cartographie<\/b>, <b>positionnement<\/b>, <b>\u00e9vitement d&#039;obstacles<\/b>, et <b>Reconstruction 3D<\/b> dans des environnements int\u00e9rieurs et ext\u00e9rieurs.<\/p>","protected":false},"excerpt":{"rendered":"<p><span class=\"citation-1101\">Le <\/span><b><span class=\"citation-1101\">LiDAR Unitree L1 RM (mesure \u00e0 distance)<\/span><\/b><span class=\"citation-1101 citation-end-1101\"> est un radar laser 4D pionnier, compact et hautes performances con\u00e7u pour acc\u00e9l\u00e9rer l&#039;int\u00e9gration de robots mobiles hautes performances dans les applications quotidiennes.<\/span> Faisant partie de la s\u00e9rie Unitree L1, le mod\u00e8le RM est optimis\u00e9 pour la d\u00e9tection \u00e0 plus longue port\u00e9e, offrant une perception environnementale robuste et fiable pour les syst\u00e8mes autonomes.<\/p>","protected":false},"featured_media":21289,"comment_status":"open","ping_status":"closed","template":"","meta":[],"product_brand":[1087],"product_cat":[1039,1037,1086],"product_tag":[1088,1094,1092],"class_list":{"0":"post-21290","1":"product","2":"type-product","3":"status-publish","4":"has-post-thumbnail","6":"product_brand-unitree","7":"product_cat-quadruped","8":"product_cat-robotics","9":"product_cat-unitree-quad-accessories","10":"product_tag-unitree","11":"product_tag-unitree-go2-accessories","12":"product_tag-unitree-go2-series","14":"first","15":"onbackorder","16":"taxable","17":"shipping-taxable","18":"purchasable","19":"product-type-simple"},"yoast_head":"<!-- This site is optimized with the Yoast SEO plugin v27.4 - https:\/\/yoast.com\/product\/yoast-seo-wordpress\/ -->\n<title>Unitree L1 RM LiDAR (Remote Measurement) - Ghostysky<\/title>\n<meta name=\"description\" content=\"The Unitree L1 RM (Remote Measurement) LiDAR is a pioneering, compact, and high-performance 4D laser radar designed to accelerate the integration of high-performance mobile robots into everyday applications. Part of the Unitree L1 series, the RM model is optimized for longer-range detection, offering robust and reliable environmental perception for autonomous systems.\" \/>\n<meta name=\"robots\" content=\"index, follow, max-snippet:-1, max-image-preview:large, max-video-preview:-1\" \/>\n<link rel=\"canonical\" href=\"https:\/\/www.ghostysky.com\/fr\/product\/unitree-l1-rm-lidar-remote-measurement\/\" \/>\n<meta property=\"og:locale\" content=\"fr_FR\" \/>\n<meta property=\"og:type\" content=\"article\" \/>\n<meta property=\"og:title\" content=\"Unitree L1 RM LiDAR (Remote Measurement) - Ghostysky\" \/>\n<meta property=\"og:description\" content=\"The Unitree L1 RM (Remote Measurement) LiDAR is a pioneering, compact, and high-performance 4D laser radar designed to accelerate the integration of high-performance mobile robots into everyday applications. Part of the Unitree L1 series, the RM model is optimized for longer-range detection, offering robust and reliable environmental perception for autonomous systems.\" \/>\n<meta property=\"og:url\" content=\"https:\/\/www.ghostysky.com\/fr\/product\/unitree-l1-rm-lidar-remote-measurement\/\" \/>\n<meta property=\"og:site_name\" content=\"Ghostysky\" \/>\n<meta property=\"article:publisher\" content=\"https:\/\/www.facebook.com\/people\/Ghostysky\/100057676170234\/\" \/>\n<meta property=\"article:modified_time\" content=\"2025-10-16T06:54:19+00:00\" \/>\n<meta property=\"og:image\" content=\"https:\/\/www.ghostysky.com\/wp-content\/uploads\/2025\/10\/GH_L1-PM-LiDAR-Precision-Measurement_1.jpg\" \/>\n\t<meta property=\"og:image:width\" content=\"225\" \/>\n\t<meta property=\"og:image:height\" content=\"225\" \/>\n\t<meta property=\"og:image:type\" content=\"image\/jpeg\" \/>\n<meta name=\"twitter:card\" content=\"summary_large_image\" \/>\n<meta name=\"twitter:site\" content=\"@Gh0stysky\" \/>\n<meta name=\"twitter:label1\" content=\"Dur\u00e9e de lecture estim\u00e9e\" \/>\n\t<meta name=\"twitter:data1\" content=\"2 minutes\" \/>\n<script type=\"application\/ld+json\" class=\"yoast-schema-graph\">{\"@context\":\"https:\\\/\\\/schema.org\",\"@graph\":[{\"@type\":\"WebPage\",\"@id\":\"https:\\\/\\\/www.ghostysky.com\\\/product\\\/unitree-l1-rm-lidar-remote-measurement\\\/\",\"url\":\"https:\\\/\\\/www.ghostysky.com\\\/product\\\/unitree-l1-rm-lidar-remote-measurement\\\/\",\"name\":\"Unitree L1 RM LiDAR (Remote Measurement) - Ghostysky\",\"isPartOf\":{\"@id\":\"https:\\\/\\\/www.ghostysky.com\\\/#website\"},\"primaryImageOfPage\":{\"@id\":\"https:\\\/\\\/www.ghostysky.com\\\/product\\\/unitree-l1-rm-lidar-remote-measurement\\\/#primaryimage\"},\"image\":{\"@id\":\"https:\\\/\\\/www.ghostysky.com\\\/product\\\/unitree-l1-rm-lidar-remote-measurement\\\/#primaryimage\"},\"thumbnailUrl\":\"https:\\\/\\\/www.ghostysky.com\\\/wp-content\\\/uploads\\\/2025\\\/10\\\/GH_L1-PM-LiDAR-Precision-Measurement_1.jpg\",\"datePublished\":\"2025-10-16T06:53:50+00:00\",\"dateModified\":\"2025-10-16T06:54:19+00:00\",\"description\":\"The Unitree L1 RM (Remote Measurement) LiDAR is a pioneering, compact, and high-performance 4D laser radar designed to accelerate the integration of high-performance mobile robots into everyday applications. Part of the Unitree L1 series, the RM model is optimized for longer-range detection, offering robust and reliable environmental perception for autonomous systems.\",\"breadcrumb\":{\"@id\":\"https:\\\/\\\/www.ghostysky.com\\\/product\\\/unitree-l1-rm-lidar-remote-measurement\\\/#breadcrumb\"},\"inLanguage\":\"fr-FR\",\"potentialAction\":[{\"@type\":\"ReadAction\",\"target\":[\"https:\\\/\\\/www.ghostysky.com\\\/product\\\/unitree-l1-rm-lidar-remote-measurement\\\/\"]}]},{\"@type\":\"ImageObject\",\"inLanguage\":\"fr-FR\",\"@id\":\"https:\\\/\\\/www.ghostysky.com\\\/product\\\/unitree-l1-rm-lidar-remote-measurement\\\/#primaryimage\",\"url\":\"https:\\\/\\\/www.ghostysky.com\\\/wp-content\\\/uploads\\\/2025\\\/10\\\/GH_L1-PM-LiDAR-Precision-Measurement_1.jpg\",\"contentUrl\":\"https:\\\/\\\/www.ghostysky.com\\\/wp-content\\\/uploads\\\/2025\\\/10\\\/GH_L1-PM-LiDAR-Precision-Measurement_1.jpg\",\"width\":225,\"height\":225},{\"@type\":\"BreadcrumbList\",\"@id\":\"https:\\\/\\\/www.ghostysky.com\\\/product\\\/unitree-l1-rm-lidar-remote-measurement\\\/#breadcrumb\",\"itemListElement\":[{\"@type\":\"ListItem\",\"position\":1,\"name\":\"Home\",\"item\":\"https:\\\/\\\/www.ghostysky.com\\\/\"},{\"@type\":\"ListItem\",\"position\":2,\"name\":\"Shop\",\"item\":\"https:\\\/\\\/www.ghostysky.com\\\/shop\\\/\"},{\"@type\":\"ListItem\",\"position\":3,\"name\":\"Unitree L1 RM LiDAR (Remote Measurement)\"}]},{\"@type\":\"WebSite\",\"@id\":\"https:\\\/\\\/www.ghostysky.com\\\/#website\",\"url\":\"https:\\\/\\\/www.ghostysky.com\\\/\",\"name\":\"Ghostysky\",\"description\":\"Delivering professional drones and robotics solutions\",\"publisher\":{\"@id\":\"https:\\\/\\\/www.ghostysky.com\\\/#organization\"},\"potentialAction\":[{\"@type\":\"SearchAction\",\"target\":{\"@type\":\"EntryPoint\",\"urlTemplate\":\"https:\\\/\\\/www.ghostysky.com\\\/?s={search_term_string}\"},\"query-input\":{\"@type\":\"PropertyValueSpecification\",\"valueRequired\":true,\"valueName\":\"search_term_string\"}}],\"inLanguage\":\"fr-FR\"},{\"@type\":\"Organization\",\"@id\":\"https:\\\/\\\/www.ghostysky.com\\\/#organization\",\"name\":\"Ghostysky\",\"url\":\"https:\\\/\\\/www.ghostysky.com\\\/\",\"logo\":{\"@type\":\"ImageObject\",\"inLanguage\":\"fr-FR\",\"@id\":\"https:\\\/\\\/www.ghostysky.com\\\/#\\\/schema\\\/logo\\\/image\\\/\",\"url\":\"https:\\\/\\\/www.ghostysky.com\\\/wp-content\\\/uploads\\\/2020\\\/06\\\/cropped-ghostyskylogo_text_white2.png\",\"contentUrl\":\"https:\\\/\\\/www.ghostysky.com\\\/wp-content\\\/uploads\\\/2020\\\/06\\\/cropped-ghostyskylogo_text_white2.png\",\"width\":169,\"height\":56,\"caption\":\"Ghostysky\"},\"image\":{\"@id\":\"https:\\\/\\\/www.ghostysky.com\\\/#\\\/schema\\\/logo\\\/image\\\/\"},\"sameAs\":[\"https:\\\/\\\/www.facebook.com\\\/people\\\/Ghostysky\\\/100057676170234\\\/\",\"https:\\\/\\\/x.com\\\/Gh0stysky\",\"https:\\\/\\\/www.linkedin.com\\\/company\\\/34739653\",\"https:\\\/\\\/www.instagram.com\\\/gh0stysky\"]}]}<\/script>\n<!-- \/ Yoast SEO plugin. -->","yoast_head_json":{"title":"LiDAR Unitree L1 RM (mesure \u00e0 distance) - Ghostysky","description":"Le LiDAR Unitree L1 RM (mesure \u00e0 distance) est un radar laser 4D innovant, compact et performant, con\u00e7u pour acc\u00e9l\u00e9rer l&#039;int\u00e9gration des robots mobiles hautes performances dans les applications quotidiennes. Issu de la s\u00e9rie Unitree L1, le mod\u00e8le RM est optimis\u00e9 pour la d\u00e9tection \u00e0 longue port\u00e9e, offrant une perception environnementale robuste et fiable pour les syst\u00e8mes autonomes.","robots":{"index":"index","follow":"follow","max-snippet":"max-snippet:-1","max-image-preview":"max-image-preview:large","max-video-preview":"max-video-preview:-1"},"canonical":"https:\/\/www.ghostysky.com\/fr\/product\/unitree-l1-rm-lidar-remote-measurement\/","og_locale":"fr_FR","og_type":"article","og_title":"Unitree L1 RM LiDAR (Remote Measurement) - Ghostysky","og_description":"The Unitree L1 RM (Remote Measurement) LiDAR is a pioneering, compact, and high-performance 4D laser radar designed to accelerate the integration of high-performance mobile robots into everyday applications. Part of the Unitree L1 series, the RM model is optimized for longer-range detection, offering robust and reliable environmental perception for autonomous systems.","og_url":"https:\/\/www.ghostysky.com\/fr\/product\/unitree-l1-rm-lidar-remote-measurement\/","og_site_name":"Ghostysky","article_publisher":"https:\/\/www.facebook.com\/people\/Ghostysky\/100057676170234\/","article_modified_time":"2025-10-16T06:54:19+00:00","og_image":[{"width":225,"height":225,"url":"https:\/\/www.ghostysky.com\/wp-content\/uploads\/2025\/10\/GH_L1-PM-LiDAR-Precision-Measurement_1.jpg","type":"image\/jpeg"}],"twitter_card":"summary_large_image","twitter_site":"@Gh0stysky","twitter_misc":{"Dur\u00e9e de lecture estim\u00e9e":"2 minutes"},"schema":{"@context":"https:\/\/schema.org","@graph":[{"@type":"WebPage","@id":"https:\/\/www.ghostysky.com\/product\/unitree-l1-rm-lidar-remote-measurement\/","url":"https:\/\/www.ghostysky.com\/product\/unitree-l1-rm-lidar-remote-measurement\/","name":"LiDAR Unitree L1 RM (mesure \u00e0 distance) - Ghostysky","isPartOf":{"@id":"https:\/\/www.ghostysky.com\/#website"},"primaryImageOfPage":{"@id":"https:\/\/www.ghostysky.com\/product\/unitree-l1-rm-lidar-remote-measurement\/#primaryimage"},"image":{"@id":"https:\/\/www.ghostysky.com\/product\/unitree-l1-rm-lidar-remote-measurement\/#primaryimage"},"thumbnailUrl":"https:\/\/www.ghostysky.com\/wp-content\/uploads\/2025\/10\/GH_L1-PM-LiDAR-Precision-Measurement_1.jpg","datePublished":"2025-10-16T06:53:50+00:00","dateModified":"2025-10-16T06:54:19+00:00","description":"Le LiDAR Unitree L1 RM (mesure \u00e0 distance) est un radar laser 4D innovant, compact et performant, con\u00e7u pour acc\u00e9l\u00e9rer l&#039;int\u00e9gration des robots mobiles hautes performances dans les applications quotidiennes. Issu de la s\u00e9rie Unitree L1, le mod\u00e8le RM est optimis\u00e9 pour la d\u00e9tection \u00e0 longue port\u00e9e, offrant une perception environnementale robuste et fiable pour les syst\u00e8mes autonomes.","breadcrumb":{"@id":"https:\/\/www.ghostysky.com\/product\/unitree-l1-rm-lidar-remote-measurement\/#breadcrumb"},"inLanguage":"fr-FR","potentialAction":[{"@type":"ReadAction","target":["https:\/\/www.ghostysky.com\/product\/unitree-l1-rm-lidar-remote-measurement\/"]}]},{"@type":"ImageObject","inLanguage":"fr-FR","@id":"https:\/\/www.ghostysky.com\/product\/unitree-l1-rm-lidar-remote-measurement\/#primaryimage","url":"https:\/\/www.ghostysky.com\/wp-content\/uploads\/2025\/10\/GH_L1-PM-LiDAR-Precision-Measurement_1.jpg","contentUrl":"https:\/\/www.ghostysky.com\/wp-content\/uploads\/2025\/10\/GH_L1-PM-LiDAR-Precision-Measurement_1.jpg","width":225,"height":225},{"@type":"BreadcrumbList","@id":"https:\/\/www.ghostysky.com\/product\/unitree-l1-rm-lidar-remote-measurement\/#breadcrumb","itemListElement":[{"@type":"ListItem","position":1,"name":"Home","item":"https:\/\/www.ghostysky.com\/"},{"@type":"ListItem","position":2,"name":"Shop","item":"https:\/\/www.ghostysky.com\/shop\/"},{"@type":"ListItem","position":3,"name":"Unitree L1 RM LiDAR (Remote Measurement)"}]},{"@type":"WebSite","@id":"https:\/\/www.ghostysky.com\/#website","url":"https:\/\/www.ghostysky.com\/","name":"Ghostysky","description":"Fourniture de solutions professionnelles en mati\u00e8re de drones et de robotique","publisher":{"@id":"https:\/\/www.ghostysky.com\/#organization"},"potentialAction":[{"@type":"SearchAction","target":{"@type":"EntryPoint","urlTemplate":"https:\/\/www.ghostysky.com\/?s={search_term_string}"},"query-input":{"@type":"PropertyValueSpecification","valueRequired":true,"valueName":"search_term_string"}}],"inLanguage":"fr-FR"},{"@type":"Organization","@id":"https:\/\/www.ghostysky.com\/#organization","name":"Ghostysky","url":"https:\/\/www.ghostysky.com\/","logo":{"@type":"ImageObject","inLanguage":"fr-FR","@id":"https:\/\/www.ghostysky.com\/#\/schema\/logo\/image\/","url":"https:\/\/www.ghostysky.com\/wp-content\/uploads\/2020\/06\/cropped-ghostyskylogo_text_white2.png","contentUrl":"https:\/\/www.ghostysky.com\/wp-content\/uploads\/2020\/06\/cropped-ghostyskylogo_text_white2.png","width":169,"height":56,"caption":"Ghostysky"},"image":{"@id":"https:\/\/www.ghostysky.com\/#\/schema\/logo\/image\/"},"sameAs":["https:\/\/www.facebook.com\/people\/Ghostysky\/100057676170234\/","https:\/\/x.com\/Gh0stysky","https:\/\/www.linkedin.com\/company\/34739653","https:\/\/www.instagram.com\/gh0stysky"]}]}},"_links":{"self":[{"href":"https:\/\/www.ghostysky.com\/fr\/wp-json\/wp\/v2\/product\/21290","targetHints":{"allow":["GET"]}}],"collection":[{"href":"https:\/\/www.ghostysky.com\/fr\/wp-json\/wp\/v2\/product"}],"about":[{"href":"https:\/\/www.ghostysky.com\/fr\/wp-json\/wp\/v2\/types\/product"}],"replies":[{"embeddable":true,"href":"https:\/\/www.ghostysky.com\/fr\/wp-json\/wp\/v2\/comments?post=21290"}],"version-history":[{"count":0,"href":"https:\/\/www.ghostysky.com\/fr\/wp-json\/wp\/v2\/product\/21290\/revisions"}],"wp:featuredmedia":[{"embeddable":true,"href":"https:\/\/www.ghostysky.com\/fr\/wp-json\/wp\/v2\/media\/21289"}],"wp:attachment":[{"href":"https:\/\/www.ghostysky.com\/fr\/wp-json\/wp\/v2\/media?parent=21290"}],"wp:term":[{"taxonomy":"product_brand","embeddable":true,"href":"https:\/\/www.ghostysky.com\/fr\/wp-json\/wp\/v2\/product_brand?post=21290"},{"taxonomy":"product_cat","embeddable":true,"href":"https:\/\/www.ghostysky.com\/fr\/wp-json\/wp\/v2\/product_cat?post=21290"},{"taxonomy":"product_tag","embeddable":true,"href":"https:\/\/www.ghostysky.com\/fr\/wp-json\/wp\/v2\/product_tag?post=21290"}],"curies":[{"name":"wp","href":"https:\/\/api.w.org\/{rel}","templated":true}]}}