{"id":21309,"date":"2025-10-16T07:19:55","date_gmt":"2025-10-16T07:19:55","guid":{"rendered":"https:\/\/www.ghostysky.com\/?post_type=product&#038;p=21309"},"modified":"2025-10-16T07:20:40","modified_gmt":"2025-10-16T07:20:40","slug":"aliengo-with-2d-lidar","status":"publish","type":"product","link":"https:\/\/www.ghostysky.com\/fr\/product\/aliengo-with-2d-lidar\/","title":{"rendered":"Aliengo avec lidar 2D"},"content":{"rendered":"<div id=\"model-response-message-contentr_a0bc0d7c3461447c\" class=\"markdown markdown-main-panel stronger enable-updated-hr-color\" dir=\"ltr\">\n<p><b>Principales caract\u00e9ristiques et capacit\u00e9s\u00a0:<\/b><\/p>\n<ul>\n<li><b><span class=\"citation-1190\">Perception environnementale am\u00e9lior\u00e9e :<\/span><\/b><span class=\"citation-1190\"> L&#039;int\u00e9gr\u00e9 <\/span><b><span class=\"citation-1190\">Lidar 2D<\/span><\/b><span class=\"citation-1190 citation-end-1190\"> am\u00e9liore consid\u00e9rablement les capacit\u00e9s de d\u00e9tection du robot, permettant quatre fonctions de perception critiques\u00a0:<\/span>\n<ul>\n<li><b>\u00c9vitement dynamique des obstacles :<\/b><span class=\"citation-1189 citation-end-1189\"> Naviguez en toute s\u00e9curit\u00e9 dans des environnements complexes et mouvants.<\/span><\/li>\n<li><b>Planification de la navigation :<\/b> Calculez et ex\u00e9cutez des itin\u00e9raires efficaces et intelligents.<\/li>\n<li><b><span class=\"citation-1188\">Construction de cartes (SLAM) :<\/span><\/b><span class=\"citation-1188 citation-end-1188\"> Cr\u00e9ez des cartes environnementales 2D en temps r\u00e9el.<\/span><\/li>\n<li><b>Auto-positionnement :<\/b><span class=\"citation-1187 citation-end-1187\"> D\u00e9terminez avec pr\u00e9cision son emplacement dans la carte g\u00e9n\u00e9r\u00e9e.<\/span><\/li>\n<\/ul>\n<\/li>\n<li><b>Mobilit\u00e9 sup\u00e9rieure :<\/b><span class=\"citation-1186\"> Equip\u00e9 de 12 servomoteurs hautes performances, Aliengo offre <\/span><b><span class=\"citation-1186\">performances athl\u00e9tiques hautement explosives<\/span><\/b><span class=\"citation-1186 citation-end-1186\">.<\/span> <span class=\"citation-1185\">Il peut fonctionner \u00e0 des vitesses d\u00e9passant <\/span><b><span class=\"citation-1185\">1,5 m\/s<\/span><\/b><span class=\"citation-1185 citation-end-1185\">, g\u00e9rer les pentes jusqu&#039;\u00e0 <\/span><b><span class=\"math-inline\" data-math=\"25^\\circ\"><span class=\"katex\"><span class=\"katex-html\" aria-hidden=\"true\"><span class=\"base\"><span class=\"mord\">2<\/span><span class=\"mord\">5<span class=\"msupsub\"><span class=\"vlist-t\"><span class=\"vlist-r\"><span class=\"vlist\"><span class=\"\"><span class=\"sizing reset-size6 size3 mtight\"><span class=\"mbin mtight\">\u2218<\/span><\/span><\/span><\/span><\/span><\/span><\/span><\/span><\/span><\/span><\/span><\/span><\/b><span class=\"citation-1184 citation-end-1184\">, et effectuer des mouvements complexes comme courir, sauter, faire des saltos arri\u00e8re et r\u00e9cup\u00e9rer apr\u00e8s une chute.<\/span><\/li>\n<li><b>Adaptabilit\u00e9 multi-terrains :<\/b><span class=\"citation-1183\"> Gr\u00e2ce \u00e0 une technologie avanc\u00e9e de contr\u00f4le de la force et \u00e0 sa conception quadrup\u00e8de agile, Aliengo maintient <\/span><b><span class=\"citation-1183\">une stabilit\u00e9 incroyable<\/span><\/b><span class=\"citation-1183 citation-end-1183\"> et peut fonctionner de mani\u00e8re fiable sur des routes de gravier accident\u00e9es, de l&#039;herbe et d&#039;autres surfaces in\u00e9gales.<\/span><\/li>\n<li><b>Suite de capteurs robustes\u00a0:<\/b><span class=\"citation-1182\"> Au-del\u00e0 du Lidar 2D, il comprend <\/span><b><span class=\"citation-1182\">deux cam\u00e9ras de profondeur<\/span><\/b><span class=\"citation-1182\"> et un <\/span><b><span class=\"citation-1182\">cam\u00e9ra d&#039;odom\u00e8tre visuel<\/span><\/b><span class=\"citation-1182 citation-end-1182\"> pour la perception profonde, la transmission vid\u00e9o HD en temps r\u00e9el, le V-SLAM, la reconnaissance de la posture humaine et le suivi.<\/span><\/li>\n<li><b>Plateforme conviviale pour les d\u00e9veloppeurs\u00a0:<\/b><span class=\"citation-1181\"> Soutient <\/span><b><span class=\"citation-1181\">C\/C++, ROS<\/span><\/b><span class=\"citation-1181 citation-end-1181\">, et fournit des API de contr\u00f4le de haut et de bas niveau, permettant une personnalisation et une int\u00e9gration \u00e9tendues de modules externes tels que des bras robotis\u00e9s ou des capteurs suppl\u00e9mentaires via ses riches interfaces externes (Ethernet, USB, RS485).<\/span><\/li>\n<li><b>Endurance op\u00e9rationnelle :<\/b><span class=\"citation-1180\"> Dispose d&#039;une batterie longue dur\u00e9e (12600 mAh) offrant une autonomie de <\/span><b><span class=\"citation-1180\">2,5 \u00e0 4,6 heures<\/span><\/b><span class=\"citation-1180 citation-end-1180\">, selon le sc\u00e9nario d&#039;utilisation.<\/span><\/li>\n<li><b><span class=\"citation-1179\">Applications:<\/span><\/b><span class=\"citation-1179\"> Id\u00e9al pour <\/span><b><span class=\"citation-1179\">recherche et d\u00e9veloppement<\/span><\/b><span class=\"citation-1179\">, autonome <\/span><b><span class=\"citation-1179\">inspection et surveillance<\/span><\/b><span class=\"citation-1179 citation-end-1179\"> dans des environnements industriels ou tout-terrain (usines, chantiers), de s\u00e9curit\u00e9, et m\u00eame de divertissement.<\/span><\/li>\n<\/ul>\n<p><span class=\"citation-1178 citation-end-1178\">Avec sa combinaison d&#039;agilit\u00e9, de puissance et d&#039;autonomie bas\u00e9e sur le Lidar de haute pr\u00e9cision, l&#039;Aliengo est une plate-forme mobile de pointe pr\u00eate \u00e0 s&#039;attaquer \u00e0 des t\u00e2ches complexes du monde r\u00e9el.<\/span><\/p>\n<div class=\"source-inline-chip-container ng-star-inserted\"><\/div>\n<\/div>","protected":false},"excerpt":{"rendered":"<p><span class=\"citation-1191\">Le <\/span><b><span class=\"citation-1191\">Unitree Aliengo avec Lidar 2D<\/span><\/b><span class=\"citation-1191 citation-end-1191\"> est une plate-forme robotique quadrup\u00e8de de haute performance et de qualit\u00e9 industrielle, con\u00e7ue pour la polyvalence dans les environnements difficiles et les applications de recherche avanc\u00e9es.<\/span><\/p>","protected":false},"featured_media":21310,"comment_status":"open","ping_status":"closed","template":"","meta":[],"product_brand":[1087],"product_cat":[1039,1037,1085],"product_tag":[1088,1097,1089,1090],"class_list":{"0":"post-21309","1":"product","2":"type-product","3":"status-publish","4":"has-post-thumbnail","6":"product_brand-unitree","7":"product_cat-quadruped","8":"product_cat-robotics","9":"product_cat-unitree-quad-robots","10":"product_tag-unitree","11":"product_tag-unitree-aliengo-series","12":"product_tag-unitree-quadruped","13":"product_tag-unitree-quadruped-robots","15":"first","16":"onbackorder","17":"taxable","18":"shipping-taxable","19":"purchasable","20":"product-type-simple"},"yoast_head":"<!-- This site is optimized with the Yoast SEO plugin v27.1.1 - https:\/\/yoast.com\/product\/yoast-seo-wordpress\/ -->\n<title>Aliengo with 2D lidar - Ghostysky<\/title>\n<meta name=\"robots\" content=\"index, follow, max-snippet:-1, max-image-preview:large, max-video-preview:-1\" \/>\n<link rel=\"canonical\" href=\"https:\/\/www.ghostysky.com\/fr\/product\/aliengo-with-2d-lidar\/\" \/>\n<meta property=\"og:locale\" content=\"fr_FR\" \/>\n<meta property=\"og:type\" content=\"article\" \/>\n<meta property=\"og:title\" content=\"Aliengo with 2D lidar - Ghostysky\" \/>\n<meta property=\"og:description\" content=\"The Unitree Aliengo with 2D Lidar is a high-performance, industrial-grade quadruped robot platform designed for versatility in challenging environments and advanced research applications.\" \/>\n<meta property=\"og:url\" content=\"https:\/\/www.ghostysky.com\/fr\/product\/aliengo-with-2d-lidar\/\" \/>\n<meta property=\"og:site_name\" content=\"Ghostysky\" \/>\n<meta property=\"article:publisher\" content=\"https:\/\/www.facebook.com\/people\/Ghostysky\/100057676170234\/\" \/>\n<meta property=\"article:modified_time\" content=\"2025-10-16T07:20:40+00:00\" \/>\n<meta property=\"og:image\" content=\"https:\/\/www.ghostysky.com\/wp-content\/uploads\/2025\/10\/GH_Aliengo-add-2D-lidar_1.jpg\" \/>\n\t<meta property=\"og:image:width\" content=\"224\" \/>\n\t<meta property=\"og:image:height\" content=\"224\" \/>\n\t<meta property=\"og:image:type\" content=\"image\/jpeg\" \/>\n<meta name=\"twitter:card\" content=\"summary_large_image\" \/>\n<meta name=\"twitter:site\" content=\"@Gh0stysky\" \/>\n<meta name=\"twitter:label1\" content=\"Dur\u00e9e de lecture estim\u00e9e\" \/>\n\t<meta name=\"twitter:data1\" content=\"2 minutes\" \/>\n<script type=\"application\/ld+json\" class=\"yoast-schema-graph\">{\"@context\":\"https:\/\/schema.org\",\"@graph\":[{\"@type\":\"WebPage\",\"@id\":\"https:\/\/www.ghostysky.com\/product\/aliengo-with-2d-lidar\/\",\"url\":\"https:\/\/www.ghostysky.com\/product\/aliengo-with-2d-lidar\/\",\"name\":\"Aliengo with 2D lidar - Ghostysky\",\"isPartOf\":{\"@id\":\"https:\/\/www.ghostysky.com\/#website\"},\"primaryImageOfPage\":{\"@id\":\"https:\/\/www.ghostysky.com\/product\/aliengo-with-2d-lidar\/#primaryimage\"},\"image\":{\"@id\":\"https:\/\/www.ghostysky.com\/product\/aliengo-with-2d-lidar\/#primaryimage\"},\"thumbnailUrl\":\"https:\/\/www.ghostysky.com\/wp-content\/uploads\/2025\/10\/GH_Aliengo-add-2D-lidar_1.jpg\",\"datePublished\":\"2025-10-16T07:19:55+00:00\",\"dateModified\":\"2025-10-16T07:20:40+00:00\",\"breadcrumb\":{\"@id\":\"https:\/\/www.ghostysky.com\/product\/aliengo-with-2d-lidar\/#breadcrumb\"},\"inLanguage\":\"fr-FR\",\"potentialAction\":[{\"@type\":\"ReadAction\",\"target\":[\"https:\/\/www.ghostysky.com\/product\/aliengo-with-2d-lidar\/\"]}]},{\"@type\":\"ImageObject\",\"inLanguage\":\"fr-FR\",\"@id\":\"https:\/\/www.ghostysky.com\/product\/aliengo-with-2d-lidar\/#primaryimage\",\"url\":\"https:\/\/www.ghostysky.com\/wp-content\/uploads\/2025\/10\/GH_Aliengo-add-2D-lidar_1.jpg\",\"contentUrl\":\"https:\/\/www.ghostysky.com\/wp-content\/uploads\/2025\/10\/GH_Aliengo-add-2D-lidar_1.jpg\",\"width\":224,\"height\":224},{\"@type\":\"BreadcrumbList\",\"@id\":\"https:\/\/www.ghostysky.com\/product\/aliengo-with-2d-lidar\/#breadcrumb\",\"itemListElement\":[{\"@type\":\"ListItem\",\"position\":1,\"name\":\"Home\",\"item\":\"https:\/\/www.ghostysky.com\/\"},{\"@type\":\"ListItem\",\"position\":2,\"name\":\"Shop\",\"item\":\"https:\/\/www.ghostysky.com\/shop\/\"},{\"@type\":\"ListItem\",\"position\":3,\"name\":\"Aliengo with 2D lidar\"}]},{\"@type\":\"WebSite\",\"@id\":\"https:\/\/www.ghostysky.com\/#website\",\"url\":\"https:\/\/www.ghostysky.com\/\",\"name\":\"Ghostysky\",\"description\":\"Delivering professional drones and services\",\"publisher\":{\"@id\":\"https:\/\/www.ghostysky.com\/#organization\"},\"potentialAction\":[{\"@type\":\"SearchAction\",\"target\":{\"@type\":\"EntryPoint\",\"urlTemplate\":\"https:\/\/www.ghostysky.com\/?s={search_term_string}\"},\"query-input\":{\"@type\":\"PropertyValueSpecification\",\"valueRequired\":true,\"valueName\":\"search_term_string\"}}],\"inLanguage\":\"fr-FR\"},{\"@type\":\"Organization\",\"@id\":\"https:\/\/www.ghostysky.com\/#organization\",\"name\":\"Ghostysky\",\"url\":\"https:\/\/www.ghostysky.com\/\",\"logo\":{\"@type\":\"ImageObject\",\"inLanguage\":\"fr-FR\",\"@id\":\"https:\/\/www.ghostysky.com\/#\/schema\/logo\/image\/\",\"url\":\"https:\/\/www.ghostysky.com\/wp-content\/uploads\/2020\/06\/cropped-ghostyskylogo_text_white2.png\",\"contentUrl\":\"https:\/\/www.ghostysky.com\/wp-content\/uploads\/2020\/06\/cropped-ghostyskylogo_text_white2.png\",\"width\":169,\"height\":56,\"caption\":\"Ghostysky\"},\"image\":{\"@id\":\"https:\/\/www.ghostysky.com\/#\/schema\/logo\/image\/\"},\"sameAs\":[\"https:\/\/www.facebook.com\/people\/Ghostysky\/100057676170234\/\",\"https:\/\/x.com\/Gh0stysky\",\"https:\/\/www.linkedin.com\/company\/34739653\",\"https:\/\/www.instagram.com\/gh0stysky\"]}]}<\/script>\n<!-- \/ Yoast SEO plugin. -->","yoast_head_json":{"title":"Aliengo avec lidar 2D - Ghostysky","robots":{"index":"index","follow":"follow","max-snippet":"max-snippet:-1","max-image-preview":"max-image-preview:large","max-video-preview":"max-video-preview:-1"},"canonical":"https:\/\/www.ghostysky.com\/fr\/product\/aliengo-with-2d-lidar\/","og_locale":"fr_FR","og_type":"article","og_title":"Aliengo with 2D lidar - Ghostysky","og_description":"The Unitree Aliengo with 2D Lidar is a high-performance, industrial-grade quadruped robot platform designed for versatility in challenging environments and advanced research applications.","og_url":"https:\/\/www.ghostysky.com\/fr\/product\/aliengo-with-2d-lidar\/","og_site_name":"Ghostysky","article_publisher":"https:\/\/www.facebook.com\/people\/Ghostysky\/100057676170234\/","article_modified_time":"2025-10-16T07:20:40+00:00","og_image":[{"width":224,"height":224,"url":"https:\/\/www.ghostysky.com\/wp-content\/uploads\/2025\/10\/GH_Aliengo-add-2D-lidar_1.jpg","type":"image\/jpeg"}],"twitter_card":"summary_large_image","twitter_site":"@Gh0stysky","twitter_misc":{"Dur\u00e9e de lecture estim\u00e9e":"2 minutes"},"schema":{"@context":"https:\/\/schema.org","@graph":[{"@type":"WebPage","@id":"https:\/\/www.ghostysky.com\/product\/aliengo-with-2d-lidar\/","url":"https:\/\/www.ghostysky.com\/product\/aliengo-with-2d-lidar\/","name":"Aliengo avec lidar 2D - Ghostysky","isPartOf":{"@id":"https:\/\/www.ghostysky.com\/#website"},"primaryImageOfPage":{"@id":"https:\/\/www.ghostysky.com\/product\/aliengo-with-2d-lidar\/#primaryimage"},"image":{"@id":"https:\/\/www.ghostysky.com\/product\/aliengo-with-2d-lidar\/#primaryimage"},"thumbnailUrl":"https:\/\/www.ghostysky.com\/wp-content\/uploads\/2025\/10\/GH_Aliengo-add-2D-lidar_1.jpg","datePublished":"2025-10-16T07:19:55+00:00","dateModified":"2025-10-16T07:20:40+00:00","breadcrumb":{"@id":"https:\/\/www.ghostysky.com\/product\/aliengo-with-2d-lidar\/#breadcrumb"},"inLanguage":"fr-FR","potentialAction":[{"@type":"ReadAction","target":["https:\/\/www.ghostysky.com\/product\/aliengo-with-2d-lidar\/"]}]},{"@type":"ImageObject","inLanguage":"fr-FR","@id":"https:\/\/www.ghostysky.com\/product\/aliengo-with-2d-lidar\/#primaryimage","url":"https:\/\/www.ghostysky.com\/wp-content\/uploads\/2025\/10\/GH_Aliengo-add-2D-lidar_1.jpg","contentUrl":"https:\/\/www.ghostysky.com\/wp-content\/uploads\/2025\/10\/GH_Aliengo-add-2D-lidar_1.jpg","width":224,"height":224},{"@type":"BreadcrumbList","@id":"https:\/\/www.ghostysky.com\/product\/aliengo-with-2d-lidar\/#breadcrumb","itemListElement":[{"@type":"ListItem","position":1,"name":"Home","item":"https:\/\/www.ghostysky.com\/"},{"@type":"ListItem","position":2,"name":"Shop","item":"https:\/\/www.ghostysky.com\/shop\/"},{"@type":"ListItem","position":3,"name":"Aliengo with 2D lidar"}]},{"@type":"WebSite","@id":"https:\/\/www.ghostysky.com\/#website","url":"https:\/\/www.ghostysky.com\/","name":"Ghostysky","description":"Livraison de drones et de services professionnels","publisher":{"@id":"https:\/\/www.ghostysky.com\/#organization"},"potentialAction":[{"@type":"SearchAction","target":{"@type":"EntryPoint","urlTemplate":"https:\/\/www.ghostysky.com\/?s={search_term_string}"},"query-input":{"@type":"PropertyValueSpecification","valueRequired":true,"valueName":"search_term_string"}}],"inLanguage":"fr-FR"},{"@type":"Organization","@id":"https:\/\/www.ghostysky.com\/#organization","name":"Ghostysky","url":"https:\/\/www.ghostysky.com\/","logo":{"@type":"ImageObject","inLanguage":"fr-FR","@id":"https:\/\/www.ghostysky.com\/#\/schema\/logo\/image\/","url":"https:\/\/www.ghostysky.com\/wp-content\/uploads\/2020\/06\/cropped-ghostyskylogo_text_white2.png","contentUrl":"https:\/\/www.ghostysky.com\/wp-content\/uploads\/2020\/06\/cropped-ghostyskylogo_text_white2.png","width":169,"height":56,"caption":"Ghostysky"},"image":{"@id":"https:\/\/www.ghostysky.com\/#\/schema\/logo\/image\/"},"sameAs":["https:\/\/www.facebook.com\/people\/Ghostysky\/100057676170234\/","https:\/\/x.com\/Gh0stysky","https:\/\/www.linkedin.com\/company\/34739653","https:\/\/www.instagram.com\/gh0stysky"]}]}},"_links":{"self":[{"href":"https:\/\/www.ghostysky.com\/fr\/wp-json\/wp\/v2\/product\/21309","targetHints":{"allow":["GET"]}}],"collection":[{"href":"https:\/\/www.ghostysky.com\/fr\/wp-json\/wp\/v2\/product"}],"about":[{"href":"https:\/\/www.ghostysky.com\/fr\/wp-json\/wp\/v2\/types\/product"}],"replies":[{"embeddable":true,"href":"https:\/\/www.ghostysky.com\/fr\/wp-json\/wp\/v2\/comments?post=21309"}],"wp:featuredmedia":[{"embeddable":true,"href":"https:\/\/www.ghostysky.com\/fr\/wp-json\/wp\/v2\/media\/21310"}],"wp:attachment":[{"href":"https:\/\/www.ghostysky.com\/fr\/wp-json\/wp\/v2\/media?parent=21309"}],"wp:term":[{"taxonomy":"product_brand","embeddable":true,"href":"https:\/\/www.ghostysky.com\/fr\/wp-json\/wp\/v2\/product_brand?post=21309"},{"taxonomy":"product_cat","embeddable":true,"href":"https:\/\/www.ghostysky.com\/fr\/wp-json\/wp\/v2\/product_cat?post=21309"},{"taxonomy":"product_tag","embeddable":true,"href":"https:\/\/www.ghostysky.com\/fr\/wp-json\/wp\/v2\/product_tag?post=21309"}],"curies":[{"name":"wp","href":"https:\/\/api.w.org\/{rel}","templated":true}]}}