{"id":21331,"date":"2025-10-16T11:25:41","date_gmt":"2025-10-16T11:25:41","guid":{"rendered":"https:\/\/www.ghostysky.com\/?post_type=product&#038;p=21331"},"modified":"2025-10-16T11:26:10","modified_gmt":"2025-10-16T11:26:10","slug":"unitree-aliengos-battery-charge","status":"publish","type":"product","link":"https:\/\/www.ghostysky.com\/fr\/product\/unitree-aliengos-battery-charge\/","title":{"rendered":"Charge de la batterie d&#039;Unitree Aliengo"},"content":{"rendered":"<p><b>Sp\u00e9cifications de la batterie et de la charge principales\u00a0:<\/b><\/p>\n<ul>\n<li><b><span class=\"citation-56\">Type de batterie :<\/span><\/b><span class=\"citation-56 citation-end-56\"> Lithium-ion polym\u00e8re.<\/span><\/li>\n<li><b>Capacit\u00e9 nominale :<\/b><span class=\"citation-55 citation-end-55\"> <sup class=\"superscript\" data-turn-source-index=\"3\">3<\/sup><\/span><span class=\"math-inline\" data-math=\"12,600 \\text{ mAh}\">$12 600 \\texte{mAh}$<\/span><span class=\"citation-54 citation-end-54\"> ou <sup class=\"superscript\" data-turn-source-index=\"4\">4<\/sup><\/span><span class=\"math-inline\" data-math=\"317.52 \\text{ Wh}\">$317.52 \\texte{ Wh}$<\/span><span class=\"citation-53 citation-end-53\">.<\/span><\/li>\n<li><b><span class=\"citation-52\">Tension nominale:<\/span><\/b><span class=\"citation-52 citation-end-52\"> <sup class=\"superscript\" data-turn-source-index=\"6\">6<\/sup><\/span><span class=\"math-inline\" data-math=\"25.2 \\text{ V}\">$25.2 \\texte{ V}$<\/span><span class=\"citation-51 citation-end-51\">.<\/span><\/li>\n<li><b><span class=\"citation-50\">Tension limite de charge :<\/span><\/b><span class=\"citation-50 citation-end-50\"> <sup class=\"superscript\" data-turn-source-index=\"8\">8<\/sup><\/span><span class=\"math-inline\" data-math=\"29.4 \\text{ V}\">$29.4 \\texte{ V}$<\/span><span class=\"citation-49 citation-end-49\">.<\/span><\/li>\n<li><b>Max. <span class=\"citation-48\">Puissance de charge :<\/span><\/b><span class=\"citation-48 citation-end-48\"> <sup class=\"superscript\" data-turn-source-index=\"10\">10<\/sup><\/span><span class=\"math-inline\" data-math=\"352.8 \\text{ W}\">$352.8 \\texte{ W}$<\/span><span class=\"citation-47 citation-end-47\">.<\/span><\/li>\n<li><b><span class=\"citation-46\">Temps de charge :<\/span><\/b><span class=\"citation-46 citation-end-46\"> Environ <sup class=\"superscript\" data-turn-source-index=\"12\">12<\/sup><\/span><b><span class=\"math-inline\" data-math=\"100 \\text{ minutes}\">$100 \\texte{minutes}$<\/span><\/b><span class=\"citation-45 citation-end-45\"> utiliser un chargeur avec des param\u00e8tres <sup class=\"superscript\" data-turn-source-index=\"13\">13<\/sup><\/span><span class=\"math-inline\" data-math=\"29.4 \\text{ V}\">$29.4 \\texte{ V}$<\/span><span class=\"citation-44 citation-end-44\"> et <sup class=\"superscript\" data-turn-source-index=\"14\">14<\/sup><\/span><span class=\"math-inline\" data-math=\"12 \\text{ A}\">$12 \\texte{ A}$<\/span><span class=\"citation-43 citation-end-43\">.<\/span><\/li>\n<li><b>Endurance\/Dur\u00e9e de course :<\/b><span class=\"citation-42 citation-end-42\"> La batterie offre une autonomie de fonctionnement allant jusqu&#039;\u00e0 <sup class=\"superscript\" data-turn-source-index=\"16\">16<\/sup><\/span><b><span class=\"math-inline\" data-math=\"4.5 \\text{ hours}\">$4,5 \\texte{ heures}$<\/span><\/b><span class=\"citation-41 citation-end-41\"> pour les op\u00e9rations de routine, avec une plage de <sup class=\"superscript\" data-turn-source-index=\"17\">17<\/sup><\/span><span class=\"math-inline\" data-math=\"2.5 \\text{ to } 4.5 \\text{ hours}\">$2,5 \\texte{ \u00e0 } 4,5 \\texte{ heures}$<\/span><span class=\"citation-40 citation-end-40\">.<\/span><\/li>\n<\/ul>\n<p><b>Fonctionnalit\u00e9s avanc\u00e9es\u00a0:<\/b><\/p>\n<ul>\n<li><b>BMS intelligent :<\/b><span class=\"citation-39 citation-end-39\"> La batterie est dot\u00e9e d&#039;un syst\u00e8me de gestion de batterie intelligent (BMS) qui surveille en permanence l&#039;\u00e9tat de la batterie pour un fonctionnement stable et offre une protection contre les surcharges, les d\u00e9charges excessives, les probl\u00e8mes de circuit et les surchauffes.<\/span><\/li>\n<li><b><span class=\"citation-38\">Protection:<\/span><\/b><span class=\"citation-38 citation-end-38\"> La batterie dispose \u00e9galement de divers syst\u00e8mes d&#039;alarme en cas de basse tension, de surchauffe, de court-circuit et de surcharge.<\/span><\/li>\n<li><b><span class=\"citation-37\">Protection contre l&#039;autod\u00e9charge :<\/span><\/b><span class=\"citation-37 citation-end-37\"> La batterie peut se d\u00e9charger automatiquement jusqu&#039;\u00e0 une <sup class=\"superscript\" data-turn-source-index=\"21\">21<\/sup><\/span><span class=\"math-inline\" data-math=\"65\\%\">$65\\%$<\/span><span class=\"citation-36 citation-end-36\"> niveau de charge si stock\u00e9 pendant <sup class=\"superscript\" data-turn-source-index=\"22\">22<\/sup><\/span><span class=\"math-inline\" data-math=\"10 \\text{ days}\">$10 \\texte{ jours}$<\/span><span class=\"citation-35 citation-end-35\"> au-dessus de <sup class=\"superscript\" data-turn-source-index=\"23\">23<\/sup><\/span><span class=\"math-inline\" data-math=\"65\\%\">$65\\%$<\/span><span class=\"citation-34 citation-end-34\"> sans op\u00e9ration pour prot\u00e9ger la batterie.<\/span><\/li>\n<\/ul>","protected":false},"excerpt":{"rendered":"<p><span class=\"citation-57\">L&#039;Unitree Aliengo est aliment\u00e9 par une batterie Li-Ion sp\u00e9cialement d\u00e9velopp\u00e9e, mod\u00e8le <\/span><b><span class=\"citation-57\">AL01-BT01<\/span><\/b><span class=\"citation-57 citation-end-57\">.<\/span><\/p>","protected":false},"featured_media":21333,"comment_status":"open","ping_status":"closed","template":"","meta":[],"product_brand":[1087],"product_cat":[1039,1037,1086],"product_tag":[1088,1098,1097],"class_list":{"0":"post-21331","1":"product","2":"type-product","3":"status-publish","4":"has-post-thumbnail","6":"product_brand-unitree","7":"product_cat-quadruped","8":"product_cat-robotics","9":"product_cat-unitree-quad-accessories","10":"product_tag-unitree","11":"product_tag-unitree-aliengo-accessories","12":"product_tag-unitree-aliengo-series","14":"first","15":"onbackorder","16":"taxable","17":"shipping-taxable","18":"purchasable","19":"product-type-simple"},"yoast_head":"<!-- This site is optimized with the Yoast SEO plugin v27.1.1 - https:\/\/yoast.com\/product\/yoast-seo-wordpress\/ -->\n<title>Unitree Aliengo&#039;s battery charge - Ghostysky<\/title>\n<meta name=\"description\" content=\"The Unitree Aliengo is powered by a specially developed Li-Ion battery, model AL01-BT01.\" \/>\n<meta name=\"robots\" content=\"index, follow, max-snippet:-1, max-image-preview:large, max-video-preview:-1\" \/>\n<link rel=\"canonical\" href=\"https:\/\/www.ghostysky.com\/fr\/product\/unitree-aliengos-battery-charge\/\" \/>\n<meta property=\"og:locale\" content=\"fr_FR\" \/>\n<meta property=\"og:type\" content=\"article\" \/>\n<meta property=\"og:title\" content=\"Unitree Aliengo&#039;s battery charge - Ghostysky\" \/>\n<meta property=\"og:description\" content=\"The Unitree Aliengo is powered by a specially developed Li-Ion battery, model AL01-BT01.\" \/>\n<meta property=\"og:url\" content=\"https:\/\/www.ghostysky.com\/fr\/product\/unitree-aliengos-battery-charge\/\" \/>\n<meta property=\"og:site_name\" content=\"Ghostysky\" \/>\n<meta property=\"article:publisher\" content=\"https:\/\/www.facebook.com\/people\/Ghostysky\/100057676170234\/\" \/>\n<meta property=\"article:modified_time\" content=\"2025-10-16T11:26:10+00:00\" \/>\n<meta name=\"twitter:card\" content=\"summary_large_image\" \/>\n<meta name=\"twitter:site\" content=\"@Gh0stysky\" \/>\n<meta name=\"twitter:label1\" content=\"Dur\u00e9e de lecture estim\u00e9e\" \/>\n\t<meta name=\"twitter:data1\" content=\"1 minute\" \/>\n<script type=\"application\/ld+json\" class=\"yoast-schema-graph\">{\"@context\":\"https:\/\/schema.org\",\"@graph\":[{\"@type\":\"WebPage\",\"@id\":\"https:\/\/www.ghostysky.com\/product\/unitree-aliengos-battery-charge\/\",\"url\":\"https:\/\/www.ghostysky.com\/product\/unitree-aliengos-battery-charge\/\",\"name\":\"Unitree Aliengo's battery charge - Ghostysky\",\"isPartOf\":{\"@id\":\"https:\/\/www.ghostysky.com\/#website\"},\"primaryImageOfPage\":{\"@id\":\"https:\/\/www.ghostysky.com\/product\/unitree-aliengos-battery-charge\/#primaryimage\"},\"image\":{\"@id\":\"https:\/\/www.ghostysky.com\/product\/unitree-aliengos-battery-charge\/#primaryimage\"},\"thumbnailUrl\":\"https:\/\/www.ghostysky.com\/wp-content\/uploads\/2025\/10\/GH_Aliengo_Charger.avif\",\"datePublished\":\"2025-10-16T11:25:41+00:00\",\"dateModified\":\"2025-10-16T11:26:10+00:00\",\"description\":\"The Unitree Aliengo is powered by a specially developed Li-Ion battery, model AL01-BT01.\",\"breadcrumb\":{\"@id\":\"https:\/\/www.ghostysky.com\/product\/unitree-aliengos-battery-charge\/#breadcrumb\"},\"inLanguage\":\"fr-FR\",\"potentialAction\":[{\"@type\":\"ReadAction\",\"target\":[\"https:\/\/www.ghostysky.com\/product\/unitree-aliengos-battery-charge\/\"]}]},{\"@type\":\"ImageObject\",\"inLanguage\":\"fr-FR\",\"@id\":\"https:\/\/www.ghostysky.com\/product\/unitree-aliengos-battery-charge\/#primaryimage\",\"url\":\"https:\/\/www.ghostysky.com\/wp-content\/uploads\/2025\/10\/GH_Aliengo_Charger.avif\",\"contentUrl\":\"https:\/\/www.ghostysky.com\/wp-content\/uploads\/2025\/10\/GH_Aliengo_Charger.avif\",\"width\":282,\"height\":277},{\"@type\":\"BreadcrumbList\",\"@id\":\"https:\/\/www.ghostysky.com\/product\/unitree-aliengos-battery-charge\/#breadcrumb\",\"itemListElement\":[{\"@type\":\"ListItem\",\"position\":1,\"name\":\"Home\",\"item\":\"https:\/\/www.ghostysky.com\/\"},{\"@type\":\"ListItem\",\"position\":2,\"name\":\"Shop\",\"item\":\"https:\/\/www.ghostysky.com\/shop\/\"},{\"@type\":\"ListItem\",\"position\":3,\"name\":\"Unitree Aliengo&#8217;s battery charge\"}]},{\"@type\":\"WebSite\",\"@id\":\"https:\/\/www.ghostysky.com\/#website\",\"url\":\"https:\/\/www.ghostysky.com\/\",\"name\":\"Ghostysky\",\"description\":\"Delivering professional drones and services\",\"publisher\":{\"@id\":\"https:\/\/www.ghostysky.com\/#organization\"},\"potentialAction\":[{\"@type\":\"SearchAction\",\"target\":{\"@type\":\"EntryPoint\",\"urlTemplate\":\"https:\/\/www.ghostysky.com\/?s={search_term_string}\"},\"query-input\":{\"@type\":\"PropertyValueSpecification\",\"valueRequired\":true,\"valueName\":\"search_term_string\"}}],\"inLanguage\":\"fr-FR\"},{\"@type\":\"Organization\",\"@id\":\"https:\/\/www.ghostysky.com\/#organization\",\"name\":\"Ghostysky\",\"url\":\"https:\/\/www.ghostysky.com\/\",\"logo\":{\"@type\":\"ImageObject\",\"inLanguage\":\"fr-FR\",\"@id\":\"https:\/\/www.ghostysky.com\/#\/schema\/logo\/image\/\",\"url\":\"https:\/\/www.ghostysky.com\/wp-content\/uploads\/2020\/06\/cropped-ghostyskylogo_text_white2.png\",\"contentUrl\":\"https:\/\/www.ghostysky.com\/wp-content\/uploads\/2020\/06\/cropped-ghostyskylogo_text_white2.png\",\"width\":169,\"height\":56,\"caption\":\"Ghostysky\"},\"image\":{\"@id\":\"https:\/\/www.ghostysky.com\/#\/schema\/logo\/image\/\"},\"sameAs\":[\"https:\/\/www.facebook.com\/people\/Ghostysky\/100057676170234\/\",\"https:\/\/x.com\/Gh0stysky\",\"https:\/\/www.linkedin.com\/company\/34739653\",\"https:\/\/www.instagram.com\/gh0stysky\"]}]}<\/script>\n<!-- \/ Yoast SEO plugin. -->","yoast_head_json":{"title":"Charge de la batterie d&#039;Unitree Aliengo - Ghostysky","description":"L&#039;Unitree Aliengo est aliment\u00e9 par une batterie Li-Ion sp\u00e9cialement d\u00e9velopp\u00e9e, mod\u00e8le AL01-BT01.","robots":{"index":"index","follow":"follow","max-snippet":"max-snippet:-1","max-image-preview":"max-image-preview:large","max-video-preview":"max-video-preview:-1"},"canonical":"https:\/\/www.ghostysky.com\/fr\/product\/unitree-aliengos-battery-charge\/","og_locale":"fr_FR","og_type":"article","og_title":"Unitree Aliengo's battery charge - Ghostysky","og_description":"The Unitree Aliengo is powered by a specially developed Li-Ion battery, model AL01-BT01.","og_url":"https:\/\/www.ghostysky.com\/fr\/product\/unitree-aliengos-battery-charge\/","og_site_name":"Ghostysky","article_publisher":"https:\/\/www.facebook.com\/people\/Ghostysky\/100057676170234\/","article_modified_time":"2025-10-16T11:26:10+00:00","twitter_card":"summary_large_image","twitter_site":"@Gh0stysky","twitter_misc":{"Dur\u00e9e de lecture estim\u00e9e":"1 minute"},"schema":{"@context":"https:\/\/schema.org","@graph":[{"@type":"WebPage","@id":"https:\/\/www.ghostysky.com\/product\/unitree-aliengos-battery-charge\/","url":"https:\/\/www.ghostysky.com\/product\/unitree-aliengos-battery-charge\/","name":"Charge de la batterie d&#039;Unitree Aliengo - Ghostysky","isPartOf":{"@id":"https:\/\/www.ghostysky.com\/#website"},"primaryImageOfPage":{"@id":"https:\/\/www.ghostysky.com\/product\/unitree-aliengos-battery-charge\/#primaryimage"},"image":{"@id":"https:\/\/www.ghostysky.com\/product\/unitree-aliengos-battery-charge\/#primaryimage"},"thumbnailUrl":"https:\/\/www.ghostysky.com\/wp-content\/uploads\/2025\/10\/GH_Aliengo_Charger.avif","datePublished":"2025-10-16T11:25:41+00:00","dateModified":"2025-10-16T11:26:10+00:00","description":"L&#039;Unitree Aliengo est aliment\u00e9 par une batterie Li-Ion sp\u00e9cialement d\u00e9velopp\u00e9e, mod\u00e8le AL01-BT01.","breadcrumb":{"@id":"https:\/\/www.ghostysky.com\/product\/unitree-aliengos-battery-charge\/#breadcrumb"},"inLanguage":"fr-FR","potentialAction":[{"@type":"ReadAction","target":["https:\/\/www.ghostysky.com\/product\/unitree-aliengos-battery-charge\/"]}]},{"@type":"ImageObject","inLanguage":"fr-FR","@id":"https:\/\/www.ghostysky.com\/product\/unitree-aliengos-battery-charge\/#primaryimage","url":"https:\/\/www.ghostysky.com\/wp-content\/uploads\/2025\/10\/GH_Aliengo_Charger.avif","contentUrl":"https:\/\/www.ghostysky.com\/wp-content\/uploads\/2025\/10\/GH_Aliengo_Charger.avif","width":282,"height":277},{"@type":"BreadcrumbList","@id":"https:\/\/www.ghostysky.com\/product\/unitree-aliengos-battery-charge\/#breadcrumb","itemListElement":[{"@type":"ListItem","position":1,"name":"Home","item":"https:\/\/www.ghostysky.com\/"},{"@type":"ListItem","position":2,"name":"Shop","item":"https:\/\/www.ghostysky.com\/shop\/"},{"@type":"ListItem","position":3,"name":"Unitree Aliengo&#8217;s battery charge"}]},{"@type":"WebSite","@id":"https:\/\/www.ghostysky.com\/#website","url":"https:\/\/www.ghostysky.com\/","name":"Ghostysky","description":"Livraison de drones et de services professionnels","publisher":{"@id":"https:\/\/www.ghostysky.com\/#organization"},"potentialAction":[{"@type":"SearchAction","target":{"@type":"EntryPoint","urlTemplate":"https:\/\/www.ghostysky.com\/?s={search_term_string}"},"query-input":{"@type":"PropertyValueSpecification","valueRequired":true,"valueName":"search_term_string"}}],"inLanguage":"fr-FR"},{"@type":"Organization","@id":"https:\/\/www.ghostysky.com\/#organization","name":"Ghostysky","url":"https:\/\/www.ghostysky.com\/","logo":{"@type":"ImageObject","inLanguage":"fr-FR","@id":"https:\/\/www.ghostysky.com\/#\/schema\/logo\/image\/","url":"https:\/\/www.ghostysky.com\/wp-content\/uploads\/2020\/06\/cropped-ghostyskylogo_text_white2.png","contentUrl":"https:\/\/www.ghostysky.com\/wp-content\/uploads\/2020\/06\/cropped-ghostyskylogo_text_white2.png","width":169,"height":56,"caption":"Ghostysky"},"image":{"@id":"https:\/\/www.ghostysky.com\/#\/schema\/logo\/image\/"},"sameAs":["https:\/\/www.facebook.com\/people\/Ghostysky\/100057676170234\/","https:\/\/x.com\/Gh0stysky","https:\/\/www.linkedin.com\/company\/34739653","https:\/\/www.instagram.com\/gh0stysky"]}]}},"_links":{"self":[{"href":"https:\/\/www.ghostysky.com\/fr\/wp-json\/wp\/v2\/product\/21331","targetHints":{"allow":["GET"]}}],"collection":[{"href":"https:\/\/www.ghostysky.com\/fr\/wp-json\/wp\/v2\/product"}],"about":[{"href":"https:\/\/www.ghostysky.com\/fr\/wp-json\/wp\/v2\/types\/product"}],"replies":[{"embeddable":true,"href":"https:\/\/www.ghostysky.com\/fr\/wp-json\/wp\/v2\/comments?post=21331"}],"wp:featuredmedia":[{"embeddable":true,"href":"https:\/\/www.ghostysky.com\/fr\/wp-json\/wp\/v2\/media\/21333"}],"wp:attachment":[{"href":"https:\/\/www.ghostysky.com\/fr\/wp-json\/wp\/v2\/media?parent=21331"}],"wp:term":[{"taxonomy":"product_brand","embeddable":true,"href":"https:\/\/www.ghostysky.com\/fr\/wp-json\/wp\/v2\/product_brand?post=21331"},{"taxonomy":"product_cat","embeddable":true,"href":"https:\/\/www.ghostysky.com\/fr\/wp-json\/wp\/v2\/product_cat?post=21331"},{"taxonomy":"product_tag","embeddable":true,"href":"https:\/\/www.ghostysky.com\/fr\/wp-json\/wp\/v2\/product_tag?post=21331"}],"curies":[{"name":"wp","href":"https:\/\/api.w.org\/{rel}","templated":true}]}}