{"id":21334,"date":"2025-10-16T11:30:58","date_gmt":"2025-10-16T11:30:58","guid":{"rendered":"https:\/\/www.ghostysky.com\/?post_type=product&#038;p=21334"},"modified":"2025-10-16T11:42:13","modified_gmt":"2025-10-16T11:42:13","slug":"unitree-z1-pro","status":"publish","type":"product","link":"https:\/\/www.ghostysky.com\/fr\/product\/unitree-z1-pro\/","title":{"rendered":"Unitree Z1 Pro"},"content":{"rendered":"<h3><b>Principales fonctionnalit\u00e9s et applications<\/b><\/h3>\n<ul>\n<li><b>Optimis\u00e9 pour les plateformes mobiles\u00a0:<\/b><span class=\"citation-86 citation-end-86\"> Sp\u00e9cialement con\u00e7u pour \u00eatre l\u00e9ger (environ<sup class=\"superscript\" data-turn-source-index=\"2\">2<\/sup><\/span> <span class=\"math-inline\" data-math=\"4.3-4.5\\text{ kg}\">$4,3-4,5\\texte{ kg}$<\/span><span class=\"citation-85 citation-end-85\">) et facilement int\u00e9grables, transformant les robots quadrup\u00e8des en manipulateurs mobiles hautement fonctionnels capables d&#039;effectuer des t\u00e2ches complexes dans des environnements divers.<\/span><\/li>\n<li><b><span class=\"citation-84\">Haute dext\u00e9rit\u00e9 et pr\u00e9cision :<\/span><\/b><span class=\"citation-84 citation-end-84\"> Avec 6 axes de mouvement et une port\u00e9e maximale de <sup class=\"superscript\" data-turn-source-index=\"4\">4<\/sup><\/span><span class=\"math-inline\" data-math=\"740\\text{ mm}\">$740\\texte{ mm}$<\/span><span class=\"citation-83 citation-end-83\">, le Z1 Pro offre une r\u00e9p\u00e9tabilit\u00e9 de <sup class=\"superscript\" data-turn-source-index=\"5\">5<\/sup><\/span><span class=\"math-inline\" data-math=\"\\pm 0.1\\text{ mm}\">$\\pm 0,1\\texte{ mm}$<\/span><span class=\"citation-82 citation-end-82\">, adapt\u00e9 aux t\u00e2ches de pr\u00e9cision.<\/span><\/li>\n<li><b>Capacit\u00e9 de charge utile suffisante :<\/b><span class=\"citation-81 citation-end-81\"> La version Pro prend en charge une charge utile robuste de <sup class=\"superscript\" data-turn-source-index=\"7\">7<\/sup><\/span><span class=\"math-inline\" data-math=\"3\\text{ kg}\">$3\\texte{ kg}$<\/span><span class=\"citation-80 citation-end-80\"> jusqu&#039;\u00e0 <sup class=\"superscript\" data-turn-source-index=\"8\">8<\/sup><\/span><span class=\"math-inline\" data-math=\"5\\text{ kg}\">$5\\texte{ kg}$<\/span><span class=\"citation-79 citation-end-79\"> (selon la configuration).<\/span><\/li>\n<li><b>S\u00e9curit\u00e9 et contr\u00f4le :<\/b><span class=\"citation-78 citation-end-78\"> Dispose d&#039;un contr\u00f4le de force conjoint et d&#039;une protection sensible contre les collisions, garantissant un fonctionnement s\u00fbr aux c\u00f4t\u00e9s des personnes (bras robotique collaboratif).<sup class=\"superscript\" data-turn-source-index=\"10\">10<\/sup><\/span> <span class=\"citation-77 citation-end-77\">Il prend \u00e9galement en charge l&#039;apprentissage manuel par glisser-d\u00e9poser pour une programmation facile.<\/span><\/li>\n<li><b>Ouvert et polyvalent :<\/b><span class=\"citation-76\"> Il fonctionne sur un <\/span><b><span class=\"citation-76\">Ubuntu<\/span><\/b><span class=\"citation-76\"> syst\u00e8me d&#039;exploitation, fournissant un <\/span><b><span class=\"citation-76\">interface de programmation ouverte<\/span><\/b><span class=\"citation-76 citation-end-76\"> (prenant en charge C++, ROS, etc.) et une interface \u00e9tendue qui permet le remplacement rapide de divers effecteurs terminaux (comme des pinces, des tournevis, des ventouses).<\/span><\/li>\n<li><b><span class=\"citation-75\">Composants de qualit\u00e9 industrielle :<\/span><\/b><span class=\"citation-75 citation-end-75\"> Construit avec des moteurs puissants (jusqu&#039;\u00e0 <sup class=\"superscript\" data-turn-source-index=\"13\">13<\/sup><\/span><span class=\"math-inline\" data-math=\"33\\text{ N}\\cdot\\text{m}\">$33\\texte{ N}\\cdot\\texte{m}$<\/span><span class=\"citation-74 citation-end-74\"> couple maximal), r\u00e9ducteurs d&#039;harmoniques et encodeurs 15 bits haute r\u00e9solution.<\/span><\/li>\n<li><b><span class=\"citation-73\">Id\u00e9al pour :<\/span><\/b><span class=\"citation-73 citation-end-73\"> Recherche et d\u00e9veloppement, logistique e-commerce (picking et tri), inspection industrielle (lorsqu&#039;il est mont\u00e9 sur un quadrup\u00e8de) et applications en robotique de service.<\/span><\/li>\n<\/ul>","protected":false},"excerpt":{"rendered":"<p><span class=\"citation-87\">L&#039;Unitree <\/span><b><span class=\"citation-87\">Bras robotique Z1 Pro<\/span><\/b><span class=\"citation-87 citation-end-87\"> est un manipulateur compact et performant \u00e0 6 degr\u00e9s de libert\u00e9 (DOF) con\u00e7u pour am\u00e9liorer consid\u00e9rablement les capacit\u00e9s des plates-formes de robots mobiles, en particulier les robots quadrup\u00e8des Unitree Aliengo et B1<\/span><\/p>","protected":false},"featured_media":21335,"comment_status":"open","ping_status":"closed","template":"","meta":[],"product_brand":[1087],"product_cat":[1039,1037,1086],"product_tag":[1088,1098,1097],"class_list":{"0":"post-21334","1":"product","2":"type-product","3":"status-publish","4":"has-post-thumbnail","6":"product_brand-unitree","7":"product_cat-quadruped","8":"product_cat-robotics","9":"product_cat-unitree-quad-accessories","10":"product_tag-unitree","11":"product_tag-unitree-aliengo-accessories","12":"product_tag-unitree-aliengo-series","14":"first","15":"onbackorder","16":"taxable","17":"shipping-taxable","18":"purchasable","19":"product-type-simple"},"yoast_head":"<!-- This site is optimized with the Yoast SEO plugin v27.1.1 - https:\/\/yoast.com\/product\/yoast-seo-wordpress\/ -->\n<title>Unitree Z1 Pro - Ghostysky<\/title>\n<meta name=\"description\" content=\"The Unitree Z1 Pro Robotic Arm is a compact, high-performance 6-Degree-of-Freedom (DOF) manipulator designed to significantly enhance the capabilities of mobile robot platforms, particularly the Unitree Aliengo and B1 quadruped robots\" \/>\n<meta name=\"robots\" content=\"index, follow, max-snippet:-1, max-image-preview:large, max-video-preview:-1\" \/>\n<link rel=\"canonical\" href=\"https:\/\/www.ghostysky.com\/fr\/product\/unitree-z1-pro\/\" \/>\n<meta property=\"og:locale\" content=\"fr_FR\" \/>\n<meta property=\"og:type\" content=\"article\" \/>\n<meta property=\"og:title\" content=\"Unitree Z1 Pro - Ghostysky\" \/>\n<meta property=\"og:description\" content=\"The Unitree Z1 Pro Robotic Arm is a compact, high-performance 6-Degree-of-Freedom (DOF) manipulator designed to significantly enhance the capabilities of mobile robot platforms, particularly the Unitree Aliengo and B1 quadruped robots\" \/>\n<meta property=\"og:url\" content=\"https:\/\/www.ghostysky.com\/fr\/product\/unitree-z1-pro\/\" \/>\n<meta property=\"og:site_name\" content=\"Ghostysky\" \/>\n<meta property=\"article:publisher\" content=\"https:\/\/www.facebook.com\/people\/Ghostysky\/100057676170234\/\" \/>\n<meta property=\"article:modified_time\" content=\"2025-10-16T11:42:13+00:00\" \/>\n<meta property=\"og:image\" content=\"https:\/\/www.ghostysky.com\/wp-content\/uploads\/2025\/10\/GH_UnitreeZ1Pro_1.png\" \/>\n\t<meta property=\"og:image:width\" content=\"650\" \/>\n\t<meta property=\"og:image:height\" content=\"650\" \/>\n\t<meta property=\"og:image:type\" content=\"image\/png\" \/>\n<meta name=\"twitter:card\" content=\"summary_large_image\" \/>\n<meta name=\"twitter:site\" content=\"@Gh0stysky\" \/>\n<meta name=\"twitter:label1\" content=\"Dur\u00e9e de lecture estim\u00e9e\" \/>\n\t<meta name=\"twitter:data1\" content=\"2 minutes\" \/>\n<script type=\"application\/ld+json\" class=\"yoast-schema-graph\">{\"@context\":\"https:\/\/schema.org\",\"@graph\":[{\"@type\":\"WebPage\",\"@id\":\"https:\/\/www.ghostysky.com\/product\/unitree-z1-pro\/\",\"url\":\"https:\/\/www.ghostysky.com\/product\/unitree-z1-pro\/\",\"name\":\"Unitree Z1 Pro - Ghostysky\",\"isPartOf\":{\"@id\":\"https:\/\/www.ghostysky.com\/#website\"},\"primaryImageOfPage\":{\"@id\":\"https:\/\/www.ghostysky.com\/product\/unitree-z1-pro\/#primaryimage\"},\"image\":{\"@id\":\"https:\/\/www.ghostysky.com\/product\/unitree-z1-pro\/#primaryimage\"},\"thumbnailUrl\":\"https:\/\/www.ghostysky.com\/wp-content\/uploads\/2025\/10\/GH_UnitreeZ1Pro_1.png\",\"datePublished\":\"2025-10-16T11:30:58+00:00\",\"dateModified\":\"2025-10-16T11:42:13+00:00\",\"description\":\"The Unitree Z1 Pro Robotic Arm is a compact, high-performance 6-Degree-of-Freedom (DOF) manipulator designed to significantly enhance the capabilities of mobile robot platforms, particularly the Unitree Aliengo and B1 quadruped robots\",\"breadcrumb\":{\"@id\":\"https:\/\/www.ghostysky.com\/product\/unitree-z1-pro\/#breadcrumb\"},\"inLanguage\":\"fr-FR\",\"potentialAction\":[{\"@type\":\"ReadAction\",\"target\":[\"https:\/\/www.ghostysky.com\/product\/unitree-z1-pro\/\"]}]},{\"@type\":\"ImageObject\",\"inLanguage\":\"fr-FR\",\"@id\":\"https:\/\/www.ghostysky.com\/product\/unitree-z1-pro\/#primaryimage\",\"url\":\"https:\/\/www.ghostysky.com\/wp-content\/uploads\/2025\/10\/GH_UnitreeZ1Pro_1.png\",\"contentUrl\":\"https:\/\/www.ghostysky.com\/wp-content\/uploads\/2025\/10\/GH_UnitreeZ1Pro_1.png\",\"width\":650,\"height\":650},{\"@type\":\"BreadcrumbList\",\"@id\":\"https:\/\/www.ghostysky.com\/product\/unitree-z1-pro\/#breadcrumb\",\"itemListElement\":[{\"@type\":\"ListItem\",\"position\":1,\"name\":\"Home\",\"item\":\"https:\/\/www.ghostysky.com\/\"},{\"@type\":\"ListItem\",\"position\":2,\"name\":\"Shop\",\"item\":\"https:\/\/www.ghostysky.com\/shop\/\"},{\"@type\":\"ListItem\",\"position\":3,\"name\":\"Unitree Z1 Pro\"}]},{\"@type\":\"WebSite\",\"@id\":\"https:\/\/www.ghostysky.com\/#website\",\"url\":\"https:\/\/www.ghostysky.com\/\",\"name\":\"Ghostysky\",\"description\":\"Delivering professional drones and services\",\"publisher\":{\"@id\":\"https:\/\/www.ghostysky.com\/#organization\"},\"potentialAction\":[{\"@type\":\"SearchAction\",\"target\":{\"@type\":\"EntryPoint\",\"urlTemplate\":\"https:\/\/www.ghostysky.com\/?s={search_term_string}\"},\"query-input\":{\"@type\":\"PropertyValueSpecification\",\"valueRequired\":true,\"valueName\":\"search_term_string\"}}],\"inLanguage\":\"fr-FR\"},{\"@type\":\"Organization\",\"@id\":\"https:\/\/www.ghostysky.com\/#organization\",\"name\":\"Ghostysky\",\"url\":\"https:\/\/www.ghostysky.com\/\",\"logo\":{\"@type\":\"ImageObject\",\"inLanguage\":\"fr-FR\",\"@id\":\"https:\/\/www.ghostysky.com\/#\/schema\/logo\/image\/\",\"url\":\"https:\/\/www.ghostysky.com\/wp-content\/uploads\/2020\/06\/cropped-ghostyskylogo_text_white2.png\",\"contentUrl\":\"https:\/\/www.ghostysky.com\/wp-content\/uploads\/2020\/06\/cropped-ghostyskylogo_text_white2.png\",\"width\":169,\"height\":56,\"caption\":\"Ghostysky\"},\"image\":{\"@id\":\"https:\/\/www.ghostysky.com\/#\/schema\/logo\/image\/\"},\"sameAs\":[\"https:\/\/www.facebook.com\/people\/Ghostysky\/100057676170234\/\",\"https:\/\/x.com\/Gh0stysky\",\"https:\/\/www.linkedin.com\/company\/34739653\",\"https:\/\/www.instagram.com\/gh0stysky\"]}]}<\/script>\n<!-- \/ Yoast SEO plugin. -->","yoast_head_json":{"title":"Unitree Z1 Pro - Ghostysky","description":"Le bras robotique Unitree Z1 Pro est un manipulateur compact et hautes performances \u00e0 6 degr\u00e9s de libert\u00e9 (DOF) con\u00e7u pour am\u00e9liorer consid\u00e9rablement les capacit\u00e9s des plates-formes de robots mobiles, en particulier les robots quadrup\u00e8des Unitree Aliengo et B1.","robots":{"index":"index","follow":"follow","max-snippet":"max-snippet:-1","max-image-preview":"max-image-preview:large","max-video-preview":"max-video-preview:-1"},"canonical":"https:\/\/www.ghostysky.com\/fr\/product\/unitree-z1-pro\/","og_locale":"fr_FR","og_type":"article","og_title":"Unitree Z1 Pro - Ghostysky","og_description":"The Unitree Z1 Pro Robotic Arm is a compact, high-performance 6-Degree-of-Freedom (DOF) manipulator designed to significantly enhance the capabilities of mobile robot platforms, particularly the Unitree Aliengo and B1 quadruped robots","og_url":"https:\/\/www.ghostysky.com\/fr\/product\/unitree-z1-pro\/","og_site_name":"Ghostysky","article_publisher":"https:\/\/www.facebook.com\/people\/Ghostysky\/100057676170234\/","article_modified_time":"2025-10-16T11:42:13+00:00","og_image":[{"width":650,"height":650,"url":"https:\/\/www.ghostysky.com\/wp-content\/uploads\/2025\/10\/GH_UnitreeZ1Pro_1.png","type":"image\/png"}],"twitter_card":"summary_large_image","twitter_site":"@Gh0stysky","twitter_misc":{"Dur\u00e9e de lecture estim\u00e9e":"2 minutes"},"schema":{"@context":"https:\/\/schema.org","@graph":[{"@type":"WebPage","@id":"https:\/\/www.ghostysky.com\/product\/unitree-z1-pro\/","url":"https:\/\/www.ghostysky.com\/product\/unitree-z1-pro\/","name":"Unitree Z1 Pro - Ghostysky","isPartOf":{"@id":"https:\/\/www.ghostysky.com\/#website"},"primaryImageOfPage":{"@id":"https:\/\/www.ghostysky.com\/product\/unitree-z1-pro\/#primaryimage"},"image":{"@id":"https:\/\/www.ghostysky.com\/product\/unitree-z1-pro\/#primaryimage"},"thumbnailUrl":"https:\/\/www.ghostysky.com\/wp-content\/uploads\/2025\/10\/GH_UnitreeZ1Pro_1.png","datePublished":"2025-10-16T11:30:58+00:00","dateModified":"2025-10-16T11:42:13+00:00","description":"Le bras robotique Unitree Z1 Pro est un manipulateur compact et hautes performances \u00e0 6 degr\u00e9s de libert\u00e9 (DOF) con\u00e7u pour am\u00e9liorer consid\u00e9rablement les capacit\u00e9s des plates-formes de robots mobiles, en particulier les robots quadrup\u00e8des Unitree Aliengo et B1.","breadcrumb":{"@id":"https:\/\/www.ghostysky.com\/product\/unitree-z1-pro\/#breadcrumb"},"inLanguage":"fr-FR","potentialAction":[{"@type":"ReadAction","target":["https:\/\/www.ghostysky.com\/product\/unitree-z1-pro\/"]}]},{"@type":"ImageObject","inLanguage":"fr-FR","@id":"https:\/\/www.ghostysky.com\/product\/unitree-z1-pro\/#primaryimage","url":"https:\/\/www.ghostysky.com\/wp-content\/uploads\/2025\/10\/GH_UnitreeZ1Pro_1.png","contentUrl":"https:\/\/www.ghostysky.com\/wp-content\/uploads\/2025\/10\/GH_UnitreeZ1Pro_1.png","width":650,"height":650},{"@type":"BreadcrumbList","@id":"https:\/\/www.ghostysky.com\/product\/unitree-z1-pro\/#breadcrumb","itemListElement":[{"@type":"ListItem","position":1,"name":"Home","item":"https:\/\/www.ghostysky.com\/"},{"@type":"ListItem","position":2,"name":"Shop","item":"https:\/\/www.ghostysky.com\/shop\/"},{"@type":"ListItem","position":3,"name":"Unitree Z1 Pro"}]},{"@type":"WebSite","@id":"https:\/\/www.ghostysky.com\/#website","url":"https:\/\/www.ghostysky.com\/","name":"Ghostysky","description":"Livraison de drones et de services professionnels","publisher":{"@id":"https:\/\/www.ghostysky.com\/#organization"},"potentialAction":[{"@type":"SearchAction","target":{"@type":"EntryPoint","urlTemplate":"https:\/\/www.ghostysky.com\/?s={search_term_string}"},"query-input":{"@type":"PropertyValueSpecification","valueRequired":true,"valueName":"search_term_string"}}],"inLanguage":"fr-FR"},{"@type":"Organization","@id":"https:\/\/www.ghostysky.com\/#organization","name":"Ghostysky","url":"https:\/\/www.ghostysky.com\/","logo":{"@type":"ImageObject","inLanguage":"fr-FR","@id":"https:\/\/www.ghostysky.com\/#\/schema\/logo\/image\/","url":"https:\/\/www.ghostysky.com\/wp-content\/uploads\/2020\/06\/cropped-ghostyskylogo_text_white2.png","contentUrl":"https:\/\/www.ghostysky.com\/wp-content\/uploads\/2020\/06\/cropped-ghostyskylogo_text_white2.png","width":169,"height":56,"caption":"Ghostysky"},"image":{"@id":"https:\/\/www.ghostysky.com\/#\/schema\/logo\/image\/"},"sameAs":["https:\/\/www.facebook.com\/people\/Ghostysky\/100057676170234\/","https:\/\/x.com\/Gh0stysky","https:\/\/www.linkedin.com\/company\/34739653","https:\/\/www.instagram.com\/gh0stysky"]}]}},"_links":{"self":[{"href":"https:\/\/www.ghostysky.com\/fr\/wp-json\/wp\/v2\/product\/21334","targetHints":{"allow":["GET"]}}],"collection":[{"href":"https:\/\/www.ghostysky.com\/fr\/wp-json\/wp\/v2\/product"}],"about":[{"href":"https:\/\/www.ghostysky.com\/fr\/wp-json\/wp\/v2\/types\/product"}],"replies":[{"embeddable":true,"href":"https:\/\/www.ghostysky.com\/fr\/wp-json\/wp\/v2\/comments?post=21334"}],"wp:featuredmedia":[{"embeddable":true,"href":"https:\/\/www.ghostysky.com\/fr\/wp-json\/wp\/v2\/media\/21335"}],"wp:attachment":[{"href":"https:\/\/www.ghostysky.com\/fr\/wp-json\/wp\/v2\/media?parent=21334"}],"wp:term":[{"taxonomy":"product_brand","embeddable":true,"href":"https:\/\/www.ghostysky.com\/fr\/wp-json\/wp\/v2\/product_brand?post=21334"},{"taxonomy":"product_cat","embeddable":true,"href":"https:\/\/www.ghostysky.com\/fr\/wp-json\/wp\/v2\/product_cat?post=21334"},{"taxonomy":"product_tag","embeddable":true,"href":"https:\/\/www.ghostysky.com\/fr\/wp-json\/wp\/v2\/product_tag?post=21334"}],"curies":[{"name":"wp","href":"https:\/\/api.w.org\/{rel}","templated":true}]}}