{"id":21336,"date":"2025-10-16T11:42:54","date_gmt":"2025-10-16T11:42:54","guid":{"rendered":"https:\/\/www.ghostysky.com\/?post_type=product&#038;p=21336"},"modified":"2025-10-16T11:43:31","modified_gmt":"2025-10-16T11:43:31","slug":"unitree-z1-gripper","status":"publish","type":"product","link":"https:\/\/www.ghostysky.com\/fr\/product\/unitree-z1-gripper\/","title":{"rendered":"Pince Unitree Z1"},"content":{"rendered":"<h3><b>Principales fonctionnalit\u00e9s et capacit\u00e9s<\/b><\/h3>\n<ul>\n<li><b>Pr\u00e9hension puissante et pr\u00e9cise :<\/b><span class=\"citation-108\"> La pince offre une force de pr\u00e9hension maximale robuste de <\/span><b><span class=\"citation-108\">150N \u00e0 200N<\/span><\/b><span class=\"citation-108\"> et peut g\u00e9rer une charge utile maximale de <\/span><b><span class=\"citation-108\">2 kg<\/span><\/b><span class=\"citation-108 citation-end-108\">, assurant une prise s\u00fbre sur divers objets.<\/span><\/li>\n<li><b><span class=\"citation-107\">Op\u00e9ration rapide :<\/span><\/b><span class=\"citation-107\"> Il dispose d&#039;un temps d&#039;ouverture et de fermeture rapide de seulement <\/span><b><span class=\"citation-107\">0,5 seconde<\/span><\/b><span class=\"citation-107 citation-end-107\">, am\u00e9liorant la vitesse op\u00e9rationnelle et la productivit\u00e9 dans les environnements dynamiques.<\/span><\/li>\n<li><b><span class=\"citation-106\">Application polyvalente :<\/span><\/b><span class=\"citation-106 citation-end-106\"> Le Z1-Gripper est id\u00e9al pour une large gamme de t\u00e2ches dans l&#039;automatisation industrielle, la recherche et la logistique, notamment la collecte d&#039;objets, l&#039;ouverture et la fermeture de portes, l&#039;assemblage simple comme la fixation de vis, etc.<\/span><\/li>\n<li><b><span class=\"citation-105\">Conception compacte et l\u00e9g\u00e8re :<\/span><\/b><span class=\"citation-105 citation-end-105\"> Avec des dimensions d&#039;environ <sup class=\"superscript\" data-turn-source-index=\"5\">5<\/sup><\/span><span class=\"math-inline\" data-math=\"139 \\text{ mm} \\times 80 \\text{ mm} \\times 68 \\text{ mm}\">$139 \\texte{ mm} \\fois 80 \\texte{ mm} \\fois 68 \\texte{ mm}$<\/span><span class=\"citation-104 citation-end-104\"> et un poids de seulement <sup class=\"superscript\" data-turn-source-index=\"6\">6<\/sup><\/span><b><span class=\"math-inline\" data-math=\"700 \\text{g} \\sim 750 \\text{g}\">$700 \\texte{g} \\sim 750 \\texte{g}$<\/span><\/b><span class=\"citation-103 citation-end-103\">, il maintient l&#039;agilit\u00e9 et la portabilit\u00e9 du syst\u00e8me robotique.<\/span><\/li>\n<li><b><span class=\"citation-102\">Large amplitude de mouvement :<\/span><\/b><span class=\"citation-102 citation-end-102\"> Il offre un angle d&#039;ouverture\/fermeture maximal de <sup class=\"superscript\" data-turn-source-index=\"8\">8<\/sup><\/span><b><span class=\"math-inline\" data-math=\"90^\\circ\">$90^\\circ$<\/span><\/b><span class=\"citation-101 citation-end-101\">, lui permettant de s&#039;adapter \u00e0 diff\u00e9rentes formes et tailles d&#039;objets.<\/span><\/li>\n<li><b>Compatibilit\u00e9 du syst\u00e8me :<\/b><span class=\"citation-100\"> La pince est enti\u00e8rement compatible avec le bras robotique Unitree Z1 et peut \u00eatre utilis\u00e9e avec les plates-formes mobiles d&#039;Unitree comme le <\/span><b><span class=\"citation-100\">Aliengo<\/span><\/b><span class=\"citation-100\"> et <\/span><b><span class=\"citation-100\">B1<\/span><\/b><span class=\"citation-100 citation-end-100\"> robots quadrup\u00e8des, ainsi que d\u2019autres syst\u00e8mes robotiques mobiles.<\/span><\/li>\n<li><b><span class=\"citation-99\">Int\u00e9gration technique :<\/span><\/b><span class=\"citation-99\"> Il fonctionne \u00e0 <\/span><b><span class=\"citation-99\">24 V<\/span><\/b><span class=\"citation-99\"> avec une consommation \u00e9lectrique maximale de <\/span><b><span class=\"citation-99\">70 W<\/span><\/b><span class=\"citation-99\"> et utilisations <\/span><b><span class=\"citation-99\">RS485<\/span><\/b><span class=\"citation-99 citation-end-99\"> pour une communication fiable.<\/span><\/li>\n<\/ul>\n<p>Le Unitree Z1-Gripper est un outil essentiel pour \u00e9tendre les fonctionnalit\u00e9s du bras robotique Z1, le transformant en un manipulateur performant pour des applications r\u00e9elles n\u00e9cessitant une manipulation d&#039;objets efficace et fiable.<\/p>","protected":false},"excerpt":{"rendered":"<p><span class=\"citation-109\">Le <\/span><b><span class=\"citation-109\">Pince Unitree Z1<\/span><\/b><span class=\"citation-109 citation-end-109\"> est un effecteur robotique compact et hautes performances con\u00e7u pour les t\u00e2ches de manipulation de pr\u00e9cision, servant d&#039;accessoire polyvalent pour le bras robotique Unitree Z1.<\/span><\/p>","protected":false},"featured_media":21337,"comment_status":"open","ping_status":"closed","template":"","meta":[],"product_brand":[1087],"product_cat":[1039,1037,1086],"product_tag":[1095,1098,1089],"class_list":{"0":"post-21336","1":"product","2":"type-product","3":"status-publish","4":"has-post-thumbnail","6":"product_brand-unitree","7":"product_cat-quadruped","8":"product_cat-robotics","9":"product_cat-unitree-quad-accessories","10":"product_tag-unitre","11":"product_tag-unitree-aliengo-accessories","12":"product_tag-unitree-quadruped","14":"first","15":"onbackorder","16":"taxable","17":"shipping-taxable","18":"purchasable","19":"product-type-simple"},"yoast_head":"<!-- This site is optimized with the Yoast SEO plugin v27.1.1 - https:\/\/yoast.com\/product\/yoast-seo-wordpress\/ -->\n<title>Unitree Z1-Gripper - Ghostysky<\/title>\n<meta name=\"description\" content=\"The Unitree Z1-Gripper is a compact, high-performance robotic end-effector designed for precision manipulation tasks, serving as a versatile accessory for the Unitree Z1 robotic arm.\" \/>\n<meta name=\"robots\" content=\"index, follow, max-snippet:-1, max-image-preview:large, max-video-preview:-1\" \/>\n<link rel=\"canonical\" href=\"https:\/\/www.ghostysky.com\/fr\/product\/unitree-z1-gripper\/\" \/>\n<meta property=\"og:locale\" content=\"fr_FR\" \/>\n<meta property=\"og:type\" content=\"article\" \/>\n<meta property=\"og:title\" content=\"Unitree Z1-Gripper - Ghostysky\" \/>\n<meta property=\"og:description\" content=\"The Unitree Z1-Gripper is a compact, high-performance robotic end-effector designed for precision manipulation tasks, serving as a versatile accessory for the Unitree Z1 robotic arm.\" \/>\n<meta property=\"og:url\" content=\"https:\/\/www.ghostysky.com\/fr\/product\/unitree-z1-gripper\/\" \/>\n<meta property=\"og:site_name\" content=\"Ghostysky\" \/>\n<meta property=\"article:publisher\" content=\"https:\/\/www.facebook.com\/people\/Ghostysky\/100057676170234\/\" \/>\n<meta property=\"article:modified_time\" content=\"2025-10-16T11:43:31+00:00\" \/>\n<meta property=\"og:image\" content=\"https:\/\/www.ghostysky.com\/wp-content\/uploads\/2025\/10\/GH_Z1-Gripper_1.webp\" \/>\n\t<meta property=\"og:image:width\" content=\"800\" \/>\n\t<meta property=\"og:image:height\" content=\"800\" \/>\n\t<meta property=\"og:image:type\" content=\"image\/webp\" \/>\n<meta name=\"twitter:card\" content=\"summary_large_image\" \/>\n<meta name=\"twitter:site\" content=\"@Gh0stysky\" \/>\n<meta name=\"twitter:label1\" content=\"Dur\u00e9e de lecture estim\u00e9e\" \/>\n\t<meta name=\"twitter:data1\" content=\"2 minutes\" \/>\n<script type=\"application\/ld+json\" class=\"yoast-schema-graph\">{\"@context\":\"https:\/\/schema.org\",\"@graph\":[{\"@type\":\"WebPage\",\"@id\":\"https:\/\/www.ghostysky.com\/product\/unitree-z1-gripper\/\",\"url\":\"https:\/\/www.ghostysky.com\/product\/unitree-z1-gripper\/\",\"name\":\"Unitree Z1-Gripper - Ghostysky\",\"isPartOf\":{\"@id\":\"https:\/\/www.ghostysky.com\/#website\"},\"primaryImageOfPage\":{\"@id\":\"https:\/\/www.ghostysky.com\/product\/unitree-z1-gripper\/#primaryimage\"},\"image\":{\"@id\":\"https:\/\/www.ghostysky.com\/product\/unitree-z1-gripper\/#primaryimage\"},\"thumbnailUrl\":\"https:\/\/www.ghostysky.com\/wp-content\/uploads\/2025\/10\/GH_Z1-Gripper_1.webp\",\"datePublished\":\"2025-10-16T11:42:54+00:00\",\"dateModified\":\"2025-10-16T11:43:31+00:00\",\"description\":\"The Unitree Z1-Gripper is a compact, high-performance robotic end-effector designed for precision manipulation tasks, serving as a versatile accessory for the Unitree Z1 robotic arm.\",\"breadcrumb\":{\"@id\":\"https:\/\/www.ghostysky.com\/product\/unitree-z1-gripper\/#breadcrumb\"},\"inLanguage\":\"fr-FR\",\"potentialAction\":[{\"@type\":\"ReadAction\",\"target\":[\"https:\/\/www.ghostysky.com\/product\/unitree-z1-gripper\/\"]}]},{\"@type\":\"ImageObject\",\"inLanguage\":\"fr-FR\",\"@id\":\"https:\/\/www.ghostysky.com\/product\/unitree-z1-gripper\/#primaryimage\",\"url\":\"https:\/\/www.ghostysky.com\/wp-content\/uploads\/2025\/10\/GH_Z1-Gripper_1.webp\",\"contentUrl\":\"https:\/\/www.ghostysky.com\/wp-content\/uploads\/2025\/10\/GH_Z1-Gripper_1.webp\",\"width\":800,\"height\":800},{\"@type\":\"BreadcrumbList\",\"@id\":\"https:\/\/www.ghostysky.com\/product\/unitree-z1-gripper\/#breadcrumb\",\"itemListElement\":[{\"@type\":\"ListItem\",\"position\":1,\"name\":\"Home\",\"item\":\"https:\/\/www.ghostysky.com\/\"},{\"@type\":\"ListItem\",\"position\":2,\"name\":\"Shop\",\"item\":\"https:\/\/www.ghostysky.com\/shop\/\"},{\"@type\":\"ListItem\",\"position\":3,\"name\":\"Unitree Z1-Gripper\"}]},{\"@type\":\"WebSite\",\"@id\":\"https:\/\/www.ghostysky.com\/#website\",\"url\":\"https:\/\/www.ghostysky.com\/\",\"name\":\"Ghostysky\",\"description\":\"Delivering professional drones and services\",\"publisher\":{\"@id\":\"https:\/\/www.ghostysky.com\/#organization\"},\"potentialAction\":[{\"@type\":\"SearchAction\",\"target\":{\"@type\":\"EntryPoint\",\"urlTemplate\":\"https:\/\/www.ghostysky.com\/?s={search_term_string}\"},\"query-input\":{\"@type\":\"PropertyValueSpecification\",\"valueRequired\":true,\"valueName\":\"search_term_string\"}}],\"inLanguage\":\"fr-FR\"},{\"@type\":\"Organization\",\"@id\":\"https:\/\/www.ghostysky.com\/#organization\",\"name\":\"Ghostysky\",\"url\":\"https:\/\/www.ghostysky.com\/\",\"logo\":{\"@type\":\"ImageObject\",\"inLanguage\":\"fr-FR\",\"@id\":\"https:\/\/www.ghostysky.com\/#\/schema\/logo\/image\/\",\"url\":\"https:\/\/www.ghostysky.com\/wp-content\/uploads\/2020\/06\/cropped-ghostyskylogo_text_white2.png\",\"contentUrl\":\"https:\/\/www.ghostysky.com\/wp-content\/uploads\/2020\/06\/cropped-ghostyskylogo_text_white2.png\",\"width\":169,\"height\":56,\"caption\":\"Ghostysky\"},\"image\":{\"@id\":\"https:\/\/www.ghostysky.com\/#\/schema\/logo\/image\/\"},\"sameAs\":[\"https:\/\/www.facebook.com\/people\/Ghostysky\/100057676170234\/\",\"https:\/\/x.com\/Gh0stysky\",\"https:\/\/www.linkedin.com\/company\/34739653\",\"https:\/\/www.instagram.com\/gh0stysky\"]}]}<\/script>\n<!-- \/ Yoast SEO plugin. -->","yoast_head_json":{"title":"Pince Unitree Z1 - Ghostysky","description":"L&#039;Unitree Z1-Gripper est un effecteur robotique compact et hautes performances con\u00e7u pour les t\u00e2ches de manipulation de pr\u00e9cision, servant d&#039;accessoire polyvalent pour le bras robotique Unitree Z1.","robots":{"index":"index","follow":"follow","max-snippet":"max-snippet:-1","max-image-preview":"max-image-preview:large","max-video-preview":"max-video-preview:-1"},"canonical":"https:\/\/www.ghostysky.com\/fr\/product\/unitree-z1-gripper\/","og_locale":"fr_FR","og_type":"article","og_title":"Unitree Z1-Gripper - Ghostysky","og_description":"The Unitree Z1-Gripper is a compact, high-performance robotic end-effector designed for precision manipulation tasks, serving as a versatile accessory for the Unitree Z1 robotic arm.","og_url":"https:\/\/www.ghostysky.com\/fr\/product\/unitree-z1-gripper\/","og_site_name":"Ghostysky","article_publisher":"https:\/\/www.facebook.com\/people\/Ghostysky\/100057676170234\/","article_modified_time":"2025-10-16T11:43:31+00:00","og_image":[{"width":800,"height":800,"url":"https:\/\/www.ghostysky.com\/wp-content\/uploads\/2025\/10\/GH_Z1-Gripper_1.webp","type":"image\/webp"}],"twitter_card":"summary_large_image","twitter_site":"@Gh0stysky","twitter_misc":{"Dur\u00e9e de lecture estim\u00e9e":"2 minutes"},"schema":{"@context":"https:\/\/schema.org","@graph":[{"@type":"WebPage","@id":"https:\/\/www.ghostysky.com\/product\/unitree-z1-gripper\/","url":"https:\/\/www.ghostysky.com\/product\/unitree-z1-gripper\/","name":"Pince Unitree Z1 - Ghostysky","isPartOf":{"@id":"https:\/\/www.ghostysky.com\/#website"},"primaryImageOfPage":{"@id":"https:\/\/www.ghostysky.com\/product\/unitree-z1-gripper\/#primaryimage"},"image":{"@id":"https:\/\/www.ghostysky.com\/product\/unitree-z1-gripper\/#primaryimage"},"thumbnailUrl":"https:\/\/www.ghostysky.com\/wp-content\/uploads\/2025\/10\/GH_Z1-Gripper_1.webp","datePublished":"2025-10-16T11:42:54+00:00","dateModified":"2025-10-16T11:43:31+00:00","description":"L&#039;Unitree Z1-Gripper est un effecteur robotique compact et hautes performances con\u00e7u pour les t\u00e2ches de manipulation de pr\u00e9cision, servant d&#039;accessoire polyvalent pour le bras robotique Unitree Z1.","breadcrumb":{"@id":"https:\/\/www.ghostysky.com\/product\/unitree-z1-gripper\/#breadcrumb"},"inLanguage":"fr-FR","potentialAction":[{"@type":"ReadAction","target":["https:\/\/www.ghostysky.com\/product\/unitree-z1-gripper\/"]}]},{"@type":"ImageObject","inLanguage":"fr-FR","@id":"https:\/\/www.ghostysky.com\/product\/unitree-z1-gripper\/#primaryimage","url":"https:\/\/www.ghostysky.com\/wp-content\/uploads\/2025\/10\/GH_Z1-Gripper_1.webp","contentUrl":"https:\/\/www.ghostysky.com\/wp-content\/uploads\/2025\/10\/GH_Z1-Gripper_1.webp","width":800,"height":800},{"@type":"BreadcrumbList","@id":"https:\/\/www.ghostysky.com\/product\/unitree-z1-gripper\/#breadcrumb","itemListElement":[{"@type":"ListItem","position":1,"name":"Home","item":"https:\/\/www.ghostysky.com\/"},{"@type":"ListItem","position":2,"name":"Shop","item":"https:\/\/www.ghostysky.com\/shop\/"},{"@type":"ListItem","position":3,"name":"Unitree Z1-Gripper"}]},{"@type":"WebSite","@id":"https:\/\/www.ghostysky.com\/#website","url":"https:\/\/www.ghostysky.com\/","name":"Ghostysky","description":"Livraison de drones et de services professionnels","publisher":{"@id":"https:\/\/www.ghostysky.com\/#organization"},"potentialAction":[{"@type":"SearchAction","target":{"@type":"EntryPoint","urlTemplate":"https:\/\/www.ghostysky.com\/?s={search_term_string}"},"query-input":{"@type":"PropertyValueSpecification","valueRequired":true,"valueName":"search_term_string"}}],"inLanguage":"fr-FR"},{"@type":"Organization","@id":"https:\/\/www.ghostysky.com\/#organization","name":"Ghostysky","url":"https:\/\/www.ghostysky.com\/","logo":{"@type":"ImageObject","inLanguage":"fr-FR","@id":"https:\/\/www.ghostysky.com\/#\/schema\/logo\/image\/","url":"https:\/\/www.ghostysky.com\/wp-content\/uploads\/2020\/06\/cropped-ghostyskylogo_text_white2.png","contentUrl":"https:\/\/www.ghostysky.com\/wp-content\/uploads\/2020\/06\/cropped-ghostyskylogo_text_white2.png","width":169,"height":56,"caption":"Ghostysky"},"image":{"@id":"https:\/\/www.ghostysky.com\/#\/schema\/logo\/image\/"},"sameAs":["https:\/\/www.facebook.com\/people\/Ghostysky\/100057676170234\/","https:\/\/x.com\/Gh0stysky","https:\/\/www.linkedin.com\/company\/34739653","https:\/\/www.instagram.com\/gh0stysky"]}]}},"_links":{"self":[{"href":"https:\/\/www.ghostysky.com\/fr\/wp-json\/wp\/v2\/product\/21336","targetHints":{"allow":["GET"]}}],"collection":[{"href":"https:\/\/www.ghostysky.com\/fr\/wp-json\/wp\/v2\/product"}],"about":[{"href":"https:\/\/www.ghostysky.com\/fr\/wp-json\/wp\/v2\/types\/product"}],"replies":[{"embeddable":true,"href":"https:\/\/www.ghostysky.com\/fr\/wp-json\/wp\/v2\/comments?post=21336"}],"wp:featuredmedia":[{"embeddable":true,"href":"https:\/\/www.ghostysky.com\/fr\/wp-json\/wp\/v2\/media\/21337"}],"wp:attachment":[{"href":"https:\/\/www.ghostysky.com\/fr\/wp-json\/wp\/v2\/media?parent=21336"}],"wp:term":[{"taxonomy":"product_brand","embeddable":true,"href":"https:\/\/www.ghostysky.com\/fr\/wp-json\/wp\/v2\/product_brand?post=21336"},{"taxonomy":"product_cat","embeddable":true,"href":"https:\/\/www.ghostysky.com\/fr\/wp-json\/wp\/v2\/product_cat?post=21336"},{"taxonomy":"product_tag","embeddable":true,"href":"https:\/\/www.ghostysky.com\/fr\/wp-json\/wp\/v2\/product_tag?post=21336"}],"curies":[{"name":"wp","href":"https:\/\/api.w.org\/{rel}","templated":true}]}}